{"id":2778,"date":"2023-12-21T14:14:10","date_gmt":"2023-12-21T14:14:10","guid":{"rendered":"https:\/\/thedermacheck.com\/pongase-en-contacto-con-nosotros\/"},"modified":"2024-09-04T14:42:15","modified_gmt":"2024-09-04T14:42:15","slug":"pongase-en-contacto-con-nosotros","status":"publish","type":"page","link":"https:\/\/thedermacheck.com\/es\/pongase-en-contacto-con-nosotros\/","title":{"rendered":"P\u00f3ngase en contacto con nosotros"},"content":{"rendered":"<div class=\"gb-container gb-container-4742cc5d alignfull\">\n<div class=\"gb-container gb-container-96eaf3e2\">\n<h1 class=\"gb-headline gb-headline-829851c6 gb-headline-text\">P\u00f3ngase en contacto con nosotros<\/h1>\n\n\n          \n\n          <p class=\"gb-headline gb-headline-443652d4 gb-headline-text\">En \u00abThe Derma Check\u00bb siempre nos esforzamos por mantener un di\u00e1logo abierto y constructivo con nuestra comunidad. Sus opiniones, sugerencias y preguntas son muy valiosas para nosotros, ya que nos permiten mejorar y ampliar continuamente nuestros servicios.  <\/p>\n          \n\n        \n\n<\/div>\n<\/div><div class=\"gb-container gb-container-6c7c8f9f\">\n<figure class=\"gb-block-image gb-block-image-9b290b03\"><img decoding=\"async\" width=\"1600\" height=\"1000\" src=\"https:\/\/thedermacheck.com\/wp-content\/uploads\/2024\/01\/Kontakt.jpg\" class=\"gb-image-9b290b03\" alt=\"\" srcset=\"https:\/\/thedermacheck.com\/wp-content\/uploads\/2024\/01\/Kontakt.jpg 1600w, https:\/\/thedermacheck.com\/wp-content\/uploads\/2024\/01\/Kontakt-300x188.jpg 300w, https:\/\/thedermacheck.com\/wp-content\/uploads\/2024\/01\/Kontakt-1024x640.jpg 1024w, https:\/\/thedermacheck.com\/wp-content\/uploads\/2024\/01\/Kontakt-768x480.jpg 768w, https:\/\/thedermacheck.com\/wp-content\/uploads\/2024\/01\/Kontakt-1536x960.jpg 1536w\" sizes=\"(max-width: 1600px) 100vw, 1600px\" \/><\/figure>\n<\/div>\n<p>Para asegurarnos de que sus preocupaciones se abordan correctamente, hemos establecido canales de comunicaci\u00f3n espec\u00edficos que se adaptan a sus distintas necesidades.<\/p>\n\n<ol class=\"wp-block-list\">\n<li><strong>Comentarios y sugerencias:<\/strong> Su opini\u00f3n vale su peso en oro para nosotros. Ya sea sobre nuestros contenidos, m\u00e9todos de ensayo o preguntas en general, estamos aqu\u00ed para escucharle. No dude en ponerse en contacto con nosotros en <code>feedback@thedermacheck.com<\/code>. Sus comentarios son el combustible que nos impulsa y nos ayuda a mejorar constantemente nuestra plataforma.<\/li>\n\n\n\n<li><strong>Cooperaciones y asociaciones:<\/strong> \u00bfEst\u00e1 interesado en una cooperaci\u00f3n o le gustar\u00eda traer un producto a nuestro laboratorio de pruebas? Nuestro departamento de cooperaci\u00f3n estar\u00e1 encantado de recibir noticias suyas. P\u00f3ngase en contacto con nosotros en <code>cooperation@thedermacheck.com<\/code> para posibles asociaciones, colaboraciones y otras consultas comerciales.<\/li>\n\n\n\n<li><strong>Carreras y oportunidades de empleo:<\/strong> \u00abThe Derma Check\u00bb est\u00e1 en constante crecimiento y siempre buscamos personas con talento y pasi\u00f3n para unirse a nuestro equipo. Si est\u00e1 interesado en formar parte de nuestra misi\u00f3n, env\u00edenos su solicitud y CV a <code>jobs@thedermacheck.com<\/code>. Estamos deseando saber m\u00e1s sobre usted y sus aptitudes.<\/li>\n\n\n\n<li><strong>Consultas generales:<\/strong> Nuestro equipo est\u00e1 siempre a su disposici\u00f3n para cualquier otra solicitud, informaci\u00f3n o pregunta. Env\u00edenos un correo electr\u00f3nico a <code>info@thedermacheck.com<\/code> y nos pondremos en contacto con usted lo antes posible.<\/li>\n<\/ol>\n\n<p>Su voz es importante para nosotros y agradecemos cualquier comunicaci\u00f3n que nos ayude a hacer el mundo del cuidado de la piel m\u00e1s transparente y accesible. En The Derma Check, somos m\u00e1s que un equipo: somos una comunidad que trabaja unida para desvelar los secretos del cuidado de la piel. Esperamos sus noticias.<\/p>\n","protected":false},"excerpt":{"rendered":"<p>P\u00f3ngase en contacto con nosotros En \u00abThe Derma Check\u00bb siempre nos esforzamos por mantener un di\u00e1logo abierto y constructivo con nuestra comunidad. Sus opiniones, sugerencias y preguntas son muy valiosas para nosotros, ya que nos permiten mejorar y ampliar continuamente nuestros servicios. Para asegurarnos de que sus preocupaciones se abordan correctamente, hemos establecido canales de &#8230; <a title=\"P\u00f3ngase en contacto con nosotros\" class=\"read-more\" href=\"https:\/\/thedermacheck.com\/es\/pongase-en-contacto-con-nosotros\/\" aria-label=\"Leer m\u00e1s sobre P\u00f3ngase en contacto con nosotros\">Mehr erfahren<\/a><\/p>\n","protected":false},"author":1,"featured_media":2593,"parent":0,"menu_order":0,"comment_status":"closed","ping_status":"closed","template":"","meta":{"_acf_changed":false,"_lmt_disableupdate":"","_lmt_disable":"","footnotes":""},"categories":[],"tags":[],"class_list":["post-2778","page","type-page","status-publish","has-post-thumbnail"],"acf":[],"yoast_head":"<!-- This site is optimized with the Yoast SEO Premium plugin v25.7.1 (Yoast SEO v25.7) - https:\/\/yoast.com\/wordpress\/plugins\/seo\/ -->\n<title>P\u00f3ngase en contacto con nosotros | The Derma Check<\/title>\n<meta name=\"robots\" content=\"index, follow, max-snippet:-1, max-image-preview:large, max-video-preview:-1\" \/>\n<link rel=\"canonical\" href=\"https:\/\/thedermacheck.com\/es\/pongase-en-contacto-con-nosotros\/\" \/>\n<meta property=\"og:locale\" content=\"es_ES\" \/>\n<meta property=\"og:type\" content=\"article\" \/>\n<meta property=\"og:title\" content=\"P\u00f3ngase en contacto con nosotros\" \/>\n<meta property=\"og:description\" content=\"P\u00f3ngase en contacto con nosotros En \u00abThe Derma Check\u00bb siempre nos esforzamos por mantener un di\u00e1logo abierto y constructivo con nuestra comunidad. Sus opiniones, sugerencias y preguntas son muy valiosas para nosotros, ya que nos permiten mejorar y ampliar continuamente nuestros servicios. Para asegurarnos de que sus preocupaciones se abordan correctamente, hemos establecido canales de ... Mehr erfahren\" \/>\n<meta property=\"og:url\" content=\"https:\/\/thedermacheck.com\/es\/pongase-en-contacto-con-nosotros\/\" \/>\n<meta property=\"og:site_name\" content=\"The Derma Check\" \/>\n<meta property=\"article:modified_time\" content=\"2024-09-04T14:42:15+00:00\" \/>\n<meta property=\"og:image\" content=\"https:\/\/thedermacheck.com\/wp-content\/uploads\/2024\/01\/Kontakt.jpg\" \/>\n\t<meta property=\"og:image:width\" content=\"1600\" \/>\n\t<meta property=\"og:image:height\" content=\"1000\" \/>\n\t<meta property=\"og:image:type\" content=\"image\/jpeg\" \/>\n<meta name=\"twitter:card\" content=\"summary_large_image\" \/>\n<meta name=\"twitter:label1\" content=\"Tiempo de lectura\" \/>\n\t<meta name=\"twitter:data1\" content=\"2 minutos\" \/>\n<script type=\"application\/ld+json\" class=\"yoast-schema-graph\">{\"@context\":\"https:\/\/schema.org\",\"@graph\":[{\"@type\":\"WebPage\",\"@id\":\"https:\/\/thedermacheck.com\/es\/pongase-en-contacto-con-nosotros\/\",\"url\":\"https:\/\/thedermacheck.com\/es\/pongase-en-contacto-con-nosotros\/\",\"name\":\"P\u00f3ngase en contacto con nosotros | The Derma Check\",\"isPartOf\":{\"@id\":\"https:\/\/thedermacheck.com\/es\/#website\"},\"primaryImageOfPage\":{\"@id\":\"https:\/\/thedermacheck.com\/es\/pongase-en-contacto-con-nosotros\/#primaryimage\"},\"image\":{\"@id\":\"https:\/\/thedermacheck.com\/es\/pongase-en-contacto-con-nosotros\/#primaryimage\"},\"thumbnailUrl\":\"https:\/\/thedermacheck.com\/wp-content\/uploads\/2024\/01\/Kontakt.jpg\",\"datePublished\":\"2023-12-21T14:14:10+00:00\",\"dateModified\":\"2024-09-04T14:42:15+00:00\",\"breadcrumb\":{\"@id\":\"https:\/\/thedermacheck.com\/es\/pongase-en-contacto-con-nosotros\/#breadcrumb\"},\"inLanguage\":\"es\",\"potentialAction\":[{\"@type\":\"ReadAction\",\"target\":[\"https:\/\/thedermacheck.com\/es\/pongase-en-contacto-con-nosotros\/\"]}]},{\"@type\":\"ImageObject\",\"inLanguage\":\"es\",\"@id\":\"https:\/\/thedermacheck.com\/es\/pongase-en-contacto-con-nosotros\/#primaryimage\",\"url\":\"https:\/\/thedermacheck.com\/wp-content\/uploads\/2024\/01\/Kontakt.jpg\",\"contentUrl\":\"https:\/\/thedermacheck.com\/wp-content\/uploads\/2024\/01\/Kontakt.jpg\",\"width\":1600,\"height\":1000,\"caption\":\"Kontakt\"},{\"@type\":\"BreadcrumbList\",\"@id\":\"https:\/\/thedermacheck.com\/es\/pongase-en-contacto-con-nosotros\/#breadcrumb\",\"itemListElement\":[{\"@type\":\"ListItem\",\"position\":1,\"name\":\"Derma Check\",\"item\":\"https:\/\/thedermacheck.com\/es\/\"},{\"@type\":\"ListItem\",\"position\":2,\"name\":\"P\u00f3ngase en contacto con nosotros\"}]},{\"@type\":\"WebSite\",\"@id\":\"https:\/\/thedermacheck.com\/es\/#website\",\"url\":\"https:\/\/thedermacheck.com\/es\/\",\"name\":\"The Derma Check\",\"description\":\"\",\"publisher\":{\"@id\":\"https:\/\/thedermacheck.com\/es\/#organization\"},\"potentialAction\":[{\"@type\":\"SearchAction\",\"target\":{\"@type\":\"EntryPoint\",\"urlTemplate\":\"https:\/\/thedermacheck.com\/es\/?s={search_term_string}\"},\"query-input\":{\"@type\":\"PropertyValueSpecification\",\"valueRequired\":true,\"valueName\":\"search_term_string\"}}],\"inLanguage\":\"es\"},{\"@type\":\"Organization\",\"@id\":\"https:\/\/thedermacheck.com\/es\/#organization\",\"name\":\"The Derma Check\",\"url\":\"https:\/\/thedermacheck.com\/es\/\",\"logo\":{\"@type\":\"ImageObject\",\"inLanguage\":\"es\",\"@id\":\"https:\/\/thedermacheck.com\/es\/#\/schema\/logo\/image\/\",\"url\":\"https:\/\/thedermacheck.com\/wp-content\/uploads\/2023\/10\/cropped-THE-DERMA-CHECK-FAVICON-NEW-1.png\",\"contentUrl\":\"https:\/\/thedermacheck.com\/wp-content\/uploads\/2023\/10\/cropped-THE-DERMA-CHECK-FAVICON-NEW-1.png\",\"width\":512,\"height\":512,\"caption\":\"The Derma Check\"},\"image\":{\"@id\":\"https:\/\/thedermacheck.com\/es\/#\/schema\/logo\/image\/\"}}]}<\/script>\n<!-- \/ Yoast SEO Premium plugin. -->","yoast_head_json":{"title":"P\u00f3ngase en contacto con nosotros | The Derma Check","robots":{"index":"index","follow":"follow","max-snippet":"max-snippet:-1","max-image-preview":"max-image-preview:large","max-video-preview":"max-video-preview:-1"},"canonical":"https:\/\/thedermacheck.com\/es\/pongase-en-contacto-con-nosotros\/","og_locale":"es_ES","og_type":"article","og_title":"P\u00f3ngase en contacto con nosotros","og_description":"P\u00f3ngase en contacto con nosotros En \u00abThe Derma Check\u00bb siempre nos esforzamos por mantener un di\u00e1logo abierto y constructivo con nuestra comunidad. Sus opiniones, sugerencias y preguntas son muy valiosas para nosotros, ya que nos permiten mejorar y ampliar continuamente nuestros servicios. Para asegurarnos de que sus preocupaciones se abordan correctamente, hemos establecido canales de ... Mehr erfahren","og_url":"https:\/\/thedermacheck.com\/es\/pongase-en-contacto-con-nosotros\/","og_site_name":"The Derma Check","article_modified_time":"2024-09-04T14:42:15+00:00","og_image":[{"width":1600,"height":1000,"url":"https:\/\/thedermacheck.com\/wp-content\/uploads\/2024\/01\/Kontakt.jpg","type":"image\/jpeg"}],"twitter_card":"summary_large_image","twitter_misc":{"Tiempo de lectura":"2 minutos"},"schema":{"@context":"https:\/\/schema.org","@graph":[{"@type":"WebPage","@id":"https:\/\/thedermacheck.com\/es\/pongase-en-contacto-con-nosotros\/","url":"https:\/\/thedermacheck.com\/es\/pongase-en-contacto-con-nosotros\/","name":"P\u00f3ngase en contacto con nosotros | The Derma Check","isPartOf":{"@id":"https:\/\/thedermacheck.com\/es\/#website"},"primaryImageOfPage":{"@id":"https:\/\/thedermacheck.com\/es\/pongase-en-contacto-con-nosotros\/#primaryimage"},"image":{"@id":"https:\/\/thedermacheck.com\/es\/pongase-en-contacto-con-nosotros\/#primaryimage"},"thumbnailUrl":"https:\/\/thedermacheck.com\/wp-content\/uploads\/2024\/01\/Kontakt.jpg","datePublished":"2023-12-21T14:14:10+00:00","dateModified":"2024-09-04T14:42:15+00:00","breadcrumb":{"@id":"https:\/\/thedermacheck.com\/es\/pongase-en-contacto-con-nosotros\/#breadcrumb"},"inLanguage":"es","potentialAction":[{"@type":"ReadAction","target":["https:\/\/thedermacheck.com\/es\/pongase-en-contacto-con-nosotros\/"]}]},{"@type":"ImageObject","inLanguage":"es","@id":"https:\/\/thedermacheck.com\/es\/pongase-en-contacto-con-nosotros\/#primaryimage","url":"https:\/\/thedermacheck.com\/wp-content\/uploads\/2024\/01\/Kontakt.jpg","contentUrl":"https:\/\/thedermacheck.com\/wp-content\/uploads\/2024\/01\/Kontakt.jpg","width":1600,"height":1000,"caption":"Kontakt"},{"@type":"BreadcrumbList","@id":"https:\/\/thedermacheck.com\/es\/pongase-en-contacto-con-nosotros\/#breadcrumb","itemListElement":[{"@type":"ListItem","position":1,"name":"Derma Check","item":"https:\/\/thedermacheck.com\/es\/"},{"@type":"ListItem","position":2,"name":"P\u00f3ngase en contacto con nosotros"}]},{"@type":"WebSite","@id":"https:\/\/thedermacheck.com\/es\/#website","url":"https:\/\/thedermacheck.com\/es\/","name":"The Derma Check","description":"","publisher":{"@id":"https:\/\/thedermacheck.com\/es\/#organization"},"potentialAction":[{"@type":"SearchAction","target":{"@type":"EntryPoint","urlTemplate":"https:\/\/thedermacheck.com\/es\/?s={search_term_string}"},"query-input":{"@type":"PropertyValueSpecification","valueRequired":true,"valueName":"search_term_string"}}],"inLanguage":"es"},{"@type":"Organization","@id":"https:\/\/thedermacheck.com\/es\/#organization","name":"The Derma Check","url":"https:\/\/thedermacheck.com\/es\/","logo":{"@type":"ImageObject","inLanguage":"es","@id":"https:\/\/thedermacheck.com\/es\/#\/schema\/logo\/image\/","url":"https:\/\/thedermacheck.com\/wp-content\/uploads\/2023\/10\/cropped-THE-DERMA-CHECK-FAVICON-NEW-1.png","contentUrl":"https:\/\/thedermacheck.com\/wp-content\/uploads\/2023\/10\/cropped-THE-DERMA-CHECK-FAVICON-NEW-1.png","width":512,"height":512,"caption":"The Derma Check"},"image":{"@id":"https:\/\/thedermacheck.com\/es\/#\/schema\/logo\/image\/"}}]}},"_links":{"self":[{"href":"https:\/\/thedermacheck.com\/es\/wp-json\/wp\/v2\/pages\/2778","targetHints":{"allow":["GET"]}}],"collection":[{"href":"https:\/\/thedermacheck.com\/es\/wp-json\/wp\/v2\/pages"}],"about":[{"href":"https:\/\/thedermacheck.com\/es\/wp-json\/wp\/v2\/types\/page"}],"author":[{"embeddable":true,"href":"https:\/\/thedermacheck.com\/es\/wp-json\/wp\/v2\/users\/1"}],"replies":[{"embeddable":true,"href":"https:\/\/thedermacheck.com\/es\/wp-json\/wp\/v2\/comments?post=2778"}],"version-history":[{"count":1,"href":"https:\/\/thedermacheck.com\/es\/wp-json\/wp\/v2\/pages\/2778\/revisions"}],"predecessor-version":[{"id":2779,"href":"https:\/\/thedermacheck.com\/es\/wp-json\/wp\/v2\/pages\/2778\/revisions\/2779"}],"wp:featuredmedia":[{"embeddable":true,"href":"https:\/\/thedermacheck.com\/es\/wp-json\/wp\/v2\/media\/2593"}],"wp:attachment":[{"href":"https:\/\/thedermacheck.com\/es\/wp-json\/wp\/v2\/media?parent=2778"}],"wp:term":[{"taxonomy":"category","embeddable":true,"href":"https:\/\/thedermacheck.com\/es\/wp-json\/wp\/v2\/categories?post=2778"},{"taxonomy":"post_tag","embeddable":true,"href":"https:\/\/thedermacheck.com\/es\/wp-json\/wp\/v2\/tags?post=2778"}],"curies":[{"name":"wp","href":"https:\/\/api.w.org\/{rel}","templated":true}]}}