{"id":2816,"date":"2023-12-22T13:18:05","date_gmt":"2023-12-22T13:18:05","guid":{"rendered":"https:\/\/thedermacheck.com\/bienvenido-a-the-derma-check\/"},"modified":"2024-10-15T10:25:15","modified_gmt":"2024-10-15T10:25:15","slug":"bienvenido-a-the-derma-check","status":"publish","type":"page","link":"https:\/\/thedermacheck.com\/es\/","title":{"rendered":"Bienvenido a The Derma Check."},"content":{"rendered":"<div class=\"gb-container gb-container-5834e5f9 alignfull\">\n<div class=\"gb-grid-wrapper gb-grid-wrapper-a015bd31\">\n<div class=\"gb-grid-column gb-grid-column-364a4649\"><div class=\"gb-container gb-container-364a4649\">\n\n<h2 class=\"gb-headline gb-headline-71ef25e2 gb-headline-text\">An\u00e1lisis transparentes, recomendaciones honestas<\/h2>\n\n\n\n<h4 class=\"gb-headline gb-headline-dc58ebf9 gb-headline-text\">&#8211; THE DERMA CHECK.<\/h4>\n\n<\/div><\/div>\n\n<div class=\"gb-grid-column gb-grid-column-827667ad\"><div class=\"gb-container gb-container-827667ad\">\n\n<figure class=\"gb-block-image gb-block-image-36d8e832\"><img decoding=\"async\" width=\"1600\" height=\"1149\" class=\"gb-image gb-image-36d8e832\" src=\"https:\/\/thedermacheck.com\/wp-content\/uploads\/2023\/12\/AdobeStock_620713773.jpeg\" alt=\"Joven modelo luciendo nueva barra de labios sobre fondo gris\" title=\"Joven modelo luciendo nueva barra de labios sobre fondo gris\" srcset=\"https:\/\/thedermacheck.com\/wp-content\/uploads\/2023\/12\/AdobeStock_620713773.jpeg 1600w, https:\/\/thedermacheck.com\/wp-content\/uploads\/2023\/12\/AdobeStock_620713773-300x215.jpeg 300w, https:\/\/thedermacheck.com\/wp-content\/uploads\/2023\/12\/AdobeStock_620713773-1024x736.jpeg 1024w, https:\/\/thedermacheck.com\/wp-content\/uploads\/2023\/12\/AdobeStock_620713773-768x552.jpeg 768w, https:\/\/thedermacheck.com\/wp-content\/uploads\/2023\/12\/AdobeStock_620713773-1536x1103.jpeg 1536w\" sizes=\"(max-width: 1600px) 100vw, 1600px\" \/><\/figure>\n\n<\/div><\/div>\n<\/div>\n<\/div>\n\n<div class=\"gb-container gb-container-44fbecae alignfull\">\n<div class=\"gb-container gb-container-f2fac5c3\">\n\n<h2 class=\"gb-headline gb-headline-c53f99ee gb-headline-text\">Ingredientes de la A-Z<\/h2>\n\n<\/div>\n\n\n<div class=\"gb-grid-wrapper gb-grid-wrapper-159d4e7e gb-query-loop-wrapper\">\n<div class=\"gb-grid-column gb-grid-column-7531aa6f gb-query-loop-item post-2800 page type-page status-publish category-ingredientes\"><div class=\"gb-container gb-container-7531aa6f\"><a class=\"gb-container-link\" href=\"https:\/\/thedermacheck.com\/es\/el-zinc-en-los-productos-para-el-cuidado-de-la-piel-un-mineral-con-multiples-beneficios-para-la-piel\/\"><\/a>\n<p class=\"gb-headline gb-headline-d4971ffc gb-headline-text\"><a href=\"https:\/\/thedermacheck.com\/es\/el-zinc-en-los-productos-para-el-cuidado-de-la-piel-un-mineral-con-multiples-beneficios-para-la-piel\/\">El zinc en los productos para el cuidado de la piel: Un mineral con m\u00faltiples beneficios para la piel<\/a><\/p>\n<\/div><\/div>\n\n<div class=\"gb-grid-column gb-grid-column-7531aa6f gb-query-loop-item post-2848 page type-page status-publish category-ingredientes\"><div class=\"gb-container gb-container-7531aa6f\"><a class=\"gb-container-link\" href=\"https:\/\/thedermacheck.com\/es\/goma-xantana-en-productos-para-el-cuidado-de-la-piel-un-ayudante-invisible-para-texturas-ideales\/\"><\/a>\n<p class=\"gb-headline gb-headline-d4971ffc gb-headline-text\"><a href=\"https:\/\/thedermacheck.com\/es\/goma-xantana-en-productos-para-el-cuidado-de-la-piel-un-ayudante-invisible-para-texturas-ideales\/\">Goma xantana en productos para el cuidado de la piel: Un ayudante invisible para texturas ideales<\/a><\/p>\n<\/div><\/div>\n\n<div class=\"gb-grid-column gb-grid-column-7531aa6f gb-query-loop-item post-2972 page type-page status-publish category-ingredientes\"><div class=\"gb-container gb-container-7531aa6f\"><a class=\"gb-container-link\" href=\"https:\/\/thedermacheck.com\/es\/vitamina-e-en-productos-para-el-cuidado-de-la-piel-un-poderoso-escudo-protector-para-tu-piel\/\"><\/a>\n<p class=\"gb-headline gb-headline-d4971ffc gb-headline-text\"><a href=\"https:\/\/thedermacheck.com\/es\/vitamina-e-en-productos-para-el-cuidado-de-la-piel-un-poderoso-escudo-protector-para-tu-piel\/\">Vitamina E en productos para el cuidado de la piel: Un poderoso escudo protector para tu piel<\/a><\/p>\n<\/div><\/div>\n\n<div class=\"gb-grid-column gb-grid-column-7531aa6f gb-query-loop-item post-2924 page type-page status-publish category-ingredientes\"><div class=\"gb-container gb-container-7531aa6f\"><a class=\"gb-container-link\" href=\"https:\/\/thedermacheck.com\/es\/vitamina-d-en-productos-para-el-cuidado-de-la-piel-un-rayo-de-sol-para-tu-piel\/\"><\/a>\n<p class=\"gb-headline gb-headline-d4971ffc gb-headline-text\"><a href=\"https:\/\/thedermacheck.com\/es\/vitamina-d-en-productos-para-el-cuidado-de-la-piel-un-rayo-de-sol-para-tu-piel\/\">Vitamina D en productos para el cuidado de la piel: Un rayo de sol para tu piel<\/a><\/p>\n<\/div><\/div>\n\n<div class=\"gb-grid-column gb-grid-column-7531aa6f gb-query-loop-item post-2916 page type-page status-publish category-ingredientes\"><div class=\"gb-container gb-container-7531aa6f\"><a class=\"gb-container-link\" href=\"https:\/\/thedermacheck.com\/es\/la-vitamina-k-en-los-productos-para-el-cuidado-de-la-piel-un-heroe-invisible-para-una-piel-sana\/\"><\/a>\n<p class=\"gb-headline gb-headline-d4971ffc gb-headline-text\"><a href=\"https:\/\/thedermacheck.com\/es\/la-vitamina-k-en-los-productos-para-el-cuidado-de-la-piel-un-heroe-invisible-para-una-piel-sana\/\">La vitamina K en los productos para el cuidado de la piel: Un h\u00e9roe invisible para una piel sana<\/a><\/p>\n<\/div><\/div>\n\n<div class=\"gb-grid-column gb-grid-column-7531aa6f gb-query-loop-item post-2838 page type-page status-publish category-ingredientes\"><div class=\"gb-container gb-container-7531aa6f\"><a class=\"gb-container-link\" href=\"https:\/\/thedermacheck.com\/es\/la-vitamina-a-en-los-productos-para-el-cuidado-de-la-piel-la-clave-para-una-piel-joven\/\"><\/a>\n<p class=\"gb-headline gb-headline-d4971ffc gb-headline-text\"><a href=\"https:\/\/thedermacheck.com\/es\/la-vitamina-a-en-los-productos-para-el-cuidado-de-la-piel-la-clave-para-una-piel-joven\/\">La vitamina A en los productos para el cuidado de la piel: La clave para una piel joven<\/a><\/p>\n<\/div><\/div>\n<\/div>\n\n<\/div>\n\n<div class=\"gb-container gb-container-2661f47c alignfull\">\n<div class=\"gb-container gb-container-40a5fdad\">\n\n<h2 class=\"gb-headline gb-headline-bb427d49 gb-headline-text\">Informes de pruebas actuales<\/h2>\n\n<\/div>\n\n\n<div class=\"gb-grid-wrapper gb-grid-wrapper-8dda9ca0 gb-query-loop-wrapper\">\n<div class=\"gb-grid-column gb-grid-column-2eea34cf gb-query-loop-item post-9900 page type-page status-publish has-post-thumbnail category-informes-de-las-pruebas\"><div class=\"gb-container gb-container-2eea34cf\"><a class=\"gb-container-link\" href=\"https:\/\/thedermacheck.com\/es\/smilebite-opinion-blanqueamiento-dental-en-casa-mi-experiencia\/\"><\/a>\n<figure class=\"gb-block-image gb-block-image-b9a3bb6b\"><img decoding=\"async\" width=\"1500\" height=\"1200\" src=\"https:\/\/thedermacheck.com\/wp-content\/uploads\/2025\/10\/Sophie-Laurent-Antes-Despues-Smilebite-Kit-Blanqueador-Censurado.jpg\" class=\"gb-image-b9a3bb6b\" alt=\"Sophie Laurent Antes Despues Smilebite Kit Blanqueador Censurado\" srcset=\"https:\/\/thedermacheck.com\/wp-content\/uploads\/2025\/10\/Sophie-Laurent-Antes-Despues-Smilebite-Kit-Blanqueador-Censurado.jpg 1500w, https:\/\/thedermacheck.com\/wp-content\/uploads\/2025\/10\/Sophie-Laurent-Antes-Despues-Smilebite-Kit-Blanqueador-Censurado-300x240.jpg 300w, https:\/\/thedermacheck.com\/wp-content\/uploads\/2025\/10\/Sophie-Laurent-Antes-Despues-Smilebite-Kit-Blanqueador-Censurado-1024x819.jpg 1024w, https:\/\/thedermacheck.com\/wp-content\/uploads\/2025\/10\/Sophie-Laurent-Antes-Despues-Smilebite-Kit-Blanqueador-Censurado-768x614.jpg 768w\" sizes=\"(max-width: 1500px) 100vw, 1500px\" \/><\/figure>\n\n<p class=\"gb-headline gb-headline-9f493216 gb-headline-text\"><a href=\"https:\/\/thedermacheck.com\/es\/smilebite-opinion-blanqueamiento-dental-en-casa-mi-experiencia\/\">\u00bfDientes m\u00e1s blancos en dos semanas? Mi opini\u00f3n sincera sobre Smilebite<\/a><\/p>\n<\/div><\/div>\n\n<div class=\"gb-grid-column gb-grid-column-2eea34cf gb-query-loop-item post-8156 page type-page status-publish has-post-thumbnail category-informes-de-las-pruebas\"><div class=\"gb-container gb-container-2eea34cf\"><a class=\"gb-container-link\" href=\"https:\/\/thedermacheck.com\/es\/los-5-mejores-y-mas-seguros-serums-para-cejas-espana\/\"><\/a>\n<figure class=\"gb-block-image gb-block-image-b9a3bb6b\"><img decoding=\"async\" width=\"2000\" height=\"1200\" src=\"https:\/\/thedermacheck.com\/wp-content\/uploads\/2024\/05\/TOP-5-Augenbrauenseren-im-Test-Schwarz-gross.jpg\" class=\"gb-image-b9a3bb6b\" alt=\"\" srcset=\"https:\/\/thedermacheck.com\/wp-content\/uploads\/2024\/05\/TOP-5-Augenbrauenseren-im-Test-Schwarz-gross.jpg 2000w, https:\/\/thedermacheck.com\/wp-content\/uploads\/2024\/05\/TOP-5-Augenbrauenseren-im-Test-Schwarz-gross-300x180.jpg 300w, https:\/\/thedermacheck.com\/wp-content\/uploads\/2024\/05\/TOP-5-Augenbrauenseren-im-Test-Schwarz-gross-1024x614.jpg 1024w, https:\/\/thedermacheck.com\/wp-content\/uploads\/2024\/05\/TOP-5-Augenbrauenseren-im-Test-Schwarz-gross-768x461.jpg 768w, https:\/\/thedermacheck.com\/wp-content\/uploads\/2024\/05\/TOP-5-Augenbrauenseren-im-Test-Schwarz-gross-1536x922.jpg 1536w\" sizes=\"(max-width: 2000px) 100vw, 2000px\" \/><\/figure>\n\n<p class=\"gb-headline gb-headline-9f493216 gb-headline-text\"><a href=\"https:\/\/thedermacheck.com\/es\/los-5-mejores-y-mas-seguros-serums-para-cejas-espana\/\">3 \u00abInsuficientes\u00bb En La Prueba: Estos Son Los 5 Mejores Y M\u00e1s Seguros S\u00e9rums Para Cejas De 2025<\/a><\/p>\n<\/div><\/div>\n\n<div class=\"gb-grid-column gb-grid-column-2eea34cf gb-query-loop-item post-4066 page type-page status-publish has-post-thumbnail category-informes-de-las-pruebas\"><div class=\"gb-container gb-container-2eea34cf\"><a class=\"gb-container-link\" href=\"https:\/\/thedermacheck.com\/es\/los-5-mejores-y-mas-seguros-serums-de-pestanas\/\"><\/a>\n<figure class=\"gb-block-image gb-block-image-b9a3bb6b\"><img decoding=\"async\" width=\"1000\" height=\"648\" src=\"https:\/\/thedermacheck.com\/wp-content\/uploads\/2024\/06\/Eyelash-Growth-Serums-Tested-The-Derma-Check.jpg\" class=\"gb-image-b9a3bb6b\" alt=\"Eyelash Growth Serums Tested - The Derma Check\" srcset=\"https:\/\/thedermacheck.com\/wp-content\/uploads\/2024\/06\/Eyelash-Growth-Serums-Tested-The-Derma-Check.jpg 1000w, https:\/\/thedermacheck.com\/wp-content\/uploads\/2024\/06\/Eyelash-Growth-Serums-Tested-The-Derma-Check-300x194.jpg 300w, https:\/\/thedermacheck.com\/wp-content\/uploads\/2024\/06\/Eyelash-Growth-Serums-Tested-The-Derma-Check-768x498.jpg 768w\" sizes=\"(max-width: 1000px) 100vw, 1000px\" \/><\/figure>\n\n<p class=\"gb-headline gb-headline-9f493216 gb-headline-text\"><a href=\"https:\/\/thedermacheck.com\/es\/los-5-mejores-y-mas-seguros-serums-de-pestanas\/\">3 \u00abMalos\u00bb En La Prueba: Estos Son Los 5 Mejores Y M\u00e1s Seguros S\u00e9rums De Pesta\u00f1as De 2025<\/a><\/p>\n<\/div><\/div>\n<\/div>\n\n<\/div>","protected":false},"excerpt":{"rendered":"<p>Ingredientes de la A-Z Informes de pruebas actuales<\/p>\n","protected":false},"author":1,"featured_media":0,"parent":0,"menu_order":0,"comment_status":"closed","ping_status":"closed","template":"","meta":{"_acf_changed":false,"_lmt_disableupdate":"","_lmt_disable":"","footnotes":""},"categories":[],"tags":[],"class_list":["post-2816","page","type-page","status-publish"],"acf":[],"yoast_head":"<!-- This site is optimized with the Yoast SEO Premium plugin v25.7.1 (Yoast SEO v25.7) - https:\/\/yoast.com\/wordpress\/plugins\/seo\/ -->\n<title>Bienvenido a The Derma Check. | The Derma Check<\/title>\n<meta name=\"robots\" content=\"index, follow, max-snippet:-1, max-image-preview:large, max-video-preview:-1\" \/>\n<link rel=\"canonical\" href=\"https:\/\/thedermacheck.com\/es\/\" \/>\n<meta property=\"og:locale\" content=\"es_ES\" \/>\n<meta property=\"og:type\" content=\"article\" \/>\n<meta property=\"og:title\" content=\"Bienvenido a The Derma Check.\" \/>\n<meta property=\"og:description\" content=\"Ingredientes de la A-Z Informes de pruebas actuales\" \/>\n<meta property=\"og:url\" content=\"https:\/\/thedermacheck.com\/es\/\" \/>\n<meta property=\"og:site_name\" content=\"The Derma Check\" \/>\n<meta property=\"article:modified_time\" content=\"2024-10-15T10:25:15+00:00\" \/>\n<meta property=\"og:image\" content=\"https:\/\/thedermacheck.com\/wp-content\/uploads\/2023\/12\/AdobeStock_620713773.jpeg\" \/>\n<meta name=\"twitter:card\" content=\"summary_large_image\" \/>\n<meta name=\"twitter:label1\" content=\"Tiempo de lectura\" \/>\n\t<meta name=\"twitter:data1\" content=\"1 minuto\" \/>\n<script type=\"application\/ld+json\" class=\"yoast-schema-graph\">{\"@context\":\"https:\/\/schema.org\",\"@graph\":[{\"@type\":\"WebPage\",\"@id\":\"https:\/\/thedermacheck.com\/es\/\",\"url\":\"https:\/\/thedermacheck.com\/es\/\",\"name\":\"Bienvenido a The Derma Check. | The Derma Check\",\"isPartOf\":{\"@id\":\"https:\/\/thedermacheck.com\/es\/#website\"},\"primaryImageOfPage\":{\"@id\":\"https:\/\/thedermacheck.com\/es\/#primaryimage\"},\"image\":{\"@id\":\"https:\/\/thedermacheck.com\/es\/#primaryimage\"},\"thumbnailUrl\":\"https:\/\/thedermacheck.com\/wp-content\/uploads\/2023\/12\/AdobeStock_620713773.jpeg\",\"datePublished\":\"2023-12-22T13:18:05+00:00\",\"dateModified\":\"2024-10-15T10:25:15+00:00\",\"breadcrumb\":{\"@id\":\"https:\/\/thedermacheck.com\/es\/#breadcrumb\"},\"inLanguage\":\"es\",\"potentialAction\":[{\"@type\":\"ReadAction\",\"target\":[\"https:\/\/thedermacheck.com\/es\/\"]}]},{\"@type\":\"ImageObject\",\"inLanguage\":\"es\",\"@id\":\"https:\/\/thedermacheck.com\/es\/#primaryimage\",\"url\":\"https:\/\/thedermacheck.com\/wp-content\/uploads\/2023\/12\/AdobeStock_620713773.jpeg\",\"contentUrl\":\"https:\/\/thedermacheck.com\/wp-content\/uploads\/2023\/12\/AdobeStock_620713773.jpeg\"},{\"@type\":\"BreadcrumbList\",\"@id\":\"https:\/\/thedermacheck.com\/es\/#breadcrumb\",\"itemListElement\":[{\"@type\":\"ListItem\",\"position\":1,\"name\":\"Derma Check\",\"item\":\"https:\/\/thedermacheck.com\/es\/\"},{\"@type\":\"ListItem\",\"position\":2,\"name\":\"Bienvenido a The Derma Check.\"}]},{\"@type\":\"WebSite\",\"@id\":\"https:\/\/thedermacheck.com\/es\/#website\",\"url\":\"https:\/\/thedermacheck.com\/es\/\",\"name\":\"The Derma Check\",\"description\":\"\",\"publisher\":{\"@id\":\"https:\/\/thedermacheck.com\/es\/#organization\"},\"potentialAction\":[{\"@type\":\"SearchAction\",\"target\":{\"@type\":\"EntryPoint\",\"urlTemplate\":\"https:\/\/thedermacheck.com\/es\/?s={search_term_string}\"},\"query-input\":{\"@type\":\"PropertyValueSpecification\",\"valueRequired\":true,\"valueName\":\"search_term_string\"}}],\"inLanguage\":\"es\"},{\"@type\":\"Organization\",\"@id\":\"https:\/\/thedermacheck.com\/es\/#organization\",\"name\":\"The Derma Check\",\"url\":\"https:\/\/thedermacheck.com\/es\/\",\"logo\":{\"@type\":\"ImageObject\",\"inLanguage\":\"es\",\"@id\":\"https:\/\/thedermacheck.com\/es\/#\/schema\/logo\/image\/\",\"url\":\"https:\/\/thedermacheck.com\/wp-content\/uploads\/2023\/10\/cropped-THE-DERMA-CHECK-FAVICON-NEW-1.png\",\"contentUrl\":\"https:\/\/thedermacheck.com\/wp-content\/uploads\/2023\/10\/cropped-THE-DERMA-CHECK-FAVICON-NEW-1.png\",\"width\":512,\"height\":512,\"caption\":\"The Derma Check\"},\"image\":{\"@id\":\"https:\/\/thedermacheck.com\/es\/#\/schema\/logo\/image\/\"}}]}<\/script>\n<!-- \/ Yoast SEO Premium plugin. -->","yoast_head_json":{"title":"Bienvenido a The Derma Check. | The Derma Check","robots":{"index":"index","follow":"follow","max-snippet":"max-snippet:-1","max-image-preview":"max-image-preview:large","max-video-preview":"max-video-preview:-1"},"canonical":"https:\/\/thedermacheck.com\/es\/","og_locale":"es_ES","og_type":"article","og_title":"Bienvenido a The Derma Check.","og_description":"Ingredientes de la A-Z Informes de pruebas actuales","og_url":"https:\/\/thedermacheck.com\/es\/","og_site_name":"The Derma Check","article_modified_time":"2024-10-15T10:25:15+00:00","og_image":[{"url":"https:\/\/thedermacheck.com\/wp-content\/uploads\/2023\/12\/AdobeStock_620713773.jpeg","type":"","width":"","height":""}],"twitter_card":"summary_large_image","twitter_misc":{"Tiempo de lectura":"1 minuto"},"schema":{"@context":"https:\/\/schema.org","@graph":[{"@type":"WebPage","@id":"https:\/\/thedermacheck.com\/es\/","url":"https:\/\/thedermacheck.com\/es\/","name":"Bienvenido a The Derma Check. | The Derma Check","isPartOf":{"@id":"https:\/\/thedermacheck.com\/es\/#website"},"primaryImageOfPage":{"@id":"https:\/\/thedermacheck.com\/es\/#primaryimage"},"image":{"@id":"https:\/\/thedermacheck.com\/es\/#primaryimage"},"thumbnailUrl":"https:\/\/thedermacheck.com\/wp-content\/uploads\/2023\/12\/AdobeStock_620713773.jpeg","datePublished":"2023-12-22T13:18:05+00:00","dateModified":"2024-10-15T10:25:15+00:00","breadcrumb":{"@id":"https:\/\/thedermacheck.com\/es\/#breadcrumb"},"inLanguage":"es","potentialAction":[{"@type":"ReadAction","target":["https:\/\/thedermacheck.com\/es\/"]}]},{"@type":"ImageObject","inLanguage":"es","@id":"https:\/\/thedermacheck.com\/es\/#primaryimage","url":"https:\/\/thedermacheck.com\/wp-content\/uploads\/2023\/12\/AdobeStock_620713773.jpeg","contentUrl":"https:\/\/thedermacheck.com\/wp-content\/uploads\/2023\/12\/AdobeStock_620713773.jpeg"},{"@type":"BreadcrumbList","@id":"https:\/\/thedermacheck.com\/es\/#breadcrumb","itemListElement":[{"@type":"ListItem","position":1,"name":"Derma Check","item":"https:\/\/thedermacheck.com\/es\/"},{"@type":"ListItem","position":2,"name":"Bienvenido a The Derma Check."}]},{"@type":"WebSite","@id":"https:\/\/thedermacheck.com\/es\/#website","url":"https:\/\/thedermacheck.com\/es\/","name":"The Derma Check","description":"","publisher":{"@id":"https:\/\/thedermacheck.com\/es\/#organization"},"potentialAction":[{"@type":"SearchAction","target":{"@type":"EntryPoint","urlTemplate":"https:\/\/thedermacheck.com\/es\/?s={search_term_string}"},"query-input":{"@type":"PropertyValueSpecification","valueRequired":true,"valueName":"search_term_string"}}],"inLanguage":"es"},{"@type":"Organization","@id":"https:\/\/thedermacheck.com\/es\/#organization","name":"The Derma Check","url":"https:\/\/thedermacheck.com\/es\/","logo":{"@type":"ImageObject","inLanguage":"es","@id":"https:\/\/thedermacheck.com\/es\/#\/schema\/logo\/image\/","url":"https:\/\/thedermacheck.com\/wp-content\/uploads\/2023\/10\/cropped-THE-DERMA-CHECK-FAVICON-NEW-1.png","contentUrl":"https:\/\/thedermacheck.com\/wp-content\/uploads\/2023\/10\/cropped-THE-DERMA-CHECK-FAVICON-NEW-1.png","width":512,"height":512,"caption":"The Derma Check"},"image":{"@id":"https:\/\/thedermacheck.com\/es\/#\/schema\/logo\/image\/"}}]}},"_links":{"self":[{"href":"https:\/\/thedermacheck.com\/es\/wp-json\/wp\/v2\/pages\/2816","targetHints":{"allow":["GET"]}}],"collection":[{"href":"https:\/\/thedermacheck.com\/es\/wp-json\/wp\/v2\/pages"}],"about":[{"href":"https:\/\/thedermacheck.com\/es\/wp-json\/wp\/v2\/types\/page"}],"author":[{"embeddable":true,"href":"https:\/\/thedermacheck.com\/es\/wp-json\/wp\/v2\/users\/1"}],"replies":[{"embeddable":true,"href":"https:\/\/thedermacheck.com\/es\/wp-json\/wp\/v2\/comments?post=2816"}],"version-history":[{"count":4,"href":"https:\/\/thedermacheck.com\/es\/wp-json\/wp\/v2\/pages\/2816\/revisions"}],"predecessor-version":[{"id":9560,"href":"https:\/\/thedermacheck.com\/es\/wp-json\/wp\/v2\/pages\/2816\/revisions\/9560"}],"wp:attachment":[{"href":"https:\/\/thedermacheck.com\/es\/wp-json\/wp\/v2\/media?parent=2816"}],"wp:term":[{"taxonomy":"category","embeddable":true,"href":"https:\/\/thedermacheck.com\/es\/wp-json\/wp\/v2\/categories?post=2816"},{"taxonomy":"post_tag","embeddable":true,"href":"https:\/\/thedermacheck.com\/es\/wp-json\/wp\/v2\/tags?post=2816"}],"curies":[{"name":"wp","href":"https:\/\/api.w.org\/{rel}","templated":true}]}}