{"id":2876,"date":"2024-01-04T11:29:36","date_gmt":"2024-01-04T11:29:36","guid":{"rendered":"https:\/\/thedermacheck.com\/nuestras-normas-de-ensayo-y-evaluacion\/"},"modified":"2024-09-04T14:41:56","modified_gmt":"2024-09-04T14:41:56","slug":"nuestras-normas-de-ensayo-y-evaluacion","status":"publish","type":"page","link":"https:\/\/thedermacheck.com\/es\/nuestras-normas-de-ensayo-y-evaluacion\/","title":{"rendered":"Nuestras normas de ensayo y evaluaci\u00f3n"},"content":{"rendered":"<div class=\"gb-container gb-container-4742cc5d alignfull\">\n<div class=\"gb-container gb-container-96eaf3e2\">\n<h1 class=\"gb-headline gb-headline-829851c6 gb-headline-text\">Nuestras normas de ensayo y evaluaci\u00f3n<\/h1>\n\n\n          \n\n          <p class=\"gb-headline gb-headline-443652d4 gb-headline-text\">En \u00abThe Derma Check\u00bb, entendemos la necesidad de nuestros usuarios de disponer de rese\u00f1as de productos transparentes y fiables.  <\/p>\n          \n\n        \n\n<\/div>\n<\/div><div class=\"gb-container gb-container-6c7c8f9f\">\n<figure class=\"gb-block-image gb-block-image-9b290b03\"><img decoding=\"async\" width=\"1600\" height=\"1067\" src=\"https:\/\/thedermacheck.com\/wp-content\/uploads\/2024\/01\/Produkttests-Vorgehensweise.jpg\" class=\"gb-image-9b290b03\" alt=\"\" srcset=\"https:\/\/thedermacheck.com\/wp-content\/uploads\/2024\/01\/Produkttests-Vorgehensweise.jpg 1600w, https:\/\/thedermacheck.com\/wp-content\/uploads\/2024\/01\/Produkttests-Vorgehensweise-300x200.jpg 300w, https:\/\/thedermacheck.com\/wp-content\/uploads\/2024\/01\/Produkttests-Vorgehensweise-1024x683.jpg 1024w, https:\/\/thedermacheck.com\/wp-content\/uploads\/2024\/01\/Produkttests-Vorgehensweise-768x512.jpg 768w, https:\/\/thedermacheck.com\/wp-content\/uploads\/2024\/01\/Produkttests-Vorgehensweise-1536x1025.jpg 1536w\" sizes=\"(max-width: 1600px) 100vw, 1600px\" \/><\/figure>\n<\/div>\n<p>Nuestro objetivo es ofrecer un asesoramiento basado en hechos, completo y comprensible, que d\u00e9 a los clientes la confianza necesaria para tomar una decisi\u00f3n con conocimiento de causa.  <\/p>\n\n<p>A continuaci\u00f3n explicamos detalladamente nuestro proceso de prueba y evaluaci\u00f3n de productos.<\/p>\n\n<hr class=\"wp-block-separator has-alpha-channel-opacity\"\/>\n\n<h2 class=\"wp-block-heading\">\n          <strong>I. Selecci\u00f3n de productos: garantizar la diversidad y la representatividad<\/strong>\n        <\/h2>\n\n          \n\n          <figure class=\"gb-block-image gb-block-image-bdaaf9a3\">\n            <img decoding=\"async\" width=\"1400\" height=\"966\" class=\"gb-image gb-image-bdaaf9a3\" src=\"https:\/\/thedermacheck.com\/wp-content\/uploads\/2023\/11\/30-Wimpernseren-im-TEst.jpg\" alt=\"30 sueros para pesta\u00f1as en la prueba\" title=\"30 sueros para pesta\u00f1as en la prueba\" srcset=\"https:\/\/thedermacheck.com\/wp-content\/uploads\/2023\/11\/30-Wimpernseren-im-TEst.jpg 1400w, https:\/\/thedermacheck.com\/wp-content\/uploads\/2023\/11\/30-Wimpernseren-im-TEst-300x207.jpg 300w, https:\/\/thedermacheck.com\/wp-content\/uploads\/2023\/11\/30-Wimpernseren-im-TEst-1024x707.jpg 1024w, https:\/\/thedermacheck.com\/wp-content\/uploads\/2023\/11\/30-Wimpernseren-im-TEst-768x530.jpg 768w\" sizes=\"(max-width: 1400px) 100vw, 1400px\" \/>\n          <\/figure>\n          \n\n        \n\n<h3 class=\"wp-block-heading\">\n          <strong>1. estudio de mercado y an\u00e1lisis de tendencias<\/strong>\n        <\/h3>\n\n<p>La base de todo proceso de ensayo es la cuidadosa selecci\u00f3n de los productos que se van a probar. Para ello, nos guiamos por las tendencias actuales, los intereses de los consumidores y los descubrimientos cient\u00edficos.<\/p>\n\n<h3 class=\"wp-block-heading\">\n          <strong>2 Atenci\u00f3n a la diversidad<\/strong>\n        <\/h3>\n\n<p>Tenemos en cuenta una amplia gama de productos, desde los cl\u00e1sicos hasta las novedades m\u00e1s innovadoras. Tambi\u00e9n se tienen en cuenta los productos nicho y las necesidades especiales de la piel, como alergias o cuidados especiales.<\/p>\n\n<h3 class=\"wp-block-heading\">\n          <strong>3. Adquisici\u00f3n de productos independiente y transparente<\/strong>\n        <\/h3>\n\n<p>Nuestro equipo compra todos los productos de forma an\u00f3nima. Para cumplir las estrictas normas de objetividad, rechazamos sistem\u00e1ticamente las muestras de ensayo gratuitas de los fabricantes. De este modo, nos aseguramos de recibir y probar los productos que tambi\u00e9n reciben nuestros lectores cuando realizan una compra.<\/p>\n\n<hr class=\"wp-block-separator has-alpha-channel-opacity\"\/>\n\n<h2 class=\"wp-block-heading\">\n          <strong>II Seguridad y an\u00e1lisis de ingredientes<\/strong>\n        <\/h2>\n\n<h3 class=\"wp-block-heading\">\n          <strong>1. detecci\u00f3n de ingredientes<\/strong>\n        <\/h3>\n\n<p>Un elemento central de nuestras pruebas es el an\u00e1lisis de los ingredientes, teniendo en cuenta las normas dermatol\u00f3gicas y los datos cient\u00edficos.<\/p>\n\n<h3 class=\"wp-block-heading\">\n          <strong>2. verificaci\u00f3n de los certificados de seguridad<\/strong>\n        <\/h3>\n\n<p>Certificaciones como el sello ECARF para productos antial\u00e9rgicos se incluyen en nuestras consideraciones para garantizar la fiabilidad y seguridad de los productos para el cuidado de la piel.<\/p>\n\n<h3 class=\"wp-block-heading\">\n          <strong>3. valores l\u00edmite y compatibilidad<\/strong>\n        <\/h3>\n\n<p>En la medida de lo posible, garantizamos el cumplimiento de los valores l\u00edmite e incluimos en nuestra evaluaci\u00f3n informaci\u00f3n sobre intolerancias y al\u00e9rgenos conocidos.<\/p>\n\n<hr class=\"wp-block-separator has-alpha-channel-opacity\"\/>\n\n<h2 class=\"wp-block-heading\">\n          <strong>III Aplicaci\u00f3n pr\u00e1ctica: un factor relevante<\/strong>\n        <\/h2>\n\n          \n\n          <figure class=\"gb-block-image gb-block-image-7f48a5c0\">\n            <img decoding=\"async\" width=\"1600\" height=\"907\" class=\"gb-image gb-image-7f48a5c0\" src=\"https:\/\/thedermacheck.com\/wp-content\/uploads\/2024\/01\/Produktanalyse-scaled.jpg\" alt=\"An\u00e1lisis de productos\" title=\"An\u00e1lisis de productos\" srcset=\"https:\/\/thedermacheck.com\/wp-content\/uploads\/2024\/01\/Produktanalyse-scaled.jpg 1600w, https:\/\/thedermacheck.com\/wp-content\/uploads\/2024\/01\/Produktanalyse-300x170.jpg 300w, https:\/\/thedermacheck.com\/wp-content\/uploads\/2024\/01\/Produktanalyse-1024x581.jpg 1024w, https:\/\/thedermacheck.com\/wp-content\/uploads\/2024\/01\/Produktanalyse-768x435.jpg 768w, https:\/\/thedermacheck.com\/wp-content\/uploads\/2024\/01\/Produktanalyse-1536x871.jpg 1536w, https:\/\/thedermacheck.com\/wp-content\/uploads\/2024\/01\/Produktanalyse-2048x1161.jpg 2048w\" sizes=\"(max-width: 1600px) 100vw, 1600px\" \/>\n          <\/figure>\n          \n\n        \n\n<h3 class=\"wp-block-heading\">\n          <strong>1. usuario:prueba interna<\/strong>\n        <\/h3>\n\n<p>La aplicaci\u00f3n pr\u00e1ctica es un criterio importante. Nuestros probadores eval\u00faan criterios como la aplicabilidad, la absorci\u00f3n, la consistencia y la eficacia del producto.<\/p>\n\n<h3 class=\"wp-block-heading\">\n          <strong>2. estudios a largo plazo<\/strong>\n        <\/h3>\n\n<p>Realizamos pruebas a largo plazo con determinados productos para documentar los efectos y cambios en la piel durante un periodo de tiempo m\u00e1s largo.<\/p>\n\n<h3 class=\"wp-block-heading\">\n          <strong>3. envasado y seguridad de los productos<\/strong>\n        <\/h3>\n\n<p>Tambi\u00e9n se eval\u00faa el embalaje: Comprobamos si es funcional y protege la calidad del contenido de influencias externas.<\/p>\n\n<hr class=\"wp-block-separator has-alpha-channel-opacity\"\/>\n\n<h2 class=\"wp-block-heading\">\n          <strong>IV. Evaluaci\u00f3n de la transparencia y la comunicaci\u00f3n de los fabricantes<\/strong>\n        <\/h2>\n\n<h3 class=\"wp-block-heading\">\n          <strong>1. claridad de la informaci\u00f3n sobre el producto<\/strong>\n        <\/h3>\n\n<p>Evaluamos la claridad y exhaustividad de la informaci\u00f3n sobre los ingredientes y las instrucciones de uso.<\/p>\n\n<h3 class=\"wp-block-heading\">\n          <strong>2. atenci\u00f3n al cliente y capacidad de respuesta<\/strong>\n        <\/h3>\n\n<p>La disponibilidad y amabilidad del servicio de atenci\u00f3n al cliente del fabricante en caso de dudas y problemas se incluyen en nuestra valoraci\u00f3n global.<\/p>\n\n<h3 class=\"wp-block-heading\">\n          <strong>3. \u00e9tica y responsabilidad de las empresas<\/strong>\n        <\/h3>\n\n<p>Como parte de nuestro transparente proceso de evaluaci\u00f3n, incluimos aspectos \u00e9ticos como la producci\u00f3n sostenible y la responsabilidad social de los fabricantes.<\/p>\n\n<hr class=\"wp-block-separator has-alpha-channel-opacity\"\/>\n\n<h2 class=\"wp-block-heading\">\n          <strong>V. An\u00e1lisis de los comentarios de los clientes y de las cr\u00edticas profesionales<\/strong>\n        <\/h2>\n\n          \n\n          <figure class=\"gb-block-image gb-block-image-1552a461\">\n            <img decoding=\"async\" width=\"1600\" height=\"1067\" class=\"gb-image gb-image-1552a461\" src=\"https:\/\/thedermacheck.com\/wp-content\/uploads\/2024\/01\/AdobeStock_684940110-scaled.jpeg\" alt=\"Dermat\u00f3logo hablando con un cliente explic\u00e1ndole un procedimiento de rejuvenecimiento facial\" title=\"Dermat\u00f3logo hablando con un cliente explic\u00e1ndole un procedimiento de rejuvenecimiento facial\" srcset=\"https:\/\/thedermacheck.com\/wp-content\/uploads\/2024\/01\/AdobeStock_684940110-scaled.jpeg 1600w, https:\/\/thedermacheck.com\/wp-content\/uploads\/2024\/01\/AdobeStock_684940110-300x200.jpeg 300w, https:\/\/thedermacheck.com\/wp-content\/uploads\/2024\/01\/AdobeStock_684940110-1024x683.jpeg 1024w, https:\/\/thedermacheck.com\/wp-content\/uploads\/2024\/01\/AdobeStock_684940110-768x512.jpeg 768w, https:\/\/thedermacheck.com\/wp-content\/uploads\/2024\/01\/AdobeStock_684940110-1536x1024.jpeg 1536w, https:\/\/thedermacheck.com\/wp-content\/uploads\/2024\/01\/AdobeStock_684940110-2048x1365.jpeg 2048w\" sizes=\"(max-width: 1600px) 100vw, 1600px\" \/>\n          <\/figure>\n          \n\n        \n\n<h3 class=\"wp-block-heading\">\n          <strong>1. evaluaci\u00f3n de las experiencias de los clientes<\/strong>\n        <\/h3>\n\n<p>Registramos y analizamos detalladamente las opiniones de los clientes procedentes de diversas fuentes.<\/p>\n\n<h3 class=\"wp-block-heading\">\n          <strong>2. publicaciones y revistas cient\u00edficas<\/strong>\n        <\/h3>\n\n<p>Para garantizar una base de evaluaci\u00f3n s\u00f3lida, tambi\u00e9n tenemos en cuenta estudios independientes y art\u00edculos especializados sobre el tipo de producto correspondiente.<\/p>\n\n<h3 class=\"wp-block-heading\">\n          <strong>3. di\u00e1logo con expertos<\/strong>\n        <\/h3>\n\n<p>Nuestra red de dermat\u00f3logos y expertos en cosm\u00e9tica es consultada peri\u00f3dicamente para realizar evaluaciones especializadas.<\/p>\n\n<hr class=\"wp-block-separator has-alpha-channel-opacity\"\/>\n\n<h2 class=\"wp-block-heading\">\n          <strong>VI Documentaci\u00f3n de efectos secundarios y riesgos<\/strong>\n        <\/h2>\n\n<h3 class=\"wp-block-heading\">\n          <strong>1. principios activos fundamentales y efectos a largo plazo<\/strong>\n        <\/h3>\n\n<p>Aunque nuestros estudios documentan meticulosamente los efectos secundarios, llamamos la atenci\u00f3n sobre los posibles efectos a largo plazo, especialmente en el caso de principios activos cr\u00edticos.<\/p>\n\n<h3 class=\"wp-block-heading\">\n          <strong>2. evaluaci\u00f3n de los avisos de advertencia<\/strong>\n        <\/h3>\n\n<p>La exhaustividad y visibilidad de las advertencias sobre riesgos y efectos secundarios por parte de los fabricantes son una parte importante de nuestro an\u00e1lisis.<\/p>\n\n<h3 class=\"wp-block-heading\">\n          <strong>3. comentarios y problemas<\/strong>\n        <\/h3>\n\n<p>Nuestro equipo recoge los comentarios de los clientes sobre los efectos secundarios y comprueba su sustancia y frecuencia.<\/p>\n\n<hr class=\"wp-block-separator has-alpha-channel-opacity\"\/>\n\n<h2 class=\"wp-block-heading\">\n          <strong>VII Relaci\u00f3n calidad-precio y conclusi\u00f3n<\/strong>\n        <\/h2>\n\n<h3 class=\"wp-block-heading\">\n          <strong>1. an\u00e1lisis comparativo de costes<\/strong>\n        <\/h3>\n\n<p>Adem\u00e1s del rendimiento del producto, tambi\u00e9n tenemos en cuenta el precio para evaluar la relaci\u00f3n entre costes y beneficios.<\/p>\n\n<h3 class=\"wp-block-heading\">\n          <strong>2. comparaciones de mercado<\/strong>\n        <\/h3>\n\n<p>No s\u00f3lo comparamos productos entre s\u00ed, sino que tambi\u00e9n los ponemos en relaci\u00f3n con otras ofertas del mercado.<\/p>\n\n<h3 class=\"wp-block-heading\">\n          <strong>3. conclusi\u00f3n para nuestros usuarios<\/strong>\n        <\/h3>\n\n<p>Por \u00faltimo, agrupamos toda la informaci\u00f3n en una evaluaci\u00f3n exhaustiva que permite a nuestros usuarios tomar una decisi\u00f3n de compra con conocimiento de causa.<\/p>\n\n<hr class=\"wp-block-separator has-alpha-channel-opacity\"\/>\n\n<p>Nuestro objetivo es ofrecerle a usted, el consumidor, un apoyo fiable y completo a la hora de elegir sus productos para el cuidado de la piel. Le invitamos a acompa\u00f1arnos en un viaje por el mundo de la dermocosm\u00e9tica para descubrir y evaluar juntos los mejores productos.<\/p>\n","protected":false},"excerpt":{"rendered":"<p>Nuestras normas de ensayo y evaluaci\u00f3n En \u00abThe Derma Check\u00bb, entendemos la necesidad de nuestros usuarios de disponer de rese\u00f1as de productos transparentes y fiables. Nuestro objetivo es ofrecer un asesoramiento basado en hechos, completo y comprensible, que d\u00e9 a los clientes la confianza necesaria para tomar una decisi\u00f3n con conocimiento de causa. A continuaci\u00f3n &#8230; <a title=\"Nuestras normas de ensayo y evaluaci\u00f3n\" class=\"read-more\" href=\"https:\/\/thedermacheck.com\/es\/nuestras-normas-de-ensayo-y-evaluacion\/\" aria-label=\"Leer m\u00e1s sobre Nuestras normas de ensayo y evaluaci\u00f3n\">Mehr erfahren<\/a><\/p>\n","protected":false},"author":1,"featured_media":2575,"parent":0,"menu_order":0,"comment_status":"closed","ping_status":"closed","template":"","meta":{"_acf_changed":false,"_lmt_disableupdate":"","_lmt_disable":"","footnotes":""},"categories":[],"tags":[],"class_list":["post-2876","page","type-page","status-publish","has-post-thumbnail"],"acf":[],"yoast_head":"<!-- This site is optimized with the Yoast SEO Premium plugin v25.7.1 (Yoast SEO v25.7) - https:\/\/yoast.com\/wordpress\/plugins\/seo\/ -->\n<title>Nuestras normas de ensayo y evaluaci\u00f3n | The Derma Check<\/title>\n<meta name=\"robots\" content=\"index, follow, max-snippet:-1, max-image-preview:large, max-video-preview:-1\" \/>\n<link rel=\"canonical\" href=\"https:\/\/thedermacheck.com\/es\/nuestras-normas-de-ensayo-y-evaluacion\/\" \/>\n<meta property=\"og:locale\" content=\"es_ES\" \/>\n<meta property=\"og:type\" content=\"article\" \/>\n<meta property=\"og:title\" content=\"Nuestras normas de ensayo y evaluaci\u00f3n\" \/>\n<meta property=\"og:description\" content=\"Nuestras normas de ensayo y evaluaci\u00f3n En \u00abThe Derma Check\u00bb, entendemos la necesidad de nuestros usuarios de disponer de rese\u00f1as de productos transparentes y fiables. Nuestro objetivo es ofrecer un asesoramiento basado en hechos, completo y comprensible, que d\u00e9 a los clientes la confianza necesaria para tomar una decisi\u00f3n con conocimiento de causa. A continuaci\u00f3n ... Mehr erfahren\" \/>\n<meta property=\"og:url\" content=\"https:\/\/thedermacheck.com\/es\/nuestras-normas-de-ensayo-y-evaluacion\/\" \/>\n<meta property=\"og:site_name\" content=\"The Derma Check\" \/>\n<meta property=\"article:modified_time\" content=\"2024-09-04T14:41:56+00:00\" \/>\n<meta property=\"og:image\" content=\"https:\/\/thedermacheck.com\/wp-content\/uploads\/2024\/01\/Produkttests-Vorgehensweise.jpg\" \/>\n\t<meta property=\"og:image:width\" content=\"1600\" \/>\n\t<meta property=\"og:image:height\" content=\"1067\" \/>\n\t<meta property=\"og:image:type\" content=\"image\/jpeg\" \/>\n<meta name=\"twitter:card\" content=\"summary_large_image\" \/>\n<meta name=\"twitter:label1\" content=\"Tiempo de lectura\" \/>\n\t<meta name=\"twitter:data1\" content=\"4 minutos\" \/>\n<script type=\"application\/ld+json\" class=\"yoast-schema-graph\">{\"@context\":\"https:\/\/schema.org\",\"@graph\":[{\"@type\":\"WebPage\",\"@id\":\"https:\/\/thedermacheck.com\/es\/nuestras-normas-de-ensayo-y-evaluacion\/\",\"url\":\"https:\/\/thedermacheck.com\/es\/nuestras-normas-de-ensayo-y-evaluacion\/\",\"name\":\"Nuestras normas de ensayo y evaluaci\u00f3n | The Derma Check\",\"isPartOf\":{\"@id\":\"https:\/\/thedermacheck.com\/es\/#website\"},\"primaryImageOfPage\":{\"@id\":\"https:\/\/thedermacheck.com\/es\/nuestras-normas-de-ensayo-y-evaluacion\/#primaryimage\"},\"image\":{\"@id\":\"https:\/\/thedermacheck.com\/es\/nuestras-normas-de-ensayo-y-evaluacion\/#primaryimage\"},\"thumbnailUrl\":\"https:\/\/thedermacheck.com\/wp-content\/uploads\/2024\/01\/Produkttests-Vorgehensweise.jpg\",\"datePublished\":\"2024-01-04T11:29:36+00:00\",\"dateModified\":\"2024-09-04T14:41:56+00:00\",\"breadcrumb\":{\"@id\":\"https:\/\/thedermacheck.com\/es\/nuestras-normas-de-ensayo-y-evaluacion\/#breadcrumb\"},\"inLanguage\":\"es\",\"potentialAction\":[{\"@type\":\"ReadAction\",\"target\":[\"https:\/\/thedermacheck.com\/es\/nuestras-normas-de-ensayo-y-evaluacion\/\"]}]},{\"@type\":\"ImageObject\",\"inLanguage\":\"es\",\"@id\":\"https:\/\/thedermacheck.com\/es\/nuestras-normas-de-ensayo-y-evaluacion\/#primaryimage\",\"url\":\"https:\/\/thedermacheck.com\/wp-content\/uploads\/2024\/01\/Produkttests-Vorgehensweise.jpg\",\"contentUrl\":\"https:\/\/thedermacheck.com\/wp-content\/uploads\/2024\/01\/Produkttests-Vorgehensweise.jpg\",\"width\":1600,\"height\":1067,\"caption\":\"Produkttests Vorgehensweise\"},{\"@type\":\"BreadcrumbList\",\"@id\":\"https:\/\/thedermacheck.com\/es\/nuestras-normas-de-ensayo-y-evaluacion\/#breadcrumb\",\"itemListElement\":[{\"@type\":\"ListItem\",\"position\":1,\"name\":\"Derma Check\",\"item\":\"https:\/\/thedermacheck.com\/es\/\"},{\"@type\":\"ListItem\",\"position\":2,\"name\":\"Nuestras normas de ensayo y evaluaci\u00f3n\"}]},{\"@type\":\"WebSite\",\"@id\":\"https:\/\/thedermacheck.com\/es\/#website\",\"url\":\"https:\/\/thedermacheck.com\/es\/\",\"name\":\"The Derma Check\",\"description\":\"\",\"publisher\":{\"@id\":\"https:\/\/thedermacheck.com\/es\/#organization\"},\"potentialAction\":[{\"@type\":\"SearchAction\",\"target\":{\"@type\":\"EntryPoint\",\"urlTemplate\":\"https:\/\/thedermacheck.com\/es\/?s={search_term_string}\"},\"query-input\":{\"@type\":\"PropertyValueSpecification\",\"valueRequired\":true,\"valueName\":\"search_term_string\"}}],\"inLanguage\":\"es\"},{\"@type\":\"Organization\",\"@id\":\"https:\/\/thedermacheck.com\/es\/#organization\",\"name\":\"The Derma Check\",\"url\":\"https:\/\/thedermacheck.com\/es\/\",\"logo\":{\"@type\":\"ImageObject\",\"inLanguage\":\"es\",\"@id\":\"https:\/\/thedermacheck.com\/es\/#\/schema\/logo\/image\/\",\"url\":\"https:\/\/thedermacheck.com\/wp-content\/uploads\/2023\/10\/cropped-THE-DERMA-CHECK-FAVICON-NEW-1.png\",\"contentUrl\":\"https:\/\/thedermacheck.com\/wp-content\/uploads\/2023\/10\/cropped-THE-DERMA-CHECK-FAVICON-NEW-1.png\",\"width\":512,\"height\":512,\"caption\":\"The Derma Check\"},\"image\":{\"@id\":\"https:\/\/thedermacheck.com\/es\/#\/schema\/logo\/image\/\"}}]}<\/script>\n<!-- \/ Yoast SEO Premium plugin. -->","yoast_head_json":{"title":"Nuestras normas de ensayo y evaluaci\u00f3n | The Derma Check","robots":{"index":"index","follow":"follow","max-snippet":"max-snippet:-1","max-image-preview":"max-image-preview:large","max-video-preview":"max-video-preview:-1"},"canonical":"https:\/\/thedermacheck.com\/es\/nuestras-normas-de-ensayo-y-evaluacion\/","og_locale":"es_ES","og_type":"article","og_title":"Nuestras normas de ensayo y evaluaci\u00f3n","og_description":"Nuestras normas de ensayo y evaluaci\u00f3n En \u00abThe Derma Check\u00bb, entendemos la necesidad de nuestros usuarios de disponer de rese\u00f1as de productos transparentes y fiables. Nuestro objetivo es ofrecer un asesoramiento basado en hechos, completo y comprensible, que d\u00e9 a los clientes la confianza necesaria para tomar una decisi\u00f3n con conocimiento de causa. A continuaci\u00f3n ... Mehr erfahren","og_url":"https:\/\/thedermacheck.com\/es\/nuestras-normas-de-ensayo-y-evaluacion\/","og_site_name":"The Derma Check","article_modified_time":"2024-09-04T14:41:56+00:00","og_image":[{"width":1600,"height":1067,"url":"https:\/\/thedermacheck.com\/wp-content\/uploads\/2024\/01\/Produkttests-Vorgehensweise.jpg","type":"image\/jpeg"}],"twitter_card":"summary_large_image","twitter_misc":{"Tiempo de lectura":"4 minutos"},"schema":{"@context":"https:\/\/schema.org","@graph":[{"@type":"WebPage","@id":"https:\/\/thedermacheck.com\/es\/nuestras-normas-de-ensayo-y-evaluacion\/","url":"https:\/\/thedermacheck.com\/es\/nuestras-normas-de-ensayo-y-evaluacion\/","name":"Nuestras normas de ensayo y evaluaci\u00f3n | The Derma Check","isPartOf":{"@id":"https:\/\/thedermacheck.com\/es\/#website"},"primaryImageOfPage":{"@id":"https:\/\/thedermacheck.com\/es\/nuestras-normas-de-ensayo-y-evaluacion\/#primaryimage"},"image":{"@id":"https:\/\/thedermacheck.com\/es\/nuestras-normas-de-ensayo-y-evaluacion\/#primaryimage"},"thumbnailUrl":"https:\/\/thedermacheck.com\/wp-content\/uploads\/2024\/01\/Produkttests-Vorgehensweise.jpg","datePublished":"2024-01-04T11:29:36+00:00","dateModified":"2024-09-04T14:41:56+00:00","breadcrumb":{"@id":"https:\/\/thedermacheck.com\/es\/nuestras-normas-de-ensayo-y-evaluacion\/#breadcrumb"},"inLanguage":"es","potentialAction":[{"@type":"ReadAction","target":["https:\/\/thedermacheck.com\/es\/nuestras-normas-de-ensayo-y-evaluacion\/"]}]},{"@type":"ImageObject","inLanguage":"es","@id":"https:\/\/thedermacheck.com\/es\/nuestras-normas-de-ensayo-y-evaluacion\/#primaryimage","url":"https:\/\/thedermacheck.com\/wp-content\/uploads\/2024\/01\/Produkttests-Vorgehensweise.jpg","contentUrl":"https:\/\/thedermacheck.com\/wp-content\/uploads\/2024\/01\/Produkttests-Vorgehensweise.jpg","width":1600,"height":1067,"caption":"Produkttests Vorgehensweise"},{"@type":"BreadcrumbList","@id":"https:\/\/thedermacheck.com\/es\/nuestras-normas-de-ensayo-y-evaluacion\/#breadcrumb","itemListElement":[{"@type":"ListItem","position":1,"name":"Derma Check","item":"https:\/\/thedermacheck.com\/es\/"},{"@type":"ListItem","position":2,"name":"Nuestras normas de ensayo y evaluaci\u00f3n"}]},{"@type":"WebSite","@id":"https:\/\/thedermacheck.com\/es\/#website","url":"https:\/\/thedermacheck.com\/es\/","name":"The Derma Check","description":"","publisher":{"@id":"https:\/\/thedermacheck.com\/es\/#organization"},"potentialAction":[{"@type":"SearchAction","target":{"@type":"EntryPoint","urlTemplate":"https:\/\/thedermacheck.com\/es\/?s={search_term_string}"},"query-input":{"@type":"PropertyValueSpecification","valueRequired":true,"valueName":"search_term_string"}}],"inLanguage":"es"},{"@type":"Organization","@id":"https:\/\/thedermacheck.com\/es\/#organization","name":"The Derma Check","url":"https:\/\/thedermacheck.com\/es\/","logo":{"@type":"ImageObject","inLanguage":"es","@id":"https:\/\/thedermacheck.com\/es\/#\/schema\/logo\/image\/","url":"https:\/\/thedermacheck.com\/wp-content\/uploads\/2023\/10\/cropped-THE-DERMA-CHECK-FAVICON-NEW-1.png","contentUrl":"https:\/\/thedermacheck.com\/wp-content\/uploads\/2023\/10\/cropped-THE-DERMA-CHECK-FAVICON-NEW-1.png","width":512,"height":512,"caption":"The Derma Check"},"image":{"@id":"https:\/\/thedermacheck.com\/es\/#\/schema\/logo\/image\/"}}]}},"_links":{"self":[{"href":"https:\/\/thedermacheck.com\/es\/wp-json\/wp\/v2\/pages\/2876","targetHints":{"allow":["GET"]}}],"collection":[{"href":"https:\/\/thedermacheck.com\/es\/wp-json\/wp\/v2\/pages"}],"about":[{"href":"https:\/\/thedermacheck.com\/es\/wp-json\/wp\/v2\/types\/page"}],"author":[{"embeddable":true,"href":"https:\/\/thedermacheck.com\/es\/wp-json\/wp\/v2\/users\/1"}],"replies":[{"embeddable":true,"href":"https:\/\/thedermacheck.com\/es\/wp-json\/wp\/v2\/comments?post=2876"}],"version-history":[{"count":1,"href":"https:\/\/thedermacheck.com\/es\/wp-json\/wp\/v2\/pages\/2876\/revisions"}],"predecessor-version":[{"id":2877,"href":"https:\/\/thedermacheck.com\/es\/wp-json\/wp\/v2\/pages\/2876\/revisions\/2877"}],"wp:featuredmedia":[{"embeddable":true,"href":"https:\/\/thedermacheck.com\/es\/wp-json\/wp\/v2\/media\/2575"}],"wp:attachment":[{"href":"https:\/\/thedermacheck.com\/es\/wp-json\/wp\/v2\/media?parent=2876"}],"wp:term":[{"taxonomy":"category","embeddable":true,"href":"https:\/\/thedermacheck.com\/es\/wp-json\/wp\/v2\/categories?post=2876"},{"taxonomy":"post_tag","embeddable":true,"href":"https:\/\/thedermacheck.com\/es\/wp-json\/wp\/v2\/tags?post=2876"}],"curies":[{"name":"wp","href":"https:\/\/api.w.org\/{rel}","templated":true}]}}