{"id":3030,"date":"2023-12-19T14:52:10","date_gmt":"2023-12-19T14:52:10","guid":{"rendered":"https:\/\/thedermacheck.com\/hialuronato-sodico-en-el-cuidado-de-la-piel-un-milagro-hidratante-para-una-piel-radiante\/"},"modified":"2024-02-13T14:51:58","modified_gmt":"2024-02-13T14:51:58","slug":"hialuronato-sodico-en-el-cuidado-de-la-piel-un-milagro-hidratante-para-una-piel-radiante","status":"publish","type":"page","link":"https:\/\/thedermacheck.com\/es\/hialuronato-sodico-en-el-cuidado-de-la-piel-un-milagro-hidratante-para-una-piel-radiante\/","title":{"rendered":"Hialuronato s\u00f3dico en el cuidado de la piel: un milagro hidratante para una piel radiante"},"content":{"rendered":"\n<p><strong>HIALURONATO S\u00d3DICO EN EL CUIDADO DE LA PIEL<\/strong><\/p>\n\n<ul class=\"wp-block-list\">\n<li><strong>Tipo de ingrediente<\/strong>: Mol\u00e9cula fijadora de humedad<\/li>\n\n\n\n<li><strong>Principales beneficios<\/strong>: Hidrataci\u00f3n intensiva, reducci\u00f3n de las l\u00edneas de expresi\u00f3n, mejora del aspecto terso de la piel.<\/li>\n\n\n\n<li><strong>Ideal para<\/strong>: Todo tipo de pieles, especialmente para pieles secas o maduras<\/li>\n\n\n\n<li><strong>Frecuencia de uso<\/strong>: Diaria, ma\u00f1ana y\/o noche<\/li>\n\n\n\n<li><strong>Combina bien con<\/strong>: Otros ingredientes hidratantes y antioxidantes<\/li>\n\n\n\n<li><strong>Debe evitarse con<\/strong>: Casos raros de hipersensibilidad<\/li>\n<\/ul>\n\n<h2 class=\"wp-block-heading\">Introducci\u00f3n: \u00bfQu\u00e9 es el hialuronato s\u00f3dico?<\/h2>\n\n<p>El hialuronato s\u00f3dico, la sal s\u00f3dica del \u00e1cido hialur\u00f3nico, es un ingrediente muy utilizado en el cuidado de la piel, conocido por su extraordinaria capacidad para retener la humedad e hidratar la piel en profundidad.<\/p>\n\n<h3 class=\"wp-block-heading\">Beneficios del hialuronato s\u00f3dico para la piel<\/h3>\n\n<h4 class=\"wp-block-heading\">Hidrataci\u00f3n intensiva<\/h4>\n\n<p>El hialuronato s\u00f3dico puede ligar muchas veces su peso en agua, lo que produce una hidrataci\u00f3n y un relleno significativos de la piel.<\/p>\n\n<h4 class=\"wp-block-heading\">Alisar las arrugas finas<\/h4>\n\n<p>La retenci\u00f3n de humedad hace que la piel est\u00e9 m\u00e1s firme, lo que puede reducir las l\u00edneas finas y las arrugas.<\/p>\n\n<h4 class=\"wp-block-heading\">Promoci\u00f3n de la salud de la piel<\/h4>\n\n<p>Favorece la barrera cut\u00e1nea y, por tanto, puede mejorar la salud y la estructura general de la piel.<\/p>\n\n<h3 class=\"wp-block-heading\">Posibles efectos secundarios<\/h3>\n\n<p>En general, el hialuronato s\u00f3dico se tolera muy bien, pero es posible que se produzcan raras reacciones de hipersensibilidad.<\/p>\n\n<h2 class=\"wp-block-heading\">Uso del hialuronato s\u00f3dico en el cuidado de la piel<\/h2>\n\n<h3 class=\"wp-block-heading\">Aplicaci\u00f3n correcta<\/h3>\n\n<ul class=\"wp-block-list\">\n<li><strong>Uso<\/strong> regular: Para obtener resultados \u00f3ptimos, debe utilizarse diariamente un producto con hialuronato s\u00f3dico.<\/li>\n\n\n\n<li><strong>Combinaci\u00f3n con otros productos<\/strong>: Combina bien con otros ingredientes hidratantes y nutritivos.<\/li>\n<\/ul>\n\n<h3 class=\"wp-block-heading\">C\u00f3mo no utilizarlo<\/h3>\n\n<ul class=\"wp-block-list\">\n<li><strong>Precauci\u00f3n en caso de hipersensibilidad<\/strong>: Las personas con hipersensibilidad conocida deben realizar una prueba del parche antes de su uso.<\/li>\n<\/ul>\n\n<h2 class=\"wp-block-heading\">PREGUNTAS FRECUENTES<\/h2>\n\n<p><strong>1. \u00bfes el hialuronato de sodio adecuado para todos los tipos de piel?<\/strong>  S\u00ed, es adecuado para todo tipo de pieles y especialmente beneficioso para las pieles secas o maduras.<\/p>\n\n<p><strong>2 \u00bfEs el hialuronato s\u00f3dico diferente del \u00e1cido hialur\u00f3nico?<\/strong>  El hialuronato s\u00f3dico es la sal del \u00e1cido hialur\u00f3nico y tiene una mol\u00e9cula de menor tama\u00f1o, lo que facilita su penetraci\u00f3n en la piel.<\/p>\n\n<p><strong>3. \u00bfpuede el hialuronato s\u00f3dico provocar acn\u00e9?<\/strong>  No es comedog\u00e9nico y no suele provocar acn\u00e9.<\/p>\n\n<h2 class=\"wp-block-heading\">Conclusi\u00f3n<\/h2>\n\n<p>El hialuronato s\u00f3dico es un ingrediente clave en el cuidado de la piel moderno, que ayuda eficazmente a hidratar y mejorar el aspecto de la piel. Su capacidad para retener la humedad y rellenar la piel lo convierte en un elemento indispensable de la rutina diaria de cuidado de la piel. Si se utiliza correctamente, la piel estar\u00e1 visiblemente m\u00e1s sana, tersa y radiante.<\/p>\n","protected":false},"excerpt":{"rendered":"<p>HIALURONATO S\u00d3DICO EN EL CUIDADO DE LA PIEL Introducci\u00f3n: \u00bfQu\u00e9 es el hialuronato s\u00f3dico? El hialuronato s\u00f3dico, la sal s\u00f3dica del \u00e1cido hialur\u00f3nico, es un ingrediente muy utilizado en el cuidado de la piel, conocido por su extraordinaria capacidad para retener la humedad e hidratar la piel en profundidad. Beneficios del hialuronato s\u00f3dico para la &#8230; <a title=\"Hialuronato s\u00f3dico en el cuidado de la piel: un milagro hidratante para una piel radiante\" class=\"read-more\" href=\"https:\/\/thedermacheck.com\/es\/hialuronato-sodico-en-el-cuidado-de-la-piel-un-milagro-hidratante-para-una-piel-radiante\/\" aria-label=\"Leer m\u00e1s sobre Hialuronato s\u00f3dico en el cuidado de la piel: un milagro hidratante para una piel radiante\">Mehr erfahren<\/a><\/p>\n","protected":false},"author":2,"featured_media":0,"parent":0,"menu_order":0,"comment_status":"closed","ping_status":"closed","template":"","meta":{"_acf_changed":false,"_lmt_disableupdate":"","_lmt_disable":"","footnotes":""},"categories":[43],"tags":[],"class_list":{"0":"post-3030","1":"page","2":"type-page","3":"status-publish","5":"category-ingredientes"},"acf":[],"yoast_head":"<!-- This site is optimized with the Yoast SEO Premium plugin v25.7.1 (Yoast SEO v25.7) - https:\/\/yoast.com\/wordpress\/plugins\/seo\/ -->\n<title>Hialuronato s\u00f3dico en el cuidado de la piel: un milagro hidratante para una piel radiante | The Derma Check<\/title>\n<meta name=\"robots\" content=\"index, follow, max-snippet:-1, max-image-preview:large, max-video-preview:-1\" \/>\n<link rel=\"canonical\" href=\"https:\/\/thedermacheck.com\/es\/hialuronato-sodico-en-el-cuidado-de-la-piel-un-milagro-hidratante-para-una-piel-radiante\/\" \/>\n<meta property=\"og:locale\" content=\"es_ES\" \/>\n<meta property=\"og:type\" content=\"article\" \/>\n<meta property=\"og:title\" content=\"Hialuronato s\u00f3dico en el cuidado de la piel: un milagro hidratante para una piel radiante\" \/>\n<meta property=\"og:description\" content=\"HIALURONATO S\u00d3DICO EN EL CUIDADO DE LA PIEL Introducci\u00f3n: \u00bfQu\u00e9 es el hialuronato s\u00f3dico? El hialuronato s\u00f3dico, la sal s\u00f3dica del \u00e1cido hialur\u00f3nico, es un ingrediente muy utilizado en el cuidado de la piel, conocido por su extraordinaria capacidad para retener la humedad e hidratar la piel en profundidad. Beneficios del hialuronato s\u00f3dico para la ... Mehr erfahren\" \/>\n<meta property=\"og:url\" content=\"https:\/\/thedermacheck.com\/es\/hialuronato-sodico-en-el-cuidado-de-la-piel-un-milagro-hidratante-para-una-piel-radiante\/\" \/>\n<meta property=\"og:site_name\" content=\"The Derma Check\" \/>\n<meta property=\"article:modified_time\" content=\"2024-02-13T14:51:58+00:00\" \/>\n<meta name=\"twitter:card\" content=\"summary_large_image\" \/>\n<meta name=\"twitter:label1\" content=\"Tiempo de lectura\" \/>\n\t<meta name=\"twitter:data1\" content=\"2 minutos\" \/>\n<script type=\"application\/ld+json\" class=\"yoast-schema-graph\">{\"@context\":\"https:\/\/schema.org\",\"@graph\":[{\"@type\":\"WebPage\",\"@id\":\"https:\/\/thedermacheck.com\/es\/hialuronato-sodico-en-el-cuidado-de-la-piel-un-milagro-hidratante-para-una-piel-radiante\/\",\"url\":\"https:\/\/thedermacheck.com\/es\/hialuronato-sodico-en-el-cuidado-de-la-piel-un-milagro-hidratante-para-una-piel-radiante\/\",\"name\":\"Hialuronato s\u00f3dico en el cuidado de la piel: un milagro hidratante para una piel radiante | The Derma Check\",\"isPartOf\":{\"@id\":\"https:\/\/thedermacheck.com\/es\/#website\"},\"datePublished\":\"2023-12-19T14:52:10+00:00\",\"dateModified\":\"2024-02-13T14:51:58+00:00\",\"breadcrumb\":{\"@id\":\"https:\/\/thedermacheck.com\/es\/hialuronato-sodico-en-el-cuidado-de-la-piel-un-milagro-hidratante-para-una-piel-radiante\/#breadcrumb\"},\"inLanguage\":\"es\",\"potentialAction\":[{\"@type\":\"ReadAction\",\"target\":[\"https:\/\/thedermacheck.com\/es\/hialuronato-sodico-en-el-cuidado-de-la-piel-un-milagro-hidratante-para-una-piel-radiante\/\"]}]},{\"@type\":\"BreadcrumbList\",\"@id\":\"https:\/\/thedermacheck.com\/es\/hialuronato-sodico-en-el-cuidado-de-la-piel-un-milagro-hidratante-para-una-piel-radiante\/#breadcrumb\",\"itemListElement\":[{\"@type\":\"ListItem\",\"position\":1,\"name\":\"Derma Check\",\"item\":\"https:\/\/thedermacheck.com\/es\/\"},{\"@type\":\"ListItem\",\"position\":2,\"name\":\"Hialuronato s\u00f3dico en el cuidado de la piel: un milagro hidratante para una piel radiante\"}]},{\"@type\":\"WebSite\",\"@id\":\"https:\/\/thedermacheck.com\/es\/#website\",\"url\":\"https:\/\/thedermacheck.com\/es\/\",\"name\":\"The Derma Check\",\"description\":\"\",\"publisher\":{\"@id\":\"https:\/\/thedermacheck.com\/es\/#organization\"},\"potentialAction\":[{\"@type\":\"SearchAction\",\"target\":{\"@type\":\"EntryPoint\",\"urlTemplate\":\"https:\/\/thedermacheck.com\/es\/?s={search_term_string}\"},\"query-input\":{\"@type\":\"PropertyValueSpecification\",\"valueRequired\":true,\"valueName\":\"search_term_string\"}}],\"inLanguage\":\"es\"},{\"@type\":\"Organization\",\"@id\":\"https:\/\/thedermacheck.com\/es\/#organization\",\"name\":\"The Derma Check\",\"url\":\"https:\/\/thedermacheck.com\/es\/\",\"logo\":{\"@type\":\"ImageObject\",\"inLanguage\":\"es\",\"@id\":\"https:\/\/thedermacheck.com\/es\/#\/schema\/logo\/image\/\",\"url\":\"https:\/\/thedermacheck.com\/wp-content\/uploads\/2023\/10\/cropped-THE-DERMA-CHECK-FAVICON-NEW-1.png\",\"contentUrl\":\"https:\/\/thedermacheck.com\/wp-content\/uploads\/2023\/10\/cropped-THE-DERMA-CHECK-FAVICON-NEW-1.png\",\"width\":512,\"height\":512,\"caption\":\"The Derma Check\"},\"image\":{\"@id\":\"https:\/\/thedermacheck.com\/es\/#\/schema\/logo\/image\/\"}}]}<\/script>\n<!-- \/ Yoast SEO Premium plugin. -->","yoast_head_json":{"title":"Hialuronato s\u00f3dico en el cuidado de la piel: un milagro hidratante para una piel radiante | The Derma Check","robots":{"index":"index","follow":"follow","max-snippet":"max-snippet:-1","max-image-preview":"max-image-preview:large","max-video-preview":"max-video-preview:-1"},"canonical":"https:\/\/thedermacheck.com\/es\/hialuronato-sodico-en-el-cuidado-de-la-piel-un-milagro-hidratante-para-una-piel-radiante\/","og_locale":"es_ES","og_type":"article","og_title":"Hialuronato s\u00f3dico en el cuidado de la piel: un milagro hidratante para una piel radiante","og_description":"HIALURONATO S\u00d3DICO EN EL CUIDADO DE LA PIEL Introducci\u00f3n: \u00bfQu\u00e9 es el hialuronato s\u00f3dico? El hialuronato s\u00f3dico, la sal s\u00f3dica del \u00e1cido hialur\u00f3nico, es un ingrediente muy utilizado en el cuidado de la piel, conocido por su extraordinaria capacidad para retener la humedad e hidratar la piel en profundidad. Beneficios del hialuronato s\u00f3dico para la ... Mehr erfahren","og_url":"https:\/\/thedermacheck.com\/es\/hialuronato-sodico-en-el-cuidado-de-la-piel-un-milagro-hidratante-para-una-piel-radiante\/","og_site_name":"The Derma Check","article_modified_time":"2024-02-13T14:51:58+00:00","twitter_card":"summary_large_image","twitter_misc":{"Tiempo de lectura":"2 minutos"},"schema":{"@context":"https:\/\/schema.org","@graph":[{"@type":"WebPage","@id":"https:\/\/thedermacheck.com\/es\/hialuronato-sodico-en-el-cuidado-de-la-piel-un-milagro-hidratante-para-una-piel-radiante\/","url":"https:\/\/thedermacheck.com\/es\/hialuronato-sodico-en-el-cuidado-de-la-piel-un-milagro-hidratante-para-una-piel-radiante\/","name":"Hialuronato s\u00f3dico en el cuidado de la piel: un milagro hidratante para una piel radiante | The Derma Check","isPartOf":{"@id":"https:\/\/thedermacheck.com\/es\/#website"},"datePublished":"2023-12-19T14:52:10+00:00","dateModified":"2024-02-13T14:51:58+00:00","breadcrumb":{"@id":"https:\/\/thedermacheck.com\/es\/hialuronato-sodico-en-el-cuidado-de-la-piel-un-milagro-hidratante-para-una-piel-radiante\/#breadcrumb"},"inLanguage":"es","potentialAction":[{"@type":"ReadAction","target":["https:\/\/thedermacheck.com\/es\/hialuronato-sodico-en-el-cuidado-de-la-piel-un-milagro-hidratante-para-una-piel-radiante\/"]}]},{"@type":"BreadcrumbList","@id":"https:\/\/thedermacheck.com\/es\/hialuronato-sodico-en-el-cuidado-de-la-piel-un-milagro-hidratante-para-una-piel-radiante\/#breadcrumb","itemListElement":[{"@type":"ListItem","position":1,"name":"Derma Check","item":"https:\/\/thedermacheck.com\/es\/"},{"@type":"ListItem","position":2,"name":"Hialuronato s\u00f3dico en el cuidado de la piel: un milagro hidratante para una piel radiante"}]},{"@type":"WebSite","@id":"https:\/\/thedermacheck.com\/es\/#website","url":"https:\/\/thedermacheck.com\/es\/","name":"The Derma Check","description":"","publisher":{"@id":"https:\/\/thedermacheck.com\/es\/#organization"},"potentialAction":[{"@type":"SearchAction","target":{"@type":"EntryPoint","urlTemplate":"https:\/\/thedermacheck.com\/es\/?s={search_term_string}"},"query-input":{"@type":"PropertyValueSpecification","valueRequired":true,"valueName":"search_term_string"}}],"inLanguage":"es"},{"@type":"Organization","@id":"https:\/\/thedermacheck.com\/es\/#organization","name":"The Derma Check","url":"https:\/\/thedermacheck.com\/es\/","logo":{"@type":"ImageObject","inLanguage":"es","@id":"https:\/\/thedermacheck.com\/es\/#\/schema\/logo\/image\/","url":"https:\/\/thedermacheck.com\/wp-content\/uploads\/2023\/10\/cropped-THE-DERMA-CHECK-FAVICON-NEW-1.png","contentUrl":"https:\/\/thedermacheck.com\/wp-content\/uploads\/2023\/10\/cropped-THE-DERMA-CHECK-FAVICON-NEW-1.png","width":512,"height":512,"caption":"The Derma Check"},"image":{"@id":"https:\/\/thedermacheck.com\/es\/#\/schema\/logo\/image\/"}}]}},"_links":{"self":[{"href":"https:\/\/thedermacheck.com\/es\/wp-json\/wp\/v2\/pages\/3030","targetHints":{"allow":["GET"]}}],"collection":[{"href":"https:\/\/thedermacheck.com\/es\/wp-json\/wp\/v2\/pages"}],"about":[{"href":"https:\/\/thedermacheck.com\/es\/wp-json\/wp\/v2\/types\/page"}],"author":[{"embeddable":true,"href":"https:\/\/thedermacheck.com\/es\/wp-json\/wp\/v2\/users\/2"}],"replies":[{"embeddable":true,"href":"https:\/\/thedermacheck.com\/es\/wp-json\/wp\/v2\/comments?post=3030"}],"version-history":[{"count":1,"href":"https:\/\/thedermacheck.com\/es\/wp-json\/wp\/v2\/pages\/3030\/revisions"}],"predecessor-version":[{"id":3031,"href":"https:\/\/thedermacheck.com\/es\/wp-json\/wp\/v2\/pages\/3030\/revisions\/3031"}],"wp:attachment":[{"href":"https:\/\/thedermacheck.com\/es\/wp-json\/wp\/v2\/media?parent=3030"}],"wp:term":[{"taxonomy":"category","embeddable":true,"href":"https:\/\/thedermacheck.com\/es\/wp-json\/wp\/v2\/categories?post=3030"},{"taxonomy":"post_tag","embeddable":true,"href":"https:\/\/thedermacheck.com\/es\/wp-json\/wp\/v2\/tags?post=3030"}],"curies":[{"name":"wp","href":"https:\/\/api.w.org\/{rel}","templated":true}]}}