{"id":3122,"date":"2023-12-19T14:49:41","date_gmt":"2023-12-19T14:49:41","guid":{"rendered":"https:\/\/thedermacheck.com\/la-quercetina-en-el-cuidado-de-la-piel-un-poderoso-escudo-protector-para-la-piel\/"},"modified":"2024-02-13T14:57:11","modified_gmt":"2024-02-13T14:57:11","slug":"la-quercetina-en-el-cuidado-de-la-piel-un-poderoso-escudo-protector-para-la-piel","status":"publish","type":"page","link":"https:\/\/thedermacheck.com\/es\/la-quercetina-en-el-cuidado-de-la-piel-un-poderoso-escudo-protector-para-la-piel\/","title":{"rendered":"La quercetina en el cuidado de la piel: un poderoso escudo protector para la piel"},"content":{"rendered":"\n<p><strong>LA QUERCETINA EN EL CUIDADO DE LA PIEL<\/strong><\/p>\n\n<ul class=\"wp-block-list\">\n<li><strong>Tipo de ingrediente<\/strong>: flavonoide, antioxidante<\/li>\n\n\n\n<li><strong>Principales beneficios<\/strong>: Protege contra los da\u00f1os medioambientales, tiene un efecto antiinflamatorio, ralentiza los procesos de envejecimiento de la piel.<\/li>\n\n\n\n<li><strong>Ideal para<\/strong>: Todo tipo de pieles, especialmente para pieles irritadas y envejecidas<\/li>\n\n\n\n<li><strong>Frecuencia de uso<\/strong>: seg\u00fan las instrucciones del producto, a menudo a diario<\/li>\n\n\n\n<li><strong>Combina bien con<\/strong>: Otros antioxidantes, protectores solares, ingredientes hidratantes.<\/li>\n\n\n\n<li><strong>Evitar en caso de<\/strong>: Hipersensibilidad a la quercetina<\/li>\n<\/ul>\n\n<h2 class=\"wp-block-heading\">Introducci\u00f3n: \u00bfQu\u00e9 es la quercetina?<\/h2>\n\n<p>La quercetina es un potente flavonoide y antioxidante que se encuentra de forma natural en muchas frutas y verduras, como las manzanas, las cebollas y las uvas. En el cuidado de la piel, la quercetina se valora por sus propiedades antioxidantes y antiinflamatorias.<\/p>\n\n<h3 class=\"wp-block-heading\">Beneficios de la quercetina para la piel<\/h3>\n\n<h4 class=\"wp-block-heading\">Protecci\u00f3n contra da\u00f1os medioambientales<\/h4>\n\n<p>La quercetina ayuda a proteger la piel de los da\u00f1os causados por los radicales libres y las agresiones medioambientales que pueden provocar un envejecimiento prematuro.<\/p>\n\n<h4 class=\"wp-block-heading\">Efecto antiinflamatorio<\/h4>\n\n<p>Tiene un efecto antiinflamatorio y puede ayudar con problemas cut\u00e1neos como la ros\u00e1cea, el eccema y el acn\u00e9.<\/p>\n\n<h4 class=\"wp-block-heading\">Ralentizar el envejecimiento cut\u00e1neo<\/h4>\n\n<p>La quercetina ayuda a la piel a hacer frente al estr\u00e9s oxidativo y, por tanto, puede ralentizar el proceso de envejecimiento cut\u00e1neo.<\/p>\n\n<h3 class=\"wp-block-heading\">Posibles efectos secundarios<\/h3>\n\n<p>En general, la quercetina se tolera bien, pero puede causar irritaci\u00f3n cut\u00e1nea en personas hipersensibles.<\/p>\n\n<h2 class=\"wp-block-heading\">Uso de la quercetina en el cuidado de la piel<\/h2>\n\n<h3 class=\"wp-block-heading\">Aplicaci\u00f3n correcta<\/h3>\n\n<ul class=\"wp-block-list\">\n<li><strong>Utilizar<\/strong> regularmente: Para obtener resultados \u00f3ptimos, debe utilizarse regularmente un producto que contenga quercetina.<\/li>\n\n\n\n<li><strong>Combinaci\u00f3n con crema hidratante<\/strong>: la quercetina puede potenciar el efecto de las cremas hidratantes, por lo que es un buen complemento.<\/li>\n<\/ul>\n\n<h3 class=\"wp-block-heading\">C\u00f3mo no utilizarlo<\/h3>\n\n<ul class=\"wp-block-list\">\n<li><strong>Precauci\u00f3n con las alergias<\/strong>: No utilizar si se sabe que es hipersensible a la quercetina.<\/li>\n<\/ul>\n\n<h2 class=\"wp-block-heading\">PREGUNTAS FRECUENTES<\/h2>\n\n<p><strong>1. \u00bfes la quercetina adecuada para todos los tipos de piel?<\/strong>  S\u00ed, la quercetina es adecuada para todo tipo de pieles, pero especialmente para las que presentan signos de envejecimiento o inflamaci\u00f3n.<\/p>\n\n<p><strong>2. \u00bfpuede la quercetina tratar el acn\u00e9?<\/strong>  La quercetina puede tener un efecto de apoyo en el tratamiento del acn\u00e9 debido a sus propiedades antiinflamatorias.<\/p>\n\n<p><strong>3. \u00bfEn cu\u00e1nto tiempo se pueden esperar resultados?<\/strong>  El efecto de la quercetina puede variar de una persona a otra, pero muchos usuarios informan de una mejora del aspecto de la piel tras un uso regular durante varias semanas.<\/p>\n\n<h2 class=\"wp-block-heading\">Conclusi\u00f3n<\/h2>\n\n<p>La quercetina es un prometedor ingrediente para el cuidado de la piel que ofrece una protecci\u00f3n eficaz contra el envejecimiento cut\u00e1neo y los da\u00f1os medioambientales gracias a sus propiedades antioxidantes y antiinflamatorias. El uso regular de un producto que contenga quercetina puede contribuir a que la piel tenga un aspecto m\u00e1s sano, resistente y joven. Incluya la quercetina en su rutina de cuidado de la piel para beneficiarse de sus numerosas ventajas.<\/p>\n","protected":false},"excerpt":{"rendered":"<p>LA QUERCETINA EN EL CUIDADO DE LA PIEL Introducci\u00f3n: \u00bfQu\u00e9 es la quercetina? La quercetina es un potente flavonoide y antioxidante que se encuentra de forma natural en muchas frutas y verduras, como las manzanas, las cebollas y las uvas. En el cuidado de la piel, la quercetina se valora por sus propiedades antioxidantes y &#8230; <a title=\"La quercetina en el cuidado de la piel: un poderoso escudo protector para la piel\" class=\"read-more\" href=\"https:\/\/thedermacheck.com\/es\/la-quercetina-en-el-cuidado-de-la-piel-un-poderoso-escudo-protector-para-la-piel\/\" aria-label=\"Leer m\u00e1s sobre La quercetina en el cuidado de la piel: un poderoso escudo protector para la piel\">Mehr erfahren<\/a><\/p>\n","protected":false},"author":2,"featured_media":0,"parent":0,"menu_order":0,"comment_status":"closed","ping_status":"closed","template":"","meta":{"_acf_changed":false,"_lmt_disableupdate":"","_lmt_disable":"","footnotes":""},"categories":[43],"tags":[],"class_list":{"0":"post-3122","1":"page","2":"type-page","3":"status-publish","5":"category-ingredientes"},"acf":[],"yoast_head":"<!-- This site is optimized with the Yoast SEO Premium plugin v25.7.1 (Yoast SEO v25.7) - https:\/\/yoast.com\/wordpress\/plugins\/seo\/ -->\n<title>La quercetina en el cuidado de la piel: un poderoso escudo protector para la piel | The Derma Check<\/title>\n<meta name=\"robots\" content=\"index, follow, max-snippet:-1, max-image-preview:large, max-video-preview:-1\" \/>\n<link rel=\"canonical\" href=\"https:\/\/thedermacheck.com\/es\/la-quercetina-en-el-cuidado-de-la-piel-un-poderoso-escudo-protector-para-la-piel\/\" \/>\n<meta property=\"og:locale\" content=\"es_ES\" \/>\n<meta property=\"og:type\" content=\"article\" \/>\n<meta property=\"og:title\" content=\"La quercetina en el cuidado de la piel: un poderoso escudo protector para la piel\" \/>\n<meta property=\"og:description\" content=\"LA QUERCETINA EN EL CUIDADO DE LA PIEL Introducci\u00f3n: \u00bfQu\u00e9 es la quercetina? La quercetina es un potente flavonoide y antioxidante que se encuentra de forma natural en muchas frutas y verduras, como las manzanas, las cebollas y las uvas. En el cuidado de la piel, la quercetina se valora por sus propiedades antioxidantes y ... Mehr erfahren\" \/>\n<meta property=\"og:url\" content=\"https:\/\/thedermacheck.com\/es\/la-quercetina-en-el-cuidado-de-la-piel-un-poderoso-escudo-protector-para-la-piel\/\" \/>\n<meta property=\"og:site_name\" content=\"The Derma Check\" \/>\n<meta property=\"article:modified_time\" content=\"2024-02-13T14:57:11+00:00\" \/>\n<meta name=\"twitter:card\" content=\"summary_large_image\" \/>\n<meta name=\"twitter:label1\" content=\"Tiempo de lectura\" \/>\n\t<meta name=\"twitter:data1\" content=\"2 minutos\" \/>\n<script type=\"application\/ld+json\" class=\"yoast-schema-graph\">{\"@context\":\"https:\/\/schema.org\",\"@graph\":[{\"@type\":\"WebPage\",\"@id\":\"https:\/\/thedermacheck.com\/es\/la-quercetina-en-el-cuidado-de-la-piel-un-poderoso-escudo-protector-para-la-piel\/\",\"url\":\"https:\/\/thedermacheck.com\/es\/la-quercetina-en-el-cuidado-de-la-piel-un-poderoso-escudo-protector-para-la-piel\/\",\"name\":\"La quercetina en el cuidado de la piel: un poderoso escudo protector para la piel | The Derma Check\",\"isPartOf\":{\"@id\":\"https:\/\/thedermacheck.com\/es\/#website\"},\"datePublished\":\"2023-12-19T14:49:41+00:00\",\"dateModified\":\"2024-02-13T14:57:11+00:00\",\"breadcrumb\":{\"@id\":\"https:\/\/thedermacheck.com\/es\/la-quercetina-en-el-cuidado-de-la-piel-un-poderoso-escudo-protector-para-la-piel\/#breadcrumb\"},\"inLanguage\":\"es\",\"potentialAction\":[{\"@type\":\"ReadAction\",\"target\":[\"https:\/\/thedermacheck.com\/es\/la-quercetina-en-el-cuidado-de-la-piel-un-poderoso-escudo-protector-para-la-piel\/\"]}]},{\"@type\":\"BreadcrumbList\",\"@id\":\"https:\/\/thedermacheck.com\/es\/la-quercetina-en-el-cuidado-de-la-piel-un-poderoso-escudo-protector-para-la-piel\/#breadcrumb\",\"itemListElement\":[{\"@type\":\"ListItem\",\"position\":1,\"name\":\"Derma Check\",\"item\":\"https:\/\/thedermacheck.com\/es\/\"},{\"@type\":\"ListItem\",\"position\":2,\"name\":\"La quercetina en el cuidado de la piel: un poderoso escudo protector para la piel\"}]},{\"@type\":\"WebSite\",\"@id\":\"https:\/\/thedermacheck.com\/es\/#website\",\"url\":\"https:\/\/thedermacheck.com\/es\/\",\"name\":\"The Derma Check\",\"description\":\"\",\"publisher\":{\"@id\":\"https:\/\/thedermacheck.com\/es\/#organization\"},\"potentialAction\":[{\"@type\":\"SearchAction\",\"target\":{\"@type\":\"EntryPoint\",\"urlTemplate\":\"https:\/\/thedermacheck.com\/es\/?s={search_term_string}\"},\"query-input\":{\"@type\":\"PropertyValueSpecification\",\"valueRequired\":true,\"valueName\":\"search_term_string\"}}],\"inLanguage\":\"es\"},{\"@type\":\"Organization\",\"@id\":\"https:\/\/thedermacheck.com\/es\/#organization\",\"name\":\"The Derma Check\",\"url\":\"https:\/\/thedermacheck.com\/es\/\",\"logo\":{\"@type\":\"ImageObject\",\"inLanguage\":\"es\",\"@id\":\"https:\/\/thedermacheck.com\/es\/#\/schema\/logo\/image\/\",\"url\":\"https:\/\/thedermacheck.com\/wp-content\/uploads\/2023\/10\/cropped-THE-DERMA-CHECK-FAVICON-NEW-1.png\",\"contentUrl\":\"https:\/\/thedermacheck.com\/wp-content\/uploads\/2023\/10\/cropped-THE-DERMA-CHECK-FAVICON-NEW-1.png\",\"width\":512,\"height\":512,\"caption\":\"The Derma Check\"},\"image\":{\"@id\":\"https:\/\/thedermacheck.com\/es\/#\/schema\/logo\/image\/\"}}]}<\/script>\n<!-- \/ Yoast SEO Premium plugin. -->","yoast_head_json":{"title":"La quercetina en el cuidado de la piel: un poderoso escudo protector para la piel | The Derma Check","robots":{"index":"index","follow":"follow","max-snippet":"max-snippet:-1","max-image-preview":"max-image-preview:large","max-video-preview":"max-video-preview:-1"},"canonical":"https:\/\/thedermacheck.com\/es\/la-quercetina-en-el-cuidado-de-la-piel-un-poderoso-escudo-protector-para-la-piel\/","og_locale":"es_ES","og_type":"article","og_title":"La quercetina en el cuidado de la piel: un poderoso escudo protector para la piel","og_description":"LA QUERCETINA EN EL CUIDADO DE LA PIEL Introducci\u00f3n: \u00bfQu\u00e9 es la quercetina? La quercetina es un potente flavonoide y antioxidante que se encuentra de forma natural en muchas frutas y verduras, como las manzanas, las cebollas y las uvas. En el cuidado de la piel, la quercetina se valora por sus propiedades antioxidantes y ... Mehr erfahren","og_url":"https:\/\/thedermacheck.com\/es\/la-quercetina-en-el-cuidado-de-la-piel-un-poderoso-escudo-protector-para-la-piel\/","og_site_name":"The Derma Check","article_modified_time":"2024-02-13T14:57:11+00:00","twitter_card":"summary_large_image","twitter_misc":{"Tiempo de lectura":"2 minutos"},"schema":{"@context":"https:\/\/schema.org","@graph":[{"@type":"WebPage","@id":"https:\/\/thedermacheck.com\/es\/la-quercetina-en-el-cuidado-de-la-piel-un-poderoso-escudo-protector-para-la-piel\/","url":"https:\/\/thedermacheck.com\/es\/la-quercetina-en-el-cuidado-de-la-piel-un-poderoso-escudo-protector-para-la-piel\/","name":"La quercetina en el cuidado de la piel: un poderoso escudo protector para la piel | The Derma Check","isPartOf":{"@id":"https:\/\/thedermacheck.com\/es\/#website"},"datePublished":"2023-12-19T14:49:41+00:00","dateModified":"2024-02-13T14:57:11+00:00","breadcrumb":{"@id":"https:\/\/thedermacheck.com\/es\/la-quercetina-en-el-cuidado-de-la-piel-un-poderoso-escudo-protector-para-la-piel\/#breadcrumb"},"inLanguage":"es","potentialAction":[{"@type":"ReadAction","target":["https:\/\/thedermacheck.com\/es\/la-quercetina-en-el-cuidado-de-la-piel-un-poderoso-escudo-protector-para-la-piel\/"]}]},{"@type":"BreadcrumbList","@id":"https:\/\/thedermacheck.com\/es\/la-quercetina-en-el-cuidado-de-la-piel-un-poderoso-escudo-protector-para-la-piel\/#breadcrumb","itemListElement":[{"@type":"ListItem","position":1,"name":"Derma Check","item":"https:\/\/thedermacheck.com\/es\/"},{"@type":"ListItem","position":2,"name":"La quercetina en el cuidado de la piel: un poderoso escudo protector para la piel"}]},{"@type":"WebSite","@id":"https:\/\/thedermacheck.com\/es\/#website","url":"https:\/\/thedermacheck.com\/es\/","name":"The Derma Check","description":"","publisher":{"@id":"https:\/\/thedermacheck.com\/es\/#organization"},"potentialAction":[{"@type":"SearchAction","target":{"@type":"EntryPoint","urlTemplate":"https:\/\/thedermacheck.com\/es\/?s={search_term_string}"},"query-input":{"@type":"PropertyValueSpecification","valueRequired":true,"valueName":"search_term_string"}}],"inLanguage":"es"},{"@type":"Organization","@id":"https:\/\/thedermacheck.com\/es\/#organization","name":"The Derma Check","url":"https:\/\/thedermacheck.com\/es\/","logo":{"@type":"ImageObject","inLanguage":"es","@id":"https:\/\/thedermacheck.com\/es\/#\/schema\/logo\/image\/","url":"https:\/\/thedermacheck.com\/wp-content\/uploads\/2023\/10\/cropped-THE-DERMA-CHECK-FAVICON-NEW-1.png","contentUrl":"https:\/\/thedermacheck.com\/wp-content\/uploads\/2023\/10\/cropped-THE-DERMA-CHECK-FAVICON-NEW-1.png","width":512,"height":512,"caption":"The Derma Check"},"image":{"@id":"https:\/\/thedermacheck.com\/es\/#\/schema\/logo\/image\/"}}]}},"_links":{"self":[{"href":"https:\/\/thedermacheck.com\/es\/wp-json\/wp\/v2\/pages\/3122","targetHints":{"allow":["GET"]}}],"collection":[{"href":"https:\/\/thedermacheck.com\/es\/wp-json\/wp\/v2\/pages"}],"about":[{"href":"https:\/\/thedermacheck.com\/es\/wp-json\/wp\/v2\/types\/page"}],"author":[{"embeddable":true,"href":"https:\/\/thedermacheck.com\/es\/wp-json\/wp\/v2\/users\/2"}],"replies":[{"embeddable":true,"href":"https:\/\/thedermacheck.com\/es\/wp-json\/wp\/v2\/comments?post=3122"}],"version-history":[{"count":1,"href":"https:\/\/thedermacheck.com\/es\/wp-json\/wp\/v2\/pages\/3122\/revisions"}],"predecessor-version":[{"id":3123,"href":"https:\/\/thedermacheck.com\/es\/wp-json\/wp\/v2\/pages\/3122\/revisions\/3123"}],"wp:attachment":[{"href":"https:\/\/thedermacheck.com\/es\/wp-json\/wp\/v2\/media?parent=3122"}],"wp:term":[{"taxonomy":"category","embeddable":true,"href":"https:\/\/thedermacheck.com\/es\/wp-json\/wp\/v2\/categories?post=3122"},{"taxonomy":"post_tag","embeddable":true,"href":"https:\/\/thedermacheck.com\/es\/wp-json\/wp\/v2\/tags?post=3122"}],"curies":[{"name":"wp","href":"https:\/\/api.w.org\/{rel}","templated":true}]}}