{"id":3278,"date":"2023-12-19T14:24:13","date_gmt":"2023-12-19T14:24:13","guid":{"rendered":"https:\/\/thedermacheck.com\/el-aceite-de-moringa-en-los-productos-para-el-cuidado-de-la-piel-un-potente-potenciador-natural-para-la-piel\/"},"modified":"2024-02-13T15:01:14","modified_gmt":"2024-02-13T15:01:14","slug":"el-aceite-de-moringa-en-los-productos-para-el-cuidado-de-la-piel-un-potente-potenciador-natural-para-la-piel","status":"publish","type":"page","link":"https:\/\/thedermacheck.com\/es\/el-aceite-de-moringa-en-los-productos-para-el-cuidado-de-la-piel-un-potente-potenciador-natural-para-la-piel\/","title":{"rendered":"El aceite de moringa en los productos para el cuidado de la piel: Un potente potenciador natural para la piel"},"content":{"rendered":"\n<p><strong>El aceite de moringa en el cuidado de la piel<\/strong><\/p>\n\n<ul class=\"wp-block-list\">\n<li><strong>Tipo de ingrediente:<\/strong> Aceite natural rico en antioxidantes<\/li>\n\n\n\n<li><strong>Principales beneficios:<\/strong> Hidratante, antioxidante, favorece la salud de la piel<\/li>\n\n\n\n<li><strong>Ideal para:<\/strong> Todo tipo de pieles, especialmente para pieles secas y maduras<\/li>\n\n\n\n<li><strong>Frecuencia de uso:<\/strong> Diaria, dependiendo del producto y del tipo de piel<\/li>\n\n\n\n<li><strong>Combinar con:<\/strong> Otros hidratantes y s\u00e9rums<\/li>\n\n\n\n<li><strong>No utilizar con:<\/strong> Ingredientes espec\u00edficos no se conocen interacciones negativas<\/li>\n<\/ul>\n\n<hr class=\"wp-block-separator has-alpha-channel-opacity\"\/>\n\n<h3 class=\"wp-block-heading\"><strong>\u00bfQu\u00e9 es el aceite de Moringa?<\/strong><\/h3>\n\n<p>El aceite de moringa se extrae de las semillas del \u00e1rbol de la moringa y es conocido en el cuidado de la piel por sus ricas propiedades antioxidantes e hidratantes. Es un aceite ligero que la piel absorbe r\u00e1pidamente y aporta multitud de nutrientes.<\/p>\n\n<h3 class=\"wp-block-heading\"><strong>Beneficios del aceite de moringa para la piel<\/strong><\/h3>\n\n<ul class=\"wp-block-list\">\n<li><strong>Hidrataci\u00f3n:<\/strong> el aceite de moringa proporciona a la piel una hidrataci\u00f3n intensa y previene la sequedad.<\/li>\n\n\n\n<li><strong>Efecto antioxidante:<\/strong> combate los radicales libres y, por tanto, puede retrasar el envejecimiento de la piel.<\/li>\n\n\n\n<li><strong>Favorece la salud de la piel:<\/strong> Rico en vitaminas y minerales, favorece la salud de la piel.<\/li>\n<\/ul>\n\n<h3 class=\"wp-block-heading\"><strong>Posibles efectos secundarios<\/strong><\/h3>\n\n<p>En general, el aceite de moringa se tolera bien, pero, como ocurre con todos los productos para el cuidado de la piel, puede causar irritaci\u00f3n cut\u00e1nea en algunas personas. Se recomienda realizar una prueba de parche para comprobar la compatibilidad.<\/p>\n\n<h3 class=\"wp-block-heading\"><strong>Recomendaciones de aplicaci\u00f3n<\/strong><\/h3>\n\n<ul class=\"wp-block-list\">\n<li><strong>Vers\u00e1til:<\/strong> Puede utilizarse como parte de la rutina diaria de hidrataci\u00f3n, sola o mezclada con otros productos.<\/li>\n\n\n\n<li>Ideal como aceite facial<strong>:<\/strong> Debido a su consistencia ligera, el aceite de moringa es ideal como aceite facial.<\/li>\n<\/ul>\n\n<h3 class=\"wp-block-heading\"><strong>C\u00f3mo no utilizarlo<\/strong><\/h3>\n\n<ul class=\"wp-block-list\">\n<li><strong>No sobredosificar:<\/strong> Una peque\u00f1a cantidad es suficiente ya que es muy econ\u00f3mico.<\/li>\n\n\n\n<li><strong>No utilizar en exceso en pieles con imperfecciones o propensas al acn\u00e9:<\/strong> Aunque no es comedog\u00e9nico, debe utilizarse con precauci\u00f3n en pieles grasas.<\/li>\n<\/ul>\n\n<h3 class=\"wp-block-heading\"><strong>PREGUNTAS FRECUENTES<\/strong><\/h3>\n\n<p><strong>1 \u00bfPara qui\u00e9n es adecuado el aceite de Moringa?<\/strong>  Para todo tipo de pieles, especialmente eficaz para pieles secas y maduras.<\/p>\n\n<p><strong>2. \u00bfpuede el aceite de moringa ayudar con el acn\u00e9?<\/strong>  No est\u00e1 destinado espec\u00edficamente al tratamiento del acn\u00e9, pero puede tener un efecto de apoyo gracias a sus propiedades antiinflamatorias.<\/p>\n\n<p><strong>3 \u00bfEn qu\u00e9 se diferencia el aceite de Moringa de otros aceites?<\/strong>  El aceite de moringa se caracteriza por una alta concentraci\u00f3n de antioxidantes y nutrientes y se absorbe f\u00e1cil y r\u00e1pidamente.<\/p>\n\n<h3 class=\"wp-block-heading\"><strong>Conclusi\u00f3n<\/strong><\/h3>\n\n<p>El aceite de moringa es un valioso ingrediente para el cuidado de la piel que ofrece una amplia gama de beneficios. Hidrata, combate los radicales libres y favorece la salud general de la piel. Si se utiliza correctamente, el aceite de Moringa puede ser una parte esencial de su rutina de cuidado de la piel, especialmente para ayudar a las pieles secas y maduras.<\/p>\n","protected":false},"excerpt":{"rendered":"<p>El aceite de moringa en el cuidado de la piel \u00bfQu\u00e9 es el aceite de Moringa? El aceite de moringa se extrae de las semillas del \u00e1rbol de la moringa y es conocido en el cuidado de la piel por sus ricas propiedades antioxidantes e hidratantes. Es un aceite ligero que la piel absorbe r\u00e1pidamente &#8230; <a title=\"El aceite de moringa en los productos para el cuidado de la piel: Un potente potenciador natural para la piel\" class=\"read-more\" href=\"https:\/\/thedermacheck.com\/es\/el-aceite-de-moringa-en-los-productos-para-el-cuidado-de-la-piel-un-potente-potenciador-natural-para-la-piel\/\" aria-label=\"Leer m\u00e1s sobre El aceite de moringa en los productos para el cuidado de la piel: Un potente potenciador natural para la piel\">Mehr erfahren<\/a><\/p>\n","protected":false},"author":2,"featured_media":0,"parent":0,"menu_order":0,"comment_status":"closed","ping_status":"closed","template":"","meta":{"_acf_changed":false,"_lmt_disableupdate":"","_lmt_disable":"","footnotes":""},"categories":[43],"tags":[],"class_list":{"0":"post-3278","1":"page","2":"type-page","3":"status-publish","5":"category-ingredientes"},"acf":[],"yoast_head":"<!-- This site is optimized with the Yoast SEO Premium plugin v25.7.1 (Yoast SEO v25.7) - https:\/\/yoast.com\/wordpress\/plugins\/seo\/ -->\n<title>El aceite de moringa en los productos para el cuidado de la piel: Un potente potenciador natural para la piel | The Derma Check<\/title>\n<meta name=\"robots\" content=\"index, follow, max-snippet:-1, max-image-preview:large, max-video-preview:-1\" \/>\n<link rel=\"canonical\" href=\"https:\/\/thedermacheck.com\/es\/el-aceite-de-moringa-en-los-productos-para-el-cuidado-de-la-piel-un-potente-potenciador-natural-para-la-piel\/\" \/>\n<meta property=\"og:locale\" content=\"es_ES\" \/>\n<meta property=\"og:type\" content=\"article\" \/>\n<meta property=\"og:title\" content=\"El aceite de moringa en los productos para el cuidado de la piel: Un potente potenciador natural para la piel\" \/>\n<meta property=\"og:description\" content=\"El aceite de moringa en el cuidado de la piel \u00bfQu\u00e9 es el aceite de Moringa? El aceite de moringa se extrae de las semillas del \u00e1rbol de la moringa y es conocido en el cuidado de la piel por sus ricas propiedades antioxidantes e hidratantes. Es un aceite ligero que la piel absorbe r\u00e1pidamente ... Mehr erfahren\" \/>\n<meta property=\"og:url\" content=\"https:\/\/thedermacheck.com\/es\/el-aceite-de-moringa-en-los-productos-para-el-cuidado-de-la-piel-un-potente-potenciador-natural-para-la-piel\/\" \/>\n<meta property=\"og:site_name\" content=\"The Derma Check\" \/>\n<meta property=\"article:modified_time\" content=\"2024-02-13T15:01:14+00:00\" \/>\n<meta name=\"twitter:card\" content=\"summary_large_image\" \/>\n<meta name=\"twitter:label1\" content=\"Tiempo de lectura\" \/>\n\t<meta name=\"twitter:data1\" content=\"2 minutos\" \/>\n<script type=\"application\/ld+json\" class=\"yoast-schema-graph\">{\"@context\":\"https:\/\/schema.org\",\"@graph\":[{\"@type\":\"WebPage\",\"@id\":\"https:\/\/thedermacheck.com\/es\/el-aceite-de-moringa-en-los-productos-para-el-cuidado-de-la-piel-un-potente-potenciador-natural-para-la-piel\/\",\"url\":\"https:\/\/thedermacheck.com\/es\/el-aceite-de-moringa-en-los-productos-para-el-cuidado-de-la-piel-un-potente-potenciador-natural-para-la-piel\/\",\"name\":\"El aceite de moringa en los productos para el cuidado de la piel: Un potente potenciador natural para la piel | The Derma Check\",\"isPartOf\":{\"@id\":\"https:\/\/thedermacheck.com\/es\/#website\"},\"datePublished\":\"2023-12-19T14:24:13+00:00\",\"dateModified\":\"2024-02-13T15:01:14+00:00\",\"breadcrumb\":{\"@id\":\"https:\/\/thedermacheck.com\/es\/el-aceite-de-moringa-en-los-productos-para-el-cuidado-de-la-piel-un-potente-potenciador-natural-para-la-piel\/#breadcrumb\"},\"inLanguage\":\"es\",\"potentialAction\":[{\"@type\":\"ReadAction\",\"target\":[\"https:\/\/thedermacheck.com\/es\/el-aceite-de-moringa-en-los-productos-para-el-cuidado-de-la-piel-un-potente-potenciador-natural-para-la-piel\/\"]}]},{\"@type\":\"BreadcrumbList\",\"@id\":\"https:\/\/thedermacheck.com\/es\/el-aceite-de-moringa-en-los-productos-para-el-cuidado-de-la-piel-un-potente-potenciador-natural-para-la-piel\/#breadcrumb\",\"itemListElement\":[{\"@type\":\"ListItem\",\"position\":1,\"name\":\"Derma Check\",\"item\":\"https:\/\/thedermacheck.com\/es\/\"},{\"@type\":\"ListItem\",\"position\":2,\"name\":\"El aceite de moringa en los productos para el cuidado de la piel: Un potente potenciador natural para la piel\"}]},{\"@type\":\"WebSite\",\"@id\":\"https:\/\/thedermacheck.com\/es\/#website\",\"url\":\"https:\/\/thedermacheck.com\/es\/\",\"name\":\"The Derma Check\",\"description\":\"\",\"publisher\":{\"@id\":\"https:\/\/thedermacheck.com\/es\/#organization\"},\"potentialAction\":[{\"@type\":\"SearchAction\",\"target\":{\"@type\":\"EntryPoint\",\"urlTemplate\":\"https:\/\/thedermacheck.com\/es\/?s={search_term_string}\"},\"query-input\":{\"@type\":\"PropertyValueSpecification\",\"valueRequired\":true,\"valueName\":\"search_term_string\"}}],\"inLanguage\":\"es\"},{\"@type\":\"Organization\",\"@id\":\"https:\/\/thedermacheck.com\/es\/#organization\",\"name\":\"The Derma Check\",\"url\":\"https:\/\/thedermacheck.com\/es\/\",\"logo\":{\"@type\":\"ImageObject\",\"inLanguage\":\"es\",\"@id\":\"https:\/\/thedermacheck.com\/es\/#\/schema\/logo\/image\/\",\"url\":\"https:\/\/thedermacheck.com\/wp-content\/uploads\/2023\/10\/cropped-THE-DERMA-CHECK-FAVICON-NEW-1.png\",\"contentUrl\":\"https:\/\/thedermacheck.com\/wp-content\/uploads\/2023\/10\/cropped-THE-DERMA-CHECK-FAVICON-NEW-1.png\",\"width\":512,\"height\":512,\"caption\":\"The Derma Check\"},\"image\":{\"@id\":\"https:\/\/thedermacheck.com\/es\/#\/schema\/logo\/image\/\"}}]}<\/script>\n<!-- \/ Yoast SEO Premium plugin. -->","yoast_head_json":{"title":"El aceite de moringa en los productos para el cuidado de la piel: Un potente potenciador natural para la piel | The Derma Check","robots":{"index":"index","follow":"follow","max-snippet":"max-snippet:-1","max-image-preview":"max-image-preview:large","max-video-preview":"max-video-preview:-1"},"canonical":"https:\/\/thedermacheck.com\/es\/el-aceite-de-moringa-en-los-productos-para-el-cuidado-de-la-piel-un-potente-potenciador-natural-para-la-piel\/","og_locale":"es_ES","og_type":"article","og_title":"El aceite de moringa en los productos para el cuidado de la piel: Un potente potenciador natural para la piel","og_description":"El aceite de moringa en el cuidado de la piel \u00bfQu\u00e9 es el aceite de Moringa? El aceite de moringa se extrae de las semillas del \u00e1rbol de la moringa y es conocido en el cuidado de la piel por sus ricas propiedades antioxidantes e hidratantes. Es un aceite ligero que la piel absorbe r\u00e1pidamente ... Mehr erfahren","og_url":"https:\/\/thedermacheck.com\/es\/el-aceite-de-moringa-en-los-productos-para-el-cuidado-de-la-piel-un-potente-potenciador-natural-para-la-piel\/","og_site_name":"The Derma Check","article_modified_time":"2024-02-13T15:01:14+00:00","twitter_card":"summary_large_image","twitter_misc":{"Tiempo de lectura":"2 minutos"},"schema":{"@context":"https:\/\/schema.org","@graph":[{"@type":"WebPage","@id":"https:\/\/thedermacheck.com\/es\/el-aceite-de-moringa-en-los-productos-para-el-cuidado-de-la-piel-un-potente-potenciador-natural-para-la-piel\/","url":"https:\/\/thedermacheck.com\/es\/el-aceite-de-moringa-en-los-productos-para-el-cuidado-de-la-piel-un-potente-potenciador-natural-para-la-piel\/","name":"El aceite de moringa en los productos para el cuidado de la piel: Un potente potenciador natural para la piel | The Derma Check","isPartOf":{"@id":"https:\/\/thedermacheck.com\/es\/#website"},"datePublished":"2023-12-19T14:24:13+00:00","dateModified":"2024-02-13T15:01:14+00:00","breadcrumb":{"@id":"https:\/\/thedermacheck.com\/es\/el-aceite-de-moringa-en-los-productos-para-el-cuidado-de-la-piel-un-potente-potenciador-natural-para-la-piel\/#breadcrumb"},"inLanguage":"es","potentialAction":[{"@type":"ReadAction","target":["https:\/\/thedermacheck.com\/es\/el-aceite-de-moringa-en-los-productos-para-el-cuidado-de-la-piel-un-potente-potenciador-natural-para-la-piel\/"]}]},{"@type":"BreadcrumbList","@id":"https:\/\/thedermacheck.com\/es\/el-aceite-de-moringa-en-los-productos-para-el-cuidado-de-la-piel-un-potente-potenciador-natural-para-la-piel\/#breadcrumb","itemListElement":[{"@type":"ListItem","position":1,"name":"Derma Check","item":"https:\/\/thedermacheck.com\/es\/"},{"@type":"ListItem","position":2,"name":"El aceite de moringa en los productos para el cuidado de la piel: Un potente potenciador natural para la piel"}]},{"@type":"WebSite","@id":"https:\/\/thedermacheck.com\/es\/#website","url":"https:\/\/thedermacheck.com\/es\/","name":"The Derma Check","description":"","publisher":{"@id":"https:\/\/thedermacheck.com\/es\/#organization"},"potentialAction":[{"@type":"SearchAction","target":{"@type":"EntryPoint","urlTemplate":"https:\/\/thedermacheck.com\/es\/?s={search_term_string}"},"query-input":{"@type":"PropertyValueSpecification","valueRequired":true,"valueName":"search_term_string"}}],"inLanguage":"es"},{"@type":"Organization","@id":"https:\/\/thedermacheck.com\/es\/#organization","name":"The Derma Check","url":"https:\/\/thedermacheck.com\/es\/","logo":{"@type":"ImageObject","inLanguage":"es","@id":"https:\/\/thedermacheck.com\/es\/#\/schema\/logo\/image\/","url":"https:\/\/thedermacheck.com\/wp-content\/uploads\/2023\/10\/cropped-THE-DERMA-CHECK-FAVICON-NEW-1.png","contentUrl":"https:\/\/thedermacheck.com\/wp-content\/uploads\/2023\/10\/cropped-THE-DERMA-CHECK-FAVICON-NEW-1.png","width":512,"height":512,"caption":"The Derma Check"},"image":{"@id":"https:\/\/thedermacheck.com\/es\/#\/schema\/logo\/image\/"}}]}},"_links":{"self":[{"href":"https:\/\/thedermacheck.com\/es\/wp-json\/wp\/v2\/pages\/3278","targetHints":{"allow":["GET"]}}],"collection":[{"href":"https:\/\/thedermacheck.com\/es\/wp-json\/wp\/v2\/pages"}],"about":[{"href":"https:\/\/thedermacheck.com\/es\/wp-json\/wp\/v2\/types\/page"}],"author":[{"embeddable":true,"href":"https:\/\/thedermacheck.com\/es\/wp-json\/wp\/v2\/users\/2"}],"replies":[{"embeddable":true,"href":"https:\/\/thedermacheck.com\/es\/wp-json\/wp\/v2\/comments?post=3278"}],"version-history":[{"count":1,"href":"https:\/\/thedermacheck.com\/es\/wp-json\/wp\/v2\/pages\/3278\/revisions"}],"predecessor-version":[{"id":3279,"href":"https:\/\/thedermacheck.com\/es\/wp-json\/wp\/v2\/pages\/3278\/revisions\/3279"}],"wp:attachment":[{"href":"https:\/\/thedermacheck.com\/es\/wp-json\/wp\/v2\/media?parent=3278"}],"wp:term":[{"taxonomy":"category","embeddable":true,"href":"https:\/\/thedermacheck.com\/es\/wp-json\/wp\/v2\/categories?post=3278"},{"taxonomy":"post_tag","embeddable":true,"href":"https:\/\/thedermacheck.com\/es\/wp-json\/wp\/v2\/tags?post=3278"}],"curies":[{"name":"wp","href":"https:\/\/api.w.org\/{rel}","templated":true}]}}