{"id":3520,"date":"2023-12-16T21:03:43","date_gmt":"2023-12-16T21:03:43","guid":{"rendered":"https:\/\/thedermacheck.com\/coq10-en-productos-para-el-cuidado-de-la-piel-un-elemento-clave-para-una-piel-joven\/"},"modified":"2024-02-13T15:04:25","modified_gmt":"2024-02-13T15:04:25","slug":"coq10-en-productos-para-el-cuidado-de-la-piel-un-elemento-clave-para-una-piel-joven","status":"publish","type":"page","link":"https:\/\/thedermacheck.com\/es\/coq10-en-productos-para-el-cuidado-de-la-piel-un-elemento-clave-para-una-piel-joven\/","title":{"rendered":"CoQ10 en productos para el cuidado de la piel: Un elemento clave para una piel joven"},"content":{"rendered":"\n<p><strong>CoQ10 en el cuidado de la piel<\/strong><\/p>\n\n<ul class=\"wp-block-list\">\n<li><strong>Tipo de ingrediente:<\/strong> Antioxidante<\/li>\n\n\n\n<li><strong>Principales beneficios:<\/strong> Protege la piel de los radicales libres, ralentiza el proceso de envejecimiento.<\/li>\n\n\n\n<li><strong>Ideal para:<\/strong> Todo tipo de pieles, especialmente para pieles maduras<\/li>\n\n\n\n<li><strong>Frecuencia de uso:<\/strong> Diaria, principalmente en cremas de noche<\/li>\n\n\n\n<li><strong>Combinaci\u00f3n con:<\/strong> Vitamina C, E y otros antioxidantes<\/li>\n\n\n\n<li><strong>No utilizar con:<\/strong> Las intolerancias espec\u00edficas son raras, pero debe tenerse en cuenta la tolerancia cut\u00e1nea individual<\/li>\n<\/ul>\n\n<hr class=\"wp-block-separator has-alpha-channel-opacity\"\/>\n\n<h3 class=\"wp-block-heading\"><strong>\u00bfQu\u00e9 es la CoQ10?<\/strong><\/h3>\n\n<p><strong>La coenzima<\/strong> <strong>Q10<\/strong>, o <strong>CoQ10<\/strong> para abreviar, es un potente antioxidante cada vez m\u00e1s popular en los productos para el cuidado de la piel. Desempe\u00f1a un papel clave en el metabolismo energ\u00e9tico de las c\u00e9lulas y es conocido por sus propiedades protectoras y rejuvenecedoras de la piel.<\/p>\n\n<h3 class=\"wp-block-heading\"><strong>Beneficios de la CoQ10 para la piel<\/strong><\/h3>\n\n<ul class=\"wp-block-list\">\n<li><strong>Protecci\u00f3n frente a los radicales libres:<\/strong> la CoQ10 ayuda a proteger la piel de los da\u00f1os causados por los radicales libres debido a factores ambientales como los rayos UV y la contaminaci\u00f3n.<\/li>\n\n\n\n<li>Ralentiza <strong>el proceso de envejecimiento:<\/strong> Gracias a su efecto antioxidante, la CoQ10 puede ralentizar los signos visibles del envejecimiento de la piel, como las l\u00edneas de expresi\u00f3n y las arrugas.<\/li>\n\n\n\n<li><strong>Mejora de la elasticidad de la piel:<\/strong> El uso regular de CoQ10 puede ayudar a mejorar la firmeza y elasticidad de la piel.<\/li>\n<\/ul>\n\n<h3 class=\"wp-block-heading\"><strong>Posibles efectos secundarios<\/strong><\/h3>\n\n<p>En general, la CoQ10 se tolera bien y los efectos secundarios son poco frecuentes. Sin embargo, las pieles sensibles pueden reaccionar ligeramente. Se recomienda probar primero el producto en una peque\u00f1a zona de la piel.<\/p>\n\n<h3 class=\"wp-block-heading\"><strong>Recomendaciones de aplicaci\u00f3n<\/strong><\/h3>\n\n<p>La CoQ10 suele encontrarse en cremas y sueros de noche. Debe utilizarse a diario para obtener resultados \u00f3ptimos. Tambi\u00e9n puede combinarse eficazmente con otros antioxidantes, como las vitaminas C y E, para maximizar la protecci\u00f3n de la piel.<\/p>\n\n<h3 class=\"wp-block-heading\"><strong>C\u00f3mo no utilizarlo<\/strong><\/h3>\n\n<p>No existen restricciones espec\u00edficas sobre el uso de la CoQ10 en el cuidado de la piel. No obstante, siempre es aconsejable utilizar los productos seg\u00fan las instrucciones del fabricante y prestar atenci\u00f3n a la reacci\u00f3n individual de la piel.<\/p>\n\n<h3 class=\"wp-block-heading\"><strong>PREGUNTAS FRECUENTES<\/strong><\/h3>\n\n<p><strong>1. \u00bfes la CoQ10 adecuada para todos los tipos de piel?<\/strong>  S\u00ed, la CoQ10 puede ser utilizada por todo tipo de pieles, especialmente las maduras.<\/p>\n\n<p><strong>2. \u00bfpuede la CoQ10 reparar los da\u00f1os causados por el sol?<\/strong>  La CoQ10 ayuda a proteger la piel de da\u00f1os mayores, pero no puede revertir los da\u00f1os solares existentes.<\/p>\n\n<p><strong>3. \u00bfen cu\u00e1nto tiempo se ven los resultados?<\/strong>  El efecto de la CoQ10 es acumulativo, por lo que los resultados visibles pueden tardar de varias semanas a meses.<\/p>\n\n<h3 class=\"wp-block-heading\"><strong>Conclusi\u00f3n<\/strong><\/h3>\n\n<p>La CoQ10 es un potente antioxidante con propiedades protectoras y rejuvenecedoras de la piel. Es un valioso complemento para cualquier rutina de cuidado de la piel, especialmente para quienes desean combatir los signos del envejecimiento. Gracias a su buena tolerabilidad y a sus vers\u00e1tiles beneficios, es imprescindible para una piel sana y radiante.<\/p>\n","protected":false},"excerpt":{"rendered":"<p>CoQ10 en el cuidado de la piel \u00bfQu\u00e9 es la CoQ10? La coenzima Q10, o CoQ10 para abreviar, es un potente antioxidante cada vez m\u00e1s popular en los productos para el cuidado de la piel. Desempe\u00f1a un papel clave en el metabolismo energ\u00e9tico de las c\u00e9lulas y es conocido por sus propiedades protectoras y rejuvenecedoras &#8230; <a title=\"CoQ10 en productos para el cuidado de la piel: Un elemento clave para una piel joven\" class=\"read-more\" href=\"https:\/\/thedermacheck.com\/es\/coq10-en-productos-para-el-cuidado-de-la-piel-un-elemento-clave-para-una-piel-joven\/\" aria-label=\"Leer m\u00e1s sobre CoQ10 en productos para el cuidado de la piel: Un elemento clave para una piel joven\">Mehr erfahren<\/a><\/p>\n","protected":false},"author":2,"featured_media":0,"parent":0,"menu_order":0,"comment_status":"closed","ping_status":"closed","template":"","meta":{"_acf_changed":false,"_lmt_disableupdate":"","_lmt_disable":"","footnotes":""},"categories":[43],"tags":[],"class_list":{"0":"post-3520","1":"page","2":"type-page","3":"status-publish","5":"category-ingredientes"},"acf":[],"yoast_head":"<!-- This site is optimized with the Yoast SEO Premium plugin v25.7.1 (Yoast SEO v25.7) - https:\/\/yoast.com\/wordpress\/plugins\/seo\/ -->\n<title>CoQ10 en productos para el cuidado de la piel: Un elemento clave para una piel joven | The Derma Check<\/title>\n<meta name=\"robots\" content=\"index, follow, max-snippet:-1, max-image-preview:large, max-video-preview:-1\" \/>\n<link rel=\"canonical\" href=\"https:\/\/thedermacheck.com\/es\/coq10-en-productos-para-el-cuidado-de-la-piel-un-elemento-clave-para-una-piel-joven\/\" \/>\n<meta property=\"og:locale\" content=\"es_ES\" \/>\n<meta property=\"og:type\" content=\"article\" \/>\n<meta property=\"og:title\" content=\"CoQ10 en productos para el cuidado de la piel: Un elemento clave para una piel joven\" \/>\n<meta property=\"og:description\" content=\"CoQ10 en el cuidado de la piel \u00bfQu\u00e9 es la CoQ10? La coenzima Q10, o CoQ10 para abreviar, es un potente antioxidante cada vez m\u00e1s popular en los productos para el cuidado de la piel. Desempe\u00f1a un papel clave en el metabolismo energ\u00e9tico de las c\u00e9lulas y es conocido por sus propiedades protectoras y rejuvenecedoras ... Mehr erfahren\" \/>\n<meta property=\"og:url\" content=\"https:\/\/thedermacheck.com\/es\/coq10-en-productos-para-el-cuidado-de-la-piel-un-elemento-clave-para-una-piel-joven\/\" \/>\n<meta property=\"og:site_name\" content=\"The Derma Check\" \/>\n<meta property=\"article:modified_time\" content=\"2024-02-13T15:04:25+00:00\" \/>\n<meta name=\"twitter:card\" content=\"summary_large_image\" \/>\n<meta name=\"twitter:label1\" content=\"Tiempo de lectura\" \/>\n\t<meta name=\"twitter:data1\" content=\"2 minutos\" \/>\n<script type=\"application\/ld+json\" class=\"yoast-schema-graph\">{\"@context\":\"https:\/\/schema.org\",\"@graph\":[{\"@type\":\"WebPage\",\"@id\":\"https:\/\/thedermacheck.com\/es\/coq10-en-productos-para-el-cuidado-de-la-piel-un-elemento-clave-para-una-piel-joven\/\",\"url\":\"https:\/\/thedermacheck.com\/es\/coq10-en-productos-para-el-cuidado-de-la-piel-un-elemento-clave-para-una-piel-joven\/\",\"name\":\"CoQ10 en productos para el cuidado de la piel: Un elemento clave para una piel joven | The Derma Check\",\"isPartOf\":{\"@id\":\"https:\/\/thedermacheck.com\/es\/#website\"},\"datePublished\":\"2023-12-16T21:03:43+00:00\",\"dateModified\":\"2024-02-13T15:04:25+00:00\",\"breadcrumb\":{\"@id\":\"https:\/\/thedermacheck.com\/es\/coq10-en-productos-para-el-cuidado-de-la-piel-un-elemento-clave-para-una-piel-joven\/#breadcrumb\"},\"inLanguage\":\"es\",\"potentialAction\":[{\"@type\":\"ReadAction\",\"target\":[\"https:\/\/thedermacheck.com\/es\/coq10-en-productos-para-el-cuidado-de-la-piel-un-elemento-clave-para-una-piel-joven\/\"]}]},{\"@type\":\"BreadcrumbList\",\"@id\":\"https:\/\/thedermacheck.com\/es\/coq10-en-productos-para-el-cuidado-de-la-piel-un-elemento-clave-para-una-piel-joven\/#breadcrumb\",\"itemListElement\":[{\"@type\":\"ListItem\",\"position\":1,\"name\":\"Derma Check\",\"item\":\"https:\/\/thedermacheck.com\/es\/\"},{\"@type\":\"ListItem\",\"position\":2,\"name\":\"CoQ10 en productos para el cuidado de la piel: Un elemento clave para una piel joven\"}]},{\"@type\":\"WebSite\",\"@id\":\"https:\/\/thedermacheck.com\/es\/#website\",\"url\":\"https:\/\/thedermacheck.com\/es\/\",\"name\":\"The Derma Check\",\"description\":\"\",\"publisher\":{\"@id\":\"https:\/\/thedermacheck.com\/es\/#organization\"},\"potentialAction\":[{\"@type\":\"SearchAction\",\"target\":{\"@type\":\"EntryPoint\",\"urlTemplate\":\"https:\/\/thedermacheck.com\/es\/?s={search_term_string}\"},\"query-input\":{\"@type\":\"PropertyValueSpecification\",\"valueRequired\":true,\"valueName\":\"search_term_string\"}}],\"inLanguage\":\"es\"},{\"@type\":\"Organization\",\"@id\":\"https:\/\/thedermacheck.com\/es\/#organization\",\"name\":\"The Derma Check\",\"url\":\"https:\/\/thedermacheck.com\/es\/\",\"logo\":{\"@type\":\"ImageObject\",\"inLanguage\":\"es\",\"@id\":\"https:\/\/thedermacheck.com\/es\/#\/schema\/logo\/image\/\",\"url\":\"https:\/\/thedermacheck.com\/wp-content\/uploads\/2023\/10\/cropped-THE-DERMA-CHECK-FAVICON-NEW-1.png\",\"contentUrl\":\"https:\/\/thedermacheck.com\/wp-content\/uploads\/2023\/10\/cropped-THE-DERMA-CHECK-FAVICON-NEW-1.png\",\"width\":512,\"height\":512,\"caption\":\"The Derma Check\"},\"image\":{\"@id\":\"https:\/\/thedermacheck.com\/es\/#\/schema\/logo\/image\/\"}}]}<\/script>\n<!-- \/ Yoast SEO Premium plugin. -->","yoast_head_json":{"title":"CoQ10 en productos para el cuidado de la piel: Un elemento clave para una piel joven | The Derma Check","robots":{"index":"index","follow":"follow","max-snippet":"max-snippet:-1","max-image-preview":"max-image-preview:large","max-video-preview":"max-video-preview:-1"},"canonical":"https:\/\/thedermacheck.com\/es\/coq10-en-productos-para-el-cuidado-de-la-piel-un-elemento-clave-para-una-piel-joven\/","og_locale":"es_ES","og_type":"article","og_title":"CoQ10 en productos para el cuidado de la piel: Un elemento clave para una piel joven","og_description":"CoQ10 en el cuidado de la piel \u00bfQu\u00e9 es la CoQ10? La coenzima Q10, o CoQ10 para abreviar, es un potente antioxidante cada vez m\u00e1s popular en los productos para el cuidado de la piel. Desempe\u00f1a un papel clave en el metabolismo energ\u00e9tico de las c\u00e9lulas y es conocido por sus propiedades protectoras y rejuvenecedoras ... Mehr erfahren","og_url":"https:\/\/thedermacheck.com\/es\/coq10-en-productos-para-el-cuidado-de-la-piel-un-elemento-clave-para-una-piel-joven\/","og_site_name":"The Derma Check","article_modified_time":"2024-02-13T15:04:25+00:00","twitter_card":"summary_large_image","twitter_misc":{"Tiempo de lectura":"2 minutos"},"schema":{"@context":"https:\/\/schema.org","@graph":[{"@type":"WebPage","@id":"https:\/\/thedermacheck.com\/es\/coq10-en-productos-para-el-cuidado-de-la-piel-un-elemento-clave-para-una-piel-joven\/","url":"https:\/\/thedermacheck.com\/es\/coq10-en-productos-para-el-cuidado-de-la-piel-un-elemento-clave-para-una-piel-joven\/","name":"CoQ10 en productos para el cuidado de la piel: Un elemento clave para una piel joven | The Derma Check","isPartOf":{"@id":"https:\/\/thedermacheck.com\/es\/#website"},"datePublished":"2023-12-16T21:03:43+00:00","dateModified":"2024-02-13T15:04:25+00:00","breadcrumb":{"@id":"https:\/\/thedermacheck.com\/es\/coq10-en-productos-para-el-cuidado-de-la-piel-un-elemento-clave-para-una-piel-joven\/#breadcrumb"},"inLanguage":"es","potentialAction":[{"@type":"ReadAction","target":["https:\/\/thedermacheck.com\/es\/coq10-en-productos-para-el-cuidado-de-la-piel-un-elemento-clave-para-una-piel-joven\/"]}]},{"@type":"BreadcrumbList","@id":"https:\/\/thedermacheck.com\/es\/coq10-en-productos-para-el-cuidado-de-la-piel-un-elemento-clave-para-una-piel-joven\/#breadcrumb","itemListElement":[{"@type":"ListItem","position":1,"name":"Derma Check","item":"https:\/\/thedermacheck.com\/es\/"},{"@type":"ListItem","position":2,"name":"CoQ10 en productos para el cuidado de la piel: Un elemento clave para una piel joven"}]},{"@type":"WebSite","@id":"https:\/\/thedermacheck.com\/es\/#website","url":"https:\/\/thedermacheck.com\/es\/","name":"The Derma Check","description":"","publisher":{"@id":"https:\/\/thedermacheck.com\/es\/#organization"},"potentialAction":[{"@type":"SearchAction","target":{"@type":"EntryPoint","urlTemplate":"https:\/\/thedermacheck.com\/es\/?s={search_term_string}"},"query-input":{"@type":"PropertyValueSpecification","valueRequired":true,"valueName":"search_term_string"}}],"inLanguage":"es"},{"@type":"Organization","@id":"https:\/\/thedermacheck.com\/es\/#organization","name":"The Derma Check","url":"https:\/\/thedermacheck.com\/es\/","logo":{"@type":"ImageObject","inLanguage":"es","@id":"https:\/\/thedermacheck.com\/es\/#\/schema\/logo\/image\/","url":"https:\/\/thedermacheck.com\/wp-content\/uploads\/2023\/10\/cropped-THE-DERMA-CHECK-FAVICON-NEW-1.png","contentUrl":"https:\/\/thedermacheck.com\/wp-content\/uploads\/2023\/10\/cropped-THE-DERMA-CHECK-FAVICON-NEW-1.png","width":512,"height":512,"caption":"The Derma Check"},"image":{"@id":"https:\/\/thedermacheck.com\/es\/#\/schema\/logo\/image\/"}}]}},"_links":{"self":[{"href":"https:\/\/thedermacheck.com\/es\/wp-json\/wp\/v2\/pages\/3520","targetHints":{"allow":["GET"]}}],"collection":[{"href":"https:\/\/thedermacheck.com\/es\/wp-json\/wp\/v2\/pages"}],"about":[{"href":"https:\/\/thedermacheck.com\/es\/wp-json\/wp\/v2\/types\/page"}],"author":[{"embeddable":true,"href":"https:\/\/thedermacheck.com\/es\/wp-json\/wp\/v2\/users\/2"}],"replies":[{"embeddable":true,"href":"https:\/\/thedermacheck.com\/es\/wp-json\/wp\/v2\/comments?post=3520"}],"version-history":[{"count":1,"href":"https:\/\/thedermacheck.com\/es\/wp-json\/wp\/v2\/pages\/3520\/revisions"}],"predecessor-version":[{"id":3521,"href":"https:\/\/thedermacheck.com\/es\/wp-json\/wp\/v2\/pages\/3520\/revisions\/3521"}],"wp:attachment":[{"href":"https:\/\/thedermacheck.com\/es\/wp-json\/wp\/v2\/media?parent=3520"}],"wp:term":[{"taxonomy":"category","embeddable":true,"href":"https:\/\/thedermacheck.com\/es\/wp-json\/wp\/v2\/categories?post=3520"},{"taxonomy":"post_tag","embeddable":true,"href":"https:\/\/thedermacheck.com\/es\/wp-json\/wp\/v2\/tags?post=3520"}],"curies":[{"name":"wp","href":"https:\/\/api.w.org\/{rel}","templated":true}]}}