{"id":3548,"date":"2023-12-16T21:04:12","date_gmt":"2023-12-16T21:04:12","guid":{"rendered":"https:\/\/thedermacheck.com\/ceramidas-en-productos-para-el-cuidado-de-la-piel-guardianas-de-la-barrera-cutanea\/"},"modified":"2024-02-13T15:04:46","modified_gmt":"2024-02-13T15:04:46","slug":"ceramidas-en-productos-para-el-cuidado-de-la-piel-guardianas-de-la-barrera-cutanea","status":"publish","type":"page","link":"https:\/\/thedermacheck.com\/es\/ceramidas-en-productos-para-el-cuidado-de-la-piel-guardianas-de-la-barrera-cutanea\/","title":{"rendered":"Ceramidas en productos para el cuidado de la piel: Guardianas de la barrera cut\u00e1nea"},"content":{"rendered":"\n<p><strong>Ceramidas en el cuidado de la piel<\/strong><\/p>\n\n<ul class=\"wp-block-list\">\n<li><strong>Tipo de ingrediente:<\/strong> L\u00edpido<\/li>\n\n\n\n<li><strong>Principales beneficios:<\/strong> refuerza la barrera cut\u00e1nea, hidrata, reduce la sequedad y las arrugas<\/li>\n\n\n\n<li><strong>Ideal para:<\/strong> Todo tipo de pieles, especialmente para pieles secas y sensibles<\/li>\n\n\n\n<li><strong>Frecuencia de uso:<\/strong> Diaria, en cremas y s\u00e9rums<\/li>\n\n\n\n<li><strong>Combinaci\u00f3n con:<\/strong> \u00c1cido hialur\u00f3nico, p\u00e9ptidos, niacinamida<\/li>\n\n\n\n<li><strong>No utilizar con:<\/strong> Las intolerancias espec\u00edficas son raras, pero deben tenerse en cuenta las reacciones cut\u00e1neas individuales<\/li>\n<\/ul>\n\n<hr class=\"wp-block-separator has-alpha-channel-opacity\"\/>\n\n<h3 class=\"wp-block-heading\"><strong>\u00bfQu\u00e9 son las ceramidas?<\/strong><\/h3>\n\n<p>Las ceramidas son un tipo de l\u00edpidos (grasas) que se encuentran de forma natural en la piel y son esenciales para mantener la barrera cut\u00e1nea y el equilibrio de hidrataci\u00f3n. Forman m\u00e1s del 50% de la capa cut\u00e1nea y desempe\u00f1an un papel decisivo en la funci\u00f3n protectora de la piel frente a las influencias medioambientales y la p\u00e9rdida de agua.<\/p>\n\n<h3 class=\"wp-block-heading\"><strong>Beneficios de las ceramidas para la piel<\/strong><\/h3>\n\n<ul class=\"wp-block-list\">\n<li><strong>Refuerzo de la barrera cut\u00e1nea:<\/strong> las ceramidas ayudan a unir las c\u00e9lulas de la piel y refuerzan la barrera cut\u00e1nea, que protege contra los da\u00f1os medioambientales.<\/li>\n\n\n\n<li><strong>Hidratantes:<\/strong> Se sabe que hidratan la piel y reducen la sequedad.<\/li>\n\n\n\n<li><strong>Reducci\u00f3n de las l\u00edneas de expresi\u00f3n:<\/strong> Al mejorar la elasticidad de la piel, las ceramidas pueden reducir las l\u00edneas finas y las arrugas.<\/li>\n<\/ul>\n\n<h3 class=\"wp-block-heading\"><strong>Posibles efectos secundarios<\/strong><\/h3>\n\n<p>En general, las ceramidas se toleran muy bien. No obstante, las pieles muy sensibles pueden experimentar ocasionalmente una ligera irritaci\u00f3n. Siempre es aconsejable probar primero un producto nuevo en una zona peque\u00f1a.<\/p>\n\n<h3 class=\"wp-block-heading\"><strong>Recomendaciones de aplicaci\u00f3n<\/strong><\/h3>\n\n<p>Las ceramidas suelen encontrarse en cremas hidratantes, sueros y lociones. Deben utilizarse con regularidad para obtener los mejores resultados. Tambi\u00e9n tiene sentido combinarlos con otros ingredientes hidratantes como el \u00e1cido hialur\u00f3nico o la niacinamida.<\/p>\n\n<h3 class=\"wp-block-heading\"><strong>C\u00f3mo no utilizarlos<\/strong><\/h3>\n\n<p>No existen restricciones espec\u00edficas para el uso de ceramidas. Sin embargo, los productos con ceramidas no deben combinarse con productos que contengan ingredientes que puedan debilitar la barrera cut\u00e1nea.<\/p>\n\n<h3 class=\"wp-block-heading\"><strong>PREGUNTAS FRECUENTES<\/strong><\/h3>\n\n<p><strong>1. \u00bfson adecuadas las ceramidas para todos los tipos de piel?<\/strong>  S\u00ed, especialmente para pieles secas y sensibles.<\/p>\n\n<p><strong>2. \u00bfpueden las ceramidas tratar el acn\u00e9?<\/strong>  Las ceramidas en s\u00ed no tratan el acn\u00e9, pero pueden reforzar la barrera cut\u00e1nea y contribuir as\u00ed indirectamente a mejorar la salud de la piel.<\/p>\n\n<p><strong>3. \u00bfcon qu\u00e9 rapidez act\u00faan los productos con ceramidas?<\/strong>  El efecto puede variar seg\u00fan el tipo de piel, pero las mejoras suelen ser visibles en pocas semanas.<\/p>\n\n<h3 class=\"wp-block-heading\"><strong>Conclusi\u00f3n<\/strong><\/h3>\n\n<p>Las ceramidas son una parte esencial de una rutina de cuidado de la piel eficaz y ofrecen numerosos beneficios para la salud de la piel. Son especialmente valiosos para las personas con piel seca, sensible o madura. Gracias a sus propiedades hidratantes y de refuerzo de la barrera, las ceramidas contribuyen en gran medida a mantener una piel sana y radiante.<\/p>\n","protected":false},"excerpt":{"rendered":"<p>Ceramidas en el cuidado de la piel \u00bfQu\u00e9 son las ceramidas? Las ceramidas son un tipo de l\u00edpidos (grasas) que se encuentran de forma natural en la piel y son esenciales para mantener la barrera cut\u00e1nea y el equilibrio de hidrataci\u00f3n. Forman m\u00e1s del 50% de la capa cut\u00e1nea y desempe\u00f1an un papel decisivo en &#8230; <a title=\"Ceramidas en productos para el cuidado de la piel: Guardianas de la barrera cut\u00e1nea\" class=\"read-more\" href=\"https:\/\/thedermacheck.com\/es\/ceramidas-en-productos-para-el-cuidado-de-la-piel-guardianas-de-la-barrera-cutanea\/\" aria-label=\"Leer m\u00e1s sobre Ceramidas en productos para el cuidado de la piel: Guardianas de la barrera cut\u00e1nea\">Mehr erfahren<\/a><\/p>\n","protected":false},"author":2,"featured_media":0,"parent":0,"menu_order":0,"comment_status":"closed","ping_status":"closed","template":"","meta":{"_acf_changed":false,"_lmt_disableupdate":"","_lmt_disable":"","footnotes":""},"categories":[43],"tags":[],"class_list":{"0":"post-3548","1":"page","2":"type-page","3":"status-publish","5":"category-ingredientes"},"acf":[],"yoast_head":"<!-- This site is optimized with the Yoast SEO Premium plugin v25.7.1 (Yoast SEO v25.7) - https:\/\/yoast.com\/wordpress\/plugins\/seo\/ -->\n<title>Ceramidas en productos para el cuidado de la piel: Guardianas de la barrera cut\u00e1nea | The Derma Check<\/title>\n<meta name=\"robots\" content=\"index, follow, max-snippet:-1, max-image-preview:large, max-video-preview:-1\" \/>\n<link rel=\"canonical\" href=\"https:\/\/thedermacheck.com\/es\/ceramidas-en-productos-para-el-cuidado-de-la-piel-guardianas-de-la-barrera-cutanea\/\" \/>\n<meta property=\"og:locale\" content=\"es_ES\" \/>\n<meta property=\"og:type\" content=\"article\" \/>\n<meta property=\"og:title\" content=\"Ceramidas en productos para el cuidado de la piel: Guardianas de la barrera cut\u00e1nea\" \/>\n<meta property=\"og:description\" content=\"Ceramidas en el cuidado de la piel \u00bfQu\u00e9 son las ceramidas? Las ceramidas son un tipo de l\u00edpidos (grasas) que se encuentran de forma natural en la piel y son esenciales para mantener la barrera cut\u00e1nea y el equilibrio de hidrataci\u00f3n. Forman m\u00e1s del 50% de la capa cut\u00e1nea y desempe\u00f1an un papel decisivo en ... Mehr erfahren\" \/>\n<meta property=\"og:url\" content=\"https:\/\/thedermacheck.com\/es\/ceramidas-en-productos-para-el-cuidado-de-la-piel-guardianas-de-la-barrera-cutanea\/\" \/>\n<meta property=\"og:site_name\" content=\"The Derma Check\" \/>\n<meta property=\"article:modified_time\" content=\"2024-02-13T15:04:46+00:00\" \/>\n<meta name=\"twitter:card\" content=\"summary_large_image\" \/>\n<meta name=\"twitter:label1\" content=\"Tiempo de lectura\" \/>\n\t<meta name=\"twitter:data1\" content=\"2 minutos\" \/>\n<script type=\"application\/ld+json\" class=\"yoast-schema-graph\">{\"@context\":\"https:\/\/schema.org\",\"@graph\":[{\"@type\":\"WebPage\",\"@id\":\"https:\/\/thedermacheck.com\/es\/ceramidas-en-productos-para-el-cuidado-de-la-piel-guardianas-de-la-barrera-cutanea\/\",\"url\":\"https:\/\/thedermacheck.com\/es\/ceramidas-en-productos-para-el-cuidado-de-la-piel-guardianas-de-la-barrera-cutanea\/\",\"name\":\"Ceramidas en productos para el cuidado de la piel: Guardianas de la barrera cut\u00e1nea | The Derma Check\",\"isPartOf\":{\"@id\":\"https:\/\/thedermacheck.com\/es\/#website\"},\"datePublished\":\"2023-12-16T21:04:12+00:00\",\"dateModified\":\"2024-02-13T15:04:46+00:00\",\"breadcrumb\":{\"@id\":\"https:\/\/thedermacheck.com\/es\/ceramidas-en-productos-para-el-cuidado-de-la-piel-guardianas-de-la-barrera-cutanea\/#breadcrumb\"},\"inLanguage\":\"es\",\"potentialAction\":[{\"@type\":\"ReadAction\",\"target\":[\"https:\/\/thedermacheck.com\/es\/ceramidas-en-productos-para-el-cuidado-de-la-piel-guardianas-de-la-barrera-cutanea\/\"]}]},{\"@type\":\"BreadcrumbList\",\"@id\":\"https:\/\/thedermacheck.com\/es\/ceramidas-en-productos-para-el-cuidado-de-la-piel-guardianas-de-la-barrera-cutanea\/#breadcrumb\",\"itemListElement\":[{\"@type\":\"ListItem\",\"position\":1,\"name\":\"Derma Check\",\"item\":\"https:\/\/thedermacheck.com\/es\/\"},{\"@type\":\"ListItem\",\"position\":2,\"name\":\"Ceramidas en productos para el cuidado de la piel: Guardianas de la barrera cut\u00e1nea\"}]},{\"@type\":\"WebSite\",\"@id\":\"https:\/\/thedermacheck.com\/es\/#website\",\"url\":\"https:\/\/thedermacheck.com\/es\/\",\"name\":\"The Derma Check\",\"description\":\"\",\"publisher\":{\"@id\":\"https:\/\/thedermacheck.com\/es\/#organization\"},\"potentialAction\":[{\"@type\":\"SearchAction\",\"target\":{\"@type\":\"EntryPoint\",\"urlTemplate\":\"https:\/\/thedermacheck.com\/es\/?s={search_term_string}\"},\"query-input\":{\"@type\":\"PropertyValueSpecification\",\"valueRequired\":true,\"valueName\":\"search_term_string\"}}],\"inLanguage\":\"es\"},{\"@type\":\"Organization\",\"@id\":\"https:\/\/thedermacheck.com\/es\/#organization\",\"name\":\"The Derma Check\",\"url\":\"https:\/\/thedermacheck.com\/es\/\",\"logo\":{\"@type\":\"ImageObject\",\"inLanguage\":\"es\",\"@id\":\"https:\/\/thedermacheck.com\/es\/#\/schema\/logo\/image\/\",\"url\":\"https:\/\/thedermacheck.com\/wp-content\/uploads\/2023\/10\/cropped-THE-DERMA-CHECK-FAVICON-NEW-1.png\",\"contentUrl\":\"https:\/\/thedermacheck.com\/wp-content\/uploads\/2023\/10\/cropped-THE-DERMA-CHECK-FAVICON-NEW-1.png\",\"width\":512,\"height\":512,\"caption\":\"The Derma Check\"},\"image\":{\"@id\":\"https:\/\/thedermacheck.com\/es\/#\/schema\/logo\/image\/\"}}]}<\/script>\n<!-- \/ Yoast SEO Premium plugin. -->","yoast_head_json":{"title":"Ceramidas en productos para el cuidado de la piel: Guardianas de la barrera cut\u00e1nea | The Derma Check","robots":{"index":"index","follow":"follow","max-snippet":"max-snippet:-1","max-image-preview":"max-image-preview:large","max-video-preview":"max-video-preview:-1"},"canonical":"https:\/\/thedermacheck.com\/es\/ceramidas-en-productos-para-el-cuidado-de-la-piel-guardianas-de-la-barrera-cutanea\/","og_locale":"es_ES","og_type":"article","og_title":"Ceramidas en productos para el cuidado de la piel: Guardianas de la barrera cut\u00e1nea","og_description":"Ceramidas en el cuidado de la piel \u00bfQu\u00e9 son las ceramidas? Las ceramidas son un tipo de l\u00edpidos (grasas) que se encuentran de forma natural en la piel y son esenciales para mantener la barrera cut\u00e1nea y el equilibrio de hidrataci\u00f3n. Forman m\u00e1s del 50% de la capa cut\u00e1nea y desempe\u00f1an un papel decisivo en ... Mehr erfahren","og_url":"https:\/\/thedermacheck.com\/es\/ceramidas-en-productos-para-el-cuidado-de-la-piel-guardianas-de-la-barrera-cutanea\/","og_site_name":"The Derma Check","article_modified_time":"2024-02-13T15:04:46+00:00","twitter_card":"summary_large_image","twitter_misc":{"Tiempo de lectura":"2 minutos"},"schema":{"@context":"https:\/\/schema.org","@graph":[{"@type":"WebPage","@id":"https:\/\/thedermacheck.com\/es\/ceramidas-en-productos-para-el-cuidado-de-la-piel-guardianas-de-la-barrera-cutanea\/","url":"https:\/\/thedermacheck.com\/es\/ceramidas-en-productos-para-el-cuidado-de-la-piel-guardianas-de-la-barrera-cutanea\/","name":"Ceramidas en productos para el cuidado de la piel: Guardianas de la barrera cut\u00e1nea | The Derma Check","isPartOf":{"@id":"https:\/\/thedermacheck.com\/es\/#website"},"datePublished":"2023-12-16T21:04:12+00:00","dateModified":"2024-02-13T15:04:46+00:00","breadcrumb":{"@id":"https:\/\/thedermacheck.com\/es\/ceramidas-en-productos-para-el-cuidado-de-la-piel-guardianas-de-la-barrera-cutanea\/#breadcrumb"},"inLanguage":"es","potentialAction":[{"@type":"ReadAction","target":["https:\/\/thedermacheck.com\/es\/ceramidas-en-productos-para-el-cuidado-de-la-piel-guardianas-de-la-barrera-cutanea\/"]}]},{"@type":"BreadcrumbList","@id":"https:\/\/thedermacheck.com\/es\/ceramidas-en-productos-para-el-cuidado-de-la-piel-guardianas-de-la-barrera-cutanea\/#breadcrumb","itemListElement":[{"@type":"ListItem","position":1,"name":"Derma Check","item":"https:\/\/thedermacheck.com\/es\/"},{"@type":"ListItem","position":2,"name":"Ceramidas en productos para el cuidado de la piel: Guardianas de la barrera cut\u00e1nea"}]},{"@type":"WebSite","@id":"https:\/\/thedermacheck.com\/es\/#website","url":"https:\/\/thedermacheck.com\/es\/","name":"The Derma Check","description":"","publisher":{"@id":"https:\/\/thedermacheck.com\/es\/#organization"},"potentialAction":[{"@type":"SearchAction","target":{"@type":"EntryPoint","urlTemplate":"https:\/\/thedermacheck.com\/es\/?s={search_term_string}"},"query-input":{"@type":"PropertyValueSpecification","valueRequired":true,"valueName":"search_term_string"}}],"inLanguage":"es"},{"@type":"Organization","@id":"https:\/\/thedermacheck.com\/es\/#organization","name":"The Derma Check","url":"https:\/\/thedermacheck.com\/es\/","logo":{"@type":"ImageObject","inLanguage":"es","@id":"https:\/\/thedermacheck.com\/es\/#\/schema\/logo\/image\/","url":"https:\/\/thedermacheck.com\/wp-content\/uploads\/2023\/10\/cropped-THE-DERMA-CHECK-FAVICON-NEW-1.png","contentUrl":"https:\/\/thedermacheck.com\/wp-content\/uploads\/2023\/10\/cropped-THE-DERMA-CHECK-FAVICON-NEW-1.png","width":512,"height":512,"caption":"The Derma Check"},"image":{"@id":"https:\/\/thedermacheck.com\/es\/#\/schema\/logo\/image\/"}}]}},"_links":{"self":[{"href":"https:\/\/thedermacheck.com\/es\/wp-json\/wp\/v2\/pages\/3548","targetHints":{"allow":["GET"]}}],"collection":[{"href":"https:\/\/thedermacheck.com\/es\/wp-json\/wp\/v2\/pages"}],"about":[{"href":"https:\/\/thedermacheck.com\/es\/wp-json\/wp\/v2\/types\/page"}],"author":[{"embeddable":true,"href":"https:\/\/thedermacheck.com\/es\/wp-json\/wp\/v2\/users\/2"}],"replies":[{"embeddable":true,"href":"https:\/\/thedermacheck.com\/es\/wp-json\/wp\/v2\/comments?post=3548"}],"version-history":[{"count":1,"href":"https:\/\/thedermacheck.com\/es\/wp-json\/wp\/v2\/pages\/3548\/revisions"}],"predecessor-version":[{"id":3549,"href":"https:\/\/thedermacheck.com\/es\/wp-json\/wp\/v2\/pages\/3548\/revisions\/3549"}],"wp:attachment":[{"href":"https:\/\/thedermacheck.com\/es\/wp-json\/wp\/v2\/media?parent=3548"}],"wp:term":[{"taxonomy":"category","embeddable":true,"href":"https:\/\/thedermacheck.com\/es\/wp-json\/wp\/v2\/categories?post=3548"},{"taxonomy":"post_tag","embeddable":true,"href":"https:\/\/thedermacheck.com\/es\/wp-json\/wp\/v2\/tags?post=3548"}],"curies":[{"name":"wp","href":"https:\/\/api.w.org\/{rel}","templated":true}]}}