{"id":3574,"date":"2023-12-16T20:45:01","date_gmt":"2023-12-16T20:45:01","guid":{"rendered":"https:\/\/thedermacheck.com\/avena-coloidal-en-productos-para-el-cuidado-de-la-piel-cuidado-natural-de-la-piel-sensible\/"},"modified":"2024-02-13T15:05:02","modified_gmt":"2024-02-13T15:05:02","slug":"avena-coloidal-en-productos-para-el-cuidado-de-la-piel-cuidado-natural-de-la-piel-sensible","status":"publish","type":"page","link":"https:\/\/thedermacheck.com\/es\/avena-coloidal-en-productos-para-el-cuidado-de-la-piel-cuidado-natural-de-la-piel-sensible\/","title":{"rendered":"Avena coloidal en productos para el cuidado de la piel: Cuidado natural de la piel sensible"},"content":{"rendered":"\n<h2 class=\"wp-block-heading\">AVENA COLOIDAL<\/h2>\n\n<ul class=\"wp-block-list\">\n<li><strong>Tipo de ingrediente:<\/strong> Activo natural calmante<\/li>\n\n\n\n<li><strong>Principales beneficios:<\/strong> Calma la piel irritada, alivia el picor y la sequedad, favorece la barrera cut\u00e1nea.<\/li>\n\n\n\n<li><strong>Para qui\u00e9n est\u00e1 indicado:<\/strong> Ideal para pieles sensibles, secas o irritadas<\/li>\n\n\n\n<li><strong>Frecuencia de uso:<\/strong> Seg\u00fan el producto y las necesidades<\/li>\n\n\n\n<li><strong>Puede combinarse con:<\/strong> Otros ingredientes calmantes e hidratantes<\/li>\n\n\n\n<li><strong>No utilizar con:<\/strong> Exfoliantes qu\u00edmicos fuertes o sustancias irritantes<\/li>\n<\/ul>\n\n<hr class=\"wp-block-separator has-alpha-channel-opacity\"\/>\n\n<h2 class=\"wp-block-heading\">\u00bfQu\u00e9 es la avena coloidal?<\/h2>\n\n<p>La avena coloidal, una harina de avena finamente molida, se valora en dermatolog\u00eda desde hace d\u00e9cadas por sus propiedades calmantes de la piel. Es rica en antioxidantes, amino\u00e1cidos y \u00e1cidos grasos esenciales, que ayudan a cuidar y proteger la piel sensible o irritada.<\/p>\n\n<hr class=\"wp-block-separator has-alpha-channel-opacity\"\/>\n\n<h3 class=\"wp-block-heading\">Beneficios de la avena coloidal<\/h3>\n\n<h4 class=\"wp-block-heading\">Calma la piel irritada<\/h4>\n\n<p>La avena coloidal ayuda a calmar el enrojecimiento y la irritaci\u00f3n, por lo que es ideal para afecciones cut\u00e1neas como el eccema, la psoriasis o simplemente la piel irritada.<\/p>\n\n<h4 class=\"wp-block-heading\">Alivia el picor y la sequedad<\/h4>\n\n<p>Gracias a sus propiedades hidratantes, la avena coloidal puede aliviar eficazmente la sequedad y el picor.<\/p>\n\n<h4 class=\"wp-block-heading\">Favorece la barrera cut\u00e1nea<\/h4>\n\n<p>Los l\u00edpidos y prote\u00ednas contenidos en la avena coloidal favorecen la barrera natural de la piel y, por tanto, promueven su salud y resistencia.<\/p>\n\n<hr class=\"wp-block-separator has-alpha-channel-opacity\"\/>\n\n<h3 class=\"wp-block-heading\">Posibles efectos secundarios<\/h3>\n\n<p>La avena coloidal suele tolerarse bien y es especialmente adecuada para pieles sensibles. Las reacciones al\u00e9rgicas son raras, pero pueden producirse en personas con una intolerancia espec\u00edfica a la avena.<\/p>\n\n<hr class=\"wp-block-separator has-alpha-channel-opacity\"\/>\n\n<h3 class=\"wp-block-heading\">Aplicaci\u00f3n de avena coloidal<\/h3>\n\n<h4 class=\"wp-block-heading\">En cremas y lociones<\/h4>\n\n<p>La avena coloidal suele encontrarse en cremas y lociones calmantes. Pueden utilizarse a diario para aliviar la sequedad y el picor.<\/p>\n\n<h4 class=\"wp-block-heading\">Como aditivo para el ba\u00f1o<\/h4>\n\n<p>La avena coloidal tambi\u00e9n puede utilizarse como aditivo de ba\u00f1o para calmar la piel irritada y con picores.<\/p>\n\n<hr class=\"wp-block-separator has-alpha-channel-opacity\"\/>\n\n<h3 class=\"wp-block-heading\">C\u00f3mo no utilizar la avena coloidal<\/h3>\n\n<ul class=\"wp-block-list\">\n<li><strong>No combinar con sustancias irritantes:<\/strong> La avena coloidal no debe utilizarse con productos que puedan irritar la piel, como los peelings qu\u00edmicos fuertes.<\/li>\n\n\n\n<li><strong>Precauci\u00f3n con la alergia a la avena:<\/strong> Las personas al\u00e9rgicas a la avena deben evitar los productos con avena coloidal.<\/li>\n<\/ul>\n\n<hr class=\"wp-block-separator has-alpha-channel-opacity\"\/>\n\n<h3 class=\"wp-block-heading\">Preguntas frecuentes sobre la avena coloidal<\/h3>\n\n<h4 class=\"wp-block-heading\">\u00bfPuede la avena coloidal ayudar con el acn\u00e9?<\/h4>\n\n<p>La avena coloidal no est\u00e1 pensada espec\u00edficamente para tratar el acn\u00e9, pero puede ser \u00fatil por sus propiedades calmantes.<\/p>\n\n<h4 class=\"wp-block-heading\">\u00bfLa avena coloidal es adecuada para todo tipo de pieles?<\/h4>\n\n<p>S\u00ed, est\u00e1 especialmente indicado para pieles sensibles, secas o irritadas.<\/p>\n\n<h4 class=\"wp-block-heading\">\u00bfEn cu\u00e1nto tiempo act\u00faa la avena coloidal?<\/h4>\n\n<p>Los efectos calmantes suelen sentirse inmediatamente despu\u00e9s de su uso.<\/p>\n\n<hr class=\"wp-block-separator has-alpha-channel-opacity\"\/>\n\n<h2 class=\"wp-block-heading\">Conclusi\u00f3n<\/h2>\n\n<p>La avena coloidal es un ingrediente vers\u00e1til y eficaz en el cuidado de la piel, especialmente para pieles sensibles o irritadas. Sus propiedades calmantes, antipruriginosas e hidratantes lo convierten en un valioso ingrediente de muchos productos para el cuidado de la piel. Si se utiliza correctamente, la avena coloidal puede ayudar a mejorar la salud de la piel y hacer que se sienta c\u00f3moda.<\/p>\n","protected":false},"excerpt":{"rendered":"<p>AVENA COLOIDAL \u00bfQu\u00e9 es la avena coloidal? La avena coloidal, una harina de avena finamente molida, se valora en dermatolog\u00eda desde hace d\u00e9cadas por sus propiedades calmantes de la piel. Es rica en antioxidantes, amino\u00e1cidos y \u00e1cidos grasos esenciales, que ayudan a cuidar y proteger la piel sensible o irritada. Beneficios de la avena coloidal &#8230; <a title=\"Avena coloidal en productos para el cuidado de la piel: Cuidado natural de la piel sensible\" class=\"read-more\" href=\"https:\/\/thedermacheck.com\/es\/avena-coloidal-en-productos-para-el-cuidado-de-la-piel-cuidado-natural-de-la-piel-sensible\/\" aria-label=\"Leer m\u00e1s sobre Avena coloidal en productos para el cuidado de la piel: Cuidado natural de la piel sensible\">Mehr erfahren<\/a><\/p>\n","protected":false},"author":2,"featured_media":0,"parent":0,"menu_order":0,"comment_status":"closed","ping_status":"closed","template":"","meta":{"_acf_changed":false,"_lmt_disableupdate":"","_lmt_disable":"","footnotes":""},"categories":[43],"tags":[],"class_list":{"0":"post-3574","1":"page","2":"type-page","3":"status-publish","5":"category-ingredientes"},"acf":[],"yoast_head":"<!-- This site is optimized with the Yoast SEO Premium plugin v25.7.1 (Yoast SEO v25.7) - https:\/\/yoast.com\/wordpress\/plugins\/seo\/ -->\n<title>Avena coloidal en productos para el cuidado de la piel: Cuidado natural de la piel sensible | The Derma Check<\/title>\n<meta name=\"robots\" content=\"index, follow, max-snippet:-1, max-image-preview:large, max-video-preview:-1\" \/>\n<link rel=\"canonical\" href=\"https:\/\/thedermacheck.com\/es\/avena-coloidal-en-productos-para-el-cuidado-de-la-piel-cuidado-natural-de-la-piel-sensible\/\" \/>\n<meta property=\"og:locale\" content=\"es_ES\" \/>\n<meta property=\"og:type\" content=\"article\" \/>\n<meta property=\"og:title\" content=\"Avena coloidal en productos para el cuidado de la piel: Cuidado natural de la piel sensible\" \/>\n<meta property=\"og:description\" content=\"AVENA COLOIDAL \u00bfQu\u00e9 es la avena coloidal? La avena coloidal, una harina de avena finamente molida, se valora en dermatolog\u00eda desde hace d\u00e9cadas por sus propiedades calmantes de la piel. Es rica en antioxidantes, amino\u00e1cidos y \u00e1cidos grasos esenciales, que ayudan a cuidar y proteger la piel sensible o irritada. Beneficios de la avena coloidal ... Mehr erfahren\" \/>\n<meta property=\"og:url\" content=\"https:\/\/thedermacheck.com\/es\/avena-coloidal-en-productos-para-el-cuidado-de-la-piel-cuidado-natural-de-la-piel-sensible\/\" \/>\n<meta property=\"og:site_name\" content=\"The Derma Check\" \/>\n<meta property=\"article:modified_time\" content=\"2024-02-13T15:05:02+00:00\" \/>\n<meta name=\"twitter:card\" content=\"summary_large_image\" \/>\n<meta name=\"twitter:label1\" content=\"Tiempo de lectura\" \/>\n\t<meta name=\"twitter:data1\" content=\"2 minutos\" \/>\n<script type=\"application\/ld+json\" class=\"yoast-schema-graph\">{\"@context\":\"https:\/\/schema.org\",\"@graph\":[{\"@type\":\"WebPage\",\"@id\":\"https:\/\/thedermacheck.com\/es\/avena-coloidal-en-productos-para-el-cuidado-de-la-piel-cuidado-natural-de-la-piel-sensible\/\",\"url\":\"https:\/\/thedermacheck.com\/es\/avena-coloidal-en-productos-para-el-cuidado-de-la-piel-cuidado-natural-de-la-piel-sensible\/\",\"name\":\"Avena coloidal en productos para el cuidado de la piel: Cuidado natural de la piel sensible | The Derma Check\",\"isPartOf\":{\"@id\":\"https:\/\/thedermacheck.com\/es\/#website\"},\"datePublished\":\"2023-12-16T20:45:01+00:00\",\"dateModified\":\"2024-02-13T15:05:02+00:00\",\"breadcrumb\":{\"@id\":\"https:\/\/thedermacheck.com\/es\/avena-coloidal-en-productos-para-el-cuidado-de-la-piel-cuidado-natural-de-la-piel-sensible\/#breadcrumb\"},\"inLanguage\":\"es\",\"potentialAction\":[{\"@type\":\"ReadAction\",\"target\":[\"https:\/\/thedermacheck.com\/es\/avena-coloidal-en-productos-para-el-cuidado-de-la-piel-cuidado-natural-de-la-piel-sensible\/\"]}]},{\"@type\":\"BreadcrumbList\",\"@id\":\"https:\/\/thedermacheck.com\/es\/avena-coloidal-en-productos-para-el-cuidado-de-la-piel-cuidado-natural-de-la-piel-sensible\/#breadcrumb\",\"itemListElement\":[{\"@type\":\"ListItem\",\"position\":1,\"name\":\"Derma Check\",\"item\":\"https:\/\/thedermacheck.com\/es\/\"},{\"@type\":\"ListItem\",\"position\":2,\"name\":\"Avena coloidal en productos para el cuidado de la piel: Cuidado natural de la piel sensible\"}]},{\"@type\":\"WebSite\",\"@id\":\"https:\/\/thedermacheck.com\/es\/#website\",\"url\":\"https:\/\/thedermacheck.com\/es\/\",\"name\":\"The Derma Check\",\"description\":\"\",\"publisher\":{\"@id\":\"https:\/\/thedermacheck.com\/es\/#organization\"},\"potentialAction\":[{\"@type\":\"SearchAction\",\"target\":{\"@type\":\"EntryPoint\",\"urlTemplate\":\"https:\/\/thedermacheck.com\/es\/?s={search_term_string}\"},\"query-input\":{\"@type\":\"PropertyValueSpecification\",\"valueRequired\":true,\"valueName\":\"search_term_string\"}}],\"inLanguage\":\"es\"},{\"@type\":\"Organization\",\"@id\":\"https:\/\/thedermacheck.com\/es\/#organization\",\"name\":\"The Derma Check\",\"url\":\"https:\/\/thedermacheck.com\/es\/\",\"logo\":{\"@type\":\"ImageObject\",\"inLanguage\":\"es\",\"@id\":\"https:\/\/thedermacheck.com\/es\/#\/schema\/logo\/image\/\",\"url\":\"https:\/\/thedermacheck.com\/wp-content\/uploads\/2023\/10\/cropped-THE-DERMA-CHECK-FAVICON-NEW-1.png\",\"contentUrl\":\"https:\/\/thedermacheck.com\/wp-content\/uploads\/2023\/10\/cropped-THE-DERMA-CHECK-FAVICON-NEW-1.png\",\"width\":512,\"height\":512,\"caption\":\"The Derma Check\"},\"image\":{\"@id\":\"https:\/\/thedermacheck.com\/es\/#\/schema\/logo\/image\/\"}}]}<\/script>\n<!-- \/ Yoast SEO Premium plugin. -->","yoast_head_json":{"title":"Avena coloidal en productos para el cuidado de la piel: Cuidado natural de la piel sensible | The Derma Check","robots":{"index":"index","follow":"follow","max-snippet":"max-snippet:-1","max-image-preview":"max-image-preview:large","max-video-preview":"max-video-preview:-1"},"canonical":"https:\/\/thedermacheck.com\/es\/avena-coloidal-en-productos-para-el-cuidado-de-la-piel-cuidado-natural-de-la-piel-sensible\/","og_locale":"es_ES","og_type":"article","og_title":"Avena coloidal en productos para el cuidado de la piel: Cuidado natural de la piel sensible","og_description":"AVENA COLOIDAL \u00bfQu\u00e9 es la avena coloidal? La avena coloidal, una harina de avena finamente molida, se valora en dermatolog\u00eda desde hace d\u00e9cadas por sus propiedades calmantes de la piel. Es rica en antioxidantes, amino\u00e1cidos y \u00e1cidos grasos esenciales, que ayudan a cuidar y proteger la piel sensible o irritada. Beneficios de la avena coloidal ... Mehr erfahren","og_url":"https:\/\/thedermacheck.com\/es\/avena-coloidal-en-productos-para-el-cuidado-de-la-piel-cuidado-natural-de-la-piel-sensible\/","og_site_name":"The Derma Check","article_modified_time":"2024-02-13T15:05:02+00:00","twitter_card":"summary_large_image","twitter_misc":{"Tiempo de lectura":"2 minutos"},"schema":{"@context":"https:\/\/schema.org","@graph":[{"@type":"WebPage","@id":"https:\/\/thedermacheck.com\/es\/avena-coloidal-en-productos-para-el-cuidado-de-la-piel-cuidado-natural-de-la-piel-sensible\/","url":"https:\/\/thedermacheck.com\/es\/avena-coloidal-en-productos-para-el-cuidado-de-la-piel-cuidado-natural-de-la-piel-sensible\/","name":"Avena coloidal en productos para el cuidado de la piel: Cuidado natural de la piel sensible | The Derma Check","isPartOf":{"@id":"https:\/\/thedermacheck.com\/es\/#website"},"datePublished":"2023-12-16T20:45:01+00:00","dateModified":"2024-02-13T15:05:02+00:00","breadcrumb":{"@id":"https:\/\/thedermacheck.com\/es\/avena-coloidal-en-productos-para-el-cuidado-de-la-piel-cuidado-natural-de-la-piel-sensible\/#breadcrumb"},"inLanguage":"es","potentialAction":[{"@type":"ReadAction","target":["https:\/\/thedermacheck.com\/es\/avena-coloidal-en-productos-para-el-cuidado-de-la-piel-cuidado-natural-de-la-piel-sensible\/"]}]},{"@type":"BreadcrumbList","@id":"https:\/\/thedermacheck.com\/es\/avena-coloidal-en-productos-para-el-cuidado-de-la-piel-cuidado-natural-de-la-piel-sensible\/#breadcrumb","itemListElement":[{"@type":"ListItem","position":1,"name":"Derma Check","item":"https:\/\/thedermacheck.com\/es\/"},{"@type":"ListItem","position":2,"name":"Avena coloidal en productos para el cuidado de la piel: Cuidado natural de la piel sensible"}]},{"@type":"WebSite","@id":"https:\/\/thedermacheck.com\/es\/#website","url":"https:\/\/thedermacheck.com\/es\/","name":"The Derma Check","description":"","publisher":{"@id":"https:\/\/thedermacheck.com\/es\/#organization"},"potentialAction":[{"@type":"SearchAction","target":{"@type":"EntryPoint","urlTemplate":"https:\/\/thedermacheck.com\/es\/?s={search_term_string}"},"query-input":{"@type":"PropertyValueSpecification","valueRequired":true,"valueName":"search_term_string"}}],"inLanguage":"es"},{"@type":"Organization","@id":"https:\/\/thedermacheck.com\/es\/#organization","name":"The Derma Check","url":"https:\/\/thedermacheck.com\/es\/","logo":{"@type":"ImageObject","inLanguage":"es","@id":"https:\/\/thedermacheck.com\/es\/#\/schema\/logo\/image\/","url":"https:\/\/thedermacheck.com\/wp-content\/uploads\/2023\/10\/cropped-THE-DERMA-CHECK-FAVICON-NEW-1.png","contentUrl":"https:\/\/thedermacheck.com\/wp-content\/uploads\/2023\/10\/cropped-THE-DERMA-CHECK-FAVICON-NEW-1.png","width":512,"height":512,"caption":"The Derma Check"},"image":{"@id":"https:\/\/thedermacheck.com\/es\/#\/schema\/logo\/image\/"}}]}},"_links":{"self":[{"href":"https:\/\/thedermacheck.com\/es\/wp-json\/wp\/v2\/pages\/3574","targetHints":{"allow":["GET"]}}],"collection":[{"href":"https:\/\/thedermacheck.com\/es\/wp-json\/wp\/v2\/pages"}],"about":[{"href":"https:\/\/thedermacheck.com\/es\/wp-json\/wp\/v2\/types\/page"}],"author":[{"embeddable":true,"href":"https:\/\/thedermacheck.com\/es\/wp-json\/wp\/v2\/users\/2"}],"replies":[{"embeddable":true,"href":"https:\/\/thedermacheck.com\/es\/wp-json\/wp\/v2\/comments?post=3574"}],"version-history":[{"count":1,"href":"https:\/\/thedermacheck.com\/es\/wp-json\/wp\/v2\/pages\/3574\/revisions"}],"predecessor-version":[{"id":3575,"href":"https:\/\/thedermacheck.com\/es\/wp-json\/wp\/v2\/pages\/3574\/revisions\/3575"}],"wp:attachment":[{"href":"https:\/\/thedermacheck.com\/es\/wp-json\/wp\/v2\/media?parent=3574"}],"wp:term":[{"taxonomy":"category","embeddable":true,"href":"https:\/\/thedermacheck.com\/es\/wp-json\/wp\/v2\/categories?post=3574"},{"taxonomy":"post_tag","embeddable":true,"href":"https:\/\/thedermacheck.com\/es\/wp-json\/wp\/v2\/tags?post=3574"}],"curies":[{"name":"wp","href":"https:\/\/api.w.org\/{rel}","templated":true}]}}