{"id":3622,"date":"2023-12-16T20:38:03","date_gmt":"2023-12-16T20:38:03","guid":{"rendered":"https:\/\/thedermacheck.com\/el-aceite-de-amala-en-los-productos-para-el-cuidado-de-la-piel-una-cura-milagrosa-natural\/"},"modified":"2024-02-13T15:05:40","modified_gmt":"2024-02-13T15:05:40","slug":"el-aceite-de-amala-en-los-productos-para-el-cuidado-de-la-piel-una-cura-milagrosa-natural","status":"publish","type":"page","link":"https:\/\/thedermacheck.com\/es\/el-aceite-de-amala-en-los-productos-para-el-cuidado-de-la-piel-una-cura-milagrosa-natural\/","title":{"rendered":"El aceite de amala en los productos para el cuidado de la piel: Una cura milagrosa natural"},"content":{"rendered":"\n<h2 class=\"wp-block-heading\">ACEITE DE AMALA<\/h2>\n\n<ul class=\"wp-block-list\">\n<li><strong>Tipo de ingrediente:<\/strong> Aceite natural<\/li>\n\n\n\n<li><strong>Principales beneficios:<\/strong> Hidratante, favorece la elasticidad de la piel, rico en antioxidantes.<\/li>\n\n\n\n<li><strong>Adecuado para:<\/strong> Todo tipo de pieles, especialmente para pieles secas y maduras<\/li>\n\n\n\n<li><strong>Frecuencia de uso:<\/strong> Dependiendo de las instrucciones del producto, normalmente a diario<\/li>\n\n\n\n<li><strong>Puede combinarse con:<\/strong> Otros aceites naturales e ingredientes hidratantes<\/li>\n\n\n\n<li><strong>No utilizar con:<\/strong> Sustancias fuertemente secantes o irritantes<\/li>\n<\/ul>\n\n<hr class=\"wp-block-separator has-alpha-channel-opacity\"\/>\n\n<h2 class=\"wp-block-heading\">\u00bfQu\u00e9 es el aceite de Amala?<\/h2>\n\n<p>El aceite de amala, tambi\u00e9n conocido como aceite de grosella espinosa india, se extrae de los frutos de la planta amala. Este aceite est\u00e1 profundamente arraigado en la medicina ayurv\u00e9dica tradicional india y es muy apreciado por sus numerosas propiedades beneficiosas para la salud.<\/p>\n\n<hr class=\"wp-block-separator has-alpha-channel-opacity\"\/>\n\n<h3 class=\"wp-block-heading\">Beneficios del aceite de Amala para la piel<\/h3>\n\n<h4 class=\"wp-block-heading\">Rico en nutrientes y antioxidantes<\/h4>\n\n<p>El aceite de amala es rico en vitamina C, vitamina E y antioxidantes, que protegen la piel de las influencias nocivas del medio ambiente y previenen el envejecimiento prematuro.<\/p>\n\n<h4 class=\"wp-block-heading\">Hidrata y favorece la elasticidad<\/h4>\n\n<p>Gracias a sus propiedades hidratantes, ayuda a mantener la piel suave y flexible y mejora su elasticidad.<\/p>\n\n<hr class=\"wp-block-separator has-alpha-channel-opacity\"\/>\n\n<h3 class=\"wp-block-heading\">Posibles efectos secundarios<\/h3>\n\n<p>Aunque el aceite de Amala se considera seguro para la mayor\u00eda de los tipos de piel, las personas con piel muy sensible o alergias deben tener precauci\u00f3n. En raras ocasiones, pueden producirse irritaciones cut\u00e1neas.<\/p>\n\n<hr class=\"wp-block-separator has-alpha-channel-opacity\"\/>\n\n<h3 class=\"wp-block-heading\">Aplicaci\u00f3n del aceite de Amala<\/h3>\n\n<h4 class=\"wp-block-heading\">En forma pura o como ingrediente<\/h4>\n\n<p>El aceite de amala puede aplicarse directamente sobre la piel o utilizarse como ingrediente en productos para el cuidado de la piel, como cremas y sueros.<\/p>\n\n<h4 class=\"wp-block-heading\">Uso diario<\/h4>\n\n<p>El aceite de Amala debe utilizarse regularmente para obtener resultados \u00f3ptimos. Siga las instrucciones del producto correspondiente.<\/p>\n\n<hr class=\"wp-block-separator has-alpha-channel-opacity\"\/>\n\n<h3 class=\"wp-block-heading\">C\u00f3mo no utilizar el aceite de Amala<\/h3>\n\n<ul class=\"wp-block-list\">\n<li><strong>No utilizar en combinaci\u00f3n con sustancias muy secantes:<\/strong> La combinaci\u00f3n del aceite de Amala con ingredientes secantes puede irritar la piel.<\/li>\n\n\n\n<li><strong>No sobredosificar:<\/strong> Un uso excesivo puede provocar una oleosidad excesiva de la piel.<\/li>\n<\/ul>\n\n<hr class=\"wp-block-separator has-alpha-channel-opacity\"\/>\n\n<h3 class=\"wp-block-heading\">Preguntas frecuentes sobre el aceite de Amala<\/h3>\n\n<h4 class=\"wp-block-heading\">\u00bfPuede el aceite de Amala ayudar con el acn\u00e9?<\/h4>\n\n<p>El aceite de amala tiene propiedades antiinflamatorias que pueden ayudar a tratar el acn\u00e9, pero debe utilizarse con precauci\u00f3n en pieles grasas.<\/p>\n\n<h4 class=\"wp-block-heading\">\u00bfEl aceite de Amala es adecuado para todo tipo de pieles?<\/h4>\n\n<p>S\u00ed, es adecuado para todo tipo de pieles, pero es especialmente beneficioso para las pieles secas y maduras.<\/p>\n\n<h4 class=\"wp-block-heading\">\u00bfSe puede utilizar el aceite de Amala a diario?<\/h4>\n\n<p>S\u00ed, se recomienda su uso diario para obtener mejores resultados.<\/p>\n\n<hr class=\"wp-block-separator has-alpha-channel-opacity\"\/>\n\n<h2 class=\"wp-block-heading\">Conclusi\u00f3n<\/h2>\n\n<p>El aceite de amala es un aceite vers\u00e1til y rico en nutrientes que ofrece numerosos beneficios para la piel. Es un ingrediente excelente para los productos de cuidado de la piel, especialmente para quienes buscan componentes naturales, hidratantes y antienvejecimiento. Por su composici\u00f3n rica y su acci\u00f3n suave, es una opci\u00f3n excelente para casi todos los tipos de piel.<\/p>\n","protected":false},"excerpt":{"rendered":"<p>ACEITE DE AMALA \u00bfQu\u00e9 es el aceite de Amala? El aceite de amala, tambi\u00e9n conocido como aceite de grosella espinosa india, se extrae de los frutos de la planta amala. Este aceite est\u00e1 profundamente arraigado en la medicina ayurv\u00e9dica tradicional india y es muy apreciado por sus numerosas propiedades beneficiosas para la salud. Beneficios del &#8230; <a title=\"El aceite de amala en los productos para el cuidado de la piel: Una cura milagrosa natural\" class=\"read-more\" href=\"https:\/\/thedermacheck.com\/es\/el-aceite-de-amala-en-los-productos-para-el-cuidado-de-la-piel-una-cura-milagrosa-natural\/\" aria-label=\"Leer m\u00e1s sobre El aceite de amala en los productos para el cuidado de la piel: Una cura milagrosa natural\">Mehr erfahren<\/a><\/p>\n","protected":false},"author":2,"featured_media":0,"parent":0,"menu_order":0,"comment_status":"closed","ping_status":"closed","template":"","meta":{"_acf_changed":false,"_lmt_disableupdate":"","_lmt_disable":"","footnotes":""},"categories":[43],"tags":[],"class_list":{"0":"post-3622","1":"page","2":"type-page","3":"status-publish","5":"category-ingredientes"},"acf":[],"yoast_head":"<!-- This site is optimized with the Yoast SEO Premium plugin v25.7.1 (Yoast SEO v25.7) - https:\/\/yoast.com\/wordpress\/plugins\/seo\/ -->\n<title>El aceite de amala en los productos para el cuidado de la piel: Una cura milagrosa natural | The Derma Check<\/title>\n<meta name=\"robots\" content=\"index, follow, max-snippet:-1, max-image-preview:large, max-video-preview:-1\" \/>\n<link rel=\"canonical\" href=\"https:\/\/thedermacheck.com\/es\/el-aceite-de-amala-en-los-productos-para-el-cuidado-de-la-piel-una-cura-milagrosa-natural\/\" \/>\n<meta property=\"og:locale\" content=\"es_ES\" \/>\n<meta property=\"og:type\" content=\"article\" \/>\n<meta property=\"og:title\" content=\"El aceite de amala en los productos para el cuidado de la piel: Una cura milagrosa natural\" \/>\n<meta property=\"og:description\" content=\"ACEITE DE AMALA \u00bfQu\u00e9 es el aceite de Amala? El aceite de amala, tambi\u00e9n conocido como aceite de grosella espinosa india, se extrae de los frutos de la planta amala. Este aceite est\u00e1 profundamente arraigado en la medicina ayurv\u00e9dica tradicional india y es muy apreciado por sus numerosas propiedades beneficiosas para la salud. Beneficios del ... Mehr erfahren\" \/>\n<meta property=\"og:url\" content=\"https:\/\/thedermacheck.com\/es\/el-aceite-de-amala-en-los-productos-para-el-cuidado-de-la-piel-una-cura-milagrosa-natural\/\" \/>\n<meta property=\"og:site_name\" content=\"The Derma Check\" \/>\n<meta property=\"article:modified_time\" content=\"2024-02-13T15:05:40+00:00\" \/>\n<meta name=\"twitter:card\" content=\"summary_large_image\" \/>\n<meta name=\"twitter:label1\" content=\"Tiempo de lectura\" \/>\n\t<meta name=\"twitter:data1\" content=\"2 minutos\" \/>\n<script type=\"application\/ld+json\" class=\"yoast-schema-graph\">{\"@context\":\"https:\/\/schema.org\",\"@graph\":[{\"@type\":\"WebPage\",\"@id\":\"https:\/\/thedermacheck.com\/es\/el-aceite-de-amala-en-los-productos-para-el-cuidado-de-la-piel-una-cura-milagrosa-natural\/\",\"url\":\"https:\/\/thedermacheck.com\/es\/el-aceite-de-amala-en-los-productos-para-el-cuidado-de-la-piel-una-cura-milagrosa-natural\/\",\"name\":\"El aceite de amala en los productos para el cuidado de la piel: Una cura milagrosa natural | The Derma Check\",\"isPartOf\":{\"@id\":\"https:\/\/thedermacheck.com\/es\/#website\"},\"datePublished\":\"2023-12-16T20:38:03+00:00\",\"dateModified\":\"2024-02-13T15:05:40+00:00\",\"breadcrumb\":{\"@id\":\"https:\/\/thedermacheck.com\/es\/el-aceite-de-amala-en-los-productos-para-el-cuidado-de-la-piel-una-cura-milagrosa-natural\/#breadcrumb\"},\"inLanguage\":\"es\",\"potentialAction\":[{\"@type\":\"ReadAction\",\"target\":[\"https:\/\/thedermacheck.com\/es\/el-aceite-de-amala-en-los-productos-para-el-cuidado-de-la-piel-una-cura-milagrosa-natural\/\"]}]},{\"@type\":\"BreadcrumbList\",\"@id\":\"https:\/\/thedermacheck.com\/es\/el-aceite-de-amala-en-los-productos-para-el-cuidado-de-la-piel-una-cura-milagrosa-natural\/#breadcrumb\",\"itemListElement\":[{\"@type\":\"ListItem\",\"position\":1,\"name\":\"Derma Check\",\"item\":\"https:\/\/thedermacheck.com\/es\/\"},{\"@type\":\"ListItem\",\"position\":2,\"name\":\"El aceite de amala en los productos para el cuidado de la piel: Una cura milagrosa natural\"}]},{\"@type\":\"WebSite\",\"@id\":\"https:\/\/thedermacheck.com\/es\/#website\",\"url\":\"https:\/\/thedermacheck.com\/es\/\",\"name\":\"The Derma Check\",\"description\":\"\",\"publisher\":{\"@id\":\"https:\/\/thedermacheck.com\/es\/#organization\"},\"potentialAction\":[{\"@type\":\"SearchAction\",\"target\":{\"@type\":\"EntryPoint\",\"urlTemplate\":\"https:\/\/thedermacheck.com\/es\/?s={search_term_string}\"},\"query-input\":{\"@type\":\"PropertyValueSpecification\",\"valueRequired\":true,\"valueName\":\"search_term_string\"}}],\"inLanguage\":\"es\"},{\"@type\":\"Organization\",\"@id\":\"https:\/\/thedermacheck.com\/es\/#organization\",\"name\":\"The Derma Check\",\"url\":\"https:\/\/thedermacheck.com\/es\/\",\"logo\":{\"@type\":\"ImageObject\",\"inLanguage\":\"es\",\"@id\":\"https:\/\/thedermacheck.com\/es\/#\/schema\/logo\/image\/\",\"url\":\"https:\/\/thedermacheck.com\/wp-content\/uploads\/2023\/10\/cropped-THE-DERMA-CHECK-FAVICON-NEW-1.png\",\"contentUrl\":\"https:\/\/thedermacheck.com\/wp-content\/uploads\/2023\/10\/cropped-THE-DERMA-CHECK-FAVICON-NEW-1.png\",\"width\":512,\"height\":512,\"caption\":\"The Derma Check\"},\"image\":{\"@id\":\"https:\/\/thedermacheck.com\/es\/#\/schema\/logo\/image\/\"}}]}<\/script>\n<!-- \/ Yoast SEO Premium plugin. -->","yoast_head_json":{"title":"El aceite de amala en los productos para el cuidado de la piel: Una cura milagrosa natural | The Derma Check","robots":{"index":"index","follow":"follow","max-snippet":"max-snippet:-1","max-image-preview":"max-image-preview:large","max-video-preview":"max-video-preview:-1"},"canonical":"https:\/\/thedermacheck.com\/es\/el-aceite-de-amala-en-los-productos-para-el-cuidado-de-la-piel-una-cura-milagrosa-natural\/","og_locale":"es_ES","og_type":"article","og_title":"El aceite de amala en los productos para el cuidado de la piel: Una cura milagrosa natural","og_description":"ACEITE DE AMALA \u00bfQu\u00e9 es el aceite de Amala? El aceite de amala, tambi\u00e9n conocido como aceite de grosella espinosa india, se extrae de los frutos de la planta amala. Este aceite est\u00e1 profundamente arraigado en la medicina ayurv\u00e9dica tradicional india y es muy apreciado por sus numerosas propiedades beneficiosas para la salud. Beneficios del ... Mehr erfahren","og_url":"https:\/\/thedermacheck.com\/es\/el-aceite-de-amala-en-los-productos-para-el-cuidado-de-la-piel-una-cura-milagrosa-natural\/","og_site_name":"The Derma Check","article_modified_time":"2024-02-13T15:05:40+00:00","twitter_card":"summary_large_image","twitter_misc":{"Tiempo de lectura":"2 minutos"},"schema":{"@context":"https:\/\/schema.org","@graph":[{"@type":"WebPage","@id":"https:\/\/thedermacheck.com\/es\/el-aceite-de-amala-en-los-productos-para-el-cuidado-de-la-piel-una-cura-milagrosa-natural\/","url":"https:\/\/thedermacheck.com\/es\/el-aceite-de-amala-en-los-productos-para-el-cuidado-de-la-piel-una-cura-milagrosa-natural\/","name":"El aceite de amala en los productos para el cuidado de la piel: Una cura milagrosa natural | The Derma Check","isPartOf":{"@id":"https:\/\/thedermacheck.com\/es\/#website"},"datePublished":"2023-12-16T20:38:03+00:00","dateModified":"2024-02-13T15:05:40+00:00","breadcrumb":{"@id":"https:\/\/thedermacheck.com\/es\/el-aceite-de-amala-en-los-productos-para-el-cuidado-de-la-piel-una-cura-milagrosa-natural\/#breadcrumb"},"inLanguage":"es","potentialAction":[{"@type":"ReadAction","target":["https:\/\/thedermacheck.com\/es\/el-aceite-de-amala-en-los-productos-para-el-cuidado-de-la-piel-una-cura-milagrosa-natural\/"]}]},{"@type":"BreadcrumbList","@id":"https:\/\/thedermacheck.com\/es\/el-aceite-de-amala-en-los-productos-para-el-cuidado-de-la-piel-una-cura-milagrosa-natural\/#breadcrumb","itemListElement":[{"@type":"ListItem","position":1,"name":"Derma Check","item":"https:\/\/thedermacheck.com\/es\/"},{"@type":"ListItem","position":2,"name":"El aceite de amala en los productos para el cuidado de la piel: Una cura milagrosa natural"}]},{"@type":"WebSite","@id":"https:\/\/thedermacheck.com\/es\/#website","url":"https:\/\/thedermacheck.com\/es\/","name":"The Derma Check","description":"","publisher":{"@id":"https:\/\/thedermacheck.com\/es\/#organization"},"potentialAction":[{"@type":"SearchAction","target":{"@type":"EntryPoint","urlTemplate":"https:\/\/thedermacheck.com\/es\/?s={search_term_string}"},"query-input":{"@type":"PropertyValueSpecification","valueRequired":true,"valueName":"search_term_string"}}],"inLanguage":"es"},{"@type":"Organization","@id":"https:\/\/thedermacheck.com\/es\/#organization","name":"The Derma Check","url":"https:\/\/thedermacheck.com\/es\/","logo":{"@type":"ImageObject","inLanguage":"es","@id":"https:\/\/thedermacheck.com\/es\/#\/schema\/logo\/image\/","url":"https:\/\/thedermacheck.com\/wp-content\/uploads\/2023\/10\/cropped-THE-DERMA-CHECK-FAVICON-NEW-1.png","contentUrl":"https:\/\/thedermacheck.com\/wp-content\/uploads\/2023\/10\/cropped-THE-DERMA-CHECK-FAVICON-NEW-1.png","width":512,"height":512,"caption":"The Derma Check"},"image":{"@id":"https:\/\/thedermacheck.com\/es\/#\/schema\/logo\/image\/"}}]}},"_links":{"self":[{"href":"https:\/\/thedermacheck.com\/es\/wp-json\/wp\/v2\/pages\/3622","targetHints":{"allow":["GET"]}}],"collection":[{"href":"https:\/\/thedermacheck.com\/es\/wp-json\/wp\/v2\/pages"}],"about":[{"href":"https:\/\/thedermacheck.com\/es\/wp-json\/wp\/v2\/types\/page"}],"author":[{"embeddable":true,"href":"https:\/\/thedermacheck.com\/es\/wp-json\/wp\/v2\/users\/2"}],"replies":[{"embeddable":true,"href":"https:\/\/thedermacheck.com\/es\/wp-json\/wp\/v2\/comments?post=3622"}],"version-history":[{"count":1,"href":"https:\/\/thedermacheck.com\/es\/wp-json\/wp\/v2\/pages\/3622\/revisions"}],"predecessor-version":[{"id":3623,"href":"https:\/\/thedermacheck.com\/es\/wp-json\/wp\/v2\/pages\/3622\/revisions\/3623"}],"wp:attachment":[{"href":"https:\/\/thedermacheck.com\/es\/wp-json\/wp\/v2\/media?parent=3622"}],"wp:term":[{"taxonomy":"category","embeddable":true,"href":"https:\/\/thedermacheck.com\/es\/wp-json\/wp\/v2\/categories?post=3622"},{"taxonomy":"post_tag","embeddable":true,"href":"https:\/\/thedermacheck.com\/es\/wp-json\/wp\/v2\/tags?post=3622"}],"curies":[{"name":"wp","href":"https:\/\/api.w.org\/{rel}","templated":true}]}}