{"id":3630,"date":"2023-12-16T20:39:16","date_gmt":"2023-12-16T20:39:16","guid":{"rendered":"https:\/\/thedermacheck.com\/el-aceite-de-albaricoque-en-los-productos-para-el-cuidado-de-la-piel-una-joya-oculta\/"},"modified":"2024-02-13T15:05:47","modified_gmt":"2024-02-13T15:05:47","slug":"el-aceite-de-albaricoque-en-los-productos-para-el-cuidado-de-la-piel-una-joya-oculta","status":"publish","type":"page","link":"https:\/\/thedermacheck.com\/es\/el-aceite-de-albaricoque-en-los-productos-para-el-cuidado-de-la-piel-una-joya-oculta\/","title":{"rendered":"El aceite de albaricoque en los productos para el cuidado de la piel: Una joya oculta"},"content":{"rendered":"\n<h2 class=\"wp-block-heading\">ACEITE DE HUESO DE ALBARICOQUE<\/h2>\n\n<ul class=\"wp-block-list\">\n<li><strong>Tipo de ingrediente:<\/strong> Aceite natural<\/li>\n\n\n\n<li><strong>Principales beneficios:<\/strong> Hidratante, antienvejecimiento, suave con la piel.<\/li>\n\n\n\n<li><strong>Adecuado para:<\/strong> Todo tipo de pieles, especialmente las secas y sensibles<\/li>\n\n\n\n<li><strong>Frecuencia de uso:<\/strong> Diaria o seg\u00fan las necesidades<\/li>\n\n\n\n<li><strong>Se puede combinar con:<\/strong> Hidratantes y otros aceites<\/li>\n\n\n\n<li><strong>No utilizar con:<\/strong> Productos con alto contenido en alcohol o al\u00e9rgicos a los frutos secos<\/li>\n<\/ul>\n\n<hr class=\"wp-block-separator has-alpha-channel-opacity\"\/>\n\n<h2 class=\"wp-block-heading\">Introducci\u00f3n al aceite de hueso de albaricoque<\/h2>\n\n<p>El aceite de hueso de albaricoque, obtenido de los huesos del albaricoque, es un aceite poco conocido pero extremadamente eficaz en el cuidado de la piel. Rico en vitaminas y \u00e1cidos grasos esenciales, este aceite ofrece multitud de beneficios para la piel.<\/p>\n\n<hr class=\"wp-block-separator has-alpha-channel-opacity\"\/>\n\n<h3 class=\"wp-block-heading\">Ventajas del aceite de hueso de albaricoque<\/h3>\n\n<h4 class=\"wp-block-heading\">Rico en nutrientes<\/h4>\n\n<p>El aceite de albaricoque contiene vitaminas A y E, as\u00ed como \u00e1cidos grasos omega-6, que nutren y protegen la piel.<\/p>\n\n<h4 class=\"wp-block-heading\">Hidratante y antiedad<\/h4>\n\n<p>Gracias a su alto contenido en vitaminas E y A, el aceite favorece el equilibrio de hidrataci\u00f3n de la piel y tiene un efecto positivo sobre la elasticidad y la aparici\u00f3n de l\u00edneas finas y arrugas.<\/p>\n\n<hr class=\"wp-block-separator has-alpha-channel-opacity\"\/>\n\n<h3 class=\"wp-block-heading\">Posibles efectos secundarios<\/h3>\n\n<p>Aunque el aceite de hueso de albaricoque suele considerarse seguro, las personas al\u00e9rgicas a los frutos secos deben tener precauci\u00f3n. En raras ocasiones, pueden producirse reacciones cut\u00e1neas.<\/p>\n\n<hr class=\"wp-block-separator has-alpha-channel-opacity\"\/>\n\n<h3 class=\"wp-block-heading\">Aplicaci\u00f3n del aceite de hueso de albaricoque<\/h3>\n\n<h4 class=\"wp-block-heading\">Directamente sobre la piel<\/h4>\n\n<p>El aceite de hueso de albaricoque puede aplicarse directamente sobre la piel, preferiblemente despu\u00e9s de la ducha, para retener la humedad.<\/p>\n\n<h4 class=\"wp-block-heading\">En combinaci\u00f3n con otros productos<\/h4>\n\n<p>Combina bien con otros productos de cuidado de la piel, como la crema hidratante diaria.<\/p>\n\n<hr class=\"wp-block-separator has-alpha-channel-opacity\"\/>\n\n<h3 class=\"wp-block-heading\">C\u00f3mo no utilizar el aceite de hueso de albaricoque<\/h3>\n\n<ul class=\"wp-block-list\">\n<li><strong>No utilizar junto con productos que contengan altos niveles de alcohol:<\/strong> Esto puede resecar la piel y reducir los beneficios del aceite.<\/li>\n\n\n\n<li><strong>Precauci\u00f3n con los al\u00e9rgicos a los frutos secos:<\/strong> aunque es poco frecuente, el aceite de hueso de albaricoque puede desencadenar reacciones al\u00e9rgicas.<\/li>\n<\/ul>\n\n<hr class=\"wp-block-separator has-alpha-channel-opacity\"\/>\n\n<h3 class=\"wp-block-heading\">Preguntas frecuentes sobre el aceite de semilla de albaricoque<\/h3>\n\n<h4 class=\"wp-block-heading\">\u00bfPuede el aceite de semilla de albaricoque ayudar a combatir el acn\u00e9?<\/h4>\n\n<p>Puede ayudar por sus propiedades antiinflamatorias, pero debe utilizarse con precauci\u00f3n en pieles grasas.<\/p>\n\n<h4 class=\"wp-block-heading\">\u00bfEl aceite de semilla de albaricoque es adecuado para pieles sensibles?<\/h4>\n\n<p>S\u00ed, es conocido por su efecto suave y es ideal para pieles sensibles.<\/p>\n\n<h4 class=\"wp-block-heading\">\u00bfPuede el aceite de hueso de albaricoque reducir las manchas de la piel?<\/h4>\n\n<p>Puede ayudar a calmar la piel y mejorar el aspecto de las manchas.<\/p>\n\n<hr class=\"wp-block-separator has-alpha-channel-opacity\"\/>\n\n<h2 class=\"wp-block-heading\">Conclusi\u00f3n<\/h2>\n\n<p>El aceite de hueso de albaricoque es un aceite vers\u00e1til y rico en nutrientes que ofrece una amplia gama de beneficios para el cuidado de la piel. Es una opci\u00f3n excelente para quienes buscan un cuidado natural, nutritivo y suave para su piel. Gracias a su capacidad para hidratar y combatir el envejecimiento cut\u00e1neo, el aceite de hueso de albaricoque es un ingrediente imprescindible en su arsenal de cuidados de la piel.<\/p>\n","protected":false},"excerpt":{"rendered":"<p>ACEITE DE HUESO DE ALBARICOQUE Introducci\u00f3n al aceite de hueso de albaricoque El aceite de hueso de albaricoque, obtenido de los huesos del albaricoque, es un aceite poco conocido pero extremadamente eficaz en el cuidado de la piel. Rico en vitaminas y \u00e1cidos grasos esenciales, este aceite ofrece multitud de beneficios para la piel. Ventajas &#8230; <a title=\"El aceite de albaricoque en los productos para el cuidado de la piel: Una joya oculta\" class=\"read-more\" href=\"https:\/\/thedermacheck.com\/es\/el-aceite-de-albaricoque-en-los-productos-para-el-cuidado-de-la-piel-una-joya-oculta\/\" aria-label=\"Leer m\u00e1s sobre El aceite de albaricoque en los productos para el cuidado de la piel: Una joya oculta\">Mehr erfahren<\/a><\/p>\n","protected":false},"author":2,"featured_media":0,"parent":0,"menu_order":0,"comment_status":"closed","ping_status":"closed","template":"","meta":{"_acf_changed":false,"_lmt_disableupdate":"","_lmt_disable":"","footnotes":""},"categories":[43],"tags":[],"class_list":{"0":"post-3630","1":"page","2":"type-page","3":"status-publish","5":"category-ingredientes"},"acf":[],"yoast_head":"<!-- This site is optimized with the Yoast SEO Premium plugin v25.7.1 (Yoast SEO v25.7) - https:\/\/yoast.com\/wordpress\/plugins\/seo\/ -->\n<title>El aceite de albaricoque en los productos para el cuidado de la piel: Una joya oculta | The Derma Check<\/title>\n<meta name=\"robots\" content=\"index, follow, max-snippet:-1, max-image-preview:large, max-video-preview:-1\" \/>\n<link rel=\"canonical\" href=\"https:\/\/thedermacheck.com\/es\/el-aceite-de-albaricoque-en-los-productos-para-el-cuidado-de-la-piel-una-joya-oculta\/\" \/>\n<meta property=\"og:locale\" content=\"es_ES\" \/>\n<meta property=\"og:type\" content=\"article\" \/>\n<meta property=\"og:title\" content=\"El aceite de albaricoque en los productos para el cuidado de la piel: Una joya oculta\" \/>\n<meta property=\"og:description\" content=\"ACEITE DE HUESO DE ALBARICOQUE Introducci\u00f3n al aceite de hueso de albaricoque El aceite de hueso de albaricoque, obtenido de los huesos del albaricoque, es un aceite poco conocido pero extremadamente eficaz en el cuidado de la piel. Rico en vitaminas y \u00e1cidos grasos esenciales, este aceite ofrece multitud de beneficios para la piel. Ventajas ... Mehr erfahren\" \/>\n<meta property=\"og:url\" content=\"https:\/\/thedermacheck.com\/es\/el-aceite-de-albaricoque-en-los-productos-para-el-cuidado-de-la-piel-una-joya-oculta\/\" \/>\n<meta property=\"og:site_name\" content=\"The Derma Check\" \/>\n<meta property=\"article:modified_time\" content=\"2024-02-13T15:05:47+00:00\" \/>\n<meta name=\"twitter:card\" content=\"summary_large_image\" \/>\n<meta name=\"twitter:label1\" content=\"Tiempo de lectura\" \/>\n\t<meta name=\"twitter:data1\" content=\"2 minutos\" \/>\n<script type=\"application\/ld+json\" class=\"yoast-schema-graph\">{\"@context\":\"https:\/\/schema.org\",\"@graph\":[{\"@type\":\"WebPage\",\"@id\":\"https:\/\/thedermacheck.com\/es\/el-aceite-de-albaricoque-en-los-productos-para-el-cuidado-de-la-piel-una-joya-oculta\/\",\"url\":\"https:\/\/thedermacheck.com\/es\/el-aceite-de-albaricoque-en-los-productos-para-el-cuidado-de-la-piel-una-joya-oculta\/\",\"name\":\"El aceite de albaricoque en los productos para el cuidado de la piel: Una joya oculta | The Derma Check\",\"isPartOf\":{\"@id\":\"https:\/\/thedermacheck.com\/es\/#website\"},\"datePublished\":\"2023-12-16T20:39:16+00:00\",\"dateModified\":\"2024-02-13T15:05:47+00:00\",\"breadcrumb\":{\"@id\":\"https:\/\/thedermacheck.com\/es\/el-aceite-de-albaricoque-en-los-productos-para-el-cuidado-de-la-piel-una-joya-oculta\/#breadcrumb\"},\"inLanguage\":\"es\",\"potentialAction\":[{\"@type\":\"ReadAction\",\"target\":[\"https:\/\/thedermacheck.com\/es\/el-aceite-de-albaricoque-en-los-productos-para-el-cuidado-de-la-piel-una-joya-oculta\/\"]}]},{\"@type\":\"BreadcrumbList\",\"@id\":\"https:\/\/thedermacheck.com\/es\/el-aceite-de-albaricoque-en-los-productos-para-el-cuidado-de-la-piel-una-joya-oculta\/#breadcrumb\",\"itemListElement\":[{\"@type\":\"ListItem\",\"position\":1,\"name\":\"Derma Check\",\"item\":\"https:\/\/thedermacheck.com\/es\/\"},{\"@type\":\"ListItem\",\"position\":2,\"name\":\"El aceite de albaricoque en los productos para el cuidado de la piel: Una joya oculta\"}]},{\"@type\":\"WebSite\",\"@id\":\"https:\/\/thedermacheck.com\/es\/#website\",\"url\":\"https:\/\/thedermacheck.com\/es\/\",\"name\":\"The Derma Check\",\"description\":\"\",\"publisher\":{\"@id\":\"https:\/\/thedermacheck.com\/es\/#organization\"},\"potentialAction\":[{\"@type\":\"SearchAction\",\"target\":{\"@type\":\"EntryPoint\",\"urlTemplate\":\"https:\/\/thedermacheck.com\/es\/?s={search_term_string}\"},\"query-input\":{\"@type\":\"PropertyValueSpecification\",\"valueRequired\":true,\"valueName\":\"search_term_string\"}}],\"inLanguage\":\"es\"},{\"@type\":\"Organization\",\"@id\":\"https:\/\/thedermacheck.com\/es\/#organization\",\"name\":\"The Derma Check\",\"url\":\"https:\/\/thedermacheck.com\/es\/\",\"logo\":{\"@type\":\"ImageObject\",\"inLanguage\":\"es\",\"@id\":\"https:\/\/thedermacheck.com\/es\/#\/schema\/logo\/image\/\",\"url\":\"https:\/\/thedermacheck.com\/wp-content\/uploads\/2023\/10\/cropped-THE-DERMA-CHECK-FAVICON-NEW-1.png\",\"contentUrl\":\"https:\/\/thedermacheck.com\/wp-content\/uploads\/2023\/10\/cropped-THE-DERMA-CHECK-FAVICON-NEW-1.png\",\"width\":512,\"height\":512,\"caption\":\"The Derma Check\"},\"image\":{\"@id\":\"https:\/\/thedermacheck.com\/es\/#\/schema\/logo\/image\/\"}}]}<\/script>\n<!-- \/ Yoast SEO Premium plugin. -->","yoast_head_json":{"title":"El aceite de albaricoque en los productos para el cuidado de la piel: Una joya oculta | The Derma Check","robots":{"index":"index","follow":"follow","max-snippet":"max-snippet:-1","max-image-preview":"max-image-preview:large","max-video-preview":"max-video-preview:-1"},"canonical":"https:\/\/thedermacheck.com\/es\/el-aceite-de-albaricoque-en-los-productos-para-el-cuidado-de-la-piel-una-joya-oculta\/","og_locale":"es_ES","og_type":"article","og_title":"El aceite de albaricoque en los productos para el cuidado de la piel: Una joya oculta","og_description":"ACEITE DE HUESO DE ALBARICOQUE Introducci\u00f3n al aceite de hueso de albaricoque El aceite de hueso de albaricoque, obtenido de los huesos del albaricoque, es un aceite poco conocido pero extremadamente eficaz en el cuidado de la piel. Rico en vitaminas y \u00e1cidos grasos esenciales, este aceite ofrece multitud de beneficios para la piel. Ventajas ... Mehr erfahren","og_url":"https:\/\/thedermacheck.com\/es\/el-aceite-de-albaricoque-en-los-productos-para-el-cuidado-de-la-piel-una-joya-oculta\/","og_site_name":"The Derma Check","article_modified_time":"2024-02-13T15:05:47+00:00","twitter_card":"summary_large_image","twitter_misc":{"Tiempo de lectura":"2 minutos"},"schema":{"@context":"https:\/\/schema.org","@graph":[{"@type":"WebPage","@id":"https:\/\/thedermacheck.com\/es\/el-aceite-de-albaricoque-en-los-productos-para-el-cuidado-de-la-piel-una-joya-oculta\/","url":"https:\/\/thedermacheck.com\/es\/el-aceite-de-albaricoque-en-los-productos-para-el-cuidado-de-la-piel-una-joya-oculta\/","name":"El aceite de albaricoque en los productos para el cuidado de la piel: Una joya oculta | The Derma Check","isPartOf":{"@id":"https:\/\/thedermacheck.com\/es\/#website"},"datePublished":"2023-12-16T20:39:16+00:00","dateModified":"2024-02-13T15:05:47+00:00","breadcrumb":{"@id":"https:\/\/thedermacheck.com\/es\/el-aceite-de-albaricoque-en-los-productos-para-el-cuidado-de-la-piel-una-joya-oculta\/#breadcrumb"},"inLanguage":"es","potentialAction":[{"@type":"ReadAction","target":["https:\/\/thedermacheck.com\/es\/el-aceite-de-albaricoque-en-los-productos-para-el-cuidado-de-la-piel-una-joya-oculta\/"]}]},{"@type":"BreadcrumbList","@id":"https:\/\/thedermacheck.com\/es\/el-aceite-de-albaricoque-en-los-productos-para-el-cuidado-de-la-piel-una-joya-oculta\/#breadcrumb","itemListElement":[{"@type":"ListItem","position":1,"name":"Derma Check","item":"https:\/\/thedermacheck.com\/es\/"},{"@type":"ListItem","position":2,"name":"El aceite de albaricoque en los productos para el cuidado de la piel: Una joya oculta"}]},{"@type":"WebSite","@id":"https:\/\/thedermacheck.com\/es\/#website","url":"https:\/\/thedermacheck.com\/es\/","name":"The Derma Check","description":"","publisher":{"@id":"https:\/\/thedermacheck.com\/es\/#organization"},"potentialAction":[{"@type":"SearchAction","target":{"@type":"EntryPoint","urlTemplate":"https:\/\/thedermacheck.com\/es\/?s={search_term_string}"},"query-input":{"@type":"PropertyValueSpecification","valueRequired":true,"valueName":"search_term_string"}}],"inLanguage":"es"},{"@type":"Organization","@id":"https:\/\/thedermacheck.com\/es\/#organization","name":"The Derma Check","url":"https:\/\/thedermacheck.com\/es\/","logo":{"@type":"ImageObject","inLanguage":"es","@id":"https:\/\/thedermacheck.com\/es\/#\/schema\/logo\/image\/","url":"https:\/\/thedermacheck.com\/wp-content\/uploads\/2023\/10\/cropped-THE-DERMA-CHECK-FAVICON-NEW-1.png","contentUrl":"https:\/\/thedermacheck.com\/wp-content\/uploads\/2023\/10\/cropped-THE-DERMA-CHECK-FAVICON-NEW-1.png","width":512,"height":512,"caption":"The Derma Check"},"image":{"@id":"https:\/\/thedermacheck.com\/es\/#\/schema\/logo\/image\/"}}]}},"_links":{"self":[{"href":"https:\/\/thedermacheck.com\/es\/wp-json\/wp\/v2\/pages\/3630","targetHints":{"allow":["GET"]}}],"collection":[{"href":"https:\/\/thedermacheck.com\/es\/wp-json\/wp\/v2\/pages"}],"about":[{"href":"https:\/\/thedermacheck.com\/es\/wp-json\/wp\/v2\/types\/page"}],"author":[{"embeddable":true,"href":"https:\/\/thedermacheck.com\/es\/wp-json\/wp\/v2\/users\/2"}],"replies":[{"embeddable":true,"href":"https:\/\/thedermacheck.com\/es\/wp-json\/wp\/v2\/comments?post=3630"}],"version-history":[{"count":1,"href":"https:\/\/thedermacheck.com\/es\/wp-json\/wp\/v2\/pages\/3630\/revisions"}],"predecessor-version":[{"id":3631,"href":"https:\/\/thedermacheck.com\/es\/wp-json\/wp\/v2\/pages\/3630\/revisions\/3631"}],"wp:attachment":[{"href":"https:\/\/thedermacheck.com\/es\/wp-json\/wp\/v2\/media?parent=3630"}],"wp:term":[{"taxonomy":"category","embeddable":true,"href":"https:\/\/thedermacheck.com\/es\/wp-json\/wp\/v2\/categories?post=3630"},{"taxonomy":"post_tag","embeddable":true,"href":"https:\/\/thedermacheck.com\/es\/wp-json\/wp\/v2\/tags?post=3630"}],"curies":[{"name":"wp","href":"https:\/\/api.w.org\/{rel}","templated":true}]}}