{"id":3676,"date":"2023-12-14T21:29:25","date_gmt":"2023-12-14T21:29:25","guid":{"rendered":"https:\/\/thedermacheck.com\/quienes-somos\/"},"modified":"2024-09-04T14:41:11","modified_gmt":"2024-09-04T14:41:11","slug":"quienes-somos","status":"publish","type":"page","link":"https:\/\/thedermacheck.com\/es\/quienes-somos\/","title":{"rendered":"Qui\u00e9nes somos"},"content":{"rendered":"<div class=\"gb-container gb-container-4742cc5d alignfull\">\n<div class=\"gb-container gb-container-96eaf3e2\">\n<h1 class=\"gb-headline gb-headline-829851c6 gb-headline-text\">Qui\u00e9nes somos<\/h1>\n\n\n          \n\n          <p class=\"gb-headline gb-headline-443652d4 gb-headline-text\">Cuando la precisi\u00f3n cient\u00edfica se une a un profundo conocimiento del producto, ha llegado a \u00abThe Derma Check\u00bb. Para nosotros es muy importante elaborar informes de pruebas competentes e independientes que le sirvan siempre de gu\u00eda fiable en el \u00e1mbito de los cosm\u00e9ticos para la piel.<\/p>\n          \n\n        \n\n<\/div>\n<\/div><div class=\"gb-container gb-container-6c7c8f9f\">\n<figure class=\"gb-block-image gb-block-image-9b290b03\"><img decoding=\"async\" width=\"1600\" height=\"1067\" src=\"https:\/\/thedermacheck.com\/wp-content\/uploads\/2024\/01\/AdobeStock_640171476-scaled.jpeg\" class=\"gb-image-9b290b03\" alt=\"\" srcset=\"https:\/\/thedermacheck.com\/wp-content\/uploads\/2024\/01\/AdobeStock_640171476-scaled.jpeg 1600w, https:\/\/thedermacheck.com\/wp-content\/uploads\/2024\/01\/AdobeStock_640171476-300x200.jpeg 300w, https:\/\/thedermacheck.com\/wp-content\/uploads\/2024\/01\/AdobeStock_640171476-1024x683.jpeg 1024w, https:\/\/thedermacheck.com\/wp-content\/uploads\/2024\/01\/AdobeStock_640171476-768x512.jpeg 768w, https:\/\/thedermacheck.com\/wp-content\/uploads\/2024\/01\/AdobeStock_640171476-1536x1024.jpeg 1536w, https:\/\/thedermacheck.com\/wp-content\/uploads\/2024\/01\/AdobeStock_640171476-2048x1365.jpeg 2048w\" sizes=\"(max-width: 1600px) 100vw, 1600px\" \/><\/figure>\n<\/div>\n<h2 class=\"wp-block-heading\">Nuestra misi\u00f3n<\/h2>\n\n<p><em>Con pasi\u00f3n por la precisi\u00f3n y la comprensibilidad.<\/em><br\/>En nuestro af\u00e1n por ser la fuente indiscutible de informaci\u00f3n sobre productos cosm\u00e9ticos, combinamos la facilidad de comprensi\u00f3n con el peso de la experiencia real. Nuestra misi\u00f3n es construir una biblioteca de confianza y verdad en la que pueda sentirse seguro en cada asunto relacionado con el cuidado de la piel.<\/p>\n\n<h2 class=\"wp-block-heading\">Nuestra historia<\/h2>\n\n<p>De la primera chispa a la llama: \u00abThe Derma Check\u00bb son los fuegos artificiales de d\u00e9cadas de pasi\u00f3n por la ciencia cosm\u00e9tica. Nacido en 2023 de la necesidad de aportar una claridad llena de luz a las sombras de la industria cosm\u00e9tica, nuestro proyecto ha visto crecer r\u00e1pidamente el n\u00famero de curiosos. Con cada nuevo producto que llega a nuestro laboratorio de pruebas, crece nuestro archivo de hallazgos y, con \u00e9l, el enriquecimiento para nuestros lectores.<\/p>\n\n<h2 class=\"wp-block-heading\">Qui\u00e9nes somos<\/h2>\n\n<p>Un caleidoscopio de conocimientos: el equipo de \u00abThe Derma Check\u00bb es tan diverso como nuestros lectores. Con los protocolos de prueba m\u00e1s estrictos y una dedicaci\u00f3n editorial insuperable, ponemos a prueba todos los productos para el cuidado de la piel. Abrazamos la diversidad en todos los aspectos de nuestro trabajo y utilizamos los g\u00e9neros no s\u00f3lo por convicci\u00f3n, sino tambi\u00e9n por respeto a nuestros lectores.<\/p>\n\n<h2 class=\"wp-block-heading\">Nuestra responsabilidad<\/h2>\n\n<p>La integridad es nuestro ADN. En un mundo en el que las palabras parecen estar en venta, nuestra \u00e9tica sigue siendo invendible. El marketing de afiliaci\u00f3n forma parte de nuestro ecosistema, pero es un aspecto que nunca menoscabar\u00e1 nuestra independencia. Cada recomendaci\u00f3n de producto, cada lista de clasificaci\u00f3n y cada evaluaci\u00f3n se elabora con la mayor objetividad posible: su confianza es nuestro mayor activo.<\/p>\n\n<p>No susurramos al o\u00eddo de la industria, sino que hablamos directamente al coraz\u00f3n de nuestros lectores. Cuando recibimos una comisi\u00f3n, se hace de forma abierta, honesta y sin influir en su experiencia ni en nuestra recomendaci\u00f3n. Porque usted es la raz\u00f3n por la que decidimos crear \u00abEl Cheque Derma\u00bb.<\/p>\n\n<p>\n          <strong><a href=\"https:\/\/thedermacheck.com\/es\/nuestras-normas-de-ensayo-y-evaluacion\/\">Aqu\u00ed encontrar\u00e1 m\u00e1s informaci\u00f3n sobre c\u00f3mo probamos y evaluamos los productos<\/a>.<\/strong>\n        <\/p>\n\n<h2 class=\"wp-block-heading\">Trabaje en red con nosotros<\/h2>\n\n<p><em>Un di\u00e1logo que conmueve.<\/em><br\/>Los comentarios y la interacci\u00f3n no s\u00f3lo son bienvenidos, sino que se fomentan. Sus aportaciones son el motor de nuestro crecimiento, la inspiraci\u00f3n de nuestra investigaci\u00f3n y el pilar de nuestra comunidad.<\/p>\n\n<p>Somos \u00abThe Derma Check\u00bb &#8211; junto con usted en un viaje misionero a un mundo en el que el cuidado de la piel no tiene secretos.<\/p>\n\n<p>\u00bfTiene alguna sugerencia de mejora? Escr\u00edbanos a: feedback@thedermacheck.com.<\/p>\n\n<p>\n          <a href=\"https:\/\/thedermacheck.com\/es\/pongase-en-contacto-con-nosotros\/\">\n            <strong>Aqu\u00ed encontrar\u00e1 m\u00e1s formas de ponerse en contacto con nosotros.<\/strong>\n          <\/a>\n        <\/p>\n","protected":false},"excerpt":{"rendered":"<p>Qui\u00e9nes somos Cuando la precisi\u00f3n cient\u00edfica se une a un profundo conocimiento del producto, ha llegado a \u00abThe Derma Check\u00bb. Para nosotros es muy importante elaborar informes de pruebas competentes e independientes que le sirvan siempre de gu\u00eda fiable en el \u00e1mbito de los cosm\u00e9ticos para la piel. Nuestra misi\u00f3n Con pasi\u00f3n por la precisi\u00f3n &#8230; <a title=\"Qui\u00e9nes somos\" class=\"read-more\" href=\"https:\/\/thedermacheck.com\/es\/quienes-somos\/\" aria-label=\"Leer m\u00e1s sobre Qui\u00e9nes somos\">Mehr erfahren<\/a><\/p>\n","protected":false},"author":1,"featured_media":2587,"parent":0,"menu_order":0,"comment_status":"closed","ping_status":"closed","template":"","meta":{"_acf_changed":false,"_lmt_disableupdate":"","_lmt_disable":"","footnotes":""},"categories":[],"tags":[],"class_list":["post-3676","page","type-page","status-publish","has-post-thumbnail"],"acf":[],"yoast_head":"<!-- This site is optimized with the Yoast SEO Premium plugin v25.7.1 (Yoast SEO v25.7) - https:\/\/yoast.com\/wordpress\/plugins\/seo\/ -->\n<title>Qui\u00e9nes somos | The Derma Check<\/title>\n<meta name=\"robots\" content=\"index, follow, max-snippet:-1, max-image-preview:large, max-video-preview:-1\" \/>\n<link rel=\"canonical\" href=\"https:\/\/thedermacheck.com\/es\/quienes-somos\/\" \/>\n<meta property=\"og:locale\" content=\"es_ES\" \/>\n<meta property=\"og:type\" content=\"article\" \/>\n<meta property=\"og:title\" content=\"Qui\u00e9nes somos\" \/>\n<meta property=\"og:description\" content=\"Qui\u00e9nes somos Cuando la precisi\u00f3n cient\u00edfica se une a un profundo conocimiento del producto, ha llegado a \u00abThe Derma Check\u00bb. Para nosotros es muy importante elaborar informes de pruebas competentes e independientes que le sirvan siempre de gu\u00eda fiable en el \u00e1mbito de los cosm\u00e9ticos para la piel. Nuestra misi\u00f3n Con pasi\u00f3n por la precisi\u00f3n ... Mehr erfahren\" \/>\n<meta property=\"og:url\" content=\"https:\/\/thedermacheck.com\/es\/quienes-somos\/\" \/>\n<meta property=\"og:site_name\" content=\"The Derma Check\" \/>\n<meta property=\"article:modified_time\" content=\"2024-09-04T14:41:11+00:00\" \/>\n<meta property=\"og:image\" content=\"https:\/\/thedermacheck.com\/wp-content\/uploads\/2024\/01\/AdobeStock_640171476-scaled.jpeg\" \/>\n\t<meta property=\"og:image:width\" content=\"1600\" \/>\n\t<meta property=\"og:image:height\" content=\"1067\" \/>\n\t<meta property=\"og:image:type\" content=\"image\/jpeg\" \/>\n<meta name=\"twitter:card\" content=\"summary_large_image\" \/>\n<meta name=\"twitter:label1\" content=\"Tiempo de lectura\" \/>\n\t<meta name=\"twitter:data1\" content=\"3 minutos\" \/>\n<script type=\"application\/ld+json\" class=\"yoast-schema-graph\">{\"@context\":\"https:\/\/schema.org\",\"@graph\":[{\"@type\":\"WebPage\",\"@id\":\"https:\/\/thedermacheck.com\/es\/quienes-somos\/\",\"url\":\"https:\/\/thedermacheck.com\/es\/quienes-somos\/\",\"name\":\"Qui\u00e9nes somos | The Derma Check\",\"isPartOf\":{\"@id\":\"https:\/\/thedermacheck.com\/es\/#website\"},\"primaryImageOfPage\":{\"@id\":\"https:\/\/thedermacheck.com\/es\/quienes-somos\/#primaryimage\"},\"image\":{\"@id\":\"https:\/\/thedermacheck.com\/es\/quienes-somos\/#primaryimage\"},\"thumbnailUrl\":\"https:\/\/thedermacheck.com\/wp-content\/uploads\/2024\/01\/AdobeStock_640171476-scaled.jpeg\",\"datePublished\":\"2023-12-14T21:29:25+00:00\",\"dateModified\":\"2024-09-04T14:41:11+00:00\",\"breadcrumb\":{\"@id\":\"https:\/\/thedermacheck.com\/es\/quienes-somos\/#breadcrumb\"},\"inLanguage\":\"es\",\"potentialAction\":[{\"@type\":\"ReadAction\",\"target\":[\"https:\/\/thedermacheck.com\/es\/quienes-somos\/\"]}]},{\"@type\":\"ImageObject\",\"inLanguage\":\"es\",\"@id\":\"https:\/\/thedermacheck.com\/es\/quienes-somos\/#primaryimage\",\"url\":\"https:\/\/thedermacheck.com\/wp-content\/uploads\/2024\/01\/AdobeStock_640171476-scaled.jpeg\",\"contentUrl\":\"https:\/\/thedermacheck.com\/wp-content\/uploads\/2024\/01\/AdobeStock_640171476-scaled.jpeg\",\"width\":1600,\"height\":1067,\"caption\":\"Three successful multicultural businesswomen standing with arms crossed and smiling at camera, posing in office\"},{\"@type\":\"BreadcrumbList\",\"@id\":\"https:\/\/thedermacheck.com\/es\/quienes-somos\/#breadcrumb\",\"itemListElement\":[{\"@type\":\"ListItem\",\"position\":1,\"name\":\"Derma Check\",\"item\":\"https:\/\/thedermacheck.com\/es\/\"},{\"@type\":\"ListItem\",\"position\":2,\"name\":\"Qui\u00e9nes somos\"}]},{\"@type\":\"WebSite\",\"@id\":\"https:\/\/thedermacheck.com\/es\/#website\",\"url\":\"https:\/\/thedermacheck.com\/es\/\",\"name\":\"The Derma Check\",\"description\":\"\",\"publisher\":{\"@id\":\"https:\/\/thedermacheck.com\/es\/#organization\"},\"potentialAction\":[{\"@type\":\"SearchAction\",\"target\":{\"@type\":\"EntryPoint\",\"urlTemplate\":\"https:\/\/thedermacheck.com\/es\/?s={search_term_string}\"},\"query-input\":{\"@type\":\"PropertyValueSpecification\",\"valueRequired\":true,\"valueName\":\"search_term_string\"}}],\"inLanguage\":\"es\"},{\"@type\":\"Organization\",\"@id\":\"https:\/\/thedermacheck.com\/es\/#organization\",\"name\":\"The Derma Check\",\"url\":\"https:\/\/thedermacheck.com\/es\/\",\"logo\":{\"@type\":\"ImageObject\",\"inLanguage\":\"es\",\"@id\":\"https:\/\/thedermacheck.com\/es\/#\/schema\/logo\/image\/\",\"url\":\"https:\/\/thedermacheck.com\/wp-content\/uploads\/2023\/10\/cropped-THE-DERMA-CHECK-FAVICON-NEW-1.png\",\"contentUrl\":\"https:\/\/thedermacheck.com\/wp-content\/uploads\/2023\/10\/cropped-THE-DERMA-CHECK-FAVICON-NEW-1.png\",\"width\":512,\"height\":512,\"caption\":\"The Derma Check\"},\"image\":{\"@id\":\"https:\/\/thedermacheck.com\/es\/#\/schema\/logo\/image\/\"}}]}<\/script>\n<!-- \/ Yoast SEO Premium plugin. -->","yoast_head_json":{"title":"Qui\u00e9nes somos | The Derma Check","robots":{"index":"index","follow":"follow","max-snippet":"max-snippet:-1","max-image-preview":"max-image-preview:large","max-video-preview":"max-video-preview:-1"},"canonical":"https:\/\/thedermacheck.com\/es\/quienes-somos\/","og_locale":"es_ES","og_type":"article","og_title":"Qui\u00e9nes somos","og_description":"Qui\u00e9nes somos Cuando la precisi\u00f3n cient\u00edfica se une a un profundo conocimiento del producto, ha llegado a \u00abThe Derma Check\u00bb. Para nosotros es muy importante elaborar informes de pruebas competentes e independientes que le sirvan siempre de gu\u00eda fiable en el \u00e1mbito de los cosm\u00e9ticos para la piel. Nuestra misi\u00f3n Con pasi\u00f3n por la precisi\u00f3n ... Mehr erfahren","og_url":"https:\/\/thedermacheck.com\/es\/quienes-somos\/","og_site_name":"The Derma Check","article_modified_time":"2024-09-04T14:41:11+00:00","og_image":[{"width":1600,"height":1067,"url":"https:\/\/thedermacheck.com\/wp-content\/uploads\/2024\/01\/AdobeStock_640171476-scaled.jpeg","type":"image\/jpeg"}],"twitter_card":"summary_large_image","twitter_misc":{"Tiempo de lectura":"3 minutos"},"schema":{"@context":"https:\/\/schema.org","@graph":[{"@type":"WebPage","@id":"https:\/\/thedermacheck.com\/es\/quienes-somos\/","url":"https:\/\/thedermacheck.com\/es\/quienes-somos\/","name":"Qui\u00e9nes somos | The Derma Check","isPartOf":{"@id":"https:\/\/thedermacheck.com\/es\/#website"},"primaryImageOfPage":{"@id":"https:\/\/thedermacheck.com\/es\/quienes-somos\/#primaryimage"},"image":{"@id":"https:\/\/thedermacheck.com\/es\/quienes-somos\/#primaryimage"},"thumbnailUrl":"https:\/\/thedermacheck.com\/wp-content\/uploads\/2024\/01\/AdobeStock_640171476-scaled.jpeg","datePublished":"2023-12-14T21:29:25+00:00","dateModified":"2024-09-04T14:41:11+00:00","breadcrumb":{"@id":"https:\/\/thedermacheck.com\/es\/quienes-somos\/#breadcrumb"},"inLanguage":"es","potentialAction":[{"@type":"ReadAction","target":["https:\/\/thedermacheck.com\/es\/quienes-somos\/"]}]},{"@type":"ImageObject","inLanguage":"es","@id":"https:\/\/thedermacheck.com\/es\/quienes-somos\/#primaryimage","url":"https:\/\/thedermacheck.com\/wp-content\/uploads\/2024\/01\/AdobeStock_640171476-scaled.jpeg","contentUrl":"https:\/\/thedermacheck.com\/wp-content\/uploads\/2024\/01\/AdobeStock_640171476-scaled.jpeg","width":1600,"height":1067,"caption":"Three successful multicultural businesswomen standing with arms crossed and smiling at camera, posing in office"},{"@type":"BreadcrumbList","@id":"https:\/\/thedermacheck.com\/es\/quienes-somos\/#breadcrumb","itemListElement":[{"@type":"ListItem","position":1,"name":"Derma Check","item":"https:\/\/thedermacheck.com\/es\/"},{"@type":"ListItem","position":2,"name":"Qui\u00e9nes somos"}]},{"@type":"WebSite","@id":"https:\/\/thedermacheck.com\/es\/#website","url":"https:\/\/thedermacheck.com\/es\/","name":"The Derma Check","description":"","publisher":{"@id":"https:\/\/thedermacheck.com\/es\/#organization"},"potentialAction":[{"@type":"SearchAction","target":{"@type":"EntryPoint","urlTemplate":"https:\/\/thedermacheck.com\/es\/?s={search_term_string}"},"query-input":{"@type":"PropertyValueSpecification","valueRequired":true,"valueName":"search_term_string"}}],"inLanguage":"es"},{"@type":"Organization","@id":"https:\/\/thedermacheck.com\/es\/#organization","name":"The Derma Check","url":"https:\/\/thedermacheck.com\/es\/","logo":{"@type":"ImageObject","inLanguage":"es","@id":"https:\/\/thedermacheck.com\/es\/#\/schema\/logo\/image\/","url":"https:\/\/thedermacheck.com\/wp-content\/uploads\/2023\/10\/cropped-THE-DERMA-CHECK-FAVICON-NEW-1.png","contentUrl":"https:\/\/thedermacheck.com\/wp-content\/uploads\/2023\/10\/cropped-THE-DERMA-CHECK-FAVICON-NEW-1.png","width":512,"height":512,"caption":"The Derma Check"},"image":{"@id":"https:\/\/thedermacheck.com\/es\/#\/schema\/logo\/image\/"}}]}},"_links":{"self":[{"href":"https:\/\/thedermacheck.com\/es\/wp-json\/wp\/v2\/pages\/3676","targetHints":{"allow":["GET"]}}],"collection":[{"href":"https:\/\/thedermacheck.com\/es\/wp-json\/wp\/v2\/pages"}],"about":[{"href":"https:\/\/thedermacheck.com\/es\/wp-json\/wp\/v2\/types\/page"}],"author":[{"embeddable":true,"href":"https:\/\/thedermacheck.com\/es\/wp-json\/wp\/v2\/users\/1"}],"replies":[{"embeddable":true,"href":"https:\/\/thedermacheck.com\/es\/wp-json\/wp\/v2\/comments?post=3676"}],"version-history":[{"count":1,"href":"https:\/\/thedermacheck.com\/es\/wp-json\/wp\/v2\/pages\/3676\/revisions"}],"predecessor-version":[{"id":3677,"href":"https:\/\/thedermacheck.com\/es\/wp-json\/wp\/v2\/pages\/3676\/revisions\/3677"}],"wp:featuredmedia":[{"embeddable":true,"href":"https:\/\/thedermacheck.com\/es\/wp-json\/wp\/v2\/media\/2587"}],"wp:attachment":[{"href":"https:\/\/thedermacheck.com\/es\/wp-json\/wp\/v2\/media?parent=3676"}],"wp:term":[{"taxonomy":"category","embeddable":true,"href":"https:\/\/thedermacheck.com\/es\/wp-json\/wp\/v2\/categories?post=3676"},{"taxonomy":"post_tag","embeddable":true,"href":"https:\/\/thedermacheck.com\/es\/wp-json\/wp\/v2\/tags?post=3676"}],"curies":[{"name":"wp","href":"https:\/\/api.w.org\/{rel}","templated":true}]}}