{"id":2824,"date":"2023-12-21T14:14:10","date_gmt":"2023-12-21T14:14:10","guid":{"rendered":"https:\/\/thedermacheck.com\/contattateci\/"},"modified":"2024-09-04T14:42:17","modified_gmt":"2024-09-04T14:42:17","slug":"contattateci","status":"publish","type":"page","link":"https:\/\/thedermacheck.com\/it\/contattateci\/","title":{"rendered":"Contattateci"},"content":{"rendered":"<div class=\"gb-container gb-container-4742cc5d alignfull\">\n<div class=\"gb-container gb-container-96eaf3e2\">\n<h1 class=\"gb-headline gb-headline-829851c6 gb-headline-text\">Contattateci<\/h1>\n\n\n          \n\n          <p class=\"gb-headline gb-headline-443652d4 gb-headline-text\">Noi di &#8220;The Derma Check&#8221; cerchiamo sempre di mantenere un dialogo aperto e costruttivo con la nostra comunit\u00e0. I vostri pensieri, suggerimenti e domande sono preziosi per noi, in quanto ci permettono di migliorare e ampliare continuamente i nostri servizi.  <\/p>\n          \n\n        \n\n<\/div>\n<\/div><div class=\"gb-container gb-container-6c7c8f9f\">\n<figure class=\"gb-block-image gb-block-image-9b290b03\"><img decoding=\"async\" width=\"1600\" height=\"1000\" src=\"https:\/\/thedermacheck.com\/wp-content\/uploads\/2024\/01\/Kontakt.jpg\" class=\"gb-image-9b290b03\" alt=\"\" srcset=\"https:\/\/thedermacheck.com\/wp-content\/uploads\/2024\/01\/Kontakt.jpg 1600w, https:\/\/thedermacheck.com\/wp-content\/uploads\/2024\/01\/Kontakt-300x188.jpg 300w, https:\/\/thedermacheck.com\/wp-content\/uploads\/2024\/01\/Kontakt-1024x640.jpg 1024w, https:\/\/thedermacheck.com\/wp-content\/uploads\/2024\/01\/Kontakt-768x480.jpg 768w, https:\/\/thedermacheck.com\/wp-content\/uploads\/2024\/01\/Kontakt-1536x960.jpg 1536w\" sizes=\"(max-width: 1600px) 100vw, 1600px\" \/><\/figure>\n<\/div>\n<p>Per garantire che le vostre preoccupazioni vengano affrontate correttamente, abbiamo creato canali di comunicazione specifici, adatti alle vostre diverse esigenze.<\/p>\n\n<ol class=\"wp-block-list\">\n<li><strong>Feedback e suggerimenti:<\/strong> La vostra opinione vale oro per noi. Che si tratti dei nostri contenuti, dei metodi di test o di richieste generiche, siamo qui per ascoltarvi. Non esitate a contattarci all&#8217;indirizzo <code>feedback@thedermacheck.com<\/code>. Il vostro feedback \u00e8 il carburante che ci spinge e ci aiuta a migliorare costantemente la nostra piattaforma.<\/li>\n\n\n\n<li><strong>Collaborazioni e partnership:<\/strong> siete interessati a una collaborazione o volete portare un prodotto nel nostro laboratorio di prova? Il nostro dipartimento di cooperazione sar\u00e0 lieto di ascoltarvi. Contattateci all&#8217;indirizzo <code>cooperation@thedermacheck.com<\/code> per potenziali partnership, collaborazioni e altre richieste commerciali.<\/li>\n\n\n\n<li><strong>Carriere e opportunit\u00e0 di lavoro:<\/strong> &#8220;The Derma Check&#8221; \u00e8 in costante crescita e siamo sempre alla ricerca di persone di talento e appassionate da inserire nel nostro team. Se sei interessato a far parte della nostra missione, inviaci la tua candidatura e il tuo CV a <code>jobs@thedermacheck.com<\/code>. Non vediamo l&#8217;ora di scoprire di pi\u00f9 su di voi e sulle vostre capacit\u00e0.<\/li>\n\n\n\n<li><strong>Richieste generali:<\/strong> il nostro team \u00e8 sempre a disposizione per qualsiasi altra richiesta, informazione o domanda. Inviateci un&#8217;e-mail a <code>info@thedermacheck.com<\/code> e vi risponderemo al pi\u00f9 presto.<\/li>\n<\/ol>\n\n<p>La vostra voce \u00e8 importante per noi e siamo grati per qualsiasi comunicazione che ci aiuti a rendere il mondo della cura della pelle pi\u00f9 trasparente e accessibile. In The Derma Check siamo pi\u00f9 di un semplice team: siamo una comunit\u00e0 che lavora insieme per svelare i segreti della cura della pelle. Non vediamo l&#8217;ora di sentirvi!<\/p>\n","protected":false},"excerpt":{"rendered":"<p>Contattateci Noi di &#8220;The Derma Check&#8221; cerchiamo sempre di mantenere un dialogo aperto e costruttivo con la nostra comunit\u00e0. I vostri pensieri, suggerimenti e domande sono preziosi per noi, in quanto ci permettono di migliorare e ampliare continuamente i nostri servizi. Per garantire che le vostre preoccupazioni vengano affrontate correttamente, abbiamo creato canali di comunicazione &#8230; <a title=\"Contattateci\" class=\"read-more\" href=\"https:\/\/thedermacheck.com\/it\/contattateci\/\" aria-label=\"Per saperne di pi\u00f9 su Contattateci\">Mehr erfahren<\/a><\/p>\n","protected":false},"author":1,"featured_media":2591,"parent":0,"menu_order":0,"comment_status":"closed","ping_status":"closed","template":"","meta":{"_acf_changed":false,"_lmt_disableupdate":"","_lmt_disable":"","footnotes":""},"categories":[],"tags":[],"class_list":["post-2824","page","type-page","status-publish","has-post-thumbnail"],"acf":[],"yoast_head":"<!-- This site is optimized with the Yoast SEO Premium plugin v25.7.1 (Yoast SEO v25.7) - https:\/\/yoast.com\/wordpress\/plugins\/seo\/ -->\n<title>Contattateci | The Derma Check<\/title>\n<meta name=\"robots\" content=\"index, follow, max-snippet:-1, max-image-preview:large, max-video-preview:-1\" \/>\n<link rel=\"canonical\" href=\"https:\/\/thedermacheck.com\/it\/contattateci\/\" \/>\n<meta property=\"og:locale\" content=\"it_IT\" \/>\n<meta property=\"og:type\" content=\"article\" \/>\n<meta property=\"og:title\" content=\"Contattateci\" \/>\n<meta property=\"og:description\" content=\"Contattateci Noi di &#8220;The Derma Check&#8221; cerchiamo sempre di mantenere un dialogo aperto e costruttivo con la nostra comunit\u00e0. I vostri pensieri, suggerimenti e domande sono preziosi per noi, in quanto ci permettono di migliorare e ampliare continuamente i nostri servizi. Per garantire che le vostre preoccupazioni vengano affrontate correttamente, abbiamo creato canali di comunicazione ... Mehr erfahren\" \/>\n<meta property=\"og:url\" content=\"https:\/\/thedermacheck.com\/it\/contattateci\/\" \/>\n<meta property=\"og:site_name\" content=\"The Derma Check\" \/>\n<meta property=\"article:modified_time\" content=\"2024-09-04T14:42:17+00:00\" \/>\n<meta property=\"og:image\" content=\"https:\/\/thedermacheck.com\/wp-content\/uploads\/2024\/01\/Kontakt.jpg\" \/>\n\t<meta property=\"og:image:width\" content=\"1600\" \/>\n\t<meta property=\"og:image:height\" content=\"1000\" \/>\n\t<meta property=\"og:image:type\" content=\"image\/jpeg\" \/>\n<meta name=\"twitter:card\" content=\"summary_large_image\" \/>\n<meta name=\"twitter:label1\" content=\"Tempo di lettura stimato\" \/>\n\t<meta name=\"twitter:data1\" content=\"1 minuto\" \/>\n<script type=\"application\/ld+json\" class=\"yoast-schema-graph\">{\"@context\":\"https:\/\/schema.org\",\"@graph\":[{\"@type\":\"WebPage\",\"@id\":\"https:\/\/thedermacheck.com\/it\/contattateci\/\",\"url\":\"https:\/\/thedermacheck.com\/it\/contattateci\/\",\"name\":\"Contattateci | The Derma Check\",\"isPartOf\":{\"@id\":\"https:\/\/thedermacheck.com\/it\/#website\"},\"primaryImageOfPage\":{\"@id\":\"https:\/\/thedermacheck.com\/it\/contattateci\/#primaryimage\"},\"image\":{\"@id\":\"https:\/\/thedermacheck.com\/it\/contattateci\/#primaryimage\"},\"thumbnailUrl\":\"https:\/\/thedermacheck.com\/wp-content\/uploads\/2024\/01\/Kontakt.jpg\",\"datePublished\":\"2023-12-21T14:14:10+00:00\",\"dateModified\":\"2024-09-04T14:42:17+00:00\",\"breadcrumb\":{\"@id\":\"https:\/\/thedermacheck.com\/it\/contattateci\/#breadcrumb\"},\"inLanguage\":\"it-IT\",\"potentialAction\":[{\"@type\":\"ReadAction\",\"target\":[\"https:\/\/thedermacheck.com\/it\/contattateci\/\"]}]},{\"@type\":\"ImageObject\",\"inLanguage\":\"it-IT\",\"@id\":\"https:\/\/thedermacheck.com\/it\/contattateci\/#primaryimage\",\"url\":\"https:\/\/thedermacheck.com\/wp-content\/uploads\/2024\/01\/Kontakt.jpg\",\"contentUrl\":\"https:\/\/thedermacheck.com\/wp-content\/uploads\/2024\/01\/Kontakt.jpg\",\"width\":1600,\"height\":1000,\"caption\":\"Kontakt\"},{\"@type\":\"BreadcrumbList\",\"@id\":\"https:\/\/thedermacheck.com\/it\/contattateci\/#breadcrumb\",\"itemListElement\":[{\"@type\":\"ListItem\",\"position\":1,\"name\":\"Derma Check\",\"item\":\"https:\/\/thedermacheck.com\/it\/\"},{\"@type\":\"ListItem\",\"position\":2,\"name\":\"Contattateci\"}]},{\"@type\":\"WebSite\",\"@id\":\"https:\/\/thedermacheck.com\/it\/#website\",\"url\":\"https:\/\/thedermacheck.com\/it\/\",\"name\":\"The Derma Check\",\"description\":\"\",\"publisher\":{\"@id\":\"https:\/\/thedermacheck.com\/it\/#organization\"},\"potentialAction\":[{\"@type\":\"SearchAction\",\"target\":{\"@type\":\"EntryPoint\",\"urlTemplate\":\"https:\/\/thedermacheck.com\/it\/?s={search_term_string}\"},\"query-input\":{\"@type\":\"PropertyValueSpecification\",\"valueRequired\":true,\"valueName\":\"search_term_string\"}}],\"inLanguage\":\"it-IT\"},{\"@type\":\"Organization\",\"@id\":\"https:\/\/thedermacheck.com\/it\/#organization\",\"name\":\"The Derma Check\",\"url\":\"https:\/\/thedermacheck.com\/it\/\",\"logo\":{\"@type\":\"ImageObject\",\"inLanguage\":\"it-IT\",\"@id\":\"https:\/\/thedermacheck.com\/it\/#\/schema\/logo\/image\/\",\"url\":\"https:\/\/thedermacheck.com\/wp-content\/uploads\/2023\/10\/cropped-THE-DERMA-CHECK-FAVICON-NEW-1.png\",\"contentUrl\":\"https:\/\/thedermacheck.com\/wp-content\/uploads\/2023\/10\/cropped-THE-DERMA-CHECK-FAVICON-NEW-1.png\",\"width\":512,\"height\":512,\"caption\":\"The Derma Check\"},\"image\":{\"@id\":\"https:\/\/thedermacheck.com\/it\/#\/schema\/logo\/image\/\"}}]}<\/script>\n<!-- \/ Yoast SEO Premium plugin. -->","yoast_head_json":{"title":"Contattateci | The Derma Check","robots":{"index":"index","follow":"follow","max-snippet":"max-snippet:-1","max-image-preview":"max-image-preview:large","max-video-preview":"max-video-preview:-1"},"canonical":"https:\/\/thedermacheck.com\/it\/contattateci\/","og_locale":"it_IT","og_type":"article","og_title":"Contattateci","og_description":"Contattateci Noi di &#8220;The Derma Check&#8221; cerchiamo sempre di mantenere un dialogo aperto e costruttivo con la nostra comunit\u00e0. I vostri pensieri, suggerimenti e domande sono preziosi per noi, in quanto ci permettono di migliorare e ampliare continuamente i nostri servizi. Per garantire che le vostre preoccupazioni vengano affrontate correttamente, abbiamo creato canali di comunicazione ... Mehr erfahren","og_url":"https:\/\/thedermacheck.com\/it\/contattateci\/","og_site_name":"The Derma Check","article_modified_time":"2024-09-04T14:42:17+00:00","og_image":[{"width":1600,"height":1000,"url":"https:\/\/thedermacheck.com\/wp-content\/uploads\/2024\/01\/Kontakt.jpg","type":"image\/jpeg"}],"twitter_card":"summary_large_image","twitter_misc":{"Tempo di lettura stimato":"1 minuto"},"schema":{"@context":"https:\/\/schema.org","@graph":[{"@type":"WebPage","@id":"https:\/\/thedermacheck.com\/it\/contattateci\/","url":"https:\/\/thedermacheck.com\/it\/contattateci\/","name":"Contattateci | The Derma Check","isPartOf":{"@id":"https:\/\/thedermacheck.com\/it\/#website"},"primaryImageOfPage":{"@id":"https:\/\/thedermacheck.com\/it\/contattateci\/#primaryimage"},"image":{"@id":"https:\/\/thedermacheck.com\/it\/contattateci\/#primaryimage"},"thumbnailUrl":"https:\/\/thedermacheck.com\/wp-content\/uploads\/2024\/01\/Kontakt.jpg","datePublished":"2023-12-21T14:14:10+00:00","dateModified":"2024-09-04T14:42:17+00:00","breadcrumb":{"@id":"https:\/\/thedermacheck.com\/it\/contattateci\/#breadcrumb"},"inLanguage":"it-IT","potentialAction":[{"@type":"ReadAction","target":["https:\/\/thedermacheck.com\/it\/contattateci\/"]}]},{"@type":"ImageObject","inLanguage":"it-IT","@id":"https:\/\/thedermacheck.com\/it\/contattateci\/#primaryimage","url":"https:\/\/thedermacheck.com\/wp-content\/uploads\/2024\/01\/Kontakt.jpg","contentUrl":"https:\/\/thedermacheck.com\/wp-content\/uploads\/2024\/01\/Kontakt.jpg","width":1600,"height":1000,"caption":"Kontakt"},{"@type":"BreadcrumbList","@id":"https:\/\/thedermacheck.com\/it\/contattateci\/#breadcrumb","itemListElement":[{"@type":"ListItem","position":1,"name":"Derma Check","item":"https:\/\/thedermacheck.com\/it\/"},{"@type":"ListItem","position":2,"name":"Contattateci"}]},{"@type":"WebSite","@id":"https:\/\/thedermacheck.com\/it\/#website","url":"https:\/\/thedermacheck.com\/it\/","name":"The Derma Check","description":"","publisher":{"@id":"https:\/\/thedermacheck.com\/it\/#organization"},"potentialAction":[{"@type":"SearchAction","target":{"@type":"EntryPoint","urlTemplate":"https:\/\/thedermacheck.com\/it\/?s={search_term_string}"},"query-input":{"@type":"PropertyValueSpecification","valueRequired":true,"valueName":"search_term_string"}}],"inLanguage":"it-IT"},{"@type":"Organization","@id":"https:\/\/thedermacheck.com\/it\/#organization","name":"The Derma Check","url":"https:\/\/thedermacheck.com\/it\/","logo":{"@type":"ImageObject","inLanguage":"it-IT","@id":"https:\/\/thedermacheck.com\/it\/#\/schema\/logo\/image\/","url":"https:\/\/thedermacheck.com\/wp-content\/uploads\/2023\/10\/cropped-THE-DERMA-CHECK-FAVICON-NEW-1.png","contentUrl":"https:\/\/thedermacheck.com\/wp-content\/uploads\/2023\/10\/cropped-THE-DERMA-CHECK-FAVICON-NEW-1.png","width":512,"height":512,"caption":"The Derma Check"},"image":{"@id":"https:\/\/thedermacheck.com\/it\/#\/schema\/logo\/image\/"}}]}},"_links":{"self":[{"href":"https:\/\/thedermacheck.com\/it\/wp-json\/wp\/v2\/pages\/2824","targetHints":{"allow":["GET"]}}],"collection":[{"href":"https:\/\/thedermacheck.com\/it\/wp-json\/wp\/v2\/pages"}],"about":[{"href":"https:\/\/thedermacheck.com\/it\/wp-json\/wp\/v2\/types\/page"}],"author":[{"embeddable":true,"href":"https:\/\/thedermacheck.com\/it\/wp-json\/wp\/v2\/users\/1"}],"replies":[{"embeddable":true,"href":"https:\/\/thedermacheck.com\/it\/wp-json\/wp\/v2\/comments?post=2824"}],"version-history":[{"count":1,"href":"https:\/\/thedermacheck.com\/it\/wp-json\/wp\/v2\/pages\/2824\/revisions"}],"predecessor-version":[{"id":2825,"href":"https:\/\/thedermacheck.com\/it\/wp-json\/wp\/v2\/pages\/2824\/revisions\/2825"}],"wp:featuredmedia":[{"embeddable":true,"href":"https:\/\/thedermacheck.com\/it\/wp-json\/wp\/v2\/media\/2591"}],"wp:attachment":[{"href":"https:\/\/thedermacheck.com\/it\/wp-json\/wp\/v2\/media?parent=2824"}],"wp:term":[{"taxonomy":"category","embeddable":true,"href":"https:\/\/thedermacheck.com\/it\/wp-json\/wp\/v2\/categories?post=2824"},{"taxonomy":"post_tag","embeddable":true,"href":"https:\/\/thedermacheck.com\/it\/wp-json\/wp\/v2\/tags?post=2824"}],"curies":[{"name":"wp","href":"https:\/\/api.w.org\/{rel}","templated":true}]}}