{"id":2872,"date":"2024-01-04T11:29:36","date_gmt":"2024-01-04T11:29:36","guid":{"rendered":"https:\/\/thedermacheck.com\/i-nostri-standard-di-test-e-valutazione\/"},"modified":"2024-09-04T14:41:58","modified_gmt":"2024-09-04T14:41:58","slug":"i-nostri-standard-di-test-e-valutazione","status":"publish","type":"page","link":"https:\/\/thedermacheck.com\/it\/i-nostri-standard-di-test-e-valutazione\/","title":{"rendered":"I nostri standard di test e valutazione"},"content":{"rendered":"<div class=\"gb-container gb-container-4742cc5d alignfull\">\n<div class=\"gb-container gb-container-96eaf3e2\">\n<h1 class=\"gb-headline gb-headline-829851c6 gb-headline-text\">I nostri standard di test e valutazione<\/h1>\n\n\n          \n\n          <p class=\"gb-headline gb-headline-443652d4 gb-headline-text\">Noi di &#8220;The Derma Check&#8221; comprendiamo l&#8217;esigenza dei nostri utenti di avere recensioni di prodotti trasparenti e affidabili.  <\/p>\n          \n\n        \n\n<\/div>\n<\/div><div class=\"gb-container gb-container-6c7c8f9f\">\n<figure class=\"gb-block-image gb-block-image-9b290b03\"><img decoding=\"async\" width=\"1600\" height=\"1067\" src=\"https:\/\/thedermacheck.com\/wp-content\/uploads\/2024\/01\/Produkttests-Vorgehensweise.jpg\" class=\"gb-image-9b290b03\" alt=\"\" srcset=\"https:\/\/thedermacheck.com\/wp-content\/uploads\/2024\/01\/Produkttests-Vorgehensweise.jpg 1600w, https:\/\/thedermacheck.com\/wp-content\/uploads\/2024\/01\/Produkttests-Vorgehensweise-300x200.jpg 300w, https:\/\/thedermacheck.com\/wp-content\/uploads\/2024\/01\/Produkttests-Vorgehensweise-1024x683.jpg 1024w, https:\/\/thedermacheck.com\/wp-content\/uploads\/2024\/01\/Produkttests-Vorgehensweise-768x512.jpg 768w, https:\/\/thedermacheck.com\/wp-content\/uploads\/2024\/01\/Produkttests-Vorgehensweise-1536x1025.jpg 1536w\" sizes=\"(max-width: 1600px) 100vw, 1600px\" \/><\/figure>\n<\/div>\n<p>Il nostro obiettivo \u00e8 fornire una consulenza basata sui fatti, completa e comprensibile, che dia ai clienti la sicurezza di prendere una decisione informata.  <\/p>\n\n<p>Di seguito spieghiamo il nostro processo dettagliato di test e valutazione dei prodotti.<\/p>\n\n<hr class=\"wp-block-separator has-alpha-channel-opacity\"\/>\n\n<h2 class=\"wp-block-heading\">\n          <strong>I. Selezione dei prodotti: garantire diversit\u00e0 e rappresentativit\u00e0<\/strong>\n        <\/h2>\n\n          \n\n          <figure class=\"gb-block-image gb-block-image-bdaaf9a3\">\n            <img decoding=\"async\" width=\"1400\" height=\"966\" class=\"gb-image gb-image-bdaaf9a3\" src=\"https:\/\/thedermacheck.com\/wp-content\/uploads\/2023\/11\/30-Wimpernseren-im-TEst.jpg\" alt=\"30 sieri per ciglia nel test\" title=\"30 sieri per ciglia nel test\" srcset=\"https:\/\/thedermacheck.com\/wp-content\/uploads\/2023\/11\/30-Wimpernseren-im-TEst.jpg 1400w, https:\/\/thedermacheck.com\/wp-content\/uploads\/2023\/11\/30-Wimpernseren-im-TEst-300x207.jpg 300w, https:\/\/thedermacheck.com\/wp-content\/uploads\/2023\/11\/30-Wimpernseren-im-TEst-1024x707.jpg 1024w, https:\/\/thedermacheck.com\/wp-content\/uploads\/2023\/11\/30-Wimpernseren-im-TEst-768x530.jpg 768w\" sizes=\"(max-width: 1400px) 100vw, 1400px\" \/>\n          <\/figure>\n          \n\n        \n\n<h3 class=\"wp-block-heading\">\n          <strong>1. ricerche di mercato e analisi delle tendenze<\/strong>\n        <\/h3>\n\n<p>La base di ogni processo di test \u00e8 la selezione accurata dei prodotti da testare. Nel farlo, ci lasciamo guidare dalle tendenze attuali, dagli interessi dei consumatori e dalle scoperte scientifiche.<\/p>\n\n<h3 class=\"wp-block-heading\">\n          <strong>2 Focus sulla diversit\u00e0<\/strong>\n        <\/h3>\n\n<p>Prendiamo in considerazione un&#8217;ampia gamma di prodotti, dai classici alle novit\u00e0 pi\u00f9 innovative. Si tiene conto anche di prodotti di nicchia e di esigenze particolari della pelle, come allergie o necessit\u00e0 particolari.<\/p>\n\n<h3 class=\"wp-block-heading\">\n          <strong>3. approvvigionamento dei prodotti indipendente e trasparente<\/strong>\n        <\/h3>\n\n<p>Tutti i prodotti sono acquistati in forma anonima dal nostro team. Per soddisfare gli elevati standard di obiettivit\u00e0, rifiutiamo costantemente i campioni di prova gratuiti dei produttori. In questo modo, ci assicuriamo di ricevere e testare i prodotti che anche i nostri lettori ricevono quando effettuano un acquisto.<\/p>\n\n<hr class=\"wp-block-separator has-alpha-channel-opacity\"\/>\n\n<h2 class=\"wp-block-heading\">\n          <strong>II Sicurezza e analisi degli ingredienti<\/strong>\n        <\/h2>\n\n<h3 class=\"wp-block-heading\">\n          <strong>1. rilevamento degli ingredienti<\/strong>\n        <\/h3>\n\n<p>Un elemento centrale dei nostri test \u00e8 l&#8217;analisi degli ingredienti, tenendo conto degli standard dermatologici e dei dati scientifici.<\/p>\n\n<h3 class=\"wp-block-heading\">\n          <strong>2. verifica dei certificati di sicurezza<\/strong>\n        <\/h3>\n\n<p>Certificazioni come il sigillo ECARF per i prodotti allergici sono incluse nelle nostre considerazioni per garantire l&#8217;affidabilit\u00e0 e la sicurezza dei prodotti per la cura della pelle.<\/p>\n\n<h3 class=\"wp-block-heading\">\n          <strong>3. valori limite e compatibilit\u00e0<\/strong>\n        <\/h3>\n\n<p>Ove possibile, garantiamo il rispetto dei valori limite e includiamo nella nostra valutazione informazioni su intolleranze e allergeni noti.<\/p>\n\n<hr class=\"wp-block-separator has-alpha-channel-opacity\"\/>\n\n<h2 class=\"wp-block-heading\">\n          <strong>III Applicazione pratica: un fattore rilevante<\/strong>\n        <\/h2>\n\n          \n\n          <figure class=\"gb-block-image gb-block-image-7f48a5c0\">\n            <img decoding=\"async\" width=\"1600\" height=\"907\" class=\"gb-image gb-image-7f48a5c0\" src=\"https:\/\/thedermacheck.com\/wp-content\/uploads\/2024\/01\/Produktanalyse-scaled.jpg\" alt=\"Analisi del prodotto\" title=\"Analisi del prodotto\" srcset=\"https:\/\/thedermacheck.com\/wp-content\/uploads\/2024\/01\/Produktanalyse-scaled.jpg 1600w, https:\/\/thedermacheck.com\/wp-content\/uploads\/2024\/01\/Produktanalyse-300x170.jpg 300w, https:\/\/thedermacheck.com\/wp-content\/uploads\/2024\/01\/Produktanalyse-1024x581.jpg 1024w, https:\/\/thedermacheck.com\/wp-content\/uploads\/2024\/01\/Produktanalyse-768x435.jpg 768w, https:\/\/thedermacheck.com\/wp-content\/uploads\/2024\/01\/Produktanalyse-1536x871.jpg 1536w, https:\/\/thedermacheck.com\/wp-content\/uploads\/2024\/01\/Produktanalyse-2048x1161.jpg 2048w\" sizes=\"(max-width: 1600px) 100vw, 1600px\" \/>\n          <\/figure>\n          \n\n        \n\n<h3 class=\"wp-block-heading\">\n          <strong>1. utente:test interno<\/strong>\n        <\/h3>\n\n<p>L&#8217;applicazione pratica \u00e8 un criterio importante. I nostri tester valutano criteri quali l&#8217;applicabilit\u00e0, l&#8217;assorbimento, la consistenza e l&#8217;efficacia del prodotto.<\/p>\n\n<h3 class=\"wp-block-heading\">\n          <strong>2. studi a lungo termine<\/strong>\n        <\/h3>\n\n<p>Effettuiamo test a lungo termine su alcuni prodotti per documentare gli effetti e i cambiamenti della pelle in un periodo di tempo pi\u00f9 lungo.<\/p>\n\n<h3 class=\"wp-block-heading\">\n          <strong>3. imballaggio e sicurezza del prodotto<\/strong>\n        <\/h3>\n\n<p>Anche l&#8217;imballaggio viene valutato: Verifichiamo che sia funzionale e che protegga la qualit\u00e0 del contenuto dagli agenti esterni.<\/p>\n\n<hr class=\"wp-block-separator has-alpha-channel-opacity\"\/>\n\n<h2 class=\"wp-block-heading\">\n          <strong>IV. Valutazione della trasparenza e della comunicazione del produttore<\/strong>\n        <\/h2>\n\n<h3 class=\"wp-block-heading\">\n          <strong>1. chiarezza delle informazioni sul prodotto<\/strong>\n        <\/h3>\n\n<p>Valutiamo la chiarezza e la completezza delle informazioni sugli ingredienti e sulle istruzioni per l&#8217;uso.<\/p>\n\n<h3 class=\"wp-block-heading\">\n          <strong>2. servizio clienti e reattivit\u00e0<\/strong>\n        <\/h3>\n\n<p>La disponibilit\u00e0 e la disponibilit\u00e0 del servizio clienti del produttore in caso di domande e problemi sono incluse nella nostra valutazione complessiva.<\/p>\n\n<h3 class=\"wp-block-heading\">\n          <strong>3. etica e responsabilit\u00e0 aziendale<\/strong>\n        <\/h3>\n\n<p>Nell&#8217;ambito del nostro processo di valutazione trasparente, includiamo aspetti etici come la produzione sostenibile e la responsabilit\u00e0 sociale dei produttori.<\/p>\n\n<hr class=\"wp-block-separator has-alpha-channel-opacity\"\/>\n\n<h2 class=\"wp-block-heading\">\n          <strong>V. Analisi del feedback dei clienti e delle critiche professionali<\/strong>\n        <\/h2>\n\n          \n\n          <figure class=\"gb-block-image gb-block-image-1552a461\">\n            <img decoding=\"async\" width=\"1600\" height=\"1067\" class=\"gb-image gb-image-1552a461\" src=\"https:\/\/thedermacheck.com\/wp-content\/uploads\/2024\/01\/AdobeStock_684940110-scaled.jpeg\" alt=\"Dermatologo parla con un cliente spiegandogli una procedura di ringiovanimento del viso\" title=\"Dermatologo parla con un cliente spiegandogli una procedura di ringiovanimento del viso\" srcset=\"https:\/\/thedermacheck.com\/wp-content\/uploads\/2024\/01\/AdobeStock_684940110-scaled.jpeg 1600w, https:\/\/thedermacheck.com\/wp-content\/uploads\/2024\/01\/AdobeStock_684940110-300x200.jpeg 300w, https:\/\/thedermacheck.com\/wp-content\/uploads\/2024\/01\/AdobeStock_684940110-1024x683.jpeg 1024w, https:\/\/thedermacheck.com\/wp-content\/uploads\/2024\/01\/AdobeStock_684940110-768x512.jpeg 768w, https:\/\/thedermacheck.com\/wp-content\/uploads\/2024\/01\/AdobeStock_684940110-1536x1024.jpeg 1536w, https:\/\/thedermacheck.com\/wp-content\/uploads\/2024\/01\/AdobeStock_684940110-2048x1365.jpeg 2048w\" sizes=\"(max-width: 1600px) 100vw, 1600px\" \/>\n          <\/figure>\n          \n\n        \n\n<h3 class=\"wp-block-heading\">\n          <strong>1. valutazione delle esperienze dei clienti<\/strong>\n        <\/h3>\n\n<p>Registriamo e analizziamo dettagliatamente le recensioni dei clienti provenienti da varie fonti.<\/p>\n\n<h3 class=\"wp-block-heading\">\n          <strong>2. pubblicazioni scientifiche e recensioni<\/strong>\n        <\/h3>\n\n<p>Per garantire una solida base di valutazione, prendiamo in considerazione anche studi indipendenti e articoli specialistici sul rispettivo tipo di prodotto.<\/p>\n\n<h3 class=\"wp-block-heading\">\n          <strong>3. dialogo con gli esperti<\/strong>\n        <\/h3>\n\n<p>La nostra rete di dermatologi ed esperti di cosmetica viene regolarmente consultata per le valutazioni degli esperti.<\/p>\n\n<hr class=\"wp-block-separator has-alpha-channel-opacity\"\/>\n\n<h2 class=\"wp-block-heading\">\n          <strong>VI Documentazione degli effetti collaterali e dei rischi<\/strong>\n        <\/h2>\n\n<h3 class=\"wp-block-heading\">\n          <strong>1. principi attivi critici ed effetti a lungo termine<\/strong>\n        <\/h3>\n\n<p>Mentre i nostri studi documentano meticolosamente gli effetti collaterali, richiamiamo l&#8217;attenzione sui possibili effetti a lungo termine, in particolare nel caso di principi attivi critici.<\/p>\n\n<h3 class=\"wp-block-heading\">\n          <strong>2. valutazione degli avvisi di garanzia<\/strong>\n        <\/h3>\n\n<p>La completezza e la visibilit\u00e0 delle avvertenze sui rischi e sugli effetti collaterali da parte dei produttori sono una parte importante della nostra analisi.<\/p>\n\n<h3 class=\"wp-block-heading\">\n          <strong>3. feedback e problemi<\/strong>\n        <\/h3>\n\n<p>Il nostro team raccoglie i feedback dei clienti sugli effetti collaterali e ne verifica la consistenza e la frequenza.<\/p>\n\n<hr class=\"wp-block-separator has-alpha-channel-opacity\"\/>\n\n<h2 class=\"wp-block-heading\">\n          <strong>VII Rapporto prezzo-prestazioni e conclusioni<\/strong>\n        <\/h2>\n\n<h3 class=\"wp-block-heading\">\n          <strong>1. analisi comparativa dei costi<\/strong>\n        <\/h3>\n\n<p>Oltre alle prestazioni del prodotto, consideriamo anche il prezzo per valutare il rapporto tra costi e benefici.<\/p>\n\n<h3 class=\"wp-block-heading\">\n          <strong>2. confronti di mercato<\/strong>\n        <\/h3>\n\n<p>Non solo confrontiamo i prodotti tra loro, ma li mettiamo anche in relazione con altre offerte sul mercato.<\/p>\n\n<h3 class=\"wp-block-heading\">\n          <strong>3. conclusione per i nostri utenti<\/strong>\n        <\/h3>\n\n<p>Infine, raccogliamo tutte le informazioni in una valutazione completa che consente ai nostri utenti di prendere una decisione d&#8217;acquisto informata.<\/p>\n\n<hr class=\"wp-block-separator has-alpha-channel-opacity\"\/>\n\n<p>Il nostro obiettivo \u00e8 fornire a voi, consumatori, un supporto affidabile e completo nella scelta dei prodotti per la cura della pelle. Vi invitiamo ad unirvi a noi in un viaggio attraverso il mondo dei cosmetici derma per scoprire e valutare insieme i migliori prodotti.<\/p>\n","protected":false},"excerpt":{"rendered":"<p>I nostri standard di test e valutazione Noi di &#8220;The Derma Check&#8221; comprendiamo l&#8217;esigenza dei nostri utenti di avere recensioni di prodotti trasparenti e affidabili. Il nostro obiettivo \u00e8 fornire una consulenza basata sui fatti, completa e comprensibile, che dia ai clienti la sicurezza di prendere una decisione informata. Di seguito spieghiamo il nostro processo &#8230; <a title=\"I nostri standard di test e valutazione\" class=\"read-more\" href=\"https:\/\/thedermacheck.com\/it\/i-nostri-standard-di-test-e-valutazione\/\" aria-label=\"Per saperne di pi\u00f9 su I nostri standard di test e valutazione\">Mehr erfahren<\/a><\/p>\n","protected":false},"author":1,"featured_media":2573,"parent":0,"menu_order":0,"comment_status":"closed","ping_status":"closed","template":"","meta":{"_acf_changed":false,"_lmt_disableupdate":"","_lmt_disable":"","footnotes":""},"categories":[],"tags":[],"class_list":["post-2872","page","type-page","status-publish","has-post-thumbnail"],"acf":[],"yoast_head":"<!-- This site is optimized with the Yoast SEO Premium plugin v25.7.1 (Yoast SEO v25.7) - https:\/\/yoast.com\/wordpress\/plugins\/seo\/ -->\n<title>I nostri standard di test e valutazione | The Derma Check<\/title>\n<meta name=\"robots\" content=\"index, follow, max-snippet:-1, max-image-preview:large, max-video-preview:-1\" \/>\n<link rel=\"canonical\" href=\"https:\/\/thedermacheck.com\/it\/i-nostri-standard-di-test-e-valutazione\/\" \/>\n<meta property=\"og:locale\" content=\"it_IT\" \/>\n<meta property=\"og:type\" content=\"article\" \/>\n<meta property=\"og:title\" content=\"I nostri standard di test e valutazione\" \/>\n<meta property=\"og:description\" content=\"I nostri standard di test e valutazione Noi di &#8220;The Derma Check&#8221; comprendiamo l&#8217;esigenza dei nostri utenti di avere recensioni di prodotti trasparenti e affidabili. Il nostro obiettivo \u00e8 fornire una consulenza basata sui fatti, completa e comprensibile, che dia ai clienti la sicurezza di prendere una decisione informata. Di seguito spieghiamo il nostro processo ... Mehr erfahren\" \/>\n<meta property=\"og:url\" content=\"https:\/\/thedermacheck.com\/it\/i-nostri-standard-di-test-e-valutazione\/\" \/>\n<meta property=\"og:site_name\" content=\"The Derma Check\" \/>\n<meta property=\"article:modified_time\" content=\"2024-09-04T14:41:58+00:00\" \/>\n<meta property=\"og:image\" content=\"https:\/\/thedermacheck.com\/wp-content\/uploads\/2024\/01\/Produkttests-Vorgehensweise.jpg\" \/>\n\t<meta property=\"og:image:width\" content=\"1600\" \/>\n\t<meta property=\"og:image:height\" content=\"1067\" \/>\n\t<meta property=\"og:image:type\" content=\"image\/jpeg\" \/>\n<meta name=\"twitter:card\" content=\"summary_large_image\" \/>\n<meta name=\"twitter:label1\" content=\"Tempo di lettura stimato\" \/>\n\t<meta name=\"twitter:data1\" content=\"4 minuti\" \/>\n<script type=\"application\/ld+json\" class=\"yoast-schema-graph\">{\"@context\":\"https:\/\/schema.org\",\"@graph\":[{\"@type\":\"WebPage\",\"@id\":\"https:\/\/thedermacheck.com\/it\/i-nostri-standard-di-test-e-valutazione\/\",\"url\":\"https:\/\/thedermacheck.com\/it\/i-nostri-standard-di-test-e-valutazione\/\",\"name\":\"I nostri standard di test e valutazione | The Derma Check\",\"isPartOf\":{\"@id\":\"https:\/\/thedermacheck.com\/it\/#website\"},\"primaryImageOfPage\":{\"@id\":\"https:\/\/thedermacheck.com\/it\/i-nostri-standard-di-test-e-valutazione\/#primaryimage\"},\"image\":{\"@id\":\"https:\/\/thedermacheck.com\/it\/i-nostri-standard-di-test-e-valutazione\/#primaryimage\"},\"thumbnailUrl\":\"https:\/\/thedermacheck.com\/wp-content\/uploads\/2024\/01\/Produkttests-Vorgehensweise.jpg\",\"datePublished\":\"2024-01-04T11:29:36+00:00\",\"dateModified\":\"2024-09-04T14:41:58+00:00\",\"breadcrumb\":{\"@id\":\"https:\/\/thedermacheck.com\/it\/i-nostri-standard-di-test-e-valutazione\/#breadcrumb\"},\"inLanguage\":\"it-IT\",\"potentialAction\":[{\"@type\":\"ReadAction\",\"target\":[\"https:\/\/thedermacheck.com\/it\/i-nostri-standard-di-test-e-valutazione\/\"]}]},{\"@type\":\"ImageObject\",\"inLanguage\":\"it-IT\",\"@id\":\"https:\/\/thedermacheck.com\/it\/i-nostri-standard-di-test-e-valutazione\/#primaryimage\",\"url\":\"https:\/\/thedermacheck.com\/wp-content\/uploads\/2024\/01\/Produkttests-Vorgehensweise.jpg\",\"contentUrl\":\"https:\/\/thedermacheck.com\/wp-content\/uploads\/2024\/01\/Produkttests-Vorgehensweise.jpg\",\"width\":1600,\"height\":1067,\"caption\":\"Produkttests Vorgehensweise\"},{\"@type\":\"BreadcrumbList\",\"@id\":\"https:\/\/thedermacheck.com\/it\/i-nostri-standard-di-test-e-valutazione\/#breadcrumb\",\"itemListElement\":[{\"@type\":\"ListItem\",\"position\":1,\"name\":\"Derma Check\",\"item\":\"https:\/\/thedermacheck.com\/it\/\"},{\"@type\":\"ListItem\",\"position\":2,\"name\":\"I nostri standard di test e valutazione\"}]},{\"@type\":\"WebSite\",\"@id\":\"https:\/\/thedermacheck.com\/it\/#website\",\"url\":\"https:\/\/thedermacheck.com\/it\/\",\"name\":\"The Derma Check\",\"description\":\"\",\"publisher\":{\"@id\":\"https:\/\/thedermacheck.com\/it\/#organization\"},\"potentialAction\":[{\"@type\":\"SearchAction\",\"target\":{\"@type\":\"EntryPoint\",\"urlTemplate\":\"https:\/\/thedermacheck.com\/it\/?s={search_term_string}\"},\"query-input\":{\"@type\":\"PropertyValueSpecification\",\"valueRequired\":true,\"valueName\":\"search_term_string\"}}],\"inLanguage\":\"it-IT\"},{\"@type\":\"Organization\",\"@id\":\"https:\/\/thedermacheck.com\/it\/#organization\",\"name\":\"The Derma Check\",\"url\":\"https:\/\/thedermacheck.com\/it\/\",\"logo\":{\"@type\":\"ImageObject\",\"inLanguage\":\"it-IT\",\"@id\":\"https:\/\/thedermacheck.com\/it\/#\/schema\/logo\/image\/\",\"url\":\"https:\/\/thedermacheck.com\/wp-content\/uploads\/2023\/10\/cropped-THE-DERMA-CHECK-FAVICON-NEW-1.png\",\"contentUrl\":\"https:\/\/thedermacheck.com\/wp-content\/uploads\/2023\/10\/cropped-THE-DERMA-CHECK-FAVICON-NEW-1.png\",\"width\":512,\"height\":512,\"caption\":\"The Derma Check\"},\"image\":{\"@id\":\"https:\/\/thedermacheck.com\/it\/#\/schema\/logo\/image\/\"}}]}<\/script>\n<!-- \/ Yoast SEO Premium plugin. -->","yoast_head_json":{"title":"I nostri standard di test e valutazione | The Derma Check","robots":{"index":"index","follow":"follow","max-snippet":"max-snippet:-1","max-image-preview":"max-image-preview:large","max-video-preview":"max-video-preview:-1"},"canonical":"https:\/\/thedermacheck.com\/it\/i-nostri-standard-di-test-e-valutazione\/","og_locale":"it_IT","og_type":"article","og_title":"I nostri standard di test e valutazione","og_description":"I nostri standard di test e valutazione Noi di &#8220;The Derma Check&#8221; comprendiamo l&#8217;esigenza dei nostri utenti di avere recensioni di prodotti trasparenti e affidabili. Il nostro obiettivo \u00e8 fornire una consulenza basata sui fatti, completa e comprensibile, che dia ai clienti la sicurezza di prendere una decisione informata. Di seguito spieghiamo il nostro processo ... Mehr erfahren","og_url":"https:\/\/thedermacheck.com\/it\/i-nostri-standard-di-test-e-valutazione\/","og_site_name":"The Derma Check","article_modified_time":"2024-09-04T14:41:58+00:00","og_image":[{"width":1600,"height":1067,"url":"https:\/\/thedermacheck.com\/wp-content\/uploads\/2024\/01\/Produkttests-Vorgehensweise.jpg","type":"image\/jpeg"}],"twitter_card":"summary_large_image","twitter_misc":{"Tempo di lettura stimato":"4 minuti"},"schema":{"@context":"https:\/\/schema.org","@graph":[{"@type":"WebPage","@id":"https:\/\/thedermacheck.com\/it\/i-nostri-standard-di-test-e-valutazione\/","url":"https:\/\/thedermacheck.com\/it\/i-nostri-standard-di-test-e-valutazione\/","name":"I nostri standard di test e valutazione | The Derma Check","isPartOf":{"@id":"https:\/\/thedermacheck.com\/it\/#website"},"primaryImageOfPage":{"@id":"https:\/\/thedermacheck.com\/it\/i-nostri-standard-di-test-e-valutazione\/#primaryimage"},"image":{"@id":"https:\/\/thedermacheck.com\/it\/i-nostri-standard-di-test-e-valutazione\/#primaryimage"},"thumbnailUrl":"https:\/\/thedermacheck.com\/wp-content\/uploads\/2024\/01\/Produkttests-Vorgehensweise.jpg","datePublished":"2024-01-04T11:29:36+00:00","dateModified":"2024-09-04T14:41:58+00:00","breadcrumb":{"@id":"https:\/\/thedermacheck.com\/it\/i-nostri-standard-di-test-e-valutazione\/#breadcrumb"},"inLanguage":"it-IT","potentialAction":[{"@type":"ReadAction","target":["https:\/\/thedermacheck.com\/it\/i-nostri-standard-di-test-e-valutazione\/"]}]},{"@type":"ImageObject","inLanguage":"it-IT","@id":"https:\/\/thedermacheck.com\/it\/i-nostri-standard-di-test-e-valutazione\/#primaryimage","url":"https:\/\/thedermacheck.com\/wp-content\/uploads\/2024\/01\/Produkttests-Vorgehensweise.jpg","contentUrl":"https:\/\/thedermacheck.com\/wp-content\/uploads\/2024\/01\/Produkttests-Vorgehensweise.jpg","width":1600,"height":1067,"caption":"Produkttests Vorgehensweise"},{"@type":"BreadcrumbList","@id":"https:\/\/thedermacheck.com\/it\/i-nostri-standard-di-test-e-valutazione\/#breadcrumb","itemListElement":[{"@type":"ListItem","position":1,"name":"Derma Check","item":"https:\/\/thedermacheck.com\/it\/"},{"@type":"ListItem","position":2,"name":"I nostri standard di test e valutazione"}]},{"@type":"WebSite","@id":"https:\/\/thedermacheck.com\/it\/#website","url":"https:\/\/thedermacheck.com\/it\/","name":"The Derma Check","description":"","publisher":{"@id":"https:\/\/thedermacheck.com\/it\/#organization"},"potentialAction":[{"@type":"SearchAction","target":{"@type":"EntryPoint","urlTemplate":"https:\/\/thedermacheck.com\/it\/?s={search_term_string}"},"query-input":{"@type":"PropertyValueSpecification","valueRequired":true,"valueName":"search_term_string"}}],"inLanguage":"it-IT"},{"@type":"Organization","@id":"https:\/\/thedermacheck.com\/it\/#organization","name":"The Derma Check","url":"https:\/\/thedermacheck.com\/it\/","logo":{"@type":"ImageObject","inLanguage":"it-IT","@id":"https:\/\/thedermacheck.com\/it\/#\/schema\/logo\/image\/","url":"https:\/\/thedermacheck.com\/wp-content\/uploads\/2023\/10\/cropped-THE-DERMA-CHECK-FAVICON-NEW-1.png","contentUrl":"https:\/\/thedermacheck.com\/wp-content\/uploads\/2023\/10\/cropped-THE-DERMA-CHECK-FAVICON-NEW-1.png","width":512,"height":512,"caption":"The Derma Check"},"image":{"@id":"https:\/\/thedermacheck.com\/it\/#\/schema\/logo\/image\/"}}]}},"_links":{"self":[{"href":"https:\/\/thedermacheck.com\/it\/wp-json\/wp\/v2\/pages\/2872","targetHints":{"allow":["GET"]}}],"collection":[{"href":"https:\/\/thedermacheck.com\/it\/wp-json\/wp\/v2\/pages"}],"about":[{"href":"https:\/\/thedermacheck.com\/it\/wp-json\/wp\/v2\/types\/page"}],"author":[{"embeddable":true,"href":"https:\/\/thedermacheck.com\/it\/wp-json\/wp\/v2\/users\/1"}],"replies":[{"embeddable":true,"href":"https:\/\/thedermacheck.com\/it\/wp-json\/wp\/v2\/comments?post=2872"}],"version-history":[{"count":1,"href":"https:\/\/thedermacheck.com\/it\/wp-json\/wp\/v2\/pages\/2872\/revisions"}],"predecessor-version":[{"id":2873,"href":"https:\/\/thedermacheck.com\/it\/wp-json\/wp\/v2\/pages\/2872\/revisions\/2873"}],"wp:featuredmedia":[{"embeddable":true,"href":"https:\/\/thedermacheck.com\/it\/wp-json\/wp\/v2\/media\/2573"}],"wp:attachment":[{"href":"https:\/\/thedermacheck.com\/it\/wp-json\/wp\/v2\/media?parent=2872"}],"wp:term":[{"taxonomy":"category","embeddable":true,"href":"https:\/\/thedermacheck.com\/it\/wp-json\/wp\/v2\/categories?post=2872"},{"taxonomy":"post_tag","embeddable":true,"href":"https:\/\/thedermacheck.com\/it\/wp-json\/wp\/v2\/tags?post=2872"}],"curies":[{"name":"wp","href":"https:\/\/api.w.org\/{rel}","templated":true}]}}