{"id":3138,"date":"2023-12-19T14:49:41","date_gmt":"2023-12-19T14:49:41","guid":{"rendered":"https:\/\/thedermacheck.com\/la-quercetina-nella-cura-della-pelle-un-potente-scudo-protettivo-per-la-pelle\/"},"modified":"2024-02-13T14:57:18","modified_gmt":"2024-02-13T14:57:18","slug":"la-quercetina-nella-cura-della-pelle-un-potente-scudo-protettivo-per-la-pelle","status":"publish","type":"page","link":"https:\/\/thedermacheck.com\/it\/la-quercetina-nella-cura-della-pelle-un-potente-scudo-protettivo-per-la-pelle\/","title":{"rendered":"La quercetina nella cura della pelle: un potente scudo protettivo per la pelle"},"content":{"rendered":"\n<p><strong>LA QUERCETINA NELLA CURA DELLA PELLE<\/strong><\/p>\n\n<ul class=\"wp-block-list\">\n<li><strong>Tipo di ingrediente<\/strong>: flavonoide, antiossidante<\/li>\n\n\n\n<li><strong>Principali benefici<\/strong>: protegge dai danni ambientali, ha un effetto antinfiammatorio, rallenta i processi di invecchiamento cutaneo.<\/li>\n\n\n\n<li><strong>Ideale per<\/strong>: Tutti i tipi di pelle, in particolare per le pelli irritate e invecchiate.<\/li>\n\n\n\n<li><strong>Frequenza d&#8217;uso<\/strong>: secondo le istruzioni del prodotto, spesso ogni giorno.<\/li>\n\n\n\n<li><strong>Si combina bene con<\/strong>: Altri antiossidanti, filtri solari, ingredienti idratanti<\/li>\n\n\n\n<li><strong>Da evitare in<\/strong> caso di: Ipersensibilit\u00e0 alla quercetina<\/li>\n<\/ul>\n\n<h2 class=\"wp-block-heading\">Introduzione: cos&#8217;\u00e8 la quercetina?<\/h2>\n\n<p>La quercetina \u00e8 un potente flavonoide e antiossidante presente naturalmente in molti frutti e ortaggi, come mele, cipolle e uva. Nella cura della pelle, la quercetina \u00e8 apprezzata per le sue propriet\u00e0 antiossidanti e antinfiammatorie.<\/p>\n\n<h3 class=\"wp-block-heading\">Benefici della quercetina per la pelle<\/h3>\n\n<h4 class=\"wp-block-heading\">Protezione dai danni ambientali<\/h4>\n\n<p>La quercetina aiuta a proteggere la pelle dai danni causati dai radicali liberi e dagli stress ambientali che possono causare un invecchiamento precoce.<\/p>\n\n<h4 class=\"wp-block-heading\">Effetto antinfiammatorio<\/h4>\n\n<p>Ha un effetto antinfiammatorio e pu\u00f2 aiutare a risolvere problemi della pelle come rosacea, eczema e acne.<\/p>\n\n<h4 class=\"wp-block-heading\">Rallentamento dell&#8217;invecchiamento cutaneo<\/h4>\n\n<p>La quercetina aiuta la pelle a far fronte allo stress ossidativo e pu\u00f2 quindi rallentare il processo di invecchiamento cutaneo.<\/p>\n\n<h3 class=\"wp-block-heading\">Possibili effetti collaterali<\/h3>\n\n<p>La quercetina \u00e8 generalmente ben tollerata, ma pu\u00f2 causare irritazioni cutanee nei soggetti ipersensibili.<\/p>\n\n<h2 class=\"wp-block-heading\">Uso della quercetina nella cura della pelle<\/h2>\n\n<h3 class=\"wp-block-heading\">Applicazione corretta<\/h3>\n\n<ul class=\"wp-block-list\">\n<li><strong>Usare regolarmente<\/strong>: Per ottenere risultati ottimali, \u00e8 necessario utilizzare regolarmente un prodotto contenente quercetina.<\/li>\n\n\n\n<li><strong>Combinazione con una crema idratante<\/strong>: la quercetina pu\u00f2 potenziare l&#8217;effetto delle creme idratanti ed \u00e8 quindi una buona aggiunta.<\/li>\n<\/ul>\n\n<h3 class=\"wp-block-heading\">Come non usarlo<\/h3>\n\n<ul class=\"wp-block-list\">\n<li><strong>Attenzione alle allergie<\/strong>: Non utilizzare in caso di ipersensibilit\u00e0 nota alla quercetina.<\/li>\n<\/ul>\n\n<h2 class=\"wp-block-heading\">FAQ<\/h2>\n\n<p><strong>1. la quercetina \u00e8 adatta a tutti i tipi di pelle?<\/strong>  S\u00ec, la quercetina \u00e8 adatta a tutti i tipi di pelle, ma soprattutto a quella che presenta segni di invecchiamento o infiammazione.<\/p>\n\n<p><strong>2. la quercetina pu\u00f2 trattare l&#8217;acne?<\/strong>  La quercetina pu\u00f2 avere un effetto di supporto nel trattamento dell&#8217;acne grazie alle sue propriet\u00e0 antinfiammatorie.<\/p>\n\n<p><strong>3. in quanto tempo ci si pu\u00f2 aspettare dei risultati?<\/strong>  L&#8217;effetto della quercetina pu\u00f2 variare da persona a persona, ma molti utenti riferiscono un miglioramento dell&#8217;aspetto della pelle dopo un uso regolare per diverse settimane.<\/p>\n\n<h2 class=\"wp-block-heading\">Conclusione<\/h2>\n\n<p>La quercetina \u00e8 un promettente ingrediente per la cura della pelle che offre una protezione efficace contro l&#8217;invecchiamento cutaneo e i danni ambientali grazie alle sue propriet\u00e0 antiossidanti e antinfiammatorie. L&#8217;uso regolare di un prodotto contenente quercetina pu\u00f2 contribuire a rendere la pelle pi\u00f9 sana, resistente e giovane. Includete la quercetina nella vostra routine di cura della pelle per beneficiare dei suoi numerosi vantaggi.<\/p>\n","protected":false},"excerpt":{"rendered":"<p>LA QUERCETINA NELLA CURA DELLA PELLE Introduzione: cos&#8217;\u00e8 la quercetina? La quercetina \u00e8 un potente flavonoide e antiossidante presente naturalmente in molti frutti e ortaggi, come mele, cipolle e uva. Nella cura della pelle, la quercetina \u00e8 apprezzata per le sue propriet\u00e0 antiossidanti e antinfiammatorie. Benefici della quercetina per la pelle Protezione dai danni ambientali &#8230; <a title=\"La quercetina nella cura della pelle: un potente scudo protettivo per la pelle\" class=\"read-more\" href=\"https:\/\/thedermacheck.com\/it\/la-quercetina-nella-cura-della-pelle-un-potente-scudo-protettivo-per-la-pelle\/\" aria-label=\"Per saperne di pi\u00f9 su La quercetina nella cura della pelle: un potente scudo protettivo per la pelle\">Mehr erfahren<\/a><\/p>\n","protected":false},"author":2,"featured_media":0,"parent":0,"menu_order":0,"comment_status":"closed","ping_status":"closed","template":"","meta":{"_acf_changed":false,"_lmt_disableupdate":"","_lmt_disable":"","footnotes":""},"categories":[41],"tags":[],"class_list":{"0":"post-3138","1":"page","2":"type-page","3":"status-publish","5":"category-ingredienti"},"acf":[],"yoast_head":"<!-- This site is optimized with the Yoast SEO Premium plugin v25.7.1 (Yoast SEO v25.7) - https:\/\/yoast.com\/wordpress\/plugins\/seo\/ -->\n<title>La quercetina nella cura della pelle: un potente scudo protettivo per la pelle | The Derma Check<\/title>\n<meta name=\"robots\" content=\"index, follow, max-snippet:-1, max-image-preview:large, max-video-preview:-1\" \/>\n<link rel=\"canonical\" href=\"https:\/\/thedermacheck.com\/it\/la-quercetina-nella-cura-della-pelle-un-potente-scudo-protettivo-per-la-pelle\/\" \/>\n<meta property=\"og:locale\" content=\"it_IT\" \/>\n<meta property=\"og:type\" content=\"article\" \/>\n<meta property=\"og:title\" content=\"La quercetina nella cura della pelle: un potente scudo protettivo per la pelle\" \/>\n<meta property=\"og:description\" content=\"LA QUERCETINA NELLA CURA DELLA PELLE Introduzione: cos&#8217;\u00e8 la quercetina? La quercetina \u00e8 un potente flavonoide e antiossidante presente naturalmente in molti frutti e ortaggi, come mele, cipolle e uva. Nella cura della pelle, la quercetina \u00e8 apprezzata per le sue propriet\u00e0 antiossidanti e antinfiammatorie. Benefici della quercetina per la pelle Protezione dai danni ambientali ... Mehr erfahren\" \/>\n<meta property=\"og:url\" content=\"https:\/\/thedermacheck.com\/it\/la-quercetina-nella-cura-della-pelle-un-potente-scudo-protettivo-per-la-pelle\/\" \/>\n<meta property=\"og:site_name\" content=\"The Derma Check\" \/>\n<meta property=\"article:modified_time\" content=\"2024-02-13T14:57:18+00:00\" \/>\n<meta name=\"twitter:card\" content=\"summary_large_image\" \/>\n<meta name=\"twitter:label1\" content=\"Tempo di lettura stimato\" \/>\n\t<meta name=\"twitter:data1\" content=\"2 minuti\" \/>\n<script type=\"application\/ld+json\" class=\"yoast-schema-graph\">{\"@context\":\"https:\/\/schema.org\",\"@graph\":[{\"@type\":\"WebPage\",\"@id\":\"https:\/\/thedermacheck.com\/it\/la-quercetina-nella-cura-della-pelle-un-potente-scudo-protettivo-per-la-pelle\/\",\"url\":\"https:\/\/thedermacheck.com\/it\/la-quercetina-nella-cura-della-pelle-un-potente-scudo-protettivo-per-la-pelle\/\",\"name\":\"La quercetina nella cura della pelle: un potente scudo protettivo per la pelle | The Derma Check\",\"isPartOf\":{\"@id\":\"https:\/\/thedermacheck.com\/it\/#website\"},\"datePublished\":\"2023-12-19T14:49:41+00:00\",\"dateModified\":\"2024-02-13T14:57:18+00:00\",\"breadcrumb\":{\"@id\":\"https:\/\/thedermacheck.com\/it\/la-quercetina-nella-cura-della-pelle-un-potente-scudo-protettivo-per-la-pelle\/#breadcrumb\"},\"inLanguage\":\"it-IT\",\"potentialAction\":[{\"@type\":\"ReadAction\",\"target\":[\"https:\/\/thedermacheck.com\/it\/la-quercetina-nella-cura-della-pelle-un-potente-scudo-protettivo-per-la-pelle\/\"]}]},{\"@type\":\"BreadcrumbList\",\"@id\":\"https:\/\/thedermacheck.com\/it\/la-quercetina-nella-cura-della-pelle-un-potente-scudo-protettivo-per-la-pelle\/#breadcrumb\",\"itemListElement\":[{\"@type\":\"ListItem\",\"position\":1,\"name\":\"Derma Check\",\"item\":\"https:\/\/thedermacheck.com\/it\/\"},{\"@type\":\"ListItem\",\"position\":2,\"name\":\"La quercetina nella cura della pelle: un potente scudo protettivo per la pelle\"}]},{\"@type\":\"WebSite\",\"@id\":\"https:\/\/thedermacheck.com\/it\/#website\",\"url\":\"https:\/\/thedermacheck.com\/it\/\",\"name\":\"The Derma Check\",\"description\":\"\",\"publisher\":{\"@id\":\"https:\/\/thedermacheck.com\/it\/#organization\"},\"potentialAction\":[{\"@type\":\"SearchAction\",\"target\":{\"@type\":\"EntryPoint\",\"urlTemplate\":\"https:\/\/thedermacheck.com\/it\/?s={search_term_string}\"},\"query-input\":{\"@type\":\"PropertyValueSpecification\",\"valueRequired\":true,\"valueName\":\"search_term_string\"}}],\"inLanguage\":\"it-IT\"},{\"@type\":\"Organization\",\"@id\":\"https:\/\/thedermacheck.com\/it\/#organization\",\"name\":\"The Derma Check\",\"url\":\"https:\/\/thedermacheck.com\/it\/\",\"logo\":{\"@type\":\"ImageObject\",\"inLanguage\":\"it-IT\",\"@id\":\"https:\/\/thedermacheck.com\/it\/#\/schema\/logo\/image\/\",\"url\":\"https:\/\/thedermacheck.com\/wp-content\/uploads\/2023\/10\/cropped-THE-DERMA-CHECK-FAVICON-NEW-1.png\",\"contentUrl\":\"https:\/\/thedermacheck.com\/wp-content\/uploads\/2023\/10\/cropped-THE-DERMA-CHECK-FAVICON-NEW-1.png\",\"width\":512,\"height\":512,\"caption\":\"The Derma Check\"},\"image\":{\"@id\":\"https:\/\/thedermacheck.com\/it\/#\/schema\/logo\/image\/\"}}]}<\/script>\n<!-- \/ Yoast SEO Premium plugin. -->","yoast_head_json":{"title":"La quercetina nella cura della pelle: un potente scudo protettivo per la pelle | The Derma Check","robots":{"index":"index","follow":"follow","max-snippet":"max-snippet:-1","max-image-preview":"max-image-preview:large","max-video-preview":"max-video-preview:-1"},"canonical":"https:\/\/thedermacheck.com\/it\/la-quercetina-nella-cura-della-pelle-un-potente-scudo-protettivo-per-la-pelle\/","og_locale":"it_IT","og_type":"article","og_title":"La quercetina nella cura della pelle: un potente scudo protettivo per la pelle","og_description":"LA QUERCETINA NELLA CURA DELLA PELLE Introduzione: cos&#8217;\u00e8 la quercetina? La quercetina \u00e8 un potente flavonoide e antiossidante presente naturalmente in molti frutti e ortaggi, come mele, cipolle e uva. Nella cura della pelle, la quercetina \u00e8 apprezzata per le sue propriet\u00e0 antiossidanti e antinfiammatorie. Benefici della quercetina per la pelle Protezione dai danni ambientali ... Mehr erfahren","og_url":"https:\/\/thedermacheck.com\/it\/la-quercetina-nella-cura-della-pelle-un-potente-scudo-protettivo-per-la-pelle\/","og_site_name":"The Derma Check","article_modified_time":"2024-02-13T14:57:18+00:00","twitter_card":"summary_large_image","twitter_misc":{"Tempo di lettura stimato":"2 minuti"},"schema":{"@context":"https:\/\/schema.org","@graph":[{"@type":"WebPage","@id":"https:\/\/thedermacheck.com\/it\/la-quercetina-nella-cura-della-pelle-un-potente-scudo-protettivo-per-la-pelle\/","url":"https:\/\/thedermacheck.com\/it\/la-quercetina-nella-cura-della-pelle-un-potente-scudo-protettivo-per-la-pelle\/","name":"La quercetina nella cura della pelle: un potente scudo protettivo per la pelle | The Derma Check","isPartOf":{"@id":"https:\/\/thedermacheck.com\/it\/#website"},"datePublished":"2023-12-19T14:49:41+00:00","dateModified":"2024-02-13T14:57:18+00:00","breadcrumb":{"@id":"https:\/\/thedermacheck.com\/it\/la-quercetina-nella-cura-della-pelle-un-potente-scudo-protettivo-per-la-pelle\/#breadcrumb"},"inLanguage":"it-IT","potentialAction":[{"@type":"ReadAction","target":["https:\/\/thedermacheck.com\/it\/la-quercetina-nella-cura-della-pelle-un-potente-scudo-protettivo-per-la-pelle\/"]}]},{"@type":"BreadcrumbList","@id":"https:\/\/thedermacheck.com\/it\/la-quercetina-nella-cura-della-pelle-un-potente-scudo-protettivo-per-la-pelle\/#breadcrumb","itemListElement":[{"@type":"ListItem","position":1,"name":"Derma Check","item":"https:\/\/thedermacheck.com\/it\/"},{"@type":"ListItem","position":2,"name":"La quercetina nella cura della pelle: un potente scudo protettivo per la pelle"}]},{"@type":"WebSite","@id":"https:\/\/thedermacheck.com\/it\/#website","url":"https:\/\/thedermacheck.com\/it\/","name":"The Derma Check","description":"","publisher":{"@id":"https:\/\/thedermacheck.com\/it\/#organization"},"potentialAction":[{"@type":"SearchAction","target":{"@type":"EntryPoint","urlTemplate":"https:\/\/thedermacheck.com\/it\/?s={search_term_string}"},"query-input":{"@type":"PropertyValueSpecification","valueRequired":true,"valueName":"search_term_string"}}],"inLanguage":"it-IT"},{"@type":"Organization","@id":"https:\/\/thedermacheck.com\/it\/#organization","name":"The Derma Check","url":"https:\/\/thedermacheck.com\/it\/","logo":{"@type":"ImageObject","inLanguage":"it-IT","@id":"https:\/\/thedermacheck.com\/it\/#\/schema\/logo\/image\/","url":"https:\/\/thedermacheck.com\/wp-content\/uploads\/2023\/10\/cropped-THE-DERMA-CHECK-FAVICON-NEW-1.png","contentUrl":"https:\/\/thedermacheck.com\/wp-content\/uploads\/2023\/10\/cropped-THE-DERMA-CHECK-FAVICON-NEW-1.png","width":512,"height":512,"caption":"The Derma Check"},"image":{"@id":"https:\/\/thedermacheck.com\/it\/#\/schema\/logo\/image\/"}}]}},"_links":{"self":[{"href":"https:\/\/thedermacheck.com\/it\/wp-json\/wp\/v2\/pages\/3138","targetHints":{"allow":["GET"]}}],"collection":[{"href":"https:\/\/thedermacheck.com\/it\/wp-json\/wp\/v2\/pages"}],"about":[{"href":"https:\/\/thedermacheck.com\/it\/wp-json\/wp\/v2\/types\/page"}],"author":[{"embeddable":true,"href":"https:\/\/thedermacheck.com\/it\/wp-json\/wp\/v2\/users\/2"}],"replies":[{"embeddable":true,"href":"https:\/\/thedermacheck.com\/it\/wp-json\/wp\/v2\/comments?post=3138"}],"version-history":[{"count":1,"href":"https:\/\/thedermacheck.com\/it\/wp-json\/wp\/v2\/pages\/3138\/revisions"}],"predecessor-version":[{"id":3139,"href":"https:\/\/thedermacheck.com\/it\/wp-json\/wp\/v2\/pages\/3138\/revisions\/3139"}],"wp:attachment":[{"href":"https:\/\/thedermacheck.com\/it\/wp-json\/wp\/v2\/media?parent=3138"}],"wp:term":[{"taxonomy":"category","embeddable":true,"href":"https:\/\/thedermacheck.com\/it\/wp-json\/wp\/v2\/categories?post=3138"},{"taxonomy":"post_tag","embeddable":true,"href":"https:\/\/thedermacheck.com\/it\/wp-json\/wp\/v2\/tags?post=3138"}],"curies":[{"name":"wp","href":"https:\/\/api.w.org\/{rel}","templated":true}]}}