{"id":3382,"date":"2023-12-19T14:19:41","date_gmt":"2023-12-19T14:19:41","guid":{"rendered":"https:\/\/thedermacheck.com\/perossido-di-idrogeno-nei-prodotti-per-la-cura-della-pelle-efficace-ma-da-usare-con-cautela\/"},"modified":"2024-02-13T15:02:42","modified_gmt":"2024-02-13T15:02:42","slug":"perossido-di-idrogeno-nei-prodotti-per-la-cura-della-pelle-efficace-ma-da-usare-con-cautela","status":"publish","type":"page","link":"https:\/\/thedermacheck.com\/it\/perossido-di-idrogeno-nei-prodotti-per-la-cura-della-pelle-efficace-ma-da-usare-con-cautela\/","title":{"rendered":"Perossido di idrogeno nei prodotti per la cura della pelle: Efficace ma da usare con cautela"},"content":{"rendered":"\n<p><strong>Il perossido di idrogeno nella cura della pelle<\/strong><\/p>\n\n<ul class=\"wp-block-list\">\n<li><strong>Tipo di ingrediente:<\/strong> antisettico<\/li>\n\n\n\n<li><strong>Benefici principali:<\/strong> Disinfetta le impurit\u00e0 della pelle, pu\u00f2 aiutare a combattere l&#8217;acne.<\/li>\n\n\n\n<li><strong>Ideale per:<\/strong> Applicazioni mirate per le macchie della pelle<\/li>\n\n\n\n<li><strong>Frequenza d&#8217;uso:<\/strong> con parsimonia e solo quando necessario.<\/li>\n\n\n\n<li><strong>Combinazione con:<\/strong> Non associare ad altri farmaci per l&#8217;acne o irritanti per la pelle.<\/li>\n\n\n\n<li><strong>Non utilizzare con:<\/strong> Pelle sensibile o come prodotto per la cura quotidiana della pelle.<\/li>\n<\/ul>\n\n<hr class=\"wp-block-separator has-alpha-channel-opacity\"\/>\n\n<h3 class=\"wp-block-heading\"><strong>Che cos&#8217;\u00e8 il perossido di idrogeno?<\/strong><\/h3>\n\n<p>Il perossido di idrogeno, noto come H2O2, \u00e8 un composto chimico utilizzato come blando antisettico nella cura della pelle. \u00c8 nota per le sue propriet\u00e0 disinfettanti e viene spesso utilizzata per pulire tagli e abrasioni minori.<\/p>\n\n<h3 class=\"wp-block-heading\"><strong>I benefici del perossido di idrogeno per la pelle<\/strong><\/h3>\n\n<ul class=\"wp-block-list\">\n<li><strong>Disinfezione delle macchie cutanee:<\/strong> Il perossido di idrogeno \u00e8 in grado di uccidere efficacemente i batteri ed \u00e8 quindi spesso utilizzato nel trattamento dell&#8217;acne e di altre macchie della pelle.<\/li>\n\n\n\n<li><strong>Aiuta a combattere l&#8217;acne:<\/strong> grazie al suo effetto antibatterico, pu\u00f2 aiutare a ridurre l&#8217;acne, soprattutto le macchie superficiali.<\/li>\n<\/ul>\n\n<h3 class=\"wp-block-heading\"><strong>Possibili effetti collaterali<\/strong><\/h3>\n\n<ul class=\"wp-block-list\">\n<li><strong>Irritazione cutanea:<\/strong> Pu\u00f2 causare irritazione e secchezza sulla pelle sensibile o se usato troppo frequentemente.<\/li>\n\n\n\n<li><strong>Danno alla barriera cutanea:<\/strong> un uso eccessivo pu\u00f2 indebolire la naturale barriera protettiva della pelle.<\/li>\n<\/ul>\n\n<h3 class=\"wp-block-heading\"><strong>Raccomandazioni per l&#8217;applicazione<\/strong><\/h3>\n\n<ul class=\"wp-block-list\">\n<li><strong>Applicazione mirata:<\/strong> Il perossido di idrogeno deve essere applicato solo in modo selettivo sulle impurit\u00e0 della pelle, a seconda delle necessit\u00e0.<\/li>\n\n\n\n<li><strong>Diluizione:<\/strong> si consiglia di utilizzare il perossido di idrogeno in forma diluita per ridurre al minimo l&#8217;irritazione della pelle.<\/li>\n<\/ul>\n\n<h3 class=\"wp-block-heading\"><strong>Come non usarlo<\/strong><\/h3>\n\n<ul class=\"wp-block-list\">\n<li><strong>Non come detergente per la pelle di tutti i giorni:<\/strong> non deve essere usato come detergente abituale o in grandi quantit\u00e0.<\/li>\n\n\n\n<li><strong>Evitare la pelle sensibile:<\/strong> non utilizzare su pelle sensibile, secca o irritata.<\/li>\n<\/ul>\n\n<h3 class=\"wp-block-heading\"><strong>FAQ<\/strong><\/h3>\n\n<p><strong>1. il perossido di idrogeno pu\u00f2 essere utilizzato come ingrediente principale nella cura della pelle?<\/strong>  No, deve essere usato solo in modo selettivo e con parsimonia.<\/p>\n\n<p><strong>2 Il perossido di idrogeno \u00e8 sicuro per tutti i tipi di pelle?<\/strong>  Pu\u00f2 causare irritazioni alla pelle sensibile e deve essere usato con cautela.<\/p>\n\n<p><strong>3 Con quale frequenza si pu\u00f2 usare il perossido di idrogeno sulla pelle?<\/strong>  Solo quando \u00e8 necessario e non come parte regolare della vostra routine di cura della pelle.<\/p>\n\n<h3 class=\"wp-block-heading\"><strong>Conclusione<\/strong><\/h3>\n\n<p>Il perossido di idrogeno pu\u00f2 essere un ingrediente utile per la cura della pelle, in particolare per il trattamento di acne e imperfezioni. Tuttavia, deve essere usato con cautela e solo in modo selettivo per evitare irritazioni cutanee e danni alla barriera cutanea. L&#8217;applicazione e il dosaggio corretti sono fondamentali per sfruttarne i benefici in modo sicuro ed efficace.<\/p>\n","protected":false},"excerpt":{"rendered":"<p>Il perossido di idrogeno nella cura della pelle Che cos&#8217;\u00e8 il perossido di idrogeno? Il perossido di idrogeno, noto come H2O2, \u00e8 un composto chimico utilizzato come blando antisettico nella cura della pelle. \u00c8 nota per le sue propriet\u00e0 disinfettanti e viene spesso utilizzata per pulire tagli e abrasioni minori. I benefici del perossido di &#8230; <a title=\"Perossido di idrogeno nei prodotti per la cura della pelle: Efficace ma da usare con cautela\" class=\"read-more\" href=\"https:\/\/thedermacheck.com\/it\/perossido-di-idrogeno-nei-prodotti-per-la-cura-della-pelle-efficace-ma-da-usare-con-cautela\/\" aria-label=\"Per saperne di pi\u00f9 su Perossido di idrogeno nei prodotti per la cura della pelle: Efficace ma da usare con cautela\">Mehr erfahren<\/a><\/p>\n","protected":false},"author":2,"featured_media":0,"parent":0,"menu_order":0,"comment_status":"closed","ping_status":"closed","template":"","meta":{"_acf_changed":false,"_lmt_disableupdate":"","_lmt_disable":"","footnotes":""},"categories":[41],"tags":[],"class_list":{"0":"post-3382","1":"page","2":"type-page","3":"status-publish","5":"category-ingredienti"},"acf":[],"yoast_head":"<!-- This site is optimized with the Yoast SEO Premium plugin v25.7.1 (Yoast SEO v25.7) - https:\/\/yoast.com\/wordpress\/plugins\/seo\/ -->\n<title>Perossido di idrogeno nei prodotti per la cura della pelle: Efficace ma da usare con cautela | The Derma Check<\/title>\n<meta name=\"robots\" content=\"index, follow, max-snippet:-1, max-image-preview:large, max-video-preview:-1\" \/>\n<link rel=\"canonical\" href=\"https:\/\/thedermacheck.com\/it\/perossido-di-idrogeno-nei-prodotti-per-la-cura-della-pelle-efficace-ma-da-usare-con-cautela\/\" \/>\n<meta property=\"og:locale\" content=\"it_IT\" \/>\n<meta property=\"og:type\" content=\"article\" \/>\n<meta property=\"og:title\" content=\"Perossido di idrogeno nei prodotti per la cura della pelle: Efficace ma da usare con cautela\" \/>\n<meta property=\"og:description\" content=\"Il perossido di idrogeno nella cura della pelle Che cos&#8217;\u00e8 il perossido di idrogeno? Il perossido di idrogeno, noto come H2O2, \u00e8 un composto chimico utilizzato come blando antisettico nella cura della pelle. \u00c8 nota per le sue propriet\u00e0 disinfettanti e viene spesso utilizzata per pulire tagli e abrasioni minori. I benefici del perossido di ... Mehr erfahren\" \/>\n<meta property=\"og:url\" content=\"https:\/\/thedermacheck.com\/it\/perossido-di-idrogeno-nei-prodotti-per-la-cura-della-pelle-efficace-ma-da-usare-con-cautela\/\" \/>\n<meta property=\"og:site_name\" content=\"The Derma Check\" \/>\n<meta property=\"article:modified_time\" content=\"2024-02-13T15:02:42+00:00\" \/>\n<meta name=\"twitter:card\" content=\"summary_large_image\" \/>\n<meta name=\"twitter:label1\" content=\"Tempo di lettura stimato\" \/>\n\t<meta name=\"twitter:data1\" content=\"2 minuti\" \/>\n<script type=\"application\/ld+json\" class=\"yoast-schema-graph\">{\"@context\":\"https:\/\/schema.org\",\"@graph\":[{\"@type\":\"WebPage\",\"@id\":\"https:\/\/thedermacheck.com\/it\/perossido-di-idrogeno-nei-prodotti-per-la-cura-della-pelle-efficace-ma-da-usare-con-cautela\/\",\"url\":\"https:\/\/thedermacheck.com\/it\/perossido-di-idrogeno-nei-prodotti-per-la-cura-della-pelle-efficace-ma-da-usare-con-cautela\/\",\"name\":\"Perossido di idrogeno nei prodotti per la cura della pelle: Efficace ma da usare con cautela | The Derma Check\",\"isPartOf\":{\"@id\":\"https:\/\/thedermacheck.com\/it\/#website\"},\"datePublished\":\"2023-12-19T14:19:41+00:00\",\"dateModified\":\"2024-02-13T15:02:42+00:00\",\"breadcrumb\":{\"@id\":\"https:\/\/thedermacheck.com\/it\/perossido-di-idrogeno-nei-prodotti-per-la-cura-della-pelle-efficace-ma-da-usare-con-cautela\/#breadcrumb\"},\"inLanguage\":\"it-IT\",\"potentialAction\":[{\"@type\":\"ReadAction\",\"target\":[\"https:\/\/thedermacheck.com\/it\/perossido-di-idrogeno-nei-prodotti-per-la-cura-della-pelle-efficace-ma-da-usare-con-cautela\/\"]}]},{\"@type\":\"BreadcrumbList\",\"@id\":\"https:\/\/thedermacheck.com\/it\/perossido-di-idrogeno-nei-prodotti-per-la-cura-della-pelle-efficace-ma-da-usare-con-cautela\/#breadcrumb\",\"itemListElement\":[{\"@type\":\"ListItem\",\"position\":1,\"name\":\"Derma Check\",\"item\":\"https:\/\/thedermacheck.com\/it\/\"},{\"@type\":\"ListItem\",\"position\":2,\"name\":\"Perossido di idrogeno nei prodotti per la cura della pelle: Efficace ma da usare con cautela\"}]},{\"@type\":\"WebSite\",\"@id\":\"https:\/\/thedermacheck.com\/it\/#website\",\"url\":\"https:\/\/thedermacheck.com\/it\/\",\"name\":\"The Derma Check\",\"description\":\"\",\"publisher\":{\"@id\":\"https:\/\/thedermacheck.com\/it\/#organization\"},\"potentialAction\":[{\"@type\":\"SearchAction\",\"target\":{\"@type\":\"EntryPoint\",\"urlTemplate\":\"https:\/\/thedermacheck.com\/it\/?s={search_term_string}\"},\"query-input\":{\"@type\":\"PropertyValueSpecification\",\"valueRequired\":true,\"valueName\":\"search_term_string\"}}],\"inLanguage\":\"it-IT\"},{\"@type\":\"Organization\",\"@id\":\"https:\/\/thedermacheck.com\/it\/#organization\",\"name\":\"The Derma Check\",\"url\":\"https:\/\/thedermacheck.com\/it\/\",\"logo\":{\"@type\":\"ImageObject\",\"inLanguage\":\"it-IT\",\"@id\":\"https:\/\/thedermacheck.com\/it\/#\/schema\/logo\/image\/\",\"url\":\"https:\/\/thedermacheck.com\/wp-content\/uploads\/2023\/10\/cropped-THE-DERMA-CHECK-FAVICON-NEW-1.png\",\"contentUrl\":\"https:\/\/thedermacheck.com\/wp-content\/uploads\/2023\/10\/cropped-THE-DERMA-CHECK-FAVICON-NEW-1.png\",\"width\":512,\"height\":512,\"caption\":\"The Derma Check\"},\"image\":{\"@id\":\"https:\/\/thedermacheck.com\/it\/#\/schema\/logo\/image\/\"}}]}<\/script>\n<!-- \/ Yoast SEO Premium plugin. -->","yoast_head_json":{"title":"Perossido di idrogeno nei prodotti per la cura della pelle: Efficace ma da usare con cautela | The Derma Check","robots":{"index":"index","follow":"follow","max-snippet":"max-snippet:-1","max-image-preview":"max-image-preview:large","max-video-preview":"max-video-preview:-1"},"canonical":"https:\/\/thedermacheck.com\/it\/perossido-di-idrogeno-nei-prodotti-per-la-cura-della-pelle-efficace-ma-da-usare-con-cautela\/","og_locale":"it_IT","og_type":"article","og_title":"Perossido di idrogeno nei prodotti per la cura della pelle: Efficace ma da usare con cautela","og_description":"Il perossido di idrogeno nella cura della pelle Che cos&#8217;\u00e8 il perossido di idrogeno? Il perossido di idrogeno, noto come H2O2, \u00e8 un composto chimico utilizzato come blando antisettico nella cura della pelle. \u00c8 nota per le sue propriet\u00e0 disinfettanti e viene spesso utilizzata per pulire tagli e abrasioni minori. I benefici del perossido di ... Mehr erfahren","og_url":"https:\/\/thedermacheck.com\/it\/perossido-di-idrogeno-nei-prodotti-per-la-cura-della-pelle-efficace-ma-da-usare-con-cautela\/","og_site_name":"The Derma Check","article_modified_time":"2024-02-13T15:02:42+00:00","twitter_card":"summary_large_image","twitter_misc":{"Tempo di lettura stimato":"2 minuti"},"schema":{"@context":"https:\/\/schema.org","@graph":[{"@type":"WebPage","@id":"https:\/\/thedermacheck.com\/it\/perossido-di-idrogeno-nei-prodotti-per-la-cura-della-pelle-efficace-ma-da-usare-con-cautela\/","url":"https:\/\/thedermacheck.com\/it\/perossido-di-idrogeno-nei-prodotti-per-la-cura-della-pelle-efficace-ma-da-usare-con-cautela\/","name":"Perossido di idrogeno nei prodotti per la cura della pelle: Efficace ma da usare con cautela | The Derma Check","isPartOf":{"@id":"https:\/\/thedermacheck.com\/it\/#website"},"datePublished":"2023-12-19T14:19:41+00:00","dateModified":"2024-02-13T15:02:42+00:00","breadcrumb":{"@id":"https:\/\/thedermacheck.com\/it\/perossido-di-idrogeno-nei-prodotti-per-la-cura-della-pelle-efficace-ma-da-usare-con-cautela\/#breadcrumb"},"inLanguage":"it-IT","potentialAction":[{"@type":"ReadAction","target":["https:\/\/thedermacheck.com\/it\/perossido-di-idrogeno-nei-prodotti-per-la-cura-della-pelle-efficace-ma-da-usare-con-cautela\/"]}]},{"@type":"BreadcrumbList","@id":"https:\/\/thedermacheck.com\/it\/perossido-di-idrogeno-nei-prodotti-per-la-cura-della-pelle-efficace-ma-da-usare-con-cautela\/#breadcrumb","itemListElement":[{"@type":"ListItem","position":1,"name":"Derma Check","item":"https:\/\/thedermacheck.com\/it\/"},{"@type":"ListItem","position":2,"name":"Perossido di idrogeno nei prodotti per la cura della pelle: Efficace ma da usare con cautela"}]},{"@type":"WebSite","@id":"https:\/\/thedermacheck.com\/it\/#website","url":"https:\/\/thedermacheck.com\/it\/","name":"The Derma Check","description":"","publisher":{"@id":"https:\/\/thedermacheck.com\/it\/#organization"},"potentialAction":[{"@type":"SearchAction","target":{"@type":"EntryPoint","urlTemplate":"https:\/\/thedermacheck.com\/it\/?s={search_term_string}"},"query-input":{"@type":"PropertyValueSpecification","valueRequired":true,"valueName":"search_term_string"}}],"inLanguage":"it-IT"},{"@type":"Organization","@id":"https:\/\/thedermacheck.com\/it\/#organization","name":"The Derma Check","url":"https:\/\/thedermacheck.com\/it\/","logo":{"@type":"ImageObject","inLanguage":"it-IT","@id":"https:\/\/thedermacheck.com\/it\/#\/schema\/logo\/image\/","url":"https:\/\/thedermacheck.com\/wp-content\/uploads\/2023\/10\/cropped-THE-DERMA-CHECK-FAVICON-NEW-1.png","contentUrl":"https:\/\/thedermacheck.com\/wp-content\/uploads\/2023\/10\/cropped-THE-DERMA-CHECK-FAVICON-NEW-1.png","width":512,"height":512,"caption":"The Derma Check"},"image":{"@id":"https:\/\/thedermacheck.com\/it\/#\/schema\/logo\/image\/"}}]}},"_links":{"self":[{"href":"https:\/\/thedermacheck.com\/it\/wp-json\/wp\/v2\/pages\/3382","targetHints":{"allow":["GET"]}}],"collection":[{"href":"https:\/\/thedermacheck.com\/it\/wp-json\/wp\/v2\/pages"}],"about":[{"href":"https:\/\/thedermacheck.com\/it\/wp-json\/wp\/v2\/types\/page"}],"author":[{"embeddable":true,"href":"https:\/\/thedermacheck.com\/it\/wp-json\/wp\/v2\/users\/2"}],"replies":[{"embeddable":true,"href":"https:\/\/thedermacheck.com\/it\/wp-json\/wp\/v2\/comments?post=3382"}],"version-history":[{"count":1,"href":"https:\/\/thedermacheck.com\/it\/wp-json\/wp\/v2\/pages\/3382\/revisions"}],"predecessor-version":[{"id":3383,"href":"https:\/\/thedermacheck.com\/it\/wp-json\/wp\/v2\/pages\/3382\/revisions\/3383"}],"wp:attachment":[{"href":"https:\/\/thedermacheck.com\/it\/wp-json\/wp\/v2\/media?parent=3382"}],"wp:term":[{"taxonomy":"category","embeddable":true,"href":"https:\/\/thedermacheck.com\/it\/wp-json\/wp\/v2\/categories?post=3382"},{"taxonomy":"post_tag","embeddable":true,"href":"https:\/\/thedermacheck.com\/it\/wp-json\/wp\/v2\/tags?post=3382"}],"curies":[{"name":"wp","href":"https:\/\/api.w.org\/{rel}","templated":true}]}}