{"id":3402,"date":"2023-12-19T14:17:52","date_gmt":"2023-12-19T14:17:52","guid":{"rendered":"https:\/\/thedermacheck.com\/la-glicerina-nei-prodotti-per-la-cura-della-pelle-un-multitalento-per-lidratazione-e-la-cura-della-pelle\/"},"modified":"2024-02-13T15:02:58","modified_gmt":"2024-02-13T15:02:58","slug":"la-glicerina-nei-prodotti-per-la-cura-della-pelle-un-multitalento-per-lidratazione-e-la-cura-della-pelle","status":"publish","type":"page","link":"https:\/\/thedermacheck.com\/it\/la-glicerina-nei-prodotti-per-la-cura-della-pelle-un-multitalento-per-lidratazione-e-la-cura-della-pelle\/","title":{"rendered":"La glicerina nei prodotti per la cura della pelle: Un multitalento per l&#8217;idratazione e la cura della pelle"},"content":{"rendered":"\n<p><strong>La glicerina nella cura della pelle<\/strong><\/p>\n\n<ul class=\"wp-block-list\">\n<li><strong>Tipo di ingrediente:<\/strong> Idratante<\/li>\n\n\n\n<li><strong>Principali benefici:<\/strong> idratazione profonda, protegge la barriera cutanea, propriet\u00e0 ammorbidenti.<\/li>\n\n\n\n<li><strong>Ideale per:<\/strong> Tutti i tipi di pelle, in particolare quella secca e sensibile<\/li>\n\n\n\n<li><strong>Frequenza d&#8217;uso:<\/strong> quotidiana, contenuto in molti prodotti per la cura della pelle<\/li>\n\n\n\n<li><strong>Combinazione con:<\/strong> Altri idratanti come l&#8217;acido ialuronico<\/li>\n\n\n\n<li><strong>Non utilizzare con:<\/strong> Non sono note interazioni negative, ma si devono considerare le reazioni cutanee individuali.<\/li>\n<\/ul>\n\n<hr class=\"wp-block-separator has-alpha-channel-opacity\"\/>\n\n<h3 class=\"wp-block-heading\"><strong>Che cos&#8217;\u00e8 la glicerina?<\/strong><\/h3>\n\n<p>La glicerina, nota anche come glicerolo, \u00e8 un ingrediente incolore, inodore e igroscopico utilizzato in molti prodotti per la cura della pelle. Grazie alla sua capacit\u00e0 di attrarre e legare l&#8217;umidit\u00e0, \u00e8 un ingrediente indispensabile nell&#8217;industria cosmetica.<\/p>\n\n<h3 class=\"wp-block-heading\"><strong>Benefici della glicerina per la pelle<\/strong><\/h3>\n\n<ul class=\"wp-block-list\">\n<li><strong>Idratazione intensiva:<\/strong> La glicerina attira l&#8217;acqua dall&#8217;aria e dagli strati pi\u00f9 profondi della pelle, idratandone la superficie.<\/li>\n\n\n\n<li><strong>Protezione della barriera cutanea:<\/strong> aiuta a rafforzare la naturale barriera protettiva della pelle e a proteggerla dagli influssi ambientali.<\/li>\n\n\n\n<li><strong>Propriet\u00e0 addolcenti:<\/strong> la glicerina leviga e ammorbidisce la pelle, lasciandola morbida.<\/li>\n<\/ul>\n\n<h3 class=\"wp-block-heading\"><strong>Possibili effetti collaterali<\/strong><\/h3>\n\n<p>La glicerina \u00e8 molto ben tollerata dalla maggior parte dei tipi di pelle. In casi molto rari, pu\u00f2 causare una leggera irritazione nelle persone con pelle estremamente sensibile.<\/p>\n\n<h3 class=\"wp-block-heading\"><strong>Raccomandazioni per l&#8217;applicazione<\/strong><\/h3>\n\n<p>Poich\u00e9 la glicerina si trova in molti prodotti per la cura della pelle, come lozioni, creme e sieri, viene spesso utilizzata come parte della routine quotidiana di cura della pelle. \u00c8 particolarmente efficace se applicato sulla pelle leggermente umida dopo la doccia o il bagno.<\/p>\n\n<h3 class=\"wp-block-heading\"><strong>Come non usarlo<\/strong><\/h3>\n\n<p>La glicerina non dovrebbe essere utilizzata nella sua forma pura, poich\u00e9 in alte concentrazioni pu\u00f2 seccare la pelle, sottraendo troppa umidit\u00e0 agli strati pi\u00f9 profondi dell&#8217;epidermide. \u00c8 pi\u00f9 efficace se utilizzato in formulazioni con altri ingredienti idratanti.<\/p>\n\n<h3 class=\"wp-block-heading\"><strong>FAQ<\/strong><\/h3>\n\n<p><strong>1. la glicerina \u00e8 adatta a tutti i tipi di pelle?<\/strong>  S\u00ec, la glicerina \u00e8 particolarmente benefica per le pelli secche e sensibili, ma pu\u00f2 essere utilizzata da tutti i tipi di pelle.<\/p>\n\n<p><strong>2. la glicerina pu\u00f2 causare l&#8217;acne?<\/strong>  La glicerina non \u00e8 comedogenica e non dovrebbe causare acne.<\/p>\n\n<p><strong>3. in quanto tempo agisce la glicerina?<\/strong>  Gli effetti idratanti della glicerina sono spesso percepibili subito dopo l&#8217;applicazione.<\/p>\n\n<h3 class=\"wp-block-heading\"><strong>Conclusione<\/strong><\/h3>\n\n<p>La glicerina \u00e8 un ingrediente molto apprezzato nella cura della pelle e si trova in diversi prodotti grazie alle sue propriet\u00e0 idratanti e protettive. Offre un modo efficace e sicuro per idratare e ammorbidire profondamente la pelle, rendendola un must di ogni routine di cura della pelle.<\/p>\n","protected":false},"excerpt":{"rendered":"<p>La glicerina nella cura della pelle Che cos&#8217;\u00e8 la glicerina? La glicerina, nota anche come glicerolo, \u00e8 un ingrediente incolore, inodore e igroscopico utilizzato in molti prodotti per la cura della pelle. Grazie alla sua capacit\u00e0 di attrarre e legare l&#8217;umidit\u00e0, \u00e8 un ingrediente indispensabile nell&#8217;industria cosmetica. Benefici della glicerina per la pelle Possibili effetti &#8230; <a title=\"La glicerina nei prodotti per la cura della pelle: Un multitalento per l&#8217;idratazione e la cura della pelle\" class=\"read-more\" href=\"https:\/\/thedermacheck.com\/it\/la-glicerina-nei-prodotti-per-la-cura-della-pelle-un-multitalento-per-lidratazione-e-la-cura-della-pelle\/\" aria-label=\"Per saperne di pi\u00f9 su La glicerina nei prodotti per la cura della pelle: Un multitalento per l&#8217;idratazione e la cura della pelle\">Mehr erfahren<\/a><\/p>\n","protected":false},"author":2,"featured_media":0,"parent":0,"menu_order":0,"comment_status":"closed","ping_status":"closed","template":"","meta":{"_acf_changed":false,"_lmt_disableupdate":"","_lmt_disable":"","footnotes":""},"categories":[41],"tags":[],"class_list":{"0":"post-3402","1":"page","2":"type-page","3":"status-publish","5":"category-ingredienti"},"acf":[],"yoast_head":"<!-- This site is optimized with the Yoast SEO Premium plugin v25.7.1 (Yoast SEO v25.7) - https:\/\/yoast.com\/wordpress\/plugins\/seo\/ -->\n<title>La glicerina nei prodotti per la cura della pelle: Un multitalento per l&#039;idratazione e la cura della pelle | The Derma Check<\/title>\n<meta name=\"robots\" content=\"index, follow, max-snippet:-1, max-image-preview:large, max-video-preview:-1\" \/>\n<link rel=\"canonical\" href=\"https:\/\/thedermacheck.com\/it\/la-glicerina-nei-prodotti-per-la-cura-della-pelle-un-multitalento-per-lidratazione-e-la-cura-della-pelle\/\" \/>\n<meta property=\"og:locale\" content=\"it_IT\" \/>\n<meta property=\"og:type\" content=\"article\" \/>\n<meta property=\"og:title\" content=\"La glicerina nei prodotti per la cura della pelle: Un multitalento per l&#039;idratazione e la cura della pelle\" \/>\n<meta property=\"og:description\" content=\"La glicerina nella cura della pelle Che cos&#8217;\u00e8 la glicerina? La glicerina, nota anche come glicerolo, \u00e8 un ingrediente incolore, inodore e igroscopico utilizzato in molti prodotti per la cura della pelle. Grazie alla sua capacit\u00e0 di attrarre e legare l&#8217;umidit\u00e0, \u00e8 un ingrediente indispensabile nell&#8217;industria cosmetica. Benefici della glicerina per la pelle Possibili effetti ... Mehr erfahren\" \/>\n<meta property=\"og:url\" content=\"https:\/\/thedermacheck.com\/it\/la-glicerina-nei-prodotti-per-la-cura-della-pelle-un-multitalento-per-lidratazione-e-la-cura-della-pelle\/\" \/>\n<meta property=\"og:site_name\" content=\"The Derma Check\" \/>\n<meta property=\"article:modified_time\" content=\"2024-02-13T15:02:58+00:00\" \/>\n<meta name=\"twitter:card\" content=\"summary_large_image\" \/>\n<meta name=\"twitter:label1\" content=\"Tempo di lettura stimato\" \/>\n\t<meta name=\"twitter:data1\" content=\"2 minuti\" \/>\n<script type=\"application\/ld+json\" class=\"yoast-schema-graph\">{\"@context\":\"https:\/\/schema.org\",\"@graph\":[{\"@type\":\"WebPage\",\"@id\":\"https:\/\/thedermacheck.com\/it\/la-glicerina-nei-prodotti-per-la-cura-della-pelle-un-multitalento-per-lidratazione-e-la-cura-della-pelle\/\",\"url\":\"https:\/\/thedermacheck.com\/it\/la-glicerina-nei-prodotti-per-la-cura-della-pelle-un-multitalento-per-lidratazione-e-la-cura-della-pelle\/\",\"name\":\"La glicerina nei prodotti per la cura della pelle: Un multitalento per l'idratazione e la cura della pelle | The Derma Check\",\"isPartOf\":{\"@id\":\"https:\/\/thedermacheck.com\/it\/#website\"},\"datePublished\":\"2023-12-19T14:17:52+00:00\",\"dateModified\":\"2024-02-13T15:02:58+00:00\",\"breadcrumb\":{\"@id\":\"https:\/\/thedermacheck.com\/it\/la-glicerina-nei-prodotti-per-la-cura-della-pelle-un-multitalento-per-lidratazione-e-la-cura-della-pelle\/#breadcrumb\"},\"inLanguage\":\"it-IT\",\"potentialAction\":[{\"@type\":\"ReadAction\",\"target\":[\"https:\/\/thedermacheck.com\/it\/la-glicerina-nei-prodotti-per-la-cura-della-pelle-un-multitalento-per-lidratazione-e-la-cura-della-pelle\/\"]}]},{\"@type\":\"BreadcrumbList\",\"@id\":\"https:\/\/thedermacheck.com\/it\/la-glicerina-nei-prodotti-per-la-cura-della-pelle-un-multitalento-per-lidratazione-e-la-cura-della-pelle\/#breadcrumb\",\"itemListElement\":[{\"@type\":\"ListItem\",\"position\":1,\"name\":\"Derma Check\",\"item\":\"https:\/\/thedermacheck.com\/it\/\"},{\"@type\":\"ListItem\",\"position\":2,\"name\":\"La glicerina nei prodotti per la cura della pelle: Un multitalento per l&#8217;idratazione e la cura della pelle\"}]},{\"@type\":\"WebSite\",\"@id\":\"https:\/\/thedermacheck.com\/it\/#website\",\"url\":\"https:\/\/thedermacheck.com\/it\/\",\"name\":\"The Derma Check\",\"description\":\"\",\"publisher\":{\"@id\":\"https:\/\/thedermacheck.com\/it\/#organization\"},\"potentialAction\":[{\"@type\":\"SearchAction\",\"target\":{\"@type\":\"EntryPoint\",\"urlTemplate\":\"https:\/\/thedermacheck.com\/it\/?s={search_term_string}\"},\"query-input\":{\"@type\":\"PropertyValueSpecification\",\"valueRequired\":true,\"valueName\":\"search_term_string\"}}],\"inLanguage\":\"it-IT\"},{\"@type\":\"Organization\",\"@id\":\"https:\/\/thedermacheck.com\/it\/#organization\",\"name\":\"The Derma Check\",\"url\":\"https:\/\/thedermacheck.com\/it\/\",\"logo\":{\"@type\":\"ImageObject\",\"inLanguage\":\"it-IT\",\"@id\":\"https:\/\/thedermacheck.com\/it\/#\/schema\/logo\/image\/\",\"url\":\"https:\/\/thedermacheck.com\/wp-content\/uploads\/2023\/10\/cropped-THE-DERMA-CHECK-FAVICON-NEW-1.png\",\"contentUrl\":\"https:\/\/thedermacheck.com\/wp-content\/uploads\/2023\/10\/cropped-THE-DERMA-CHECK-FAVICON-NEW-1.png\",\"width\":512,\"height\":512,\"caption\":\"The Derma Check\"},\"image\":{\"@id\":\"https:\/\/thedermacheck.com\/it\/#\/schema\/logo\/image\/\"}}]}<\/script>\n<!-- \/ Yoast SEO Premium plugin. -->","yoast_head_json":{"title":"La glicerina nei prodotti per la cura della pelle: Un multitalento per l'idratazione e la cura della pelle | The Derma Check","robots":{"index":"index","follow":"follow","max-snippet":"max-snippet:-1","max-image-preview":"max-image-preview:large","max-video-preview":"max-video-preview:-1"},"canonical":"https:\/\/thedermacheck.com\/it\/la-glicerina-nei-prodotti-per-la-cura-della-pelle-un-multitalento-per-lidratazione-e-la-cura-della-pelle\/","og_locale":"it_IT","og_type":"article","og_title":"La glicerina nei prodotti per la cura della pelle: Un multitalento per l'idratazione e la cura della pelle","og_description":"La glicerina nella cura della pelle Che cos&#8217;\u00e8 la glicerina? La glicerina, nota anche come glicerolo, \u00e8 un ingrediente incolore, inodore e igroscopico utilizzato in molti prodotti per la cura della pelle. Grazie alla sua capacit\u00e0 di attrarre e legare l&#8217;umidit\u00e0, \u00e8 un ingrediente indispensabile nell&#8217;industria cosmetica. Benefici della glicerina per la pelle Possibili effetti ... Mehr erfahren","og_url":"https:\/\/thedermacheck.com\/it\/la-glicerina-nei-prodotti-per-la-cura-della-pelle-un-multitalento-per-lidratazione-e-la-cura-della-pelle\/","og_site_name":"The Derma Check","article_modified_time":"2024-02-13T15:02:58+00:00","twitter_card":"summary_large_image","twitter_misc":{"Tempo di lettura stimato":"2 minuti"},"schema":{"@context":"https:\/\/schema.org","@graph":[{"@type":"WebPage","@id":"https:\/\/thedermacheck.com\/it\/la-glicerina-nei-prodotti-per-la-cura-della-pelle-un-multitalento-per-lidratazione-e-la-cura-della-pelle\/","url":"https:\/\/thedermacheck.com\/it\/la-glicerina-nei-prodotti-per-la-cura-della-pelle-un-multitalento-per-lidratazione-e-la-cura-della-pelle\/","name":"La glicerina nei prodotti per la cura della pelle: Un multitalento per l'idratazione e la cura della pelle | The Derma Check","isPartOf":{"@id":"https:\/\/thedermacheck.com\/it\/#website"},"datePublished":"2023-12-19T14:17:52+00:00","dateModified":"2024-02-13T15:02:58+00:00","breadcrumb":{"@id":"https:\/\/thedermacheck.com\/it\/la-glicerina-nei-prodotti-per-la-cura-della-pelle-un-multitalento-per-lidratazione-e-la-cura-della-pelle\/#breadcrumb"},"inLanguage":"it-IT","potentialAction":[{"@type":"ReadAction","target":["https:\/\/thedermacheck.com\/it\/la-glicerina-nei-prodotti-per-la-cura-della-pelle-un-multitalento-per-lidratazione-e-la-cura-della-pelle\/"]}]},{"@type":"BreadcrumbList","@id":"https:\/\/thedermacheck.com\/it\/la-glicerina-nei-prodotti-per-la-cura-della-pelle-un-multitalento-per-lidratazione-e-la-cura-della-pelle\/#breadcrumb","itemListElement":[{"@type":"ListItem","position":1,"name":"Derma Check","item":"https:\/\/thedermacheck.com\/it\/"},{"@type":"ListItem","position":2,"name":"La glicerina nei prodotti per la cura della pelle: Un multitalento per l&#8217;idratazione e la cura della pelle"}]},{"@type":"WebSite","@id":"https:\/\/thedermacheck.com\/it\/#website","url":"https:\/\/thedermacheck.com\/it\/","name":"The Derma Check","description":"","publisher":{"@id":"https:\/\/thedermacheck.com\/it\/#organization"},"potentialAction":[{"@type":"SearchAction","target":{"@type":"EntryPoint","urlTemplate":"https:\/\/thedermacheck.com\/it\/?s={search_term_string}"},"query-input":{"@type":"PropertyValueSpecification","valueRequired":true,"valueName":"search_term_string"}}],"inLanguage":"it-IT"},{"@type":"Organization","@id":"https:\/\/thedermacheck.com\/it\/#organization","name":"The Derma Check","url":"https:\/\/thedermacheck.com\/it\/","logo":{"@type":"ImageObject","inLanguage":"it-IT","@id":"https:\/\/thedermacheck.com\/it\/#\/schema\/logo\/image\/","url":"https:\/\/thedermacheck.com\/wp-content\/uploads\/2023\/10\/cropped-THE-DERMA-CHECK-FAVICON-NEW-1.png","contentUrl":"https:\/\/thedermacheck.com\/wp-content\/uploads\/2023\/10\/cropped-THE-DERMA-CHECK-FAVICON-NEW-1.png","width":512,"height":512,"caption":"The Derma Check"},"image":{"@id":"https:\/\/thedermacheck.com\/it\/#\/schema\/logo\/image\/"}}]}},"_links":{"self":[{"href":"https:\/\/thedermacheck.com\/it\/wp-json\/wp\/v2\/pages\/3402","targetHints":{"allow":["GET"]}}],"collection":[{"href":"https:\/\/thedermacheck.com\/it\/wp-json\/wp\/v2\/pages"}],"about":[{"href":"https:\/\/thedermacheck.com\/it\/wp-json\/wp\/v2\/types\/page"}],"author":[{"embeddable":true,"href":"https:\/\/thedermacheck.com\/it\/wp-json\/wp\/v2\/users\/2"}],"replies":[{"embeddable":true,"href":"https:\/\/thedermacheck.com\/it\/wp-json\/wp\/v2\/comments?post=3402"}],"version-history":[{"count":1,"href":"https:\/\/thedermacheck.com\/it\/wp-json\/wp\/v2\/pages\/3402\/revisions"}],"predecessor-version":[{"id":3403,"href":"https:\/\/thedermacheck.com\/it\/wp-json\/wp\/v2\/pages\/3402\/revisions\/3403"}],"wp:attachment":[{"href":"https:\/\/thedermacheck.com\/it\/wp-json\/wp\/v2\/media?parent=3402"}],"wp:term":[{"taxonomy":"category","embeddable":true,"href":"https:\/\/thedermacheck.com\/it\/wp-json\/wp\/v2\/categories?post=3402"},{"taxonomy":"post_tag","embeddable":true,"href":"https:\/\/thedermacheck.com\/it\/wp-json\/wp\/v2\/tags?post=3402"}],"curies":[{"name":"wp","href":"https:\/\/api.w.org\/{rel}","templated":true}]}}