{"id":3618,"date":"2023-12-16T20:38:03","date_gmt":"2023-12-16T20:38:03","guid":{"rendered":"https:\/\/thedermacheck.com\/lolio-di-amala-nei-prodotti-per-la-cura-della-pelle-una-cura-naturale-miracolosa\/"},"modified":"2024-02-13T15:05:40","modified_gmt":"2024-02-13T15:05:40","slug":"lolio-di-amala-nei-prodotti-per-la-cura-della-pelle-una-cura-naturale-miracolosa","status":"publish","type":"page","link":"https:\/\/thedermacheck.com\/it\/lolio-di-amala-nei-prodotti-per-la-cura-della-pelle-una-cura-naturale-miracolosa\/","title":{"rendered":"L&#8217;olio di Amala nei prodotti per la cura della pelle: Una cura naturale miracolosa"},"content":{"rendered":"\n<h2 class=\"wp-block-heading\">OLIO AMALA<\/h2>\n\n<ul class=\"wp-block-list\">\n<li><strong>Tipo di ingrediente:<\/strong> Olio naturale<\/li>\n\n\n\n<li><strong>Principali benefici:<\/strong> Idratante, favorisce l&#8217;elasticit\u00e0 cutanea, ricco di antiossidanti<\/li>\n\n\n\n<li><strong>Adatto a:<\/strong> Tutti i tipi di pelle, in particolare per le pelli secche e mature.<\/li>\n\n\n\n<li><strong>Frequenza d&#8217;uso:<\/strong> a seconda delle istruzioni del prodotto, di solito ogni giorno.<\/li>\n\n\n\n<li><strong>Pu\u00f2 essere combinato con:<\/strong> Altri oli naturali e ingredienti idratanti<\/li>\n\n\n\n<li><strong>Non utilizzare con:<\/strong> Sostanze fortemente essiccanti o irritanti<\/li>\n<\/ul>\n\n<hr class=\"wp-block-separator has-alpha-channel-opacity\"\/>\n\n<h2 class=\"wp-block-heading\">Che cos&#8217;\u00e8 l&#8217;olio di Amala?<\/h2>\n\n<p>L&#8217;olio di amala, noto anche come olio di uva spina indiana, viene estratto dai frutti della pianta di amala. Quest&#8217;olio \u00e8 profondamente radicato nella medicina ayurvedica tradizionale indiana ed \u00e8 molto apprezzato per le sue numerose propriet\u00e0 benefiche per la salute.<\/p>\n\n<hr class=\"wp-block-separator has-alpha-channel-opacity\"\/>\n\n<h3 class=\"wp-block-heading\">Benefici dell&#8217;olio di Amala per la pelle<\/h3>\n\n<h4 class=\"wp-block-heading\">Ricco di nutrienti e antiossidanti<\/h4>\n\n<p>L&#8217;olio di Amala \u00e8 ricco di vitamina C, vitamina E e antiossidanti, che proteggono la pelle dalle influenze ambientali nocive e prevengono l&#8217;invecchiamento precoce.<\/p>\n\n<h4 class=\"wp-block-heading\">Idrata e favorisce l&#8217;elasticit\u00e0<\/h4>\n\n<p>Grazie alle sue propriet\u00e0 idratanti, aiuta a mantenere la pelle morbida ed elastica e ne migliora l&#8217;elasticit\u00e0.<\/p>\n\n<hr class=\"wp-block-separator has-alpha-channel-opacity\"\/>\n\n<h3 class=\"wp-block-heading\">Possibili effetti collaterali<\/h3>\n\n<p>Sebbene l&#8217;olio di Amala sia considerato sicuro per la maggior parte dei tipi di pelle, le persone con pelle molto sensibile o con allergie dovrebbero fare attenzione. In rari casi pu\u00f2 verificarsi un&#8217;irritazione della pelle.<\/p>\n\n<hr class=\"wp-block-separator has-alpha-channel-opacity\"\/>\n\n<h3 class=\"wp-block-heading\">Applicazione dell&#8217;olio di Amala<\/h3>\n\n<h4 class=\"wp-block-heading\">In forma pura o come ingrediente<\/h4>\n\n<p>L&#8217;olio di Amala pu\u00f2 essere applicato direttamente sulla pelle o utilizzato come ingrediente in prodotti per la cura della pelle come creme e sieri.<\/p>\n\n<h4 class=\"wp-block-heading\">Uso quotidiano<\/h4>\n\n<p>L&#8217;olio di Amala deve essere usato regolarmente per ottenere risultati ottimali. Seguire le istruzioni per il rispettivo prodotto.<\/p>\n\n<hr class=\"wp-block-separator has-alpha-channel-opacity\"\/>\n\n<h3 class=\"wp-block-heading\">Come non usare l&#8217;olio di Amala<\/h3>\n\n<ul class=\"wp-block-list\">\n<li><strong>Non utilizzare in combinazione con sostanze altamente essiccanti:<\/strong> La combinazione dell&#8217;olio di Amala con ingredienti essiccanti pu\u00f2 irritare la pelle.<\/li>\n\n\n\n<li><strong>Non sovradosare:<\/strong> Un uso eccessivo pu\u00f2 portare a un&#8217;eccessiva oleosit\u00e0 della pelle.<\/li>\n<\/ul>\n\n<hr class=\"wp-block-separator has-alpha-channel-opacity\"\/>\n\n<h3 class=\"wp-block-heading\">Domande frequenti sull&#8217;olio di Amala<\/h3>\n\n<h4 class=\"wp-block-heading\">L&#8217;olio di Amala pu\u00f2 aiutare a combattere l&#8217;acne?<\/h4>\n\n<p>L&#8217;olio di amala ha propriet\u00e0 antinfiammatorie che possono aiutare a trattare l&#8217;acne, ma deve essere usato con cautela sulla pelle grassa.<\/p>\n\n<h4 class=\"wp-block-heading\">L&#8217;olio di Amala \u00e8 adatto a tutti i tipi di pelle?<\/h4>\n\n<p>S\u00ec, \u00e8 adatto a tutti i tipi di pelle, ma \u00e8 particolarmente benefico per le pelli secche e mature.<\/p>\n\n<h4 class=\"wp-block-heading\">L&#8217;olio di Amala pu\u00f2 essere usato quotidianamente?<\/h4>\n\n<p>S\u00ec, si consiglia l&#8217;uso quotidiano per ottenere risultati ottimali.<\/p>\n\n<hr class=\"wp-block-separator has-alpha-channel-opacity\"\/>\n\n<h2 class=\"wp-block-heading\">Conclusione<\/h2>\n\n<p>L&#8217;olio di Amala \u00e8 un olio versatile e ricco di sostanze nutritive che offre numerosi benefici alla pelle. \u00c8 un ingrediente eccellente per i prodotti per la cura della pelle, soprattutto per chi cerca componenti naturali, idratanti e anti-et\u00e0. Grazie alla sua ricca composizione e all&#8217;azione delicata, \u00e8 una scelta eccellente per quasi tutti i tipi di pelle.<\/p>\n","protected":false},"excerpt":{"rendered":"<p>OLIO AMALA Che cos&#8217;\u00e8 l&#8217;olio di Amala? L&#8217;olio di amala, noto anche come olio di uva spina indiana, viene estratto dai frutti della pianta di amala. Quest&#8217;olio \u00e8 profondamente radicato nella medicina ayurvedica tradizionale indiana ed \u00e8 molto apprezzato per le sue numerose propriet\u00e0 benefiche per la salute. Benefici dell&#8217;olio di Amala per la pelle &#8230; <a title=\"L&#8217;olio di Amala nei prodotti per la cura della pelle: Una cura naturale miracolosa\" class=\"read-more\" href=\"https:\/\/thedermacheck.com\/it\/lolio-di-amala-nei-prodotti-per-la-cura-della-pelle-una-cura-naturale-miracolosa\/\" aria-label=\"Per saperne di pi\u00f9 su L&#8217;olio di Amala nei prodotti per la cura della pelle: Una cura naturale miracolosa\">Mehr erfahren<\/a><\/p>\n","protected":false},"author":2,"featured_media":0,"parent":0,"menu_order":0,"comment_status":"closed","ping_status":"closed","template":"","meta":{"_acf_changed":false,"_lmt_disableupdate":"","_lmt_disable":"","footnotes":""},"categories":[41],"tags":[],"class_list":{"0":"post-3618","1":"page","2":"type-page","3":"status-publish","5":"category-ingredienti"},"acf":[],"yoast_head":"<!-- This site is optimized with the Yoast SEO Premium plugin v25.7.1 (Yoast SEO v25.7) - https:\/\/yoast.com\/wordpress\/plugins\/seo\/ -->\n<title>L&#039;olio di Amala nei prodotti per la cura della pelle: Una cura naturale miracolosa | The Derma Check<\/title>\n<meta name=\"robots\" content=\"index, follow, max-snippet:-1, max-image-preview:large, max-video-preview:-1\" \/>\n<link rel=\"canonical\" href=\"https:\/\/thedermacheck.com\/it\/lolio-di-amala-nei-prodotti-per-la-cura-della-pelle-una-cura-naturale-miracolosa\/\" \/>\n<meta property=\"og:locale\" content=\"it_IT\" \/>\n<meta property=\"og:type\" content=\"article\" \/>\n<meta property=\"og:title\" content=\"L&#039;olio di Amala nei prodotti per la cura della pelle: Una cura naturale miracolosa\" \/>\n<meta property=\"og:description\" content=\"OLIO AMALA Che cos&#8217;\u00e8 l&#8217;olio di Amala? L&#8217;olio di amala, noto anche come olio di uva spina indiana, viene estratto dai frutti della pianta di amala. Quest&#8217;olio \u00e8 profondamente radicato nella medicina ayurvedica tradizionale indiana ed \u00e8 molto apprezzato per le sue numerose propriet\u00e0 benefiche per la salute. Benefici dell&#8217;olio di Amala per la pelle ... Mehr erfahren\" \/>\n<meta property=\"og:url\" content=\"https:\/\/thedermacheck.com\/it\/lolio-di-amala-nei-prodotti-per-la-cura-della-pelle-una-cura-naturale-miracolosa\/\" \/>\n<meta property=\"og:site_name\" content=\"The Derma Check\" \/>\n<meta property=\"article:modified_time\" content=\"2024-02-13T15:05:40+00:00\" \/>\n<meta name=\"twitter:card\" content=\"summary_large_image\" \/>\n<meta name=\"twitter:label1\" content=\"Tempo di lettura stimato\" \/>\n\t<meta name=\"twitter:data1\" content=\"2 minuti\" \/>\n<script type=\"application\/ld+json\" class=\"yoast-schema-graph\">{\"@context\":\"https:\/\/schema.org\",\"@graph\":[{\"@type\":\"WebPage\",\"@id\":\"https:\/\/thedermacheck.com\/it\/lolio-di-amala-nei-prodotti-per-la-cura-della-pelle-una-cura-naturale-miracolosa\/\",\"url\":\"https:\/\/thedermacheck.com\/it\/lolio-di-amala-nei-prodotti-per-la-cura-della-pelle-una-cura-naturale-miracolosa\/\",\"name\":\"L'olio di Amala nei prodotti per la cura della pelle: Una cura naturale miracolosa | The Derma Check\",\"isPartOf\":{\"@id\":\"https:\/\/thedermacheck.com\/it\/#website\"},\"datePublished\":\"2023-12-16T20:38:03+00:00\",\"dateModified\":\"2024-02-13T15:05:40+00:00\",\"breadcrumb\":{\"@id\":\"https:\/\/thedermacheck.com\/it\/lolio-di-amala-nei-prodotti-per-la-cura-della-pelle-una-cura-naturale-miracolosa\/#breadcrumb\"},\"inLanguage\":\"it-IT\",\"potentialAction\":[{\"@type\":\"ReadAction\",\"target\":[\"https:\/\/thedermacheck.com\/it\/lolio-di-amala-nei-prodotti-per-la-cura-della-pelle-una-cura-naturale-miracolosa\/\"]}]},{\"@type\":\"BreadcrumbList\",\"@id\":\"https:\/\/thedermacheck.com\/it\/lolio-di-amala-nei-prodotti-per-la-cura-della-pelle-una-cura-naturale-miracolosa\/#breadcrumb\",\"itemListElement\":[{\"@type\":\"ListItem\",\"position\":1,\"name\":\"Derma Check\",\"item\":\"https:\/\/thedermacheck.com\/it\/\"},{\"@type\":\"ListItem\",\"position\":2,\"name\":\"L&#8217;olio di Amala nei prodotti per la cura della pelle: Una cura naturale miracolosa\"}]},{\"@type\":\"WebSite\",\"@id\":\"https:\/\/thedermacheck.com\/it\/#website\",\"url\":\"https:\/\/thedermacheck.com\/it\/\",\"name\":\"The Derma Check\",\"description\":\"\",\"publisher\":{\"@id\":\"https:\/\/thedermacheck.com\/it\/#organization\"},\"potentialAction\":[{\"@type\":\"SearchAction\",\"target\":{\"@type\":\"EntryPoint\",\"urlTemplate\":\"https:\/\/thedermacheck.com\/it\/?s={search_term_string}\"},\"query-input\":{\"@type\":\"PropertyValueSpecification\",\"valueRequired\":true,\"valueName\":\"search_term_string\"}}],\"inLanguage\":\"it-IT\"},{\"@type\":\"Organization\",\"@id\":\"https:\/\/thedermacheck.com\/it\/#organization\",\"name\":\"The Derma Check\",\"url\":\"https:\/\/thedermacheck.com\/it\/\",\"logo\":{\"@type\":\"ImageObject\",\"inLanguage\":\"it-IT\",\"@id\":\"https:\/\/thedermacheck.com\/it\/#\/schema\/logo\/image\/\",\"url\":\"https:\/\/thedermacheck.com\/wp-content\/uploads\/2023\/10\/cropped-THE-DERMA-CHECK-FAVICON-NEW-1.png\",\"contentUrl\":\"https:\/\/thedermacheck.com\/wp-content\/uploads\/2023\/10\/cropped-THE-DERMA-CHECK-FAVICON-NEW-1.png\",\"width\":512,\"height\":512,\"caption\":\"The Derma Check\"},\"image\":{\"@id\":\"https:\/\/thedermacheck.com\/it\/#\/schema\/logo\/image\/\"}}]}<\/script>\n<!-- \/ Yoast SEO Premium plugin. -->","yoast_head_json":{"title":"L'olio di Amala nei prodotti per la cura della pelle: Una cura naturale miracolosa | The Derma Check","robots":{"index":"index","follow":"follow","max-snippet":"max-snippet:-1","max-image-preview":"max-image-preview:large","max-video-preview":"max-video-preview:-1"},"canonical":"https:\/\/thedermacheck.com\/it\/lolio-di-amala-nei-prodotti-per-la-cura-della-pelle-una-cura-naturale-miracolosa\/","og_locale":"it_IT","og_type":"article","og_title":"L'olio di Amala nei prodotti per la cura della pelle: Una cura naturale miracolosa","og_description":"OLIO AMALA Che cos&#8217;\u00e8 l&#8217;olio di Amala? L&#8217;olio di amala, noto anche come olio di uva spina indiana, viene estratto dai frutti della pianta di amala. Quest&#8217;olio \u00e8 profondamente radicato nella medicina ayurvedica tradizionale indiana ed \u00e8 molto apprezzato per le sue numerose propriet\u00e0 benefiche per la salute. Benefici dell&#8217;olio di Amala per la pelle ... Mehr erfahren","og_url":"https:\/\/thedermacheck.com\/it\/lolio-di-amala-nei-prodotti-per-la-cura-della-pelle-una-cura-naturale-miracolosa\/","og_site_name":"The Derma Check","article_modified_time":"2024-02-13T15:05:40+00:00","twitter_card":"summary_large_image","twitter_misc":{"Tempo di lettura stimato":"2 minuti"},"schema":{"@context":"https:\/\/schema.org","@graph":[{"@type":"WebPage","@id":"https:\/\/thedermacheck.com\/it\/lolio-di-amala-nei-prodotti-per-la-cura-della-pelle-una-cura-naturale-miracolosa\/","url":"https:\/\/thedermacheck.com\/it\/lolio-di-amala-nei-prodotti-per-la-cura-della-pelle-una-cura-naturale-miracolosa\/","name":"L'olio di Amala nei prodotti per la cura della pelle: Una cura naturale miracolosa | The Derma Check","isPartOf":{"@id":"https:\/\/thedermacheck.com\/it\/#website"},"datePublished":"2023-12-16T20:38:03+00:00","dateModified":"2024-02-13T15:05:40+00:00","breadcrumb":{"@id":"https:\/\/thedermacheck.com\/it\/lolio-di-amala-nei-prodotti-per-la-cura-della-pelle-una-cura-naturale-miracolosa\/#breadcrumb"},"inLanguage":"it-IT","potentialAction":[{"@type":"ReadAction","target":["https:\/\/thedermacheck.com\/it\/lolio-di-amala-nei-prodotti-per-la-cura-della-pelle-una-cura-naturale-miracolosa\/"]}]},{"@type":"BreadcrumbList","@id":"https:\/\/thedermacheck.com\/it\/lolio-di-amala-nei-prodotti-per-la-cura-della-pelle-una-cura-naturale-miracolosa\/#breadcrumb","itemListElement":[{"@type":"ListItem","position":1,"name":"Derma Check","item":"https:\/\/thedermacheck.com\/it\/"},{"@type":"ListItem","position":2,"name":"L&#8217;olio di Amala nei prodotti per la cura della pelle: Una cura naturale miracolosa"}]},{"@type":"WebSite","@id":"https:\/\/thedermacheck.com\/it\/#website","url":"https:\/\/thedermacheck.com\/it\/","name":"The Derma Check","description":"","publisher":{"@id":"https:\/\/thedermacheck.com\/it\/#organization"},"potentialAction":[{"@type":"SearchAction","target":{"@type":"EntryPoint","urlTemplate":"https:\/\/thedermacheck.com\/it\/?s={search_term_string}"},"query-input":{"@type":"PropertyValueSpecification","valueRequired":true,"valueName":"search_term_string"}}],"inLanguage":"it-IT"},{"@type":"Organization","@id":"https:\/\/thedermacheck.com\/it\/#organization","name":"The Derma Check","url":"https:\/\/thedermacheck.com\/it\/","logo":{"@type":"ImageObject","inLanguage":"it-IT","@id":"https:\/\/thedermacheck.com\/it\/#\/schema\/logo\/image\/","url":"https:\/\/thedermacheck.com\/wp-content\/uploads\/2023\/10\/cropped-THE-DERMA-CHECK-FAVICON-NEW-1.png","contentUrl":"https:\/\/thedermacheck.com\/wp-content\/uploads\/2023\/10\/cropped-THE-DERMA-CHECK-FAVICON-NEW-1.png","width":512,"height":512,"caption":"The Derma Check"},"image":{"@id":"https:\/\/thedermacheck.com\/it\/#\/schema\/logo\/image\/"}}]}},"_links":{"self":[{"href":"https:\/\/thedermacheck.com\/it\/wp-json\/wp\/v2\/pages\/3618","targetHints":{"allow":["GET"]}}],"collection":[{"href":"https:\/\/thedermacheck.com\/it\/wp-json\/wp\/v2\/pages"}],"about":[{"href":"https:\/\/thedermacheck.com\/it\/wp-json\/wp\/v2\/types\/page"}],"author":[{"embeddable":true,"href":"https:\/\/thedermacheck.com\/it\/wp-json\/wp\/v2\/users\/2"}],"replies":[{"embeddable":true,"href":"https:\/\/thedermacheck.com\/it\/wp-json\/wp\/v2\/comments?post=3618"}],"version-history":[{"count":1,"href":"https:\/\/thedermacheck.com\/it\/wp-json\/wp\/v2\/pages\/3618\/revisions"}],"predecessor-version":[{"id":3619,"href":"https:\/\/thedermacheck.com\/it\/wp-json\/wp\/v2\/pages\/3618\/revisions\/3619"}],"wp:attachment":[{"href":"https:\/\/thedermacheck.com\/it\/wp-json\/wp\/v2\/media?parent=3618"}],"wp:term":[{"taxonomy":"category","embeddable":true,"href":"https:\/\/thedermacheck.com\/it\/wp-json\/wp\/v2\/categories?post=3618"},{"taxonomy":"post_tag","embeddable":true,"href":"https:\/\/thedermacheck.com\/it\/wp-json\/wp\/v2\/tags?post=3618"}],"curies":[{"name":"wp","href":"https:\/\/api.w.org\/{rel}","templated":true}]}}