{"id":2776,"date":"2023-12-21T14:14:10","date_gmt":"2023-12-21T14:14:10","guid":{"rendered":"https:\/\/thedermacheck.com\/skontaktuj-sie-z-nami\/"},"modified":"2024-09-04T14:42:19","modified_gmt":"2024-09-04T14:42:19","slug":"skontaktuj-sie-z-nami","status":"publish","type":"page","link":"https:\/\/thedermacheck.com\/pl\/skontaktuj-sie-z-nami\/","title":{"rendered":"Skontaktuj si\u0119 z nami"},"content":{"rendered":"<div class=\"gb-container gb-container-4742cc5d alignfull\">\n<div class=\"gb-container gb-container-96eaf3e2\">\n<h1 class=\"gb-headline gb-headline-829851c6 gb-headline-text\">Skontaktuj si\u0119 z nami<\/h1>\n\n\n          \n\n          <p class=\"gb-headline gb-headline-443652d4 gb-headline-text\">W &#8222;The Derma Check&#8221; zawsze staramy si\u0119 utrzymywa\u0107 otwarty i konstruktywny dialog z nasz\u0105 spo\u0142eczno\u015bci\u0105. Twoje przemy\u015blenia, sugestie i pytania s\u0105 dla nas bezcenne, poniewa\u017c pozwalaj\u0105 nam stale ulepsza\u0107 i rozszerza\u0107 nasze us\u0142ugi.  <\/p>\n          \n\n        \n\n<\/div>\n<\/div><div class=\"gb-container gb-container-6c7c8f9f\">\n<figure class=\"gb-block-image gb-block-image-9b290b03\"><img decoding=\"async\" width=\"1600\" height=\"1000\" src=\"https:\/\/thedermacheck.com\/wp-content\/uploads\/2024\/01\/Kontakt.jpg\" class=\"gb-image-9b290b03\" alt=\"\" srcset=\"https:\/\/thedermacheck.com\/wp-content\/uploads\/2024\/01\/Kontakt.jpg 1600w, https:\/\/thedermacheck.com\/wp-content\/uploads\/2024\/01\/Kontakt-300x188.jpg 300w, https:\/\/thedermacheck.com\/wp-content\/uploads\/2024\/01\/Kontakt-1024x640.jpg 1024w, https:\/\/thedermacheck.com\/wp-content\/uploads\/2024\/01\/Kontakt-768x480.jpg 768w, https:\/\/thedermacheck.com\/wp-content\/uploads\/2024\/01\/Kontakt-1536x960.jpg 1536w\" sizes=\"(max-width: 1600px) 100vw, 1600px\" \/><\/figure>\n<\/div>\n<p>Aby mie\u0107 pewno\u015b\u0107, \u017ce Twoje obawy zostan\u0105 w\u0142a\u015bciwie rozwi\u0105zane, utworzyli\u015bmy specjalne kana\u0142y komunikacji, kt\u00f3re s\u0105 dostosowane do Twoich r\u00f3\u017cnych potrzeb.<\/p>\n\n<ol class=\"wp-block-list\">\n<li><strong>Opinie i sugestie:<\/strong> Twoja opinia jest dla nas na wag\u0119 z\u0142ota. Niezale\u017cnie od tego, czy chodzi o nasze tre\u015bci, metody testowania czy og\u00f3lne pytania &#8211; jeste\u015bmy tutaj, aby s\u0142ucha\u0107. Prosimy o kontakt pod adresem <code>feedback@thedermacheck.com<\/code>. Twoja opinia jest paliwem, kt\u00f3re nas nap\u0119dza i pomaga nam stale ulepsza\u0107 nasz\u0105 platform\u0119.<\/li>\n\n\n\n<li><strong>Wsp\u00f3\u0142praca i partnerstwo:<\/strong> Czy jeste\u015b zainteresowany wsp\u00f3\u0142prac\u0105 lub chcia\u0142by\u015b dostarczy\u0107 produkt do naszego laboratorium testowego? Nasz dzia\u0142 wsp\u00f3\u0142pracy czeka na wiadomo\u015b\u0107 od Ciebie. Skontaktuj si\u0119 z nami pod adresem <code>cooperation@thedermacheck.com<\/code> w sprawie potencjalnych partnerstw, wsp\u00f3\u0142pracy i innych zapyta\u0144 biznesowych.<\/li>\n\n\n\n<li><strong>Kariera i mo\u017cliwo\u015bci pracy:<\/strong> &#8222;The Derma Check&#8221; stale si\u0119 rozwija i zawsze szukamy utalentowanych, pe\u0142nych pasji ludzi, kt\u00f3rzy do\u0142\u0105cz\u0105 do naszego zespo\u0142u. Je\u015bli chcesz sta\u0107 si\u0119 cz\u0119\u015bci\u0105 naszej misji, wy\u015blij nam swoj\u0105 aplikacj\u0119 i CV na adres <code>jobs@thedermacheck.com<\/code>. Z niecierpliwo\u015bci\u0105 czekamy, aby dowiedzie\u0107 si\u0119 wi\u0119cej o Tobie i Twoich umiej\u0119tno\u015bciach.<\/li>\n\n\n\n<li><strong>Pytania og\u00f3lne:<\/strong> Nasz zesp\u00f3\u0142 jest zawsze dost\u0119pny w przypadku jakichkolwiek innych pr\u00f3\u015bb, informacji lub pyta\u0144. Wy\u015blij nam wiadomo\u015b\u0107 e-mail na adres <code>info@thedermacheck.com<\/code>, a my skontaktujemy si\u0119 z Tob\u0105 tak szybko, jak to mo\u017cliwe.<\/li>\n<\/ol>\n\n<p>Tw\u00f3j g\u0142os jest dla nas wa\u017cny i jeste\u015bmy wdzi\u0119czni za wszelk\u0105 komunikacj\u0119, kt\u00f3ra pomaga nam uczyni\u0107 \u015bwiat piel\u0119gnacji sk\u00f3ry bardziej przejrzystym i dost\u0119pnym. W The Derma Check jeste\u015bmy czym\u015b wi\u0119cej ni\u017c tylko zespo\u0142em &#8211; jeste\u015bmy spo\u0142eczno\u015bci\u0105 pracuj\u0105c\u0105 razem, aby odkry\u0107 sekrety piel\u0119gnacji sk\u00f3ry. Czekamy na wiadomo\u015b\u0107 od Ciebie!<\/p>\n","protected":false},"excerpt":{"rendered":"<p>Skontaktuj si\u0119 z nami W &#8222;The Derma Check&#8221; zawsze staramy si\u0119 utrzymywa\u0107 otwarty i konstruktywny dialog z nasz\u0105 spo\u0142eczno\u015bci\u0105. Twoje przemy\u015blenia, sugestie i pytania s\u0105 dla nas bezcenne, poniewa\u017c pozwalaj\u0105 nam stale ulepsza\u0107 i rozszerza\u0107 nasze us\u0142ugi. Aby mie\u0107 pewno\u015b\u0107, \u017ce Twoje obawy zostan\u0105 w\u0142a\u015bciwie rozwi\u0105zane, utworzyli\u015bmy specjalne kana\u0142y komunikacji, kt\u00f3re s\u0105 dostosowane do Twoich &#8230; <a title=\"Skontaktuj si\u0119 z nami\" class=\"read-more\" href=\"https:\/\/thedermacheck.com\/pl\/skontaktuj-sie-z-nami\/\" aria-label=\"Dowiedz si\u0119 wi\u0119cej o Skontaktuj si\u0119 z nami\">Mehr erfahren<\/a><\/p>\n","protected":false},"author":1,"featured_media":2592,"parent":0,"menu_order":0,"comment_status":"closed","ping_status":"closed","template":"","meta":{"_acf_changed":false,"_lmt_disableupdate":"","_lmt_disable":"","footnotes":""},"categories":[],"tags":[],"class_list":["post-2776","page","type-page","status-publish","has-post-thumbnail"],"acf":[],"yoast_head":"<!-- This site is optimized with the Yoast SEO Premium plugin v25.7.1 (Yoast SEO v25.7) - https:\/\/yoast.com\/wordpress\/plugins\/seo\/ -->\n<title>Skontaktuj si\u0119 z nami | The Derma Check<\/title>\n<meta name=\"robots\" content=\"index, follow, max-snippet:-1, max-image-preview:large, max-video-preview:-1\" \/>\n<link rel=\"canonical\" href=\"https:\/\/thedermacheck.com\/pl\/skontaktuj-sie-z-nami\/\" \/>\n<meta property=\"og:locale\" content=\"pl_PL\" \/>\n<meta property=\"og:type\" content=\"article\" \/>\n<meta property=\"og:title\" content=\"Skontaktuj si\u0119 z nami\" \/>\n<meta property=\"og:description\" content=\"Skontaktuj si\u0119 z nami W &#8222;The Derma Check&#8221; zawsze staramy si\u0119 utrzymywa\u0107 otwarty i konstruktywny dialog z nasz\u0105 spo\u0142eczno\u015bci\u0105. Twoje przemy\u015blenia, sugestie i pytania s\u0105 dla nas bezcenne, poniewa\u017c pozwalaj\u0105 nam stale ulepsza\u0107 i rozszerza\u0107 nasze us\u0142ugi. Aby mie\u0107 pewno\u015b\u0107, \u017ce Twoje obawy zostan\u0105 w\u0142a\u015bciwie rozwi\u0105zane, utworzyli\u015bmy specjalne kana\u0142y komunikacji, kt\u00f3re s\u0105 dostosowane do Twoich ... Mehr erfahren\" \/>\n<meta property=\"og:url\" content=\"https:\/\/thedermacheck.com\/pl\/skontaktuj-sie-z-nami\/\" \/>\n<meta property=\"og:site_name\" content=\"The Derma Check\" \/>\n<meta property=\"article:modified_time\" content=\"2024-09-04T14:42:19+00:00\" \/>\n<meta property=\"og:image\" content=\"https:\/\/thedermacheck.com\/wp-content\/uploads\/2024\/01\/Kontakt.jpg\" \/>\n\t<meta property=\"og:image:width\" content=\"1600\" \/>\n\t<meta property=\"og:image:height\" content=\"1000\" \/>\n\t<meta property=\"og:image:type\" content=\"image\/jpeg\" \/>\n<meta name=\"twitter:card\" content=\"summary_large_image\" \/>\n<meta name=\"twitter:label1\" content=\"Szacowany czas czytania\" \/>\n\t<meta name=\"twitter:data1\" content=\"2 minuty\" \/>\n<script type=\"application\/ld+json\" class=\"yoast-schema-graph\">{\"@context\":\"https:\/\/schema.org\",\"@graph\":[{\"@type\":\"WebPage\",\"@id\":\"https:\/\/thedermacheck.com\/pl\/skontaktuj-sie-z-nami\/\",\"url\":\"https:\/\/thedermacheck.com\/pl\/skontaktuj-sie-z-nami\/\",\"name\":\"Skontaktuj si\u0119 z nami | The Derma Check\",\"isPartOf\":{\"@id\":\"https:\/\/thedermacheck.com\/pl\/#website\"},\"primaryImageOfPage\":{\"@id\":\"https:\/\/thedermacheck.com\/pl\/skontaktuj-sie-z-nami\/#primaryimage\"},\"image\":{\"@id\":\"https:\/\/thedermacheck.com\/pl\/skontaktuj-sie-z-nami\/#primaryimage\"},\"thumbnailUrl\":\"https:\/\/thedermacheck.com\/wp-content\/uploads\/2024\/01\/Kontakt.jpg\",\"datePublished\":\"2023-12-21T14:14:10+00:00\",\"dateModified\":\"2024-09-04T14:42:19+00:00\",\"breadcrumb\":{\"@id\":\"https:\/\/thedermacheck.com\/pl\/skontaktuj-sie-z-nami\/#breadcrumb\"},\"inLanguage\":\"pl-PL\",\"potentialAction\":[{\"@type\":\"ReadAction\",\"target\":[\"https:\/\/thedermacheck.com\/pl\/skontaktuj-sie-z-nami\/\"]}]},{\"@type\":\"ImageObject\",\"inLanguage\":\"pl-PL\",\"@id\":\"https:\/\/thedermacheck.com\/pl\/skontaktuj-sie-z-nami\/#primaryimage\",\"url\":\"https:\/\/thedermacheck.com\/wp-content\/uploads\/2024\/01\/Kontakt.jpg\",\"contentUrl\":\"https:\/\/thedermacheck.com\/wp-content\/uploads\/2024\/01\/Kontakt.jpg\",\"width\":1600,\"height\":1000,\"caption\":\"Kontakt\"},{\"@type\":\"BreadcrumbList\",\"@id\":\"https:\/\/thedermacheck.com\/pl\/skontaktuj-sie-z-nami\/#breadcrumb\",\"itemListElement\":[{\"@type\":\"ListItem\",\"position\":1,\"name\":\"Derma Check\",\"item\":\"https:\/\/thedermacheck.com\/pl\/\"},{\"@type\":\"ListItem\",\"position\":2,\"name\":\"Skontaktuj si\u0119 z nami\"}]},{\"@type\":\"WebSite\",\"@id\":\"https:\/\/thedermacheck.com\/pl\/#website\",\"url\":\"https:\/\/thedermacheck.com\/pl\/\",\"name\":\"The Derma Check\",\"description\":\"\",\"publisher\":{\"@id\":\"https:\/\/thedermacheck.com\/pl\/#organization\"},\"potentialAction\":[{\"@type\":\"SearchAction\",\"target\":{\"@type\":\"EntryPoint\",\"urlTemplate\":\"https:\/\/thedermacheck.com\/pl\/?s={search_term_string}\"},\"query-input\":{\"@type\":\"PropertyValueSpecification\",\"valueRequired\":true,\"valueName\":\"search_term_string\"}}],\"inLanguage\":\"pl-PL\"},{\"@type\":\"Organization\",\"@id\":\"https:\/\/thedermacheck.com\/pl\/#organization\",\"name\":\"The Derma Check\",\"url\":\"https:\/\/thedermacheck.com\/pl\/\",\"logo\":{\"@type\":\"ImageObject\",\"inLanguage\":\"pl-PL\",\"@id\":\"https:\/\/thedermacheck.com\/pl\/#\/schema\/logo\/image\/\",\"url\":\"https:\/\/thedermacheck.com\/wp-content\/uploads\/2023\/10\/cropped-THE-DERMA-CHECK-FAVICON-NEW-1.png\",\"contentUrl\":\"https:\/\/thedermacheck.com\/wp-content\/uploads\/2023\/10\/cropped-THE-DERMA-CHECK-FAVICON-NEW-1.png\",\"width\":512,\"height\":512,\"caption\":\"The Derma Check\"},\"image\":{\"@id\":\"https:\/\/thedermacheck.com\/pl\/#\/schema\/logo\/image\/\"}}]}<\/script>\n<!-- \/ Yoast SEO Premium plugin. -->","yoast_head_json":{"title":"Skontaktuj si\u0119 z nami | The Derma Check","robots":{"index":"index","follow":"follow","max-snippet":"max-snippet:-1","max-image-preview":"max-image-preview:large","max-video-preview":"max-video-preview:-1"},"canonical":"https:\/\/thedermacheck.com\/pl\/skontaktuj-sie-z-nami\/","og_locale":"pl_PL","og_type":"article","og_title":"Skontaktuj si\u0119 z nami","og_description":"Skontaktuj si\u0119 z nami W &#8222;The Derma Check&#8221; zawsze staramy si\u0119 utrzymywa\u0107 otwarty i konstruktywny dialog z nasz\u0105 spo\u0142eczno\u015bci\u0105. Twoje przemy\u015blenia, sugestie i pytania s\u0105 dla nas bezcenne, poniewa\u017c pozwalaj\u0105 nam stale ulepsza\u0107 i rozszerza\u0107 nasze us\u0142ugi. Aby mie\u0107 pewno\u015b\u0107, \u017ce Twoje obawy zostan\u0105 w\u0142a\u015bciwie rozwi\u0105zane, utworzyli\u015bmy specjalne kana\u0142y komunikacji, kt\u00f3re s\u0105 dostosowane do Twoich ... Mehr erfahren","og_url":"https:\/\/thedermacheck.com\/pl\/skontaktuj-sie-z-nami\/","og_site_name":"The Derma Check","article_modified_time":"2024-09-04T14:42:19+00:00","og_image":[{"width":1600,"height":1000,"url":"https:\/\/thedermacheck.com\/wp-content\/uploads\/2024\/01\/Kontakt.jpg","type":"image\/jpeg"}],"twitter_card":"summary_large_image","twitter_misc":{"Szacowany czas czytania":"2 minuty"},"schema":{"@context":"https:\/\/schema.org","@graph":[{"@type":"WebPage","@id":"https:\/\/thedermacheck.com\/pl\/skontaktuj-sie-z-nami\/","url":"https:\/\/thedermacheck.com\/pl\/skontaktuj-sie-z-nami\/","name":"Skontaktuj si\u0119 z nami | The Derma Check","isPartOf":{"@id":"https:\/\/thedermacheck.com\/pl\/#website"},"primaryImageOfPage":{"@id":"https:\/\/thedermacheck.com\/pl\/skontaktuj-sie-z-nami\/#primaryimage"},"image":{"@id":"https:\/\/thedermacheck.com\/pl\/skontaktuj-sie-z-nami\/#primaryimage"},"thumbnailUrl":"https:\/\/thedermacheck.com\/wp-content\/uploads\/2024\/01\/Kontakt.jpg","datePublished":"2023-12-21T14:14:10+00:00","dateModified":"2024-09-04T14:42:19+00:00","breadcrumb":{"@id":"https:\/\/thedermacheck.com\/pl\/skontaktuj-sie-z-nami\/#breadcrumb"},"inLanguage":"pl-PL","potentialAction":[{"@type":"ReadAction","target":["https:\/\/thedermacheck.com\/pl\/skontaktuj-sie-z-nami\/"]}]},{"@type":"ImageObject","inLanguage":"pl-PL","@id":"https:\/\/thedermacheck.com\/pl\/skontaktuj-sie-z-nami\/#primaryimage","url":"https:\/\/thedermacheck.com\/wp-content\/uploads\/2024\/01\/Kontakt.jpg","contentUrl":"https:\/\/thedermacheck.com\/wp-content\/uploads\/2024\/01\/Kontakt.jpg","width":1600,"height":1000,"caption":"Kontakt"},{"@type":"BreadcrumbList","@id":"https:\/\/thedermacheck.com\/pl\/skontaktuj-sie-z-nami\/#breadcrumb","itemListElement":[{"@type":"ListItem","position":1,"name":"Derma Check","item":"https:\/\/thedermacheck.com\/pl\/"},{"@type":"ListItem","position":2,"name":"Skontaktuj si\u0119 z nami"}]},{"@type":"WebSite","@id":"https:\/\/thedermacheck.com\/pl\/#website","url":"https:\/\/thedermacheck.com\/pl\/","name":"The Derma Check","description":"","publisher":{"@id":"https:\/\/thedermacheck.com\/pl\/#organization"},"potentialAction":[{"@type":"SearchAction","target":{"@type":"EntryPoint","urlTemplate":"https:\/\/thedermacheck.com\/pl\/?s={search_term_string}"},"query-input":{"@type":"PropertyValueSpecification","valueRequired":true,"valueName":"search_term_string"}}],"inLanguage":"pl-PL"},{"@type":"Organization","@id":"https:\/\/thedermacheck.com\/pl\/#organization","name":"The Derma Check","url":"https:\/\/thedermacheck.com\/pl\/","logo":{"@type":"ImageObject","inLanguage":"pl-PL","@id":"https:\/\/thedermacheck.com\/pl\/#\/schema\/logo\/image\/","url":"https:\/\/thedermacheck.com\/wp-content\/uploads\/2023\/10\/cropped-THE-DERMA-CHECK-FAVICON-NEW-1.png","contentUrl":"https:\/\/thedermacheck.com\/wp-content\/uploads\/2023\/10\/cropped-THE-DERMA-CHECK-FAVICON-NEW-1.png","width":512,"height":512,"caption":"The Derma Check"},"image":{"@id":"https:\/\/thedermacheck.com\/pl\/#\/schema\/logo\/image\/"}}]}},"_links":{"self":[{"href":"https:\/\/thedermacheck.com\/pl\/wp-json\/wp\/v2\/pages\/2776","targetHints":{"allow":["GET"]}}],"collection":[{"href":"https:\/\/thedermacheck.com\/pl\/wp-json\/wp\/v2\/pages"}],"about":[{"href":"https:\/\/thedermacheck.com\/pl\/wp-json\/wp\/v2\/types\/page"}],"author":[{"embeddable":true,"href":"https:\/\/thedermacheck.com\/pl\/wp-json\/wp\/v2\/users\/1"}],"replies":[{"embeddable":true,"href":"https:\/\/thedermacheck.com\/pl\/wp-json\/wp\/v2\/comments?post=2776"}],"version-history":[{"count":1,"href":"https:\/\/thedermacheck.com\/pl\/wp-json\/wp\/v2\/pages\/2776\/revisions"}],"predecessor-version":[{"id":2777,"href":"https:\/\/thedermacheck.com\/pl\/wp-json\/wp\/v2\/pages\/2776\/revisions\/2777"}],"wp:featuredmedia":[{"embeddable":true,"href":"https:\/\/thedermacheck.com\/pl\/wp-json\/wp\/v2\/media\/2592"}],"wp:attachment":[{"href":"https:\/\/thedermacheck.com\/pl\/wp-json\/wp\/v2\/media?parent=2776"}],"wp:term":[{"taxonomy":"category","embeddable":true,"href":"https:\/\/thedermacheck.com\/pl\/wp-json\/wp\/v2\/categories?post=2776"},{"taxonomy":"post_tag","embeddable":true,"href":"https:\/\/thedermacheck.com\/pl\/wp-json\/wp\/v2\/tags?post=2776"}],"curies":[{"name":"wp","href":"https:\/\/api.w.org\/{rel}","templated":true}]}}