{"id":2814,"date":"2023-12-22T13:18:05","date_gmt":"2023-12-22T13:18:05","guid":{"rendered":"https:\/\/thedermacheck.com\/witamy-na-stronie-derma-check\/"},"modified":"2024-06-05T11:26:09","modified_gmt":"2024-06-05T11:26:09","slug":"witamy-na-stronie-derma-check","status":"publish","type":"page","link":"https:\/\/thedermacheck.com\/pl\/","title":{"rendered":"Witamy na stronie Derma Check."},"content":{"rendered":"<div class=\"gb-container gb-container-5834e5f9 alignfull\">\n<div class=\"gb-grid-wrapper gb-grid-wrapper-a015bd31\">\n<div class=\"gb-grid-column gb-grid-column-364a4649\"><div class=\"gb-container gb-container-364a4649\">\n\n<h2 class=\"gb-headline gb-headline-71ef25e2 gb-headline-text\">Przejrzysta analiza, rzetelne rekomendacje<\/h2>\n\n\n\n<h4 class=\"gb-headline gb-headline-dc58ebf9 gb-headline-text\">&#8211; THE DERMA CHECK.<\/h4>\n\n<\/div><\/div>\n\n<div class=\"gb-grid-column gb-grid-column-827667ad\"><div class=\"gb-container gb-container-827667ad\">\n\n<figure class=\"gb-block-image gb-block-image-36d8e832\"><img decoding=\"async\" width=\"1600\" height=\"1149\" class=\"gb-image gb-image-36d8e832\" src=\"https:\/\/thedermacheck.com\/wp-content\/uploads\/2023\/12\/AdobeStock_620713773.jpeg\" alt=\"M\u0142oda modelka prezentuj\u0105ca now\u0105 szmink\u0119 na szarym tle\" title=\"M\u0142oda modelka prezentuj\u0105ca now\u0105 szmink\u0119 na szarym tle\" srcset=\"https:\/\/thedermacheck.com\/wp-content\/uploads\/2023\/12\/AdobeStock_620713773.jpeg 1600w, https:\/\/thedermacheck.com\/wp-content\/uploads\/2023\/12\/AdobeStock_620713773-300x215.jpeg 300w, https:\/\/thedermacheck.com\/wp-content\/uploads\/2023\/12\/AdobeStock_620713773-1024x736.jpeg 1024w, https:\/\/thedermacheck.com\/wp-content\/uploads\/2023\/12\/AdobeStock_620713773-768x552.jpeg 768w, https:\/\/thedermacheck.com\/wp-content\/uploads\/2023\/12\/AdobeStock_620713773-1536x1103.jpeg 1536w\" sizes=\"(max-width: 1600px) 100vw, 1600px\" \/><\/figure>\n\n<\/div><\/div>\n<\/div>\n<\/div>\n\n<div class=\"gb-container gb-container-44fbecae alignfull\">\n<div class=\"gb-container gb-container-f2fac5c3\">\n\n<h2 class=\"gb-headline gb-headline-c53f99ee gb-headline-text\">Sk\u0142adniki od A do Z<\/h2>\n\n<\/div>\n\n\n<div class=\"gb-grid-wrapper gb-grid-wrapper-159d4e7e gb-query-loop-wrapper\">\n<div class=\"gb-grid-column gb-grid-column-7531aa6f gb-query-loop-item post-2798 page type-page status-publish category-skladniki\"><div class=\"gb-container gb-container-7531aa6f\"><a class=\"gb-container-link\" href=\"https:\/\/thedermacheck.com\/pl\/cynk-w-produktach-do-pielegnacji-skory-mineral-o-wszechstronnych-korzysciach-dla-skory\/\"><\/a>\n<p class=\"gb-headline gb-headline-d4971ffc gb-headline-text\"><a href=\"https:\/\/thedermacheck.com\/pl\/cynk-w-produktach-do-pielegnacji-skory-mineral-o-wszechstronnych-korzysciach-dla-skory\/\">Cynk w produktach do piel\u0119gnacji sk\u00f3ry: Minera\u0142 o wszechstronnych korzy\u015bciach dla sk\u00f3ry<\/a><\/p>\n<\/div><\/div>\n\n<div class=\"gb-grid-column gb-grid-column-7531aa6f gb-query-loop-item post-2982 page type-page status-publish category-skladniki\"><div class=\"gb-container gb-container-7531aa6f\"><a class=\"gb-container-link\" href=\"https:\/\/thedermacheck.com\/pl\/guma-ksantanowa-w-produktach-do-pielegnacji-skory-niewidzialny-pomocnik-dla-idealnych-tekstur\/\"><\/a>\n<p class=\"gb-headline gb-headline-d4971ffc gb-headline-text\"><a href=\"https:\/\/thedermacheck.com\/pl\/guma-ksantanowa-w-produktach-do-pielegnacji-skory-niewidzialny-pomocnik-dla-idealnych-tekstur\/\">Guma ksantanowa w produktach do piel\u0119gnacji sk\u00f3ry: Niewidzialny pomocnik dla idealnych tekstur<\/a><\/p>\n<\/div><\/div>\n\n<div class=\"gb-grid-column gb-grid-column-7531aa6f gb-query-loop-item post-2990 page type-page status-publish category-skladniki\"><div class=\"gb-container gb-container-7531aa6f\"><a class=\"gb-container-link\" href=\"https:\/\/thedermacheck.com\/pl\/witamina-e-w-produktach-do-pielegnacji-skory-potezna-tarcza-ochronna-dla-skory\/\"><\/a>\n<p class=\"gb-headline gb-headline-d4971ffc gb-headline-text\"><a href=\"https:\/\/thedermacheck.com\/pl\/witamina-e-w-produktach-do-pielegnacji-skory-potezna-tarcza-ochronna-dla-skory\/\">Witamina E w produktach do piel\u0119gnacji sk\u00f3ry: Pot\u0119\u017cna tarcza ochronna dla sk\u00f3ry<\/a><\/p>\n<\/div><\/div>\n\n<div class=\"gb-grid-column gb-grid-column-7531aa6f gb-query-loop-item post-2922 page type-page status-publish category-skladniki\"><div class=\"gb-container gb-container-7531aa6f\"><a class=\"gb-container-link\" href=\"https:\/\/thedermacheck.com\/pl\/witamina-d-w-produktach-do-pielegnacji-skory-promien-slonca-dla-twojej-skory\/\"><\/a>\n<p class=\"gb-headline gb-headline-d4971ffc gb-headline-text\"><a href=\"https:\/\/thedermacheck.com\/pl\/witamina-d-w-produktach-do-pielegnacji-skory-promien-slonca-dla-twojej-skory\/\">Witamina D w produktach do piel\u0119gnacji sk\u00f3ry: Promie\u0144 s\u0142o\u0144ca dla Twojej sk\u00f3ry<\/a><\/p>\n<\/div><\/div>\n\n<div class=\"gb-grid-column gb-grid-column-7531aa6f gb-query-loop-item post-2914 page type-page status-publish category-skladniki\"><div class=\"gb-container gb-container-7531aa6f\"><a class=\"gb-container-link\" href=\"https:\/\/thedermacheck.com\/pl\/witamina-k-w-produktach-do-pielegnacji-skory-niewidzialny-bohater-dla-zdrowej-skory\/\"><\/a>\n<p class=\"gb-headline gb-headline-d4971ffc gb-headline-text\"><a href=\"https:\/\/thedermacheck.com\/pl\/witamina-k-w-produktach-do-pielegnacji-skory-niewidzialny-bohater-dla-zdrowej-skory\/\">Witamina K w produktach do piel\u0119gnacji sk\u00f3ry: Niewidzialny bohater dla zdrowej sk\u00f3ry<\/a><\/p>\n<\/div><\/div>\n\n<div class=\"gb-grid-column gb-grid-column-7531aa6f gb-query-loop-item post-2836 page type-page status-publish category-skladniki\"><div class=\"gb-container gb-container-7531aa6f\"><a class=\"gb-container-link\" href=\"https:\/\/thedermacheck.com\/pl\/witamina-a-w-produktach-do-pielegnacji-skory-klucz-do-mlodzienczej-skory\/\"><\/a>\n<p class=\"gb-headline gb-headline-d4971ffc gb-headline-text\"><a href=\"https:\/\/thedermacheck.com\/pl\/witamina-a-w-produktach-do-pielegnacji-skory-klucz-do-mlodzienczej-skory\/\">Witamina A w produktach do piel\u0119gnacji sk\u00f3ry: Klucz do m\u0142odzie\u0144czej sk\u00f3ry<\/a><\/p>\n<\/div><\/div>\n<\/div>\n\n<\/div>\n\n<div class=\"gb-container gb-container-2661f47c alignfull\">\n<div class=\"gb-container gb-container-40a5fdad\">\n\n<h2 class=\"gb-headline gb-headline-bb427d49 gb-headline-text\">Aktualne raporty z test\u00f3w<\/h2>\n\n<\/div>\n\n\n<div class=\"gb-grid-wrapper gb-grid-wrapper-8dda9ca0 gb-query-loop-wrapper\">\n<div class=\"gb-grid-column gb-grid-column-2eea34cf gb-query-loop-item post-9904 page type-page status-publish has-post-thumbnail category-raporty-z-testow\"><div class=\"gb-container gb-container-2eea34cf\"><a class=\"gb-container-link\" href=\"https:\/\/thedermacheck.com\/pl\/smilebite-light-bright-domowe-wybielanie-opinia-doswiadczenia\/\"><\/a>\n<figure class=\"gb-block-image gb-block-image-b9a3bb6b\"><img decoding=\"async\" width=\"1500\" height=\"1200\" src=\"https:\/\/thedermacheck.com\/wp-content\/uploads\/2025\/10\/Sophie-Laurent-Przed-Po-Smilebite-Whitening-Kit-Cenzura.jpg\" class=\"gb-image-b9a3bb6b\" alt=\"Sophie Laurent Przed Po Smilebite Whitening Kit Cenzura\" srcset=\"https:\/\/thedermacheck.com\/wp-content\/uploads\/2025\/10\/Sophie-Laurent-Przed-Po-Smilebite-Whitening-Kit-Cenzura.jpg 1500w, https:\/\/thedermacheck.com\/wp-content\/uploads\/2025\/10\/Sophie-Laurent-Przed-Po-Smilebite-Whitening-Kit-Cenzura-300x240.jpg 300w, https:\/\/thedermacheck.com\/wp-content\/uploads\/2025\/10\/Sophie-Laurent-Przed-Po-Smilebite-Whitening-Kit-Cenzura-1024x819.jpg 1024w, https:\/\/thedermacheck.com\/wp-content\/uploads\/2025\/10\/Sophie-Laurent-Przed-Po-Smilebite-Whitening-Kit-Cenzura-768x614.jpg 768w\" sizes=\"(max-width: 1500px) 100vw, 1500px\" \/><\/figure>\n\n<p class=\"gb-headline gb-headline-9f493216 gb-headline-text\"><a href=\"https:\/\/thedermacheck.com\/pl\/smilebite-light-bright-domowe-wybielanie-opinia-doswiadczenia\/\">Dwa tygodnie do bielszego u\u015bmiechu? Moja szczera recenzja Smilebite<\/a><\/p>\n<\/div><\/div>\n\n<div class=\"gb-grid-column gb-grid-column-2eea34cf gb-query-loop-item post-9506 page type-page status-publish has-post-thumbnail category-raporty-z-testow\"><div class=\"gb-container gb-container-2eea34cf\"><a class=\"gb-container-link\" href=\"https:\/\/thedermacheck.com\/pl\/najlepszych-i-najbezpieczniejszych-serum-do-rzes-fb\/\"><\/a>\n<figure class=\"gb-block-image gb-block-image-b9a3bb6b\"><img decoding=\"async\" width=\"1000\" height=\"648\" src=\"https:\/\/thedermacheck.com\/wp-content\/uploads\/2024\/06\/Eyelash-Growth-Serums-Tested-The-Derma-Check.jpg\" class=\"gb-image-b9a3bb6b\" alt=\"Eyelash Growth Serums Tested - The Derma Check\" srcset=\"https:\/\/thedermacheck.com\/wp-content\/uploads\/2024\/06\/Eyelash-Growth-Serums-Tested-The-Derma-Check.jpg 1000w, https:\/\/thedermacheck.com\/wp-content\/uploads\/2024\/06\/Eyelash-Growth-Serums-Tested-The-Derma-Check-300x194.jpg 300w, https:\/\/thedermacheck.com\/wp-content\/uploads\/2024\/06\/Eyelash-Growth-Serums-Tested-The-Derma-Check-768x498.jpg 768w\" sizes=\"(max-width: 1000px) 100vw, 1000px\" \/><\/figure>\n\n<p class=\"gb-headline gb-headline-9f493216 gb-headline-text\"><a href=\"https:\/\/thedermacheck.com\/pl\/najlepszych-i-najbezpieczniejszych-serum-do-rzes-fb\/\">3x \u201ez\u0142e\u201d w te\u015bcie: Oto 5 najlepszych i najbezpieczniejszych serum do rz\u0119s w roku 2025<\/a><\/p>\n<\/div><\/div>\n\n<div class=\"gb-grid-column gb-grid-column-2eea34cf gb-query-loop-item post-4064 page type-page status-publish has-post-thumbnail category-raporty-z-testow\"><div class=\"gb-container gb-container-2eea34cf\"><a class=\"gb-container-link\" href=\"https:\/\/thedermacheck.com\/pl\/najlepszych-i-najbezpieczniejszych-serum-do-rzes\/\"><\/a>\n<figure class=\"gb-block-image gb-block-image-b9a3bb6b\"><img decoding=\"async\" width=\"1000\" height=\"648\" src=\"https:\/\/thedermacheck.com\/wp-content\/uploads\/2024\/06\/Eyelash-Growth-Serums-Tested-The-Derma-Check.jpg\" class=\"gb-image-b9a3bb6b\" alt=\"Eyelash Growth Serums Tested - The Derma Check\" srcset=\"https:\/\/thedermacheck.com\/wp-content\/uploads\/2024\/06\/Eyelash-Growth-Serums-Tested-The-Derma-Check.jpg 1000w, https:\/\/thedermacheck.com\/wp-content\/uploads\/2024\/06\/Eyelash-Growth-Serums-Tested-The-Derma-Check-300x194.jpg 300w, https:\/\/thedermacheck.com\/wp-content\/uploads\/2024\/06\/Eyelash-Growth-Serums-Tested-The-Derma-Check-768x498.jpg 768w\" sizes=\"(max-width: 1000px) 100vw, 1000px\" \/><\/figure>\n\n<p class=\"gb-headline gb-headline-9f493216 gb-headline-text\"><a href=\"https:\/\/thedermacheck.com\/pl\/najlepszych-i-najbezpieczniejszych-serum-do-rzes\/\">3x \u201ez\u0142e\u201d w te\u015bcie: Oto 5 najlepszych i najbezpieczniejszych serum do rz\u0119s w roku 2025<\/a><\/p>\n<\/div><\/div>\n<\/div>\n\n<\/div>","protected":false},"excerpt":{"rendered":"<p>Sk\u0142adniki od A do Z Aktualne raporty z test\u00f3w<\/p>\n","protected":false},"author":1,"featured_media":0,"parent":0,"menu_order":0,"comment_status":"closed","ping_status":"closed","template":"","meta":{"_acf_changed":false,"_lmt_disableupdate":"","_lmt_disable":"","footnotes":""},"categories":[],"tags":[],"class_list":["post-2814","page","type-page","status-publish"],"acf":[],"yoast_head":"<!-- This site is optimized with the Yoast SEO Premium plugin v25.7.1 (Yoast SEO v25.7) - https:\/\/yoast.com\/wordpress\/plugins\/seo\/ -->\n<title>Witamy na stronie Derma Check. | The Derma Check<\/title>\n<meta name=\"robots\" content=\"index, follow, max-snippet:-1, max-image-preview:large, max-video-preview:-1\" \/>\n<link rel=\"canonical\" href=\"https:\/\/thedermacheck.com\/pl\/\" \/>\n<meta property=\"og:locale\" content=\"pl_PL\" \/>\n<meta property=\"og:type\" content=\"article\" \/>\n<meta property=\"og:title\" content=\"Witamy na stronie Derma Check.\" \/>\n<meta property=\"og:description\" content=\"Sk\u0142adniki od A do Z Aktualne raporty z test\u00f3w\" \/>\n<meta property=\"og:url\" content=\"https:\/\/thedermacheck.com\/pl\/\" \/>\n<meta property=\"og:site_name\" content=\"The Derma Check\" \/>\n<meta property=\"article:modified_time\" content=\"2024-06-05T11:26:09+00:00\" \/>\n<meta property=\"og:image\" content=\"https:\/\/thedermacheck.com\/wp-content\/uploads\/2023\/12\/AdobeStock_620713773.jpeg\" \/>\n<meta name=\"twitter:card\" content=\"summary_large_image\" \/>\n<meta name=\"twitter:label1\" content=\"Szacowany czas czytania\" \/>\n\t<meta name=\"twitter:data1\" content=\"1 minuta\" \/>\n<script type=\"application\/ld+json\" class=\"yoast-schema-graph\">{\"@context\":\"https:\/\/schema.org\",\"@graph\":[{\"@type\":\"WebPage\",\"@id\":\"https:\/\/thedermacheck.com\/pl\/\",\"url\":\"https:\/\/thedermacheck.com\/pl\/\",\"name\":\"Witamy na stronie Derma Check. | The Derma Check\",\"isPartOf\":{\"@id\":\"https:\/\/thedermacheck.com\/pl\/#website\"},\"primaryImageOfPage\":{\"@id\":\"https:\/\/thedermacheck.com\/pl\/#primaryimage\"},\"image\":{\"@id\":\"https:\/\/thedermacheck.com\/pl\/#primaryimage\"},\"thumbnailUrl\":\"https:\/\/thedermacheck.com\/wp-content\/uploads\/2023\/12\/AdobeStock_620713773.jpeg\",\"datePublished\":\"2023-12-22T13:18:05+00:00\",\"dateModified\":\"2024-06-05T11:26:09+00:00\",\"breadcrumb\":{\"@id\":\"https:\/\/thedermacheck.com\/pl\/#breadcrumb\"},\"inLanguage\":\"pl-PL\",\"potentialAction\":[{\"@type\":\"ReadAction\",\"target\":[\"https:\/\/thedermacheck.com\/pl\/\"]}]},{\"@type\":\"ImageObject\",\"inLanguage\":\"pl-PL\",\"@id\":\"https:\/\/thedermacheck.com\/pl\/#primaryimage\",\"url\":\"https:\/\/thedermacheck.com\/wp-content\/uploads\/2023\/12\/AdobeStock_620713773.jpeg\",\"contentUrl\":\"https:\/\/thedermacheck.com\/wp-content\/uploads\/2023\/12\/AdobeStock_620713773.jpeg\"},{\"@type\":\"BreadcrumbList\",\"@id\":\"https:\/\/thedermacheck.com\/pl\/#breadcrumb\",\"itemListElement\":[{\"@type\":\"ListItem\",\"position\":1,\"name\":\"Derma Check\",\"item\":\"https:\/\/thedermacheck.com\/pl\/\"},{\"@type\":\"ListItem\",\"position\":2,\"name\":\"Witamy na stronie Derma Check.\"}]},{\"@type\":\"WebSite\",\"@id\":\"https:\/\/thedermacheck.com\/pl\/#website\",\"url\":\"https:\/\/thedermacheck.com\/pl\/\",\"name\":\"The Derma Check\",\"description\":\"\",\"publisher\":{\"@id\":\"https:\/\/thedermacheck.com\/pl\/#organization\"},\"potentialAction\":[{\"@type\":\"SearchAction\",\"target\":{\"@type\":\"EntryPoint\",\"urlTemplate\":\"https:\/\/thedermacheck.com\/pl\/?s={search_term_string}\"},\"query-input\":{\"@type\":\"PropertyValueSpecification\",\"valueRequired\":true,\"valueName\":\"search_term_string\"}}],\"inLanguage\":\"pl-PL\"},{\"@type\":\"Organization\",\"@id\":\"https:\/\/thedermacheck.com\/pl\/#organization\",\"name\":\"The Derma Check\",\"url\":\"https:\/\/thedermacheck.com\/pl\/\",\"logo\":{\"@type\":\"ImageObject\",\"inLanguage\":\"pl-PL\",\"@id\":\"https:\/\/thedermacheck.com\/pl\/#\/schema\/logo\/image\/\",\"url\":\"https:\/\/thedermacheck.com\/wp-content\/uploads\/2023\/10\/cropped-THE-DERMA-CHECK-FAVICON-NEW-1.png\",\"contentUrl\":\"https:\/\/thedermacheck.com\/wp-content\/uploads\/2023\/10\/cropped-THE-DERMA-CHECK-FAVICON-NEW-1.png\",\"width\":512,\"height\":512,\"caption\":\"The Derma Check\"},\"image\":{\"@id\":\"https:\/\/thedermacheck.com\/pl\/#\/schema\/logo\/image\/\"}}]}<\/script>\n<!-- \/ Yoast SEO Premium plugin. -->","yoast_head_json":{"title":"Witamy na stronie Derma Check. | The Derma Check","robots":{"index":"index","follow":"follow","max-snippet":"max-snippet:-1","max-image-preview":"max-image-preview:large","max-video-preview":"max-video-preview:-1"},"canonical":"https:\/\/thedermacheck.com\/pl\/","og_locale":"pl_PL","og_type":"article","og_title":"Witamy na stronie Derma Check.","og_description":"Sk\u0142adniki od A do Z Aktualne raporty z test\u00f3w","og_url":"https:\/\/thedermacheck.com\/pl\/","og_site_name":"The Derma Check","article_modified_time":"2024-06-05T11:26:09+00:00","og_image":[{"url":"https:\/\/thedermacheck.com\/wp-content\/uploads\/2023\/12\/AdobeStock_620713773.jpeg","type":"","width":"","height":""}],"twitter_card":"summary_large_image","twitter_misc":{"Szacowany czas czytania":"1 minuta"},"schema":{"@context":"https:\/\/schema.org","@graph":[{"@type":"WebPage","@id":"https:\/\/thedermacheck.com\/pl\/","url":"https:\/\/thedermacheck.com\/pl\/","name":"Witamy na stronie Derma Check. | The Derma Check","isPartOf":{"@id":"https:\/\/thedermacheck.com\/pl\/#website"},"primaryImageOfPage":{"@id":"https:\/\/thedermacheck.com\/pl\/#primaryimage"},"image":{"@id":"https:\/\/thedermacheck.com\/pl\/#primaryimage"},"thumbnailUrl":"https:\/\/thedermacheck.com\/wp-content\/uploads\/2023\/12\/AdobeStock_620713773.jpeg","datePublished":"2023-12-22T13:18:05+00:00","dateModified":"2024-06-05T11:26:09+00:00","breadcrumb":{"@id":"https:\/\/thedermacheck.com\/pl\/#breadcrumb"},"inLanguage":"pl-PL","potentialAction":[{"@type":"ReadAction","target":["https:\/\/thedermacheck.com\/pl\/"]}]},{"@type":"ImageObject","inLanguage":"pl-PL","@id":"https:\/\/thedermacheck.com\/pl\/#primaryimage","url":"https:\/\/thedermacheck.com\/wp-content\/uploads\/2023\/12\/AdobeStock_620713773.jpeg","contentUrl":"https:\/\/thedermacheck.com\/wp-content\/uploads\/2023\/12\/AdobeStock_620713773.jpeg"},{"@type":"BreadcrumbList","@id":"https:\/\/thedermacheck.com\/pl\/#breadcrumb","itemListElement":[{"@type":"ListItem","position":1,"name":"Derma Check","item":"https:\/\/thedermacheck.com\/pl\/"},{"@type":"ListItem","position":2,"name":"Witamy na stronie Derma Check."}]},{"@type":"WebSite","@id":"https:\/\/thedermacheck.com\/pl\/#website","url":"https:\/\/thedermacheck.com\/pl\/","name":"The Derma Check","description":"","publisher":{"@id":"https:\/\/thedermacheck.com\/pl\/#organization"},"potentialAction":[{"@type":"SearchAction","target":{"@type":"EntryPoint","urlTemplate":"https:\/\/thedermacheck.com\/pl\/?s={search_term_string}"},"query-input":{"@type":"PropertyValueSpecification","valueRequired":true,"valueName":"search_term_string"}}],"inLanguage":"pl-PL"},{"@type":"Organization","@id":"https:\/\/thedermacheck.com\/pl\/#organization","name":"The Derma Check","url":"https:\/\/thedermacheck.com\/pl\/","logo":{"@type":"ImageObject","inLanguage":"pl-PL","@id":"https:\/\/thedermacheck.com\/pl\/#\/schema\/logo\/image\/","url":"https:\/\/thedermacheck.com\/wp-content\/uploads\/2023\/10\/cropped-THE-DERMA-CHECK-FAVICON-NEW-1.png","contentUrl":"https:\/\/thedermacheck.com\/wp-content\/uploads\/2023\/10\/cropped-THE-DERMA-CHECK-FAVICON-NEW-1.png","width":512,"height":512,"caption":"The Derma Check"},"image":{"@id":"https:\/\/thedermacheck.com\/pl\/#\/schema\/logo\/image\/"}}]}},"_links":{"self":[{"href":"https:\/\/thedermacheck.com\/pl\/wp-json\/wp\/v2\/pages\/2814","targetHints":{"allow":["GET"]}}],"collection":[{"href":"https:\/\/thedermacheck.com\/pl\/wp-json\/wp\/v2\/pages"}],"about":[{"href":"https:\/\/thedermacheck.com\/pl\/wp-json\/wp\/v2\/types\/page"}],"author":[{"embeddable":true,"href":"https:\/\/thedermacheck.com\/pl\/wp-json\/wp\/v2\/users\/1"}],"replies":[{"embeddable":true,"href":"https:\/\/thedermacheck.com\/pl\/wp-json\/wp\/v2\/comments?post=2814"}],"version-history":[{"count":2,"href":"https:\/\/thedermacheck.com\/pl\/wp-json\/wp\/v2\/pages\/2814\/revisions"}],"predecessor-version":[{"id":7272,"href":"https:\/\/thedermacheck.com\/pl\/wp-json\/wp\/v2\/pages\/2814\/revisions\/7272"}],"wp:attachment":[{"href":"https:\/\/thedermacheck.com\/pl\/wp-json\/wp\/v2\/media?parent=2814"}],"wp:term":[{"taxonomy":"category","embeddable":true,"href":"https:\/\/thedermacheck.com\/pl\/wp-json\/wp\/v2\/categories?post=2814"},{"taxonomy":"post_tag","embeddable":true,"href":"https:\/\/thedermacheck.com\/pl\/wp-json\/wp\/v2\/tags?post=2814"}],"curies":[{"name":"wp","href":"https:\/\/api.w.org\/{rel}","templated":true}]}}