{"id":2836,"date":"2023-12-19T14:58:43","date_gmt":"2023-12-19T14:58:43","guid":{"rendered":"https:\/\/thedermacheck.com\/witamina-a-w-produktach-do-pielegnacji-skory-klucz-do-mlodzienczej-skory\/"},"modified":"2024-02-13T14:48:48","modified_gmt":"2024-02-13T14:48:48","slug":"witamina-a-w-produktach-do-pielegnacji-skory-klucz-do-mlodzienczej-skory","status":"publish","type":"page","link":"https:\/\/thedermacheck.com\/pl\/witamina-a-w-produktach-do-pielegnacji-skory-klucz-do-mlodzienczej-skory\/","title":{"rendered":"Witamina A w produktach do piel\u0119gnacji sk\u00f3ry: Klucz do m\u0142odzie\u0144czej sk\u00f3ry"},"content":{"rendered":"\n<p><strong>WITAMINA A W PIEL\u0118GNACJI SK\u00d3RY<\/strong><\/p>\n\n<ul class=\"wp-block-list\">\n<li><strong>Rodzaj sk\u0142adnika<\/strong>: przeciwutleniacz<\/li>\n\n\n\n<li><strong>G\u0142\u00f3wne korzy\u015bci<\/strong>: Wspomaga odnow\u0119 kom\u00f3rek, redukuje zmarszczki, zwalcza tr\u0105dzik<\/li>\n\n\n\n<li><strong>Idealny dla<\/strong>: Sk\u00f3ra dojrza\u0142a, sk\u00f3ra tr\u0105dzikowa<\/li>\n\n\n\n<li><strong>Cz\u0119stotliwo\u015b\u0107 stosowania<\/strong>: Zwykle wieczorem, zgodnie z instrukcjami dotycz\u0105cymi produktu.<\/li>\n\n\n\n<li><strong>Dobrze \u0142\u0105czy si\u0119 z<\/strong>: Kremami nawil\u017caj\u0105cymi, Kremami przeciws\u0142onecznymi<\/li>\n\n\n\n<li>Nale\u017cy unika\u0107 w <strong>przypadku<\/strong>: ci\u0105\u017cy, nadwra\u017cliwo\u015bci, jednoczesnego stosowania nadtlenku benzoilu<\/li>\n<\/ul>\n\n<h2 class=\"wp-block-heading\">Wprowadzenie: Czym jest witamina A?<\/h2>\n\n<p>Witamina A, niezb\u0119dny sk\u0142adnik w piel\u0119gnacji sk\u00f3ry, znana jest ze swoich w\u0142a\u015bciwo\u015bci odm\u0142adzaj\u0105cych i naprawczych. Wyst\u0119puje w r\u00f3\u017cnych formach, w tym retinolu i kwasu retinowego, i jest ulubionym sk\u0142adnikiem kuracji przeciwstarzeniowych i przeciwtr\u0105dzikowych.<\/p>\n\n<h3 class=\"wp-block-heading\">Korzy\u015bci witaminy A dla sk\u00f3ry<\/h3>\n\n<h4 class=\"wp-block-heading\">Dzia\u0142anie przeciwstarzeniowe<\/h4>\n\n<p>Witamina A wspomaga produkcj\u0119 kolagenu i widocznie redukuje zmarszczki i drobne linie.<\/p>\n\n<h4 class=\"wp-block-heading\">Poprawa tekstury sk\u00f3ry<\/h4>\n\n<p>Przyspieszaj\u0105c odnow\u0119 kom\u00f3rkow\u0105, poprawia struktur\u0119 sk\u00f3ry i nadaje jej bardziej r\u00f3wnomierny wygl\u0105d.<\/p>\n\n<h4 class=\"wp-block-heading\">Kontrola tr\u0105dziku<\/h4>\n\n<p>Pomaga odblokowa\u0107 pory i zmniejszy\u0107 wypryski, dzi\u0119ki czemu jest skuteczny w walce z tr\u0105dzikiem.<\/p>\n\n<h3 class=\"wp-block-heading\">Mo\u017cliwe skutki uboczne witaminy A<\/h3>\n\n<h4 class=\"wp-block-heading\">Podra\u017cnienia sk\u00f3ry<\/h4>\n\n<p>Cz\u0119ste dzia\u0142ania niepo\u017c\u0105dane to sucho\u015b\u0107, zaczerwienienie i \u0142uszczenie, zw\u0142aszcza na pocz\u0105tku stosowania.<\/p>\n\n<h4 class=\"wp-block-heading\">Wra\u017cliwo\u015b\u0107 na \u015bwiat\u0142o<\/h4>\n\n<p>Witamina A mo\u017ce zwi\u0119ksza\u0107 wra\u017cliwo\u015b\u0107 sk\u00f3ry na promienie UV, dlatego tak wa\u017cne jest stosowanie ochrony przeciws\u0142onecznej.<\/p>\n\n<h2 class=\"wp-block-heading\">Zastosowanie witaminy A w produktach do piel\u0119gnacji sk\u00f3ry<\/h2>\n\n<h3 class=\"wp-block-heading\">Prawid\u0142owe zastosowanie<\/h3>\n\n<ul class=\"wp-block-list\">\n<li><strong>Wieczorna rutyna<\/strong>: Produkty z witamin\u0105 A najlepiej stosowa\u0107 wieczorem.<\/li>\n\n\n\n<li><strong>Powolne wprowadzanie<\/strong>: Zacznij od ni\u017cszego st\u0119\u017cenia i cz\u0119stotliwo\u015bci, aby zminimalizowa\u0107 podra\u017cnienie sk\u00f3ry.<\/li>\n<\/ul>\n\n<h3 class=\"wp-block-heading\">Jak go nie u\u017cywa\u0107<\/h3>\n\n<ul class=\"wp-block-list\">\n<li><strong>Nie w czasie<\/strong> ci\u0105\u017cy: Unika\u0107 stosowania produkt\u00f3w zawieraj\u0105cych witamin\u0119 A w czasie ci\u0105\u017cy.<\/li>\n\n\n\n<li><strong>Nie \u0142\u0105czy\u0107 z niekt\u00f3rymi sk\u0142adnikami aktywnymi<\/strong>: Unika\u0107 jednoczesnego stosowania z nadtlenkiem benzoilu, aby zapobiec utracie skuteczno\u015bci.<\/li>\n<\/ul>\n\n<h2 class=\"wp-block-heading\">FAQ<\/h2>\n\n<p><strong>1. czy ka\u017cdy mo\u017ce u\u017cywa\u0107 produkt\u00f3w z witamin\u0105 A?<\/strong>  Wi\u0119kszo\u015b\u0107 ludzi mo\u017ce czerpa\u0107 korzy\u015bci z witaminy A, ale osoby z nadwra\u017cliw\u0105 sk\u00f3r\u0105 powinny zachowa\u0107 ostro\u017cno\u015b\u0107.<\/p>\n\n<p><strong>2. Jak d\u0142ugo trzeba czeka\u0107 na rezultaty?<\/strong>  Popraw\u0119 mo\u017cna cz\u0119sto zaobserwowa\u0107 po kilku tygodniach regularnego stosowania.<\/p>\n\n<p><strong>3. Czy witamina A jest bezpieczna na s\u0142o\u0144cu?<\/strong>  Witamina A mo\u017ce zwi\u0119ksza\u0107 wra\u017cliwo\u015b\u0107 sk\u00f3ry na s\u0142o\u0144ce, dlatego wa\u017cne jest stosowanie ochrony przeciws\u0142onecznej podczas stosowania.<\/p>\n\n<h2 class=\"wp-block-heading\">Wnioski<\/h2>\n\n<p>Witamina A jest silnym sk\u0142adnikiem aktywnym w piel\u0119gnacji sk\u00f3ry, kt\u00f3ry przy prawid\u0142owym stosowaniu mo\u017ce zwalcza\u0107 oznaki starzenia i poprawia\u0107 wygl\u0105d tr\u0105dziku. Staranna aplikacja i po\u0142\u0105czenie z ochron\u0105 przeciws\u0142oneczn\u0105 maj\u0105 kluczowe znaczenie dla osi\u0105gni\u0119cia najlepszych rezultat\u00f3w i promowania zdrowia sk\u00f3ry.<\/p>\n","protected":false},"excerpt":{"rendered":"<p>WITAMINA A W PIEL\u0118GNACJI SK\u00d3RY Wprowadzenie: Czym jest witamina A? Witamina A, niezb\u0119dny sk\u0142adnik w piel\u0119gnacji sk\u00f3ry, znana jest ze swoich w\u0142a\u015bciwo\u015bci odm\u0142adzaj\u0105cych i naprawczych. Wyst\u0119puje w r\u00f3\u017cnych formach, w tym retinolu i kwasu retinowego, i jest ulubionym sk\u0142adnikiem kuracji przeciwstarzeniowych i przeciwtr\u0105dzikowych. Korzy\u015bci witaminy A dla sk\u00f3ry Dzia\u0142anie przeciwstarzeniowe Witamina A wspomaga produkcj\u0119 kolagenu &#8230; <a title=\"Witamina A w produktach do piel\u0119gnacji sk\u00f3ry: Klucz do m\u0142odzie\u0144czej sk\u00f3ry\" class=\"read-more\" href=\"https:\/\/thedermacheck.com\/pl\/witamina-a-w-produktach-do-pielegnacji-skory-klucz-do-mlodzienczej-skory\/\" aria-label=\"Dowiedz si\u0119 wi\u0119cej o Witamina A w produktach do piel\u0119gnacji sk\u00f3ry: Klucz do m\u0142odzie\u0144czej sk\u00f3ry\">Mehr erfahren<\/a><\/p>\n","protected":false},"author":2,"featured_media":0,"parent":0,"menu_order":0,"comment_status":"closed","ping_status":"closed","template":"","meta":{"_acf_changed":false,"_lmt_disableupdate":"","_lmt_disable":"","footnotes":""},"categories":[42],"tags":[],"class_list":{"0":"post-2836","1":"page","2":"type-page","3":"status-publish","5":"category-skladniki"},"acf":[],"yoast_head":"<!-- This site is optimized with the Yoast SEO Premium plugin v25.7.1 (Yoast SEO v25.7) - https:\/\/yoast.com\/wordpress\/plugins\/seo\/ -->\n<title>Witamina A w produktach do piel\u0119gnacji sk\u00f3ry: Klucz do m\u0142odzie\u0144czej sk\u00f3ry | The Derma Check<\/title>\n<meta name=\"robots\" content=\"index, follow, max-snippet:-1, max-image-preview:large, max-video-preview:-1\" \/>\n<link rel=\"canonical\" href=\"https:\/\/thedermacheck.com\/pl\/witamina-a-w-produktach-do-pielegnacji-skory-klucz-do-mlodzienczej-skory\/\" \/>\n<meta property=\"og:locale\" content=\"pl_PL\" \/>\n<meta property=\"og:type\" content=\"article\" \/>\n<meta property=\"og:title\" content=\"Witamina A w produktach do piel\u0119gnacji sk\u00f3ry: Klucz do m\u0142odzie\u0144czej sk\u00f3ry\" \/>\n<meta property=\"og:description\" content=\"WITAMINA A W PIEL\u0118GNACJI SK\u00d3RY Wprowadzenie: Czym jest witamina A? Witamina A, niezb\u0119dny sk\u0142adnik w piel\u0119gnacji sk\u00f3ry, znana jest ze swoich w\u0142a\u015bciwo\u015bci odm\u0142adzaj\u0105cych i naprawczych. Wyst\u0119puje w r\u00f3\u017cnych formach, w tym retinolu i kwasu retinowego, i jest ulubionym sk\u0142adnikiem kuracji przeciwstarzeniowych i przeciwtr\u0105dzikowych. Korzy\u015bci witaminy A dla sk\u00f3ry Dzia\u0142anie przeciwstarzeniowe Witamina A wspomaga produkcj\u0119 kolagenu ... Mehr erfahren\" \/>\n<meta property=\"og:url\" content=\"https:\/\/thedermacheck.com\/pl\/witamina-a-w-produktach-do-pielegnacji-skory-klucz-do-mlodzienczej-skory\/\" \/>\n<meta property=\"og:site_name\" content=\"The Derma Check\" \/>\n<meta property=\"article:modified_time\" content=\"2024-02-13T14:48:48+00:00\" \/>\n<meta name=\"twitter:card\" content=\"summary_large_image\" \/>\n<meta name=\"twitter:label1\" content=\"Szacowany czas czytania\" \/>\n\t<meta name=\"twitter:data1\" content=\"2 minuty\" \/>\n<script type=\"application\/ld+json\" class=\"yoast-schema-graph\">{\"@context\":\"https:\/\/schema.org\",\"@graph\":[{\"@type\":\"WebPage\",\"@id\":\"https:\/\/thedermacheck.com\/pl\/witamina-a-w-produktach-do-pielegnacji-skory-klucz-do-mlodzienczej-skory\/\",\"url\":\"https:\/\/thedermacheck.com\/pl\/witamina-a-w-produktach-do-pielegnacji-skory-klucz-do-mlodzienczej-skory\/\",\"name\":\"Witamina A w produktach do piel\u0119gnacji sk\u00f3ry: Klucz do m\u0142odzie\u0144czej sk\u00f3ry | The Derma Check\",\"isPartOf\":{\"@id\":\"https:\/\/thedermacheck.com\/pl\/#website\"},\"datePublished\":\"2023-12-19T14:58:43+00:00\",\"dateModified\":\"2024-02-13T14:48:48+00:00\",\"breadcrumb\":{\"@id\":\"https:\/\/thedermacheck.com\/pl\/witamina-a-w-produktach-do-pielegnacji-skory-klucz-do-mlodzienczej-skory\/#breadcrumb\"},\"inLanguage\":\"pl-PL\",\"potentialAction\":[{\"@type\":\"ReadAction\",\"target\":[\"https:\/\/thedermacheck.com\/pl\/witamina-a-w-produktach-do-pielegnacji-skory-klucz-do-mlodzienczej-skory\/\"]}]},{\"@type\":\"BreadcrumbList\",\"@id\":\"https:\/\/thedermacheck.com\/pl\/witamina-a-w-produktach-do-pielegnacji-skory-klucz-do-mlodzienczej-skory\/#breadcrumb\",\"itemListElement\":[{\"@type\":\"ListItem\",\"position\":1,\"name\":\"Derma Check\",\"item\":\"https:\/\/thedermacheck.com\/pl\/\"},{\"@type\":\"ListItem\",\"position\":2,\"name\":\"Witamina A w produktach do piel\u0119gnacji sk\u00f3ry: Klucz do m\u0142odzie\u0144czej sk\u00f3ry\"}]},{\"@type\":\"WebSite\",\"@id\":\"https:\/\/thedermacheck.com\/pl\/#website\",\"url\":\"https:\/\/thedermacheck.com\/pl\/\",\"name\":\"The Derma Check\",\"description\":\"\",\"publisher\":{\"@id\":\"https:\/\/thedermacheck.com\/pl\/#organization\"},\"potentialAction\":[{\"@type\":\"SearchAction\",\"target\":{\"@type\":\"EntryPoint\",\"urlTemplate\":\"https:\/\/thedermacheck.com\/pl\/?s={search_term_string}\"},\"query-input\":{\"@type\":\"PropertyValueSpecification\",\"valueRequired\":true,\"valueName\":\"search_term_string\"}}],\"inLanguage\":\"pl-PL\"},{\"@type\":\"Organization\",\"@id\":\"https:\/\/thedermacheck.com\/pl\/#organization\",\"name\":\"The Derma Check\",\"url\":\"https:\/\/thedermacheck.com\/pl\/\",\"logo\":{\"@type\":\"ImageObject\",\"inLanguage\":\"pl-PL\",\"@id\":\"https:\/\/thedermacheck.com\/pl\/#\/schema\/logo\/image\/\",\"url\":\"https:\/\/thedermacheck.com\/wp-content\/uploads\/2023\/10\/cropped-THE-DERMA-CHECK-FAVICON-NEW-1.png\",\"contentUrl\":\"https:\/\/thedermacheck.com\/wp-content\/uploads\/2023\/10\/cropped-THE-DERMA-CHECK-FAVICON-NEW-1.png\",\"width\":512,\"height\":512,\"caption\":\"The Derma Check\"},\"image\":{\"@id\":\"https:\/\/thedermacheck.com\/pl\/#\/schema\/logo\/image\/\"}}]}<\/script>\n<!-- \/ Yoast SEO Premium plugin. -->","yoast_head_json":{"title":"Witamina A w produktach do piel\u0119gnacji sk\u00f3ry: Klucz do m\u0142odzie\u0144czej sk\u00f3ry | The Derma Check","robots":{"index":"index","follow":"follow","max-snippet":"max-snippet:-1","max-image-preview":"max-image-preview:large","max-video-preview":"max-video-preview:-1"},"canonical":"https:\/\/thedermacheck.com\/pl\/witamina-a-w-produktach-do-pielegnacji-skory-klucz-do-mlodzienczej-skory\/","og_locale":"pl_PL","og_type":"article","og_title":"Witamina A w produktach do piel\u0119gnacji sk\u00f3ry: Klucz do m\u0142odzie\u0144czej sk\u00f3ry","og_description":"WITAMINA A W PIEL\u0118GNACJI SK\u00d3RY Wprowadzenie: Czym jest witamina A? Witamina A, niezb\u0119dny sk\u0142adnik w piel\u0119gnacji sk\u00f3ry, znana jest ze swoich w\u0142a\u015bciwo\u015bci odm\u0142adzaj\u0105cych i naprawczych. Wyst\u0119puje w r\u00f3\u017cnych formach, w tym retinolu i kwasu retinowego, i jest ulubionym sk\u0142adnikiem kuracji przeciwstarzeniowych i przeciwtr\u0105dzikowych. Korzy\u015bci witaminy A dla sk\u00f3ry Dzia\u0142anie przeciwstarzeniowe Witamina A wspomaga produkcj\u0119 kolagenu ... Mehr erfahren","og_url":"https:\/\/thedermacheck.com\/pl\/witamina-a-w-produktach-do-pielegnacji-skory-klucz-do-mlodzienczej-skory\/","og_site_name":"The Derma Check","article_modified_time":"2024-02-13T14:48:48+00:00","twitter_card":"summary_large_image","twitter_misc":{"Szacowany czas czytania":"2 minuty"},"schema":{"@context":"https:\/\/schema.org","@graph":[{"@type":"WebPage","@id":"https:\/\/thedermacheck.com\/pl\/witamina-a-w-produktach-do-pielegnacji-skory-klucz-do-mlodzienczej-skory\/","url":"https:\/\/thedermacheck.com\/pl\/witamina-a-w-produktach-do-pielegnacji-skory-klucz-do-mlodzienczej-skory\/","name":"Witamina A w produktach do piel\u0119gnacji sk\u00f3ry: Klucz do m\u0142odzie\u0144czej sk\u00f3ry | The Derma Check","isPartOf":{"@id":"https:\/\/thedermacheck.com\/pl\/#website"},"datePublished":"2023-12-19T14:58:43+00:00","dateModified":"2024-02-13T14:48:48+00:00","breadcrumb":{"@id":"https:\/\/thedermacheck.com\/pl\/witamina-a-w-produktach-do-pielegnacji-skory-klucz-do-mlodzienczej-skory\/#breadcrumb"},"inLanguage":"pl-PL","potentialAction":[{"@type":"ReadAction","target":["https:\/\/thedermacheck.com\/pl\/witamina-a-w-produktach-do-pielegnacji-skory-klucz-do-mlodzienczej-skory\/"]}]},{"@type":"BreadcrumbList","@id":"https:\/\/thedermacheck.com\/pl\/witamina-a-w-produktach-do-pielegnacji-skory-klucz-do-mlodzienczej-skory\/#breadcrumb","itemListElement":[{"@type":"ListItem","position":1,"name":"Derma Check","item":"https:\/\/thedermacheck.com\/pl\/"},{"@type":"ListItem","position":2,"name":"Witamina A w produktach do piel\u0119gnacji sk\u00f3ry: Klucz do m\u0142odzie\u0144czej sk\u00f3ry"}]},{"@type":"WebSite","@id":"https:\/\/thedermacheck.com\/pl\/#website","url":"https:\/\/thedermacheck.com\/pl\/","name":"The Derma Check","description":"","publisher":{"@id":"https:\/\/thedermacheck.com\/pl\/#organization"},"potentialAction":[{"@type":"SearchAction","target":{"@type":"EntryPoint","urlTemplate":"https:\/\/thedermacheck.com\/pl\/?s={search_term_string}"},"query-input":{"@type":"PropertyValueSpecification","valueRequired":true,"valueName":"search_term_string"}}],"inLanguage":"pl-PL"},{"@type":"Organization","@id":"https:\/\/thedermacheck.com\/pl\/#organization","name":"The Derma Check","url":"https:\/\/thedermacheck.com\/pl\/","logo":{"@type":"ImageObject","inLanguage":"pl-PL","@id":"https:\/\/thedermacheck.com\/pl\/#\/schema\/logo\/image\/","url":"https:\/\/thedermacheck.com\/wp-content\/uploads\/2023\/10\/cropped-THE-DERMA-CHECK-FAVICON-NEW-1.png","contentUrl":"https:\/\/thedermacheck.com\/wp-content\/uploads\/2023\/10\/cropped-THE-DERMA-CHECK-FAVICON-NEW-1.png","width":512,"height":512,"caption":"The Derma Check"},"image":{"@id":"https:\/\/thedermacheck.com\/pl\/#\/schema\/logo\/image\/"}}]}},"_links":{"self":[{"href":"https:\/\/thedermacheck.com\/pl\/wp-json\/wp\/v2\/pages\/2836","targetHints":{"allow":["GET"]}}],"collection":[{"href":"https:\/\/thedermacheck.com\/pl\/wp-json\/wp\/v2\/pages"}],"about":[{"href":"https:\/\/thedermacheck.com\/pl\/wp-json\/wp\/v2\/types\/page"}],"author":[{"embeddable":true,"href":"https:\/\/thedermacheck.com\/pl\/wp-json\/wp\/v2\/users\/2"}],"replies":[{"embeddable":true,"href":"https:\/\/thedermacheck.com\/pl\/wp-json\/wp\/v2\/comments?post=2836"}],"version-history":[{"count":1,"href":"https:\/\/thedermacheck.com\/pl\/wp-json\/wp\/v2\/pages\/2836\/revisions"}],"predecessor-version":[{"id":2837,"href":"https:\/\/thedermacheck.com\/pl\/wp-json\/wp\/v2\/pages\/2836\/revisions\/2837"}],"wp:attachment":[{"href":"https:\/\/thedermacheck.com\/pl\/wp-json\/wp\/v2\/media?parent=2836"}],"wp:term":[{"taxonomy":"category","embeddable":true,"href":"https:\/\/thedermacheck.com\/pl\/wp-json\/wp\/v2\/categories?post=2836"},{"taxonomy":"post_tag","embeddable":true,"href":"https:\/\/thedermacheck.com\/pl\/wp-json\/wp\/v2\/tags?post=2836"}],"curies":[{"name":"wp","href":"https:\/\/api.w.org\/{rel}","templated":true}]}}