{"id":2864,"date":"2023-12-19T14:56:59","date_gmt":"2023-12-19T14:56:59","guid":{"rendered":"https:\/\/thedermacheck.com\/olejek-z-drzewa-herbacianego-w-produktach-do-pielegnacji-skory-naturalny-pomocnik-dla-czystej-skory\/"},"modified":"2024-02-13T14:49:06","modified_gmt":"2024-02-13T14:49:06","slug":"olejek-z-drzewa-herbacianego-w-produktach-do-pielegnacji-skory-naturalny-pomocnik-dla-czystej-skory","status":"publish","type":"page","link":"https:\/\/thedermacheck.com\/pl\/olejek-z-drzewa-herbacianego-w-produktach-do-pielegnacji-skory-naturalny-pomocnik-dla-czystej-skory\/","title":{"rendered":"Olejek z drzewa herbacianego w produktach do piel\u0119gnacji sk\u00f3ry: Naturalny pomocnik dla czystej sk\u00f3ry"},"content":{"rendered":"\n<p><strong>OLEJEK Z DRZEWA HERBACIANEGO W PIEL\u0118GNACJI SK\u00d3RY<\/strong><\/p>\n\n<ul class=\"wp-block-list\">\n<li><strong>Rodzaj sk\u0142adnika<\/strong>: Olejek eteryczny<\/li>\n\n\n\n<li><strong>G\u0142\u00f3wne korzy\u015bci<\/strong>: Antyseptyczne, przeciwbakteryjne, przeciwzapalne<\/li>\n\n\n\n<li><strong>Idealny dla<\/strong>: Sk\u00f3ra tr\u0105dzikowa, drobne przebarwienia<\/li>\n\n\n\n<li><strong>Cz\u0119stotliwo\u015b\u0107<\/strong> stosowania: W zale\u017cno\u015bci od potrzeb, najlepiej wieczorem.<\/li>\n\n\n\n<li><strong>Dobrze \u0142\u0105czy si\u0119 z<\/strong>: Lekkimi kremami nawil\u017caj\u0105cymi, innymi naturalnymi olejami<\/li>\n\n\n\n<li><strong>Nale\u017cy unika\u0107 w przypadku<\/strong>: Nadwra\u017cliwej sk\u00f3ry, bezpo\u015bredniego stosowania w wysokich st\u0119\u017ceniach<\/li>\n<\/ul>\n\n<h2 class=\"wp-block-heading\">Wprowadzenie: Czym jest olejek z drzewa herbacianego?<\/h2>\n\n<p>Olejek z drzewa herbacianego, pozyskiwany z li\u015bci australijskiego drzewa herbacianego (Melaleuca alternifolia), jest olejkiem eterycznym cenionym w piel\u0119gnacji sk\u00f3ry ze wzgl\u0119du na swoje w\u0142a\u015bciwo\u015bci antyseptyczne i przeciwzapalne.<\/p>\n\n<h3 class=\"wp-block-heading\">Korzy\u015bci olejku z drzewa herbacianego dla sk\u00f3ry<\/h3>\n\n<h4 class=\"wp-block-heading\">Walka z tr\u0105dzikiem<\/h4>\n\n<p>Dzi\u0119ki dzia\u0142aniu przeciwbakteryjnemu, olejek z drzewa herbacianego mo\u017ce skutecznie redukowa\u0107 tr\u0105dzik i wypryski sk\u00f3rne.<\/p>\n\n<h4 class=\"wp-block-heading\">Ukojenie dla sk\u00f3ry<\/h4>\n\n<p>Jego w\u0142a\u015bciwo\u015bci przeciwzapalne pomagaj\u0105 z\u0142agodzi\u0107 zaczerwienienia i obrz\u0119ki.<\/p>\n\n<h4 class=\"wp-block-heading\">Wszechstronne zastosowanie<\/h4>\n\n<p>Mo\u017ce by\u0107 stosowany w przypadku r\u00f3\u017cnych problem\u00f3w sk\u00f3rnych, w tym drobnych skalecze\u0144 i uk\u0105sze\u0144 owad\u00f3w.<\/p>\n\n<h3 class=\"wp-block-heading\">Mo\u017cliwe skutki uboczne olejku z drzewa herbacianego<\/h3>\n\n<h4 class=\"wp-block-heading\">Podra\u017cnienia sk\u00f3ry<\/h4>\n\n<p>Olejek z drzewa herbacianego mo\u017ce powodowa\u0107 podra\u017cnienia sk\u00f3ry lub reakcje alergiczne u niekt\u00f3rych os\u00f3b.<\/p>\n\n<h4 class=\"wp-block-heading\">Uczulenie<\/h4>\n\n<p>D\u0142ugotrwa\u0142e lub nadmierne stosowanie mo\u017ce prowadzi\u0107 do uczule\u0144 i problem\u00f3w sk\u00f3rnych.<\/p>\n\n<h2 class=\"wp-block-heading\">Zastosowanie olejku z drzewa herbacianego w piel\u0119gnacji sk\u00f3ry<\/h2>\n\n<h3 class=\"wp-block-heading\">Prawid\u0142owe zastosowanie<\/h3>\n\n<ul class=\"wp-block-list\">\n<li><strong>Leczenie miejscowe<\/strong>: Na\u0142\u00f3\u017c rozcie\u0144czony olejek z drzewa herbacianego na dotkni\u0119te obszary.<\/li>\n\n\n\n<li><strong>W po\u0142\u0105czeniu z kremami nawil\u017caj\u0105cymi<\/strong>: Wymieszaj kilka kropli z kremem nawil\u017caj\u0105cym, aby uzyska\u0107 dodatkowy efekt przeciwbakteryjny.<\/li>\n<\/ul>\n\n<h3 class=\"wp-block-heading\">Jak go nie u\u017cywa\u0107<\/h3>\n\n<ul class=\"wp-block-list\">\n<li><strong>Nie stosowa\u0107 w postaci nierozcie\u0144czonej<\/strong>: Czysty olejek z drzewa herbacianego nie powinien by\u0107 stosowany bezpo\u015brednio na sk\u00f3r\u0119.<\/li>\n\n\n\n<li><strong>Nie dla sk\u00f3ry nadwra\u017cliwej<\/strong>: nale\u017cy unika\u0107 stosowania olejku z drzewa herbacianego w przypadku znanej nadwra\u017cliwo\u015bci lub reakcji alergicznych.<\/li>\n<\/ul>\n\n<h2 class=\"wp-block-heading\">FAQ<\/h2>\n\n<p><strong>1. czy olejek z drzewa herbacianego mo\u017ce wyleczy\u0107 tr\u0105dzik?<\/strong>  Olejek z drzewa herbacianego mo\u017ce pom\u00f3c w leczeniu tr\u0105dziku, ale powinien by\u0107 traktowany jako dodatek do zr\u00f3wnowa\u017conej rutyny piel\u0119gnacji sk\u00f3ry.<\/p>\n\n<p><strong>2 Jak cz\u0119sto nale\u017cy stosowa\u0107 olejek z drzewa herbacianego?<\/strong>  Powinien by\u0107 stosowany oszcz\u0119dnie i tylko wtedy, gdy jest to konieczne, aby unikn\u0105\u0107 podra\u017cnienia sk\u00f3ry.<\/p>\n\n<p><strong>3. Czy olejek z drzewa herbacianego jest odpowiedni dla wszystkich rodzaj\u00f3w sk\u00f3ry?<\/strong>  Jest szczeg\u00f3lnie odpowiedni dla sk\u00f3ry t\u0142ustej i tr\u0105dzikowej, ale mo\u017ce powodowa\u0107 podra\u017cnienia na sk\u00f3rze wra\u017cliwej.<\/p>\n\n<h2 class=\"wp-block-heading\">Wnioski<\/h2>\n\n<p>Olejek z drzewa herbacianego jest skutecznym i naturalnym \u015brodkiem do zwalczania zanieczyszcze\u0144 sk\u00f3ry i promowania czystej sk\u00f3ry. Jednak prawid\u0142owe stosowanie i dawkowanie maj\u0105 kluczowe znaczenie dla unikni\u0119cia podra\u017cnie\u0144 sk\u00f3ry. W po\u0142\u0105czeniu ze zr\u00f3wnowa\u017conym systemem piel\u0119gnacji sk\u00f3ry, olejek z drzewa herbacianego mo\u017ce by\u0107 przydatnym elementem rutynowej piel\u0119gnacji sk\u00f3ry.<\/p>\n","protected":false},"excerpt":{"rendered":"<p>OLEJEK Z DRZEWA HERBACIANEGO W PIEL\u0118GNACJI SK\u00d3RY Wprowadzenie: Czym jest olejek z drzewa herbacianego? Olejek z drzewa herbacianego, pozyskiwany z li\u015bci australijskiego drzewa herbacianego (Melaleuca alternifolia), jest olejkiem eterycznym cenionym w piel\u0119gnacji sk\u00f3ry ze wzgl\u0119du na swoje w\u0142a\u015bciwo\u015bci antyseptyczne i przeciwzapalne. Korzy\u015bci olejku z drzewa herbacianego dla sk\u00f3ry Walka z tr\u0105dzikiem Dzi\u0119ki dzia\u0142aniu przeciwbakteryjnemu, olejek &#8230; <a title=\"Olejek z drzewa herbacianego w produktach do piel\u0119gnacji sk\u00f3ry: Naturalny pomocnik dla czystej sk\u00f3ry\" class=\"read-more\" href=\"https:\/\/thedermacheck.com\/pl\/olejek-z-drzewa-herbacianego-w-produktach-do-pielegnacji-skory-naturalny-pomocnik-dla-czystej-skory\/\" aria-label=\"Dowiedz si\u0119 wi\u0119cej o Olejek z drzewa herbacianego w produktach do piel\u0119gnacji sk\u00f3ry: Naturalny pomocnik dla czystej sk\u00f3ry\">Mehr erfahren<\/a><\/p>\n","protected":false},"author":2,"featured_media":0,"parent":0,"menu_order":0,"comment_status":"closed","ping_status":"closed","template":"","meta":{"_acf_changed":false,"_lmt_disableupdate":"","_lmt_disable":"","footnotes":""},"categories":[42],"tags":[],"class_list":{"0":"post-2864","1":"page","2":"type-page","3":"status-publish","5":"category-skladniki"},"acf":[],"yoast_head":"<!-- This site is optimized with the Yoast SEO Premium plugin v25.7.1 (Yoast SEO v25.7) - https:\/\/yoast.com\/wordpress\/plugins\/seo\/ -->\n<title>Olejek z drzewa herbacianego w produktach do piel\u0119gnacji sk\u00f3ry: Naturalny pomocnik dla czystej sk\u00f3ry | The Derma Check<\/title>\n<meta name=\"robots\" content=\"index, follow, max-snippet:-1, max-image-preview:large, max-video-preview:-1\" \/>\n<link rel=\"canonical\" href=\"https:\/\/thedermacheck.com\/pl\/olejek-z-drzewa-herbacianego-w-produktach-do-pielegnacji-skory-naturalny-pomocnik-dla-czystej-skory\/\" \/>\n<meta property=\"og:locale\" content=\"pl_PL\" \/>\n<meta property=\"og:type\" content=\"article\" \/>\n<meta property=\"og:title\" content=\"Olejek z drzewa herbacianego w produktach do piel\u0119gnacji sk\u00f3ry: Naturalny pomocnik dla czystej sk\u00f3ry\" \/>\n<meta property=\"og:description\" content=\"OLEJEK Z DRZEWA HERBACIANEGO W PIEL\u0118GNACJI SK\u00d3RY Wprowadzenie: Czym jest olejek z drzewa herbacianego? Olejek z drzewa herbacianego, pozyskiwany z li\u015bci australijskiego drzewa herbacianego (Melaleuca alternifolia), jest olejkiem eterycznym cenionym w piel\u0119gnacji sk\u00f3ry ze wzgl\u0119du na swoje w\u0142a\u015bciwo\u015bci antyseptyczne i przeciwzapalne. Korzy\u015bci olejku z drzewa herbacianego dla sk\u00f3ry Walka z tr\u0105dzikiem Dzi\u0119ki dzia\u0142aniu przeciwbakteryjnemu, olejek ... Mehr erfahren\" \/>\n<meta property=\"og:url\" content=\"https:\/\/thedermacheck.com\/pl\/olejek-z-drzewa-herbacianego-w-produktach-do-pielegnacji-skory-naturalny-pomocnik-dla-czystej-skory\/\" \/>\n<meta property=\"og:site_name\" content=\"The Derma Check\" \/>\n<meta property=\"article:modified_time\" content=\"2024-02-13T14:49:06+00:00\" \/>\n<meta name=\"twitter:card\" content=\"summary_large_image\" \/>\n<meta name=\"twitter:label1\" content=\"Szacowany czas czytania\" \/>\n\t<meta name=\"twitter:data1\" content=\"2 minuty\" \/>\n<script type=\"application\/ld+json\" class=\"yoast-schema-graph\">{\"@context\":\"https:\/\/schema.org\",\"@graph\":[{\"@type\":\"WebPage\",\"@id\":\"https:\/\/thedermacheck.com\/pl\/olejek-z-drzewa-herbacianego-w-produktach-do-pielegnacji-skory-naturalny-pomocnik-dla-czystej-skory\/\",\"url\":\"https:\/\/thedermacheck.com\/pl\/olejek-z-drzewa-herbacianego-w-produktach-do-pielegnacji-skory-naturalny-pomocnik-dla-czystej-skory\/\",\"name\":\"Olejek z drzewa herbacianego w produktach do piel\u0119gnacji sk\u00f3ry: Naturalny pomocnik dla czystej sk\u00f3ry | The Derma Check\",\"isPartOf\":{\"@id\":\"https:\/\/thedermacheck.com\/pl\/#website\"},\"datePublished\":\"2023-12-19T14:56:59+00:00\",\"dateModified\":\"2024-02-13T14:49:06+00:00\",\"breadcrumb\":{\"@id\":\"https:\/\/thedermacheck.com\/pl\/olejek-z-drzewa-herbacianego-w-produktach-do-pielegnacji-skory-naturalny-pomocnik-dla-czystej-skory\/#breadcrumb\"},\"inLanguage\":\"pl-PL\",\"potentialAction\":[{\"@type\":\"ReadAction\",\"target\":[\"https:\/\/thedermacheck.com\/pl\/olejek-z-drzewa-herbacianego-w-produktach-do-pielegnacji-skory-naturalny-pomocnik-dla-czystej-skory\/\"]}]},{\"@type\":\"BreadcrumbList\",\"@id\":\"https:\/\/thedermacheck.com\/pl\/olejek-z-drzewa-herbacianego-w-produktach-do-pielegnacji-skory-naturalny-pomocnik-dla-czystej-skory\/#breadcrumb\",\"itemListElement\":[{\"@type\":\"ListItem\",\"position\":1,\"name\":\"Derma Check\",\"item\":\"https:\/\/thedermacheck.com\/pl\/\"},{\"@type\":\"ListItem\",\"position\":2,\"name\":\"Olejek z drzewa herbacianego w produktach do piel\u0119gnacji sk\u00f3ry: Naturalny pomocnik dla czystej sk\u00f3ry\"}]},{\"@type\":\"WebSite\",\"@id\":\"https:\/\/thedermacheck.com\/pl\/#website\",\"url\":\"https:\/\/thedermacheck.com\/pl\/\",\"name\":\"The Derma Check\",\"description\":\"\",\"publisher\":{\"@id\":\"https:\/\/thedermacheck.com\/pl\/#organization\"},\"potentialAction\":[{\"@type\":\"SearchAction\",\"target\":{\"@type\":\"EntryPoint\",\"urlTemplate\":\"https:\/\/thedermacheck.com\/pl\/?s={search_term_string}\"},\"query-input\":{\"@type\":\"PropertyValueSpecification\",\"valueRequired\":true,\"valueName\":\"search_term_string\"}}],\"inLanguage\":\"pl-PL\"},{\"@type\":\"Organization\",\"@id\":\"https:\/\/thedermacheck.com\/pl\/#organization\",\"name\":\"The Derma Check\",\"url\":\"https:\/\/thedermacheck.com\/pl\/\",\"logo\":{\"@type\":\"ImageObject\",\"inLanguage\":\"pl-PL\",\"@id\":\"https:\/\/thedermacheck.com\/pl\/#\/schema\/logo\/image\/\",\"url\":\"https:\/\/thedermacheck.com\/wp-content\/uploads\/2023\/10\/cropped-THE-DERMA-CHECK-FAVICON-NEW-1.png\",\"contentUrl\":\"https:\/\/thedermacheck.com\/wp-content\/uploads\/2023\/10\/cropped-THE-DERMA-CHECK-FAVICON-NEW-1.png\",\"width\":512,\"height\":512,\"caption\":\"The Derma Check\"},\"image\":{\"@id\":\"https:\/\/thedermacheck.com\/pl\/#\/schema\/logo\/image\/\"}}]}<\/script>\n<!-- \/ Yoast SEO Premium plugin. -->","yoast_head_json":{"title":"Olejek z drzewa herbacianego w produktach do piel\u0119gnacji sk\u00f3ry: Naturalny pomocnik dla czystej sk\u00f3ry | The Derma Check","robots":{"index":"index","follow":"follow","max-snippet":"max-snippet:-1","max-image-preview":"max-image-preview:large","max-video-preview":"max-video-preview:-1"},"canonical":"https:\/\/thedermacheck.com\/pl\/olejek-z-drzewa-herbacianego-w-produktach-do-pielegnacji-skory-naturalny-pomocnik-dla-czystej-skory\/","og_locale":"pl_PL","og_type":"article","og_title":"Olejek z drzewa herbacianego w produktach do piel\u0119gnacji sk\u00f3ry: Naturalny pomocnik dla czystej sk\u00f3ry","og_description":"OLEJEK Z DRZEWA HERBACIANEGO W PIEL\u0118GNACJI SK\u00d3RY Wprowadzenie: Czym jest olejek z drzewa herbacianego? Olejek z drzewa herbacianego, pozyskiwany z li\u015bci australijskiego drzewa herbacianego (Melaleuca alternifolia), jest olejkiem eterycznym cenionym w piel\u0119gnacji sk\u00f3ry ze wzgl\u0119du na swoje w\u0142a\u015bciwo\u015bci antyseptyczne i przeciwzapalne. Korzy\u015bci olejku z drzewa herbacianego dla sk\u00f3ry Walka z tr\u0105dzikiem Dzi\u0119ki dzia\u0142aniu przeciwbakteryjnemu, olejek ... Mehr erfahren","og_url":"https:\/\/thedermacheck.com\/pl\/olejek-z-drzewa-herbacianego-w-produktach-do-pielegnacji-skory-naturalny-pomocnik-dla-czystej-skory\/","og_site_name":"The Derma Check","article_modified_time":"2024-02-13T14:49:06+00:00","twitter_card":"summary_large_image","twitter_misc":{"Szacowany czas czytania":"2 minuty"},"schema":{"@context":"https:\/\/schema.org","@graph":[{"@type":"WebPage","@id":"https:\/\/thedermacheck.com\/pl\/olejek-z-drzewa-herbacianego-w-produktach-do-pielegnacji-skory-naturalny-pomocnik-dla-czystej-skory\/","url":"https:\/\/thedermacheck.com\/pl\/olejek-z-drzewa-herbacianego-w-produktach-do-pielegnacji-skory-naturalny-pomocnik-dla-czystej-skory\/","name":"Olejek z drzewa herbacianego w produktach do piel\u0119gnacji sk\u00f3ry: Naturalny pomocnik dla czystej sk\u00f3ry | The Derma Check","isPartOf":{"@id":"https:\/\/thedermacheck.com\/pl\/#website"},"datePublished":"2023-12-19T14:56:59+00:00","dateModified":"2024-02-13T14:49:06+00:00","breadcrumb":{"@id":"https:\/\/thedermacheck.com\/pl\/olejek-z-drzewa-herbacianego-w-produktach-do-pielegnacji-skory-naturalny-pomocnik-dla-czystej-skory\/#breadcrumb"},"inLanguage":"pl-PL","potentialAction":[{"@type":"ReadAction","target":["https:\/\/thedermacheck.com\/pl\/olejek-z-drzewa-herbacianego-w-produktach-do-pielegnacji-skory-naturalny-pomocnik-dla-czystej-skory\/"]}]},{"@type":"BreadcrumbList","@id":"https:\/\/thedermacheck.com\/pl\/olejek-z-drzewa-herbacianego-w-produktach-do-pielegnacji-skory-naturalny-pomocnik-dla-czystej-skory\/#breadcrumb","itemListElement":[{"@type":"ListItem","position":1,"name":"Derma Check","item":"https:\/\/thedermacheck.com\/pl\/"},{"@type":"ListItem","position":2,"name":"Olejek z drzewa herbacianego w produktach do piel\u0119gnacji sk\u00f3ry: Naturalny pomocnik dla czystej sk\u00f3ry"}]},{"@type":"WebSite","@id":"https:\/\/thedermacheck.com\/pl\/#website","url":"https:\/\/thedermacheck.com\/pl\/","name":"The Derma Check","description":"","publisher":{"@id":"https:\/\/thedermacheck.com\/pl\/#organization"},"potentialAction":[{"@type":"SearchAction","target":{"@type":"EntryPoint","urlTemplate":"https:\/\/thedermacheck.com\/pl\/?s={search_term_string}"},"query-input":{"@type":"PropertyValueSpecification","valueRequired":true,"valueName":"search_term_string"}}],"inLanguage":"pl-PL"},{"@type":"Organization","@id":"https:\/\/thedermacheck.com\/pl\/#organization","name":"The Derma Check","url":"https:\/\/thedermacheck.com\/pl\/","logo":{"@type":"ImageObject","inLanguage":"pl-PL","@id":"https:\/\/thedermacheck.com\/pl\/#\/schema\/logo\/image\/","url":"https:\/\/thedermacheck.com\/wp-content\/uploads\/2023\/10\/cropped-THE-DERMA-CHECK-FAVICON-NEW-1.png","contentUrl":"https:\/\/thedermacheck.com\/wp-content\/uploads\/2023\/10\/cropped-THE-DERMA-CHECK-FAVICON-NEW-1.png","width":512,"height":512,"caption":"The Derma Check"},"image":{"@id":"https:\/\/thedermacheck.com\/pl\/#\/schema\/logo\/image\/"}}]}},"_links":{"self":[{"href":"https:\/\/thedermacheck.com\/pl\/wp-json\/wp\/v2\/pages\/2864","targetHints":{"allow":["GET"]}}],"collection":[{"href":"https:\/\/thedermacheck.com\/pl\/wp-json\/wp\/v2\/pages"}],"about":[{"href":"https:\/\/thedermacheck.com\/pl\/wp-json\/wp\/v2\/types\/page"}],"author":[{"embeddable":true,"href":"https:\/\/thedermacheck.com\/pl\/wp-json\/wp\/v2\/users\/2"}],"replies":[{"embeddable":true,"href":"https:\/\/thedermacheck.com\/pl\/wp-json\/wp\/v2\/comments?post=2864"}],"version-history":[{"count":1,"href":"https:\/\/thedermacheck.com\/pl\/wp-json\/wp\/v2\/pages\/2864\/revisions"}],"predecessor-version":[{"id":2865,"href":"https:\/\/thedermacheck.com\/pl\/wp-json\/wp\/v2\/pages\/2864\/revisions\/2865"}],"wp:attachment":[{"href":"https:\/\/thedermacheck.com\/pl\/wp-json\/wp\/v2\/media?parent=2864"}],"wp:term":[{"taxonomy":"category","embeddable":true,"href":"https:\/\/thedermacheck.com\/pl\/wp-json\/wp\/v2\/categories?post=2864"},{"taxonomy":"post_tag","embeddable":true,"href":"https:\/\/thedermacheck.com\/pl\/wp-json\/wp\/v2\/tags?post=2864"}],"curies":[{"name":"wp","href":"https:\/\/api.w.org\/{rel}","templated":true}]}}