{"id":2874,"date":"2024-01-04T11:29:36","date_gmt":"2024-01-04T11:29:36","guid":{"rendered":"https:\/\/thedermacheck.com\/nasze-standardy-testow-i-oceny\/"},"modified":"2024-09-04T14:42:00","modified_gmt":"2024-09-04T14:42:00","slug":"nasze-standardy-testow-i-oceny","status":"publish","type":"page","link":"https:\/\/thedermacheck.com\/pl\/nasze-standardy-testow-i-oceny\/","title":{"rendered":"Nasze standardy test\u00f3w i oceny"},"content":{"rendered":"<div class=\"gb-container gb-container-4742cc5d alignfull\">\n<div class=\"gb-container gb-container-96eaf3e2\">\n<h1 class=\"gb-headline gb-headline-829851c6 gb-headline-text\">Nasze standardy test\u00f3w i oceny<\/h1>\n\n\n          \n\n          <p class=\"gb-headline gb-headline-443652d4 gb-headline-text\">W &#8222;The Derma Check&#8221; rozumiemy zapotrzebowanie naszych u\u017cytkownik\u00f3w na przejrzyste i wiarygodne recenzje produkt\u00f3w.  <\/p>\n          \n\n        \n\n<\/div>\n<\/div><div class=\"gb-container gb-container-6c7c8f9f\">\n<figure class=\"gb-block-image gb-block-image-9b290b03\"><img decoding=\"async\" width=\"1600\" height=\"1067\" src=\"https:\/\/thedermacheck.com\/wp-content\/uploads\/2024\/01\/Produkttests-Vorgehensweise.jpg\" class=\"gb-image-9b290b03\" alt=\"\" srcset=\"https:\/\/thedermacheck.com\/wp-content\/uploads\/2024\/01\/Produkttests-Vorgehensweise.jpg 1600w, https:\/\/thedermacheck.com\/wp-content\/uploads\/2024\/01\/Produkttests-Vorgehensweise-300x200.jpg 300w, https:\/\/thedermacheck.com\/wp-content\/uploads\/2024\/01\/Produkttests-Vorgehensweise-1024x683.jpg 1024w, https:\/\/thedermacheck.com\/wp-content\/uploads\/2024\/01\/Produkttests-Vorgehensweise-768x512.jpg 768w, https:\/\/thedermacheck.com\/wp-content\/uploads\/2024\/01\/Produkttests-Vorgehensweise-1536x1025.jpg 1536w\" sizes=\"(max-width: 1600px) 100vw, 1600px\" \/><\/figure>\n<\/div>\n<p>Naszym celem jest zapewnienie opartych na faktach, kompleksowych i zrozumia\u0142ych porad, kt\u00f3re daj\u0105 klientom pewno\u015b\u0107 podj\u0119cia \u015bwiadomej decyzji.  <\/p>\n\n<p>Poni\u017cej wyja\u015bniamy nasz szczeg\u00f3\u0142owy proces testowania i oceny produkt\u00f3w.<\/p>\n\n<hr class=\"wp-block-separator has-alpha-channel-opacity\"\/>\n\n<h2 class=\"wp-block-heading\">\n          <strong>I. Wyb\u00f3r produkt\u00f3w: zagwarantowanie r\u00f3\u017cnorodno\u015bci i reprezentatywno\u015bci<\/strong>\n        <\/h2>\n\n          \n\n          <figure class=\"gb-block-image gb-block-image-bdaaf9a3\">\n            <img decoding=\"async\" width=\"1400\" height=\"966\" class=\"gb-image gb-image-bdaaf9a3\" src=\"https:\/\/thedermacheck.com\/wp-content\/uploads\/2023\/11\/30-Wimpernseren-im-TEst.jpg\" alt=\"30 serum do rz\u0119s w te\u015bcie\" title=\"30 serum do rz\u0119s w te\u015bcie\" srcset=\"https:\/\/thedermacheck.com\/wp-content\/uploads\/2023\/11\/30-Wimpernseren-im-TEst.jpg 1400w, https:\/\/thedermacheck.com\/wp-content\/uploads\/2023\/11\/30-Wimpernseren-im-TEst-300x207.jpg 300w, https:\/\/thedermacheck.com\/wp-content\/uploads\/2023\/11\/30-Wimpernseren-im-TEst-1024x707.jpg 1024w, https:\/\/thedermacheck.com\/wp-content\/uploads\/2023\/11\/30-Wimpernseren-im-TEst-768x530.jpg 768w\" sizes=\"(max-width: 1400px) 100vw, 1400px\" \/>\n          <\/figure>\n          \n\n        \n\n<h3 class=\"wp-block-heading\">\n          <strong>1. badanie rynku i analiza trend\u00f3w<\/strong>\n        <\/h3>\n\n<p>Podstaw\u0105 ka\u017cdego procesu testowego jest staranny dob\u00f3r testowanych produkt\u00f3w. Kierujemy si\u0119 przy tym aktualnymi trendami, zainteresowaniami konsument\u00f3w i wynikami bada\u0144 naukowych.<\/p>\n\n<h3 class=\"wp-block-heading\">\n          <strong>2 Koncentracja na r\u00f3\u017cnorodno\u015bci<\/strong>\n        <\/h3>\n\n<p>Rozwa\u017camy szerok\u0105 gam\u0119 produkt\u00f3w &#8211; od klasyk\u00f3w po innowacyjne nowo\u015bci. Uwzgl\u0119dniane s\u0105 r\u00f3wnie\u017c produkty niszowe i specjalne potrzeby sk\u00f3ry, takie jak alergie lub specjalne wymagania dotycz\u0105ce piel\u0119gnacji sk\u00f3ry.<\/p>\n\n<h3 class=\"wp-block-heading\">\n          <strong>3. niezale\u017cne i przejrzyste zakupy produkt\u00f3w<\/strong>\n        <\/h3>\n\n<p>Wszystkie produkty s\u0105 kupowane anonimowo przez nasz zesp\u00f3\u0142. Aby spe\u0142ni\u0107 wysokie standardy obiektywizmu, konsekwentnie odrzucamy bezp\u0142atne pr\u00f3bki testowe od producent\u00f3w. W ten spos\u00f3b zapewniamy, \u017ce otrzymujemy i testujemy produkty, kt\u00f3re nasi czytelnicy r\u00f3wnie\u017c otrzymuj\u0105 przy zakupie.<\/p>\n\n<hr class=\"wp-block-separator has-alpha-channel-opacity\"\/>\n\n<h2 class=\"wp-block-heading\">\n          <strong>II Analiza bezpiecze\u0144stwa i sk\u0142adnik\u00f3w<\/strong>\n        <\/h2>\n\n<h3 class=\"wp-block-heading\">\n          <strong>1. wykrywanie sk\u0142adnik\u00f3w<\/strong>\n        <\/h3>\n\n<p>Podstawowym elementem naszych test\u00f3w jest analiza sk\u0142adnik\u00f3w, uwzgl\u0119dniaj\u0105ca standardy dermatologiczne i dane naukowe.<\/p>\n\n<h3 class=\"wp-block-heading\">\n          <strong>2. weryfikacja certyfikat\u00f3w bezpiecze\u0144stwa<\/strong>\n        <\/h3>\n\n<p>Certyfikaty takie jak piecz\u0119\u0107 ECARF dla produkt\u00f3w przyjaznych dla alergik\u00f3w s\u0105 uwzgl\u0119dniane w naszych rozwa\u017caniach, aby zapewni\u0107 niezawodno\u015b\u0107 i bezpiecze\u0144stwo produkt\u00f3w do piel\u0119gnacji sk\u00f3ry.<\/p>\n\n<h3 class=\"wp-block-heading\">\n          <strong>3. warto\u015bci graniczne i zgodno\u015b\u0107<\/strong>\n        <\/h3>\n\n<p>Tam, gdzie to mo\u017cliwe, zapewniamy zgodno\u015b\u0107 z warto\u015bciami granicznymi i uwzgl\u0119dniamy w naszej ocenie informacje o znanych nietolerancjach i alergenach.<\/p>\n\n<hr class=\"wp-block-separator has-alpha-channel-opacity\"\/>\n\n<h2 class=\"wp-block-heading\">\n          <strong>III Praktyczne zastosowanie: istotny czynnik<\/strong>\n        <\/h2>\n\n          \n\n          <figure class=\"gb-block-image gb-block-image-7f48a5c0\">\n            <img decoding=\"async\" width=\"1600\" height=\"907\" class=\"gb-image gb-image-7f48a5c0\" src=\"https:\/\/thedermacheck.com\/wp-content\/uploads\/2024\/01\/Produktanalyse-scaled.jpg\" alt=\"Analiza produktu\" title=\"Analiza produktu\" srcset=\"https:\/\/thedermacheck.com\/wp-content\/uploads\/2024\/01\/Produktanalyse-scaled.jpg 1600w, https:\/\/thedermacheck.com\/wp-content\/uploads\/2024\/01\/Produktanalyse-300x170.jpg 300w, https:\/\/thedermacheck.com\/wp-content\/uploads\/2024\/01\/Produktanalyse-1024x581.jpg 1024w, https:\/\/thedermacheck.com\/wp-content\/uploads\/2024\/01\/Produktanalyse-768x435.jpg 768w, https:\/\/thedermacheck.com\/wp-content\/uploads\/2024\/01\/Produktanalyse-1536x871.jpg 1536w, https:\/\/thedermacheck.com\/wp-content\/uploads\/2024\/01\/Produktanalyse-2048x1161.jpg 2048w\" sizes=\"(max-width: 1600px) 100vw, 1600px\" \/>\n          <\/figure>\n          \n\n        \n\n<h3 class=\"wp-block-heading\">\n          <strong>1. u\u017cytkownik:test wewn\u0119trzny<\/strong>\n        <\/h3>\n\n<p>Wa\u017cnym kryterium jest praktyczne zastosowanie. Nasi testerzy oceniaj\u0105 takie kryteria, jak mo\u017cliwo\u015b\u0107 zastosowania, wch\u0142anianie, konsystencja i skuteczno\u015b\u0107 produktu.<\/p>\n\n<h3 class=\"wp-block-heading\">\n          <strong>2. badania d\u0142ugoterminowe<\/strong>\n        <\/h3>\n\n<p>W przypadku niekt\u00f3rych produkt\u00f3w przeprowadzamy d\u0142ugoterminowe badania w celu udokumentowania efekt\u00f3w i zmian na sk\u00f3rze w d\u0142u\u017cszym okresie czasu.<\/p>\n\n<h3 class=\"wp-block-heading\">\n          <strong>3. opakowanie i bezpiecze\u0144stwo produktu<\/strong>\n        <\/h3>\n\n<p>Ocenie podlega r\u00f3wnie\u017c opakowanie: Sprawdzamy, czy jest funkcjonalne i chroni jako\u015b\u0107 zawarto\u015bci przed wp\u0142ywami zewn\u0119trznymi.<\/p>\n\n<hr class=\"wp-block-separator has-alpha-channel-opacity\"\/>\n\n<h2 class=\"wp-block-heading\">\n          <strong>IV. Ocena przejrzysto\u015bci i komunikacji producenta<\/strong>\n        <\/h2>\n\n<h3 class=\"wp-block-heading\">\n          <strong>1. przejrzysto\u015b\u0107 informacji o produkcie<\/strong>\n        <\/h3>\n\n<p>Oceniamy jasno\u015b\u0107 i kompletno\u015b\u0107 informacji na temat sk\u0142adnik\u00f3w i instrukcji u\u017cycia.<\/p>\n\n<h3 class=\"wp-block-heading\">\n          <strong>2. obs\u0142uga klienta i szybko\u015b\u0107 reakcji<\/strong>\n        <\/h3>\n\n<p>Dost\u0119pno\u015b\u0107 i pomoc obs\u0142ugi klienta producenta w przypadku pyta\u0144 i problem\u00f3w s\u0105 uwzgl\u0119dnione w naszej og\u00f3lnej ocenie.<\/p>\n\n<h3 class=\"wp-block-heading\">\n          <strong>3. etyka i odpowiedzialno\u015b\u0107 korporacyjna<\/strong>\n        <\/h3>\n\n<p>W ramach naszego przejrzystego procesu oceny uwzgl\u0119dniamy aspekty etyczne, takie jak zr\u00f3wnowa\u017cona produkcja i odpowiedzialno\u015b\u0107 spo\u0142eczna producent\u00f3w.<\/p>\n\n<hr class=\"wp-block-separator has-alpha-channel-opacity\"\/>\n\n<h2 class=\"wp-block-heading\">\n          <strong>V. Analiza informacji zwrotnych od klient\u00f3w i profesjonalna krytyka<\/strong>\n        <\/h2>\n\n          \n\n          <figure class=\"gb-block-image gb-block-image-1552a461\">\n            <img decoding=\"async\" width=\"1600\" height=\"1067\" class=\"gb-image gb-image-1552a461\" src=\"https:\/\/thedermacheck.com\/wp-content\/uploads\/2024\/01\/AdobeStock_684940110-scaled.jpeg\" alt=\"Dermatolog rozmawia z klientem, wyja\u015bniaj\u0105c procedur\u0119 odm\u0142adzania twarzy\" title=\"Dermatolog rozmawia z klientem, wyja\u015bniaj\u0105c procedur\u0119 odm\u0142adzania twarzy\" srcset=\"https:\/\/thedermacheck.com\/wp-content\/uploads\/2024\/01\/AdobeStock_684940110-scaled.jpeg 1600w, https:\/\/thedermacheck.com\/wp-content\/uploads\/2024\/01\/AdobeStock_684940110-300x200.jpeg 300w, https:\/\/thedermacheck.com\/wp-content\/uploads\/2024\/01\/AdobeStock_684940110-1024x683.jpeg 1024w, https:\/\/thedermacheck.com\/wp-content\/uploads\/2024\/01\/AdobeStock_684940110-768x512.jpeg 768w, https:\/\/thedermacheck.com\/wp-content\/uploads\/2024\/01\/AdobeStock_684940110-1536x1024.jpeg 1536w, https:\/\/thedermacheck.com\/wp-content\/uploads\/2024\/01\/AdobeStock_684940110-2048x1365.jpeg 2048w\" sizes=\"(max-width: 1600px) 100vw, 1600px\" \/>\n          <\/figure>\n          \n\n        \n\n<h3 class=\"wp-block-heading\">\n          <strong>1. ocena do\u015bwiadcze\u0144 klient\u00f3w<\/strong>\n        <\/h3>\n\n<p>Szczeg\u00f3\u0142owo rejestrujemy i analizujemy opinie klient\u00f3w z r\u00f3\u017cnych \u017ar\u00f3de\u0142.<\/p>\n\n<h3 class=\"wp-block-heading\">\n          <strong>2. publikacje naukowe i recenzje<\/strong>\n        <\/h3>\n\n<p>Aby zapewni\u0107 solidn\u0105 podstaw\u0119 oceny, bierzemy r\u00f3wnie\u017c pod uwag\u0119 niezale\u017cne badania i specjalistyczne artyku\u0142y na temat danego typu produktu.<\/p>\n\n<h3 class=\"wp-block-heading\">\n          <strong>3. dialog z ekspertami<\/strong>\n        <\/h3>\n\n<p>Nasza sie\u0107 dermatolog\u00f3w i ekspert\u00f3w kosmetycznych jest regularnie konsultowana w celu uzyskania fachowych ocen.<\/p>\n\n<hr class=\"wp-block-separator has-alpha-channel-opacity\"\/>\n\n<h2 class=\"wp-block-heading\">\n          <strong>VI Dokumentacja skutk\u00f3w ubocznych i zagro\u017ce\u0144<\/strong>\n        <\/h2>\n\n<h3 class=\"wp-block-heading\">\n          <strong>1. kluczowe sk\u0142adniki aktywne i skutki d\u0142ugoterminowe<\/strong>\n        <\/h3>\n\n<p>Podczas gdy nasze badania skrupulatnie dokumentuj\u0105 skutki uboczne, zwracamy uwag\u0119 na mo\u017cliwe skutki d\u0142ugoterminowe, szczeg\u00f3lnie w przypadku krytycznych sk\u0142adnik\u00f3w aktywnych.<\/p>\n\n<h3 class=\"wp-block-heading\">\n          <strong>2. ocena ostrze\u017ce\u0144<\/strong>\n        <\/h3>\n\n<p>Kompleksowo\u015b\u0107 i widoczno\u015b\u0107 ostrze\u017ce\u0144 o zagro\u017ceniach i skutkach ubocznych wydawanych przez producent\u00f3w s\u0105 wa\u017cn\u0105 cz\u0119\u015bci\u0105 naszej analizy.<\/p>\n\n<h3 class=\"wp-block-heading\">\n          <strong>3. informacje zwrotne i kwestie<\/strong>\n        <\/h3>\n\n<p>Nasz zesp\u00f3\u0142 zbiera informacje zwrotne na temat skutk\u00f3w ubocznych od klient\u00f3w i sprawdza je pod k\u0105tem substancji i cz\u0119stotliwo\u015bci.<\/p>\n\n<hr class=\"wp-block-separator has-alpha-channel-opacity\"\/>\n\n<h2 class=\"wp-block-heading\">\n          <strong>VII Stosunek ceny do wydajno\u015bci i wnioski<\/strong>\n        <\/h2>\n\n<h3 class=\"wp-block-heading\">\n          <strong>1. analiza por\u00f3wnawcza koszt\u00f3w<\/strong>\n        <\/h3>\n\n<p>Opr\u00f3cz wydajno\u015bci produktu bierzemy r\u00f3wnie\u017c pod uwag\u0119 cen\u0119, aby oceni\u0107 zwi\u0105zek mi\u0119dzy kosztami a korzy\u015bciami.<\/p>\n\n<h3 class=\"wp-block-heading\">\n          <strong>2. por\u00f3wnania rynkowe<\/strong>\n        <\/h3>\n\n<p>Nie tylko por\u00f3wnujemy produkty mi\u0119dzy sob\u0105, ale tak\u017ce por\u00f3wnujemy je z innymi ofertami na rynku.<\/p>\n\n<h3 class=\"wp-block-heading\">\n          <strong>3. wnioski dla naszych u\u017cytkownik\u00f3w<\/strong>\n        <\/h3>\n\n<p>Na koniec \u0142\u0105czymy wszystkie informacje w kompleksow\u0105 ocen\u0119, kt\u00f3ra umo\u017cliwia naszym u\u017cytkownikom podj\u0119cie \u015bwiadomej decyzji o zakupie.<\/p>\n\n<hr class=\"wp-block-separator has-alpha-channel-opacity\"\/>\n\n<p>Naszym celem jest zapewnienie konsumentom niezawodnego i kompleksowego wsparcia przy wyborze produkt\u00f3w do piel\u0119gnacji sk\u00f3ry. Zapraszamy w podr\u00f3\u017c po \u015bwiecie derma kosmetyk\u00f3w, aby wsp\u00f3lnie odkrywa\u0107 i ocenia\u0107 najlepsze produkty.<\/p>\n","protected":false},"excerpt":{"rendered":"<p>Nasze standardy test\u00f3w i oceny W &#8222;The Derma Check&#8221; rozumiemy zapotrzebowanie naszych u\u017cytkownik\u00f3w na przejrzyste i wiarygodne recenzje produkt\u00f3w. Naszym celem jest zapewnienie opartych na faktach, kompleksowych i zrozumia\u0142ych porad, kt\u00f3re daj\u0105 klientom pewno\u015b\u0107 podj\u0119cia \u015bwiadomej decyzji. Poni\u017cej wyja\u015bniamy nasz szczeg\u00f3\u0142owy proces testowania i oceny produkt\u00f3w. I. Wyb\u00f3r produkt\u00f3w: zagwarantowanie r\u00f3\u017cnorodno\u015bci i reprezentatywno\u015bci 1. badanie &#8230; <a title=\"Nasze standardy test\u00f3w i oceny\" class=\"read-more\" href=\"https:\/\/thedermacheck.com\/pl\/nasze-standardy-testow-i-oceny\/\" aria-label=\"Dowiedz si\u0119 wi\u0119cej o Nasze standardy test\u00f3w i oceny\">Mehr erfahren<\/a><\/p>\n","protected":false},"author":1,"featured_media":2574,"parent":0,"menu_order":0,"comment_status":"closed","ping_status":"closed","template":"","meta":{"_acf_changed":false,"_lmt_disableupdate":"","_lmt_disable":"","footnotes":""},"categories":[],"tags":[],"class_list":["post-2874","page","type-page","status-publish","has-post-thumbnail"],"acf":[],"yoast_head":"<!-- This site is optimized with the Yoast SEO Premium plugin v25.7.1 (Yoast SEO v25.7) - https:\/\/yoast.com\/wordpress\/plugins\/seo\/ -->\n<title>Nasze standardy test\u00f3w i oceny | The Derma Check<\/title>\n<meta name=\"robots\" content=\"index, follow, max-snippet:-1, max-image-preview:large, max-video-preview:-1\" \/>\n<link rel=\"canonical\" href=\"https:\/\/thedermacheck.com\/pl\/nasze-standardy-testow-i-oceny\/\" \/>\n<meta property=\"og:locale\" content=\"pl_PL\" \/>\n<meta property=\"og:type\" content=\"article\" \/>\n<meta property=\"og:title\" content=\"Nasze standardy test\u00f3w i oceny\" \/>\n<meta property=\"og:description\" content=\"Nasze standardy test\u00f3w i oceny W &#8222;The Derma Check&#8221; rozumiemy zapotrzebowanie naszych u\u017cytkownik\u00f3w na przejrzyste i wiarygodne recenzje produkt\u00f3w. Naszym celem jest zapewnienie opartych na faktach, kompleksowych i zrozumia\u0142ych porad, kt\u00f3re daj\u0105 klientom pewno\u015b\u0107 podj\u0119cia \u015bwiadomej decyzji. Poni\u017cej wyja\u015bniamy nasz szczeg\u00f3\u0142owy proces testowania i oceny produkt\u00f3w. I. Wyb\u00f3r produkt\u00f3w: zagwarantowanie r\u00f3\u017cnorodno\u015bci i reprezentatywno\u015bci 1. badanie ... Mehr erfahren\" \/>\n<meta property=\"og:url\" content=\"https:\/\/thedermacheck.com\/pl\/nasze-standardy-testow-i-oceny\/\" \/>\n<meta property=\"og:site_name\" content=\"The Derma Check\" \/>\n<meta property=\"article:modified_time\" content=\"2024-09-04T14:42:00+00:00\" \/>\n<meta property=\"og:image\" content=\"https:\/\/thedermacheck.com\/wp-content\/uploads\/2024\/01\/Produkttests-Vorgehensweise.jpg\" \/>\n\t<meta property=\"og:image:width\" content=\"1600\" \/>\n\t<meta property=\"og:image:height\" content=\"1067\" \/>\n\t<meta property=\"og:image:type\" content=\"image\/jpeg\" \/>\n<meta name=\"twitter:card\" content=\"summary_large_image\" \/>\n<meta name=\"twitter:label1\" content=\"Szacowany czas czytania\" \/>\n\t<meta name=\"twitter:data1\" content=\"4 minuty\" \/>\n<script type=\"application\/ld+json\" class=\"yoast-schema-graph\">{\"@context\":\"https:\/\/schema.org\",\"@graph\":[{\"@type\":\"WebPage\",\"@id\":\"https:\/\/thedermacheck.com\/pl\/nasze-standardy-testow-i-oceny\/\",\"url\":\"https:\/\/thedermacheck.com\/pl\/nasze-standardy-testow-i-oceny\/\",\"name\":\"Nasze standardy test\u00f3w i oceny | The Derma Check\",\"isPartOf\":{\"@id\":\"https:\/\/thedermacheck.com\/pl\/#website\"},\"primaryImageOfPage\":{\"@id\":\"https:\/\/thedermacheck.com\/pl\/nasze-standardy-testow-i-oceny\/#primaryimage\"},\"image\":{\"@id\":\"https:\/\/thedermacheck.com\/pl\/nasze-standardy-testow-i-oceny\/#primaryimage\"},\"thumbnailUrl\":\"https:\/\/thedermacheck.com\/wp-content\/uploads\/2024\/01\/Produkttests-Vorgehensweise.jpg\",\"datePublished\":\"2024-01-04T11:29:36+00:00\",\"dateModified\":\"2024-09-04T14:42:00+00:00\",\"breadcrumb\":{\"@id\":\"https:\/\/thedermacheck.com\/pl\/nasze-standardy-testow-i-oceny\/#breadcrumb\"},\"inLanguage\":\"pl-PL\",\"potentialAction\":[{\"@type\":\"ReadAction\",\"target\":[\"https:\/\/thedermacheck.com\/pl\/nasze-standardy-testow-i-oceny\/\"]}]},{\"@type\":\"ImageObject\",\"inLanguage\":\"pl-PL\",\"@id\":\"https:\/\/thedermacheck.com\/pl\/nasze-standardy-testow-i-oceny\/#primaryimage\",\"url\":\"https:\/\/thedermacheck.com\/wp-content\/uploads\/2024\/01\/Produkttests-Vorgehensweise.jpg\",\"contentUrl\":\"https:\/\/thedermacheck.com\/wp-content\/uploads\/2024\/01\/Produkttests-Vorgehensweise.jpg\",\"width\":1600,\"height\":1067,\"caption\":\"Produkttests Vorgehensweise\"},{\"@type\":\"BreadcrumbList\",\"@id\":\"https:\/\/thedermacheck.com\/pl\/nasze-standardy-testow-i-oceny\/#breadcrumb\",\"itemListElement\":[{\"@type\":\"ListItem\",\"position\":1,\"name\":\"Derma Check\",\"item\":\"https:\/\/thedermacheck.com\/pl\/\"},{\"@type\":\"ListItem\",\"position\":2,\"name\":\"Nasze standardy test\u00f3w i oceny\"}]},{\"@type\":\"WebSite\",\"@id\":\"https:\/\/thedermacheck.com\/pl\/#website\",\"url\":\"https:\/\/thedermacheck.com\/pl\/\",\"name\":\"The Derma Check\",\"description\":\"\",\"publisher\":{\"@id\":\"https:\/\/thedermacheck.com\/pl\/#organization\"},\"potentialAction\":[{\"@type\":\"SearchAction\",\"target\":{\"@type\":\"EntryPoint\",\"urlTemplate\":\"https:\/\/thedermacheck.com\/pl\/?s={search_term_string}\"},\"query-input\":{\"@type\":\"PropertyValueSpecification\",\"valueRequired\":true,\"valueName\":\"search_term_string\"}}],\"inLanguage\":\"pl-PL\"},{\"@type\":\"Organization\",\"@id\":\"https:\/\/thedermacheck.com\/pl\/#organization\",\"name\":\"The Derma Check\",\"url\":\"https:\/\/thedermacheck.com\/pl\/\",\"logo\":{\"@type\":\"ImageObject\",\"inLanguage\":\"pl-PL\",\"@id\":\"https:\/\/thedermacheck.com\/pl\/#\/schema\/logo\/image\/\",\"url\":\"https:\/\/thedermacheck.com\/wp-content\/uploads\/2023\/10\/cropped-THE-DERMA-CHECK-FAVICON-NEW-1.png\",\"contentUrl\":\"https:\/\/thedermacheck.com\/wp-content\/uploads\/2023\/10\/cropped-THE-DERMA-CHECK-FAVICON-NEW-1.png\",\"width\":512,\"height\":512,\"caption\":\"The Derma Check\"},\"image\":{\"@id\":\"https:\/\/thedermacheck.com\/pl\/#\/schema\/logo\/image\/\"}}]}<\/script>\n<!-- \/ Yoast SEO Premium plugin. -->","yoast_head_json":{"title":"Nasze standardy test\u00f3w i oceny | The Derma Check","robots":{"index":"index","follow":"follow","max-snippet":"max-snippet:-1","max-image-preview":"max-image-preview:large","max-video-preview":"max-video-preview:-1"},"canonical":"https:\/\/thedermacheck.com\/pl\/nasze-standardy-testow-i-oceny\/","og_locale":"pl_PL","og_type":"article","og_title":"Nasze standardy test\u00f3w i oceny","og_description":"Nasze standardy test\u00f3w i oceny W &#8222;The Derma Check&#8221; rozumiemy zapotrzebowanie naszych u\u017cytkownik\u00f3w na przejrzyste i wiarygodne recenzje produkt\u00f3w. Naszym celem jest zapewnienie opartych na faktach, kompleksowych i zrozumia\u0142ych porad, kt\u00f3re daj\u0105 klientom pewno\u015b\u0107 podj\u0119cia \u015bwiadomej decyzji. Poni\u017cej wyja\u015bniamy nasz szczeg\u00f3\u0142owy proces testowania i oceny produkt\u00f3w. I. Wyb\u00f3r produkt\u00f3w: zagwarantowanie r\u00f3\u017cnorodno\u015bci i reprezentatywno\u015bci 1. badanie ... Mehr erfahren","og_url":"https:\/\/thedermacheck.com\/pl\/nasze-standardy-testow-i-oceny\/","og_site_name":"The Derma Check","article_modified_time":"2024-09-04T14:42:00+00:00","og_image":[{"width":1600,"height":1067,"url":"https:\/\/thedermacheck.com\/wp-content\/uploads\/2024\/01\/Produkttests-Vorgehensweise.jpg","type":"image\/jpeg"}],"twitter_card":"summary_large_image","twitter_misc":{"Szacowany czas czytania":"4 minuty"},"schema":{"@context":"https:\/\/schema.org","@graph":[{"@type":"WebPage","@id":"https:\/\/thedermacheck.com\/pl\/nasze-standardy-testow-i-oceny\/","url":"https:\/\/thedermacheck.com\/pl\/nasze-standardy-testow-i-oceny\/","name":"Nasze standardy test\u00f3w i oceny | The Derma Check","isPartOf":{"@id":"https:\/\/thedermacheck.com\/pl\/#website"},"primaryImageOfPage":{"@id":"https:\/\/thedermacheck.com\/pl\/nasze-standardy-testow-i-oceny\/#primaryimage"},"image":{"@id":"https:\/\/thedermacheck.com\/pl\/nasze-standardy-testow-i-oceny\/#primaryimage"},"thumbnailUrl":"https:\/\/thedermacheck.com\/wp-content\/uploads\/2024\/01\/Produkttests-Vorgehensweise.jpg","datePublished":"2024-01-04T11:29:36+00:00","dateModified":"2024-09-04T14:42:00+00:00","breadcrumb":{"@id":"https:\/\/thedermacheck.com\/pl\/nasze-standardy-testow-i-oceny\/#breadcrumb"},"inLanguage":"pl-PL","potentialAction":[{"@type":"ReadAction","target":["https:\/\/thedermacheck.com\/pl\/nasze-standardy-testow-i-oceny\/"]}]},{"@type":"ImageObject","inLanguage":"pl-PL","@id":"https:\/\/thedermacheck.com\/pl\/nasze-standardy-testow-i-oceny\/#primaryimage","url":"https:\/\/thedermacheck.com\/wp-content\/uploads\/2024\/01\/Produkttests-Vorgehensweise.jpg","contentUrl":"https:\/\/thedermacheck.com\/wp-content\/uploads\/2024\/01\/Produkttests-Vorgehensweise.jpg","width":1600,"height":1067,"caption":"Produkttests Vorgehensweise"},{"@type":"BreadcrumbList","@id":"https:\/\/thedermacheck.com\/pl\/nasze-standardy-testow-i-oceny\/#breadcrumb","itemListElement":[{"@type":"ListItem","position":1,"name":"Derma Check","item":"https:\/\/thedermacheck.com\/pl\/"},{"@type":"ListItem","position":2,"name":"Nasze standardy test\u00f3w i oceny"}]},{"@type":"WebSite","@id":"https:\/\/thedermacheck.com\/pl\/#website","url":"https:\/\/thedermacheck.com\/pl\/","name":"The Derma Check","description":"","publisher":{"@id":"https:\/\/thedermacheck.com\/pl\/#organization"},"potentialAction":[{"@type":"SearchAction","target":{"@type":"EntryPoint","urlTemplate":"https:\/\/thedermacheck.com\/pl\/?s={search_term_string}"},"query-input":{"@type":"PropertyValueSpecification","valueRequired":true,"valueName":"search_term_string"}}],"inLanguage":"pl-PL"},{"@type":"Organization","@id":"https:\/\/thedermacheck.com\/pl\/#organization","name":"The Derma Check","url":"https:\/\/thedermacheck.com\/pl\/","logo":{"@type":"ImageObject","inLanguage":"pl-PL","@id":"https:\/\/thedermacheck.com\/pl\/#\/schema\/logo\/image\/","url":"https:\/\/thedermacheck.com\/wp-content\/uploads\/2023\/10\/cropped-THE-DERMA-CHECK-FAVICON-NEW-1.png","contentUrl":"https:\/\/thedermacheck.com\/wp-content\/uploads\/2023\/10\/cropped-THE-DERMA-CHECK-FAVICON-NEW-1.png","width":512,"height":512,"caption":"The Derma Check"},"image":{"@id":"https:\/\/thedermacheck.com\/pl\/#\/schema\/logo\/image\/"}}]}},"_links":{"self":[{"href":"https:\/\/thedermacheck.com\/pl\/wp-json\/wp\/v2\/pages\/2874","targetHints":{"allow":["GET"]}}],"collection":[{"href":"https:\/\/thedermacheck.com\/pl\/wp-json\/wp\/v2\/pages"}],"about":[{"href":"https:\/\/thedermacheck.com\/pl\/wp-json\/wp\/v2\/types\/page"}],"author":[{"embeddable":true,"href":"https:\/\/thedermacheck.com\/pl\/wp-json\/wp\/v2\/users\/1"}],"replies":[{"embeddable":true,"href":"https:\/\/thedermacheck.com\/pl\/wp-json\/wp\/v2\/comments?post=2874"}],"version-history":[{"count":1,"href":"https:\/\/thedermacheck.com\/pl\/wp-json\/wp\/v2\/pages\/2874\/revisions"}],"predecessor-version":[{"id":2875,"href":"https:\/\/thedermacheck.com\/pl\/wp-json\/wp\/v2\/pages\/2874\/revisions\/2875"}],"wp:featuredmedia":[{"embeddable":true,"href":"https:\/\/thedermacheck.com\/pl\/wp-json\/wp\/v2\/media\/2574"}],"wp:attachment":[{"href":"https:\/\/thedermacheck.com\/pl\/wp-json\/wp\/v2\/media?parent=2874"}],"wp:term":[{"taxonomy":"category","embeddable":true,"href":"https:\/\/thedermacheck.com\/pl\/wp-json\/wp\/v2\/categories?post=2874"},{"taxonomy":"post_tag","embeddable":true,"href":"https:\/\/thedermacheck.com\/pl\/wp-json\/wp\/v2\/tags?post=2874"}],"curies":[{"name":"wp","href":"https:\/\/api.w.org\/{rel}","templated":true}]}}