{"id":2894,"date":"2023-12-19T14:58:19","date_gmt":"2023-12-19T14:58:19","guid":{"rendered":"https:\/\/thedermacheck.com\/witamina-c-w-produktach-do-pielegnacji-skory-rozswietlajacy-eliksir-dla-twojej-skory\/"},"modified":"2024-02-13T14:49:40","modified_gmt":"2024-02-13T14:49:40","slug":"witamina-c-w-produktach-do-pielegnacji-skory-rozswietlajacy-eliksir-dla-twojej-skory","status":"publish","type":"page","link":"https:\/\/thedermacheck.com\/pl\/witamina-c-w-produktach-do-pielegnacji-skory-rozswietlajacy-eliksir-dla-twojej-skory\/","title":{"rendered":"Witamina C w produktach do piel\u0119gnacji sk\u00f3ry: Roz\u015bwietlaj\u0105cy eliksir dla Twojej sk\u00f3ry"},"content":{"rendered":"\n<p><strong>WITAMINA C W PIEL\u0118GNACJI SK\u00d3RY<\/strong><\/p>\n\n<ul class=\"wp-block-list\">\n<li><strong>Rodzaj sk\u0142adnika<\/strong>: przeciwutleniacz<\/li>\n\n\n\n<li><strong>G\u0142\u00f3wne korzy\u015bci<\/strong>: Wspomaga produkcj\u0119 kolagenu, chroni przed wolnymi rodnikami, rozja\u015bnia cer\u0119<\/li>\n\n\n\n<li><strong>Idealny dla<\/strong>: Wszystkich typ\u00f3w sk\u00f3ry, szczeg\u00f3lnie sk\u00f3ry z oznakami starzenia i przebarwieniami<\/li>\n\n\n\n<li><strong>Cz\u0119stotliwo\u015b\u0107<\/strong> stosowania: codziennie, najlepiej rano<\/li>\n\n\n\n<li><strong>Dobrze \u0142\u0105czy si\u0119 z<\/strong>: Ochron\u0105 przeciws\u0142oneczn\u0105, witamin\u0105 E, kwasem ferulowym<\/li>\n\n\n\n<li>Nale\u017cy <strong>unika\u0107 w przypadku<\/strong>: Nadwra\u017cliwej sk\u00f3ry, w po\u0142\u0105czeniu z niekt\u00f3rymi sk\u0142adnikami, takimi jak nadtlenek benzoilu<\/li>\n<\/ul>\n\n<h2 class=\"wp-block-heading\">Wprowadzenie: Czym jest witamina C?<\/h2>\n\n<p>Witamina C, znana r\u00f3wnie\u017c jako kwas askorbinowy, jest silnym przeciwutleniaczem i kluczowym sk\u0142adnikiem wielu produkt\u00f3w do piel\u0119gnacji sk\u00f3ry. Jest popularny ze wzgl\u0119du na jego zdolno\u015b\u0107 do rozja\u015bniania cery i ochrony sk\u00f3ry przed szkodliwym dzia\u0142aniem \u015brodowiska.<\/p>\n\n<h3 class=\"wp-block-heading\">Korzy\u015bci witaminy C dla sk\u00f3ry<\/h3>\n\n<h4 class=\"wp-block-heading\">Rozja\u015bnienie cery<\/h4>\n\n<p>Witamina C jest znana ze swoich w\u0142a\u015bciwo\u015bci rozja\u015bniaj\u0105cych, kt\u00f3re mog\u0105 redukowa\u0107 przebarwienia i plamy starcze.<\/p>\n\n<h4 class=\"wp-block-heading\">Promowanie produkcji kolagenu<\/h4>\n\n<p>Przyczynia si\u0119 do produkcji kolagenu, co prowadzi do j\u0119drniejszej i g\u0142adszej sk\u00f3ry.<\/p>\n\n<h4 class=\"wp-block-heading\">Ochrona przed szkodami wyrz\u0105dzonymi \u015brodowisku naturalnemu<\/h4>\n\n<p>Jako przeciwutleniacz, witamina C pomaga chroni\u0107 sk\u00f3r\u0119 przed uszkodzeniami spowodowanymi przez wolne rodniki i promienie UV.<\/p>\n\n<h3 class=\"wp-block-heading\">Mo\u017cliwe skutki uboczne stosowania witaminy C<\/h3>\n\n<h4 class=\"wp-block-heading\">Podra\u017cnienia sk\u00f3ry<\/h4>\n\n<p>W rzadkich przypadkach witamina C mo\u017ce powodowa\u0107 podra\u017cnienie lub zaczerwienienie sk\u00f3ry, zw\u0142aszcza w wysokich st\u0119\u017ceniach.<\/p>\n\n<h4 class=\"wp-block-heading\">Niestabilno\u015b\u0107<\/h4>\n\n<p>Witamina C mo\u017ce sta\u0107 si\u0119 niestabilna i straci\u0107 swoj\u0105 skuteczno\u015b\u0107, je\u015bli nie jest odpowiednio przechowywana.<\/p>\n\n<h2 class=\"wp-block-heading\">Zastosowanie witaminy C w produktach do piel\u0119gnacji sk\u00f3ry<\/h2>\n\n<h3 class=\"wp-block-heading\">Prawid\u0142owe zastosowanie<\/h3>\n\n<ul class=\"wp-block-list\">\n<li><strong>Codzienne stosowanie<\/strong>: Idealny rano po oczyszczeniu sk\u00f3ry i przed na\u0142o\u017ceniem kremu z filtrem przeciws\u0142onecznym.<\/li>\n\n\n\n<li><strong>Po\u0142\u0105czenie z innymi produktami<\/strong>: Witamina C dzia\u0142a synergistycznie z witamin\u0105 E i kwasem ferulowym w celu wzmocnienia ochrony antyoksydacyjnej.<\/li>\n<\/ul>\n\n<h3 class=\"wp-block-heading\">Jak go nie u\u017cywa\u0107<\/h3>\n\n<ul class=\"wp-block-list\">\n<li><strong>Nie \u0142\u0105czy\u0107 z niekompatybilnymi sk\u0142adnikami<\/strong>: Unika\u0107 jednoczesnego stosowania z produktami zawieraj\u0105cymi nadtlenek benzoilu lub niacynamid, poniewa\u017c mo\u017ce to os\u0142abi\u0107 skuteczno\u015b\u0107 witaminy C.<\/li>\n<\/ul>\n\n<h2 class=\"wp-block-heading\">FAQ<\/h2>\n\n<p><strong>1. Czy witamina C jest odpowiednia dla wszystkich rodzaj\u00f3w sk\u00f3ry?<\/strong>  Tak, witamina C jest og\u00f3lnie odpowiednia dla wszystkich rodzaj\u00f3w sk\u00f3ry, ale osoby z nadwra\u017cliw\u0105 sk\u00f3r\u0105 powinny zachowa\u0107 ostro\u017cno\u015b\u0107.<\/p>\n\n<p><strong>2. Jaki jest najlepszy spos\u00f3b przechowywania produkt\u00f3w z witamin\u0105 C?<\/strong>  Produkty z witamin\u0105 C powinny by\u0107 przechowywane w ch\u0142odnym, ciemnym miejscu, aby zachowa\u0107 ich stabilno\u015b\u0107.<\/p>\n\n<p><strong>3. Czy witamina C mo\u017ce leczy\u0107 tr\u0105dzik?<\/strong>  Chocia\u017c witamina C nie jest stosowana specjalnie w leczeniu tr\u0105dziku, mo\u017ce pom\u00f3c poprawi\u0107 og\u00f3lny wygl\u0105d sk\u00f3ry.<\/p>\n\n<h2 class=\"wp-block-heading\">Wnioski<\/h2>\n\n<p>Witamina C jest istotn\u0105 cz\u0119\u015bci\u0105 skutecznej rutyny piel\u0119gnacji sk\u00f3ry i oferuje liczne korzy\u015bci, od rozja\u015bnienia cery po ochron\u0119 przed szkodliwym dzia\u0142aniem \u015brodowiska. Prawid\u0142owe stosowanie i przechowywanie ma kluczowe znaczenie dla maksymalizacji pe\u0142nego efektu i promowania zdrowia sk\u00f3ry.<\/p>\n","protected":false},"excerpt":{"rendered":"<p>WITAMINA C W PIEL\u0118GNACJI SK\u00d3RY Wprowadzenie: Czym jest witamina C? Witamina C, znana r\u00f3wnie\u017c jako kwas askorbinowy, jest silnym przeciwutleniaczem i kluczowym sk\u0142adnikiem wielu produkt\u00f3w do piel\u0119gnacji sk\u00f3ry. Jest popularny ze wzgl\u0119du na jego zdolno\u015b\u0107 do rozja\u015bniania cery i ochrony sk\u00f3ry przed szkodliwym dzia\u0142aniem \u015brodowiska. Korzy\u015bci witaminy C dla sk\u00f3ry Rozja\u015bnienie cery Witamina C jest &#8230; <a title=\"Witamina C w produktach do piel\u0119gnacji sk\u00f3ry: Roz\u015bwietlaj\u0105cy eliksir dla Twojej sk\u00f3ry\" class=\"read-more\" href=\"https:\/\/thedermacheck.com\/pl\/witamina-c-w-produktach-do-pielegnacji-skory-rozswietlajacy-eliksir-dla-twojej-skory\/\" aria-label=\"Dowiedz si\u0119 wi\u0119cej o Witamina C w produktach do piel\u0119gnacji sk\u00f3ry: Roz\u015bwietlaj\u0105cy eliksir dla Twojej sk\u00f3ry\">Mehr erfahren<\/a><\/p>\n","protected":false},"author":2,"featured_media":0,"parent":0,"menu_order":0,"comment_status":"closed","ping_status":"closed","template":"","meta":{"_acf_changed":false,"_lmt_disableupdate":"","_lmt_disable":"","footnotes":""},"categories":[42],"tags":[],"class_list":{"0":"post-2894","1":"page","2":"type-page","3":"status-publish","5":"category-skladniki"},"acf":[],"yoast_head":"<!-- This site is optimized with the Yoast SEO Premium plugin v25.7.1 (Yoast SEO v25.7) - https:\/\/yoast.com\/wordpress\/plugins\/seo\/ -->\n<title>Witamina C w produktach do piel\u0119gnacji sk\u00f3ry: Roz\u015bwietlaj\u0105cy eliksir dla Twojej sk\u00f3ry | The Derma Check<\/title>\n<meta name=\"robots\" content=\"index, follow, max-snippet:-1, max-image-preview:large, max-video-preview:-1\" \/>\n<link rel=\"canonical\" href=\"https:\/\/thedermacheck.com\/pl\/witamina-c-w-produktach-do-pielegnacji-skory-rozswietlajacy-eliksir-dla-twojej-skory\/\" \/>\n<meta property=\"og:locale\" content=\"pl_PL\" \/>\n<meta property=\"og:type\" content=\"article\" \/>\n<meta property=\"og:title\" content=\"Witamina C w produktach do piel\u0119gnacji sk\u00f3ry: Roz\u015bwietlaj\u0105cy eliksir dla Twojej sk\u00f3ry\" \/>\n<meta property=\"og:description\" content=\"WITAMINA C W PIEL\u0118GNACJI SK\u00d3RY Wprowadzenie: Czym jest witamina C? Witamina C, znana r\u00f3wnie\u017c jako kwas askorbinowy, jest silnym przeciwutleniaczem i kluczowym sk\u0142adnikiem wielu produkt\u00f3w do piel\u0119gnacji sk\u00f3ry. Jest popularny ze wzgl\u0119du na jego zdolno\u015b\u0107 do rozja\u015bniania cery i ochrony sk\u00f3ry przed szkodliwym dzia\u0142aniem \u015brodowiska. Korzy\u015bci witaminy C dla sk\u00f3ry Rozja\u015bnienie cery Witamina C jest ... Mehr erfahren\" \/>\n<meta property=\"og:url\" content=\"https:\/\/thedermacheck.com\/pl\/witamina-c-w-produktach-do-pielegnacji-skory-rozswietlajacy-eliksir-dla-twojej-skory\/\" \/>\n<meta property=\"og:site_name\" content=\"The Derma Check\" \/>\n<meta property=\"article:modified_time\" content=\"2024-02-13T14:49:40+00:00\" \/>\n<meta name=\"twitter:card\" content=\"summary_large_image\" \/>\n<meta name=\"twitter:label1\" content=\"Szacowany czas czytania\" \/>\n\t<meta name=\"twitter:data1\" content=\"2 minuty\" \/>\n<script type=\"application\/ld+json\" class=\"yoast-schema-graph\">{\"@context\":\"https:\/\/schema.org\",\"@graph\":[{\"@type\":\"WebPage\",\"@id\":\"https:\/\/thedermacheck.com\/pl\/witamina-c-w-produktach-do-pielegnacji-skory-rozswietlajacy-eliksir-dla-twojej-skory\/\",\"url\":\"https:\/\/thedermacheck.com\/pl\/witamina-c-w-produktach-do-pielegnacji-skory-rozswietlajacy-eliksir-dla-twojej-skory\/\",\"name\":\"Witamina C w produktach do piel\u0119gnacji sk\u00f3ry: Roz\u015bwietlaj\u0105cy eliksir dla Twojej sk\u00f3ry | The Derma Check\",\"isPartOf\":{\"@id\":\"https:\/\/thedermacheck.com\/pl\/#website\"},\"datePublished\":\"2023-12-19T14:58:19+00:00\",\"dateModified\":\"2024-02-13T14:49:40+00:00\",\"breadcrumb\":{\"@id\":\"https:\/\/thedermacheck.com\/pl\/witamina-c-w-produktach-do-pielegnacji-skory-rozswietlajacy-eliksir-dla-twojej-skory\/#breadcrumb\"},\"inLanguage\":\"pl-PL\",\"potentialAction\":[{\"@type\":\"ReadAction\",\"target\":[\"https:\/\/thedermacheck.com\/pl\/witamina-c-w-produktach-do-pielegnacji-skory-rozswietlajacy-eliksir-dla-twojej-skory\/\"]}]},{\"@type\":\"BreadcrumbList\",\"@id\":\"https:\/\/thedermacheck.com\/pl\/witamina-c-w-produktach-do-pielegnacji-skory-rozswietlajacy-eliksir-dla-twojej-skory\/#breadcrumb\",\"itemListElement\":[{\"@type\":\"ListItem\",\"position\":1,\"name\":\"Derma Check\",\"item\":\"https:\/\/thedermacheck.com\/pl\/\"},{\"@type\":\"ListItem\",\"position\":2,\"name\":\"Witamina C w produktach do piel\u0119gnacji sk\u00f3ry: Roz\u015bwietlaj\u0105cy eliksir dla Twojej sk\u00f3ry\"}]},{\"@type\":\"WebSite\",\"@id\":\"https:\/\/thedermacheck.com\/pl\/#website\",\"url\":\"https:\/\/thedermacheck.com\/pl\/\",\"name\":\"The Derma Check\",\"description\":\"\",\"publisher\":{\"@id\":\"https:\/\/thedermacheck.com\/pl\/#organization\"},\"potentialAction\":[{\"@type\":\"SearchAction\",\"target\":{\"@type\":\"EntryPoint\",\"urlTemplate\":\"https:\/\/thedermacheck.com\/pl\/?s={search_term_string}\"},\"query-input\":{\"@type\":\"PropertyValueSpecification\",\"valueRequired\":true,\"valueName\":\"search_term_string\"}}],\"inLanguage\":\"pl-PL\"},{\"@type\":\"Organization\",\"@id\":\"https:\/\/thedermacheck.com\/pl\/#organization\",\"name\":\"The Derma Check\",\"url\":\"https:\/\/thedermacheck.com\/pl\/\",\"logo\":{\"@type\":\"ImageObject\",\"inLanguage\":\"pl-PL\",\"@id\":\"https:\/\/thedermacheck.com\/pl\/#\/schema\/logo\/image\/\",\"url\":\"https:\/\/thedermacheck.com\/wp-content\/uploads\/2023\/10\/cropped-THE-DERMA-CHECK-FAVICON-NEW-1.png\",\"contentUrl\":\"https:\/\/thedermacheck.com\/wp-content\/uploads\/2023\/10\/cropped-THE-DERMA-CHECK-FAVICON-NEW-1.png\",\"width\":512,\"height\":512,\"caption\":\"The Derma Check\"},\"image\":{\"@id\":\"https:\/\/thedermacheck.com\/pl\/#\/schema\/logo\/image\/\"}}]}<\/script>\n<!-- \/ Yoast SEO Premium plugin. -->","yoast_head_json":{"title":"Witamina C w produktach do piel\u0119gnacji sk\u00f3ry: Roz\u015bwietlaj\u0105cy eliksir dla Twojej sk\u00f3ry | The Derma Check","robots":{"index":"index","follow":"follow","max-snippet":"max-snippet:-1","max-image-preview":"max-image-preview:large","max-video-preview":"max-video-preview:-1"},"canonical":"https:\/\/thedermacheck.com\/pl\/witamina-c-w-produktach-do-pielegnacji-skory-rozswietlajacy-eliksir-dla-twojej-skory\/","og_locale":"pl_PL","og_type":"article","og_title":"Witamina C w produktach do piel\u0119gnacji sk\u00f3ry: Roz\u015bwietlaj\u0105cy eliksir dla Twojej sk\u00f3ry","og_description":"WITAMINA C W PIEL\u0118GNACJI SK\u00d3RY Wprowadzenie: Czym jest witamina C? Witamina C, znana r\u00f3wnie\u017c jako kwas askorbinowy, jest silnym przeciwutleniaczem i kluczowym sk\u0142adnikiem wielu produkt\u00f3w do piel\u0119gnacji sk\u00f3ry. Jest popularny ze wzgl\u0119du na jego zdolno\u015b\u0107 do rozja\u015bniania cery i ochrony sk\u00f3ry przed szkodliwym dzia\u0142aniem \u015brodowiska. Korzy\u015bci witaminy C dla sk\u00f3ry Rozja\u015bnienie cery Witamina C jest ... Mehr erfahren","og_url":"https:\/\/thedermacheck.com\/pl\/witamina-c-w-produktach-do-pielegnacji-skory-rozswietlajacy-eliksir-dla-twojej-skory\/","og_site_name":"The Derma Check","article_modified_time":"2024-02-13T14:49:40+00:00","twitter_card":"summary_large_image","twitter_misc":{"Szacowany czas czytania":"2 minuty"},"schema":{"@context":"https:\/\/schema.org","@graph":[{"@type":"WebPage","@id":"https:\/\/thedermacheck.com\/pl\/witamina-c-w-produktach-do-pielegnacji-skory-rozswietlajacy-eliksir-dla-twojej-skory\/","url":"https:\/\/thedermacheck.com\/pl\/witamina-c-w-produktach-do-pielegnacji-skory-rozswietlajacy-eliksir-dla-twojej-skory\/","name":"Witamina C w produktach do piel\u0119gnacji sk\u00f3ry: Roz\u015bwietlaj\u0105cy eliksir dla Twojej sk\u00f3ry | The Derma Check","isPartOf":{"@id":"https:\/\/thedermacheck.com\/pl\/#website"},"datePublished":"2023-12-19T14:58:19+00:00","dateModified":"2024-02-13T14:49:40+00:00","breadcrumb":{"@id":"https:\/\/thedermacheck.com\/pl\/witamina-c-w-produktach-do-pielegnacji-skory-rozswietlajacy-eliksir-dla-twojej-skory\/#breadcrumb"},"inLanguage":"pl-PL","potentialAction":[{"@type":"ReadAction","target":["https:\/\/thedermacheck.com\/pl\/witamina-c-w-produktach-do-pielegnacji-skory-rozswietlajacy-eliksir-dla-twojej-skory\/"]}]},{"@type":"BreadcrumbList","@id":"https:\/\/thedermacheck.com\/pl\/witamina-c-w-produktach-do-pielegnacji-skory-rozswietlajacy-eliksir-dla-twojej-skory\/#breadcrumb","itemListElement":[{"@type":"ListItem","position":1,"name":"Derma Check","item":"https:\/\/thedermacheck.com\/pl\/"},{"@type":"ListItem","position":2,"name":"Witamina C w produktach do piel\u0119gnacji sk\u00f3ry: Roz\u015bwietlaj\u0105cy eliksir dla Twojej sk\u00f3ry"}]},{"@type":"WebSite","@id":"https:\/\/thedermacheck.com\/pl\/#website","url":"https:\/\/thedermacheck.com\/pl\/","name":"The Derma Check","description":"","publisher":{"@id":"https:\/\/thedermacheck.com\/pl\/#organization"},"potentialAction":[{"@type":"SearchAction","target":{"@type":"EntryPoint","urlTemplate":"https:\/\/thedermacheck.com\/pl\/?s={search_term_string}"},"query-input":{"@type":"PropertyValueSpecification","valueRequired":true,"valueName":"search_term_string"}}],"inLanguage":"pl-PL"},{"@type":"Organization","@id":"https:\/\/thedermacheck.com\/pl\/#organization","name":"The Derma Check","url":"https:\/\/thedermacheck.com\/pl\/","logo":{"@type":"ImageObject","inLanguage":"pl-PL","@id":"https:\/\/thedermacheck.com\/pl\/#\/schema\/logo\/image\/","url":"https:\/\/thedermacheck.com\/wp-content\/uploads\/2023\/10\/cropped-THE-DERMA-CHECK-FAVICON-NEW-1.png","contentUrl":"https:\/\/thedermacheck.com\/wp-content\/uploads\/2023\/10\/cropped-THE-DERMA-CHECK-FAVICON-NEW-1.png","width":512,"height":512,"caption":"The Derma Check"},"image":{"@id":"https:\/\/thedermacheck.com\/pl\/#\/schema\/logo\/image\/"}}]}},"_links":{"self":[{"href":"https:\/\/thedermacheck.com\/pl\/wp-json\/wp\/v2\/pages\/2894","targetHints":{"allow":["GET"]}}],"collection":[{"href":"https:\/\/thedermacheck.com\/pl\/wp-json\/wp\/v2\/pages"}],"about":[{"href":"https:\/\/thedermacheck.com\/pl\/wp-json\/wp\/v2\/types\/page"}],"author":[{"embeddable":true,"href":"https:\/\/thedermacheck.com\/pl\/wp-json\/wp\/v2\/users\/2"}],"replies":[{"embeddable":true,"href":"https:\/\/thedermacheck.com\/pl\/wp-json\/wp\/v2\/comments?post=2894"}],"version-history":[{"count":1,"href":"https:\/\/thedermacheck.com\/pl\/wp-json\/wp\/v2\/pages\/2894\/revisions"}],"predecessor-version":[{"id":2895,"href":"https:\/\/thedermacheck.com\/pl\/wp-json\/wp\/v2\/pages\/2894\/revisions\/2895"}],"wp:attachment":[{"href":"https:\/\/thedermacheck.com\/pl\/wp-json\/wp\/v2\/media?parent=2894"}],"wp:term":[{"taxonomy":"category","embeddable":true,"href":"https:\/\/thedermacheck.com\/pl\/wp-json\/wp\/v2\/categories?post=2894"},{"taxonomy":"post_tag","embeddable":true,"href":"https:\/\/thedermacheck.com\/pl\/wp-json\/wp\/v2\/tags?post=2894"}],"curies":[{"name":"wp","href":"https:\/\/api.w.org\/{rel}","templated":true}]}}