{"id":2914,"date":"2023-12-19T14:59:05","date_gmt":"2023-12-19T14:59:05","guid":{"rendered":"https:\/\/thedermacheck.com\/witamina-k-w-produktach-do-pielegnacji-skory-niewidzialny-bohater-dla-zdrowej-skory\/"},"modified":"2024-02-13T14:49:59","modified_gmt":"2024-02-13T14:49:59","slug":"witamina-k-w-produktach-do-pielegnacji-skory-niewidzialny-bohater-dla-zdrowej-skory","status":"publish","type":"page","link":"https:\/\/thedermacheck.com\/pl\/witamina-k-w-produktach-do-pielegnacji-skory-niewidzialny-bohater-dla-zdrowej-skory\/","title":{"rendered":"Witamina K w produktach do piel\u0119gnacji sk\u00f3ry: Niewidzialny bohater dla zdrowej sk\u00f3ry"},"content":{"rendered":"\n<p><strong>WITAMINA K W PIEL\u0118GNACJI SK\u00d3RY<\/strong><\/p>\n\n<ul class=\"wp-block-list\">\n<li><strong>Rodzaj sk\u0142adnika<\/strong>: witamina, koagulant krwi<\/li>\n\n\n\n<li><strong>G\u0142\u00f3wne korzy\u015bci<\/strong>: Zmniejsza cienie pod oczami, wspomaga gojenie uszkodze\u0144 sk\u00f3ry, poprawia wygl\u0105d blizn<\/li>\n\n\n\n<li><strong>Idealny dla<\/strong>: Os\u00f3b z cieniami pod oczami, bliznami oraz w celu wspomagania gojenia si\u0119 sk\u00f3ry<\/li>\n\n\n\n<li><strong>Cz\u0119stotliwo\u015b\u0107 stosowania<\/strong>: zgodnie z instrukcjami dotycz\u0105cymi produktu, cz\u0119sto codziennie<\/li>\n\n\n\n<li><strong>Dobrze \u0142\u0105czy si\u0119 z<\/strong>: Witaminami A i C, kremami nawil\u017caj\u0105cymi<\/li>\n\n\n\n<li><strong>Nale\u017cy unika\u0107 w przypadku<\/strong>: Nadwra\u017cliwej sk\u00f3ry, jednoczesnego stosowania lek\u00f3w przeciwzakrzepowych<\/li>\n<\/ul>\n\n<h2 class=\"wp-block-heading\">Wprowadzenie: Czym jest witamina K?<\/h2>\n\n<p>Witamina K, cz\u0119sto pomijana witamina w piel\u0119gnacji sk\u00f3ry, odgrywa istotn\u0105 rol\u0119 w krzepni\u0119ciu krwi i mo\u017ce pom\u00f3c w poprawie r\u00f3\u017cnych stan\u00f3w sk\u00f3ry.<\/p>\n\n<h3 class=\"wp-block-heading\">Korzy\u015bci witaminy K dla sk\u00f3ry<\/h3>\n\n<h4 class=\"wp-block-heading\">Redukcja cieni pod oczami<\/h4>\n\n<p>Witamina K mo\u017ce pom\u00f3c zmniejszy\u0107 widoczno\u015b\u0107 cieni pod oczami poprzez popraw\u0119 kr\u0105\u017cenia krwi w tym obszarze.<\/p>\n\n<h4 class=\"wp-block-heading\">Wsparcie dla gojenia si\u0119 sk\u00f3ry<\/h4>\n\n<p>Wspomaga gojenie si\u0119 uszkodze\u0144 sk\u00f3ry, dzi\u0119ki czemu mo\u017ce poprawi\u0107 wygl\u0105d blizn i krwiak\u00f3w.<\/p>\n\n<h4 class=\"wp-block-heading\">Og\u00f3lny stan zdrowia sk\u00f3ry<\/h4>\n\n<p>Witamina K wspomaga utrzymanie silnej i zdrowej bariery ochronnej sk\u00f3ry.<\/p>\n\n<h3 class=\"wp-block-heading\">Mo\u017cliwe dzia\u0142ania niepo\u017c\u0105dane witaminy K<\/h3>\n\n<h4 class=\"wp-block-heading\">Podra\u017cnienia sk\u00f3ry<\/h4>\n\n<p>Podobnie jak w przypadku wszystkich produkt\u00f3w do piel\u0119gnacji sk\u00f3ry, witamina K mo\u017ce r\u00f3wnie\u017c powodowa\u0107 podra\u017cnienia sk\u00f3ry u niekt\u00f3rych os\u00f3b.<\/p>\n\n<h4 class=\"wp-block-heading\">Interakcje z lekami<\/h4>\n\n<p>Osoby przyjmuj\u0105ce leki rozrzedzaj\u0105ce krew powinny skonsultowa\u0107 si\u0119 z lekarzem przed zastosowaniem produkt\u00f3w zawieraj\u0105cych witamin\u0119 K.<\/p>\n\n<h2 class=\"wp-block-heading\">Zastosowanie witaminy K w produktach do piel\u0119gnacji sk\u00f3ry<\/h2>\n\n<h3 class=\"wp-block-heading\">Prawid\u0142owe zastosowanie<\/h3>\n\n<ul class=\"wp-block-list\">\n<li><strong>W ramach codziennej piel\u0119gnacji sk\u00f3ry<\/strong>: Witamina K mo\u017ce by\u0107 stosowana regularnie w ramach kompleksowej piel\u0119gnacji sk\u00f3ry.<\/li>\n\n\n\n<li><strong>W po\u0142\u0105czeniu z innymi produktami<\/strong>: Dobrze \u0142\u0105czy si\u0119 z innymi produktami do piel\u0119gnacji sk\u00f3ry, zw\u0142aszcza z witaminami A i C.<\/li>\n<\/ul>\n\n<h3 class=\"wp-block-heading\">Jak go nie u\u017cywa\u0107<\/h3>\n\n<ul class=\"wp-block-list\">\n<li><strong>Ostro\u017cnie podczas przyjmowania lek\u00f3w<\/strong>: W przypadku jednoczesnego przyjmowania lek\u00f3w rozrzedzaj\u0105cych krew nale\u017cy skonsultowa\u0107 si\u0119 z lekarzem.<\/li>\n\n\n\n<li><strong>Nie stosowa\u0107 na uszkodzon\u0105 sk\u00f3r\u0119<\/strong>: Unika\u0107 stosowania na otwarte rany lub stan zapalny sk\u00f3ry.<\/li>\n<\/ul>\n\n<h2 class=\"wp-block-heading\">FAQ<\/h2>\n\n<p><strong>1. Czy witamina K jest bezpieczna dla wszystkich rodzaj\u00f3w sk\u00f3ry?<\/strong>  Zasadniczo tak, ale osoby z nadwra\u017cliw\u0105 sk\u00f3r\u0105 powinny zachowa\u0107 ostro\u017cno\u015b\u0107.<\/p>\n\n<p><strong>2. Jak szybko mo\u017cna spodziewa\u0107 si\u0119 wynik\u00f3w?<\/strong>  Wyniki mog\u0105 si\u0119 r\u00f3\u017cni\u0107, ale poprawa jest cz\u0119sto widoczna w ci\u0105gu kilku tygodni.<\/p>\n\n<p><strong>3. Czy witamina K mo\u017ce by\u0107 r\u00f3wnie\u017c stosowana na s\u0142o\u0144cu?<\/strong>  Tak, witamina K jest og\u00f3lnie bezpieczna dla s\u0142o\u0144ca, ale ochrona przeciws\u0142oneczna powinna by\u0107 stosowana codziennie.<\/p>\n\n<h2 class=\"wp-block-heading\">Wnioski<\/h2>\n\n<p>Witamina K jest cennym sk\u0142adnikiem w piel\u0119gnacji sk\u00f3ry, kt\u00f3ry mo\u017ce by\u0107 szczeg\u00f3lnie pomocny w zmniejszaniu cieni pod oczami i wspomaganiu gojenia si\u0119 sk\u00f3ry. Odpowiednie stosowanie i uwzgl\u0119dnienie indywidualnych potrzeb sk\u00f3ry mo\u017ce zoptymalizowa\u0107 korzy\u015bci p\u0142yn\u0105ce z tej witaminy i przyczyni\u0107 si\u0119 do zdrowej, promiennej sk\u00f3ry.<\/p>\n","protected":false},"excerpt":{"rendered":"<p>WITAMINA K W PIEL\u0118GNACJI SK\u00d3RY Wprowadzenie: Czym jest witamina K? Witamina K, cz\u0119sto pomijana witamina w piel\u0119gnacji sk\u00f3ry, odgrywa istotn\u0105 rol\u0119 w krzepni\u0119ciu krwi i mo\u017ce pom\u00f3c w poprawie r\u00f3\u017cnych stan\u00f3w sk\u00f3ry. Korzy\u015bci witaminy K dla sk\u00f3ry Redukcja cieni pod oczami Witamina K mo\u017ce pom\u00f3c zmniejszy\u0107 widoczno\u015b\u0107 cieni pod oczami poprzez popraw\u0119 kr\u0105\u017cenia krwi w &#8230; <a title=\"Witamina K w produktach do piel\u0119gnacji sk\u00f3ry: Niewidzialny bohater dla zdrowej sk\u00f3ry\" class=\"read-more\" href=\"https:\/\/thedermacheck.com\/pl\/witamina-k-w-produktach-do-pielegnacji-skory-niewidzialny-bohater-dla-zdrowej-skory\/\" aria-label=\"Dowiedz si\u0119 wi\u0119cej o Witamina K w produktach do piel\u0119gnacji sk\u00f3ry: Niewidzialny bohater dla zdrowej sk\u00f3ry\">Mehr erfahren<\/a><\/p>\n","protected":false},"author":2,"featured_media":0,"parent":0,"menu_order":0,"comment_status":"closed","ping_status":"closed","template":"","meta":{"_acf_changed":false,"_lmt_disableupdate":"","_lmt_disable":"","footnotes":""},"categories":[42],"tags":[],"class_list":{"0":"post-2914","1":"page","2":"type-page","3":"status-publish","5":"category-skladniki"},"acf":[],"yoast_head":"<!-- This site is optimized with the Yoast SEO Premium plugin v25.7.1 (Yoast SEO v25.7) - https:\/\/yoast.com\/wordpress\/plugins\/seo\/ -->\n<title>Witamina K w produktach do piel\u0119gnacji sk\u00f3ry: Niewidzialny bohater dla zdrowej sk\u00f3ry | The Derma Check<\/title>\n<meta name=\"robots\" content=\"index, follow, max-snippet:-1, max-image-preview:large, max-video-preview:-1\" \/>\n<link rel=\"canonical\" href=\"https:\/\/thedermacheck.com\/pl\/witamina-k-w-produktach-do-pielegnacji-skory-niewidzialny-bohater-dla-zdrowej-skory\/\" \/>\n<meta property=\"og:locale\" content=\"pl_PL\" \/>\n<meta property=\"og:type\" content=\"article\" \/>\n<meta property=\"og:title\" content=\"Witamina K w produktach do piel\u0119gnacji sk\u00f3ry: Niewidzialny bohater dla zdrowej sk\u00f3ry\" \/>\n<meta property=\"og:description\" content=\"WITAMINA K W PIEL\u0118GNACJI SK\u00d3RY Wprowadzenie: Czym jest witamina K? Witamina K, cz\u0119sto pomijana witamina w piel\u0119gnacji sk\u00f3ry, odgrywa istotn\u0105 rol\u0119 w krzepni\u0119ciu krwi i mo\u017ce pom\u00f3c w poprawie r\u00f3\u017cnych stan\u00f3w sk\u00f3ry. Korzy\u015bci witaminy K dla sk\u00f3ry Redukcja cieni pod oczami Witamina K mo\u017ce pom\u00f3c zmniejszy\u0107 widoczno\u015b\u0107 cieni pod oczami poprzez popraw\u0119 kr\u0105\u017cenia krwi w ... Mehr erfahren\" \/>\n<meta property=\"og:url\" content=\"https:\/\/thedermacheck.com\/pl\/witamina-k-w-produktach-do-pielegnacji-skory-niewidzialny-bohater-dla-zdrowej-skory\/\" \/>\n<meta property=\"og:site_name\" content=\"The Derma Check\" \/>\n<meta property=\"article:modified_time\" content=\"2024-02-13T14:49:59+00:00\" \/>\n<meta name=\"twitter:card\" content=\"summary_large_image\" \/>\n<meta name=\"twitter:label1\" content=\"Szacowany czas czytania\" \/>\n\t<meta name=\"twitter:data1\" content=\"2 minuty\" \/>\n<script type=\"application\/ld+json\" class=\"yoast-schema-graph\">{\"@context\":\"https:\/\/schema.org\",\"@graph\":[{\"@type\":\"WebPage\",\"@id\":\"https:\/\/thedermacheck.com\/pl\/witamina-k-w-produktach-do-pielegnacji-skory-niewidzialny-bohater-dla-zdrowej-skory\/\",\"url\":\"https:\/\/thedermacheck.com\/pl\/witamina-k-w-produktach-do-pielegnacji-skory-niewidzialny-bohater-dla-zdrowej-skory\/\",\"name\":\"Witamina K w produktach do piel\u0119gnacji sk\u00f3ry: Niewidzialny bohater dla zdrowej sk\u00f3ry | The Derma Check\",\"isPartOf\":{\"@id\":\"https:\/\/thedermacheck.com\/pl\/#website\"},\"datePublished\":\"2023-12-19T14:59:05+00:00\",\"dateModified\":\"2024-02-13T14:49:59+00:00\",\"breadcrumb\":{\"@id\":\"https:\/\/thedermacheck.com\/pl\/witamina-k-w-produktach-do-pielegnacji-skory-niewidzialny-bohater-dla-zdrowej-skory\/#breadcrumb\"},\"inLanguage\":\"pl-PL\",\"potentialAction\":[{\"@type\":\"ReadAction\",\"target\":[\"https:\/\/thedermacheck.com\/pl\/witamina-k-w-produktach-do-pielegnacji-skory-niewidzialny-bohater-dla-zdrowej-skory\/\"]}]},{\"@type\":\"BreadcrumbList\",\"@id\":\"https:\/\/thedermacheck.com\/pl\/witamina-k-w-produktach-do-pielegnacji-skory-niewidzialny-bohater-dla-zdrowej-skory\/#breadcrumb\",\"itemListElement\":[{\"@type\":\"ListItem\",\"position\":1,\"name\":\"Derma Check\",\"item\":\"https:\/\/thedermacheck.com\/pl\/\"},{\"@type\":\"ListItem\",\"position\":2,\"name\":\"Witamina K w produktach do piel\u0119gnacji sk\u00f3ry: Niewidzialny bohater dla zdrowej sk\u00f3ry\"}]},{\"@type\":\"WebSite\",\"@id\":\"https:\/\/thedermacheck.com\/pl\/#website\",\"url\":\"https:\/\/thedermacheck.com\/pl\/\",\"name\":\"The Derma Check\",\"description\":\"\",\"publisher\":{\"@id\":\"https:\/\/thedermacheck.com\/pl\/#organization\"},\"potentialAction\":[{\"@type\":\"SearchAction\",\"target\":{\"@type\":\"EntryPoint\",\"urlTemplate\":\"https:\/\/thedermacheck.com\/pl\/?s={search_term_string}\"},\"query-input\":{\"@type\":\"PropertyValueSpecification\",\"valueRequired\":true,\"valueName\":\"search_term_string\"}}],\"inLanguage\":\"pl-PL\"},{\"@type\":\"Organization\",\"@id\":\"https:\/\/thedermacheck.com\/pl\/#organization\",\"name\":\"The Derma Check\",\"url\":\"https:\/\/thedermacheck.com\/pl\/\",\"logo\":{\"@type\":\"ImageObject\",\"inLanguage\":\"pl-PL\",\"@id\":\"https:\/\/thedermacheck.com\/pl\/#\/schema\/logo\/image\/\",\"url\":\"https:\/\/thedermacheck.com\/wp-content\/uploads\/2023\/10\/cropped-THE-DERMA-CHECK-FAVICON-NEW-1.png\",\"contentUrl\":\"https:\/\/thedermacheck.com\/wp-content\/uploads\/2023\/10\/cropped-THE-DERMA-CHECK-FAVICON-NEW-1.png\",\"width\":512,\"height\":512,\"caption\":\"The Derma Check\"},\"image\":{\"@id\":\"https:\/\/thedermacheck.com\/pl\/#\/schema\/logo\/image\/\"}}]}<\/script>\n<!-- \/ Yoast SEO Premium plugin. -->","yoast_head_json":{"title":"Witamina K w produktach do piel\u0119gnacji sk\u00f3ry: Niewidzialny bohater dla zdrowej sk\u00f3ry | The Derma Check","robots":{"index":"index","follow":"follow","max-snippet":"max-snippet:-1","max-image-preview":"max-image-preview:large","max-video-preview":"max-video-preview:-1"},"canonical":"https:\/\/thedermacheck.com\/pl\/witamina-k-w-produktach-do-pielegnacji-skory-niewidzialny-bohater-dla-zdrowej-skory\/","og_locale":"pl_PL","og_type":"article","og_title":"Witamina K w produktach do piel\u0119gnacji sk\u00f3ry: Niewidzialny bohater dla zdrowej sk\u00f3ry","og_description":"WITAMINA K W PIEL\u0118GNACJI SK\u00d3RY Wprowadzenie: Czym jest witamina K? Witamina K, cz\u0119sto pomijana witamina w piel\u0119gnacji sk\u00f3ry, odgrywa istotn\u0105 rol\u0119 w krzepni\u0119ciu krwi i mo\u017ce pom\u00f3c w poprawie r\u00f3\u017cnych stan\u00f3w sk\u00f3ry. Korzy\u015bci witaminy K dla sk\u00f3ry Redukcja cieni pod oczami Witamina K mo\u017ce pom\u00f3c zmniejszy\u0107 widoczno\u015b\u0107 cieni pod oczami poprzez popraw\u0119 kr\u0105\u017cenia krwi w ... Mehr erfahren","og_url":"https:\/\/thedermacheck.com\/pl\/witamina-k-w-produktach-do-pielegnacji-skory-niewidzialny-bohater-dla-zdrowej-skory\/","og_site_name":"The Derma Check","article_modified_time":"2024-02-13T14:49:59+00:00","twitter_card":"summary_large_image","twitter_misc":{"Szacowany czas czytania":"2 minuty"},"schema":{"@context":"https:\/\/schema.org","@graph":[{"@type":"WebPage","@id":"https:\/\/thedermacheck.com\/pl\/witamina-k-w-produktach-do-pielegnacji-skory-niewidzialny-bohater-dla-zdrowej-skory\/","url":"https:\/\/thedermacheck.com\/pl\/witamina-k-w-produktach-do-pielegnacji-skory-niewidzialny-bohater-dla-zdrowej-skory\/","name":"Witamina K w produktach do piel\u0119gnacji sk\u00f3ry: Niewidzialny bohater dla zdrowej sk\u00f3ry | The Derma Check","isPartOf":{"@id":"https:\/\/thedermacheck.com\/pl\/#website"},"datePublished":"2023-12-19T14:59:05+00:00","dateModified":"2024-02-13T14:49:59+00:00","breadcrumb":{"@id":"https:\/\/thedermacheck.com\/pl\/witamina-k-w-produktach-do-pielegnacji-skory-niewidzialny-bohater-dla-zdrowej-skory\/#breadcrumb"},"inLanguage":"pl-PL","potentialAction":[{"@type":"ReadAction","target":["https:\/\/thedermacheck.com\/pl\/witamina-k-w-produktach-do-pielegnacji-skory-niewidzialny-bohater-dla-zdrowej-skory\/"]}]},{"@type":"BreadcrumbList","@id":"https:\/\/thedermacheck.com\/pl\/witamina-k-w-produktach-do-pielegnacji-skory-niewidzialny-bohater-dla-zdrowej-skory\/#breadcrumb","itemListElement":[{"@type":"ListItem","position":1,"name":"Derma Check","item":"https:\/\/thedermacheck.com\/pl\/"},{"@type":"ListItem","position":2,"name":"Witamina K w produktach do piel\u0119gnacji sk\u00f3ry: Niewidzialny bohater dla zdrowej sk\u00f3ry"}]},{"@type":"WebSite","@id":"https:\/\/thedermacheck.com\/pl\/#website","url":"https:\/\/thedermacheck.com\/pl\/","name":"The Derma Check","description":"","publisher":{"@id":"https:\/\/thedermacheck.com\/pl\/#organization"},"potentialAction":[{"@type":"SearchAction","target":{"@type":"EntryPoint","urlTemplate":"https:\/\/thedermacheck.com\/pl\/?s={search_term_string}"},"query-input":{"@type":"PropertyValueSpecification","valueRequired":true,"valueName":"search_term_string"}}],"inLanguage":"pl-PL"},{"@type":"Organization","@id":"https:\/\/thedermacheck.com\/pl\/#organization","name":"The Derma Check","url":"https:\/\/thedermacheck.com\/pl\/","logo":{"@type":"ImageObject","inLanguage":"pl-PL","@id":"https:\/\/thedermacheck.com\/pl\/#\/schema\/logo\/image\/","url":"https:\/\/thedermacheck.com\/wp-content\/uploads\/2023\/10\/cropped-THE-DERMA-CHECK-FAVICON-NEW-1.png","contentUrl":"https:\/\/thedermacheck.com\/wp-content\/uploads\/2023\/10\/cropped-THE-DERMA-CHECK-FAVICON-NEW-1.png","width":512,"height":512,"caption":"The Derma Check"},"image":{"@id":"https:\/\/thedermacheck.com\/pl\/#\/schema\/logo\/image\/"}}]}},"_links":{"self":[{"href":"https:\/\/thedermacheck.com\/pl\/wp-json\/wp\/v2\/pages\/2914","targetHints":{"allow":["GET"]}}],"collection":[{"href":"https:\/\/thedermacheck.com\/pl\/wp-json\/wp\/v2\/pages"}],"about":[{"href":"https:\/\/thedermacheck.com\/pl\/wp-json\/wp\/v2\/types\/page"}],"author":[{"embeddable":true,"href":"https:\/\/thedermacheck.com\/pl\/wp-json\/wp\/v2\/users\/2"}],"replies":[{"embeddable":true,"href":"https:\/\/thedermacheck.com\/pl\/wp-json\/wp\/v2\/comments?post=2914"}],"version-history":[{"count":1,"href":"https:\/\/thedermacheck.com\/pl\/wp-json\/wp\/v2\/pages\/2914\/revisions"}],"predecessor-version":[{"id":2915,"href":"https:\/\/thedermacheck.com\/pl\/wp-json\/wp\/v2\/pages\/2914\/revisions\/2915"}],"wp:attachment":[{"href":"https:\/\/thedermacheck.com\/pl\/wp-json\/wp\/v2\/media?parent=2914"}],"wp:term":[{"taxonomy":"category","embeddable":true,"href":"https:\/\/thedermacheck.com\/pl\/wp-json\/wp\/v2\/categories?post=2914"},{"taxonomy":"post_tag","embeddable":true,"href":"https:\/\/thedermacheck.com\/pl\/wp-json\/wp\/v2\/tags?post=2914"}],"curies":[{"name":"wp","href":"https:\/\/api.w.org\/{rel}","templated":true}]}}