{"id":2922,"date":"2023-12-19T14:59:27","date_gmt":"2023-12-19T14:59:27","guid":{"rendered":"https:\/\/thedermacheck.com\/witamina-d-w-produktach-do-pielegnacji-skory-promien-slonca-dla-twojej-skory\/"},"modified":"2024-02-13T14:50:08","modified_gmt":"2024-02-13T14:50:08","slug":"witamina-d-w-produktach-do-pielegnacji-skory-promien-slonca-dla-twojej-skory","status":"publish","type":"page","link":"https:\/\/thedermacheck.com\/pl\/witamina-d-w-produktach-do-pielegnacji-skory-promien-slonca-dla-twojej-skory\/","title":{"rendered":"Witamina D w produktach do piel\u0119gnacji sk\u00f3ry: Promie\u0144 s\u0142o\u0144ca dla Twojej sk\u00f3ry"},"content":{"rendered":"\n<p><strong>WITAMINA D W PIEL\u0118GNACJI SK\u00d3RY<\/strong><\/p>\n\n<ul class=\"wp-block-list\">\n<li><strong>Rodzaj sk\u0142adnika<\/strong>: witamina, regenerator sk\u00f3ry<\/li>\n\n\n\n<li><strong>G\u0142\u00f3wne korzy\u015bci<\/strong>: Wspomaga odnow\u0119 sk\u00f3ry, wzmacnia barier\u0119 ochronn\u0105 sk\u00f3ry, poprawia tekstur\u0119 sk\u00f3ry<\/li>\n\n\n\n<li><strong>Idealny dla<\/strong>: Suchej sk\u00f3ry, aby zapobiec starzeniu si\u0119 sk\u00f3ry<\/li>\n\n\n\n<li><strong>Cz\u0119stotliwo\u015b\u0107 stosowania<\/strong>: zgodnie z instrukcjami dotycz\u0105cymi produktu, cz\u0119sto w codziennej rutynie<\/li>\n\n\n\n<li><strong>Dobrze \u0142\u0105czy si\u0119 z<\/strong>: \u015arodkami nawil\u017caj\u0105cymi, innymi witaminami<\/li>\n\n\n\n<li>Nale\u017cy unika\u0107 w <strong>przypadku<\/strong>: Przedawkowania, w po\u0142\u0105czeniu z silnym opalaniem<\/li>\n<\/ul>\n\n<h2 class=\"wp-block-heading\">Wprowadzenie: Czym jest witamina D?<\/h2>\n\n<p>Witamina D, znana jako &#8222;witamina s\u0142o\u0144ca&#8221;, odgrywa wa\u017cn\u0105 rol\u0119 w zdrowiu i piel\u0119gnacji sk\u00f3ry. Jest on nie tylko wytwarzany przez organizm w wyniku ekspozycji na \u015bwiat\u0142o s\u0142oneczne, ale znajduje si\u0119 r\u00f3wnie\u017c w r\u00f3\u017cnych produktach do piel\u0119gnacji sk\u00f3ry.<\/p>\n\n<h3 class=\"wp-block-heading\">Korzy\u015bci witaminy D dla sk\u00f3ry<\/h3>\n\n<h4 class=\"wp-block-heading\">Wzmocnienie bariery ochronnej sk\u00f3ry<\/h4>\n\n<p>Witamina D przyczynia si\u0119 do j\u0119drno\u015bci i elastyczno\u015bci sk\u00f3ry oraz wzmacnia barier\u0119 ochronn\u0105 sk\u00f3ry.<\/p>\n\n<h4 class=\"wp-block-heading\">Promowanie odnowy sk\u00f3ry<\/h4>\n\n<p>Wspomaga odnow\u0119 kom\u00f3rkow\u0105 i dlatego mo\u017ce pom\u00f3c poprawi\u0107 og\u00f3lny wygl\u0105d sk\u00f3ry.<\/p>\n\n<h4 class=\"wp-block-heading\">Zapobieganie starzeniu si\u0119 sk\u00f3ry<\/h4>\n\n<p>Witamina D mo\u017ce zmniejszy\u0107 oznaki starzenia si\u0119 sk\u00f3ry i zapewni\u0107 jej m\u0142odzie\u0144czy wygl\u0105d.<\/p>\n\n<h3 class=\"wp-block-heading\">Mo\u017cliwe skutki uboczne stosowania witaminy D<\/h3>\n\n<h4 class=\"wp-block-heading\">Podra\u017cnienia sk\u00f3ry<\/h4>\n\n<p>Nadmierne u\u017cycie lub wysokie st\u0119\u017cenia mog\u0105 powodowa\u0107 podra\u017cnienie sk\u00f3ry.<\/p>\n\n<h4 class=\"wp-block-heading\">Interakcje z promieniowaniem s\u0142onecznym<\/h4>\n\n<p>Nale\u017cy unika\u0107 nadmiernej ekspozycji na s\u0142o\u0144ce w po\u0142\u0105czeniu z produktami zawieraj\u0105cymi witamin\u0119 D.<\/p>\n\n<h2 class=\"wp-block-heading\">Zastosowanie witaminy D w produktach do piel\u0119gnacji sk\u00f3ry<\/h2>\n\n<h3 class=\"wp-block-heading\">Prawid\u0142owe zastosowanie<\/h3>\n\n<ul class=\"wp-block-list\">\n<li>Stosuj <strong>regularnie<\/strong>: W\u0142\u0105cz witamin\u0119 D do codziennej piel\u0119gnacji sk\u00f3ry, najlepiej w po\u0142\u0105czeniu z kremem nawil\u017caj\u0105cym.<\/li>\n\n\n\n<li><strong>Po\u0142\u0105czenie z ochron\u0105 przeciws\u0142oneczn\u0105<\/strong>: Zawsze u\u017cywaj kremu z filtrem, aby chroni\u0107 sk\u00f3r\u0119 przed promieniami UV.<\/li>\n<\/ul>\n\n<h3 class=\"wp-block-heading\">Jak go nie u\u017cywa\u0107<\/h3>\n\n<ul class=\"wp-block-list\">\n<li><strong>Unikanie przedawkowania<\/strong>: Nale\u017cy uwa\u017ca\u0107, aby nie stosowa\u0107 witaminy D w nadmiernych dawkach.<\/li>\n\n\n\n<li><strong>Nie w po\u0142\u0105czeniu z intensywn\u0105 ekspozycj\u0105 na s\u0142o\u0144ce<\/strong>: Unikaj bezpo\u015bredniego, silnego \u015bwiat\u0142a s\u0142onecznego podczas stosowania produkt\u00f3w z witamin\u0105 D.<\/li>\n<\/ul>\n\n<h2 class=\"wp-block-heading\">FAQ<\/h2>\n\n<p><strong>1. Jak witamina D wp\u0142ywa na sk\u00f3r\u0119?<\/strong>  Witamina D wspomaga odnow\u0119 sk\u00f3ry i pomaga wzmocni\u0107 jej barier\u0119 ochronn\u0105.<\/p>\n\n<p><strong>2. Czy witamina D mo\u017ce pom\u00f3c w problemach sk\u00f3rnych, takich jak tr\u0105dzik?<\/strong>  Istniej\u0105 dowody na to, \u017ce witamina D mo\u017ce mie\u0107 pozytywny wp\u0142yw na r\u00f3\u017cne problemy sk\u00f3rne, w tym tr\u0105dzik.<\/p>\n\n<p><strong>3. Czy witamina D w produktach do piel\u0119gnacji sk\u00f3ry jest odpowiednia dla wszystkich rodzaj\u00f3w sk\u00f3ry?<\/strong>  Tak, ale osoby o wra\u017cliwej sk\u00f3rze powinny monitorowa\u0107 reakcj\u0119 swojej sk\u00f3ry i odpowiednio dobiera\u0107 produkty.<\/p>\n\n<h2 class=\"wp-block-heading\">Wnioski<\/h2>\n\n<p>Witamina D jest korzystnym sk\u0142adnikiem w piel\u0119gnacji sk\u00f3ry, kt\u00f3ry mo\u017ce pom\u00f3c poprawi\u0107 jej zdrowie. Zr\u00f3wnowa\u017cone stosowanie wraz z odpowiedni\u0105 ochron\u0105 przeciws\u0142oneczn\u0105 jest kluczem do maksymalizacji korzy\u015bci p\u0142yn\u0105cych z witaminy D i ochrony sk\u00f3ry przed uszkodzeniami.<\/p>\n","protected":false},"excerpt":{"rendered":"<p>WITAMINA D W PIEL\u0118GNACJI SK\u00d3RY Wprowadzenie: Czym jest witamina D? Witamina D, znana jako &#8222;witamina s\u0142o\u0144ca&#8221;, odgrywa wa\u017cn\u0105 rol\u0119 w zdrowiu i piel\u0119gnacji sk\u00f3ry. Jest on nie tylko wytwarzany przez organizm w wyniku ekspozycji na \u015bwiat\u0142o s\u0142oneczne, ale znajduje si\u0119 r\u00f3wnie\u017c w r\u00f3\u017cnych produktach do piel\u0119gnacji sk\u00f3ry. Korzy\u015bci witaminy D dla sk\u00f3ry Wzmocnienie bariery ochronnej &#8230; <a title=\"Witamina D w produktach do piel\u0119gnacji sk\u00f3ry: Promie\u0144 s\u0142o\u0144ca dla Twojej sk\u00f3ry\" class=\"read-more\" href=\"https:\/\/thedermacheck.com\/pl\/witamina-d-w-produktach-do-pielegnacji-skory-promien-slonca-dla-twojej-skory\/\" aria-label=\"Dowiedz si\u0119 wi\u0119cej o Witamina D w produktach do piel\u0119gnacji sk\u00f3ry: Promie\u0144 s\u0142o\u0144ca dla Twojej sk\u00f3ry\">Mehr erfahren<\/a><\/p>\n","protected":false},"author":2,"featured_media":0,"parent":0,"menu_order":0,"comment_status":"closed","ping_status":"closed","template":"","meta":{"_acf_changed":false,"_lmt_disableupdate":"","_lmt_disable":"","footnotes":""},"categories":[42],"tags":[],"class_list":{"0":"post-2922","1":"page","2":"type-page","3":"status-publish","5":"category-skladniki"},"acf":[],"yoast_head":"<!-- This site is optimized with the Yoast SEO Premium plugin v25.7.1 (Yoast SEO v25.7) - https:\/\/yoast.com\/wordpress\/plugins\/seo\/ -->\n<title>Witamina D w produktach do piel\u0119gnacji sk\u00f3ry: Promie\u0144 s\u0142o\u0144ca dla Twojej sk\u00f3ry | The Derma Check<\/title>\n<meta name=\"robots\" content=\"index, follow, max-snippet:-1, max-image-preview:large, max-video-preview:-1\" \/>\n<link rel=\"canonical\" href=\"https:\/\/thedermacheck.com\/pl\/witamina-d-w-produktach-do-pielegnacji-skory-promien-slonca-dla-twojej-skory\/\" \/>\n<meta property=\"og:locale\" content=\"pl_PL\" \/>\n<meta property=\"og:type\" content=\"article\" \/>\n<meta property=\"og:title\" content=\"Witamina D w produktach do piel\u0119gnacji sk\u00f3ry: Promie\u0144 s\u0142o\u0144ca dla Twojej sk\u00f3ry\" \/>\n<meta property=\"og:description\" content=\"WITAMINA D W PIEL\u0118GNACJI SK\u00d3RY Wprowadzenie: Czym jest witamina D? Witamina D, znana jako &#8222;witamina s\u0142o\u0144ca&#8221;, odgrywa wa\u017cn\u0105 rol\u0119 w zdrowiu i piel\u0119gnacji sk\u00f3ry. Jest on nie tylko wytwarzany przez organizm w wyniku ekspozycji na \u015bwiat\u0142o s\u0142oneczne, ale znajduje si\u0119 r\u00f3wnie\u017c w r\u00f3\u017cnych produktach do piel\u0119gnacji sk\u00f3ry. Korzy\u015bci witaminy D dla sk\u00f3ry Wzmocnienie bariery ochronnej ... Mehr erfahren\" \/>\n<meta property=\"og:url\" content=\"https:\/\/thedermacheck.com\/pl\/witamina-d-w-produktach-do-pielegnacji-skory-promien-slonca-dla-twojej-skory\/\" \/>\n<meta property=\"og:site_name\" content=\"The Derma Check\" \/>\n<meta property=\"article:modified_time\" content=\"2024-02-13T14:50:08+00:00\" \/>\n<meta name=\"twitter:card\" content=\"summary_large_image\" \/>\n<meta name=\"twitter:label1\" content=\"Szacowany czas czytania\" \/>\n\t<meta name=\"twitter:data1\" content=\"2 minuty\" \/>\n<script type=\"application\/ld+json\" class=\"yoast-schema-graph\">{\"@context\":\"https:\/\/schema.org\",\"@graph\":[{\"@type\":\"WebPage\",\"@id\":\"https:\/\/thedermacheck.com\/pl\/witamina-d-w-produktach-do-pielegnacji-skory-promien-slonca-dla-twojej-skory\/\",\"url\":\"https:\/\/thedermacheck.com\/pl\/witamina-d-w-produktach-do-pielegnacji-skory-promien-slonca-dla-twojej-skory\/\",\"name\":\"Witamina D w produktach do piel\u0119gnacji sk\u00f3ry: Promie\u0144 s\u0142o\u0144ca dla Twojej sk\u00f3ry | The Derma Check\",\"isPartOf\":{\"@id\":\"https:\/\/thedermacheck.com\/pl\/#website\"},\"datePublished\":\"2023-12-19T14:59:27+00:00\",\"dateModified\":\"2024-02-13T14:50:08+00:00\",\"breadcrumb\":{\"@id\":\"https:\/\/thedermacheck.com\/pl\/witamina-d-w-produktach-do-pielegnacji-skory-promien-slonca-dla-twojej-skory\/#breadcrumb\"},\"inLanguage\":\"pl-PL\",\"potentialAction\":[{\"@type\":\"ReadAction\",\"target\":[\"https:\/\/thedermacheck.com\/pl\/witamina-d-w-produktach-do-pielegnacji-skory-promien-slonca-dla-twojej-skory\/\"]}]},{\"@type\":\"BreadcrumbList\",\"@id\":\"https:\/\/thedermacheck.com\/pl\/witamina-d-w-produktach-do-pielegnacji-skory-promien-slonca-dla-twojej-skory\/#breadcrumb\",\"itemListElement\":[{\"@type\":\"ListItem\",\"position\":1,\"name\":\"Derma Check\",\"item\":\"https:\/\/thedermacheck.com\/pl\/\"},{\"@type\":\"ListItem\",\"position\":2,\"name\":\"Witamina D w produktach do piel\u0119gnacji sk\u00f3ry: Promie\u0144 s\u0142o\u0144ca dla Twojej sk\u00f3ry\"}]},{\"@type\":\"WebSite\",\"@id\":\"https:\/\/thedermacheck.com\/pl\/#website\",\"url\":\"https:\/\/thedermacheck.com\/pl\/\",\"name\":\"The Derma Check\",\"description\":\"\",\"publisher\":{\"@id\":\"https:\/\/thedermacheck.com\/pl\/#organization\"},\"potentialAction\":[{\"@type\":\"SearchAction\",\"target\":{\"@type\":\"EntryPoint\",\"urlTemplate\":\"https:\/\/thedermacheck.com\/pl\/?s={search_term_string}\"},\"query-input\":{\"@type\":\"PropertyValueSpecification\",\"valueRequired\":true,\"valueName\":\"search_term_string\"}}],\"inLanguage\":\"pl-PL\"},{\"@type\":\"Organization\",\"@id\":\"https:\/\/thedermacheck.com\/pl\/#organization\",\"name\":\"The Derma Check\",\"url\":\"https:\/\/thedermacheck.com\/pl\/\",\"logo\":{\"@type\":\"ImageObject\",\"inLanguage\":\"pl-PL\",\"@id\":\"https:\/\/thedermacheck.com\/pl\/#\/schema\/logo\/image\/\",\"url\":\"https:\/\/thedermacheck.com\/wp-content\/uploads\/2023\/10\/cropped-THE-DERMA-CHECK-FAVICON-NEW-1.png\",\"contentUrl\":\"https:\/\/thedermacheck.com\/wp-content\/uploads\/2023\/10\/cropped-THE-DERMA-CHECK-FAVICON-NEW-1.png\",\"width\":512,\"height\":512,\"caption\":\"The Derma Check\"},\"image\":{\"@id\":\"https:\/\/thedermacheck.com\/pl\/#\/schema\/logo\/image\/\"}}]}<\/script>\n<!-- \/ Yoast SEO Premium plugin. -->","yoast_head_json":{"title":"Witamina D w produktach do piel\u0119gnacji sk\u00f3ry: Promie\u0144 s\u0142o\u0144ca dla Twojej sk\u00f3ry | The Derma Check","robots":{"index":"index","follow":"follow","max-snippet":"max-snippet:-1","max-image-preview":"max-image-preview:large","max-video-preview":"max-video-preview:-1"},"canonical":"https:\/\/thedermacheck.com\/pl\/witamina-d-w-produktach-do-pielegnacji-skory-promien-slonca-dla-twojej-skory\/","og_locale":"pl_PL","og_type":"article","og_title":"Witamina D w produktach do piel\u0119gnacji sk\u00f3ry: Promie\u0144 s\u0142o\u0144ca dla Twojej sk\u00f3ry","og_description":"WITAMINA D W PIEL\u0118GNACJI SK\u00d3RY Wprowadzenie: Czym jest witamina D? Witamina D, znana jako &#8222;witamina s\u0142o\u0144ca&#8221;, odgrywa wa\u017cn\u0105 rol\u0119 w zdrowiu i piel\u0119gnacji sk\u00f3ry. Jest on nie tylko wytwarzany przez organizm w wyniku ekspozycji na \u015bwiat\u0142o s\u0142oneczne, ale znajduje si\u0119 r\u00f3wnie\u017c w r\u00f3\u017cnych produktach do piel\u0119gnacji sk\u00f3ry. Korzy\u015bci witaminy D dla sk\u00f3ry Wzmocnienie bariery ochronnej ... Mehr erfahren","og_url":"https:\/\/thedermacheck.com\/pl\/witamina-d-w-produktach-do-pielegnacji-skory-promien-slonca-dla-twojej-skory\/","og_site_name":"The Derma Check","article_modified_time":"2024-02-13T14:50:08+00:00","twitter_card":"summary_large_image","twitter_misc":{"Szacowany czas czytania":"2 minuty"},"schema":{"@context":"https:\/\/schema.org","@graph":[{"@type":"WebPage","@id":"https:\/\/thedermacheck.com\/pl\/witamina-d-w-produktach-do-pielegnacji-skory-promien-slonca-dla-twojej-skory\/","url":"https:\/\/thedermacheck.com\/pl\/witamina-d-w-produktach-do-pielegnacji-skory-promien-slonca-dla-twojej-skory\/","name":"Witamina D w produktach do piel\u0119gnacji sk\u00f3ry: Promie\u0144 s\u0142o\u0144ca dla Twojej sk\u00f3ry | The Derma Check","isPartOf":{"@id":"https:\/\/thedermacheck.com\/pl\/#website"},"datePublished":"2023-12-19T14:59:27+00:00","dateModified":"2024-02-13T14:50:08+00:00","breadcrumb":{"@id":"https:\/\/thedermacheck.com\/pl\/witamina-d-w-produktach-do-pielegnacji-skory-promien-slonca-dla-twojej-skory\/#breadcrumb"},"inLanguage":"pl-PL","potentialAction":[{"@type":"ReadAction","target":["https:\/\/thedermacheck.com\/pl\/witamina-d-w-produktach-do-pielegnacji-skory-promien-slonca-dla-twojej-skory\/"]}]},{"@type":"BreadcrumbList","@id":"https:\/\/thedermacheck.com\/pl\/witamina-d-w-produktach-do-pielegnacji-skory-promien-slonca-dla-twojej-skory\/#breadcrumb","itemListElement":[{"@type":"ListItem","position":1,"name":"Derma Check","item":"https:\/\/thedermacheck.com\/pl\/"},{"@type":"ListItem","position":2,"name":"Witamina D w produktach do piel\u0119gnacji sk\u00f3ry: Promie\u0144 s\u0142o\u0144ca dla Twojej sk\u00f3ry"}]},{"@type":"WebSite","@id":"https:\/\/thedermacheck.com\/pl\/#website","url":"https:\/\/thedermacheck.com\/pl\/","name":"The Derma Check","description":"","publisher":{"@id":"https:\/\/thedermacheck.com\/pl\/#organization"},"potentialAction":[{"@type":"SearchAction","target":{"@type":"EntryPoint","urlTemplate":"https:\/\/thedermacheck.com\/pl\/?s={search_term_string}"},"query-input":{"@type":"PropertyValueSpecification","valueRequired":true,"valueName":"search_term_string"}}],"inLanguage":"pl-PL"},{"@type":"Organization","@id":"https:\/\/thedermacheck.com\/pl\/#organization","name":"The Derma Check","url":"https:\/\/thedermacheck.com\/pl\/","logo":{"@type":"ImageObject","inLanguage":"pl-PL","@id":"https:\/\/thedermacheck.com\/pl\/#\/schema\/logo\/image\/","url":"https:\/\/thedermacheck.com\/wp-content\/uploads\/2023\/10\/cropped-THE-DERMA-CHECK-FAVICON-NEW-1.png","contentUrl":"https:\/\/thedermacheck.com\/wp-content\/uploads\/2023\/10\/cropped-THE-DERMA-CHECK-FAVICON-NEW-1.png","width":512,"height":512,"caption":"The Derma Check"},"image":{"@id":"https:\/\/thedermacheck.com\/pl\/#\/schema\/logo\/image\/"}}]}},"_links":{"self":[{"href":"https:\/\/thedermacheck.com\/pl\/wp-json\/wp\/v2\/pages\/2922","targetHints":{"allow":["GET"]}}],"collection":[{"href":"https:\/\/thedermacheck.com\/pl\/wp-json\/wp\/v2\/pages"}],"about":[{"href":"https:\/\/thedermacheck.com\/pl\/wp-json\/wp\/v2\/types\/page"}],"author":[{"embeddable":true,"href":"https:\/\/thedermacheck.com\/pl\/wp-json\/wp\/v2\/users\/2"}],"replies":[{"embeddable":true,"href":"https:\/\/thedermacheck.com\/pl\/wp-json\/wp\/v2\/comments?post=2922"}],"version-history":[{"count":1,"href":"https:\/\/thedermacheck.com\/pl\/wp-json\/wp\/v2\/pages\/2922\/revisions"}],"predecessor-version":[{"id":2923,"href":"https:\/\/thedermacheck.com\/pl\/wp-json\/wp\/v2\/pages\/2922\/revisions\/2923"}],"wp:attachment":[{"href":"https:\/\/thedermacheck.com\/pl\/wp-json\/wp\/v2\/media?parent=2922"}],"wp:term":[{"taxonomy":"category","embeddable":true,"href":"https:\/\/thedermacheck.com\/pl\/wp-json\/wp\/v2\/categories?post=2922"},{"taxonomy":"post_tag","embeddable":true,"href":"https:\/\/thedermacheck.com\/pl\/wp-json\/wp\/v2\/tags?post=2922"}],"curies":[{"name":"wp","href":"https:\/\/api.w.org\/{rel}","templated":true}]}}