{"id":2982,"date":"2023-12-19T15:00:21","date_gmt":"2023-12-19T15:00:21","guid":{"rendered":"https:\/\/thedermacheck.com\/guma-ksantanowa-w-produktach-do-pielegnacji-skory-niewidzialny-pomocnik-dla-idealnych-tekstur\/"},"modified":"2024-02-13T14:50:50","modified_gmt":"2024-02-13T14:50:50","slug":"guma-ksantanowa-w-produktach-do-pielegnacji-skory-niewidzialny-pomocnik-dla-idealnych-tekstur","status":"publish","type":"page","link":"https:\/\/thedermacheck.com\/pl\/guma-ksantanowa-w-produktach-do-pielegnacji-skory-niewidzialny-pomocnik-dla-idealnych-tekstur\/","title":{"rendered":"Guma ksantanowa w produktach do piel\u0119gnacji sk\u00f3ry: Niewidzialny pomocnik dla idealnych tekstur"},"content":{"rendered":"\n<p>\n          <strong>GUMA KSANTANOWA W PIEL\u0118GNACJI SK\u00d3RY<\/strong>\n        <\/p>\n\n<ul class=\"wp-block-list\">\n<li><strong>Rodzaj sk\u0142adnika<\/strong>: teksturyzator, stabilizator<\/li>\n\n\n\n<li><strong>G\u0142\u00f3wne korzy\u015bci<\/strong>: Poprawia konsystencj\u0119 produkt\u00f3w do piel\u0119gnacji sk\u00f3ry, wspomaga r\u00f3wnomierne rozprowadzanie innych sk\u0142adnik\u00f3w<\/li>\n\n\n\n<li><strong>Idealny dla<\/strong>: Wszystkie rodzaje produkt\u00f3w do piel\u0119gnacji sk\u00f3ry, od serum po kremy<\/li>\n\n\n\n<li><strong>Cz\u0119stotliwo\u015b\u0107<\/strong> stosowania: Regularne, zawarte w dost\u0119pnych na rynku produktach do piel\u0119gnacji sk\u00f3ry<\/li>\n\n\n\n<li><strong>Dobrze \u0142\u0105czy si\u0119 z<\/strong>: Wi\u0119kszo\u015bci\u0105 sk\u0142adnik\u00f3w do piel\u0119gnacji sk\u00f3ry<\/li>\n\n\n\n<li>Nale\u017cy <strong>unika\u0107 w przypadku<\/strong>: Rzadkie alergie na gum\u0119 ksantanow\u0105<\/li>\n<\/ul>\n\n<h2 class=\"wp-block-heading\">Wprowadzenie: Czym jest guma ksantanowa?<\/h2>\n\n<p>Guma ksantanowa, polisacharyd wytwarzany w procesie fermentacji cukru przez bakterie Xanthomonas campestris, jest cz\u0119sto stosowanym sk\u0142adnikiem w przemy\u015ble kosmetycznym. Jest ceniony za zdolno\u015b\u0107 do poprawy tekstury i konsystencji produkt\u00f3w do piel\u0119gnacji sk\u00f3ry.<\/p>\n\n<h3 class=\"wp-block-heading\">Korzy\u015bci ze stosowania gumy ksantanowej w produktach do piel\u0119gnacji sk\u00f3ry<\/h3>\n\n<h4 class=\"wp-block-heading\">Poprawa tekstury produktu<\/h4>\n\n<p>Guma ksantanowa zapewnia r\u00f3wnomiern\u0105, \u0142atw\u0105 w aplikacji konsystencj\u0119 produkt\u00f3w do piel\u0119gnacji sk\u00f3ry.<\/p>\n\n<h4 class=\"wp-block-heading\">Stabilizacja preparat\u00f3w<\/h4>\n\n<p>Pomaga utrzyma\u0107 stabilne i r\u00f3wnomiernie rozprowadzone sk\u0142adniki produkt\u00f3w do piel\u0119gnacji sk\u00f3ry.<\/p>\n\n<h4 class=\"wp-block-heading\">Wsparcie w dystrybucji sk\u0142adnik\u00f3w aktywnych<\/h4>\n\n<p>Ze wzgl\u0119du na swoj\u0105 \u017celow\u0105 konsystencj\u0119, guma ksantanowa mo\u017ce wspomaga\u0107 r\u00f3wnomierne rozprowadzanie innych sk\u0142adnik\u00f3w w produkcie.<\/p>\n\n<h3 class=\"wp-block-heading\">Mo\u017cliwe skutki uboczne gumy ksantanowej<\/h3>\n\n<h4 class=\"wp-block-heading\">Reakcje alergiczne<\/h4>\n\n<p>Chocia\u017c rzadko, u niekt\u00f3rych os\u00f3b mo\u017ce wyst\u0105pi\u0107 reakcja alergiczna na gum\u0119 ksantanow\u0105, co mo\u017ce prowadzi\u0107 do podra\u017cnienia sk\u00f3ry.<\/p>\n\n<h2 class=\"wp-block-heading\">Zastosowanie gumy ksantanowej w produktach do piel\u0119gnacji sk\u00f3ry<\/h2>\n\n<h3 class=\"wp-block-heading\">Prawid\u0142owe zastosowanie<\/h3>\n\n<ul class=\"wp-block-list\">\n<li><strong>Jako sk\u0142adnik produkt\u00f3w<\/strong>: Guma ksantanowa jest stosowana jako \u015brodek teksturuj\u0105cy w wielu komercyjnych produktach do piel\u0119gnacji sk\u00f3ry.<\/li>\n\n\n\n<li><strong>Wzmacniacz konsystencji w produktach DIY<\/strong>: Mo\u017ce by\u0107 r\u00f3wnie\u017c stosowany w domowych produktach do piel\u0119gnacji sk\u00f3ry w celu uzyskania po\u017c\u0105danej konsystencji.<\/li>\n<\/ul>\n\n<h3 class=\"wp-block-heading\">Jak go nie u\u017cywa\u0107<\/h3>\n\n<ul class=\"wp-block-list\">\n<li><strong>Nie stosowa\u0107 w czystej postaci na sk\u00f3r\u0119<\/strong>: Guma ksantanowa jako pojedynczy sk\u0142adnik nie powinna by\u0107 stosowana bezpo\u015brednio na sk\u00f3r\u0119.<\/li>\n<\/ul>\n\n<h2 class=\"wp-block-heading\">FAQ<\/h2>\n\n<p><strong>1. czy guma ksantanowa jest bezpieczna w u\u017cyciu?<\/strong>  Tak, guma ksantanowa jest og\u00f3lnie uznawana za bezpieczny sk\u0142adnik produkt\u00f3w do piel\u0119gnacji sk\u00f3ry.<\/p>\n\n<p><strong>2. czy guma ksantanowa ma w\u0142a\u015bciwo\u015bci piel\u0119gnuj\u0105ce sk\u00f3r\u0119?<\/strong>  Jego g\u0142\u00f3wn\u0105 funkcj\u0105 jest poprawa tekstury i konsystencji produkt\u00f3w, a nie bezpo\u015brednia piel\u0119gnacja sk\u00f3ry.<\/p>\n\n<p><strong>3. czy guma ksantanowa mo\u017ce powodowa\u0107 tr\u0105dzik?<\/strong>  Nie ma dowod\u00f3w na to, \u017ce guma ksantanowa powoduje tr\u0105dzik, jest uwa\u017cana za niekomedogenn\u0105.<\/p>\n\n<h2 class=\"wp-block-heading\">Wnioski<\/h2>\n\n<p>Guma ksantanowa jest wa\u017cnym sk\u0142adnikiem wielu produkt\u00f3w do piel\u0119gnacji sk\u00f3ry i jest szczeg\u00f3lnie ceniona za jej zdolno\u015b\u0107 do poprawy tekstury i stabilno\u015bci produktu. Jest bezpieczny w u\u017cyciu i odgrywa rol\u0119 pomocnicz\u0105 w skutecznym rozprowadzaniu sk\u0142adnik\u00f3w aktywnych na sk\u00f3rze.<\/p>\n","protected":false},"excerpt":{"rendered":"<p>GUMA KSANTANOWA W PIEL\u0118GNACJI SK\u00d3RY Wprowadzenie: Czym jest guma ksantanowa? Guma ksantanowa, polisacharyd wytwarzany w procesie fermentacji cukru przez bakterie Xanthomonas campestris, jest cz\u0119sto stosowanym sk\u0142adnikiem w przemy\u015ble kosmetycznym. Jest ceniony za zdolno\u015b\u0107 do poprawy tekstury i konsystencji produkt\u00f3w do piel\u0119gnacji sk\u00f3ry. Korzy\u015bci ze stosowania gumy ksantanowej w produktach do piel\u0119gnacji sk\u00f3ry Poprawa tekstury produktu &#8230; <a title=\"Guma ksantanowa w produktach do piel\u0119gnacji sk\u00f3ry: Niewidzialny pomocnik dla idealnych tekstur\" class=\"read-more\" href=\"https:\/\/thedermacheck.com\/pl\/guma-ksantanowa-w-produktach-do-pielegnacji-skory-niewidzialny-pomocnik-dla-idealnych-tekstur\/\" aria-label=\"Dowiedz si\u0119 wi\u0119cej o Guma ksantanowa w produktach do piel\u0119gnacji sk\u00f3ry: Niewidzialny pomocnik dla idealnych tekstur\">Mehr erfahren<\/a><\/p>\n","protected":false},"author":2,"featured_media":0,"parent":0,"menu_order":0,"comment_status":"closed","ping_status":"closed","template":"","meta":{"_acf_changed":false,"_lmt_disableupdate":"","_lmt_disable":"","footnotes":""},"categories":[42],"tags":[],"class_list":{"0":"post-2982","1":"page","2":"type-page","3":"status-publish","5":"category-skladniki"},"acf":[],"yoast_head":"<!-- This site is optimized with the Yoast SEO Premium plugin v25.7.1 (Yoast SEO v25.7) - https:\/\/yoast.com\/wordpress\/plugins\/seo\/ -->\n<title>Guma ksantanowa w produktach do piel\u0119gnacji sk\u00f3ry: Niewidzialny pomocnik dla idealnych tekstur | The Derma Check<\/title>\n<meta name=\"robots\" content=\"index, follow, max-snippet:-1, max-image-preview:large, max-video-preview:-1\" \/>\n<link rel=\"canonical\" href=\"https:\/\/thedermacheck.com\/pl\/guma-ksantanowa-w-produktach-do-pielegnacji-skory-niewidzialny-pomocnik-dla-idealnych-tekstur\/\" \/>\n<meta property=\"og:locale\" content=\"pl_PL\" \/>\n<meta property=\"og:type\" content=\"article\" \/>\n<meta property=\"og:title\" content=\"Guma ksantanowa w produktach do piel\u0119gnacji sk\u00f3ry: Niewidzialny pomocnik dla idealnych tekstur\" \/>\n<meta property=\"og:description\" content=\"GUMA KSANTANOWA W PIEL\u0118GNACJI SK\u00d3RY Wprowadzenie: Czym jest guma ksantanowa? Guma ksantanowa, polisacharyd wytwarzany w procesie fermentacji cukru przez bakterie Xanthomonas campestris, jest cz\u0119sto stosowanym sk\u0142adnikiem w przemy\u015ble kosmetycznym. Jest ceniony za zdolno\u015b\u0107 do poprawy tekstury i konsystencji produkt\u00f3w do piel\u0119gnacji sk\u00f3ry. Korzy\u015bci ze stosowania gumy ksantanowej w produktach do piel\u0119gnacji sk\u00f3ry Poprawa tekstury produktu ... Mehr erfahren\" \/>\n<meta property=\"og:url\" content=\"https:\/\/thedermacheck.com\/pl\/guma-ksantanowa-w-produktach-do-pielegnacji-skory-niewidzialny-pomocnik-dla-idealnych-tekstur\/\" \/>\n<meta property=\"og:site_name\" content=\"The Derma Check\" \/>\n<meta property=\"article:modified_time\" content=\"2024-02-13T14:50:50+00:00\" \/>\n<meta name=\"twitter:card\" content=\"summary_large_image\" \/>\n<meta name=\"twitter:label1\" content=\"Szacowany czas czytania\" \/>\n\t<meta name=\"twitter:data1\" content=\"2 minuty\" \/>\n<script type=\"application\/ld+json\" class=\"yoast-schema-graph\">{\"@context\":\"https:\/\/schema.org\",\"@graph\":[{\"@type\":\"WebPage\",\"@id\":\"https:\/\/thedermacheck.com\/pl\/guma-ksantanowa-w-produktach-do-pielegnacji-skory-niewidzialny-pomocnik-dla-idealnych-tekstur\/\",\"url\":\"https:\/\/thedermacheck.com\/pl\/guma-ksantanowa-w-produktach-do-pielegnacji-skory-niewidzialny-pomocnik-dla-idealnych-tekstur\/\",\"name\":\"Guma ksantanowa w produktach do piel\u0119gnacji sk\u00f3ry: Niewidzialny pomocnik dla idealnych tekstur | The Derma Check\",\"isPartOf\":{\"@id\":\"https:\/\/thedermacheck.com\/pl\/#website\"},\"datePublished\":\"2023-12-19T15:00:21+00:00\",\"dateModified\":\"2024-02-13T14:50:50+00:00\",\"breadcrumb\":{\"@id\":\"https:\/\/thedermacheck.com\/pl\/guma-ksantanowa-w-produktach-do-pielegnacji-skory-niewidzialny-pomocnik-dla-idealnych-tekstur\/#breadcrumb\"},\"inLanguage\":\"pl-PL\",\"potentialAction\":[{\"@type\":\"ReadAction\",\"target\":[\"https:\/\/thedermacheck.com\/pl\/guma-ksantanowa-w-produktach-do-pielegnacji-skory-niewidzialny-pomocnik-dla-idealnych-tekstur\/\"]}]},{\"@type\":\"BreadcrumbList\",\"@id\":\"https:\/\/thedermacheck.com\/pl\/guma-ksantanowa-w-produktach-do-pielegnacji-skory-niewidzialny-pomocnik-dla-idealnych-tekstur\/#breadcrumb\",\"itemListElement\":[{\"@type\":\"ListItem\",\"position\":1,\"name\":\"Derma Check\",\"item\":\"https:\/\/thedermacheck.com\/pl\/\"},{\"@type\":\"ListItem\",\"position\":2,\"name\":\"Guma ksantanowa w produktach do piel\u0119gnacji sk\u00f3ry: Niewidzialny pomocnik dla idealnych tekstur\"}]},{\"@type\":\"WebSite\",\"@id\":\"https:\/\/thedermacheck.com\/pl\/#website\",\"url\":\"https:\/\/thedermacheck.com\/pl\/\",\"name\":\"The Derma Check\",\"description\":\"\",\"publisher\":{\"@id\":\"https:\/\/thedermacheck.com\/pl\/#organization\"},\"potentialAction\":[{\"@type\":\"SearchAction\",\"target\":{\"@type\":\"EntryPoint\",\"urlTemplate\":\"https:\/\/thedermacheck.com\/pl\/?s={search_term_string}\"},\"query-input\":{\"@type\":\"PropertyValueSpecification\",\"valueRequired\":true,\"valueName\":\"search_term_string\"}}],\"inLanguage\":\"pl-PL\"},{\"@type\":\"Organization\",\"@id\":\"https:\/\/thedermacheck.com\/pl\/#organization\",\"name\":\"The Derma Check\",\"url\":\"https:\/\/thedermacheck.com\/pl\/\",\"logo\":{\"@type\":\"ImageObject\",\"inLanguage\":\"pl-PL\",\"@id\":\"https:\/\/thedermacheck.com\/pl\/#\/schema\/logo\/image\/\",\"url\":\"https:\/\/thedermacheck.com\/wp-content\/uploads\/2023\/10\/cropped-THE-DERMA-CHECK-FAVICON-NEW-1.png\",\"contentUrl\":\"https:\/\/thedermacheck.com\/wp-content\/uploads\/2023\/10\/cropped-THE-DERMA-CHECK-FAVICON-NEW-1.png\",\"width\":512,\"height\":512,\"caption\":\"The Derma Check\"},\"image\":{\"@id\":\"https:\/\/thedermacheck.com\/pl\/#\/schema\/logo\/image\/\"}}]}<\/script>\n<!-- \/ Yoast SEO Premium plugin. -->","yoast_head_json":{"title":"Guma ksantanowa w produktach do piel\u0119gnacji sk\u00f3ry: Niewidzialny pomocnik dla idealnych tekstur | The Derma Check","robots":{"index":"index","follow":"follow","max-snippet":"max-snippet:-1","max-image-preview":"max-image-preview:large","max-video-preview":"max-video-preview:-1"},"canonical":"https:\/\/thedermacheck.com\/pl\/guma-ksantanowa-w-produktach-do-pielegnacji-skory-niewidzialny-pomocnik-dla-idealnych-tekstur\/","og_locale":"pl_PL","og_type":"article","og_title":"Guma ksantanowa w produktach do piel\u0119gnacji sk\u00f3ry: Niewidzialny pomocnik dla idealnych tekstur","og_description":"GUMA KSANTANOWA W PIEL\u0118GNACJI SK\u00d3RY Wprowadzenie: Czym jest guma ksantanowa? Guma ksantanowa, polisacharyd wytwarzany w procesie fermentacji cukru przez bakterie Xanthomonas campestris, jest cz\u0119sto stosowanym sk\u0142adnikiem w przemy\u015ble kosmetycznym. Jest ceniony za zdolno\u015b\u0107 do poprawy tekstury i konsystencji produkt\u00f3w do piel\u0119gnacji sk\u00f3ry. Korzy\u015bci ze stosowania gumy ksantanowej w produktach do piel\u0119gnacji sk\u00f3ry Poprawa tekstury produktu ... Mehr erfahren","og_url":"https:\/\/thedermacheck.com\/pl\/guma-ksantanowa-w-produktach-do-pielegnacji-skory-niewidzialny-pomocnik-dla-idealnych-tekstur\/","og_site_name":"The Derma Check","article_modified_time":"2024-02-13T14:50:50+00:00","twitter_card":"summary_large_image","twitter_misc":{"Szacowany czas czytania":"2 minuty"},"schema":{"@context":"https:\/\/schema.org","@graph":[{"@type":"WebPage","@id":"https:\/\/thedermacheck.com\/pl\/guma-ksantanowa-w-produktach-do-pielegnacji-skory-niewidzialny-pomocnik-dla-idealnych-tekstur\/","url":"https:\/\/thedermacheck.com\/pl\/guma-ksantanowa-w-produktach-do-pielegnacji-skory-niewidzialny-pomocnik-dla-idealnych-tekstur\/","name":"Guma ksantanowa w produktach do piel\u0119gnacji sk\u00f3ry: Niewidzialny pomocnik dla idealnych tekstur | The Derma Check","isPartOf":{"@id":"https:\/\/thedermacheck.com\/pl\/#website"},"datePublished":"2023-12-19T15:00:21+00:00","dateModified":"2024-02-13T14:50:50+00:00","breadcrumb":{"@id":"https:\/\/thedermacheck.com\/pl\/guma-ksantanowa-w-produktach-do-pielegnacji-skory-niewidzialny-pomocnik-dla-idealnych-tekstur\/#breadcrumb"},"inLanguage":"pl-PL","potentialAction":[{"@type":"ReadAction","target":["https:\/\/thedermacheck.com\/pl\/guma-ksantanowa-w-produktach-do-pielegnacji-skory-niewidzialny-pomocnik-dla-idealnych-tekstur\/"]}]},{"@type":"BreadcrumbList","@id":"https:\/\/thedermacheck.com\/pl\/guma-ksantanowa-w-produktach-do-pielegnacji-skory-niewidzialny-pomocnik-dla-idealnych-tekstur\/#breadcrumb","itemListElement":[{"@type":"ListItem","position":1,"name":"Derma Check","item":"https:\/\/thedermacheck.com\/pl\/"},{"@type":"ListItem","position":2,"name":"Guma ksantanowa w produktach do piel\u0119gnacji sk\u00f3ry: Niewidzialny pomocnik dla idealnych tekstur"}]},{"@type":"WebSite","@id":"https:\/\/thedermacheck.com\/pl\/#website","url":"https:\/\/thedermacheck.com\/pl\/","name":"The Derma Check","description":"","publisher":{"@id":"https:\/\/thedermacheck.com\/pl\/#organization"},"potentialAction":[{"@type":"SearchAction","target":{"@type":"EntryPoint","urlTemplate":"https:\/\/thedermacheck.com\/pl\/?s={search_term_string}"},"query-input":{"@type":"PropertyValueSpecification","valueRequired":true,"valueName":"search_term_string"}}],"inLanguage":"pl-PL"},{"@type":"Organization","@id":"https:\/\/thedermacheck.com\/pl\/#organization","name":"The Derma Check","url":"https:\/\/thedermacheck.com\/pl\/","logo":{"@type":"ImageObject","inLanguage":"pl-PL","@id":"https:\/\/thedermacheck.com\/pl\/#\/schema\/logo\/image\/","url":"https:\/\/thedermacheck.com\/wp-content\/uploads\/2023\/10\/cropped-THE-DERMA-CHECK-FAVICON-NEW-1.png","contentUrl":"https:\/\/thedermacheck.com\/wp-content\/uploads\/2023\/10\/cropped-THE-DERMA-CHECK-FAVICON-NEW-1.png","width":512,"height":512,"caption":"The Derma Check"},"image":{"@id":"https:\/\/thedermacheck.com\/pl\/#\/schema\/logo\/image\/"}}]}},"_links":{"self":[{"href":"https:\/\/thedermacheck.com\/pl\/wp-json\/wp\/v2\/pages\/2982","targetHints":{"allow":["GET"]}}],"collection":[{"href":"https:\/\/thedermacheck.com\/pl\/wp-json\/wp\/v2\/pages"}],"about":[{"href":"https:\/\/thedermacheck.com\/pl\/wp-json\/wp\/v2\/types\/page"}],"author":[{"embeddable":true,"href":"https:\/\/thedermacheck.com\/pl\/wp-json\/wp\/v2\/users\/2"}],"replies":[{"embeddable":true,"href":"https:\/\/thedermacheck.com\/pl\/wp-json\/wp\/v2\/comments?post=2982"}],"version-history":[{"count":1,"href":"https:\/\/thedermacheck.com\/pl\/wp-json\/wp\/v2\/pages\/2982\/revisions"}],"predecessor-version":[{"id":2983,"href":"https:\/\/thedermacheck.com\/pl\/wp-json\/wp\/v2\/pages\/2982\/revisions\/2983"}],"wp:attachment":[{"href":"https:\/\/thedermacheck.com\/pl\/wp-json\/wp\/v2\/media?parent=2982"}],"wp:term":[{"taxonomy":"category","embeddable":true,"href":"https:\/\/thedermacheck.com\/pl\/wp-json\/wp\/v2\/categories?post=2982"},{"taxonomy":"post_tag","embeddable":true,"href":"https:\/\/thedermacheck.com\/pl\/wp-json\/wp\/v2\/tags?post=2982"}],"curies":[{"name":"wp","href":"https:\/\/api.w.org\/{rel}","templated":true}]}}