{"id":3000,"date":"2023-12-19T14:53:35","date_gmt":"2023-12-19T14:53:35","guid":{"rendered":"https:\/\/thedermacheck.com\/maslo-shea-w-produktach-do-pielegnacji-skory-naturalny-srodek-nawilzajacy-dla-miekkiej-skory\/"},"modified":"2024-02-13T14:50:57","modified_gmt":"2024-02-13T14:50:57","slug":"maslo-shea-w-produktach-do-pielegnacji-skory-naturalny-srodek-nawilzajacy-dla-miekkiej-skory","status":"publish","type":"page","link":"https:\/\/thedermacheck.com\/pl\/maslo-shea-w-produktach-do-pielegnacji-skory-naturalny-srodek-nawilzajacy-dla-miekkiej-skory\/","title":{"rendered":"Mas\u0142o shea w produktach do piel\u0119gnacji sk\u00f3ry: Naturalny \u015brodek nawil\u017caj\u0105cy dla mi\u0119kkiej sk\u00f3ry"},"content":{"rendered":"\n<p><strong>MAS\u0141O SHEA W PIEL\u0118GNACJI SK\u00d3RY<\/strong><\/p>\n\n<ul class=\"wp-block-list\">\n<li><strong>Rodzaj sk\u0142adnika<\/strong>: Naturalny t\u0142uszcz<\/li>\n\n\n\n<li><strong>G\u0142\u00f3wne korzy\u015bci<\/strong>: Intensywnie nawil\u017caj\u0105cy, koj\u0105cy sk\u00f3r\u0119, bogaty w witaminy<\/li>\n\n\n\n<li><strong>Idealny dla<\/strong>: Suchej sk\u00f3ry, do \u0142agodzenia po oparzeniach s\u0142onecznych, do delikatnej sk\u00f3ry niemowl\u0105t<\/li>\n\n\n\n<li><strong>Cz\u0119stotliwo\u015b\u0107 u\u017cytkowania<\/strong>: Codziennie, w zale\u017cno\u015bci od potrzeb<\/li>\n\n\n\n<li><strong>Dobrze \u0142\u0105czy si\u0119 z<\/strong>: Innymi naturalnymi olejkami i kremami nawil\u017caj\u0105cymi<\/li>\n\n\n\n<li>Unika\u0107 <strong>w przypadku<\/strong>: Bardzo t\u0142ustej sk\u00f3ry lub z alergi\u0105 na mas\u0142o shea<\/li>\n<\/ul>\n\n<h2 class=\"wp-block-heading\">Wprowadzenie: Czym jest mas\u0142o shea?<\/h2>\n\n<p>Mas\u0142o shea, pozyskiwane z orzech\u00f3w afryka\u0144skiego drzewa shea, jest popularnym sk\u0142adnikiem w piel\u0119gnacji sk\u00f3ry i jest znane ze swoich bogatych w\u0142a\u015bciwo\u015bci od\u017cywczych.<\/p>\n\n<h3 class=\"wp-block-heading\">Korzy\u015bci mas\u0142a shea dla sk\u00f3ry<\/h3>\n\n<h4 class=\"wp-block-heading\">Intensywne nawil\u017canie<\/h4>\n\n<p>G\u0142\u0119boko nawil\u017ca sk\u00f3r\u0119 i sprawia, \u017ce staje si\u0119 mi\u0119kka i elastyczna.<\/p>\n\n<h4 class=\"wp-block-heading\">Bogaty w sk\u0142adniki od\u017cywcze<\/h4>\n\n<p>Mas\u0142o shea jest bogate w witaminy A i E oraz niezb\u0119dne kwasy t\u0142uszczowe, kt\u00f3re od\u017cywiaj\u0105 i chroni\u0105 sk\u00f3r\u0119.<\/p>\n\n<h4 class=\"wp-block-heading\">W\u0142a\u015bciwo\u015bci koj\u0105ce<\/h4>\n\n<p>Idealny do \u0142agodzenia podra\u017cnie\u0144 sk\u00f3ry, w tym oparze\u0144 s\u0142onecznych i suchej sk\u00f3ry niemowl\u0105t.<\/p>\n\n<h3 class=\"wp-block-heading\">Mo\u017cliwe skutki uboczne<\/h3>\n\n<p>Osoby z alergi\u0105 na mas\u0142o shea lub bardzo t\u0142ust\u0105 sk\u00f3r\u0105 mog\u0105 do\u015bwiadcza\u0107 nietolerancji.<\/p>\n\n<h2 class=\"wp-block-heading\">Zastosowanie mas\u0142a shea w piel\u0119gnacji sk\u00f3ry<\/h2>\n\n<h3 class=\"wp-block-heading\">Prawid\u0142owe zastosowanie<\/h3>\n\n<ul class=\"wp-block-list\">\n<li><strong>Jako krem nawil\u017caj\u0105cy<\/strong>: Nak\u0142ada\u0107 na wilgotn\u0105 sk\u00f3r\u0119 po prysznicu lub k\u0105pieli.<\/li>\n\n\n\n<li><strong>W po\u0142\u0105czeniu z innymi produktami<\/strong>: Mas\u0142o shea dobrze \u0142\u0105czy si\u0119 z innymi naturalnymi olejkami i kremami nawil\u017caj\u0105cymi.<\/li>\n<\/ul>\n\n<h3 class=\"wp-block-heading\">Jak go nie u\u017cywa\u0107<\/h3>\n\n<ul class=\"wp-block-list\">\n<li><strong>Dla sk\u00f3ry t\u0142ustej i tr\u0105dzikowej<\/strong>: Nale\u017cy zachowa\u0107 ostro\u017cno\u015b\u0107 w przypadku bardzo t\u0142ustej sk\u00f3ry, poniewa\u017c mas\u0142o shea mo\u017ce zatyka\u0107 pory.<\/li>\n\n\n\n<li><strong>Test alergiczny<\/strong>: Je\u015bli podejrzewa si\u0119 alergi\u0119, przed u\u017cyciem nale\u017cy przeprowadzi\u0107 test tolerancji sk\u00f3rnej.<\/li>\n<\/ul>\n\n<h2 class=\"wp-block-heading\">FAQ<\/h2>\n\n<p><strong>1. Czy mas\u0142o shea jest odpowiednie dla wszystkich rodzaj\u00f3w sk\u00f3ry?<\/strong>  Jest szczeg\u00f3lnie odpowiedni dla sk\u00f3ry suchej i wra\u017cliwej, ale mo\u017ce prowadzi\u0107 do komplikacji, je\u015bli sk\u00f3ra jest bardzo t\u0142usta.<\/p>\n\n<p><strong>2. czy mas\u0142o shea mo\u017ce by\u0107 stosowane na tr\u0105dzik?<\/strong>  Mas\u0142o shea powinno by\u0107 stosowane ostro\u017cnie i w niewielkich ilo\u015bciach w przypadku tr\u0105dziku.<\/p>\n\n<p><strong>3. czy mas\u0142o shea jest wega\u0144skie?<\/strong>  Tak, mas\u0142o shea jest produktem ro\u015blinnym, a zatem wega\u0144skim.<\/p>\n\n<h2 class=\"wp-block-heading\">Wnioski<\/h2>\n\n<p>Mas\u0142o shea to wszechstronny i od\u017cywczy sk\u0142adnik, kt\u00f3ry jest szczeg\u00f3lnie odpowiedni dla sk\u00f3ry suchej i wra\u017cliwej. Ich w\u0142a\u015bciwo\u015bci nawil\u017caj\u0105ce i \u0142agodz\u0105ce sprawiaj\u0105, \u017ce s\u0105 cennym dodatkiem do piel\u0119gnacji sk\u00f3ry. W\u0142a\u015bciwe stosowanie mo\u017ce pom\u00f3c w utrzymaniu zdrowej, od\u017cywionej i mi\u0119kkiej sk\u00f3ry.<\/p>\n","protected":false},"excerpt":{"rendered":"<p>MAS\u0141O SHEA W PIEL\u0118GNACJI SK\u00d3RY Wprowadzenie: Czym jest mas\u0142o shea? Mas\u0142o shea, pozyskiwane z orzech\u00f3w afryka\u0144skiego drzewa shea, jest popularnym sk\u0142adnikiem w piel\u0119gnacji sk\u00f3ry i jest znane ze swoich bogatych w\u0142a\u015bciwo\u015bci od\u017cywczych. Korzy\u015bci mas\u0142a shea dla sk\u00f3ry Intensywne nawil\u017canie G\u0142\u0119boko nawil\u017ca sk\u00f3r\u0119 i sprawia, \u017ce staje si\u0119 mi\u0119kka i elastyczna. Bogaty w sk\u0142adniki od\u017cywcze Mas\u0142o &#8230; <a title=\"Mas\u0142o shea w produktach do piel\u0119gnacji sk\u00f3ry: Naturalny \u015brodek nawil\u017caj\u0105cy dla mi\u0119kkiej sk\u00f3ry\" class=\"read-more\" href=\"https:\/\/thedermacheck.com\/pl\/maslo-shea-w-produktach-do-pielegnacji-skory-naturalny-srodek-nawilzajacy-dla-miekkiej-skory\/\" aria-label=\"Dowiedz si\u0119 wi\u0119cej o Mas\u0142o shea w produktach do piel\u0119gnacji sk\u00f3ry: Naturalny \u015brodek nawil\u017caj\u0105cy dla mi\u0119kkiej sk\u00f3ry\">Mehr erfahren<\/a><\/p>\n","protected":false},"author":2,"featured_media":0,"parent":0,"menu_order":0,"comment_status":"closed","ping_status":"closed","template":"","meta":{"_acf_changed":false,"_lmt_disableupdate":"","_lmt_disable":"","footnotes":""},"categories":[42],"tags":[],"class_list":{"0":"post-3000","1":"page","2":"type-page","3":"status-publish","5":"category-skladniki"},"acf":[],"yoast_head":"<!-- This site is optimized with the Yoast SEO Premium plugin v25.7.1 (Yoast SEO v25.7) - https:\/\/yoast.com\/wordpress\/plugins\/seo\/ -->\n<title>Mas\u0142o shea w produktach do piel\u0119gnacji sk\u00f3ry: Naturalny \u015brodek nawil\u017caj\u0105cy dla mi\u0119kkiej sk\u00f3ry | The Derma Check<\/title>\n<meta name=\"robots\" content=\"index, follow, max-snippet:-1, max-image-preview:large, max-video-preview:-1\" \/>\n<link rel=\"canonical\" href=\"https:\/\/thedermacheck.com\/pl\/maslo-shea-w-produktach-do-pielegnacji-skory-naturalny-srodek-nawilzajacy-dla-miekkiej-skory\/\" \/>\n<meta property=\"og:locale\" content=\"pl_PL\" \/>\n<meta property=\"og:type\" content=\"article\" \/>\n<meta property=\"og:title\" content=\"Mas\u0142o shea w produktach do piel\u0119gnacji sk\u00f3ry: Naturalny \u015brodek nawil\u017caj\u0105cy dla mi\u0119kkiej sk\u00f3ry\" \/>\n<meta property=\"og:description\" content=\"MAS\u0141O SHEA W PIEL\u0118GNACJI SK\u00d3RY Wprowadzenie: Czym jest mas\u0142o shea? Mas\u0142o shea, pozyskiwane z orzech\u00f3w afryka\u0144skiego drzewa shea, jest popularnym sk\u0142adnikiem w piel\u0119gnacji sk\u00f3ry i jest znane ze swoich bogatych w\u0142a\u015bciwo\u015bci od\u017cywczych. Korzy\u015bci mas\u0142a shea dla sk\u00f3ry Intensywne nawil\u017canie G\u0142\u0119boko nawil\u017ca sk\u00f3r\u0119 i sprawia, \u017ce staje si\u0119 mi\u0119kka i elastyczna. Bogaty w sk\u0142adniki od\u017cywcze Mas\u0142o ... Mehr erfahren\" \/>\n<meta property=\"og:url\" content=\"https:\/\/thedermacheck.com\/pl\/maslo-shea-w-produktach-do-pielegnacji-skory-naturalny-srodek-nawilzajacy-dla-miekkiej-skory\/\" \/>\n<meta property=\"og:site_name\" content=\"The Derma Check\" \/>\n<meta property=\"article:modified_time\" content=\"2024-02-13T14:50:57+00:00\" \/>\n<meta name=\"twitter:card\" content=\"summary_large_image\" \/>\n<meta name=\"twitter:label1\" content=\"Szacowany czas czytania\" \/>\n\t<meta name=\"twitter:data1\" content=\"2 minuty\" \/>\n<script type=\"application\/ld+json\" class=\"yoast-schema-graph\">{\"@context\":\"https:\/\/schema.org\",\"@graph\":[{\"@type\":\"WebPage\",\"@id\":\"https:\/\/thedermacheck.com\/pl\/maslo-shea-w-produktach-do-pielegnacji-skory-naturalny-srodek-nawilzajacy-dla-miekkiej-skory\/\",\"url\":\"https:\/\/thedermacheck.com\/pl\/maslo-shea-w-produktach-do-pielegnacji-skory-naturalny-srodek-nawilzajacy-dla-miekkiej-skory\/\",\"name\":\"Mas\u0142o shea w produktach do piel\u0119gnacji sk\u00f3ry: Naturalny \u015brodek nawil\u017caj\u0105cy dla mi\u0119kkiej sk\u00f3ry | The Derma Check\",\"isPartOf\":{\"@id\":\"https:\/\/thedermacheck.com\/pl\/#website\"},\"datePublished\":\"2023-12-19T14:53:35+00:00\",\"dateModified\":\"2024-02-13T14:50:57+00:00\",\"breadcrumb\":{\"@id\":\"https:\/\/thedermacheck.com\/pl\/maslo-shea-w-produktach-do-pielegnacji-skory-naturalny-srodek-nawilzajacy-dla-miekkiej-skory\/#breadcrumb\"},\"inLanguage\":\"pl-PL\",\"potentialAction\":[{\"@type\":\"ReadAction\",\"target\":[\"https:\/\/thedermacheck.com\/pl\/maslo-shea-w-produktach-do-pielegnacji-skory-naturalny-srodek-nawilzajacy-dla-miekkiej-skory\/\"]}]},{\"@type\":\"BreadcrumbList\",\"@id\":\"https:\/\/thedermacheck.com\/pl\/maslo-shea-w-produktach-do-pielegnacji-skory-naturalny-srodek-nawilzajacy-dla-miekkiej-skory\/#breadcrumb\",\"itemListElement\":[{\"@type\":\"ListItem\",\"position\":1,\"name\":\"Derma Check\",\"item\":\"https:\/\/thedermacheck.com\/pl\/\"},{\"@type\":\"ListItem\",\"position\":2,\"name\":\"Mas\u0142o shea w produktach do piel\u0119gnacji sk\u00f3ry: Naturalny \u015brodek nawil\u017caj\u0105cy dla mi\u0119kkiej sk\u00f3ry\"}]},{\"@type\":\"WebSite\",\"@id\":\"https:\/\/thedermacheck.com\/pl\/#website\",\"url\":\"https:\/\/thedermacheck.com\/pl\/\",\"name\":\"The Derma Check\",\"description\":\"\",\"publisher\":{\"@id\":\"https:\/\/thedermacheck.com\/pl\/#organization\"},\"potentialAction\":[{\"@type\":\"SearchAction\",\"target\":{\"@type\":\"EntryPoint\",\"urlTemplate\":\"https:\/\/thedermacheck.com\/pl\/?s={search_term_string}\"},\"query-input\":{\"@type\":\"PropertyValueSpecification\",\"valueRequired\":true,\"valueName\":\"search_term_string\"}}],\"inLanguage\":\"pl-PL\"},{\"@type\":\"Organization\",\"@id\":\"https:\/\/thedermacheck.com\/pl\/#organization\",\"name\":\"The Derma Check\",\"url\":\"https:\/\/thedermacheck.com\/pl\/\",\"logo\":{\"@type\":\"ImageObject\",\"inLanguage\":\"pl-PL\",\"@id\":\"https:\/\/thedermacheck.com\/pl\/#\/schema\/logo\/image\/\",\"url\":\"https:\/\/thedermacheck.com\/wp-content\/uploads\/2023\/10\/cropped-THE-DERMA-CHECK-FAVICON-NEW-1.png\",\"contentUrl\":\"https:\/\/thedermacheck.com\/wp-content\/uploads\/2023\/10\/cropped-THE-DERMA-CHECK-FAVICON-NEW-1.png\",\"width\":512,\"height\":512,\"caption\":\"The Derma Check\"},\"image\":{\"@id\":\"https:\/\/thedermacheck.com\/pl\/#\/schema\/logo\/image\/\"}}]}<\/script>\n<!-- \/ Yoast SEO Premium plugin. -->","yoast_head_json":{"title":"Mas\u0142o shea w produktach do piel\u0119gnacji sk\u00f3ry: Naturalny \u015brodek nawil\u017caj\u0105cy dla mi\u0119kkiej sk\u00f3ry | The Derma Check","robots":{"index":"index","follow":"follow","max-snippet":"max-snippet:-1","max-image-preview":"max-image-preview:large","max-video-preview":"max-video-preview:-1"},"canonical":"https:\/\/thedermacheck.com\/pl\/maslo-shea-w-produktach-do-pielegnacji-skory-naturalny-srodek-nawilzajacy-dla-miekkiej-skory\/","og_locale":"pl_PL","og_type":"article","og_title":"Mas\u0142o shea w produktach do piel\u0119gnacji sk\u00f3ry: Naturalny \u015brodek nawil\u017caj\u0105cy dla mi\u0119kkiej sk\u00f3ry","og_description":"MAS\u0141O SHEA W PIEL\u0118GNACJI SK\u00d3RY Wprowadzenie: Czym jest mas\u0142o shea? Mas\u0142o shea, pozyskiwane z orzech\u00f3w afryka\u0144skiego drzewa shea, jest popularnym sk\u0142adnikiem w piel\u0119gnacji sk\u00f3ry i jest znane ze swoich bogatych w\u0142a\u015bciwo\u015bci od\u017cywczych. Korzy\u015bci mas\u0142a shea dla sk\u00f3ry Intensywne nawil\u017canie G\u0142\u0119boko nawil\u017ca sk\u00f3r\u0119 i sprawia, \u017ce staje si\u0119 mi\u0119kka i elastyczna. Bogaty w sk\u0142adniki od\u017cywcze Mas\u0142o ... Mehr erfahren","og_url":"https:\/\/thedermacheck.com\/pl\/maslo-shea-w-produktach-do-pielegnacji-skory-naturalny-srodek-nawilzajacy-dla-miekkiej-skory\/","og_site_name":"The Derma Check","article_modified_time":"2024-02-13T14:50:57+00:00","twitter_card":"summary_large_image","twitter_misc":{"Szacowany czas czytania":"2 minuty"},"schema":{"@context":"https:\/\/schema.org","@graph":[{"@type":"WebPage","@id":"https:\/\/thedermacheck.com\/pl\/maslo-shea-w-produktach-do-pielegnacji-skory-naturalny-srodek-nawilzajacy-dla-miekkiej-skory\/","url":"https:\/\/thedermacheck.com\/pl\/maslo-shea-w-produktach-do-pielegnacji-skory-naturalny-srodek-nawilzajacy-dla-miekkiej-skory\/","name":"Mas\u0142o shea w produktach do piel\u0119gnacji sk\u00f3ry: Naturalny \u015brodek nawil\u017caj\u0105cy dla mi\u0119kkiej sk\u00f3ry | The Derma Check","isPartOf":{"@id":"https:\/\/thedermacheck.com\/pl\/#website"},"datePublished":"2023-12-19T14:53:35+00:00","dateModified":"2024-02-13T14:50:57+00:00","breadcrumb":{"@id":"https:\/\/thedermacheck.com\/pl\/maslo-shea-w-produktach-do-pielegnacji-skory-naturalny-srodek-nawilzajacy-dla-miekkiej-skory\/#breadcrumb"},"inLanguage":"pl-PL","potentialAction":[{"@type":"ReadAction","target":["https:\/\/thedermacheck.com\/pl\/maslo-shea-w-produktach-do-pielegnacji-skory-naturalny-srodek-nawilzajacy-dla-miekkiej-skory\/"]}]},{"@type":"BreadcrumbList","@id":"https:\/\/thedermacheck.com\/pl\/maslo-shea-w-produktach-do-pielegnacji-skory-naturalny-srodek-nawilzajacy-dla-miekkiej-skory\/#breadcrumb","itemListElement":[{"@type":"ListItem","position":1,"name":"Derma Check","item":"https:\/\/thedermacheck.com\/pl\/"},{"@type":"ListItem","position":2,"name":"Mas\u0142o shea w produktach do piel\u0119gnacji sk\u00f3ry: Naturalny \u015brodek nawil\u017caj\u0105cy dla mi\u0119kkiej sk\u00f3ry"}]},{"@type":"WebSite","@id":"https:\/\/thedermacheck.com\/pl\/#website","url":"https:\/\/thedermacheck.com\/pl\/","name":"The Derma Check","description":"","publisher":{"@id":"https:\/\/thedermacheck.com\/pl\/#organization"},"potentialAction":[{"@type":"SearchAction","target":{"@type":"EntryPoint","urlTemplate":"https:\/\/thedermacheck.com\/pl\/?s={search_term_string}"},"query-input":{"@type":"PropertyValueSpecification","valueRequired":true,"valueName":"search_term_string"}}],"inLanguage":"pl-PL"},{"@type":"Organization","@id":"https:\/\/thedermacheck.com\/pl\/#organization","name":"The Derma Check","url":"https:\/\/thedermacheck.com\/pl\/","logo":{"@type":"ImageObject","inLanguage":"pl-PL","@id":"https:\/\/thedermacheck.com\/pl\/#\/schema\/logo\/image\/","url":"https:\/\/thedermacheck.com\/wp-content\/uploads\/2023\/10\/cropped-THE-DERMA-CHECK-FAVICON-NEW-1.png","contentUrl":"https:\/\/thedermacheck.com\/wp-content\/uploads\/2023\/10\/cropped-THE-DERMA-CHECK-FAVICON-NEW-1.png","width":512,"height":512,"caption":"The Derma Check"},"image":{"@id":"https:\/\/thedermacheck.com\/pl\/#\/schema\/logo\/image\/"}}]}},"_links":{"self":[{"href":"https:\/\/thedermacheck.com\/pl\/wp-json\/wp\/v2\/pages\/3000","targetHints":{"allow":["GET"]}}],"collection":[{"href":"https:\/\/thedermacheck.com\/pl\/wp-json\/wp\/v2\/pages"}],"about":[{"href":"https:\/\/thedermacheck.com\/pl\/wp-json\/wp\/v2\/types\/page"}],"author":[{"embeddable":true,"href":"https:\/\/thedermacheck.com\/pl\/wp-json\/wp\/v2\/users\/2"}],"replies":[{"embeddable":true,"href":"https:\/\/thedermacheck.com\/pl\/wp-json\/wp\/v2\/comments?post=3000"}],"version-history":[{"count":1,"href":"https:\/\/thedermacheck.com\/pl\/wp-json\/wp\/v2\/pages\/3000\/revisions"}],"predecessor-version":[{"id":3001,"href":"https:\/\/thedermacheck.com\/pl\/wp-json\/wp\/v2\/pages\/3000\/revisions\/3001"}],"wp:attachment":[{"href":"https:\/\/thedermacheck.com\/pl\/wp-json\/wp\/v2\/media?parent=3000"}],"wp:term":[{"taxonomy":"category","embeddable":true,"href":"https:\/\/thedermacheck.com\/pl\/wp-json\/wp\/v2\/categories?post=3000"},{"taxonomy":"post_tag","embeddable":true,"href":"https:\/\/thedermacheck.com\/pl\/wp-json\/wp\/v2\/tags?post=3000"}],"curies":[{"name":"wp","href":"https:\/\/api.w.org\/{rel}","templated":true}]}}