{"id":3028,"date":"2023-12-19T14:52:10","date_gmt":"2023-12-19T14:52:10","guid":{"rendered":"https:\/\/thedermacheck.com\/hialuronian-sodu-w-pielegnacji-skory-nawilzajacy-cud-dla-promiennej-skory\/"},"modified":"2024-02-13T14:51:58","modified_gmt":"2024-02-13T14:51:58","slug":"hialuronian-sodu-w-pielegnacji-skory-nawilzajacy-cud-dla-promiennej-skory","status":"publish","type":"page","link":"https:\/\/thedermacheck.com\/pl\/hialuronian-sodu-w-pielegnacji-skory-nawilzajacy-cud-dla-promiennej-skory\/","title":{"rendered":"Hialuronian sodu w piel\u0119gnacji sk\u00f3ry: nawil\u017caj\u0105cy cud dla promiennej sk\u00f3ry"},"content":{"rendered":"\n<p><strong>HIALURONIAN SODU W PIEL\u0118GNACJI SK\u00d3RY<\/strong><\/p>\n\n<ul class=\"wp-block-list\">\n<li><strong>Rodzaj sk\u0142adnika<\/strong>: cz\u0105steczka wi\u0105\u017c\u0105ca wilgo\u0107<\/li>\n\n\n\n<li><strong>G\u0142\u00f3wne korzy\u015bci<\/strong>: Intensywne nawil\u017cenie, redukcja drobnych zmarszczek, promowanie pulchnego wygl\u0105du sk\u00f3ry<\/li>\n\n\n\n<li><strong>Idealny dla<\/strong>: Wszystkich typ\u00f3w sk\u00f3ry, szczeg\u00f3lnie dla sk\u00f3ry suchej lub dojrza\u0142ej<\/li>\n\n\n\n<li><strong>Cz\u0119stotliwo\u015b\u0107<\/strong> stosowania: codziennie, rano i\/lub wieczorem<\/li>\n\n\n\n<li><strong>Dobrze \u0142\u0105czy si\u0119 z<\/strong>: Innymi sk\u0142adnikami nawil\u017caj\u0105cymi i przeciwutleniaczami<\/li>\n\n\n\n<li><strong>Nale\u017cy unika\u0107 w przypadku<\/strong>: Rzadkie przypadki nadwra\u017cliwo\u015bci<\/li>\n<\/ul>\n\n<h2 class=\"wp-block-heading\">Wprowadzenie: Czym jest hialuronian sodu?<\/h2>\n\n<p>Hialuronian sodu, s\u00f3l sodowa kwasu hialuronowego, jest szeroko stosowanym sk\u0142adnikiem w piel\u0119gnacji sk\u00f3ry, znanym ze swojej wyj\u0105tkowej zdolno\u015bci do wi\u0105zania wilgoci i g\u0142\u0119bokiego nawil\u017cania sk\u00f3ry.<\/p>\n\n<h3 class=\"wp-block-heading\">Zalety hialuronianu sodu dla sk\u00f3ry<\/h3>\n\n<h4 class=\"wp-block-heading\">Intensywne nawil\u017canie<\/h4>\n\n<p>Hialuronian sodu mo\u017ce wi\u0105za\u0107 wod\u0119 w ilo\u015bci wielokrotnie przekraczaj\u0105cej jego mas\u0119, co prowadzi do znacznego nawil\u017cenia i wype\u0142nienia sk\u00f3ry.<\/p>\n\n<h4 class=\"wp-block-heading\">Wyg\u0142adzanie drobnych zmarszczek<\/h4>\n\n<p>Zatrzymanie wilgoci sprawia, \u017ce sk\u00f3ra staje si\u0119 j\u0119drniejsza, co mo\u017ce zmniejszy\u0107 drobne linie i zmarszczki.<\/p>\n\n<h4 class=\"wp-block-heading\">Promocja zdrowia sk\u00f3ry<\/h4>\n\n<p>Wspiera barier\u0119 ochronn\u0105 sk\u00f3ry, dzi\u0119ki czemu mo\u017ce poprawi\u0107 og\u00f3lny stan i struktur\u0119 sk\u00f3ry.<\/p>\n\n<h3 class=\"wp-block-heading\">Mo\u017cliwe skutki uboczne<\/h3>\n\n<p>Hialuronian sodu jest og\u00f3lnie bardzo dobrze tolerowany, ale mo\u017cliwe s\u0105 rzadkie reakcje nadwra\u017cliwo\u015bci.<\/p>\n\n<h2 class=\"wp-block-heading\">Zastosowanie hialuronianu sodu w piel\u0119gnacji sk\u00f3ry<\/h2>\n\n<h3 class=\"wp-block-heading\">Prawid\u0142owe zastosowanie<\/h3>\n\n<ul class=\"wp-block-list\">\n<li><strong>Regularne stosowanie<\/strong>: Aby uzyska\u0107 optymalne rezultaty, produkt z hialuronianem sodu powinien by\u0107 stosowany codziennie.<\/li>\n\n\n\n<li><strong>Po\u0142\u0105czenie z innymi produktami<\/strong>: Dobrze \u0142\u0105czy si\u0119 z innymi sk\u0142adnikami nawil\u017caj\u0105cymi i od\u017cywczymi.<\/li>\n<\/ul>\n\n<h3 class=\"wp-block-heading\">Jak go nie u\u017cywa\u0107<\/h3>\n\n<ul class=\"wp-block-list\">\n<li><strong>Ostro\u017cnie w przypadku nadwra\u017cliwo\u015bci<\/strong>: Osoby o znanej nadwra\u017cliwo\u015bci powinny przed u\u017cyciem wykona\u0107 test p\u0142atkowy.<\/li>\n<\/ul>\n\n<h2 class=\"wp-block-heading\">FAQ<\/h2>\n\n<p><strong>1. Czy hialuronian sodu jest odpowiedni dla wszystkich rodzaj\u00f3w sk\u00f3ry?<\/strong>  Tak, jest odpowiedni dla wszystkich rodzaj\u00f3w sk\u00f3ry, a szczeg\u00f3lnie korzystny dla sk\u00f3ry suchej lub dojrza\u0142ej.<\/p>\n\n<p><strong>2 Czy hialuronian sodu r\u00f3\u017cni si\u0119 od kwasu hialuronowego?<\/strong>  Hialuronian sodu jest sol\u0105 kwasu hialuronowego i ma mniejszy rozmiar cz\u0105steczki, co u\u0142atwia penetracj\u0119 sk\u00f3ry.<\/p>\n\n<p><strong>3. Czy hialuronian sodu mo\u017ce powodowa\u0107 tr\u0105dzik?<\/strong>  Jest niekomedogenny i zwykle nie powoduje tr\u0105dziku.<\/p>\n\n<h2 class=\"wp-block-heading\">Wnioski<\/h2>\n\n<p>Hialuronian sodu jest kluczowym sk\u0142adnikiem nowoczesnej piel\u0119gnacji sk\u00f3ry, skutecznie pomagaj\u0105cym w jej nawil\u017ceniu i poprawie wygl\u0105du. Jego zdolno\u015b\u0107 do wi\u0105zania wilgoci i uj\u0119drniania sk\u00f3ry sprawia, \u017ce jest on niezb\u0119dnym elementem codziennej piel\u0119gnacji sk\u00f3ry. Prawid\u0142owe stosowanie mo\u017ce prowadzi\u0107 do wyra\u017anie zdrowszej, pulchniejszej i bardziej promiennej sk\u00f3ry.<\/p>\n","protected":false},"excerpt":{"rendered":"<p>HIALURONIAN SODU W PIEL\u0118GNACJI SK\u00d3RY Wprowadzenie: Czym jest hialuronian sodu? Hialuronian sodu, s\u00f3l sodowa kwasu hialuronowego, jest szeroko stosowanym sk\u0142adnikiem w piel\u0119gnacji sk\u00f3ry, znanym ze swojej wyj\u0105tkowej zdolno\u015bci do wi\u0105zania wilgoci i g\u0142\u0119bokiego nawil\u017cania sk\u00f3ry. Zalety hialuronianu sodu dla sk\u00f3ry Intensywne nawil\u017canie Hialuronian sodu mo\u017ce wi\u0105za\u0107 wod\u0119 w ilo\u015bci wielokrotnie przekraczaj\u0105cej jego mas\u0119, co prowadzi &#8230; <a title=\"Hialuronian sodu w piel\u0119gnacji sk\u00f3ry: nawil\u017caj\u0105cy cud dla promiennej sk\u00f3ry\" class=\"read-more\" href=\"https:\/\/thedermacheck.com\/pl\/hialuronian-sodu-w-pielegnacji-skory-nawilzajacy-cud-dla-promiennej-skory\/\" aria-label=\"Dowiedz si\u0119 wi\u0119cej o Hialuronian sodu w piel\u0119gnacji sk\u00f3ry: nawil\u017caj\u0105cy cud dla promiennej sk\u00f3ry\">Mehr erfahren<\/a><\/p>\n","protected":false},"author":2,"featured_media":0,"parent":0,"menu_order":0,"comment_status":"closed","ping_status":"closed","template":"","meta":{"_acf_changed":false,"_lmt_disableupdate":"","_lmt_disable":"","footnotes":""},"categories":[42],"tags":[],"class_list":{"0":"post-3028","1":"page","2":"type-page","3":"status-publish","5":"category-skladniki"},"acf":[],"yoast_head":"<!-- This site is optimized with the Yoast SEO Premium plugin v25.7.1 (Yoast SEO v25.7) - https:\/\/yoast.com\/wordpress\/plugins\/seo\/ -->\n<title>Hialuronian sodu w piel\u0119gnacji sk\u00f3ry: nawil\u017caj\u0105cy cud dla promiennej sk\u00f3ry | The Derma Check<\/title>\n<meta name=\"robots\" content=\"index, follow, max-snippet:-1, max-image-preview:large, max-video-preview:-1\" \/>\n<link rel=\"canonical\" href=\"https:\/\/thedermacheck.com\/pl\/hialuronian-sodu-w-pielegnacji-skory-nawilzajacy-cud-dla-promiennej-skory\/\" \/>\n<meta property=\"og:locale\" content=\"pl_PL\" \/>\n<meta property=\"og:type\" content=\"article\" \/>\n<meta property=\"og:title\" content=\"Hialuronian sodu w piel\u0119gnacji sk\u00f3ry: nawil\u017caj\u0105cy cud dla promiennej sk\u00f3ry\" \/>\n<meta property=\"og:description\" content=\"HIALURONIAN SODU W PIEL\u0118GNACJI SK\u00d3RY Wprowadzenie: Czym jest hialuronian sodu? Hialuronian sodu, s\u00f3l sodowa kwasu hialuronowego, jest szeroko stosowanym sk\u0142adnikiem w piel\u0119gnacji sk\u00f3ry, znanym ze swojej wyj\u0105tkowej zdolno\u015bci do wi\u0105zania wilgoci i g\u0142\u0119bokiego nawil\u017cania sk\u00f3ry. Zalety hialuronianu sodu dla sk\u00f3ry Intensywne nawil\u017canie Hialuronian sodu mo\u017ce wi\u0105za\u0107 wod\u0119 w ilo\u015bci wielokrotnie przekraczaj\u0105cej jego mas\u0119, co prowadzi ... Mehr erfahren\" \/>\n<meta property=\"og:url\" content=\"https:\/\/thedermacheck.com\/pl\/hialuronian-sodu-w-pielegnacji-skory-nawilzajacy-cud-dla-promiennej-skory\/\" \/>\n<meta property=\"og:site_name\" content=\"The Derma Check\" \/>\n<meta property=\"article:modified_time\" content=\"2024-02-13T14:51:58+00:00\" \/>\n<meta name=\"twitter:card\" content=\"summary_large_image\" \/>\n<meta name=\"twitter:label1\" content=\"Szacowany czas czytania\" \/>\n\t<meta name=\"twitter:data1\" content=\"2 minuty\" \/>\n<script type=\"application\/ld+json\" class=\"yoast-schema-graph\">{\"@context\":\"https:\/\/schema.org\",\"@graph\":[{\"@type\":\"WebPage\",\"@id\":\"https:\/\/thedermacheck.com\/pl\/hialuronian-sodu-w-pielegnacji-skory-nawilzajacy-cud-dla-promiennej-skory\/\",\"url\":\"https:\/\/thedermacheck.com\/pl\/hialuronian-sodu-w-pielegnacji-skory-nawilzajacy-cud-dla-promiennej-skory\/\",\"name\":\"Hialuronian sodu w piel\u0119gnacji sk\u00f3ry: nawil\u017caj\u0105cy cud dla promiennej sk\u00f3ry | The Derma Check\",\"isPartOf\":{\"@id\":\"https:\/\/thedermacheck.com\/pl\/#website\"},\"datePublished\":\"2023-12-19T14:52:10+00:00\",\"dateModified\":\"2024-02-13T14:51:58+00:00\",\"breadcrumb\":{\"@id\":\"https:\/\/thedermacheck.com\/pl\/hialuronian-sodu-w-pielegnacji-skory-nawilzajacy-cud-dla-promiennej-skory\/#breadcrumb\"},\"inLanguage\":\"pl-PL\",\"potentialAction\":[{\"@type\":\"ReadAction\",\"target\":[\"https:\/\/thedermacheck.com\/pl\/hialuronian-sodu-w-pielegnacji-skory-nawilzajacy-cud-dla-promiennej-skory\/\"]}]},{\"@type\":\"BreadcrumbList\",\"@id\":\"https:\/\/thedermacheck.com\/pl\/hialuronian-sodu-w-pielegnacji-skory-nawilzajacy-cud-dla-promiennej-skory\/#breadcrumb\",\"itemListElement\":[{\"@type\":\"ListItem\",\"position\":1,\"name\":\"Derma Check\",\"item\":\"https:\/\/thedermacheck.com\/pl\/\"},{\"@type\":\"ListItem\",\"position\":2,\"name\":\"Hialuronian sodu w piel\u0119gnacji sk\u00f3ry: nawil\u017caj\u0105cy cud dla promiennej sk\u00f3ry\"}]},{\"@type\":\"WebSite\",\"@id\":\"https:\/\/thedermacheck.com\/pl\/#website\",\"url\":\"https:\/\/thedermacheck.com\/pl\/\",\"name\":\"The Derma Check\",\"description\":\"\",\"publisher\":{\"@id\":\"https:\/\/thedermacheck.com\/pl\/#organization\"},\"potentialAction\":[{\"@type\":\"SearchAction\",\"target\":{\"@type\":\"EntryPoint\",\"urlTemplate\":\"https:\/\/thedermacheck.com\/pl\/?s={search_term_string}\"},\"query-input\":{\"@type\":\"PropertyValueSpecification\",\"valueRequired\":true,\"valueName\":\"search_term_string\"}}],\"inLanguage\":\"pl-PL\"},{\"@type\":\"Organization\",\"@id\":\"https:\/\/thedermacheck.com\/pl\/#organization\",\"name\":\"The Derma Check\",\"url\":\"https:\/\/thedermacheck.com\/pl\/\",\"logo\":{\"@type\":\"ImageObject\",\"inLanguage\":\"pl-PL\",\"@id\":\"https:\/\/thedermacheck.com\/pl\/#\/schema\/logo\/image\/\",\"url\":\"https:\/\/thedermacheck.com\/wp-content\/uploads\/2023\/10\/cropped-THE-DERMA-CHECK-FAVICON-NEW-1.png\",\"contentUrl\":\"https:\/\/thedermacheck.com\/wp-content\/uploads\/2023\/10\/cropped-THE-DERMA-CHECK-FAVICON-NEW-1.png\",\"width\":512,\"height\":512,\"caption\":\"The Derma Check\"},\"image\":{\"@id\":\"https:\/\/thedermacheck.com\/pl\/#\/schema\/logo\/image\/\"}}]}<\/script>\n<!-- \/ Yoast SEO Premium plugin. -->","yoast_head_json":{"title":"Hialuronian sodu w piel\u0119gnacji sk\u00f3ry: nawil\u017caj\u0105cy cud dla promiennej sk\u00f3ry | The Derma Check","robots":{"index":"index","follow":"follow","max-snippet":"max-snippet:-1","max-image-preview":"max-image-preview:large","max-video-preview":"max-video-preview:-1"},"canonical":"https:\/\/thedermacheck.com\/pl\/hialuronian-sodu-w-pielegnacji-skory-nawilzajacy-cud-dla-promiennej-skory\/","og_locale":"pl_PL","og_type":"article","og_title":"Hialuronian sodu w piel\u0119gnacji sk\u00f3ry: nawil\u017caj\u0105cy cud dla promiennej sk\u00f3ry","og_description":"HIALURONIAN SODU W PIEL\u0118GNACJI SK\u00d3RY Wprowadzenie: Czym jest hialuronian sodu? Hialuronian sodu, s\u00f3l sodowa kwasu hialuronowego, jest szeroko stosowanym sk\u0142adnikiem w piel\u0119gnacji sk\u00f3ry, znanym ze swojej wyj\u0105tkowej zdolno\u015bci do wi\u0105zania wilgoci i g\u0142\u0119bokiego nawil\u017cania sk\u00f3ry. Zalety hialuronianu sodu dla sk\u00f3ry Intensywne nawil\u017canie Hialuronian sodu mo\u017ce wi\u0105za\u0107 wod\u0119 w ilo\u015bci wielokrotnie przekraczaj\u0105cej jego mas\u0119, co prowadzi ... Mehr erfahren","og_url":"https:\/\/thedermacheck.com\/pl\/hialuronian-sodu-w-pielegnacji-skory-nawilzajacy-cud-dla-promiennej-skory\/","og_site_name":"The Derma Check","article_modified_time":"2024-02-13T14:51:58+00:00","twitter_card":"summary_large_image","twitter_misc":{"Szacowany czas czytania":"2 minuty"},"schema":{"@context":"https:\/\/schema.org","@graph":[{"@type":"WebPage","@id":"https:\/\/thedermacheck.com\/pl\/hialuronian-sodu-w-pielegnacji-skory-nawilzajacy-cud-dla-promiennej-skory\/","url":"https:\/\/thedermacheck.com\/pl\/hialuronian-sodu-w-pielegnacji-skory-nawilzajacy-cud-dla-promiennej-skory\/","name":"Hialuronian sodu w piel\u0119gnacji sk\u00f3ry: nawil\u017caj\u0105cy cud dla promiennej sk\u00f3ry | The Derma Check","isPartOf":{"@id":"https:\/\/thedermacheck.com\/pl\/#website"},"datePublished":"2023-12-19T14:52:10+00:00","dateModified":"2024-02-13T14:51:58+00:00","breadcrumb":{"@id":"https:\/\/thedermacheck.com\/pl\/hialuronian-sodu-w-pielegnacji-skory-nawilzajacy-cud-dla-promiennej-skory\/#breadcrumb"},"inLanguage":"pl-PL","potentialAction":[{"@type":"ReadAction","target":["https:\/\/thedermacheck.com\/pl\/hialuronian-sodu-w-pielegnacji-skory-nawilzajacy-cud-dla-promiennej-skory\/"]}]},{"@type":"BreadcrumbList","@id":"https:\/\/thedermacheck.com\/pl\/hialuronian-sodu-w-pielegnacji-skory-nawilzajacy-cud-dla-promiennej-skory\/#breadcrumb","itemListElement":[{"@type":"ListItem","position":1,"name":"Derma Check","item":"https:\/\/thedermacheck.com\/pl\/"},{"@type":"ListItem","position":2,"name":"Hialuronian sodu w piel\u0119gnacji sk\u00f3ry: nawil\u017caj\u0105cy cud dla promiennej sk\u00f3ry"}]},{"@type":"WebSite","@id":"https:\/\/thedermacheck.com\/pl\/#website","url":"https:\/\/thedermacheck.com\/pl\/","name":"The Derma Check","description":"","publisher":{"@id":"https:\/\/thedermacheck.com\/pl\/#organization"},"potentialAction":[{"@type":"SearchAction","target":{"@type":"EntryPoint","urlTemplate":"https:\/\/thedermacheck.com\/pl\/?s={search_term_string}"},"query-input":{"@type":"PropertyValueSpecification","valueRequired":true,"valueName":"search_term_string"}}],"inLanguage":"pl-PL"},{"@type":"Organization","@id":"https:\/\/thedermacheck.com\/pl\/#organization","name":"The Derma Check","url":"https:\/\/thedermacheck.com\/pl\/","logo":{"@type":"ImageObject","inLanguage":"pl-PL","@id":"https:\/\/thedermacheck.com\/pl\/#\/schema\/logo\/image\/","url":"https:\/\/thedermacheck.com\/wp-content\/uploads\/2023\/10\/cropped-THE-DERMA-CHECK-FAVICON-NEW-1.png","contentUrl":"https:\/\/thedermacheck.com\/wp-content\/uploads\/2023\/10\/cropped-THE-DERMA-CHECK-FAVICON-NEW-1.png","width":512,"height":512,"caption":"The Derma Check"},"image":{"@id":"https:\/\/thedermacheck.com\/pl\/#\/schema\/logo\/image\/"}}]}},"_links":{"self":[{"href":"https:\/\/thedermacheck.com\/pl\/wp-json\/wp\/v2\/pages\/3028","targetHints":{"allow":["GET"]}}],"collection":[{"href":"https:\/\/thedermacheck.com\/pl\/wp-json\/wp\/v2\/pages"}],"about":[{"href":"https:\/\/thedermacheck.com\/pl\/wp-json\/wp\/v2\/types\/page"}],"author":[{"embeddable":true,"href":"https:\/\/thedermacheck.com\/pl\/wp-json\/wp\/v2\/users\/2"}],"replies":[{"embeddable":true,"href":"https:\/\/thedermacheck.com\/pl\/wp-json\/wp\/v2\/comments?post=3028"}],"version-history":[{"count":1,"href":"https:\/\/thedermacheck.com\/pl\/wp-json\/wp\/v2\/pages\/3028\/revisions"}],"predecessor-version":[{"id":3029,"href":"https:\/\/thedermacheck.com\/pl\/wp-json\/wp\/v2\/pages\/3028\/revisions\/3029"}],"wp:attachment":[{"href":"https:\/\/thedermacheck.com\/pl\/wp-json\/wp\/v2\/media?parent=3028"}],"wp:term":[{"taxonomy":"category","embeddable":true,"href":"https:\/\/thedermacheck.com\/pl\/wp-json\/wp\/v2\/categories?post=3028"},{"taxonomy":"post_tag","embeddable":true,"href":"https:\/\/thedermacheck.com\/pl\/wp-json\/wp\/v2\/tags?post=3028"}],"curies":[{"name":"wp","href":"https:\/\/api.w.org\/{rel}","templated":true}]}}