{"id":3044,"date":"2023-12-19T14:52:56","date_gmt":"2023-12-19T14:52:56","guid":{"rendered":"https:\/\/thedermacheck.com\/skwalan-w-produktach-do-pielegnacji-skory-krem-nawilzajacy-dla-kazdego-rodzaju-skory\/"},"modified":"2024-02-13T14:52:05","modified_gmt":"2024-02-13T14:52:05","slug":"skwalan-w-produktach-do-pielegnacji-skory-krem-nawilzajacy-dla-kazdego-rodzaju-skory","status":"publish","type":"page","link":"https:\/\/thedermacheck.com\/pl\/skwalan-w-produktach-do-pielegnacji-skory-krem-nawilzajacy-dla-kazdego-rodzaju-skory\/","title":{"rendered":"Skwalan w produktach do piel\u0119gnacji sk\u00f3ry: Krem nawil\u017caj\u0105cy dla ka\u017cdego rodzaju sk\u00f3ry"},"content":{"rendered":"\n<p><strong>SKWALAN W PIEL\u0118GNACJI SK\u00d3RY<\/strong><\/p>\n\n<ul class=\"wp-block-list\">\n<li><strong>Rodzaj sk\u0142adnika<\/strong>: nawil\u017caj\u0105cy lipid<\/li>\n\n\n\n<li><strong>G\u0142\u00f3wne korzy\u015bci<\/strong>: Nawil\u017ca, poprawia elastyczno\u015b\u0107 sk\u00f3ry, niekomedogenny<\/li>\n\n\n\n<li><strong>Idealny dla<\/strong>: Wszystkich rodzaj\u00f3w sk\u00f3ry, w tym sk\u00f3ry wra\u017cliwej i t\u0142ustej<\/li>\n\n\n\n<li><strong>Cz\u0119stotliwo\u015b\u0107<\/strong> stosowania: Codziennie, zwykle rano i wieczorem.<\/li>\n\n\n\n<li><strong>Dobrze \u0142\u0105czy si\u0119 z<\/strong>: R\u00f3\u017cnymi produktami do piel\u0119gnacji sk\u00f3ry, w tym przeciwstarzeniowymi i przeciwtr\u0105dzikowymi<\/li>\n\n\n\n<li><strong>Nale\u017cy unika\u0107 w przypadku<\/strong>: Rzadkie przypadki nadwra\u017cliwo\u015bci<\/li>\n<\/ul>\n\n<h2 class=\"wp-block-heading\">Wprowadzenie: Czym jest skwalan?<\/h2>\n\n<p>Skwalan, nawil\u017caj\u0105cy lipid, znany jest w piel\u0119gnacji sk\u00f3ry z doskona\u0142ych w\u0142a\u015bciwo\u015bci nawil\u017caj\u0105cych i dobrej tolerancji. Jest to nasycona i stabilna forma skwalenu, naturalnego sk\u0142adnika warstwy lipidowej sk\u00f3ry.<\/p>\n\n<h3 class=\"wp-block-heading\">Korzy\u015bci skwalanu dla sk\u00f3ry<\/h3>\n\n<h4 class=\"wp-block-heading\">Intensywne nawil\u017canie<\/h4>\n\n<p>Skwalan szybko si\u0119 wch\u0142ania i intensywnie nawil\u017ca sk\u00f3r\u0119, nie pozostawiaj\u0105c uczucia t\u0142usto\u015bci.<\/p>\n\n<h4 class=\"wp-block-heading\">Poprawa elastyczno\u015bci sk\u00f3ry<\/h4>\n\n<p>Dzi\u0119ki swoim w\u0142a\u015bciwo\u015bciom nawil\u017caj\u0105cym skwalan pomaga poprawi\u0107 elastyczno\u015b\u0107 sk\u00f3ry i zmniejszy\u0107 widoczno\u015b\u0107 drobnych zmarszczek.<\/p>\n\n<h4 class=\"wp-block-heading\">Odpowiedni dla wszystkich rodzaj\u00f3w sk\u00f3ry<\/h4>\n\n<p>Skwalan jest niekomedogenny i dlatego jest odpowiedni dla wszystkich rodzaj\u00f3w sk\u00f3ry, w tym sk\u00f3ry t\u0142ustej i wra\u017cliwej.<\/p>\n\n<h3 class=\"wp-block-heading\">Mo\u017cliwe skutki uboczne<\/h3>\n\n<p>Skwalan jest og\u00f3lnie bardzo dobrze tolerowany, ale nie mo\u017cna wykluczy\u0107 rzadkich reakcji nadwra\u017cliwo\u015bci.<\/p>\n\n<h2 class=\"wp-block-heading\">Zastosowanie skwalanu w piel\u0119gnacji sk\u00f3ry<\/h2>\n\n<h3 class=\"wp-block-heading\">Prawid\u0142owe zastosowanie<\/h3>\n\n<ul class=\"wp-block-list\">\n<li><strong>Jako cz\u0119\u015b\u0107 codziennej piel\u0119gnacji sk\u00f3ry<\/strong>: Skwalan mo\u017ce by\u0107 stosowany rano i wieczorem po oczyszczeniu sk\u00f3ry i przed innymi produktami do piel\u0119gnacji sk\u00f3ry.<\/li>\n\n\n\n<li><strong>Wszechstronne opcje \u0142\u0105czenia<\/strong>: Dobrze \u0142\u0105czy si\u0119 z innymi produktami do piel\u0119gnacji sk\u00f3ry, nie zatykaj\u0105c por\u00f3w.<\/li>\n<\/ul>\n\n<h3 class=\"wp-block-heading\">Jak go nie u\u017cywa\u0107<\/h3>\n\n<ul class=\"wp-block-list\">\n<li><strong>Unikanie w przypadku nadwra\u017cliwo\u015bci<\/strong>: Je\u015bli znana jest nadwra\u017cliwo\u015b\u0107 na skwalan, nie nale\u017cy stosowa\u0107 produktu.<\/li>\n<\/ul>\n\n<h2 class=\"wp-block-heading\">FAQ<\/h2>\n\n<p><strong>1. czy skwalan jest naturalny?<\/strong>  Tak, skwalan to nasycona forma skwalenu, kt\u00f3ra wyst\u0119puje naturalnie w sk\u00f3rze i mo\u017ce by\u0107 r\u00f3wnie\u017c pozyskiwana ze \u017ar\u00f3de\u0142 ro\u015blinnych.<\/p>\n\n<p><strong>2 Czy skwalan mo\u017ce pogorszy\u0107 tr\u0105dzik?<\/strong>  Nie, skwalan nie jest komedogenny i nie powinien nasila\u0107 tr\u0105dziku.<\/p>\n\n<p><strong>3. czy skwalan jest wega\u0144ski?<\/strong>  Skwalan pozyskiwany z ro\u015blin jest wega\u0144ski. Wa\u017cne jest, aby zwraca\u0107 uwag\u0119 na \u017ar\u00f3d\u0142o skwalanu w produktach.<\/p>\n\n<h2 class=\"wp-block-heading\">Wnioski<\/h2>\n\n<p>Skwalan jest cennym sk\u0142adnikiem w piel\u0119gnacji sk\u00f3ry, kt\u00f3ry jest ceniony za doskona\u0142e w\u0142a\u015bciwo\u015bci nawil\u017caj\u0105ce i dobr\u0105 kompatybilno\u015b\u0107 ze sk\u00f3r\u0105. Jest odpowiedni dla wszystkich rodzaj\u00f3w sk\u00f3ry i oferuje \u0142atwy spos\u00f3b na wzbogacenie codziennej rutyny piel\u0119gnacyjnej i promowanie zdrowia sk\u00f3ry.<\/p>\n","protected":false},"excerpt":{"rendered":"<p>SKWALAN W PIEL\u0118GNACJI SK\u00d3RY Wprowadzenie: Czym jest skwalan? Skwalan, nawil\u017caj\u0105cy lipid, znany jest w piel\u0119gnacji sk\u00f3ry z doskona\u0142ych w\u0142a\u015bciwo\u015bci nawil\u017caj\u0105cych i dobrej tolerancji. Jest to nasycona i stabilna forma skwalenu, naturalnego sk\u0142adnika warstwy lipidowej sk\u00f3ry. Korzy\u015bci skwalanu dla sk\u00f3ry Intensywne nawil\u017canie Skwalan szybko si\u0119 wch\u0142ania i intensywnie nawil\u017ca sk\u00f3r\u0119, nie pozostawiaj\u0105c uczucia t\u0142usto\u015bci. Poprawa elastyczno\u015bci &#8230; <a title=\"Skwalan w produktach do piel\u0119gnacji sk\u00f3ry: Krem nawil\u017caj\u0105cy dla ka\u017cdego rodzaju sk\u00f3ry\" class=\"read-more\" href=\"https:\/\/thedermacheck.com\/pl\/skwalan-w-produktach-do-pielegnacji-skory-krem-nawilzajacy-dla-kazdego-rodzaju-skory\/\" aria-label=\"Dowiedz si\u0119 wi\u0119cej o Skwalan w produktach do piel\u0119gnacji sk\u00f3ry: Krem nawil\u017caj\u0105cy dla ka\u017cdego rodzaju sk\u00f3ry\">Mehr erfahren<\/a><\/p>\n","protected":false},"author":2,"featured_media":0,"parent":0,"menu_order":0,"comment_status":"closed","ping_status":"closed","template":"","meta":{"_acf_changed":false,"_lmt_disableupdate":"","_lmt_disable":"","footnotes":""},"categories":[42],"tags":[],"class_list":{"0":"post-3044","1":"page","2":"type-page","3":"status-publish","5":"category-skladniki"},"acf":[],"yoast_head":"<!-- This site is optimized with the Yoast SEO Premium plugin v25.7.1 (Yoast SEO v25.7) - https:\/\/yoast.com\/wordpress\/plugins\/seo\/ -->\n<title>Skwalan w produktach do piel\u0119gnacji sk\u00f3ry: Krem nawil\u017caj\u0105cy dla ka\u017cdego rodzaju sk\u00f3ry | The Derma Check<\/title>\n<meta name=\"robots\" content=\"index, follow, max-snippet:-1, max-image-preview:large, max-video-preview:-1\" \/>\n<link rel=\"canonical\" href=\"https:\/\/thedermacheck.com\/pl\/skwalan-w-produktach-do-pielegnacji-skory-krem-nawilzajacy-dla-kazdego-rodzaju-skory\/\" \/>\n<meta property=\"og:locale\" content=\"pl_PL\" \/>\n<meta property=\"og:type\" content=\"article\" \/>\n<meta property=\"og:title\" content=\"Skwalan w produktach do piel\u0119gnacji sk\u00f3ry: Krem nawil\u017caj\u0105cy dla ka\u017cdego rodzaju sk\u00f3ry\" \/>\n<meta property=\"og:description\" content=\"SKWALAN W PIEL\u0118GNACJI SK\u00d3RY Wprowadzenie: Czym jest skwalan? Skwalan, nawil\u017caj\u0105cy lipid, znany jest w piel\u0119gnacji sk\u00f3ry z doskona\u0142ych w\u0142a\u015bciwo\u015bci nawil\u017caj\u0105cych i dobrej tolerancji. Jest to nasycona i stabilna forma skwalenu, naturalnego sk\u0142adnika warstwy lipidowej sk\u00f3ry. Korzy\u015bci skwalanu dla sk\u00f3ry Intensywne nawil\u017canie Skwalan szybko si\u0119 wch\u0142ania i intensywnie nawil\u017ca sk\u00f3r\u0119, nie pozostawiaj\u0105c uczucia t\u0142usto\u015bci. Poprawa elastyczno\u015bci ... Mehr erfahren\" \/>\n<meta property=\"og:url\" content=\"https:\/\/thedermacheck.com\/pl\/skwalan-w-produktach-do-pielegnacji-skory-krem-nawilzajacy-dla-kazdego-rodzaju-skory\/\" \/>\n<meta property=\"og:site_name\" content=\"The Derma Check\" \/>\n<meta property=\"article:modified_time\" content=\"2024-02-13T14:52:05+00:00\" \/>\n<meta name=\"twitter:card\" content=\"summary_large_image\" \/>\n<meta name=\"twitter:label1\" content=\"Szacowany czas czytania\" \/>\n\t<meta name=\"twitter:data1\" content=\"2 minuty\" \/>\n<script type=\"application\/ld+json\" class=\"yoast-schema-graph\">{\"@context\":\"https:\/\/schema.org\",\"@graph\":[{\"@type\":\"WebPage\",\"@id\":\"https:\/\/thedermacheck.com\/pl\/skwalan-w-produktach-do-pielegnacji-skory-krem-nawilzajacy-dla-kazdego-rodzaju-skory\/\",\"url\":\"https:\/\/thedermacheck.com\/pl\/skwalan-w-produktach-do-pielegnacji-skory-krem-nawilzajacy-dla-kazdego-rodzaju-skory\/\",\"name\":\"Skwalan w produktach do piel\u0119gnacji sk\u00f3ry: Krem nawil\u017caj\u0105cy dla ka\u017cdego rodzaju sk\u00f3ry | The Derma Check\",\"isPartOf\":{\"@id\":\"https:\/\/thedermacheck.com\/pl\/#website\"},\"datePublished\":\"2023-12-19T14:52:56+00:00\",\"dateModified\":\"2024-02-13T14:52:05+00:00\",\"breadcrumb\":{\"@id\":\"https:\/\/thedermacheck.com\/pl\/skwalan-w-produktach-do-pielegnacji-skory-krem-nawilzajacy-dla-kazdego-rodzaju-skory\/#breadcrumb\"},\"inLanguage\":\"pl-PL\",\"potentialAction\":[{\"@type\":\"ReadAction\",\"target\":[\"https:\/\/thedermacheck.com\/pl\/skwalan-w-produktach-do-pielegnacji-skory-krem-nawilzajacy-dla-kazdego-rodzaju-skory\/\"]}]},{\"@type\":\"BreadcrumbList\",\"@id\":\"https:\/\/thedermacheck.com\/pl\/skwalan-w-produktach-do-pielegnacji-skory-krem-nawilzajacy-dla-kazdego-rodzaju-skory\/#breadcrumb\",\"itemListElement\":[{\"@type\":\"ListItem\",\"position\":1,\"name\":\"Derma Check\",\"item\":\"https:\/\/thedermacheck.com\/pl\/\"},{\"@type\":\"ListItem\",\"position\":2,\"name\":\"Skwalan w produktach do piel\u0119gnacji sk\u00f3ry: Krem nawil\u017caj\u0105cy dla ka\u017cdego rodzaju sk\u00f3ry\"}]},{\"@type\":\"WebSite\",\"@id\":\"https:\/\/thedermacheck.com\/pl\/#website\",\"url\":\"https:\/\/thedermacheck.com\/pl\/\",\"name\":\"The Derma Check\",\"description\":\"\",\"publisher\":{\"@id\":\"https:\/\/thedermacheck.com\/pl\/#organization\"},\"potentialAction\":[{\"@type\":\"SearchAction\",\"target\":{\"@type\":\"EntryPoint\",\"urlTemplate\":\"https:\/\/thedermacheck.com\/pl\/?s={search_term_string}\"},\"query-input\":{\"@type\":\"PropertyValueSpecification\",\"valueRequired\":true,\"valueName\":\"search_term_string\"}}],\"inLanguage\":\"pl-PL\"},{\"@type\":\"Organization\",\"@id\":\"https:\/\/thedermacheck.com\/pl\/#organization\",\"name\":\"The Derma Check\",\"url\":\"https:\/\/thedermacheck.com\/pl\/\",\"logo\":{\"@type\":\"ImageObject\",\"inLanguage\":\"pl-PL\",\"@id\":\"https:\/\/thedermacheck.com\/pl\/#\/schema\/logo\/image\/\",\"url\":\"https:\/\/thedermacheck.com\/wp-content\/uploads\/2023\/10\/cropped-THE-DERMA-CHECK-FAVICON-NEW-1.png\",\"contentUrl\":\"https:\/\/thedermacheck.com\/wp-content\/uploads\/2023\/10\/cropped-THE-DERMA-CHECK-FAVICON-NEW-1.png\",\"width\":512,\"height\":512,\"caption\":\"The Derma Check\"},\"image\":{\"@id\":\"https:\/\/thedermacheck.com\/pl\/#\/schema\/logo\/image\/\"}}]}<\/script>\n<!-- \/ Yoast SEO Premium plugin. -->","yoast_head_json":{"title":"Skwalan w produktach do piel\u0119gnacji sk\u00f3ry: Krem nawil\u017caj\u0105cy dla ka\u017cdego rodzaju sk\u00f3ry | The Derma Check","robots":{"index":"index","follow":"follow","max-snippet":"max-snippet:-1","max-image-preview":"max-image-preview:large","max-video-preview":"max-video-preview:-1"},"canonical":"https:\/\/thedermacheck.com\/pl\/skwalan-w-produktach-do-pielegnacji-skory-krem-nawilzajacy-dla-kazdego-rodzaju-skory\/","og_locale":"pl_PL","og_type":"article","og_title":"Skwalan w produktach do piel\u0119gnacji sk\u00f3ry: Krem nawil\u017caj\u0105cy dla ka\u017cdego rodzaju sk\u00f3ry","og_description":"SKWALAN W PIEL\u0118GNACJI SK\u00d3RY Wprowadzenie: Czym jest skwalan? Skwalan, nawil\u017caj\u0105cy lipid, znany jest w piel\u0119gnacji sk\u00f3ry z doskona\u0142ych w\u0142a\u015bciwo\u015bci nawil\u017caj\u0105cych i dobrej tolerancji. Jest to nasycona i stabilna forma skwalenu, naturalnego sk\u0142adnika warstwy lipidowej sk\u00f3ry. Korzy\u015bci skwalanu dla sk\u00f3ry Intensywne nawil\u017canie Skwalan szybko si\u0119 wch\u0142ania i intensywnie nawil\u017ca sk\u00f3r\u0119, nie pozostawiaj\u0105c uczucia t\u0142usto\u015bci. Poprawa elastyczno\u015bci ... Mehr erfahren","og_url":"https:\/\/thedermacheck.com\/pl\/skwalan-w-produktach-do-pielegnacji-skory-krem-nawilzajacy-dla-kazdego-rodzaju-skory\/","og_site_name":"The Derma Check","article_modified_time":"2024-02-13T14:52:05+00:00","twitter_card":"summary_large_image","twitter_misc":{"Szacowany czas czytania":"2 minuty"},"schema":{"@context":"https:\/\/schema.org","@graph":[{"@type":"WebPage","@id":"https:\/\/thedermacheck.com\/pl\/skwalan-w-produktach-do-pielegnacji-skory-krem-nawilzajacy-dla-kazdego-rodzaju-skory\/","url":"https:\/\/thedermacheck.com\/pl\/skwalan-w-produktach-do-pielegnacji-skory-krem-nawilzajacy-dla-kazdego-rodzaju-skory\/","name":"Skwalan w produktach do piel\u0119gnacji sk\u00f3ry: Krem nawil\u017caj\u0105cy dla ka\u017cdego rodzaju sk\u00f3ry | The Derma Check","isPartOf":{"@id":"https:\/\/thedermacheck.com\/pl\/#website"},"datePublished":"2023-12-19T14:52:56+00:00","dateModified":"2024-02-13T14:52:05+00:00","breadcrumb":{"@id":"https:\/\/thedermacheck.com\/pl\/skwalan-w-produktach-do-pielegnacji-skory-krem-nawilzajacy-dla-kazdego-rodzaju-skory\/#breadcrumb"},"inLanguage":"pl-PL","potentialAction":[{"@type":"ReadAction","target":["https:\/\/thedermacheck.com\/pl\/skwalan-w-produktach-do-pielegnacji-skory-krem-nawilzajacy-dla-kazdego-rodzaju-skory\/"]}]},{"@type":"BreadcrumbList","@id":"https:\/\/thedermacheck.com\/pl\/skwalan-w-produktach-do-pielegnacji-skory-krem-nawilzajacy-dla-kazdego-rodzaju-skory\/#breadcrumb","itemListElement":[{"@type":"ListItem","position":1,"name":"Derma Check","item":"https:\/\/thedermacheck.com\/pl\/"},{"@type":"ListItem","position":2,"name":"Skwalan w produktach do piel\u0119gnacji sk\u00f3ry: Krem nawil\u017caj\u0105cy dla ka\u017cdego rodzaju sk\u00f3ry"}]},{"@type":"WebSite","@id":"https:\/\/thedermacheck.com\/pl\/#website","url":"https:\/\/thedermacheck.com\/pl\/","name":"The Derma Check","description":"","publisher":{"@id":"https:\/\/thedermacheck.com\/pl\/#organization"},"potentialAction":[{"@type":"SearchAction","target":{"@type":"EntryPoint","urlTemplate":"https:\/\/thedermacheck.com\/pl\/?s={search_term_string}"},"query-input":{"@type":"PropertyValueSpecification","valueRequired":true,"valueName":"search_term_string"}}],"inLanguage":"pl-PL"},{"@type":"Organization","@id":"https:\/\/thedermacheck.com\/pl\/#organization","name":"The Derma Check","url":"https:\/\/thedermacheck.com\/pl\/","logo":{"@type":"ImageObject","inLanguage":"pl-PL","@id":"https:\/\/thedermacheck.com\/pl\/#\/schema\/logo\/image\/","url":"https:\/\/thedermacheck.com\/wp-content\/uploads\/2023\/10\/cropped-THE-DERMA-CHECK-FAVICON-NEW-1.png","contentUrl":"https:\/\/thedermacheck.com\/wp-content\/uploads\/2023\/10\/cropped-THE-DERMA-CHECK-FAVICON-NEW-1.png","width":512,"height":512,"caption":"The Derma Check"},"image":{"@id":"https:\/\/thedermacheck.com\/pl\/#\/schema\/logo\/image\/"}}]}},"_links":{"self":[{"href":"https:\/\/thedermacheck.com\/pl\/wp-json\/wp\/v2\/pages\/3044","targetHints":{"allow":["GET"]}}],"collection":[{"href":"https:\/\/thedermacheck.com\/pl\/wp-json\/wp\/v2\/pages"}],"about":[{"href":"https:\/\/thedermacheck.com\/pl\/wp-json\/wp\/v2\/types\/page"}],"author":[{"embeddable":true,"href":"https:\/\/thedermacheck.com\/pl\/wp-json\/wp\/v2\/users\/2"}],"replies":[{"embeddable":true,"href":"https:\/\/thedermacheck.com\/pl\/wp-json\/wp\/v2\/comments?post=3044"}],"version-history":[{"count":1,"href":"https:\/\/thedermacheck.com\/pl\/wp-json\/wp\/v2\/pages\/3044\/revisions"}],"predecessor-version":[{"id":3045,"href":"https:\/\/thedermacheck.com\/pl\/wp-json\/wp\/v2\/pages\/3044\/revisions\/3045"}],"wp:attachment":[{"href":"https:\/\/thedermacheck.com\/pl\/wp-json\/wp\/v2\/media?parent=3044"}],"wp:term":[{"taxonomy":"category","embeddable":true,"href":"https:\/\/thedermacheck.com\/pl\/wp-json\/wp\/v2\/categories?post=3044"},{"taxonomy":"post_tag","embeddable":true,"href":"https:\/\/thedermacheck.com\/pl\/wp-json\/wp\/v2\/tags?post=3044"}],"curies":[{"name":"wp","href":"https:\/\/api.w.org\/{rel}","templated":true}]}}