{"id":3068,"date":"2023-12-19T14:50:33","date_gmt":"2023-12-19T14:50:33","guid":{"rendered":"https:\/\/thedermacheck.com\/resweratrol-w-pielegnacji-skory-silny-przeciwutleniacz-dla-promiennej-skory\/"},"modified":"2024-02-13T14:52:28","modified_gmt":"2024-02-13T14:52:28","slug":"resweratrol-w-pielegnacji-skory-silny-przeciwutleniacz-dla-promiennej-skory","status":"publish","type":"page","link":"https:\/\/thedermacheck.com\/pl\/resweratrol-w-pielegnacji-skory-silny-przeciwutleniacz-dla-promiennej-skory\/","title":{"rendered":"Resweratrol w piel\u0119gnacji sk\u00f3ry: silny przeciwutleniacz dla promiennej sk\u00f3ry"},"content":{"rendered":"\n<p><strong>RESWERATROL W PIEL\u0118GNACJI SK\u00d3RY<\/strong><\/p>\n\n<ul class=\"wp-block-list\">\n<li><strong>Rodzaj sk\u0142adnika<\/strong>: przeciwutleniacz<\/li>\n\n\n\n<li><strong>G\u0142\u00f3wne korzy\u015bci<\/strong>: Chroni przed szkodliwym dzia\u0142aniem \u015brodowiska, spowalnia starzenie si\u0119 sk\u00f3ry, dzia\u0142a przeciwzapalnie.<\/li>\n\n\n\n<li><strong>Idealny dla<\/strong>: Wszystkich typ\u00f3w sk\u00f3ry, szczeg\u00f3lnie dla sk\u00f3ry dojrza\u0142ej i sk\u00f3ry zestresowanej czynnikami \u015brodowiskowymi<\/li>\n\n\n\n<li><strong>Cz\u0119stotliwo\u015b\u0107<\/strong> stosowania: W zale\u017cno\u015bci od instrukcji produktu, cz\u0119sto codziennie<\/li>\n\n\n\n<li><strong>Dobrze \u0142\u0105czy si\u0119 z<\/strong>: Witamin\u0105 C, E, filtrami przeciws\u0142onecznymi<\/li>\n\n\n\n<li>Nale\u017cy unika\u0107 w <strong>przypadku<\/strong>: Nadwra\u017cliwo\u015bci na resweratrol lub w przypadku stosowania niekt\u00f3rych lek\u00f3w po konsultacji z dermatologiem<\/li>\n<\/ul>\n\n<h2 class=\"wp-block-heading\">Wprowadzenie: Czym jest resweratrol?<\/h2>\n\n<p>Resweratrol to polifenol wyst\u0119puj\u0105cy w sk\u00f3rce winogron, jag\u00f3d i innych owoc\u00f3w. Zyska\u0142 s\u0142aw\u0119 w piel\u0119gnacji sk\u00f3ry dzi\u0119ki silnym w\u0142a\u015bciwo\u015bciom przeciwutleniaj\u0105cym i przeciwzapalnym.<\/p>\n\n<h3 class=\"wp-block-heading\">Korzy\u015bci resweratrolu dla sk\u00f3ry<\/h3>\n\n<h4 class=\"wp-block-heading\">Ochrona przed wolnymi rodnikami<\/h4>\n\n<p>Resweratrol pomaga chroni\u0107 sk\u00f3r\u0119 przed szkodliwym dzia\u0142aniem wolnych rodnik\u00f3w spowodowanym czynnikami \u015brodowiskowymi, takimi jak promieniowanie UV i zanieczyszczenia.<\/p>\n\n<h4 class=\"wp-block-heading\">Dzia\u0142anie przeciwstarzeniowe<\/h4>\n\n<p>Pomaga spowolni\u0107 proces starzenia si\u0119 sk\u00f3ry, promuj\u0105c produkcj\u0119 kolagenu i zmniejszaj\u0105c widoczno\u015b\u0107 drobnych linii i zmarszczek.<\/p>\n\n<h4 class=\"wp-block-heading\">\u0141agodzenie stan\u00f3w zapalnych<\/h4>\n\n<p>Resweratrol ma dzia\u0142anie przeciwzapalne, dzi\u0119ki czemu mo\u017ce \u0142agodzi\u0107 podra\u017cnienia i zaczerwienienia sk\u00f3ry.<\/p>\n\n<h3 class=\"wp-block-heading\">Mo\u017cliwe skutki uboczne<\/h3>\n\n<p>Resweratrol jest og\u00f3lnie dobrze tolerowany, ale mo\u017ce powodowa\u0107 reakcje alergiczne u niekt\u00f3rych os\u00f3b, szczeg\u00f3lnie w wysokich st\u0119\u017ceniach.<\/p>\n\n<h2 class=\"wp-block-heading\">Zastosowanie resweratrolu w piel\u0119gnacji sk\u00f3ry<\/h2>\n\n<h3 class=\"wp-block-heading\">Prawid\u0142owe zastosowanie<\/h3>\n\n<ul class=\"wp-block-list\">\n<li><strong>Regularne stosowanie<\/strong>: Produkt zawieraj\u0105cy resweratrol powinien by\u0107 stosowany regularnie zgodnie z instrukcj\u0105.<\/li>\n\n\n\n<li><strong>Po\u0142\u0105czenie z filtrem przeciws\u0142onecznym<\/strong>: Aby zmaksymalizowa\u0107 ochron\u0119 przed szkodliwym dzia\u0142aniem \u015brodowiska, nale\u017cy \u0142\u0105czy\u0107 produkty z resweratrolem z filtrem przeciws\u0142onecznym.<\/li>\n<\/ul>\n\n<h3 class=\"wp-block-heading\">Jak go nie u\u017cywa\u0107<\/h3>\n\n<ul class=\"wp-block-list\">\n<li><strong>Ostro\u017cnie podczas \u0142\u0105czenia z lekami<\/strong>: W przypadku przyjmowania niekt\u00f3rych lek\u00f3w nale\u017cy skonsultowa\u0107 si\u0119 z dermatologiem.<\/li>\n<\/ul>\n\n<h2 class=\"wp-block-heading\">FAQ<\/h2>\n\n<p><strong>1. czy resweratrol mo\u017ce leczy\u0107 tr\u0105dzik?<\/strong>  Resweratrol mo\u017ce by\u0107 pomocny w leczeniu tr\u0105dziku ze wzgl\u0119du na swoje w\u0142a\u015bciwo\u015bci przeciwzapalne.<\/p>\n\n<p><strong>2. Czy resweratrol jest bezpieczny dla sk\u00f3ry wra\u017cliwej?<\/strong>  Tak, resweratrol jest og\u00f3lnie dobrze tolerowany nawet przez wra\u017cliw\u0105 sk\u00f3r\u0119. Zaleca si\u0119 jednak wykonanie testu p\u0142atkowego.<\/p>\n\n<p><strong>3. Jak szybko mo\u017cna zobaczy\u0107 wyniki?<\/strong>  Wyniki mog\u0105 si\u0119 r\u00f3\u017cni\u0107, ale wielu u\u017cytkownik\u00f3w zg\u0142asza popraw\u0119 wygl\u0105du sk\u00f3ry po kilku tygodniach regularnego stosowania.<\/p>\n\n<h2 class=\"wp-block-heading\">Wnioski<\/h2>\n\n<p>Resweratrol to silny sk\u0142adnik do piel\u0119gnacji sk\u00f3ry, kt\u00f3ry zapewnia skuteczn\u0105 ochron\u0119 przed szkodliwym dzia\u0142aniem \u015brodowiska i zwalcza oznaki starzenia. Dzi\u0119ki swoim w\u0142a\u015bciwo\u015bciom przeciwutleniaj\u0105cym i przeciwzapalnym mo\u017ce przyczyni\u0107 si\u0119 do zdrowszej, bardziej m\u0142odzie\u0144czej sk\u00f3ry. W\u0142\u0105czenie resweratrolu do rutynowej piel\u0119gnacji sk\u00f3ry mo\u017ce by\u0107 cennym dodatkiem do zachowania jej naturalnego pi\u0119kna.<\/p>\n","protected":false},"excerpt":{"rendered":"<p>RESWERATROL W PIEL\u0118GNACJI SK\u00d3RY Wprowadzenie: Czym jest resweratrol? Resweratrol to polifenol wyst\u0119puj\u0105cy w sk\u00f3rce winogron, jag\u00f3d i innych owoc\u00f3w. Zyska\u0142 s\u0142aw\u0119 w piel\u0119gnacji sk\u00f3ry dzi\u0119ki silnym w\u0142a\u015bciwo\u015bciom przeciwutleniaj\u0105cym i przeciwzapalnym. Korzy\u015bci resweratrolu dla sk\u00f3ry Ochrona przed wolnymi rodnikami Resweratrol pomaga chroni\u0107 sk\u00f3r\u0119 przed szkodliwym dzia\u0142aniem wolnych rodnik\u00f3w spowodowanym czynnikami \u015brodowiskowymi, takimi jak promieniowanie UV i &#8230; <a title=\"Resweratrol w piel\u0119gnacji sk\u00f3ry: silny przeciwutleniacz dla promiennej sk\u00f3ry\" class=\"read-more\" href=\"https:\/\/thedermacheck.com\/pl\/resweratrol-w-pielegnacji-skory-silny-przeciwutleniacz-dla-promiennej-skory\/\" aria-label=\"Dowiedz si\u0119 wi\u0119cej o Resweratrol w piel\u0119gnacji sk\u00f3ry: silny przeciwutleniacz dla promiennej sk\u00f3ry\">Mehr erfahren<\/a><\/p>\n","protected":false},"author":2,"featured_media":0,"parent":0,"menu_order":0,"comment_status":"closed","ping_status":"closed","template":"","meta":{"_acf_changed":false,"_lmt_disableupdate":"","_lmt_disable":"","footnotes":""},"categories":[42],"tags":[],"class_list":{"0":"post-3068","1":"page","2":"type-page","3":"status-publish","5":"category-skladniki"},"acf":[],"yoast_head":"<!-- This site is optimized with the Yoast SEO Premium plugin v25.7.1 (Yoast SEO v25.7) - https:\/\/yoast.com\/wordpress\/plugins\/seo\/ -->\n<title>Resweratrol w piel\u0119gnacji sk\u00f3ry: silny przeciwutleniacz dla promiennej sk\u00f3ry | The Derma Check<\/title>\n<meta name=\"robots\" content=\"index, follow, max-snippet:-1, max-image-preview:large, max-video-preview:-1\" \/>\n<link rel=\"canonical\" href=\"https:\/\/thedermacheck.com\/pl\/resweratrol-w-pielegnacji-skory-silny-przeciwutleniacz-dla-promiennej-skory\/\" \/>\n<meta property=\"og:locale\" content=\"pl_PL\" \/>\n<meta property=\"og:type\" content=\"article\" \/>\n<meta property=\"og:title\" content=\"Resweratrol w piel\u0119gnacji sk\u00f3ry: silny przeciwutleniacz dla promiennej sk\u00f3ry\" \/>\n<meta property=\"og:description\" content=\"RESWERATROL W PIEL\u0118GNACJI SK\u00d3RY Wprowadzenie: Czym jest resweratrol? Resweratrol to polifenol wyst\u0119puj\u0105cy w sk\u00f3rce winogron, jag\u00f3d i innych owoc\u00f3w. Zyska\u0142 s\u0142aw\u0119 w piel\u0119gnacji sk\u00f3ry dzi\u0119ki silnym w\u0142a\u015bciwo\u015bciom przeciwutleniaj\u0105cym i przeciwzapalnym. Korzy\u015bci resweratrolu dla sk\u00f3ry Ochrona przed wolnymi rodnikami Resweratrol pomaga chroni\u0107 sk\u00f3r\u0119 przed szkodliwym dzia\u0142aniem wolnych rodnik\u00f3w spowodowanym czynnikami \u015brodowiskowymi, takimi jak promieniowanie UV i ... Mehr erfahren\" \/>\n<meta property=\"og:url\" content=\"https:\/\/thedermacheck.com\/pl\/resweratrol-w-pielegnacji-skory-silny-przeciwutleniacz-dla-promiennej-skory\/\" \/>\n<meta property=\"og:site_name\" content=\"The Derma Check\" \/>\n<meta property=\"article:modified_time\" content=\"2024-02-13T14:52:28+00:00\" \/>\n<meta name=\"twitter:card\" content=\"summary_large_image\" \/>\n<meta name=\"twitter:label1\" content=\"Szacowany czas czytania\" \/>\n\t<meta name=\"twitter:data1\" content=\"2 minuty\" \/>\n<script type=\"application\/ld+json\" class=\"yoast-schema-graph\">{\"@context\":\"https:\/\/schema.org\",\"@graph\":[{\"@type\":\"WebPage\",\"@id\":\"https:\/\/thedermacheck.com\/pl\/resweratrol-w-pielegnacji-skory-silny-przeciwutleniacz-dla-promiennej-skory\/\",\"url\":\"https:\/\/thedermacheck.com\/pl\/resweratrol-w-pielegnacji-skory-silny-przeciwutleniacz-dla-promiennej-skory\/\",\"name\":\"Resweratrol w piel\u0119gnacji sk\u00f3ry: silny przeciwutleniacz dla promiennej sk\u00f3ry | The Derma Check\",\"isPartOf\":{\"@id\":\"https:\/\/thedermacheck.com\/pl\/#website\"},\"datePublished\":\"2023-12-19T14:50:33+00:00\",\"dateModified\":\"2024-02-13T14:52:28+00:00\",\"breadcrumb\":{\"@id\":\"https:\/\/thedermacheck.com\/pl\/resweratrol-w-pielegnacji-skory-silny-przeciwutleniacz-dla-promiennej-skory\/#breadcrumb\"},\"inLanguage\":\"pl-PL\",\"potentialAction\":[{\"@type\":\"ReadAction\",\"target\":[\"https:\/\/thedermacheck.com\/pl\/resweratrol-w-pielegnacji-skory-silny-przeciwutleniacz-dla-promiennej-skory\/\"]}]},{\"@type\":\"BreadcrumbList\",\"@id\":\"https:\/\/thedermacheck.com\/pl\/resweratrol-w-pielegnacji-skory-silny-przeciwutleniacz-dla-promiennej-skory\/#breadcrumb\",\"itemListElement\":[{\"@type\":\"ListItem\",\"position\":1,\"name\":\"Derma Check\",\"item\":\"https:\/\/thedermacheck.com\/pl\/\"},{\"@type\":\"ListItem\",\"position\":2,\"name\":\"Resweratrol w piel\u0119gnacji sk\u00f3ry: silny przeciwutleniacz dla promiennej sk\u00f3ry\"}]},{\"@type\":\"WebSite\",\"@id\":\"https:\/\/thedermacheck.com\/pl\/#website\",\"url\":\"https:\/\/thedermacheck.com\/pl\/\",\"name\":\"The Derma Check\",\"description\":\"\",\"publisher\":{\"@id\":\"https:\/\/thedermacheck.com\/pl\/#organization\"},\"potentialAction\":[{\"@type\":\"SearchAction\",\"target\":{\"@type\":\"EntryPoint\",\"urlTemplate\":\"https:\/\/thedermacheck.com\/pl\/?s={search_term_string}\"},\"query-input\":{\"@type\":\"PropertyValueSpecification\",\"valueRequired\":true,\"valueName\":\"search_term_string\"}}],\"inLanguage\":\"pl-PL\"},{\"@type\":\"Organization\",\"@id\":\"https:\/\/thedermacheck.com\/pl\/#organization\",\"name\":\"The Derma Check\",\"url\":\"https:\/\/thedermacheck.com\/pl\/\",\"logo\":{\"@type\":\"ImageObject\",\"inLanguage\":\"pl-PL\",\"@id\":\"https:\/\/thedermacheck.com\/pl\/#\/schema\/logo\/image\/\",\"url\":\"https:\/\/thedermacheck.com\/wp-content\/uploads\/2023\/10\/cropped-THE-DERMA-CHECK-FAVICON-NEW-1.png\",\"contentUrl\":\"https:\/\/thedermacheck.com\/wp-content\/uploads\/2023\/10\/cropped-THE-DERMA-CHECK-FAVICON-NEW-1.png\",\"width\":512,\"height\":512,\"caption\":\"The Derma Check\"},\"image\":{\"@id\":\"https:\/\/thedermacheck.com\/pl\/#\/schema\/logo\/image\/\"}}]}<\/script>\n<!-- \/ Yoast SEO Premium plugin. -->","yoast_head_json":{"title":"Resweratrol w piel\u0119gnacji sk\u00f3ry: silny przeciwutleniacz dla promiennej sk\u00f3ry | The Derma Check","robots":{"index":"index","follow":"follow","max-snippet":"max-snippet:-1","max-image-preview":"max-image-preview:large","max-video-preview":"max-video-preview:-1"},"canonical":"https:\/\/thedermacheck.com\/pl\/resweratrol-w-pielegnacji-skory-silny-przeciwutleniacz-dla-promiennej-skory\/","og_locale":"pl_PL","og_type":"article","og_title":"Resweratrol w piel\u0119gnacji sk\u00f3ry: silny przeciwutleniacz dla promiennej sk\u00f3ry","og_description":"RESWERATROL W PIEL\u0118GNACJI SK\u00d3RY Wprowadzenie: Czym jest resweratrol? Resweratrol to polifenol wyst\u0119puj\u0105cy w sk\u00f3rce winogron, jag\u00f3d i innych owoc\u00f3w. Zyska\u0142 s\u0142aw\u0119 w piel\u0119gnacji sk\u00f3ry dzi\u0119ki silnym w\u0142a\u015bciwo\u015bciom przeciwutleniaj\u0105cym i przeciwzapalnym. Korzy\u015bci resweratrolu dla sk\u00f3ry Ochrona przed wolnymi rodnikami Resweratrol pomaga chroni\u0107 sk\u00f3r\u0119 przed szkodliwym dzia\u0142aniem wolnych rodnik\u00f3w spowodowanym czynnikami \u015brodowiskowymi, takimi jak promieniowanie UV i ... Mehr erfahren","og_url":"https:\/\/thedermacheck.com\/pl\/resweratrol-w-pielegnacji-skory-silny-przeciwutleniacz-dla-promiennej-skory\/","og_site_name":"The Derma Check","article_modified_time":"2024-02-13T14:52:28+00:00","twitter_card":"summary_large_image","twitter_misc":{"Szacowany czas czytania":"2 minuty"},"schema":{"@context":"https:\/\/schema.org","@graph":[{"@type":"WebPage","@id":"https:\/\/thedermacheck.com\/pl\/resweratrol-w-pielegnacji-skory-silny-przeciwutleniacz-dla-promiennej-skory\/","url":"https:\/\/thedermacheck.com\/pl\/resweratrol-w-pielegnacji-skory-silny-przeciwutleniacz-dla-promiennej-skory\/","name":"Resweratrol w piel\u0119gnacji sk\u00f3ry: silny przeciwutleniacz dla promiennej sk\u00f3ry | The Derma Check","isPartOf":{"@id":"https:\/\/thedermacheck.com\/pl\/#website"},"datePublished":"2023-12-19T14:50:33+00:00","dateModified":"2024-02-13T14:52:28+00:00","breadcrumb":{"@id":"https:\/\/thedermacheck.com\/pl\/resweratrol-w-pielegnacji-skory-silny-przeciwutleniacz-dla-promiennej-skory\/#breadcrumb"},"inLanguage":"pl-PL","potentialAction":[{"@type":"ReadAction","target":["https:\/\/thedermacheck.com\/pl\/resweratrol-w-pielegnacji-skory-silny-przeciwutleniacz-dla-promiennej-skory\/"]}]},{"@type":"BreadcrumbList","@id":"https:\/\/thedermacheck.com\/pl\/resweratrol-w-pielegnacji-skory-silny-przeciwutleniacz-dla-promiennej-skory\/#breadcrumb","itemListElement":[{"@type":"ListItem","position":1,"name":"Derma Check","item":"https:\/\/thedermacheck.com\/pl\/"},{"@type":"ListItem","position":2,"name":"Resweratrol w piel\u0119gnacji sk\u00f3ry: silny przeciwutleniacz dla promiennej sk\u00f3ry"}]},{"@type":"WebSite","@id":"https:\/\/thedermacheck.com\/pl\/#website","url":"https:\/\/thedermacheck.com\/pl\/","name":"The Derma Check","description":"","publisher":{"@id":"https:\/\/thedermacheck.com\/pl\/#organization"},"potentialAction":[{"@type":"SearchAction","target":{"@type":"EntryPoint","urlTemplate":"https:\/\/thedermacheck.com\/pl\/?s={search_term_string}"},"query-input":{"@type":"PropertyValueSpecification","valueRequired":true,"valueName":"search_term_string"}}],"inLanguage":"pl-PL"},{"@type":"Organization","@id":"https:\/\/thedermacheck.com\/pl\/#organization","name":"The Derma Check","url":"https:\/\/thedermacheck.com\/pl\/","logo":{"@type":"ImageObject","inLanguage":"pl-PL","@id":"https:\/\/thedermacheck.com\/pl\/#\/schema\/logo\/image\/","url":"https:\/\/thedermacheck.com\/wp-content\/uploads\/2023\/10\/cropped-THE-DERMA-CHECK-FAVICON-NEW-1.png","contentUrl":"https:\/\/thedermacheck.com\/wp-content\/uploads\/2023\/10\/cropped-THE-DERMA-CHECK-FAVICON-NEW-1.png","width":512,"height":512,"caption":"The Derma Check"},"image":{"@id":"https:\/\/thedermacheck.com\/pl\/#\/schema\/logo\/image\/"}}]}},"_links":{"self":[{"href":"https:\/\/thedermacheck.com\/pl\/wp-json\/wp\/v2\/pages\/3068","targetHints":{"allow":["GET"]}}],"collection":[{"href":"https:\/\/thedermacheck.com\/pl\/wp-json\/wp\/v2\/pages"}],"about":[{"href":"https:\/\/thedermacheck.com\/pl\/wp-json\/wp\/v2\/types\/page"}],"author":[{"embeddable":true,"href":"https:\/\/thedermacheck.com\/pl\/wp-json\/wp\/v2\/users\/2"}],"replies":[{"embeddable":true,"href":"https:\/\/thedermacheck.com\/pl\/wp-json\/wp\/v2\/comments?post=3068"}],"version-history":[{"count":1,"href":"https:\/\/thedermacheck.com\/pl\/wp-json\/wp\/v2\/pages\/3068\/revisions"}],"predecessor-version":[{"id":3069,"href":"https:\/\/thedermacheck.com\/pl\/wp-json\/wp\/v2\/pages\/3068\/revisions\/3069"}],"wp:attachment":[{"href":"https:\/\/thedermacheck.com\/pl\/wp-json\/wp\/v2\/media?parent=3068"}],"wp:term":[{"taxonomy":"category","embeddable":true,"href":"https:\/\/thedermacheck.com\/pl\/wp-json\/wp\/v2\/categories?post=3068"},{"taxonomy":"post_tag","embeddable":true,"href":"https:\/\/thedermacheck.com\/pl\/wp-json\/wp\/v2\/tags?post=3068"}],"curies":[{"name":"wp","href":"https:\/\/api.w.org\/{rel}","templated":true}]}}