{"id":3112,"date":"2023-12-19T14:49:16","date_gmt":"2023-12-19T14:49:16","guid":{"rendered":"https:\/\/thedermacheck.com\/polipeptydy-w-pielegnacji-skory-rewolucja-dla-mlodzienczej-cery\/"},"modified":"2024-02-13T14:57:05","modified_gmt":"2024-02-13T14:57:05","slug":"polipeptydy-w-pielegnacji-skory-rewolucja-dla-mlodzienczej-cery","status":"publish","type":"page","link":"https:\/\/thedermacheck.com\/pl\/polipeptydy-w-pielegnacji-skory-rewolucja-dla-mlodzienczej-cery\/","title":{"rendered":"Polipeptydy w piel\u0119gnacji sk\u00f3ry: rewolucja dla m\u0142odzie\u0144czej cery"},"content":{"rendered":"\n<p><strong>POLIPEPTYDY W PIEL\u0118GNACJI SK\u00d3RY<\/strong><\/p>\n\n<ul class=\"wp-block-list\">\n<li><strong>Rodzaj sk\u0142adnika<\/strong>: Kompleksy peptydowe<\/li>\n\n\n\n<li><strong>G\u0142\u00f3wne korzy\u015bci<\/strong>: Wspomaga produkcj\u0119 kolagenu, wyg\u0142adza drobne zmarszczki, poprawia elastyczno\u015b\u0107 sk\u00f3ry<\/li>\n\n\n\n<li><strong>Idealny dla<\/strong>: Dojrza\u0142ej, starzej\u0105cej si\u0119 sk\u00f3ry oraz w celu zapobiegania oznakom starzenia<\/li>\n\n\n\n<li><strong>Cz\u0119stotliwo\u015b\u0107<\/strong> stosowania: W zale\u017cno\u015bci od instrukcji produktu, cz\u0119sto codziennie<\/li>\n\n\n\n<li><strong>Dobrze \u0142\u0105czy si\u0119 z<\/strong>: Antyoksydantami, kwasem hialuronowym, kremami nawil\u017caj\u0105cymi<\/li>\n\n\n\n<li>Nale\u017cy <strong>unika\u0107<\/strong>: Nadmiernego stosowania w po\u0142\u0105czeniu z silnymi \u015brodkami z\u0142uszczaj\u0105cymi<\/li>\n<\/ul>\n\n<h2 class=\"wp-block-heading\">Wprowadzenie: Czym s\u0105 polipeptydy?<\/h2>\n\n<p>Polipeptydy to ma\u0142e \u0142a\u0144cuchy bia\u0142kowe, kt\u00f3re sk\u0142adaj\u0105 si\u0119 z aminokwas\u00f3w i staj\u0105 si\u0119 coraz bardziej popularne w piel\u0119gnacji sk\u00f3ry. S\u0105 one uwa\u017cane za cudown\u0105 bro\u0144 przeciwko oznakom starzenia si\u0119 sk\u00f3ry.<\/p>\n\n<h3 class=\"wp-block-heading\">Korzy\u015bci z polipeptyd\u00f3w dla sk\u00f3ry<\/h3>\n\n<h4 class=\"wp-block-heading\">Promowanie produkcji kolagenu<\/h4>\n\n<p>Wiadomo, \u017ce polipeptydy stymuluj\u0105 syntez\u0119 kolagenu, dzi\u0119ki czemu sk\u00f3ra staje si\u0119 j\u0119drniejsza i bardziej napi\u0119ta.<\/p>\n\n<h4 class=\"wp-block-heading\">Redukcja drobnych linii i zmarszczek<\/h4>\n\n<p>Wzmacniaj\u0105c struktur\u0119 sk\u00f3ry, polipeptydy mog\u0105 zmniejszy\u0107 widoczno\u015b\u0107 drobnych linii i zmarszczek.<\/p>\n\n<h4 class=\"wp-block-heading\">Poprawa elastyczno\u015bci sk\u00f3ry<\/h4>\n\n<p>Stymulacja produkcji kolagenu nie tylko poprawia wygl\u0105d sk\u00f3ry, ale tak\u017ce jej elastyczno\u015b\u0107 i j\u0119drno\u015b\u0107.<\/p>\n\n<h3 class=\"wp-block-heading\">Mo\u017cliwe skutki uboczne<\/h3>\n\n<p>Chocia\u017c polipeptydy s\u0105 og\u00f3lnie dobrze tolerowane, mog\u0105 powodowa\u0107 podra\u017cnienia sk\u00f3ry, je\u015bli s\u0105 stosowane nadmiernie lub w po\u0142\u0105czeniu z silnymi \u015brodkami z\u0142uszczaj\u0105cymi.<\/p>\n\n<h2 class=\"wp-block-heading\">Zastosowanie polipeptyd\u00f3w w piel\u0119gnacji sk\u00f3ry<\/h2>\n\n<h3 class=\"wp-block-heading\">Prawid\u0142owe zastosowanie<\/h3>\n\n<ul class=\"wp-block-list\">\n<li><strong>Regularne<\/strong> stosowanie: Aby uzyska\u0107 najlepsze rezultaty, produkty zawieraj\u0105ce polipeptydy powinny by\u0107 stosowane regularnie.<\/li>\n\n\n\n<li><strong>Po\u0142\u0105czenie z kremem nawil\u017caj\u0105cym<\/strong>: Polipeptydy dzia\u0142aj\u0105 najlepiej w po\u0142\u0105czeniu ze sk\u0142adnikami nawil\u017caj\u0105cymi, takimi jak kwas hialuronowy.<\/li>\n<\/ul>\n\n<h3 class=\"wp-block-heading\">Jak go nie u\u017cywa\u0107<\/h3>\n\n<ul class=\"wp-block-list\">\n<li><strong>Unikaj nadu\u017cywania<\/strong>: Nale\u017cy unika\u0107 nadmiernego stosowania, zw\u0142aszcza w po\u0142\u0105czeniu z silnymi produktami do piel\u0119gnacji sk\u00f3ry.<\/li>\n<\/ul>\n\n<h2 class=\"wp-block-heading\">FAQ<\/h2>\n\n<p><strong>1. czy polipeptydy s\u0105 odpowiednie dla wszystkich rodzaj\u00f3w sk\u00f3ry?<\/strong>  Tak, polipeptydy s\u0105 og\u00f3lnie odpowiednie dla wszystkich rodzaj\u00f3w sk\u00f3ry, ale szczeg\u00f3lnie dla sk\u00f3ry dojrza\u0142ej i starzej\u0105cej si\u0119.<\/p>\n\n<p><strong>2. czy same polipeptydy mog\u0105 wyeliminowa\u0107 zmarszczki?<\/strong>  Chocia\u017c polipeptydy mog\u0105 poprawi\u0107 wygl\u0105d zmarszczek, s\u0105 one najbardziej skuteczne w po\u0142\u0105czeniu z kompleksow\u0105 piel\u0119gnacj\u0105 sk\u00f3ry.<\/p>\n\n<p><strong>3. Jak szybko widoczne s\u0105 wyniki?<\/strong>  Wyniki mog\u0105 si\u0119 r\u00f3\u017cni\u0107, ale wielu u\u017cytkownik\u00f3w zg\u0142asza widoczn\u0105 popraw\u0119 w ci\u0105gu kilku tygodni regularnego stosowania.<\/p>\n\n<h2 class=\"wp-block-heading\">Wnioski<\/h2>\n\n<p>Polipeptydy to pot\u0119\u017cny sk\u0142adnik nowoczesnej piel\u0119gnacji sk\u00f3ry, kt\u00f3ry mo\u017ce znacznie poprawi\u0107 tekstur\u0119 sk\u00f3ry i zmniejszy\u0107 oznaki starzenia. Regularne stosowanie w po\u0142\u0105czeniu ze zr\u00f3wnowa\u017conym systemem piel\u0119gnacji sk\u00f3ry mo\u017ce prowadzi\u0107 do bardziej m\u0142odzie\u0144czej i j\u0119drnej cery. Eksperymentuj z produktami zawieraj\u0105cymi polipeptydy, aby samemu do\u015bwiadczy\u0107 ich pozytywnego wp\u0142ywu na sk\u00f3r\u0119.<\/p>\n","protected":false},"excerpt":{"rendered":"<p>POLIPEPTYDY W PIEL\u0118GNACJI SK\u00d3RY Wprowadzenie: Czym s\u0105 polipeptydy? Polipeptydy to ma\u0142e \u0142a\u0144cuchy bia\u0142kowe, kt\u00f3re sk\u0142adaj\u0105 si\u0119 z aminokwas\u00f3w i staj\u0105 si\u0119 coraz bardziej popularne w piel\u0119gnacji sk\u00f3ry. S\u0105 one uwa\u017cane za cudown\u0105 bro\u0144 przeciwko oznakom starzenia si\u0119 sk\u00f3ry. Korzy\u015bci z polipeptyd\u00f3w dla sk\u00f3ry Promowanie produkcji kolagenu Wiadomo, \u017ce polipeptydy stymuluj\u0105 syntez\u0119 kolagenu, dzi\u0119ki czemu sk\u00f3ra &#8230; <a title=\"Polipeptydy w piel\u0119gnacji sk\u00f3ry: rewolucja dla m\u0142odzie\u0144czej cery\" class=\"read-more\" href=\"https:\/\/thedermacheck.com\/pl\/polipeptydy-w-pielegnacji-skory-rewolucja-dla-mlodzienczej-cery\/\" aria-label=\"Dowiedz si\u0119 wi\u0119cej o Polipeptydy w piel\u0119gnacji sk\u00f3ry: rewolucja dla m\u0142odzie\u0144czej cery\">Mehr erfahren<\/a><\/p>\n","protected":false},"author":2,"featured_media":0,"parent":0,"menu_order":0,"comment_status":"closed","ping_status":"closed","template":"","meta":{"_acf_changed":false,"_lmt_disableupdate":"","_lmt_disable":"","footnotes":""},"categories":[42],"tags":[],"class_list":{"0":"post-3112","1":"page","2":"type-page","3":"status-publish","5":"category-skladniki"},"acf":[],"yoast_head":"<!-- This site is optimized with the Yoast SEO Premium plugin v25.7.1 (Yoast SEO v25.7) - https:\/\/yoast.com\/wordpress\/plugins\/seo\/ -->\n<title>Polipeptydy w piel\u0119gnacji sk\u00f3ry: rewolucja dla m\u0142odzie\u0144czej cery | The Derma Check<\/title>\n<meta name=\"robots\" content=\"index, follow, max-snippet:-1, max-image-preview:large, max-video-preview:-1\" \/>\n<link rel=\"canonical\" href=\"https:\/\/thedermacheck.com\/pl\/polipeptydy-w-pielegnacji-skory-rewolucja-dla-mlodzienczej-cery\/\" \/>\n<meta property=\"og:locale\" content=\"pl_PL\" \/>\n<meta property=\"og:type\" content=\"article\" \/>\n<meta property=\"og:title\" content=\"Polipeptydy w piel\u0119gnacji sk\u00f3ry: rewolucja dla m\u0142odzie\u0144czej cery\" \/>\n<meta property=\"og:description\" content=\"POLIPEPTYDY W PIEL\u0118GNACJI SK\u00d3RY Wprowadzenie: Czym s\u0105 polipeptydy? Polipeptydy to ma\u0142e \u0142a\u0144cuchy bia\u0142kowe, kt\u00f3re sk\u0142adaj\u0105 si\u0119 z aminokwas\u00f3w i staj\u0105 si\u0119 coraz bardziej popularne w piel\u0119gnacji sk\u00f3ry. S\u0105 one uwa\u017cane za cudown\u0105 bro\u0144 przeciwko oznakom starzenia si\u0119 sk\u00f3ry. Korzy\u015bci z polipeptyd\u00f3w dla sk\u00f3ry Promowanie produkcji kolagenu Wiadomo, \u017ce polipeptydy stymuluj\u0105 syntez\u0119 kolagenu, dzi\u0119ki czemu sk\u00f3ra ... Mehr erfahren\" \/>\n<meta property=\"og:url\" content=\"https:\/\/thedermacheck.com\/pl\/polipeptydy-w-pielegnacji-skory-rewolucja-dla-mlodzienczej-cery\/\" \/>\n<meta property=\"og:site_name\" content=\"The Derma Check\" \/>\n<meta property=\"article:modified_time\" content=\"2024-02-13T14:57:05+00:00\" \/>\n<meta name=\"twitter:card\" content=\"summary_large_image\" \/>\n<meta name=\"twitter:label1\" content=\"Szacowany czas czytania\" \/>\n\t<meta name=\"twitter:data1\" content=\"2 minuty\" \/>\n<script type=\"application\/ld+json\" class=\"yoast-schema-graph\">{\"@context\":\"https:\/\/schema.org\",\"@graph\":[{\"@type\":\"WebPage\",\"@id\":\"https:\/\/thedermacheck.com\/pl\/polipeptydy-w-pielegnacji-skory-rewolucja-dla-mlodzienczej-cery\/\",\"url\":\"https:\/\/thedermacheck.com\/pl\/polipeptydy-w-pielegnacji-skory-rewolucja-dla-mlodzienczej-cery\/\",\"name\":\"Polipeptydy w piel\u0119gnacji sk\u00f3ry: rewolucja dla m\u0142odzie\u0144czej cery | The Derma Check\",\"isPartOf\":{\"@id\":\"https:\/\/thedermacheck.com\/pl\/#website\"},\"datePublished\":\"2023-12-19T14:49:16+00:00\",\"dateModified\":\"2024-02-13T14:57:05+00:00\",\"breadcrumb\":{\"@id\":\"https:\/\/thedermacheck.com\/pl\/polipeptydy-w-pielegnacji-skory-rewolucja-dla-mlodzienczej-cery\/#breadcrumb\"},\"inLanguage\":\"pl-PL\",\"potentialAction\":[{\"@type\":\"ReadAction\",\"target\":[\"https:\/\/thedermacheck.com\/pl\/polipeptydy-w-pielegnacji-skory-rewolucja-dla-mlodzienczej-cery\/\"]}]},{\"@type\":\"BreadcrumbList\",\"@id\":\"https:\/\/thedermacheck.com\/pl\/polipeptydy-w-pielegnacji-skory-rewolucja-dla-mlodzienczej-cery\/#breadcrumb\",\"itemListElement\":[{\"@type\":\"ListItem\",\"position\":1,\"name\":\"Derma Check\",\"item\":\"https:\/\/thedermacheck.com\/pl\/\"},{\"@type\":\"ListItem\",\"position\":2,\"name\":\"Polipeptydy w piel\u0119gnacji sk\u00f3ry: rewolucja dla m\u0142odzie\u0144czej cery\"}]},{\"@type\":\"WebSite\",\"@id\":\"https:\/\/thedermacheck.com\/pl\/#website\",\"url\":\"https:\/\/thedermacheck.com\/pl\/\",\"name\":\"The Derma Check\",\"description\":\"\",\"publisher\":{\"@id\":\"https:\/\/thedermacheck.com\/pl\/#organization\"},\"potentialAction\":[{\"@type\":\"SearchAction\",\"target\":{\"@type\":\"EntryPoint\",\"urlTemplate\":\"https:\/\/thedermacheck.com\/pl\/?s={search_term_string}\"},\"query-input\":{\"@type\":\"PropertyValueSpecification\",\"valueRequired\":true,\"valueName\":\"search_term_string\"}}],\"inLanguage\":\"pl-PL\"},{\"@type\":\"Organization\",\"@id\":\"https:\/\/thedermacheck.com\/pl\/#organization\",\"name\":\"The Derma Check\",\"url\":\"https:\/\/thedermacheck.com\/pl\/\",\"logo\":{\"@type\":\"ImageObject\",\"inLanguage\":\"pl-PL\",\"@id\":\"https:\/\/thedermacheck.com\/pl\/#\/schema\/logo\/image\/\",\"url\":\"https:\/\/thedermacheck.com\/wp-content\/uploads\/2023\/10\/cropped-THE-DERMA-CHECK-FAVICON-NEW-1.png\",\"contentUrl\":\"https:\/\/thedermacheck.com\/wp-content\/uploads\/2023\/10\/cropped-THE-DERMA-CHECK-FAVICON-NEW-1.png\",\"width\":512,\"height\":512,\"caption\":\"The Derma Check\"},\"image\":{\"@id\":\"https:\/\/thedermacheck.com\/pl\/#\/schema\/logo\/image\/\"}}]}<\/script>\n<!-- \/ Yoast SEO Premium plugin. -->","yoast_head_json":{"title":"Polipeptydy w piel\u0119gnacji sk\u00f3ry: rewolucja dla m\u0142odzie\u0144czej cery | The Derma Check","robots":{"index":"index","follow":"follow","max-snippet":"max-snippet:-1","max-image-preview":"max-image-preview:large","max-video-preview":"max-video-preview:-1"},"canonical":"https:\/\/thedermacheck.com\/pl\/polipeptydy-w-pielegnacji-skory-rewolucja-dla-mlodzienczej-cery\/","og_locale":"pl_PL","og_type":"article","og_title":"Polipeptydy w piel\u0119gnacji sk\u00f3ry: rewolucja dla m\u0142odzie\u0144czej cery","og_description":"POLIPEPTYDY W PIEL\u0118GNACJI SK\u00d3RY Wprowadzenie: Czym s\u0105 polipeptydy? Polipeptydy to ma\u0142e \u0142a\u0144cuchy bia\u0142kowe, kt\u00f3re sk\u0142adaj\u0105 si\u0119 z aminokwas\u00f3w i staj\u0105 si\u0119 coraz bardziej popularne w piel\u0119gnacji sk\u00f3ry. S\u0105 one uwa\u017cane za cudown\u0105 bro\u0144 przeciwko oznakom starzenia si\u0119 sk\u00f3ry. Korzy\u015bci z polipeptyd\u00f3w dla sk\u00f3ry Promowanie produkcji kolagenu Wiadomo, \u017ce polipeptydy stymuluj\u0105 syntez\u0119 kolagenu, dzi\u0119ki czemu sk\u00f3ra ... Mehr erfahren","og_url":"https:\/\/thedermacheck.com\/pl\/polipeptydy-w-pielegnacji-skory-rewolucja-dla-mlodzienczej-cery\/","og_site_name":"The Derma Check","article_modified_time":"2024-02-13T14:57:05+00:00","twitter_card":"summary_large_image","twitter_misc":{"Szacowany czas czytania":"2 minuty"},"schema":{"@context":"https:\/\/schema.org","@graph":[{"@type":"WebPage","@id":"https:\/\/thedermacheck.com\/pl\/polipeptydy-w-pielegnacji-skory-rewolucja-dla-mlodzienczej-cery\/","url":"https:\/\/thedermacheck.com\/pl\/polipeptydy-w-pielegnacji-skory-rewolucja-dla-mlodzienczej-cery\/","name":"Polipeptydy w piel\u0119gnacji sk\u00f3ry: rewolucja dla m\u0142odzie\u0144czej cery | The Derma Check","isPartOf":{"@id":"https:\/\/thedermacheck.com\/pl\/#website"},"datePublished":"2023-12-19T14:49:16+00:00","dateModified":"2024-02-13T14:57:05+00:00","breadcrumb":{"@id":"https:\/\/thedermacheck.com\/pl\/polipeptydy-w-pielegnacji-skory-rewolucja-dla-mlodzienczej-cery\/#breadcrumb"},"inLanguage":"pl-PL","potentialAction":[{"@type":"ReadAction","target":["https:\/\/thedermacheck.com\/pl\/polipeptydy-w-pielegnacji-skory-rewolucja-dla-mlodzienczej-cery\/"]}]},{"@type":"BreadcrumbList","@id":"https:\/\/thedermacheck.com\/pl\/polipeptydy-w-pielegnacji-skory-rewolucja-dla-mlodzienczej-cery\/#breadcrumb","itemListElement":[{"@type":"ListItem","position":1,"name":"Derma Check","item":"https:\/\/thedermacheck.com\/pl\/"},{"@type":"ListItem","position":2,"name":"Polipeptydy w piel\u0119gnacji sk\u00f3ry: rewolucja dla m\u0142odzie\u0144czej cery"}]},{"@type":"WebSite","@id":"https:\/\/thedermacheck.com\/pl\/#website","url":"https:\/\/thedermacheck.com\/pl\/","name":"The Derma Check","description":"","publisher":{"@id":"https:\/\/thedermacheck.com\/pl\/#organization"},"potentialAction":[{"@type":"SearchAction","target":{"@type":"EntryPoint","urlTemplate":"https:\/\/thedermacheck.com\/pl\/?s={search_term_string}"},"query-input":{"@type":"PropertyValueSpecification","valueRequired":true,"valueName":"search_term_string"}}],"inLanguage":"pl-PL"},{"@type":"Organization","@id":"https:\/\/thedermacheck.com\/pl\/#organization","name":"The Derma Check","url":"https:\/\/thedermacheck.com\/pl\/","logo":{"@type":"ImageObject","inLanguage":"pl-PL","@id":"https:\/\/thedermacheck.com\/pl\/#\/schema\/logo\/image\/","url":"https:\/\/thedermacheck.com\/wp-content\/uploads\/2023\/10\/cropped-THE-DERMA-CHECK-FAVICON-NEW-1.png","contentUrl":"https:\/\/thedermacheck.com\/wp-content\/uploads\/2023\/10\/cropped-THE-DERMA-CHECK-FAVICON-NEW-1.png","width":512,"height":512,"caption":"The Derma Check"},"image":{"@id":"https:\/\/thedermacheck.com\/pl\/#\/schema\/logo\/image\/"}}]}},"_links":{"self":[{"href":"https:\/\/thedermacheck.com\/pl\/wp-json\/wp\/v2\/pages\/3112","targetHints":{"allow":["GET"]}}],"collection":[{"href":"https:\/\/thedermacheck.com\/pl\/wp-json\/wp\/v2\/pages"}],"about":[{"href":"https:\/\/thedermacheck.com\/pl\/wp-json\/wp\/v2\/types\/page"}],"author":[{"embeddable":true,"href":"https:\/\/thedermacheck.com\/pl\/wp-json\/wp\/v2\/users\/2"}],"replies":[{"embeddable":true,"href":"https:\/\/thedermacheck.com\/pl\/wp-json\/wp\/v2\/comments?post=3112"}],"version-history":[{"count":1,"href":"https:\/\/thedermacheck.com\/pl\/wp-json\/wp\/v2\/pages\/3112\/revisions"}],"predecessor-version":[{"id":3113,"href":"https:\/\/thedermacheck.com\/pl\/wp-json\/wp\/v2\/pages\/3112\/revisions\/3113"}],"wp:attachment":[{"href":"https:\/\/thedermacheck.com\/pl\/wp-json\/wp\/v2\/media?parent=3112"}],"wp:term":[{"taxonomy":"category","embeddable":true,"href":"https:\/\/thedermacheck.com\/pl\/wp-json\/wp\/v2\/categories?post=3112"},{"taxonomy":"post_tag","embeddable":true,"href":"https:\/\/thedermacheck.com\/pl\/wp-json\/wp\/v2\/tags?post=3112"}],"curies":[{"name":"wp","href":"https:\/\/api.w.org\/{rel}","templated":true}]}}