{"id":3140,"date":"2023-12-19T14:49:41","date_gmt":"2023-12-19T14:49:41","guid":{"rendered":"https:\/\/thedermacheck.com\/kwercetyna-w-pielegnacji-skory-potezna-tarcza-ochronna-dla-skory\/"},"modified":"2024-02-13T14:57:18","modified_gmt":"2024-02-13T14:57:18","slug":"kwercetyna-w-pielegnacji-skory-potezna-tarcza-ochronna-dla-skory","status":"publish","type":"page","link":"https:\/\/thedermacheck.com\/pl\/kwercetyna-w-pielegnacji-skory-potezna-tarcza-ochronna-dla-skory\/","title":{"rendered":"Kwercetyna w piel\u0119gnacji sk\u00f3ry: pot\u0119\u017cna tarcza ochronna dla sk\u00f3ry"},"content":{"rendered":"\n<p><strong>KWERCETYNA W PIEL\u0118GNACJI SK\u00d3RY<\/strong><\/p>\n\n<ul class=\"wp-block-list\">\n<li><strong>Rodzaj sk\u0142adnika<\/strong>: flawonoid, przeciwutleniacz<\/li>\n\n\n\n<li><strong>G\u0142\u00f3wne korzy\u015bci<\/strong>: Chroni przed szkodliwym dzia\u0142aniem \u015brodowiska, dzia\u0142a przeciwzapalnie, spowalnia procesy starzenia si\u0119 sk\u00f3ry.<\/li>\n\n\n\n<li><strong>Idealny dla<\/strong>: Wszystkich rodzaj\u00f3w sk\u00f3ry, szczeg\u00f3lnie dla sk\u00f3ry podra\u017cnionej i starzej\u0105cej si\u0119<\/li>\n\n\n\n<li><strong>Cz\u0119stotliwo\u015b\u0107 stosowania<\/strong>: zgodnie z instrukcjami dotycz\u0105cymi produktu, cz\u0119sto codziennie<\/li>\n\n\n\n<li><strong>Dobrze \u0142\u0105czy si\u0119 z<\/strong>: Innymi przeciwutleniaczami, filtrami przeciws\u0142onecznymi, sk\u0142adnikami nawil\u017caj\u0105cymi<\/li>\n\n\n\n<li><strong>Nale\u017cy unika\u0107 w przypadku<\/strong>: Nadwra\u017cliwo\u015bci na kwercetyn\u0119<\/li>\n<\/ul>\n\n<h2 class=\"wp-block-heading\">Wprowadzenie: Czym jest kwercetyna?<\/h2>\n\n<p>Kwercetyna jest silnym flawonoidem i przeciwutleniaczem, kt\u00f3ry wyst\u0119puje naturalnie w wielu owocach i warzywach, takich jak jab\u0142ka, cebula i winogrona. W piel\u0119gnacji sk\u00f3ry kwercetyna jest ceniona za swoje w\u0142a\u015bciwo\u015bci przeciwutleniaj\u0105ce i przeciwzapalne.<\/p>\n\n<h3 class=\"wp-block-heading\">Korzy\u015bci kwercetyny dla sk\u00f3ry<\/h3>\n\n<h4 class=\"wp-block-heading\">Ochrona przed szkodami wyrz\u0105dzonymi \u015brodowisku naturalnemu<\/h4>\n\n<p>Kwercetyna pomaga chroni\u0107 sk\u00f3r\u0119 przed uszkodzeniami spowodowanymi przez wolne rodniki i stres \u015brodowiskowy, kt\u00f3re mog\u0105 powodowa\u0107 przedwczesne starzenie.<\/p>\n\n<h4 class=\"wp-block-heading\">Dzia\u0142anie przeciwzapalne<\/h4>\n\n<p>Ma dzia\u0142anie przeciwzapalne i mo\u017ce pom\u00f3c w problemach sk\u00f3rnych, takich jak tr\u0105dzik r\u00f3\u017cowaty, egzema i tr\u0105dzik.<\/p>\n\n<h4 class=\"wp-block-heading\">Spowolnienie starzenia si\u0119 sk\u00f3ry<\/h4>\n\n<p>Kwercetyna pomaga sk\u00f3rze radzi\u0107 sobie ze stresem oksydacyjnym, a tym samym mo\u017ce spowolni\u0107 proces starzenia si\u0119 sk\u00f3ry.<\/p>\n\n<h3 class=\"wp-block-heading\">Mo\u017cliwe skutki uboczne<\/h3>\n\n<p>Kwercetyna jest og\u00f3lnie dobrze tolerowana, ale mo\u017ce powodowa\u0107 podra\u017cnienia sk\u00f3ry u os\u00f3b z nadwra\u017cliwo\u015bci\u0105.<\/p>\n\n<h2 class=\"wp-block-heading\">Zastosowanie kwercetyny w piel\u0119gnacji sk\u00f3ry<\/h2>\n\n<h3 class=\"wp-block-heading\">Prawid\u0142owe zastosowanie<\/h3>\n\n<ul class=\"wp-block-list\">\n<li>Stosowa\u0107 <strong>regularnie<\/strong>: Aby uzyska\u0107 optymalne rezultaty, produkt zawieraj\u0105cy kwercetyn\u0119 powinien by\u0107 stosowany regularnie.<\/li>\n\n\n\n<li><strong>Po\u0142\u0105czenie z kremem nawil\u017caj\u0105cym<\/strong>: Kwercetyna mo\u017ce wzmocni\u0107 dzia\u0142anie krem\u00f3w nawil\u017caj\u0105cych i dlatego jest dobrym dodatkiem.<\/li>\n<\/ul>\n\n<h3 class=\"wp-block-heading\">Jak go nie u\u017cywa\u0107<\/h3>\n\n<ul class=\"wp-block-list\">\n<li><strong>Ostro\u017cnie w przypadku alergii<\/strong>: Nie stosowa\u0107 w przypadku nadwra\u017cliwo\u015bci na kwercetyn\u0119.<\/li>\n<\/ul>\n\n<h2 class=\"wp-block-heading\">FAQ<\/h2>\n\n<p><strong>1. czy kwercetyna jest odpowiednia dla wszystkich rodzaj\u00f3w sk\u00f3ry?<\/strong>  Tak, kwercetyna jest odpowiednia dla wszystkich rodzaj\u00f3w sk\u00f3ry, ale szczeg\u00f3lnie dla sk\u00f3ry z oznakami starzenia lub stanami zapalnymi.<\/p>\n\n<p><strong>2. czy kwercetyna mo\u017ce leczy\u0107 tr\u0105dzik?<\/strong>  Kwercetyna mo\u017ce mie\u0107 dzia\u0142anie wspomagaj\u0105ce w leczeniu tr\u0105dziku ze wzgl\u0119du na swoje w\u0142a\u015bciwo\u015bci przeciwzapalne.<\/p>\n\n<p><strong>3. Jak szybko mo\u017cna spodziewa\u0107 si\u0119 wynik\u00f3w?<\/strong>  Dzia\u0142anie kwercetyny mo\u017ce r\u00f3\u017cni\u0107 si\u0119 w zale\u017cno\u015bci od osoby, ale wielu u\u017cytkownik\u00f3w zg\u0142asza popraw\u0119 wygl\u0105du sk\u00f3ry po regularnym stosowaniu przez kilka tygodni.<\/p>\n\n<h2 class=\"wp-block-heading\">Wnioski<\/h2>\n\n<p>Kwercetyna to obiecuj\u0105cy sk\u0142adnik do piel\u0119gnacji sk\u00f3ry, kt\u00f3ry zapewnia skuteczn\u0105 ochron\u0119 przed starzeniem si\u0119 sk\u00f3ry i szkodliwym dzia\u0142aniem \u015brodowiska dzi\u0119ki swoim w\u0142a\u015bciwo\u015bciom przeciwutleniaj\u0105cym i przeciwzapalnym. Regularne stosowanie produktu zawieraj\u0105cego kwercetyn\u0119 mo\u017ce przyczyni\u0107 si\u0119 do zdrowszego, bardziej spr\u0119\u017cystego i m\u0142odzie\u0144czego wygl\u0105du sk\u00f3ry. W\u0142\u0105cz kwercetyn\u0119 do rutynowej piel\u0119gnacji sk\u00f3ry, aby skorzysta\u0107 z jej wielu zalet.<\/p>\n","protected":false},"excerpt":{"rendered":"<p>KWERCETYNA W PIEL\u0118GNACJI SK\u00d3RY Wprowadzenie: Czym jest kwercetyna? Kwercetyna jest silnym flawonoidem i przeciwutleniaczem, kt\u00f3ry wyst\u0119puje naturalnie w wielu owocach i warzywach, takich jak jab\u0142ka, cebula i winogrona. W piel\u0119gnacji sk\u00f3ry kwercetyna jest ceniona za swoje w\u0142a\u015bciwo\u015bci przeciwutleniaj\u0105ce i przeciwzapalne. Korzy\u015bci kwercetyny dla sk\u00f3ry Ochrona przed szkodami wyrz\u0105dzonymi \u015brodowisku naturalnemu Kwercetyna pomaga chroni\u0107 sk\u00f3r\u0119 przed &#8230; <a title=\"Kwercetyna w piel\u0119gnacji sk\u00f3ry: pot\u0119\u017cna tarcza ochronna dla sk\u00f3ry\" class=\"read-more\" href=\"https:\/\/thedermacheck.com\/pl\/kwercetyna-w-pielegnacji-skory-potezna-tarcza-ochronna-dla-skory\/\" aria-label=\"Dowiedz si\u0119 wi\u0119cej o Kwercetyna w piel\u0119gnacji sk\u00f3ry: pot\u0119\u017cna tarcza ochronna dla sk\u00f3ry\">Mehr erfahren<\/a><\/p>\n","protected":false},"author":2,"featured_media":0,"parent":0,"menu_order":0,"comment_status":"closed","ping_status":"closed","template":"","meta":{"_acf_changed":false,"_lmt_disableupdate":"","_lmt_disable":"","footnotes":""},"categories":[42],"tags":[],"class_list":{"0":"post-3140","1":"page","2":"type-page","3":"status-publish","5":"category-skladniki"},"acf":[],"yoast_head":"<!-- This site is optimized with the Yoast SEO Premium plugin v25.7.1 (Yoast SEO v25.7) - https:\/\/yoast.com\/wordpress\/plugins\/seo\/ -->\n<title>Kwercetyna w piel\u0119gnacji sk\u00f3ry: pot\u0119\u017cna tarcza ochronna dla sk\u00f3ry | The Derma Check<\/title>\n<meta name=\"robots\" content=\"index, follow, max-snippet:-1, max-image-preview:large, max-video-preview:-1\" \/>\n<link rel=\"canonical\" href=\"https:\/\/thedermacheck.com\/pl\/kwercetyna-w-pielegnacji-skory-potezna-tarcza-ochronna-dla-skory\/\" \/>\n<meta property=\"og:locale\" content=\"pl_PL\" \/>\n<meta property=\"og:type\" content=\"article\" \/>\n<meta property=\"og:title\" content=\"Kwercetyna w piel\u0119gnacji sk\u00f3ry: pot\u0119\u017cna tarcza ochronna dla sk\u00f3ry\" \/>\n<meta property=\"og:description\" content=\"KWERCETYNA W PIEL\u0118GNACJI SK\u00d3RY Wprowadzenie: Czym jest kwercetyna? Kwercetyna jest silnym flawonoidem i przeciwutleniaczem, kt\u00f3ry wyst\u0119puje naturalnie w wielu owocach i warzywach, takich jak jab\u0142ka, cebula i winogrona. W piel\u0119gnacji sk\u00f3ry kwercetyna jest ceniona za swoje w\u0142a\u015bciwo\u015bci przeciwutleniaj\u0105ce i przeciwzapalne. Korzy\u015bci kwercetyny dla sk\u00f3ry Ochrona przed szkodami wyrz\u0105dzonymi \u015brodowisku naturalnemu Kwercetyna pomaga chroni\u0107 sk\u00f3r\u0119 przed ... Mehr erfahren\" \/>\n<meta property=\"og:url\" content=\"https:\/\/thedermacheck.com\/pl\/kwercetyna-w-pielegnacji-skory-potezna-tarcza-ochronna-dla-skory\/\" \/>\n<meta property=\"og:site_name\" content=\"The Derma Check\" \/>\n<meta property=\"article:modified_time\" content=\"2024-02-13T14:57:18+00:00\" \/>\n<meta name=\"twitter:card\" content=\"summary_large_image\" \/>\n<meta name=\"twitter:label1\" content=\"Szacowany czas czytania\" \/>\n\t<meta name=\"twitter:data1\" content=\"2 minuty\" \/>\n<script type=\"application\/ld+json\" class=\"yoast-schema-graph\">{\"@context\":\"https:\/\/schema.org\",\"@graph\":[{\"@type\":\"WebPage\",\"@id\":\"https:\/\/thedermacheck.com\/pl\/kwercetyna-w-pielegnacji-skory-potezna-tarcza-ochronna-dla-skory\/\",\"url\":\"https:\/\/thedermacheck.com\/pl\/kwercetyna-w-pielegnacji-skory-potezna-tarcza-ochronna-dla-skory\/\",\"name\":\"Kwercetyna w piel\u0119gnacji sk\u00f3ry: pot\u0119\u017cna tarcza ochronna dla sk\u00f3ry | The Derma Check\",\"isPartOf\":{\"@id\":\"https:\/\/thedermacheck.com\/pl\/#website\"},\"datePublished\":\"2023-12-19T14:49:41+00:00\",\"dateModified\":\"2024-02-13T14:57:18+00:00\",\"breadcrumb\":{\"@id\":\"https:\/\/thedermacheck.com\/pl\/kwercetyna-w-pielegnacji-skory-potezna-tarcza-ochronna-dla-skory\/#breadcrumb\"},\"inLanguage\":\"pl-PL\",\"potentialAction\":[{\"@type\":\"ReadAction\",\"target\":[\"https:\/\/thedermacheck.com\/pl\/kwercetyna-w-pielegnacji-skory-potezna-tarcza-ochronna-dla-skory\/\"]}]},{\"@type\":\"BreadcrumbList\",\"@id\":\"https:\/\/thedermacheck.com\/pl\/kwercetyna-w-pielegnacji-skory-potezna-tarcza-ochronna-dla-skory\/#breadcrumb\",\"itemListElement\":[{\"@type\":\"ListItem\",\"position\":1,\"name\":\"Derma Check\",\"item\":\"https:\/\/thedermacheck.com\/pl\/\"},{\"@type\":\"ListItem\",\"position\":2,\"name\":\"Kwercetyna w piel\u0119gnacji sk\u00f3ry: pot\u0119\u017cna tarcza ochronna dla sk\u00f3ry\"}]},{\"@type\":\"WebSite\",\"@id\":\"https:\/\/thedermacheck.com\/pl\/#website\",\"url\":\"https:\/\/thedermacheck.com\/pl\/\",\"name\":\"The Derma Check\",\"description\":\"\",\"publisher\":{\"@id\":\"https:\/\/thedermacheck.com\/pl\/#organization\"},\"potentialAction\":[{\"@type\":\"SearchAction\",\"target\":{\"@type\":\"EntryPoint\",\"urlTemplate\":\"https:\/\/thedermacheck.com\/pl\/?s={search_term_string}\"},\"query-input\":{\"@type\":\"PropertyValueSpecification\",\"valueRequired\":true,\"valueName\":\"search_term_string\"}}],\"inLanguage\":\"pl-PL\"},{\"@type\":\"Organization\",\"@id\":\"https:\/\/thedermacheck.com\/pl\/#organization\",\"name\":\"The Derma Check\",\"url\":\"https:\/\/thedermacheck.com\/pl\/\",\"logo\":{\"@type\":\"ImageObject\",\"inLanguage\":\"pl-PL\",\"@id\":\"https:\/\/thedermacheck.com\/pl\/#\/schema\/logo\/image\/\",\"url\":\"https:\/\/thedermacheck.com\/wp-content\/uploads\/2023\/10\/cropped-THE-DERMA-CHECK-FAVICON-NEW-1.png\",\"contentUrl\":\"https:\/\/thedermacheck.com\/wp-content\/uploads\/2023\/10\/cropped-THE-DERMA-CHECK-FAVICON-NEW-1.png\",\"width\":512,\"height\":512,\"caption\":\"The Derma Check\"},\"image\":{\"@id\":\"https:\/\/thedermacheck.com\/pl\/#\/schema\/logo\/image\/\"}}]}<\/script>\n<!-- \/ Yoast SEO Premium plugin. -->","yoast_head_json":{"title":"Kwercetyna w piel\u0119gnacji sk\u00f3ry: pot\u0119\u017cna tarcza ochronna dla sk\u00f3ry | The Derma Check","robots":{"index":"index","follow":"follow","max-snippet":"max-snippet:-1","max-image-preview":"max-image-preview:large","max-video-preview":"max-video-preview:-1"},"canonical":"https:\/\/thedermacheck.com\/pl\/kwercetyna-w-pielegnacji-skory-potezna-tarcza-ochronna-dla-skory\/","og_locale":"pl_PL","og_type":"article","og_title":"Kwercetyna w piel\u0119gnacji sk\u00f3ry: pot\u0119\u017cna tarcza ochronna dla sk\u00f3ry","og_description":"KWERCETYNA W PIEL\u0118GNACJI SK\u00d3RY Wprowadzenie: Czym jest kwercetyna? Kwercetyna jest silnym flawonoidem i przeciwutleniaczem, kt\u00f3ry wyst\u0119puje naturalnie w wielu owocach i warzywach, takich jak jab\u0142ka, cebula i winogrona. W piel\u0119gnacji sk\u00f3ry kwercetyna jest ceniona za swoje w\u0142a\u015bciwo\u015bci przeciwutleniaj\u0105ce i przeciwzapalne. Korzy\u015bci kwercetyny dla sk\u00f3ry Ochrona przed szkodami wyrz\u0105dzonymi \u015brodowisku naturalnemu Kwercetyna pomaga chroni\u0107 sk\u00f3r\u0119 przed ... Mehr erfahren","og_url":"https:\/\/thedermacheck.com\/pl\/kwercetyna-w-pielegnacji-skory-potezna-tarcza-ochronna-dla-skory\/","og_site_name":"The Derma Check","article_modified_time":"2024-02-13T14:57:18+00:00","twitter_card":"summary_large_image","twitter_misc":{"Szacowany czas czytania":"2 minuty"},"schema":{"@context":"https:\/\/schema.org","@graph":[{"@type":"WebPage","@id":"https:\/\/thedermacheck.com\/pl\/kwercetyna-w-pielegnacji-skory-potezna-tarcza-ochronna-dla-skory\/","url":"https:\/\/thedermacheck.com\/pl\/kwercetyna-w-pielegnacji-skory-potezna-tarcza-ochronna-dla-skory\/","name":"Kwercetyna w piel\u0119gnacji sk\u00f3ry: pot\u0119\u017cna tarcza ochronna dla sk\u00f3ry | The Derma Check","isPartOf":{"@id":"https:\/\/thedermacheck.com\/pl\/#website"},"datePublished":"2023-12-19T14:49:41+00:00","dateModified":"2024-02-13T14:57:18+00:00","breadcrumb":{"@id":"https:\/\/thedermacheck.com\/pl\/kwercetyna-w-pielegnacji-skory-potezna-tarcza-ochronna-dla-skory\/#breadcrumb"},"inLanguage":"pl-PL","potentialAction":[{"@type":"ReadAction","target":["https:\/\/thedermacheck.com\/pl\/kwercetyna-w-pielegnacji-skory-potezna-tarcza-ochronna-dla-skory\/"]}]},{"@type":"BreadcrumbList","@id":"https:\/\/thedermacheck.com\/pl\/kwercetyna-w-pielegnacji-skory-potezna-tarcza-ochronna-dla-skory\/#breadcrumb","itemListElement":[{"@type":"ListItem","position":1,"name":"Derma Check","item":"https:\/\/thedermacheck.com\/pl\/"},{"@type":"ListItem","position":2,"name":"Kwercetyna w piel\u0119gnacji sk\u00f3ry: pot\u0119\u017cna tarcza ochronna dla sk\u00f3ry"}]},{"@type":"WebSite","@id":"https:\/\/thedermacheck.com\/pl\/#website","url":"https:\/\/thedermacheck.com\/pl\/","name":"The Derma Check","description":"","publisher":{"@id":"https:\/\/thedermacheck.com\/pl\/#organization"},"potentialAction":[{"@type":"SearchAction","target":{"@type":"EntryPoint","urlTemplate":"https:\/\/thedermacheck.com\/pl\/?s={search_term_string}"},"query-input":{"@type":"PropertyValueSpecification","valueRequired":true,"valueName":"search_term_string"}}],"inLanguage":"pl-PL"},{"@type":"Organization","@id":"https:\/\/thedermacheck.com\/pl\/#organization","name":"The Derma Check","url":"https:\/\/thedermacheck.com\/pl\/","logo":{"@type":"ImageObject","inLanguage":"pl-PL","@id":"https:\/\/thedermacheck.com\/pl\/#\/schema\/logo\/image\/","url":"https:\/\/thedermacheck.com\/wp-content\/uploads\/2023\/10\/cropped-THE-DERMA-CHECK-FAVICON-NEW-1.png","contentUrl":"https:\/\/thedermacheck.com\/wp-content\/uploads\/2023\/10\/cropped-THE-DERMA-CHECK-FAVICON-NEW-1.png","width":512,"height":512,"caption":"The Derma Check"},"image":{"@id":"https:\/\/thedermacheck.com\/pl\/#\/schema\/logo\/image\/"}}]}},"_links":{"self":[{"href":"https:\/\/thedermacheck.com\/pl\/wp-json\/wp\/v2\/pages\/3140","targetHints":{"allow":["GET"]}}],"collection":[{"href":"https:\/\/thedermacheck.com\/pl\/wp-json\/wp\/v2\/pages"}],"about":[{"href":"https:\/\/thedermacheck.com\/pl\/wp-json\/wp\/v2\/types\/page"}],"author":[{"embeddable":true,"href":"https:\/\/thedermacheck.com\/pl\/wp-json\/wp\/v2\/users\/2"}],"replies":[{"embeddable":true,"href":"https:\/\/thedermacheck.com\/pl\/wp-json\/wp\/v2\/comments?post=3140"}],"version-history":[{"count":1,"href":"https:\/\/thedermacheck.com\/pl\/wp-json\/wp\/v2\/pages\/3140\/revisions"}],"predecessor-version":[{"id":3141,"href":"https:\/\/thedermacheck.com\/pl\/wp-json\/wp\/v2\/pages\/3140\/revisions\/3141"}],"wp:attachment":[{"href":"https:\/\/thedermacheck.com\/pl\/wp-json\/wp\/v2\/media?parent=3140"}],"wp:term":[{"taxonomy":"category","embeddable":true,"href":"https:\/\/thedermacheck.com\/pl\/wp-json\/wp\/v2\/categories?post=3140"},{"taxonomy":"post_tag","embeddable":true,"href":"https:\/\/thedermacheck.com\/pl\/wp-json\/wp\/v2\/tags?post=3140"}],"curies":[{"name":"wp","href":"https:\/\/api.w.org\/{rel}","templated":true}]}}