{"id":3196,"date":"2023-12-19T14:28:05","date_gmt":"2023-12-19T14:28:05","guid":{"rendered":"https:\/\/thedermacheck.com\/pantenol-w-produktach-do-pielegnacji-skory-cudowny-srodek-nawilzajacy-i-leczniczy\/"},"modified":"2024-02-13T14:57:58","modified_gmt":"2024-02-13T14:57:58","slug":"pantenol-w-produktach-do-pielegnacji-skory-cudowny-srodek-nawilzajacy-i-leczniczy","status":"publish","type":"page","link":"https:\/\/thedermacheck.com\/pl\/pantenol-w-produktach-do-pielegnacji-skory-cudowny-srodek-nawilzajacy-i-leczniczy\/","title":{"rendered":"Pantenol w produktach do piel\u0119gnacji sk\u00f3ry: Cudowny \u015brodek nawil\u017caj\u0105cy i leczniczy"},"content":{"rendered":"\n<p><strong>Pantenol w piel\u0119gnacji sk\u00f3ry<\/strong><\/p>\n\n<ul class=\"wp-block-list\">\n<li><strong>Rodzaj sk\u0142adnika:<\/strong> krem nawil\u017caj\u0105cy, prowitamina B5<\/li>\n\n\n\n<li><strong>G\u0142\u00f3wne korzy\u015bci:<\/strong> Nawil\u017caj\u0105ce, lecznicze, koj\u0105ce<\/li>\n\n\n\n<li><strong>Idealny dla:<\/strong> Wszystkich rodzaj\u00f3w sk\u00f3ry, szczeg\u00f3lnie dla sk\u00f3ry podra\u017cnionej, suchej lub uszkodzonej<\/li>\n\n\n\n<li><strong>Cz\u0119stotliwo\u015b\u0107 stosowania:<\/strong> Codziennie, w zale\u017cno\u015bci od sk\u0142adu produktu<\/li>\n\n\n\n<li><strong>Po\u0142\u0105czenie z:<\/strong> Wi\u0119kszo\u015b\u0107 sk\u0142adnik\u00f3w do piel\u0119gnacji sk\u00f3ry<\/li>\n\n\n\n<li><strong>Nie stosowa\u0107 z:<\/strong> Nie s\u0105 znane negatywne interakcje z innymi sk\u0142adnikami.<\/li>\n<\/ul>\n\n<hr class=\"wp-block-separator has-alpha-channel-opacity\"\/>\n\n<h3 class=\"wp-block-heading\"><strong>Czym jest pantenol?<\/strong><\/h3>\n\n<p>Pantenol, znany r\u00f3wnie\u017c jako prowitamina B5, to wszechstronny sk\u0142adnik do piel\u0119gnacji sk\u00f3ry, kt\u00f3ry jest ceniony za swoje w\u0142a\u015bciwo\u015bci nawil\u017caj\u0105ce i lecznicze. Jest cz\u0119sto stosowany w produktach \u0142agodz\u0105cych such\u0105 lub podra\u017cnion\u0105 sk\u00f3r\u0119.<\/p>\n\n<h3 class=\"wp-block-heading\"><strong>Korzy\u015bci pantenolu dla sk\u00f3ry<\/strong><\/h3>\n\n<ul class=\"wp-block-list\">\n<li><strong>Nawil\u017canie:<\/strong> Pantenol wnika g\u0142\u0119boko w sk\u00f3r\u0119 i nawil\u017ca j\u0105, pomagaj\u0105c poprawi\u0107 jej struktur\u0119 i elastyczno\u015b\u0107.<\/li>\n\n\n\n<li><strong>Wspomaga gojenie:<\/strong> Wspomaga regeneracj\u0119 sk\u00f3ry i pomaga leczy\u0107 ma\u0142e rany lub podra\u017cnienia sk\u00f3ry.<\/li>\n\n\n\n<li><strong>\u0141agodz\u0105cy:<\/strong> Idealny do stosowania na podra\u017cnion\u0105 lub poparzon\u0105 s\u0142o\u0144cem sk\u00f3r\u0119, poniewa\u017c ma w\u0142a\u015bciwo\u015bci \u0142agodz\u0105ce.<\/li>\n<\/ul>\n\n<h3 class=\"wp-block-heading\"><strong>Mo\u017cliwe skutki uboczne<\/strong><\/h3>\n\n<p>Pantenol jest og\u00f3lnie dobrze tolerowany i bezpieczny dla wi\u0119kszo\u015bci rodzaj\u00f3w sk\u00f3ry. Reakcje alergiczne s\u0105 rzadkie, ale mo\u017cliwe, jak w przypadku ka\u017cdego produktu.<\/p>\n\n<h3 class=\"wp-block-heading\"><strong>Zalecenia dotycz\u0105ce stosowania<\/strong><\/h3>\n\n<ul class=\"wp-block-list\">\n<li><strong>Jako cz\u0119\u015b\u0107 codziennej piel\u0119gnacji sk\u00f3ry:<\/strong> Pantenol mo\u017ce by\u0107 stosowany w r\u00f3\u017cnych formach, takich jak balsamy, kremy lub serum.<\/li>\n\n\n\n<li><strong>W po\u0142\u0105czeniu z innymi produktami:<\/strong> Dobrze \u0142\u0105czy si\u0119 z innymi sk\u0142adnikami nawil\u017caj\u0105cymi i \u0142agodz\u0105cymi.<\/li>\n<\/ul>\n\n<h3 class=\"wp-block-heading\"><strong>Jak go nie u\u017cywa\u0107<\/strong><\/h3>\n\n<ul class=\"wp-block-list\">\n<li><strong>Nie przedawkowa\u0107:<\/strong> Odpowiednia ilo\u015b\u0107 zgodna z instrukcj\u0105 produktu jest wystarczaj\u0105ca, poniewa\u017c pantenol jest bardzo skuteczny.<\/li>\n\n\n\n<li><strong>Nie stosowa\u0107 w przypadku powa\u017cnych stan\u00f3w zapalnych sk\u00f3ry:<\/strong> w przypadku skrajnych reakcji sk\u00f3rnych nale\u017cy najpierw skonsultowa\u0107 si\u0119 z dermatologiem.<\/li>\n<\/ul>\n\n<h3 class=\"wp-block-heading\"><strong>FAQ<\/strong><\/h3>\n\n<p><strong>1 Dla kogo przeznaczony jest Panthenol?<\/strong>  Pantenol jest odpowiedni dla wszystkich rodzaj\u00f3w sk\u00f3ry i jest szczeg\u00f3lnie korzystny dla os\u00f3b z such\u0105 lub podra\u017cnion\u0105 sk\u00f3r\u0105.<\/p>\n\n<p><strong>2. czy pantenol mo\u017ce pogorszy\u0107 tr\u0105dzik?<\/strong>  Nie, generalnie jest niekomedogenny i nie powinien nasila\u0107 tr\u0105dziku.<\/p>\n\n<p><strong>3. Czy pantenol nadaje si\u0119 r\u00f3wnie\u017c do piel\u0119gnacji w\u0142os\u00f3w?<\/strong>  Tak, pantenol jest cz\u0119sto stosowany w produktach do piel\u0119gnacji w\u0142os\u00f3w, poniewa\u017c nawil\u017ca i wzmacnia w\u0142osy.<\/p>\n\n<h3 class=\"wp-block-heading\"><strong>Wnioski<\/strong><\/h3>\n\n<p>Pantenol jest doskona\u0142ym sk\u0142adnikiem dla szerokiego zakresu potrzeb zwi\u0105zanych z piel\u0119gnacj\u0105 sk\u00f3ry. Zapewnia intensywne nawil\u017cenie, wspomaga gojenie i dzia\u0142a koj\u0105co na sk\u00f3r\u0119. Sprawia to, \u017ce jest to niezb\u0119dny element codziennej piel\u0119gnacji sk\u00f3ry, szczeg\u00f3lnie dla os\u00f3b z such\u0105 lub wra\u017cliw\u0105 sk\u00f3r\u0105. Dzi\u0119ki \u0142agodnemu i skutecznemu dzia\u0142aniu pantenol jest wzbogacaj\u0105cym dodatkiem do ka\u017cdej rutynowej piel\u0119gnacji sk\u00f3ry.<\/p>\n","protected":false},"excerpt":{"rendered":"<p>Pantenol w piel\u0119gnacji sk\u00f3ry Czym jest pantenol? Pantenol, znany r\u00f3wnie\u017c jako prowitamina B5, to wszechstronny sk\u0142adnik do piel\u0119gnacji sk\u00f3ry, kt\u00f3ry jest ceniony za swoje w\u0142a\u015bciwo\u015bci nawil\u017caj\u0105ce i lecznicze. Jest cz\u0119sto stosowany w produktach \u0142agodz\u0105cych such\u0105 lub podra\u017cnion\u0105 sk\u00f3r\u0119. Korzy\u015bci pantenolu dla sk\u00f3ry Mo\u017cliwe skutki uboczne Pantenol jest og\u00f3lnie dobrze tolerowany i bezpieczny dla wi\u0119kszo\u015bci rodzaj\u00f3w &#8230; <a title=\"Pantenol w produktach do piel\u0119gnacji sk\u00f3ry: Cudowny \u015brodek nawil\u017caj\u0105cy i leczniczy\" class=\"read-more\" href=\"https:\/\/thedermacheck.com\/pl\/pantenol-w-produktach-do-pielegnacji-skory-cudowny-srodek-nawilzajacy-i-leczniczy\/\" aria-label=\"Dowiedz si\u0119 wi\u0119cej o Pantenol w produktach do piel\u0119gnacji sk\u00f3ry: Cudowny \u015brodek nawil\u017caj\u0105cy i leczniczy\">Mehr erfahren<\/a><\/p>\n","protected":false},"author":2,"featured_media":0,"parent":0,"menu_order":0,"comment_status":"closed","ping_status":"closed","template":"","meta":{"_acf_changed":false,"_lmt_disableupdate":"","_lmt_disable":"","footnotes":""},"categories":[42],"tags":[],"class_list":{"0":"post-3196","1":"page","2":"type-page","3":"status-publish","5":"category-skladniki"},"acf":[],"yoast_head":"<!-- This site is optimized with the Yoast SEO Premium plugin v25.7.1 (Yoast SEO v25.7) - https:\/\/yoast.com\/wordpress\/plugins\/seo\/ -->\n<title>Pantenol w produktach do piel\u0119gnacji sk\u00f3ry: Cudowny \u015brodek nawil\u017caj\u0105cy i leczniczy | The Derma Check<\/title>\n<meta name=\"robots\" content=\"index, follow, max-snippet:-1, max-image-preview:large, max-video-preview:-1\" \/>\n<link rel=\"canonical\" href=\"https:\/\/thedermacheck.com\/pl\/pantenol-w-produktach-do-pielegnacji-skory-cudowny-srodek-nawilzajacy-i-leczniczy\/\" \/>\n<meta property=\"og:locale\" content=\"pl_PL\" \/>\n<meta property=\"og:type\" content=\"article\" \/>\n<meta property=\"og:title\" content=\"Pantenol w produktach do piel\u0119gnacji sk\u00f3ry: Cudowny \u015brodek nawil\u017caj\u0105cy i leczniczy\" \/>\n<meta property=\"og:description\" content=\"Pantenol w piel\u0119gnacji sk\u00f3ry Czym jest pantenol? Pantenol, znany r\u00f3wnie\u017c jako prowitamina B5, to wszechstronny sk\u0142adnik do piel\u0119gnacji sk\u00f3ry, kt\u00f3ry jest ceniony za swoje w\u0142a\u015bciwo\u015bci nawil\u017caj\u0105ce i lecznicze. Jest cz\u0119sto stosowany w produktach \u0142agodz\u0105cych such\u0105 lub podra\u017cnion\u0105 sk\u00f3r\u0119. Korzy\u015bci pantenolu dla sk\u00f3ry Mo\u017cliwe skutki uboczne Pantenol jest og\u00f3lnie dobrze tolerowany i bezpieczny dla wi\u0119kszo\u015bci rodzaj\u00f3w ... Mehr erfahren\" \/>\n<meta property=\"og:url\" content=\"https:\/\/thedermacheck.com\/pl\/pantenol-w-produktach-do-pielegnacji-skory-cudowny-srodek-nawilzajacy-i-leczniczy\/\" \/>\n<meta property=\"og:site_name\" content=\"The Derma Check\" \/>\n<meta property=\"article:modified_time\" content=\"2024-02-13T14:57:58+00:00\" \/>\n<meta name=\"twitter:card\" content=\"summary_large_image\" \/>\n<meta name=\"twitter:label1\" content=\"Szacowany czas czytania\" \/>\n\t<meta name=\"twitter:data1\" content=\"2 minuty\" \/>\n<script type=\"application\/ld+json\" class=\"yoast-schema-graph\">{\"@context\":\"https:\/\/schema.org\",\"@graph\":[{\"@type\":\"WebPage\",\"@id\":\"https:\/\/thedermacheck.com\/pl\/pantenol-w-produktach-do-pielegnacji-skory-cudowny-srodek-nawilzajacy-i-leczniczy\/\",\"url\":\"https:\/\/thedermacheck.com\/pl\/pantenol-w-produktach-do-pielegnacji-skory-cudowny-srodek-nawilzajacy-i-leczniczy\/\",\"name\":\"Pantenol w produktach do piel\u0119gnacji sk\u00f3ry: Cudowny \u015brodek nawil\u017caj\u0105cy i leczniczy | The Derma Check\",\"isPartOf\":{\"@id\":\"https:\/\/thedermacheck.com\/pl\/#website\"},\"datePublished\":\"2023-12-19T14:28:05+00:00\",\"dateModified\":\"2024-02-13T14:57:58+00:00\",\"breadcrumb\":{\"@id\":\"https:\/\/thedermacheck.com\/pl\/pantenol-w-produktach-do-pielegnacji-skory-cudowny-srodek-nawilzajacy-i-leczniczy\/#breadcrumb\"},\"inLanguage\":\"pl-PL\",\"potentialAction\":[{\"@type\":\"ReadAction\",\"target\":[\"https:\/\/thedermacheck.com\/pl\/pantenol-w-produktach-do-pielegnacji-skory-cudowny-srodek-nawilzajacy-i-leczniczy\/\"]}]},{\"@type\":\"BreadcrumbList\",\"@id\":\"https:\/\/thedermacheck.com\/pl\/pantenol-w-produktach-do-pielegnacji-skory-cudowny-srodek-nawilzajacy-i-leczniczy\/#breadcrumb\",\"itemListElement\":[{\"@type\":\"ListItem\",\"position\":1,\"name\":\"Derma Check\",\"item\":\"https:\/\/thedermacheck.com\/pl\/\"},{\"@type\":\"ListItem\",\"position\":2,\"name\":\"Pantenol w produktach do piel\u0119gnacji sk\u00f3ry: Cudowny \u015brodek nawil\u017caj\u0105cy i leczniczy\"}]},{\"@type\":\"WebSite\",\"@id\":\"https:\/\/thedermacheck.com\/pl\/#website\",\"url\":\"https:\/\/thedermacheck.com\/pl\/\",\"name\":\"The Derma Check\",\"description\":\"\",\"publisher\":{\"@id\":\"https:\/\/thedermacheck.com\/pl\/#organization\"},\"potentialAction\":[{\"@type\":\"SearchAction\",\"target\":{\"@type\":\"EntryPoint\",\"urlTemplate\":\"https:\/\/thedermacheck.com\/pl\/?s={search_term_string}\"},\"query-input\":{\"@type\":\"PropertyValueSpecification\",\"valueRequired\":true,\"valueName\":\"search_term_string\"}}],\"inLanguage\":\"pl-PL\"},{\"@type\":\"Organization\",\"@id\":\"https:\/\/thedermacheck.com\/pl\/#organization\",\"name\":\"The Derma Check\",\"url\":\"https:\/\/thedermacheck.com\/pl\/\",\"logo\":{\"@type\":\"ImageObject\",\"inLanguage\":\"pl-PL\",\"@id\":\"https:\/\/thedermacheck.com\/pl\/#\/schema\/logo\/image\/\",\"url\":\"https:\/\/thedermacheck.com\/wp-content\/uploads\/2023\/10\/cropped-THE-DERMA-CHECK-FAVICON-NEW-1.png\",\"contentUrl\":\"https:\/\/thedermacheck.com\/wp-content\/uploads\/2023\/10\/cropped-THE-DERMA-CHECK-FAVICON-NEW-1.png\",\"width\":512,\"height\":512,\"caption\":\"The Derma Check\"},\"image\":{\"@id\":\"https:\/\/thedermacheck.com\/pl\/#\/schema\/logo\/image\/\"}}]}<\/script>\n<!-- \/ Yoast SEO Premium plugin. -->","yoast_head_json":{"title":"Pantenol w produktach do piel\u0119gnacji sk\u00f3ry: Cudowny \u015brodek nawil\u017caj\u0105cy i leczniczy | The Derma Check","robots":{"index":"index","follow":"follow","max-snippet":"max-snippet:-1","max-image-preview":"max-image-preview:large","max-video-preview":"max-video-preview:-1"},"canonical":"https:\/\/thedermacheck.com\/pl\/pantenol-w-produktach-do-pielegnacji-skory-cudowny-srodek-nawilzajacy-i-leczniczy\/","og_locale":"pl_PL","og_type":"article","og_title":"Pantenol w produktach do piel\u0119gnacji sk\u00f3ry: Cudowny \u015brodek nawil\u017caj\u0105cy i leczniczy","og_description":"Pantenol w piel\u0119gnacji sk\u00f3ry Czym jest pantenol? Pantenol, znany r\u00f3wnie\u017c jako prowitamina B5, to wszechstronny sk\u0142adnik do piel\u0119gnacji sk\u00f3ry, kt\u00f3ry jest ceniony za swoje w\u0142a\u015bciwo\u015bci nawil\u017caj\u0105ce i lecznicze. Jest cz\u0119sto stosowany w produktach \u0142agodz\u0105cych such\u0105 lub podra\u017cnion\u0105 sk\u00f3r\u0119. Korzy\u015bci pantenolu dla sk\u00f3ry Mo\u017cliwe skutki uboczne Pantenol jest og\u00f3lnie dobrze tolerowany i bezpieczny dla wi\u0119kszo\u015bci rodzaj\u00f3w ... Mehr erfahren","og_url":"https:\/\/thedermacheck.com\/pl\/pantenol-w-produktach-do-pielegnacji-skory-cudowny-srodek-nawilzajacy-i-leczniczy\/","og_site_name":"The Derma Check","article_modified_time":"2024-02-13T14:57:58+00:00","twitter_card":"summary_large_image","twitter_misc":{"Szacowany czas czytania":"2 minuty"},"schema":{"@context":"https:\/\/schema.org","@graph":[{"@type":"WebPage","@id":"https:\/\/thedermacheck.com\/pl\/pantenol-w-produktach-do-pielegnacji-skory-cudowny-srodek-nawilzajacy-i-leczniczy\/","url":"https:\/\/thedermacheck.com\/pl\/pantenol-w-produktach-do-pielegnacji-skory-cudowny-srodek-nawilzajacy-i-leczniczy\/","name":"Pantenol w produktach do piel\u0119gnacji sk\u00f3ry: Cudowny \u015brodek nawil\u017caj\u0105cy i leczniczy | The Derma Check","isPartOf":{"@id":"https:\/\/thedermacheck.com\/pl\/#website"},"datePublished":"2023-12-19T14:28:05+00:00","dateModified":"2024-02-13T14:57:58+00:00","breadcrumb":{"@id":"https:\/\/thedermacheck.com\/pl\/pantenol-w-produktach-do-pielegnacji-skory-cudowny-srodek-nawilzajacy-i-leczniczy\/#breadcrumb"},"inLanguage":"pl-PL","potentialAction":[{"@type":"ReadAction","target":["https:\/\/thedermacheck.com\/pl\/pantenol-w-produktach-do-pielegnacji-skory-cudowny-srodek-nawilzajacy-i-leczniczy\/"]}]},{"@type":"BreadcrumbList","@id":"https:\/\/thedermacheck.com\/pl\/pantenol-w-produktach-do-pielegnacji-skory-cudowny-srodek-nawilzajacy-i-leczniczy\/#breadcrumb","itemListElement":[{"@type":"ListItem","position":1,"name":"Derma Check","item":"https:\/\/thedermacheck.com\/pl\/"},{"@type":"ListItem","position":2,"name":"Pantenol w produktach do piel\u0119gnacji sk\u00f3ry: Cudowny \u015brodek nawil\u017caj\u0105cy i leczniczy"}]},{"@type":"WebSite","@id":"https:\/\/thedermacheck.com\/pl\/#website","url":"https:\/\/thedermacheck.com\/pl\/","name":"The Derma Check","description":"","publisher":{"@id":"https:\/\/thedermacheck.com\/pl\/#organization"},"potentialAction":[{"@type":"SearchAction","target":{"@type":"EntryPoint","urlTemplate":"https:\/\/thedermacheck.com\/pl\/?s={search_term_string}"},"query-input":{"@type":"PropertyValueSpecification","valueRequired":true,"valueName":"search_term_string"}}],"inLanguage":"pl-PL"},{"@type":"Organization","@id":"https:\/\/thedermacheck.com\/pl\/#organization","name":"The Derma Check","url":"https:\/\/thedermacheck.com\/pl\/","logo":{"@type":"ImageObject","inLanguage":"pl-PL","@id":"https:\/\/thedermacheck.com\/pl\/#\/schema\/logo\/image\/","url":"https:\/\/thedermacheck.com\/wp-content\/uploads\/2023\/10\/cropped-THE-DERMA-CHECK-FAVICON-NEW-1.png","contentUrl":"https:\/\/thedermacheck.com\/wp-content\/uploads\/2023\/10\/cropped-THE-DERMA-CHECK-FAVICON-NEW-1.png","width":512,"height":512,"caption":"The Derma Check"},"image":{"@id":"https:\/\/thedermacheck.com\/pl\/#\/schema\/logo\/image\/"}}]}},"_links":{"self":[{"href":"https:\/\/thedermacheck.com\/pl\/wp-json\/wp\/v2\/pages\/3196","targetHints":{"allow":["GET"]}}],"collection":[{"href":"https:\/\/thedermacheck.com\/pl\/wp-json\/wp\/v2\/pages"}],"about":[{"href":"https:\/\/thedermacheck.com\/pl\/wp-json\/wp\/v2\/types\/page"}],"author":[{"embeddable":true,"href":"https:\/\/thedermacheck.com\/pl\/wp-json\/wp\/v2\/users\/2"}],"replies":[{"embeddable":true,"href":"https:\/\/thedermacheck.com\/pl\/wp-json\/wp\/v2\/comments?post=3196"}],"version-history":[{"count":1,"href":"https:\/\/thedermacheck.com\/pl\/wp-json\/wp\/v2\/pages\/3196\/revisions"}],"predecessor-version":[{"id":3197,"href":"https:\/\/thedermacheck.com\/pl\/wp-json\/wp\/v2\/pages\/3196\/revisions\/3197"}],"wp:attachment":[{"href":"https:\/\/thedermacheck.com\/pl\/wp-json\/wp\/v2\/media?parent=3196"}],"wp:term":[{"taxonomy":"category","embeddable":true,"href":"https:\/\/thedermacheck.com\/pl\/wp-json\/wp\/v2\/categories?post=3196"},{"taxonomy":"post_tag","embeddable":true,"href":"https:\/\/thedermacheck.com\/pl\/wp-json\/wp\/v2\/tags?post=3196"}],"curies":[{"name":"wp","href":"https:\/\/api.w.org\/{rel}","templated":true}]}}