{"id":3204,"date":"2023-12-19T14:28:27","date_gmt":"2023-12-19T14:28:27","guid":{"rendered":"https:\/\/thedermacheck.com\/wazelina-w-produktach-do-pielegnacji-skory-klasyk-intensywnej-pielegnacji\/"},"modified":"2024-02-13T14:58:10","modified_gmt":"2024-02-13T14:58:10","slug":"wazelina-w-produktach-do-pielegnacji-skory-klasyk-intensywnej-pielegnacji","status":"publish","type":"page","link":"https:\/\/thedermacheck.com\/pl\/wazelina-w-produktach-do-pielegnacji-skory-klasyk-intensywnej-pielegnacji\/","title":{"rendered":"Wazelina w produktach do piel\u0119gnacji sk\u00f3ry: Klasyk intensywnej piel\u0119gnacji"},"content":{"rendered":"\n<p><strong>Wazelina w piel\u0119gnacji sk\u00f3ry<\/strong><\/p>\n\n<ul class=\"wp-block-list\">\n<li><strong>Rodzaj sk\u0142adnika:<\/strong> okluzyjny produkt do piel\u0119gnacji sk\u00f3ry<\/li>\n\n\n\n<li><strong>G\u0142\u00f3wne korzy\u015bci:<\/strong> Tworzy warstw\u0119 ochronn\u0105, nawil\u017ca, wspomaga gojenie<\/li>\n\n\n\n<li><strong>Idealny dla:<\/strong> Bardzo suchych obszar\u00f3w sk\u00f3ry, ochrony drobnych uszkodze\u0144 sk\u00f3ry<\/li>\n\n\n\n<li><strong>Cz\u0119stotliwo\u015b\u0107 u\u017cytkowania:<\/strong> W razie potrzeby<\/li>\n\n\n\n<li><strong>Mo\u017cna \u0142\u0105czy\u0107 z:<\/strong> Mo\u017cna \u0142\u0105czy\u0107 z kremami nawil\u017caj\u0105cymi<\/li>\n\n\n\n<li><strong>Nie stosowa\u0107 z:<\/strong> Ostro\u017cnie stosowa\u0107 na sk\u00f3r\u0119 tr\u0105dzikow\u0105<\/li>\n<\/ul>\n\n<hr class=\"wp-block-separator has-alpha-channel-opacity\"\/>\n\n<h3 class=\"wp-block-heading\"><strong>Co to jest wazelina?<\/strong><\/h3>\n\n<p>Wazelina, znana r\u00f3wnie\u017c jako Vaseline, jest produktem ubocznym rafinacji ropy naftowej i od dawna stanowi sk\u0142adnik produkt\u00f3w do piel\u0119gnacji sk\u00f3ry. Jego g\u0142\u00f3wn\u0105 funkcj\u0105 jest tworzenie warstwy ochronnej na sk\u00f3rze, kt\u00f3ra zatrzymuje wilgo\u0107 i chroni sk\u00f3r\u0119 przed czynnikami zewn\u0119trznymi.<\/p>\n\n<h3 class=\"wp-block-heading\"><strong>Korzy\u015bci wazeliny dla sk\u00f3ry<\/strong><\/h3>\n\n<ul class=\"wp-block-list\">\n<li><strong>Nawil\u017caj\u0105cy:<\/strong> idealny dla bardzo suchej sk\u00f3ry. Tworzy barier\u0119, kt\u00f3ra zapobiega wysuszaniu sk\u00f3ry.<\/li>\n\n\n\n<li><strong>Ochrona przed urazami sk\u00f3ry:<\/strong> Idealny do ochrony ma\u0142ych skalecze\u0144, zadrapa\u0144 lub oparze\u0144.<\/li>\n\n\n\n<li><strong>Zmniejsza podra\u017cnienia sk\u00f3ry:<\/strong> Mo\u017ce by\u0107 pomocny w leczeniu egzemy lub spierzchni\u0119tych ust.<\/li>\n<\/ul>\n\n<h3 class=\"wp-block-heading\"><strong>Mo\u017cliwe skutki uboczne<\/strong><\/h3>\n\n<ul class=\"wp-block-list\">\n<li><strong>Zatykanie por\u00f3w:<\/strong> Petroleum Jelly mo\u017ce zatyka\u0107 pory na sk\u00f3rze tr\u0105dzikowej.<\/li>\n\n\n\n<li><strong>Reakcje alergiczne:<\/strong> Nale\u017cy zwr\u00f3ci\u0107 uwag\u0119 na rzadkie, ale mo\u017cliwe reakcje alergiczne.<\/li>\n<\/ul>\n\n<h3 class=\"wp-block-heading\"><strong>Zalecenia dotycz\u0105ce stosowania<\/strong><\/h3>\n\n<ul class=\"wp-block-list\">\n<li><strong>Ukierunkowane zastosowanie:<\/strong> Idealny do stosowania na szczeg\u00f3lnie suche obszary sk\u00f3ry lub do leczenia drobnych uszkodze\u0144 sk\u00f3ry.<\/li>\n\n\n\n<li><strong>Nie jako krem do twarzy<\/strong>: Nie powinien by\u0107 stosowany jako codzienny krem do twarzy, szczeg\u00f3lnie w przypadku sk\u00f3ry t\u0142ustej lub tr\u0105dzikowej.<\/li>\n<\/ul>\n\n<h3 class=\"wp-block-heading\"><strong>Jak go nie u\u017cywa\u0107<\/strong><\/h3>\n\n<ul class=\"wp-block-list\">\n<li><strong>Uwaga w przypadku tr\u0105dziku<\/strong>: Nie stosowa\u0107 na sk\u00f3r\u0119 tr\u0105dzikow\u0105, poniewa\u017c mo\u017ce zatyka\u0107 pory.<\/li>\n\n\n\n<li><strong>Nie w du\u017cych ilo\u015bciach:<\/strong> Cienka warstwa jest cz\u0119sto wystarczaj\u0105ca do osi\u0105gni\u0119cia po\u017c\u0105danych efekt\u00f3w.<\/li>\n<\/ul>\n\n<h3 class=\"wp-block-heading\"><strong>FAQ<\/strong><\/h3>\n\n<p><strong>1. czy Petroleum Jelly jest bezpieczna dla sk\u00f3ry?<\/strong>  Tak, jest bezpieczny dla wi\u0119kszo\u015bci typ\u00f3w sk\u00f3ry, jednak powinien by\u0107 stosowany ostro\u017cnie na sk\u00f3rze tr\u0105dzikowej.<\/p>\n\n<p><strong>2. czy wazelina mo\u017ce pom\u00f3c zredukowa\u0107 zmarszczki?<\/strong>  Nie ma bezpo\u015bredniego dzia\u0142ania przeciwstarzeniowego, ale mo\u017ce poprawi\u0107 wygl\u0105d suchej sk\u00f3ry.<\/p>\n\n<p><strong>3. Czy wazelina jest dobra do piel\u0119gnacji ust?<\/strong>  Tak, jest skuteczny w leczeniu suchych i spierzchni\u0119tych ust.<\/p>\n\n<h3 class=\"wp-block-heading\"><strong>Wnioski<\/strong><\/h3>\n\n<p>Wazelina jest sprawdzonym sk\u0142adnikiem w piel\u0119gnacji sk\u00f3ry, kt\u00f3ry zapewnia intensywne nawil\u017cenie i chroni sk\u00f3r\u0119 przed wp\u0142ywami \u015brodowiska. Jest szczeg\u00f3lnie przydatny do piel\u0119gnacji bardzo suchych obszar\u00f3w sk\u00f3ry i do leczenia drobnych uszkodze\u0144 sk\u00f3ry. Prawid\u0142owo stosowany Petroleum Jelly mo\u017ce by\u0107 cennym dodatkiem do rutynowej piel\u0119gnacji sk\u00f3ry, szczeg\u00f3lnie w ch\u0142odniejszych miesi\u0105cach lub w przypadku suchej sk\u00f3ry.<\/p>\n","protected":false},"excerpt":{"rendered":"<p>Wazelina w piel\u0119gnacji sk\u00f3ry Co to jest wazelina? Wazelina, znana r\u00f3wnie\u017c jako Vaseline, jest produktem ubocznym rafinacji ropy naftowej i od dawna stanowi sk\u0142adnik produkt\u00f3w do piel\u0119gnacji sk\u00f3ry. Jego g\u0142\u00f3wn\u0105 funkcj\u0105 jest tworzenie warstwy ochronnej na sk\u00f3rze, kt\u00f3ra zatrzymuje wilgo\u0107 i chroni sk\u00f3r\u0119 przed czynnikami zewn\u0119trznymi. Korzy\u015bci wazeliny dla sk\u00f3ry Mo\u017cliwe skutki uboczne Zalecenia dotycz\u0105ce &#8230; <a title=\"Wazelina w produktach do piel\u0119gnacji sk\u00f3ry: Klasyk intensywnej piel\u0119gnacji\" class=\"read-more\" href=\"https:\/\/thedermacheck.com\/pl\/wazelina-w-produktach-do-pielegnacji-skory-klasyk-intensywnej-pielegnacji\/\" aria-label=\"Dowiedz si\u0119 wi\u0119cej o Wazelina w produktach do piel\u0119gnacji sk\u00f3ry: Klasyk intensywnej piel\u0119gnacji\">Mehr erfahren<\/a><\/p>\n","protected":false},"author":2,"featured_media":0,"parent":0,"menu_order":0,"comment_status":"closed","ping_status":"closed","template":"","meta":{"_acf_changed":false,"_lmt_disableupdate":"","_lmt_disable":"","footnotes":""},"categories":[42],"tags":[],"class_list":{"0":"post-3204","1":"page","2":"type-page","3":"status-publish","5":"category-skladniki"},"acf":[],"yoast_head":"<!-- This site is optimized with the Yoast SEO Premium plugin v25.7.1 (Yoast SEO v25.7) - https:\/\/yoast.com\/wordpress\/plugins\/seo\/ -->\n<title>Wazelina w produktach do piel\u0119gnacji sk\u00f3ry: Klasyk intensywnej piel\u0119gnacji | The Derma Check<\/title>\n<meta name=\"robots\" content=\"index, follow, max-snippet:-1, max-image-preview:large, max-video-preview:-1\" \/>\n<link rel=\"canonical\" href=\"https:\/\/thedermacheck.com\/pl\/wazelina-w-produktach-do-pielegnacji-skory-klasyk-intensywnej-pielegnacji\/\" \/>\n<meta property=\"og:locale\" content=\"pl_PL\" \/>\n<meta property=\"og:type\" content=\"article\" \/>\n<meta property=\"og:title\" content=\"Wazelina w produktach do piel\u0119gnacji sk\u00f3ry: Klasyk intensywnej piel\u0119gnacji\" \/>\n<meta property=\"og:description\" content=\"Wazelina w piel\u0119gnacji sk\u00f3ry Co to jest wazelina? Wazelina, znana r\u00f3wnie\u017c jako Vaseline, jest produktem ubocznym rafinacji ropy naftowej i od dawna stanowi sk\u0142adnik produkt\u00f3w do piel\u0119gnacji sk\u00f3ry. Jego g\u0142\u00f3wn\u0105 funkcj\u0105 jest tworzenie warstwy ochronnej na sk\u00f3rze, kt\u00f3ra zatrzymuje wilgo\u0107 i chroni sk\u00f3r\u0119 przed czynnikami zewn\u0119trznymi. Korzy\u015bci wazeliny dla sk\u00f3ry Mo\u017cliwe skutki uboczne Zalecenia dotycz\u0105ce ... Mehr erfahren\" \/>\n<meta property=\"og:url\" content=\"https:\/\/thedermacheck.com\/pl\/wazelina-w-produktach-do-pielegnacji-skory-klasyk-intensywnej-pielegnacji\/\" \/>\n<meta property=\"og:site_name\" content=\"The Derma Check\" \/>\n<meta property=\"article:modified_time\" content=\"2024-02-13T14:58:10+00:00\" \/>\n<meta name=\"twitter:card\" content=\"summary_large_image\" \/>\n<meta name=\"twitter:label1\" content=\"Szacowany czas czytania\" \/>\n\t<meta name=\"twitter:data1\" content=\"2 minuty\" \/>\n<script type=\"application\/ld+json\" class=\"yoast-schema-graph\">{\"@context\":\"https:\/\/schema.org\",\"@graph\":[{\"@type\":\"WebPage\",\"@id\":\"https:\/\/thedermacheck.com\/pl\/wazelina-w-produktach-do-pielegnacji-skory-klasyk-intensywnej-pielegnacji\/\",\"url\":\"https:\/\/thedermacheck.com\/pl\/wazelina-w-produktach-do-pielegnacji-skory-klasyk-intensywnej-pielegnacji\/\",\"name\":\"Wazelina w produktach do piel\u0119gnacji sk\u00f3ry: Klasyk intensywnej piel\u0119gnacji | The Derma Check\",\"isPartOf\":{\"@id\":\"https:\/\/thedermacheck.com\/pl\/#website\"},\"datePublished\":\"2023-12-19T14:28:27+00:00\",\"dateModified\":\"2024-02-13T14:58:10+00:00\",\"breadcrumb\":{\"@id\":\"https:\/\/thedermacheck.com\/pl\/wazelina-w-produktach-do-pielegnacji-skory-klasyk-intensywnej-pielegnacji\/#breadcrumb\"},\"inLanguage\":\"pl-PL\",\"potentialAction\":[{\"@type\":\"ReadAction\",\"target\":[\"https:\/\/thedermacheck.com\/pl\/wazelina-w-produktach-do-pielegnacji-skory-klasyk-intensywnej-pielegnacji\/\"]}]},{\"@type\":\"BreadcrumbList\",\"@id\":\"https:\/\/thedermacheck.com\/pl\/wazelina-w-produktach-do-pielegnacji-skory-klasyk-intensywnej-pielegnacji\/#breadcrumb\",\"itemListElement\":[{\"@type\":\"ListItem\",\"position\":1,\"name\":\"Derma Check\",\"item\":\"https:\/\/thedermacheck.com\/pl\/\"},{\"@type\":\"ListItem\",\"position\":2,\"name\":\"Wazelina w produktach do piel\u0119gnacji sk\u00f3ry: Klasyk intensywnej piel\u0119gnacji\"}]},{\"@type\":\"WebSite\",\"@id\":\"https:\/\/thedermacheck.com\/pl\/#website\",\"url\":\"https:\/\/thedermacheck.com\/pl\/\",\"name\":\"The Derma Check\",\"description\":\"\",\"publisher\":{\"@id\":\"https:\/\/thedermacheck.com\/pl\/#organization\"},\"potentialAction\":[{\"@type\":\"SearchAction\",\"target\":{\"@type\":\"EntryPoint\",\"urlTemplate\":\"https:\/\/thedermacheck.com\/pl\/?s={search_term_string}\"},\"query-input\":{\"@type\":\"PropertyValueSpecification\",\"valueRequired\":true,\"valueName\":\"search_term_string\"}}],\"inLanguage\":\"pl-PL\"},{\"@type\":\"Organization\",\"@id\":\"https:\/\/thedermacheck.com\/pl\/#organization\",\"name\":\"The Derma Check\",\"url\":\"https:\/\/thedermacheck.com\/pl\/\",\"logo\":{\"@type\":\"ImageObject\",\"inLanguage\":\"pl-PL\",\"@id\":\"https:\/\/thedermacheck.com\/pl\/#\/schema\/logo\/image\/\",\"url\":\"https:\/\/thedermacheck.com\/wp-content\/uploads\/2023\/10\/cropped-THE-DERMA-CHECK-FAVICON-NEW-1.png\",\"contentUrl\":\"https:\/\/thedermacheck.com\/wp-content\/uploads\/2023\/10\/cropped-THE-DERMA-CHECK-FAVICON-NEW-1.png\",\"width\":512,\"height\":512,\"caption\":\"The Derma Check\"},\"image\":{\"@id\":\"https:\/\/thedermacheck.com\/pl\/#\/schema\/logo\/image\/\"}}]}<\/script>\n<!-- \/ Yoast SEO Premium plugin. -->","yoast_head_json":{"title":"Wazelina w produktach do piel\u0119gnacji sk\u00f3ry: Klasyk intensywnej piel\u0119gnacji | The Derma Check","robots":{"index":"index","follow":"follow","max-snippet":"max-snippet:-1","max-image-preview":"max-image-preview:large","max-video-preview":"max-video-preview:-1"},"canonical":"https:\/\/thedermacheck.com\/pl\/wazelina-w-produktach-do-pielegnacji-skory-klasyk-intensywnej-pielegnacji\/","og_locale":"pl_PL","og_type":"article","og_title":"Wazelina w produktach do piel\u0119gnacji sk\u00f3ry: Klasyk intensywnej piel\u0119gnacji","og_description":"Wazelina w piel\u0119gnacji sk\u00f3ry Co to jest wazelina? Wazelina, znana r\u00f3wnie\u017c jako Vaseline, jest produktem ubocznym rafinacji ropy naftowej i od dawna stanowi sk\u0142adnik produkt\u00f3w do piel\u0119gnacji sk\u00f3ry. Jego g\u0142\u00f3wn\u0105 funkcj\u0105 jest tworzenie warstwy ochronnej na sk\u00f3rze, kt\u00f3ra zatrzymuje wilgo\u0107 i chroni sk\u00f3r\u0119 przed czynnikami zewn\u0119trznymi. Korzy\u015bci wazeliny dla sk\u00f3ry Mo\u017cliwe skutki uboczne Zalecenia dotycz\u0105ce ... Mehr erfahren","og_url":"https:\/\/thedermacheck.com\/pl\/wazelina-w-produktach-do-pielegnacji-skory-klasyk-intensywnej-pielegnacji\/","og_site_name":"The Derma Check","article_modified_time":"2024-02-13T14:58:10+00:00","twitter_card":"summary_large_image","twitter_misc":{"Szacowany czas czytania":"2 minuty"},"schema":{"@context":"https:\/\/schema.org","@graph":[{"@type":"WebPage","@id":"https:\/\/thedermacheck.com\/pl\/wazelina-w-produktach-do-pielegnacji-skory-klasyk-intensywnej-pielegnacji\/","url":"https:\/\/thedermacheck.com\/pl\/wazelina-w-produktach-do-pielegnacji-skory-klasyk-intensywnej-pielegnacji\/","name":"Wazelina w produktach do piel\u0119gnacji sk\u00f3ry: Klasyk intensywnej piel\u0119gnacji | The Derma Check","isPartOf":{"@id":"https:\/\/thedermacheck.com\/pl\/#website"},"datePublished":"2023-12-19T14:28:27+00:00","dateModified":"2024-02-13T14:58:10+00:00","breadcrumb":{"@id":"https:\/\/thedermacheck.com\/pl\/wazelina-w-produktach-do-pielegnacji-skory-klasyk-intensywnej-pielegnacji\/#breadcrumb"},"inLanguage":"pl-PL","potentialAction":[{"@type":"ReadAction","target":["https:\/\/thedermacheck.com\/pl\/wazelina-w-produktach-do-pielegnacji-skory-klasyk-intensywnej-pielegnacji\/"]}]},{"@type":"BreadcrumbList","@id":"https:\/\/thedermacheck.com\/pl\/wazelina-w-produktach-do-pielegnacji-skory-klasyk-intensywnej-pielegnacji\/#breadcrumb","itemListElement":[{"@type":"ListItem","position":1,"name":"Derma Check","item":"https:\/\/thedermacheck.com\/pl\/"},{"@type":"ListItem","position":2,"name":"Wazelina w produktach do piel\u0119gnacji sk\u00f3ry: Klasyk intensywnej piel\u0119gnacji"}]},{"@type":"WebSite","@id":"https:\/\/thedermacheck.com\/pl\/#website","url":"https:\/\/thedermacheck.com\/pl\/","name":"The Derma Check","description":"","publisher":{"@id":"https:\/\/thedermacheck.com\/pl\/#organization"},"potentialAction":[{"@type":"SearchAction","target":{"@type":"EntryPoint","urlTemplate":"https:\/\/thedermacheck.com\/pl\/?s={search_term_string}"},"query-input":{"@type":"PropertyValueSpecification","valueRequired":true,"valueName":"search_term_string"}}],"inLanguage":"pl-PL"},{"@type":"Organization","@id":"https:\/\/thedermacheck.com\/pl\/#organization","name":"The Derma Check","url":"https:\/\/thedermacheck.com\/pl\/","logo":{"@type":"ImageObject","inLanguage":"pl-PL","@id":"https:\/\/thedermacheck.com\/pl\/#\/schema\/logo\/image\/","url":"https:\/\/thedermacheck.com\/wp-content\/uploads\/2023\/10\/cropped-THE-DERMA-CHECK-FAVICON-NEW-1.png","contentUrl":"https:\/\/thedermacheck.com\/wp-content\/uploads\/2023\/10\/cropped-THE-DERMA-CHECK-FAVICON-NEW-1.png","width":512,"height":512,"caption":"The Derma Check"},"image":{"@id":"https:\/\/thedermacheck.com\/pl\/#\/schema\/logo\/image\/"}}]}},"_links":{"self":[{"href":"https:\/\/thedermacheck.com\/pl\/wp-json\/wp\/v2\/pages\/3204","targetHints":{"allow":["GET"]}}],"collection":[{"href":"https:\/\/thedermacheck.com\/pl\/wp-json\/wp\/v2\/pages"}],"about":[{"href":"https:\/\/thedermacheck.com\/pl\/wp-json\/wp\/v2\/types\/page"}],"author":[{"embeddable":true,"href":"https:\/\/thedermacheck.com\/pl\/wp-json\/wp\/v2\/users\/2"}],"replies":[{"embeddable":true,"href":"https:\/\/thedermacheck.com\/pl\/wp-json\/wp\/v2\/comments?post=3204"}],"version-history":[{"count":1,"href":"https:\/\/thedermacheck.com\/pl\/wp-json\/wp\/v2\/pages\/3204\/revisions"}],"predecessor-version":[{"id":3205,"href":"https:\/\/thedermacheck.com\/pl\/wp-json\/wp\/v2\/pages\/3204\/revisions\/3205"}],"wp:attachment":[{"href":"https:\/\/thedermacheck.com\/pl\/wp-json\/wp\/v2\/media?parent=3204"}],"wp:term":[{"taxonomy":"category","embeddable":true,"href":"https:\/\/thedermacheck.com\/pl\/wp-json\/wp\/v2\/categories?post=3204"},{"taxonomy":"post_tag","embeddable":true,"href":"https:\/\/thedermacheck.com\/pl\/wp-json\/wp\/v2\/tags?post=3204"}],"curies":[{"name":"wp","href":"https:\/\/api.w.org\/{rel}","templated":true}]}}