{"id":3230,"date":"2023-12-19T14:27:18","date_gmt":"2023-12-19T14:27:18","guid":{"rendered":"https:\/\/thedermacheck.com\/oliwa-z-oliwek-w-produktach-do-pielegnacji-skory-naturalna-pielegnacja-dla-zdrowej-skory\/"},"modified":"2024-02-13T14:58:52","modified_gmt":"2024-02-13T14:58:52","slug":"oliwa-z-oliwek-w-produktach-do-pielegnacji-skory-naturalna-pielegnacja-dla-zdrowej-skory","status":"publish","type":"page","link":"https:\/\/thedermacheck.com\/pl\/oliwa-z-oliwek-w-produktach-do-pielegnacji-skory-naturalna-pielegnacja-dla-zdrowej-skory\/","title":{"rendered":"Oliwa z oliwek w produktach do piel\u0119gnacji sk\u00f3ry: Naturalna piel\u0119gnacja dla zdrowej sk\u00f3ry"},"content":{"rendered":"\n<p><strong>Oliwa z oliwek w piel\u0119gnacji sk\u00f3ry<\/strong><\/p>\n\n<ul class=\"wp-block-list\">\n<li><strong>Rodzaj sk\u0142adnika:<\/strong> Naturalny olej<\/li>\n\n\n\n<li><strong>G\u0142\u00f3wne korzy\u015bci:<\/strong> Nawil\u017caj\u0105cy, bogaty w przeciwutleniacze, wspomaga regeneracj\u0119 sk\u00f3ry<\/li>\n\n\n\n<li><strong>Idealny dla:<\/strong> Sk\u00f3ra sucha, sk\u00f3ra dojrza\u0142a, do og\u00f3lnej piel\u0119gnacji sk\u00f3ry<\/li>\n\n\n\n<li><strong>Cz\u0119stotliwo\u015b\u0107 stosowania:<\/strong> Codziennie, w zale\u017cno\u015bci od rodzaju sk\u00f3ry i produktu.<\/li>\n\n\n\n<li><strong>\u0141\u0105czy\u0107 z:<\/strong> Innymi naturalnymi olejkami i kremami nawil\u017caj\u0105cymi<\/li>\n\n\n\n<li><strong>Nie stosowa\u0107 z:<\/strong> Ostro\u017cnie stosowa\u0107 na sk\u00f3r\u0119 t\u0142ust\u0105 lub tr\u0105dzikow\u0105<\/li>\n<\/ul>\n\n<hr class=\"wp-block-separator has-alpha-channel-opacity\"\/>\n\n<h3 class=\"wp-block-heading\"><strong>Czym jest oliwa z oliwek?<\/strong><\/h3>\n\n<p>Oliwa z oliwek, pozyskiwana z owoc\u00f3w drzewa oliwnego, jest tradycyjnym produktem naturalnym stosowanym w piel\u0119gnacji sk\u00f3ry. Znany jest ze swoich w\u0142a\u015bciwo\u015bci nawil\u017caj\u0105cych oraz bogactwa przeciwutleniaczy i witamin.<\/p>\n\n<h3 class=\"wp-block-heading\"><strong>Korzy\u015bci oliwy z oliwek dla sk\u00f3ry<\/strong><\/h3>\n\n<ul class=\"wp-block-list\">\n<li><strong>Nawil\u017canie:<\/strong> Oliwa z oliwek pomaga g\u0142\u0119boko nawil\u017cy\u0107 sk\u00f3r\u0119 i zwalczy\u0107 sucho\u015b\u0107.<\/li>\n\n\n\n<li><strong>Bogaty w przeciwutleniacze:<\/strong> chroni sk\u00f3r\u0119 przed wolnymi rodnikami i wspomaga jej regeneracj\u0119.<\/li>\n\n\n\n<li><strong>Wspomaga regeneracj\u0119 sk\u00f3ry:<\/strong> Mo\u017ce wspomaga\u0107 gojenie drobnych uszkodze\u0144 sk\u00f3ry i poprawia\u0107 jej elastyczno\u015b\u0107.<\/li>\n<\/ul>\n\n<h3 class=\"wp-block-heading\"><strong>Mo\u017cliwe skutki uboczne<\/strong><\/h3>\n\n<ul class=\"wp-block-list\">\n<li><strong>Mo\u017ce zatyka\u0107 pory:<\/strong> W przypadku sk\u00f3ry t\u0142ustej lub tr\u0105dzikowej oliwa z oliwek mo\u017ce prowadzi\u0107 do zatykania por\u00f3w.<\/li>\n\n\n\n<li><strong>Reakcje alergiczne:<\/strong> Rzadko, ale mo\u017cliwe, szczeg\u00f3lnie w przypadku wra\u017cliwej sk\u00f3ry.<\/li>\n<\/ul>\n\n<h3 class=\"wp-block-heading\"><strong>Zalecenia dotycz\u0105ce stosowania<\/strong><\/h3>\n\n<ul class=\"wp-block-list\">\n<li><strong>Jako cz\u0119\u015b\u0107 codziennej rutyny:<\/strong> Mo\u017ce by\u0107 stosowany jako cz\u0119\u015b\u0107 codziennego kremu nawil\u017caj\u0105cego, szczeg\u00f3lnie w przypadku sk\u00f3ry suchej lub dojrza\u0142ej.<\/li>\n\n\n\n<li><strong>W po\u0142\u0105czeniu z innymi produktami:<\/strong> Oliwa z oliwek dobrze \u0142\u0105czy si\u0119 z innymi naturalnymi olejami i \u015brodkami nawil\u017caj\u0105cymi.<\/li>\n<\/ul>\n\n<h3 class=\"wp-block-heading\"><strong>Jak go nie u\u017cywa\u0107<\/strong><\/h3>\n\n<ul class=\"wp-block-list\">\n<li><strong>Nie stosowa\u0107 nadmiernie na sk\u00f3r\u0119 t\u0142ust\u0105:<\/strong> Oliwa z oliwek powinna by\u0107 stosowana tylko w niewielkich ilo\u015bciach na sk\u00f3r\u0119 tr\u0105dzikow\u0105 lub t\u0142ust\u0105.<\/li>\n\n\n\n<li><strong>Nie jako jedyny spos\u00f3b leczenia problem\u00f3w sk\u00f3rnych:<\/strong> Oliwa z oliwek nie zast\u0119puje medycznych metod leczenia sk\u00f3ry.<\/li>\n<\/ul>\n\n<h3 class=\"wp-block-heading\"><strong>FAQ<\/strong><\/h3>\n\n<p><strong>1 Dla kogo przeznaczona jest oliwa z oliwek?<\/strong>  Oliwa z oliwek jest doskona\u0142a dla sk\u00f3ry suchej i dojrza\u0142ej, ale powinna by\u0107 stosowana ostro\u017cnie w przypadku sk\u00f3ry t\u0142ustej.<\/p>\n\n<p><strong>2. Czy oliwa z oliwek mo\u017ce redukowa\u0107 zmarszczki?<\/strong>  Chocia\u017c mo\u017ce poprawi\u0107 elastyczno\u015b\u0107 sk\u00f3ry, nie zast\u0119puje zabieg\u00f3w przeciwstarzeniowych.<\/p>\n\n<p><strong>3. Czy oliwa z oliwek jest dobra do piel\u0119gnacji ust?<\/strong>  Tak, mo\u017ce by\u0107 stosowany jako naturalny balsam do ust w celu leczenia sucho\u015bci i p\u0119kania.<\/p>\n\n<h3 class=\"wp-block-heading\"><strong>Wnioski<\/strong><\/h3>\n\n<p>Oliwa z oliwek to wszechstronny i od\u017cywczy naturalny produkt do piel\u0119gnacji sk\u00f3ry, kt\u00f3ry jest szczeg\u00f3lnie skuteczny w przypadku sk\u00f3ry suchej i dojrza\u0142ej. Zapewnia g\u0142\u0119bokie nawil\u017cenie i ochron\u0119 przed czynnikami \u015brodowiskowymi. Prawid\u0142owo stosowany mo\u017ce by\u0107 cennym elementem codziennej piel\u0119gnacji sk\u00f3ry i pom\u00f3c utrzyma\u0107 j\u0105 w zdrowiu.<\/p>\n","protected":false},"excerpt":{"rendered":"<p>Oliwa z oliwek w piel\u0119gnacji sk\u00f3ry Czym jest oliwa z oliwek? Oliwa z oliwek, pozyskiwana z owoc\u00f3w drzewa oliwnego, jest tradycyjnym produktem naturalnym stosowanym w piel\u0119gnacji sk\u00f3ry. Znany jest ze swoich w\u0142a\u015bciwo\u015bci nawil\u017caj\u0105cych oraz bogactwa przeciwutleniaczy i witamin. Korzy\u015bci oliwy z oliwek dla sk\u00f3ry Mo\u017cliwe skutki uboczne Zalecenia dotycz\u0105ce stosowania Jak go nie u\u017cywa\u0107 FAQ &#8230; <a title=\"Oliwa z oliwek w produktach do piel\u0119gnacji sk\u00f3ry: Naturalna piel\u0119gnacja dla zdrowej sk\u00f3ry\" class=\"read-more\" href=\"https:\/\/thedermacheck.com\/pl\/oliwa-z-oliwek-w-produktach-do-pielegnacji-skory-naturalna-pielegnacja-dla-zdrowej-skory\/\" aria-label=\"Dowiedz si\u0119 wi\u0119cej o Oliwa z oliwek w produktach do piel\u0119gnacji sk\u00f3ry: Naturalna piel\u0119gnacja dla zdrowej sk\u00f3ry\">Mehr erfahren<\/a><\/p>\n","protected":false},"author":2,"featured_media":0,"parent":0,"menu_order":0,"comment_status":"closed","ping_status":"closed","template":"","meta":{"_acf_changed":false,"_lmt_disableupdate":"","_lmt_disable":"","footnotes":""},"categories":[42],"tags":[],"class_list":{"0":"post-3230","1":"page","2":"type-page","3":"status-publish","5":"category-skladniki"},"acf":[],"yoast_head":"<!-- This site is optimized with the Yoast SEO Premium plugin v25.7.1 (Yoast SEO v25.7) - https:\/\/yoast.com\/wordpress\/plugins\/seo\/ -->\n<title>Oliwa z oliwek w produktach do piel\u0119gnacji sk\u00f3ry: Naturalna piel\u0119gnacja dla zdrowej sk\u00f3ry | The Derma Check<\/title>\n<meta name=\"robots\" content=\"index, follow, max-snippet:-1, max-image-preview:large, max-video-preview:-1\" \/>\n<link rel=\"canonical\" href=\"https:\/\/thedermacheck.com\/pl\/oliwa-z-oliwek-w-produktach-do-pielegnacji-skory-naturalna-pielegnacja-dla-zdrowej-skory\/\" \/>\n<meta property=\"og:locale\" content=\"pl_PL\" \/>\n<meta property=\"og:type\" content=\"article\" \/>\n<meta property=\"og:title\" content=\"Oliwa z oliwek w produktach do piel\u0119gnacji sk\u00f3ry: Naturalna piel\u0119gnacja dla zdrowej sk\u00f3ry\" \/>\n<meta property=\"og:description\" content=\"Oliwa z oliwek w piel\u0119gnacji sk\u00f3ry Czym jest oliwa z oliwek? Oliwa z oliwek, pozyskiwana z owoc\u00f3w drzewa oliwnego, jest tradycyjnym produktem naturalnym stosowanym w piel\u0119gnacji sk\u00f3ry. Znany jest ze swoich w\u0142a\u015bciwo\u015bci nawil\u017caj\u0105cych oraz bogactwa przeciwutleniaczy i witamin. Korzy\u015bci oliwy z oliwek dla sk\u00f3ry Mo\u017cliwe skutki uboczne Zalecenia dotycz\u0105ce stosowania Jak go nie u\u017cywa\u0107 FAQ ... Mehr erfahren\" \/>\n<meta property=\"og:url\" content=\"https:\/\/thedermacheck.com\/pl\/oliwa-z-oliwek-w-produktach-do-pielegnacji-skory-naturalna-pielegnacja-dla-zdrowej-skory\/\" \/>\n<meta property=\"og:site_name\" content=\"The Derma Check\" \/>\n<meta property=\"article:modified_time\" content=\"2024-02-13T14:58:52+00:00\" \/>\n<meta name=\"twitter:card\" content=\"summary_large_image\" \/>\n<meta name=\"twitter:label1\" content=\"Szacowany czas czytania\" \/>\n\t<meta name=\"twitter:data1\" content=\"2 minuty\" \/>\n<script type=\"application\/ld+json\" class=\"yoast-schema-graph\">{\"@context\":\"https:\/\/schema.org\",\"@graph\":[{\"@type\":\"WebPage\",\"@id\":\"https:\/\/thedermacheck.com\/pl\/oliwa-z-oliwek-w-produktach-do-pielegnacji-skory-naturalna-pielegnacja-dla-zdrowej-skory\/\",\"url\":\"https:\/\/thedermacheck.com\/pl\/oliwa-z-oliwek-w-produktach-do-pielegnacji-skory-naturalna-pielegnacja-dla-zdrowej-skory\/\",\"name\":\"Oliwa z oliwek w produktach do piel\u0119gnacji sk\u00f3ry: Naturalna piel\u0119gnacja dla zdrowej sk\u00f3ry | The Derma Check\",\"isPartOf\":{\"@id\":\"https:\/\/thedermacheck.com\/pl\/#website\"},\"datePublished\":\"2023-12-19T14:27:18+00:00\",\"dateModified\":\"2024-02-13T14:58:52+00:00\",\"breadcrumb\":{\"@id\":\"https:\/\/thedermacheck.com\/pl\/oliwa-z-oliwek-w-produktach-do-pielegnacji-skory-naturalna-pielegnacja-dla-zdrowej-skory\/#breadcrumb\"},\"inLanguage\":\"pl-PL\",\"potentialAction\":[{\"@type\":\"ReadAction\",\"target\":[\"https:\/\/thedermacheck.com\/pl\/oliwa-z-oliwek-w-produktach-do-pielegnacji-skory-naturalna-pielegnacja-dla-zdrowej-skory\/\"]}]},{\"@type\":\"BreadcrumbList\",\"@id\":\"https:\/\/thedermacheck.com\/pl\/oliwa-z-oliwek-w-produktach-do-pielegnacji-skory-naturalna-pielegnacja-dla-zdrowej-skory\/#breadcrumb\",\"itemListElement\":[{\"@type\":\"ListItem\",\"position\":1,\"name\":\"Derma Check\",\"item\":\"https:\/\/thedermacheck.com\/pl\/\"},{\"@type\":\"ListItem\",\"position\":2,\"name\":\"Oliwa z oliwek w produktach do piel\u0119gnacji sk\u00f3ry: Naturalna piel\u0119gnacja dla zdrowej sk\u00f3ry\"}]},{\"@type\":\"WebSite\",\"@id\":\"https:\/\/thedermacheck.com\/pl\/#website\",\"url\":\"https:\/\/thedermacheck.com\/pl\/\",\"name\":\"The Derma Check\",\"description\":\"\",\"publisher\":{\"@id\":\"https:\/\/thedermacheck.com\/pl\/#organization\"},\"potentialAction\":[{\"@type\":\"SearchAction\",\"target\":{\"@type\":\"EntryPoint\",\"urlTemplate\":\"https:\/\/thedermacheck.com\/pl\/?s={search_term_string}\"},\"query-input\":{\"@type\":\"PropertyValueSpecification\",\"valueRequired\":true,\"valueName\":\"search_term_string\"}}],\"inLanguage\":\"pl-PL\"},{\"@type\":\"Organization\",\"@id\":\"https:\/\/thedermacheck.com\/pl\/#organization\",\"name\":\"The Derma Check\",\"url\":\"https:\/\/thedermacheck.com\/pl\/\",\"logo\":{\"@type\":\"ImageObject\",\"inLanguage\":\"pl-PL\",\"@id\":\"https:\/\/thedermacheck.com\/pl\/#\/schema\/logo\/image\/\",\"url\":\"https:\/\/thedermacheck.com\/wp-content\/uploads\/2023\/10\/cropped-THE-DERMA-CHECK-FAVICON-NEW-1.png\",\"contentUrl\":\"https:\/\/thedermacheck.com\/wp-content\/uploads\/2023\/10\/cropped-THE-DERMA-CHECK-FAVICON-NEW-1.png\",\"width\":512,\"height\":512,\"caption\":\"The Derma Check\"},\"image\":{\"@id\":\"https:\/\/thedermacheck.com\/pl\/#\/schema\/logo\/image\/\"}}]}<\/script>\n<!-- \/ Yoast SEO Premium plugin. -->","yoast_head_json":{"title":"Oliwa z oliwek w produktach do piel\u0119gnacji sk\u00f3ry: Naturalna piel\u0119gnacja dla zdrowej sk\u00f3ry | The Derma Check","robots":{"index":"index","follow":"follow","max-snippet":"max-snippet:-1","max-image-preview":"max-image-preview:large","max-video-preview":"max-video-preview:-1"},"canonical":"https:\/\/thedermacheck.com\/pl\/oliwa-z-oliwek-w-produktach-do-pielegnacji-skory-naturalna-pielegnacja-dla-zdrowej-skory\/","og_locale":"pl_PL","og_type":"article","og_title":"Oliwa z oliwek w produktach do piel\u0119gnacji sk\u00f3ry: Naturalna piel\u0119gnacja dla zdrowej sk\u00f3ry","og_description":"Oliwa z oliwek w piel\u0119gnacji sk\u00f3ry Czym jest oliwa z oliwek? Oliwa z oliwek, pozyskiwana z owoc\u00f3w drzewa oliwnego, jest tradycyjnym produktem naturalnym stosowanym w piel\u0119gnacji sk\u00f3ry. Znany jest ze swoich w\u0142a\u015bciwo\u015bci nawil\u017caj\u0105cych oraz bogactwa przeciwutleniaczy i witamin. Korzy\u015bci oliwy z oliwek dla sk\u00f3ry Mo\u017cliwe skutki uboczne Zalecenia dotycz\u0105ce stosowania Jak go nie u\u017cywa\u0107 FAQ ... Mehr erfahren","og_url":"https:\/\/thedermacheck.com\/pl\/oliwa-z-oliwek-w-produktach-do-pielegnacji-skory-naturalna-pielegnacja-dla-zdrowej-skory\/","og_site_name":"The Derma Check","article_modified_time":"2024-02-13T14:58:52+00:00","twitter_card":"summary_large_image","twitter_misc":{"Szacowany czas czytania":"2 minuty"},"schema":{"@context":"https:\/\/schema.org","@graph":[{"@type":"WebPage","@id":"https:\/\/thedermacheck.com\/pl\/oliwa-z-oliwek-w-produktach-do-pielegnacji-skory-naturalna-pielegnacja-dla-zdrowej-skory\/","url":"https:\/\/thedermacheck.com\/pl\/oliwa-z-oliwek-w-produktach-do-pielegnacji-skory-naturalna-pielegnacja-dla-zdrowej-skory\/","name":"Oliwa z oliwek w produktach do piel\u0119gnacji sk\u00f3ry: Naturalna piel\u0119gnacja dla zdrowej sk\u00f3ry | The Derma Check","isPartOf":{"@id":"https:\/\/thedermacheck.com\/pl\/#website"},"datePublished":"2023-12-19T14:27:18+00:00","dateModified":"2024-02-13T14:58:52+00:00","breadcrumb":{"@id":"https:\/\/thedermacheck.com\/pl\/oliwa-z-oliwek-w-produktach-do-pielegnacji-skory-naturalna-pielegnacja-dla-zdrowej-skory\/#breadcrumb"},"inLanguage":"pl-PL","potentialAction":[{"@type":"ReadAction","target":["https:\/\/thedermacheck.com\/pl\/oliwa-z-oliwek-w-produktach-do-pielegnacji-skory-naturalna-pielegnacja-dla-zdrowej-skory\/"]}]},{"@type":"BreadcrumbList","@id":"https:\/\/thedermacheck.com\/pl\/oliwa-z-oliwek-w-produktach-do-pielegnacji-skory-naturalna-pielegnacja-dla-zdrowej-skory\/#breadcrumb","itemListElement":[{"@type":"ListItem","position":1,"name":"Derma Check","item":"https:\/\/thedermacheck.com\/pl\/"},{"@type":"ListItem","position":2,"name":"Oliwa z oliwek w produktach do piel\u0119gnacji sk\u00f3ry: Naturalna piel\u0119gnacja dla zdrowej sk\u00f3ry"}]},{"@type":"WebSite","@id":"https:\/\/thedermacheck.com\/pl\/#website","url":"https:\/\/thedermacheck.com\/pl\/","name":"The Derma Check","description":"","publisher":{"@id":"https:\/\/thedermacheck.com\/pl\/#organization"},"potentialAction":[{"@type":"SearchAction","target":{"@type":"EntryPoint","urlTemplate":"https:\/\/thedermacheck.com\/pl\/?s={search_term_string}"},"query-input":{"@type":"PropertyValueSpecification","valueRequired":true,"valueName":"search_term_string"}}],"inLanguage":"pl-PL"},{"@type":"Organization","@id":"https:\/\/thedermacheck.com\/pl\/#organization","name":"The Derma Check","url":"https:\/\/thedermacheck.com\/pl\/","logo":{"@type":"ImageObject","inLanguage":"pl-PL","@id":"https:\/\/thedermacheck.com\/pl\/#\/schema\/logo\/image\/","url":"https:\/\/thedermacheck.com\/wp-content\/uploads\/2023\/10\/cropped-THE-DERMA-CHECK-FAVICON-NEW-1.png","contentUrl":"https:\/\/thedermacheck.com\/wp-content\/uploads\/2023\/10\/cropped-THE-DERMA-CHECK-FAVICON-NEW-1.png","width":512,"height":512,"caption":"The Derma Check"},"image":{"@id":"https:\/\/thedermacheck.com\/pl\/#\/schema\/logo\/image\/"}}]}},"_links":{"self":[{"href":"https:\/\/thedermacheck.com\/pl\/wp-json\/wp\/v2\/pages\/3230","targetHints":{"allow":["GET"]}}],"collection":[{"href":"https:\/\/thedermacheck.com\/pl\/wp-json\/wp\/v2\/pages"}],"about":[{"href":"https:\/\/thedermacheck.com\/pl\/wp-json\/wp\/v2\/types\/page"}],"author":[{"embeddable":true,"href":"https:\/\/thedermacheck.com\/pl\/wp-json\/wp\/v2\/users\/2"}],"replies":[{"embeddable":true,"href":"https:\/\/thedermacheck.com\/pl\/wp-json\/wp\/v2\/comments?post=3230"}],"version-history":[{"count":1,"href":"https:\/\/thedermacheck.com\/pl\/wp-json\/wp\/v2\/pages\/3230\/revisions"}],"predecessor-version":[{"id":3231,"href":"https:\/\/thedermacheck.com\/pl\/wp-json\/wp\/v2\/pages\/3230\/revisions\/3231"}],"wp:attachment":[{"href":"https:\/\/thedermacheck.com\/pl\/wp-json\/wp\/v2\/media?parent=3230"}],"wp:term":[{"taxonomy":"category","embeddable":true,"href":"https:\/\/thedermacheck.com\/pl\/wp-json\/wp\/v2\/categories?post=3230"},{"taxonomy":"post_tag","embeddable":true,"href":"https:\/\/thedermacheck.com\/pl\/wp-json\/wp\/v2\/tags?post=3230"}],"curies":[{"name":"wp","href":"https:\/\/api.w.org\/{rel}","templated":true}]}}