{"id":3274,"date":"2023-12-19T14:24:33","date_gmt":"2023-12-19T14:24:33","guid":{"rendered":"https:\/\/thedermacheck.com\/kwas-migdalowy-w-produktach-do-pielegnacji-skory-delikatny-ale-skuteczny-skladnik-aktywny\/"},"modified":"2024-02-13T15:01:08","modified_gmt":"2024-02-13T15:01:08","slug":"kwas-migdalowy-w-produktach-do-pielegnacji-skory-delikatny-ale-skuteczny-skladnik-aktywny","status":"publish","type":"page","link":"https:\/\/thedermacheck.com\/pl\/kwas-migdalowy-w-produktach-do-pielegnacji-skory-delikatny-ale-skuteczny-skladnik-aktywny\/","title":{"rendered":"Kwas migda\u0142owy w produktach do piel\u0119gnacji sk\u00f3ry: Delikatny, ale skuteczny sk\u0142adnik aktywny"},"content":{"rendered":"\n<p><strong>Kwas migda\u0142owy w piel\u0119gnacji sk\u00f3ry<\/strong><\/p>\n\n<ul class=\"wp-block-list\">\n<li><strong>Rodzaj sk\u0142adnika:<\/strong> alfa-hydroksykwas (AHA)<\/li>\n\n\n\n<li><strong>G\u0142\u00f3wne korzy\u015bci:<\/strong> Wspomaga odnow\u0119 kom\u00f3rkow\u0105, redukuje przebarwienia, drobne zmarszczki i tr\u0105dzik<\/li>\n\n\n\n<li><strong>Idealny dla:<\/strong> Sk\u00f3ra wra\u017cliwa, sk\u00f3ra dojrza\u0142a, nier\u00f3wny koloryt sk\u00f3ry<\/li>\n\n\n\n<li><strong>Cz\u0119stotliwo\u015b\u0107 stosowania:<\/strong> w zale\u017cno\u015bci od produktu i tolerancji sk\u00f3ry.<\/li>\n\n\n\n<li><strong>Po\u0142\u0105cz z:<\/strong> Kremami nawil\u017caj\u0105cymi, ochron\u0105 przeciws\u0142oneczn\u0105<\/li>\n\n\n\n<li><strong>Nie stosowa\u0107 z:<\/strong> Innymi silnymi \u015brodkami z\u0142uszczaj\u0105cymi bez porady lekarza<\/li>\n<\/ul>\n\n<hr class=\"wp-block-separator has-alpha-channel-opacity\"\/>\n\n<h3 class=\"wp-block-heading\"><strong>Czym jest kwas migda\u0142owy?<\/strong><\/h3>\n\n<p>Kwas migda\u0142owy, \u0142agodny alfa-hydroksykwas, pozyskiwany jest z gorzkich migda\u0142\u00f3w. Jest znany ze swojego delikatnego, ale skutecznego dzia\u0142ania z\u0142uszczaj\u0105cego i jest cz\u0119sto stosowany w produktach do piel\u0119gnacji sk\u00f3ry wra\u017cliwej.<\/p>\n\n<h3 class=\"wp-block-heading\"><strong>Korzy\u015bci kwasu migda\u0142owego dla sk\u00f3ry<\/strong><\/h3>\n\n<ul class=\"wp-block-list\">\n<li><strong>Delikatne z\u0142uszczanie:<\/strong> wspomaga usuwanie martwych kom\u00f3rek nask\u00f3rka, dzi\u0119ki czemu cera staje si\u0119 \u015bwie\u017csza i bardziej promienna.<\/li>\n\n\n\n<li><strong>Redukcja przebarwie\u0144:<\/strong> Pomaga zredukowa\u0107 ciemne plamy i plamy starcze oraz zapewnia bardziej r\u00f3wnomierny koloryt sk\u00f3ry.<\/li>\n\n\n\n<li><strong>Poprawa tr\u0105dziku:<\/strong> Mo\u017ce zmniejszy\u0107 cz\u0119stotliwo\u015b\u0107 wyprysk\u00f3w tr\u0105dzikowych przy regularnym stosowaniu.<\/li>\n<\/ul>\n\n<h3 class=\"wp-block-heading\"><strong>Mo\u017cliwe skutki uboczne<\/strong><\/h3>\n\n<ul class=\"wp-block-list\">\n<li><strong>Podra\u017cnienie sk\u00f3ry:<\/strong> Nadmierne u\u017cycie lub bardzo wra\u017cliwa sk\u00f3ra mog\u0105 powodowa\u0107 zaczerwienienie i podra\u017cnienie.<\/li>\n\n\n\n<li><strong>Zwi\u0119kszona wra\u017cliwo\u015b\u0107 na s\u0142o\u0144ce:<\/strong> Podobnie jak w przypadku wszystkich kwas\u00f3w AHA, kwas migda\u0142owy zwi\u0119ksza wra\u017cliwo\u015b\u0107 sk\u00f3ry na promienie UV, dlatego wa\u017cne jest stosowanie ochrony przeciws\u0142onecznej.<\/li>\n<\/ul>\n\n<h3 class=\"wp-block-heading\"><strong>Zalecenia dotycz\u0105ce stosowania<\/strong><\/h3>\n\n<ul class=\"wp-block-list\">\n<li>W <strong>zale\u017cno\u015bci od sk\u0142adu produktu:<\/strong> kwas migda\u0142owy mo\u017cna znale\u017a\u0107 w serum, kremach i specjalnych produktach piel\u0119gnacyjnych. Nale\u017cy go u\u017cywa\u0107 zgodnie z instrukcjami dotycz\u0105cymi danego produktu.<\/li>\n\n\n\n<li><strong>Ochrona przeciws\u0142oneczna jest konieczno\u015bci\u0105:<\/strong> Ze wzgl\u0119du na zwi\u0119kszon\u0105 wra\u017cliwo\u015b\u0107 na promieniowanie UV, w ci\u0105gu dnia nale\u017cy zawsze stosowa\u0107 filtry przeciws\u0142oneczne.<\/li>\n<\/ul>\n\n<h3 class=\"wp-block-heading\"><strong>Jak go nie u\u017cywa\u0107<\/strong><\/h3>\n\n<ul class=\"wp-block-list\">\n<li><strong>Nie stosowa\u0107 w po\u0142\u0105czeniu z innymi silnymi \u015brodkami z\u0142uszczaj\u0105cymi:<\/strong> Nale\u017cy unika\u0107 jednoczesnego stosowania kwasu migda\u0142owego z innymi silnymi kwasami lub \u015brodkami z\u0142uszczaj\u0105cymi bez konsultacji lekarskiej.<\/li>\n\n\n\n<li><strong>Nie stosowa\u0107 na podra\u017cnion\u0105 lub zranion\u0105 sk\u00f3r\u0119:<\/strong> Kwas migda\u0142owy nie powinien by\u0107 stosowany na otwarte rany lub silnie zaognion\u0105 sk\u00f3r\u0119.<\/li>\n<\/ul>\n\n<h3 class=\"wp-block-heading\"><strong>FAQ<\/strong><\/h3>\n\n<p><strong>1 Dla kogo przeznaczony jest kwas migda\u0142owy?<\/strong>  Idealny dla os\u00f3b o wra\u017cliwej sk\u00f3rze, kt\u00f3re chc\u0105 skorzysta\u0107 z delikatnego z\u0142uszczania.<\/p>\n\n<p><strong>2 Jak cz\u0119sto nale\u017cy stosowa\u0107 kwas migda\u0142owy?<\/strong>  Cz\u0119stotliwo\u015b\u0107 stosowania zale\u017cy od sk\u0142adu produktu i indywidualnej tolerancji sk\u00f3ry.<\/p>\n\n<p><strong>3. czy kwas migda\u0142owy mo\u017ce pom\u00f3c w leczeniu tr\u0105dziku?<\/strong>  Tak, ze wzgl\u0119du na delikatne dzia\u0142anie z\u0142uszczaj\u0105ce, mo\u017ce mie\u0107 dzia\u0142anie wspomagaj\u0105ce w leczeniu tr\u0105dziku.<\/p>\n\n<h3 class=\"wp-block-heading\"><strong>Wnioski<\/strong><\/h3>\n\n<p>Kwas migda\u0142owy to doskona\u0142y sk\u0142adnik dla os\u00f3b poszukuj\u0105cych delikatnego, ale skutecznego z\u0142uszczania. Jest szczeg\u00f3lnie odpowiedni dla wra\u017cliwych typ\u00f3w sk\u00f3ry i mo\u017ce przyczyni\u0107 si\u0119 do ja\u015bniejszej, bardziej wyr\u00f3wnanej cery przy regularnym stosowaniu. Podobnie jak w przypadku wszystkich sk\u0142adnik\u00f3w aktywnych, prawid\u0142owe stosowanie i uwzgl\u0119dnienie indywidualnej wra\u017cliwo\u015bci sk\u00f3ry jest wa\u017cne dla uzyskania najlepszych rezultat\u00f3w.<\/p>\n","protected":false},"excerpt":{"rendered":"<p>Kwas migda\u0142owy w piel\u0119gnacji sk\u00f3ry Czym jest kwas migda\u0142owy? Kwas migda\u0142owy, \u0142agodny alfa-hydroksykwas, pozyskiwany jest z gorzkich migda\u0142\u00f3w. Jest znany ze swojego delikatnego, ale skutecznego dzia\u0142ania z\u0142uszczaj\u0105cego i jest cz\u0119sto stosowany w produktach do piel\u0119gnacji sk\u00f3ry wra\u017cliwej. Korzy\u015bci kwasu migda\u0142owego dla sk\u00f3ry Mo\u017cliwe skutki uboczne Zalecenia dotycz\u0105ce stosowania Jak go nie u\u017cywa\u0107 FAQ 1 Dla &#8230; <a title=\"Kwas migda\u0142owy w produktach do piel\u0119gnacji sk\u00f3ry: Delikatny, ale skuteczny sk\u0142adnik aktywny\" class=\"read-more\" href=\"https:\/\/thedermacheck.com\/pl\/kwas-migdalowy-w-produktach-do-pielegnacji-skory-delikatny-ale-skuteczny-skladnik-aktywny\/\" aria-label=\"Dowiedz si\u0119 wi\u0119cej o Kwas migda\u0142owy w produktach do piel\u0119gnacji sk\u00f3ry: Delikatny, ale skuteczny sk\u0142adnik aktywny\">Mehr erfahren<\/a><\/p>\n","protected":false},"author":2,"featured_media":0,"parent":0,"menu_order":0,"comment_status":"closed","ping_status":"closed","template":"","meta":{"_acf_changed":false,"_lmt_disableupdate":"","_lmt_disable":"","footnotes":""},"categories":[42],"tags":[],"class_list":{"0":"post-3274","1":"page","2":"type-page","3":"status-publish","5":"category-skladniki"},"acf":[],"yoast_head":"<!-- This site is optimized with the Yoast SEO Premium plugin v25.7.1 (Yoast SEO v25.7) - https:\/\/yoast.com\/wordpress\/plugins\/seo\/ -->\n<title>Kwas migda\u0142owy w produktach do piel\u0119gnacji sk\u00f3ry: Delikatny, ale skuteczny sk\u0142adnik aktywny | The Derma Check<\/title>\n<meta name=\"robots\" content=\"index, follow, max-snippet:-1, max-image-preview:large, max-video-preview:-1\" \/>\n<link rel=\"canonical\" href=\"https:\/\/thedermacheck.com\/pl\/kwas-migdalowy-w-produktach-do-pielegnacji-skory-delikatny-ale-skuteczny-skladnik-aktywny\/\" \/>\n<meta property=\"og:locale\" content=\"pl_PL\" \/>\n<meta property=\"og:type\" content=\"article\" \/>\n<meta property=\"og:title\" content=\"Kwas migda\u0142owy w produktach do piel\u0119gnacji sk\u00f3ry: Delikatny, ale skuteczny sk\u0142adnik aktywny\" \/>\n<meta property=\"og:description\" content=\"Kwas migda\u0142owy w piel\u0119gnacji sk\u00f3ry Czym jest kwas migda\u0142owy? Kwas migda\u0142owy, \u0142agodny alfa-hydroksykwas, pozyskiwany jest z gorzkich migda\u0142\u00f3w. Jest znany ze swojego delikatnego, ale skutecznego dzia\u0142ania z\u0142uszczaj\u0105cego i jest cz\u0119sto stosowany w produktach do piel\u0119gnacji sk\u00f3ry wra\u017cliwej. Korzy\u015bci kwasu migda\u0142owego dla sk\u00f3ry Mo\u017cliwe skutki uboczne Zalecenia dotycz\u0105ce stosowania Jak go nie u\u017cywa\u0107 FAQ 1 Dla ... Mehr erfahren\" \/>\n<meta property=\"og:url\" content=\"https:\/\/thedermacheck.com\/pl\/kwas-migdalowy-w-produktach-do-pielegnacji-skory-delikatny-ale-skuteczny-skladnik-aktywny\/\" \/>\n<meta property=\"og:site_name\" content=\"The Derma Check\" \/>\n<meta property=\"article:modified_time\" content=\"2024-02-13T15:01:08+00:00\" \/>\n<meta name=\"twitter:card\" content=\"summary_large_image\" \/>\n<meta name=\"twitter:label1\" content=\"Szacowany czas czytania\" \/>\n\t<meta name=\"twitter:data1\" content=\"3 minuty\" \/>\n<script type=\"application\/ld+json\" class=\"yoast-schema-graph\">{\"@context\":\"https:\/\/schema.org\",\"@graph\":[{\"@type\":\"WebPage\",\"@id\":\"https:\/\/thedermacheck.com\/pl\/kwas-migdalowy-w-produktach-do-pielegnacji-skory-delikatny-ale-skuteczny-skladnik-aktywny\/\",\"url\":\"https:\/\/thedermacheck.com\/pl\/kwas-migdalowy-w-produktach-do-pielegnacji-skory-delikatny-ale-skuteczny-skladnik-aktywny\/\",\"name\":\"Kwas migda\u0142owy w produktach do piel\u0119gnacji sk\u00f3ry: Delikatny, ale skuteczny sk\u0142adnik aktywny | The Derma Check\",\"isPartOf\":{\"@id\":\"https:\/\/thedermacheck.com\/pl\/#website\"},\"datePublished\":\"2023-12-19T14:24:33+00:00\",\"dateModified\":\"2024-02-13T15:01:08+00:00\",\"breadcrumb\":{\"@id\":\"https:\/\/thedermacheck.com\/pl\/kwas-migdalowy-w-produktach-do-pielegnacji-skory-delikatny-ale-skuteczny-skladnik-aktywny\/#breadcrumb\"},\"inLanguage\":\"pl-PL\",\"potentialAction\":[{\"@type\":\"ReadAction\",\"target\":[\"https:\/\/thedermacheck.com\/pl\/kwas-migdalowy-w-produktach-do-pielegnacji-skory-delikatny-ale-skuteczny-skladnik-aktywny\/\"]}]},{\"@type\":\"BreadcrumbList\",\"@id\":\"https:\/\/thedermacheck.com\/pl\/kwas-migdalowy-w-produktach-do-pielegnacji-skory-delikatny-ale-skuteczny-skladnik-aktywny\/#breadcrumb\",\"itemListElement\":[{\"@type\":\"ListItem\",\"position\":1,\"name\":\"Derma Check\",\"item\":\"https:\/\/thedermacheck.com\/pl\/\"},{\"@type\":\"ListItem\",\"position\":2,\"name\":\"Kwas migda\u0142owy w produktach do piel\u0119gnacji sk\u00f3ry: Delikatny, ale skuteczny sk\u0142adnik aktywny\"}]},{\"@type\":\"WebSite\",\"@id\":\"https:\/\/thedermacheck.com\/pl\/#website\",\"url\":\"https:\/\/thedermacheck.com\/pl\/\",\"name\":\"The Derma Check\",\"description\":\"\",\"publisher\":{\"@id\":\"https:\/\/thedermacheck.com\/pl\/#organization\"},\"potentialAction\":[{\"@type\":\"SearchAction\",\"target\":{\"@type\":\"EntryPoint\",\"urlTemplate\":\"https:\/\/thedermacheck.com\/pl\/?s={search_term_string}\"},\"query-input\":{\"@type\":\"PropertyValueSpecification\",\"valueRequired\":true,\"valueName\":\"search_term_string\"}}],\"inLanguage\":\"pl-PL\"},{\"@type\":\"Organization\",\"@id\":\"https:\/\/thedermacheck.com\/pl\/#organization\",\"name\":\"The Derma Check\",\"url\":\"https:\/\/thedermacheck.com\/pl\/\",\"logo\":{\"@type\":\"ImageObject\",\"inLanguage\":\"pl-PL\",\"@id\":\"https:\/\/thedermacheck.com\/pl\/#\/schema\/logo\/image\/\",\"url\":\"https:\/\/thedermacheck.com\/wp-content\/uploads\/2023\/10\/cropped-THE-DERMA-CHECK-FAVICON-NEW-1.png\",\"contentUrl\":\"https:\/\/thedermacheck.com\/wp-content\/uploads\/2023\/10\/cropped-THE-DERMA-CHECK-FAVICON-NEW-1.png\",\"width\":512,\"height\":512,\"caption\":\"The Derma Check\"},\"image\":{\"@id\":\"https:\/\/thedermacheck.com\/pl\/#\/schema\/logo\/image\/\"}}]}<\/script>\n<!-- \/ Yoast SEO Premium plugin. -->","yoast_head_json":{"title":"Kwas migda\u0142owy w produktach do piel\u0119gnacji sk\u00f3ry: Delikatny, ale skuteczny sk\u0142adnik aktywny | The Derma Check","robots":{"index":"index","follow":"follow","max-snippet":"max-snippet:-1","max-image-preview":"max-image-preview:large","max-video-preview":"max-video-preview:-1"},"canonical":"https:\/\/thedermacheck.com\/pl\/kwas-migdalowy-w-produktach-do-pielegnacji-skory-delikatny-ale-skuteczny-skladnik-aktywny\/","og_locale":"pl_PL","og_type":"article","og_title":"Kwas migda\u0142owy w produktach do piel\u0119gnacji sk\u00f3ry: Delikatny, ale skuteczny sk\u0142adnik aktywny","og_description":"Kwas migda\u0142owy w piel\u0119gnacji sk\u00f3ry Czym jest kwas migda\u0142owy? Kwas migda\u0142owy, \u0142agodny alfa-hydroksykwas, pozyskiwany jest z gorzkich migda\u0142\u00f3w. Jest znany ze swojego delikatnego, ale skutecznego dzia\u0142ania z\u0142uszczaj\u0105cego i jest cz\u0119sto stosowany w produktach do piel\u0119gnacji sk\u00f3ry wra\u017cliwej. Korzy\u015bci kwasu migda\u0142owego dla sk\u00f3ry Mo\u017cliwe skutki uboczne Zalecenia dotycz\u0105ce stosowania Jak go nie u\u017cywa\u0107 FAQ 1 Dla ... Mehr erfahren","og_url":"https:\/\/thedermacheck.com\/pl\/kwas-migdalowy-w-produktach-do-pielegnacji-skory-delikatny-ale-skuteczny-skladnik-aktywny\/","og_site_name":"The Derma Check","article_modified_time":"2024-02-13T15:01:08+00:00","twitter_card":"summary_large_image","twitter_misc":{"Szacowany czas czytania":"3 minuty"},"schema":{"@context":"https:\/\/schema.org","@graph":[{"@type":"WebPage","@id":"https:\/\/thedermacheck.com\/pl\/kwas-migdalowy-w-produktach-do-pielegnacji-skory-delikatny-ale-skuteczny-skladnik-aktywny\/","url":"https:\/\/thedermacheck.com\/pl\/kwas-migdalowy-w-produktach-do-pielegnacji-skory-delikatny-ale-skuteczny-skladnik-aktywny\/","name":"Kwas migda\u0142owy w produktach do piel\u0119gnacji sk\u00f3ry: Delikatny, ale skuteczny sk\u0142adnik aktywny | The Derma Check","isPartOf":{"@id":"https:\/\/thedermacheck.com\/pl\/#website"},"datePublished":"2023-12-19T14:24:33+00:00","dateModified":"2024-02-13T15:01:08+00:00","breadcrumb":{"@id":"https:\/\/thedermacheck.com\/pl\/kwas-migdalowy-w-produktach-do-pielegnacji-skory-delikatny-ale-skuteczny-skladnik-aktywny\/#breadcrumb"},"inLanguage":"pl-PL","potentialAction":[{"@type":"ReadAction","target":["https:\/\/thedermacheck.com\/pl\/kwas-migdalowy-w-produktach-do-pielegnacji-skory-delikatny-ale-skuteczny-skladnik-aktywny\/"]}]},{"@type":"BreadcrumbList","@id":"https:\/\/thedermacheck.com\/pl\/kwas-migdalowy-w-produktach-do-pielegnacji-skory-delikatny-ale-skuteczny-skladnik-aktywny\/#breadcrumb","itemListElement":[{"@type":"ListItem","position":1,"name":"Derma Check","item":"https:\/\/thedermacheck.com\/pl\/"},{"@type":"ListItem","position":2,"name":"Kwas migda\u0142owy w produktach do piel\u0119gnacji sk\u00f3ry: Delikatny, ale skuteczny sk\u0142adnik aktywny"}]},{"@type":"WebSite","@id":"https:\/\/thedermacheck.com\/pl\/#website","url":"https:\/\/thedermacheck.com\/pl\/","name":"The Derma Check","description":"","publisher":{"@id":"https:\/\/thedermacheck.com\/pl\/#organization"},"potentialAction":[{"@type":"SearchAction","target":{"@type":"EntryPoint","urlTemplate":"https:\/\/thedermacheck.com\/pl\/?s={search_term_string}"},"query-input":{"@type":"PropertyValueSpecification","valueRequired":true,"valueName":"search_term_string"}}],"inLanguage":"pl-PL"},{"@type":"Organization","@id":"https:\/\/thedermacheck.com\/pl\/#organization","name":"The Derma Check","url":"https:\/\/thedermacheck.com\/pl\/","logo":{"@type":"ImageObject","inLanguage":"pl-PL","@id":"https:\/\/thedermacheck.com\/pl\/#\/schema\/logo\/image\/","url":"https:\/\/thedermacheck.com\/wp-content\/uploads\/2023\/10\/cropped-THE-DERMA-CHECK-FAVICON-NEW-1.png","contentUrl":"https:\/\/thedermacheck.com\/wp-content\/uploads\/2023\/10\/cropped-THE-DERMA-CHECK-FAVICON-NEW-1.png","width":512,"height":512,"caption":"The Derma Check"},"image":{"@id":"https:\/\/thedermacheck.com\/pl\/#\/schema\/logo\/image\/"}}]}},"_links":{"self":[{"href":"https:\/\/thedermacheck.com\/pl\/wp-json\/wp\/v2\/pages\/3274","targetHints":{"allow":["GET"]}}],"collection":[{"href":"https:\/\/thedermacheck.com\/pl\/wp-json\/wp\/v2\/pages"}],"about":[{"href":"https:\/\/thedermacheck.com\/pl\/wp-json\/wp\/v2\/types\/page"}],"author":[{"embeddable":true,"href":"https:\/\/thedermacheck.com\/pl\/wp-json\/wp\/v2\/users\/2"}],"replies":[{"embeddable":true,"href":"https:\/\/thedermacheck.com\/pl\/wp-json\/wp\/v2\/comments?post=3274"}],"version-history":[{"count":1,"href":"https:\/\/thedermacheck.com\/pl\/wp-json\/wp\/v2\/pages\/3274\/revisions"}],"predecessor-version":[{"id":3275,"href":"https:\/\/thedermacheck.com\/pl\/wp-json\/wp\/v2\/pages\/3274\/revisions\/3275"}],"wp:attachment":[{"href":"https:\/\/thedermacheck.com\/pl\/wp-json\/wp\/v2\/media?parent=3274"}],"wp:term":[{"taxonomy":"category","embeddable":true,"href":"https:\/\/thedermacheck.com\/pl\/wp-json\/wp\/v2\/categories?post=3274"},{"taxonomy":"post_tag","embeddable":true,"href":"https:\/\/thedermacheck.com\/pl\/wp-json\/wp\/v2\/tags?post=3274"}],"curies":[{"name":"wp","href":"https:\/\/api.w.org\/{rel}","templated":true}]}}