{"id":3288,"date":"2023-12-19T14:23:52","date_gmt":"2023-12-19T14:23:52","guid":{"rendered":"https:\/\/thedermacheck.com\/olejek-lawendowy-w-produktach-do-pielegnacji-skory-kojaca-naturalna-moc-dla-skory\/"},"modified":"2024-02-13T15:01:19","modified_gmt":"2024-02-13T15:01:19","slug":"olejek-lawendowy-w-produktach-do-pielegnacji-skory-kojaca-naturalna-moc-dla-skory","status":"publish","type":"page","link":"https:\/\/thedermacheck.com\/pl\/olejek-lawendowy-w-produktach-do-pielegnacji-skory-kojaca-naturalna-moc-dla-skory\/","title":{"rendered":"Olejek lawendowy w produktach do piel\u0119gnacji sk\u00f3ry: Koj\u0105ca naturalna moc dla sk\u00f3ry"},"content":{"rendered":"\n<p><strong>Olejek lawendowy w piel\u0119gnacji sk\u00f3ry<\/strong><\/p>\n\n<ul class=\"wp-block-list\">\n<li><strong>Rodzaj sk\u0142adnika:<\/strong> Olejek eteryczny<\/li>\n\n\n\n<li><strong>G\u0142\u00f3wne korzy\u015bci:<\/strong> \u0141agodzi sk\u00f3r\u0119, dzia\u0142a przeciwzapalnie i antybakteryjnie<\/li>\n\n\n\n<li><strong>Idealny dla:<\/strong> Sk\u00f3ry wra\u017cliwej, w celu odpr\u0119\u017cenia i poprawy cery<\/li>\n\n\n\n<li><strong>Cz\u0119stotliwo\u015b\u0107 stosowania:<\/strong> W zale\u017cno\u015bci od potrzeb, najlepiej wieczorem.<\/li>\n\n\n\n<li><strong>Po\u0142\u0105cz z:<\/strong> Lekkimi kremami nawil\u017caj\u0105cymi i olejkami<\/li>\n\n\n\n<li><strong>Nie stosowa\u0107 z:<\/strong> Wysoko st\u0119\u017conymi kwasami lub retinoidami<\/li>\n<\/ul>\n\n<hr class=\"wp-block-separator has-alpha-channel-opacity\"\/>\n\n<h3 class=\"wp-block-heading\"><strong>Czym jest olejek lawendowy?<\/strong><\/h3>\n\n<p>Olejek lawendowy, pozyskiwany z kwiat\u00f3w lawendy, to olejek eteryczny znany w piel\u0119gnacji sk\u00f3ry ze swoich w\u0142a\u015bciwo\u015bci koj\u0105cych i przeciwzapalnych. Jest cz\u0119sto stosowany w produktach \u0142agodz\u0105cych wra\u017cliw\u0105 sk\u00f3r\u0119 i sprzyjaj\u0105cych relaksacji.<\/p>\n\n<h3 class=\"wp-block-heading\"><strong>Korzy\u015bci olejku lawendowego dla sk\u00f3ry<\/strong><\/h3>\n\n<ul class=\"wp-block-list\">\n<li><strong>Dzia\u0142anie \u0142agodz\u0105ce:<\/strong> Olejek lawendowy mo\u017ce pom\u00f3c z\u0142agodzi\u0107 podra\u017cnienia i uspokoi\u0107 sk\u00f3r\u0119.<\/li>\n\n\n\n<li><strong>Przeciwzapalne i antybakteryjne:<\/strong> Idealne do leczenia drobnych stan\u00f3w zapalnych sk\u00f3ry i wspomagania jej regeneracji.<\/li>\n\n\n\n<li><strong>Promowanie dobrego samopoczucia:<\/strong> Zapach olejku lawendowego ma dzia\u0142anie relaksuj\u0105ce, kt\u00f3re wspomaga og\u00f3lne samopoczucie.<\/li>\n<\/ul>\n\n<h3 class=\"wp-block-heading\"><strong>Mo\u017cliwe skutki uboczne<\/strong><\/h3>\n\n<ul class=\"wp-block-list\">\n<li><strong>Reakcje alergiczne:<\/strong> Podobnie jak w przypadku wszystkich olejk\u00f3w eterycznych, u niekt\u00f3rych os\u00f3b mog\u0105 wyst\u0105pi\u0107 reakcje alergiczne.<\/li>\n\n\n\n<li><strong>Podra\u017cnienie sk\u00f3ry:<\/strong> Podra\u017cnienie sk\u00f3ry mo\u017ce wyst\u0105pi\u0107, je\u015bli produkt jest stosowany w zbyt skoncentrowanej ilo\u015bci lub je\u015bli sk\u00f3ra jest wra\u017cliwa.<\/li>\n<\/ul>\n\n<h3 class=\"wp-block-heading\"><strong>Zalecenia dotycz\u0105ce stosowania<\/strong><\/h3>\n\n<ul class=\"wp-block-list\">\n<li><strong>Rozcie\u0144czone stosowanie:<\/strong> Olejek lawendowy nigdy nie powinien by\u0107 stosowany na sk\u00f3r\u0119 w postaci nierozcie\u0144czonej. Najlepiej stosowa\u0107 go w postaci rozcie\u0144czonej lub jako cz\u0119\u015b\u0107 kremu lub olejku.<\/li>\n\n\n\n<li><strong>Stosowanie wieczorem:<\/strong> Ze wzgl\u0119du na relaksuj\u0105ce dzia\u0142anie, idealnie jest stosowa\u0107 produkty z olejkiem lawendowym wieczorem.<\/li>\n<\/ul>\n\n<h3 class=\"wp-block-heading\"><strong>Jak go nie u\u017cywa\u0107<\/strong><\/h3>\n\n<ul class=\"wp-block-list\">\n<li><strong>Nie w po\u0142\u0105czeniu z silnymi kwasami lub retinoidami:<\/strong> Nale\u017cy unika\u0107 \u0142\u0105czenia olejku lawendowego z silnie st\u0119\u017conymi kwasami lub retinoidami.<\/li>\n\n\n\n<li><strong>Nie stosowa\u0107 na zranion\u0105 sk\u00f3r\u0119:<\/strong> Olejek lawendowy nie powinien by\u0107 stosowany na otwarte rany lub sk\u00f3r\u0119 z silnym stanem zapalnym.<\/li>\n<\/ul>\n\n<h3 class=\"wp-block-heading\"><strong>FAQ<\/strong><\/h3>\n\n<p><strong>1. czy olejek lawendowy jest odpowiedni dla wszystkich rodzaj\u00f3w sk\u00f3ry?<\/strong>  Tak, szczeg\u00f3lnie w przypadku sk\u00f3ry wra\u017cliwej, ale nale\u017cy zachowa\u0107 ostro\u017cno\u015b\u0107 w przypadku znanych alergii.<\/p>\n\n<p><strong>2. czy olejek lawendowy mo\u017ce pom\u00f3c na tr\u0105dzik?<\/strong>  Ze wzgl\u0119du na swoje w\u0142a\u015bciwo\u015bci antybakteryjne mo\u017ce by\u0107 pomocny w leczeniu tr\u0105dziku.<\/p>\n\n<p><strong>3 Jak olejek lawendowy wp\u0142ywa na psychik\u0119?<\/strong>  Zapach olejku lawendowego ma dzia\u0142anie relaksuj\u0105ce i mo\u017ce pom\u00f3c w poprawie snu.<\/p>\n\n<h3 class=\"wp-block-heading\"><strong>Wnioski<\/strong><\/h3>\n\n<p>Olejek lawendowy to wszechstronny i koj\u0105cy sk\u0142adnik do piel\u0119gnacji sk\u00f3ry, ceniony zar\u00f3wno za pozytywny wp\u0142yw na sk\u00f3r\u0119, jak i w\u0142a\u015bciwo\u015bci relaksuj\u0105ce. Przy prawid\u0142owym stosowaniu mo\u017ce by\u0107 cennym dodatkiem do codziennej rutyny piel\u0119gnacji sk\u00f3ry, zw\u0142aszcza w celu promowania relaksu i poprawy wygl\u0105du sk\u00f3ry.<\/p>\n","protected":false},"excerpt":{"rendered":"<p>Olejek lawendowy w piel\u0119gnacji sk\u00f3ry Czym jest olejek lawendowy? Olejek lawendowy, pozyskiwany z kwiat\u00f3w lawendy, to olejek eteryczny znany w piel\u0119gnacji sk\u00f3ry ze swoich w\u0142a\u015bciwo\u015bci koj\u0105cych i przeciwzapalnych. Jest cz\u0119sto stosowany w produktach \u0142agodz\u0105cych wra\u017cliw\u0105 sk\u00f3r\u0119 i sprzyjaj\u0105cych relaksacji. Korzy\u015bci olejku lawendowego dla sk\u00f3ry Mo\u017cliwe skutki uboczne Zalecenia dotycz\u0105ce stosowania Jak go nie u\u017cywa\u0107 FAQ &#8230; <a title=\"Olejek lawendowy w produktach do piel\u0119gnacji sk\u00f3ry: Koj\u0105ca naturalna moc dla sk\u00f3ry\" class=\"read-more\" href=\"https:\/\/thedermacheck.com\/pl\/olejek-lawendowy-w-produktach-do-pielegnacji-skory-kojaca-naturalna-moc-dla-skory\/\" aria-label=\"Dowiedz si\u0119 wi\u0119cej o Olejek lawendowy w produktach do piel\u0119gnacji sk\u00f3ry: Koj\u0105ca naturalna moc dla sk\u00f3ry\">Mehr erfahren<\/a><\/p>\n","protected":false},"author":2,"featured_media":0,"parent":0,"menu_order":0,"comment_status":"closed","ping_status":"closed","template":"","meta":{"_acf_changed":false,"_lmt_disableupdate":"","_lmt_disable":"","footnotes":""},"categories":[42],"tags":[],"class_list":{"0":"post-3288","1":"page","2":"type-page","3":"status-publish","5":"category-skladniki"},"acf":[],"yoast_head":"<!-- This site is optimized with the Yoast SEO Premium plugin v25.7.1 (Yoast SEO v25.7) - https:\/\/yoast.com\/wordpress\/plugins\/seo\/ -->\n<title>Olejek lawendowy w produktach do piel\u0119gnacji sk\u00f3ry: Koj\u0105ca naturalna moc dla sk\u00f3ry | The Derma Check<\/title>\n<meta name=\"robots\" content=\"index, follow, max-snippet:-1, max-image-preview:large, max-video-preview:-1\" \/>\n<link rel=\"canonical\" href=\"https:\/\/thedermacheck.com\/pl\/olejek-lawendowy-w-produktach-do-pielegnacji-skory-kojaca-naturalna-moc-dla-skory\/\" \/>\n<meta property=\"og:locale\" content=\"pl_PL\" \/>\n<meta property=\"og:type\" content=\"article\" \/>\n<meta property=\"og:title\" content=\"Olejek lawendowy w produktach do piel\u0119gnacji sk\u00f3ry: Koj\u0105ca naturalna moc dla sk\u00f3ry\" \/>\n<meta property=\"og:description\" content=\"Olejek lawendowy w piel\u0119gnacji sk\u00f3ry Czym jest olejek lawendowy? Olejek lawendowy, pozyskiwany z kwiat\u00f3w lawendy, to olejek eteryczny znany w piel\u0119gnacji sk\u00f3ry ze swoich w\u0142a\u015bciwo\u015bci koj\u0105cych i przeciwzapalnych. Jest cz\u0119sto stosowany w produktach \u0142agodz\u0105cych wra\u017cliw\u0105 sk\u00f3r\u0119 i sprzyjaj\u0105cych relaksacji. Korzy\u015bci olejku lawendowego dla sk\u00f3ry Mo\u017cliwe skutki uboczne Zalecenia dotycz\u0105ce stosowania Jak go nie u\u017cywa\u0107 FAQ ... Mehr erfahren\" \/>\n<meta property=\"og:url\" content=\"https:\/\/thedermacheck.com\/pl\/olejek-lawendowy-w-produktach-do-pielegnacji-skory-kojaca-naturalna-moc-dla-skory\/\" \/>\n<meta property=\"og:site_name\" content=\"The Derma Check\" \/>\n<meta property=\"article:modified_time\" content=\"2024-02-13T15:01:19+00:00\" \/>\n<meta name=\"twitter:card\" content=\"summary_large_image\" \/>\n<meta name=\"twitter:label1\" content=\"Szacowany czas czytania\" \/>\n\t<meta name=\"twitter:data1\" content=\"2 minuty\" \/>\n<script type=\"application\/ld+json\" class=\"yoast-schema-graph\">{\"@context\":\"https:\/\/schema.org\",\"@graph\":[{\"@type\":\"WebPage\",\"@id\":\"https:\/\/thedermacheck.com\/pl\/olejek-lawendowy-w-produktach-do-pielegnacji-skory-kojaca-naturalna-moc-dla-skory\/\",\"url\":\"https:\/\/thedermacheck.com\/pl\/olejek-lawendowy-w-produktach-do-pielegnacji-skory-kojaca-naturalna-moc-dla-skory\/\",\"name\":\"Olejek lawendowy w produktach do piel\u0119gnacji sk\u00f3ry: Koj\u0105ca naturalna moc dla sk\u00f3ry | The Derma Check\",\"isPartOf\":{\"@id\":\"https:\/\/thedermacheck.com\/pl\/#website\"},\"datePublished\":\"2023-12-19T14:23:52+00:00\",\"dateModified\":\"2024-02-13T15:01:19+00:00\",\"breadcrumb\":{\"@id\":\"https:\/\/thedermacheck.com\/pl\/olejek-lawendowy-w-produktach-do-pielegnacji-skory-kojaca-naturalna-moc-dla-skory\/#breadcrumb\"},\"inLanguage\":\"pl-PL\",\"potentialAction\":[{\"@type\":\"ReadAction\",\"target\":[\"https:\/\/thedermacheck.com\/pl\/olejek-lawendowy-w-produktach-do-pielegnacji-skory-kojaca-naturalna-moc-dla-skory\/\"]}]},{\"@type\":\"BreadcrumbList\",\"@id\":\"https:\/\/thedermacheck.com\/pl\/olejek-lawendowy-w-produktach-do-pielegnacji-skory-kojaca-naturalna-moc-dla-skory\/#breadcrumb\",\"itemListElement\":[{\"@type\":\"ListItem\",\"position\":1,\"name\":\"Derma Check\",\"item\":\"https:\/\/thedermacheck.com\/pl\/\"},{\"@type\":\"ListItem\",\"position\":2,\"name\":\"Olejek lawendowy w produktach do piel\u0119gnacji sk\u00f3ry: Koj\u0105ca naturalna moc dla sk\u00f3ry\"}]},{\"@type\":\"WebSite\",\"@id\":\"https:\/\/thedermacheck.com\/pl\/#website\",\"url\":\"https:\/\/thedermacheck.com\/pl\/\",\"name\":\"The Derma Check\",\"description\":\"\",\"publisher\":{\"@id\":\"https:\/\/thedermacheck.com\/pl\/#organization\"},\"potentialAction\":[{\"@type\":\"SearchAction\",\"target\":{\"@type\":\"EntryPoint\",\"urlTemplate\":\"https:\/\/thedermacheck.com\/pl\/?s={search_term_string}\"},\"query-input\":{\"@type\":\"PropertyValueSpecification\",\"valueRequired\":true,\"valueName\":\"search_term_string\"}}],\"inLanguage\":\"pl-PL\"},{\"@type\":\"Organization\",\"@id\":\"https:\/\/thedermacheck.com\/pl\/#organization\",\"name\":\"The Derma Check\",\"url\":\"https:\/\/thedermacheck.com\/pl\/\",\"logo\":{\"@type\":\"ImageObject\",\"inLanguage\":\"pl-PL\",\"@id\":\"https:\/\/thedermacheck.com\/pl\/#\/schema\/logo\/image\/\",\"url\":\"https:\/\/thedermacheck.com\/wp-content\/uploads\/2023\/10\/cropped-THE-DERMA-CHECK-FAVICON-NEW-1.png\",\"contentUrl\":\"https:\/\/thedermacheck.com\/wp-content\/uploads\/2023\/10\/cropped-THE-DERMA-CHECK-FAVICON-NEW-1.png\",\"width\":512,\"height\":512,\"caption\":\"The Derma Check\"},\"image\":{\"@id\":\"https:\/\/thedermacheck.com\/pl\/#\/schema\/logo\/image\/\"}}]}<\/script>\n<!-- \/ Yoast SEO Premium plugin. -->","yoast_head_json":{"title":"Olejek lawendowy w produktach do piel\u0119gnacji sk\u00f3ry: Koj\u0105ca naturalna moc dla sk\u00f3ry | The Derma Check","robots":{"index":"index","follow":"follow","max-snippet":"max-snippet:-1","max-image-preview":"max-image-preview:large","max-video-preview":"max-video-preview:-1"},"canonical":"https:\/\/thedermacheck.com\/pl\/olejek-lawendowy-w-produktach-do-pielegnacji-skory-kojaca-naturalna-moc-dla-skory\/","og_locale":"pl_PL","og_type":"article","og_title":"Olejek lawendowy w produktach do piel\u0119gnacji sk\u00f3ry: Koj\u0105ca naturalna moc dla sk\u00f3ry","og_description":"Olejek lawendowy w piel\u0119gnacji sk\u00f3ry Czym jest olejek lawendowy? Olejek lawendowy, pozyskiwany z kwiat\u00f3w lawendy, to olejek eteryczny znany w piel\u0119gnacji sk\u00f3ry ze swoich w\u0142a\u015bciwo\u015bci koj\u0105cych i przeciwzapalnych. Jest cz\u0119sto stosowany w produktach \u0142agodz\u0105cych wra\u017cliw\u0105 sk\u00f3r\u0119 i sprzyjaj\u0105cych relaksacji. Korzy\u015bci olejku lawendowego dla sk\u00f3ry Mo\u017cliwe skutki uboczne Zalecenia dotycz\u0105ce stosowania Jak go nie u\u017cywa\u0107 FAQ ... Mehr erfahren","og_url":"https:\/\/thedermacheck.com\/pl\/olejek-lawendowy-w-produktach-do-pielegnacji-skory-kojaca-naturalna-moc-dla-skory\/","og_site_name":"The Derma Check","article_modified_time":"2024-02-13T15:01:19+00:00","twitter_card":"summary_large_image","twitter_misc":{"Szacowany czas czytania":"2 minuty"},"schema":{"@context":"https:\/\/schema.org","@graph":[{"@type":"WebPage","@id":"https:\/\/thedermacheck.com\/pl\/olejek-lawendowy-w-produktach-do-pielegnacji-skory-kojaca-naturalna-moc-dla-skory\/","url":"https:\/\/thedermacheck.com\/pl\/olejek-lawendowy-w-produktach-do-pielegnacji-skory-kojaca-naturalna-moc-dla-skory\/","name":"Olejek lawendowy w produktach do piel\u0119gnacji sk\u00f3ry: Koj\u0105ca naturalna moc dla sk\u00f3ry | The Derma Check","isPartOf":{"@id":"https:\/\/thedermacheck.com\/pl\/#website"},"datePublished":"2023-12-19T14:23:52+00:00","dateModified":"2024-02-13T15:01:19+00:00","breadcrumb":{"@id":"https:\/\/thedermacheck.com\/pl\/olejek-lawendowy-w-produktach-do-pielegnacji-skory-kojaca-naturalna-moc-dla-skory\/#breadcrumb"},"inLanguage":"pl-PL","potentialAction":[{"@type":"ReadAction","target":["https:\/\/thedermacheck.com\/pl\/olejek-lawendowy-w-produktach-do-pielegnacji-skory-kojaca-naturalna-moc-dla-skory\/"]}]},{"@type":"BreadcrumbList","@id":"https:\/\/thedermacheck.com\/pl\/olejek-lawendowy-w-produktach-do-pielegnacji-skory-kojaca-naturalna-moc-dla-skory\/#breadcrumb","itemListElement":[{"@type":"ListItem","position":1,"name":"Derma Check","item":"https:\/\/thedermacheck.com\/pl\/"},{"@type":"ListItem","position":2,"name":"Olejek lawendowy w produktach do piel\u0119gnacji sk\u00f3ry: Koj\u0105ca naturalna moc dla sk\u00f3ry"}]},{"@type":"WebSite","@id":"https:\/\/thedermacheck.com\/pl\/#website","url":"https:\/\/thedermacheck.com\/pl\/","name":"The Derma Check","description":"","publisher":{"@id":"https:\/\/thedermacheck.com\/pl\/#organization"},"potentialAction":[{"@type":"SearchAction","target":{"@type":"EntryPoint","urlTemplate":"https:\/\/thedermacheck.com\/pl\/?s={search_term_string}"},"query-input":{"@type":"PropertyValueSpecification","valueRequired":true,"valueName":"search_term_string"}}],"inLanguage":"pl-PL"},{"@type":"Organization","@id":"https:\/\/thedermacheck.com\/pl\/#organization","name":"The Derma Check","url":"https:\/\/thedermacheck.com\/pl\/","logo":{"@type":"ImageObject","inLanguage":"pl-PL","@id":"https:\/\/thedermacheck.com\/pl\/#\/schema\/logo\/image\/","url":"https:\/\/thedermacheck.com\/wp-content\/uploads\/2023\/10\/cropped-THE-DERMA-CHECK-FAVICON-NEW-1.png","contentUrl":"https:\/\/thedermacheck.com\/wp-content\/uploads\/2023\/10\/cropped-THE-DERMA-CHECK-FAVICON-NEW-1.png","width":512,"height":512,"caption":"The Derma Check"},"image":{"@id":"https:\/\/thedermacheck.com\/pl\/#\/schema\/logo\/image\/"}}]}},"_links":{"self":[{"href":"https:\/\/thedermacheck.com\/pl\/wp-json\/wp\/v2\/pages\/3288","targetHints":{"allow":["GET"]}}],"collection":[{"href":"https:\/\/thedermacheck.com\/pl\/wp-json\/wp\/v2\/pages"}],"about":[{"href":"https:\/\/thedermacheck.com\/pl\/wp-json\/wp\/v2\/types\/page"}],"author":[{"embeddable":true,"href":"https:\/\/thedermacheck.com\/pl\/wp-json\/wp\/v2\/users\/2"}],"replies":[{"embeddable":true,"href":"https:\/\/thedermacheck.com\/pl\/wp-json\/wp\/v2\/comments?post=3288"}],"version-history":[{"count":1,"href":"https:\/\/thedermacheck.com\/pl\/wp-json\/wp\/v2\/pages\/3288\/revisions"}],"predecessor-version":[{"id":3289,"href":"https:\/\/thedermacheck.com\/pl\/wp-json\/wp\/v2\/pages\/3288\/revisions\/3289"}],"wp:attachment":[{"href":"https:\/\/thedermacheck.com\/pl\/wp-json\/wp\/v2\/media?parent=3288"}],"wp:term":[{"taxonomy":"category","embeddable":true,"href":"https:\/\/thedermacheck.com\/pl\/wp-json\/wp\/v2\/categories?post=3288"},{"taxonomy":"post_tag","embeddable":true,"href":"https:\/\/thedermacheck.com\/pl\/wp-json\/wp\/v2\/tags?post=3288"}],"curies":[{"name":"wp","href":"https:\/\/api.w.org\/{rel}","templated":true}]}}