{"id":3302,"date":"2023-12-19T14:20:04","date_gmt":"2023-12-19T14:20:04","guid":{"rendered":"https:\/\/thedermacheck.com\/mirystynian-izopropylu-w-produktach-do-pielegnacji-skory-skuteczny-skladnik-ktory-nalezy-stosowac-ostroznie\/"},"modified":"2024-02-13T15:01:50","modified_gmt":"2024-02-13T15:01:50","slug":"mirystynian-izopropylu-w-produktach-do-pielegnacji-skory-skuteczny-skladnik-ktory-nalezy-stosowac-ostroznie","status":"publish","type":"page","link":"https:\/\/thedermacheck.com\/pl\/mirystynian-izopropylu-w-produktach-do-pielegnacji-skory-skuteczny-skladnik-ktory-nalezy-stosowac-ostroznie\/","title":{"rendered":"Mirystynian izopropylu w produktach do piel\u0119gnacji sk\u00f3ry: Skuteczny sk\u0142adnik, kt\u00f3ry nale\u017cy stosowa\u0107 ostro\u017cnie"},"content":{"rendered":"\n<p><strong>Mirystynian izopropylu w piel\u0119gnacji sk\u00f3ry<\/strong><\/p>\n\n<ul class=\"wp-block-list\">\n<li><strong>Rodzaj sk\u0142adnika:<\/strong> emolient, polepszacz tekstury<\/li>\n\n\n\n<li><strong>G\u0142\u00f3wne korzy\u015bci:<\/strong> Zwi\u0119ksza elastyczno\u015b\u0107 sk\u00f3ry, poprawia tekstur\u0119 produktu, wspomaga wch\u0142anianie innych sk\u0142adnik\u00f3w<\/li>\n\n\n\n<li><strong>Idealne dla:<\/strong> Produkty do wyg\u0142adzania i piel\u0119gnacji sk\u00f3ry<\/li>\n\n\n\n<li><strong>Cz\u0119stotliwo\u015b\u0107 u\u017cytkowania:<\/strong> Zgodnie z instrukcjami dotycz\u0105cymi produktu<\/li>\n\n\n\n<li><strong>Po\u0142\u0105czenie z:<\/strong> Sk\u0142adnikami nawil\u017caj\u0105cymi<\/li>\n\n\n\n<li><strong>Nie stosowa\u0107 z:<\/strong> Na sk\u00f3rze tr\u0105dzikowej; mo\u017ce by\u0107 komedogenny<\/li>\n<\/ul>\n\n<hr class=\"wp-block-separator has-alpha-channel-opacity\"\/>\n\n<h3 class=\"wp-block-heading\"><strong>Co to jest mirystynian izopropylu?<\/strong><\/h3>\n\n<p>Myrystynian izopropylu to syntetyczny ester oleju, kt\u00f3ry jest cz\u0119sto stosowany w przemy\u015ble kosmetycznym jako emolient i do poprawy tekstury produkt\u00f3w. Sprawia, \u017ce produkty do piel\u0119gnacji sk\u00f3ry s\u0105 l\u017cejsze i mniej t\u0142uste oraz pomaga innym sk\u0142adnikom wnika\u0107 g\u0142\u0119biej w sk\u00f3r\u0119.<\/p>\n\n<h3 class=\"wp-block-heading\"><strong>Zalety mirystynianu izopropylu dla sk\u00f3ry<\/strong><\/h3>\n\n<ul class=\"wp-block-list\">\n<li><strong>Zwi\u0119kszenie elastyczno\u015bci sk\u00f3ry:<\/strong> mirystynian izopropylu pomaga uelastyczni\u0107 sk\u00f3r\u0119 dzi\u0119ki swoim w\u0142a\u015bciwo\u015bciom zmi\u0119kczaj\u0105cym.<\/li>\n\n\n\n<li><strong>Poprawia tekstur\u0119 produktu:<\/strong> Nadaje produktom do piel\u0119gnacji sk\u00f3ry l\u017cejsz\u0105, niet\u0142ust\u0105 konsystencj\u0119.<\/li>\n\n\n\n<li><strong>Wspomaga wch\u0142anianie:<\/strong> Pomaga innym korzystnym sk\u0142adnikom by\u0107 lepiej wch\u0142anianym przez sk\u00f3r\u0119.<\/li>\n<\/ul>\n\n<h3 class=\"wp-block-heading\"><strong>Mo\u017cliwe skutki uboczne<\/strong><\/h3>\n\n<ul class=\"wp-block-list\">\n<li><strong>Mo\u017ce mie\u0107 dzia\u0142anie komedogenne:<\/strong> W przypadku sk\u00f3ry tr\u0105dzikowej mirystynian izopropylu mo\u017ce zatyka\u0107 pory i prowadzi\u0107 do powstawania wyprysk\u00f3w.<\/li>\n\n\n\n<li><strong>Potencjalne podra\u017cnienie sk\u00f3ry:<\/strong> W rzadkich przypadkach mo\u017ce powodowa\u0107 podra\u017cnienie sk\u00f3ry, szczeg\u00f3lnie w przypadku sk\u00f3ry wra\u017cliwej.<\/li>\n<\/ul>\n\n<h3 class=\"wp-block-heading\"><strong>Zalecenia dotycz\u0105ce stosowania<\/strong><\/h3>\n\n<ul class=\"wp-block-list\">\n<li><strong>Zgodnie z instrukcj\u0105 produktu:<\/strong> mirystynian izopropylu jest zawarty w wielu produktach do piel\u0119gnacji sk\u00f3ry i powinien by\u0107 stosowany zgodnie z instrukcj\u0105 danego produktu.<\/li>\n\n\n\n<li><strong>Uwaga dla sk\u00f3ry tr<\/strong> \u0105dzikowej: Osoby ze sk\u00f3r\u0105 tr\u0105dzikow\u0105 powinny unika\u0107 produkt\u00f3w zawieraj\u0105cych mirystynian izopropylu lub stosowa\u0107 je ostro\u017cnie.<\/li>\n<\/ul>\n\n<h3 class=\"wp-block-heading\"><strong>Jak go nie u\u017cywa\u0107<\/strong><\/h3>\n\n<ul class=\"wp-block-list\">\n<li><strong>Nie w czystej postaci:<\/strong> mirystynian izopropylu nie powinien by\u0107 stosowany na sk\u00f3r\u0119 jako czysty olej, ale jest sk\u0142adnikiem produkt\u00f3w.<\/li>\n\n\n\n<li><strong>Unika\u0107 w przypadku sk\u00f3ry tr\u0105dzikowej:<\/strong> Zaleca si\u0119 ostro\u017cno\u015b\u0107 ze wzgl\u0119du na potencjalnie komedogenny charakter.<\/li>\n<\/ul>\n\n<h3 class=\"wp-block-heading\"><strong>FAQ<\/strong><\/h3>\n\n<p><strong>1. Czy mirystynian izopropylu jest bezpieczny dla sk\u00f3ry?<\/strong>  Tak, jest bezpieczny, je\u015bli jest stosowany zgodnie z instrukcjami dotycz\u0105cymi produktu, z wyj\u0105tkiem sk\u00f3ry tr\u0105dzikowej.<\/p>\n\n<p><strong>2. Czy mirystynian izopropylu mo\u017ce powodowa\u0107 alergie?<\/strong>  Reakcje alergiczne s\u0105 rzadkie, ale mo\u017cliwe.<\/p>\n\n<p><strong>3 Dlaczego mirystynian izopropylu jest stosowany w produktach do piel\u0119gnacji sk\u00f3ry?<\/strong>  Poprawia tekstur\u0119 produktu i wspomaga wch\u0142anianie innych sk\u0142adnik\u00f3w.<\/p>\n\n<h3 class=\"wp-block-heading\"><strong>Wnioski<\/strong><\/h3>\n\n<p>Myrystynian izopropylu jest skutecznym sk\u0142adnikiem w piel\u0119gnacji sk\u00f3ry, kt\u00f3ry poprawia konsystencj\u0119 produkt\u00f3w i uelastycznia sk\u00f3r\u0119. Prawid\u0142owo stosowany, z uwzgl\u0119dnieniem rodzaju i stanu sk\u00f3ry, mo\u017ce by\u0107 cenn\u0105 cz\u0119\u015bci\u0105 rutynowej piel\u0119gnacji sk\u00f3ry.<\/p>\n","protected":false},"excerpt":{"rendered":"<p>Mirystynian izopropylu w piel\u0119gnacji sk\u00f3ry Co to jest mirystynian izopropylu? Myrystynian izopropylu to syntetyczny ester oleju, kt\u00f3ry jest cz\u0119sto stosowany w przemy\u015ble kosmetycznym jako emolient i do poprawy tekstury produkt\u00f3w. Sprawia, \u017ce produkty do piel\u0119gnacji sk\u00f3ry s\u0105 l\u017cejsze i mniej t\u0142uste oraz pomaga innym sk\u0142adnikom wnika\u0107 g\u0142\u0119biej w sk\u00f3r\u0119. Zalety mirystynianu izopropylu dla sk\u00f3ry Mo\u017cliwe &#8230; <a title=\"Mirystynian izopropylu w produktach do piel\u0119gnacji sk\u00f3ry: Skuteczny sk\u0142adnik, kt\u00f3ry nale\u017cy stosowa\u0107 ostro\u017cnie\" class=\"read-more\" href=\"https:\/\/thedermacheck.com\/pl\/mirystynian-izopropylu-w-produktach-do-pielegnacji-skory-skuteczny-skladnik-ktory-nalezy-stosowac-ostroznie\/\" aria-label=\"Dowiedz si\u0119 wi\u0119cej o Mirystynian izopropylu w produktach do piel\u0119gnacji sk\u00f3ry: Skuteczny sk\u0142adnik, kt\u00f3ry nale\u017cy stosowa\u0107 ostro\u017cnie\">Mehr erfahren<\/a><\/p>\n","protected":false},"author":2,"featured_media":0,"parent":0,"menu_order":0,"comment_status":"closed","ping_status":"closed","template":"","meta":{"_acf_changed":false,"_lmt_disableupdate":"","_lmt_disable":"","footnotes":""},"categories":[42],"tags":[],"class_list":{"0":"post-3302","1":"page","2":"type-page","3":"status-publish","5":"category-skladniki"},"acf":[],"yoast_head":"<!-- This site is optimized with the Yoast SEO Premium plugin v25.7.1 (Yoast SEO v25.7) - https:\/\/yoast.com\/wordpress\/plugins\/seo\/ -->\n<title>Mirystynian izopropylu w produktach do piel\u0119gnacji sk\u00f3ry: Skuteczny sk\u0142adnik, kt\u00f3ry nale\u017cy stosowa\u0107 ostro\u017cnie | The Derma Check<\/title>\n<meta name=\"robots\" content=\"index, follow, max-snippet:-1, max-image-preview:large, max-video-preview:-1\" \/>\n<link rel=\"canonical\" href=\"https:\/\/thedermacheck.com\/pl\/mirystynian-izopropylu-w-produktach-do-pielegnacji-skory-skuteczny-skladnik-ktory-nalezy-stosowac-ostroznie\/\" \/>\n<meta property=\"og:locale\" content=\"pl_PL\" \/>\n<meta property=\"og:type\" content=\"article\" \/>\n<meta property=\"og:title\" content=\"Mirystynian izopropylu w produktach do piel\u0119gnacji sk\u00f3ry: Skuteczny sk\u0142adnik, kt\u00f3ry nale\u017cy stosowa\u0107 ostro\u017cnie\" \/>\n<meta property=\"og:description\" content=\"Mirystynian izopropylu w piel\u0119gnacji sk\u00f3ry Co to jest mirystynian izopropylu? Myrystynian izopropylu to syntetyczny ester oleju, kt\u00f3ry jest cz\u0119sto stosowany w przemy\u015ble kosmetycznym jako emolient i do poprawy tekstury produkt\u00f3w. Sprawia, \u017ce produkty do piel\u0119gnacji sk\u00f3ry s\u0105 l\u017cejsze i mniej t\u0142uste oraz pomaga innym sk\u0142adnikom wnika\u0107 g\u0142\u0119biej w sk\u00f3r\u0119. Zalety mirystynianu izopropylu dla sk\u00f3ry Mo\u017cliwe ... Mehr erfahren\" \/>\n<meta property=\"og:url\" content=\"https:\/\/thedermacheck.com\/pl\/mirystynian-izopropylu-w-produktach-do-pielegnacji-skory-skuteczny-skladnik-ktory-nalezy-stosowac-ostroznie\/\" \/>\n<meta property=\"og:site_name\" content=\"The Derma Check\" \/>\n<meta property=\"article:modified_time\" content=\"2024-02-13T15:01:50+00:00\" \/>\n<meta name=\"twitter:card\" content=\"summary_large_image\" \/>\n<meta name=\"twitter:label1\" content=\"Szacowany czas czytania\" \/>\n\t<meta name=\"twitter:data1\" content=\"2 minuty\" \/>\n<script type=\"application\/ld+json\" class=\"yoast-schema-graph\">{\"@context\":\"https:\/\/schema.org\",\"@graph\":[{\"@type\":\"WebPage\",\"@id\":\"https:\/\/thedermacheck.com\/pl\/mirystynian-izopropylu-w-produktach-do-pielegnacji-skory-skuteczny-skladnik-ktory-nalezy-stosowac-ostroznie\/\",\"url\":\"https:\/\/thedermacheck.com\/pl\/mirystynian-izopropylu-w-produktach-do-pielegnacji-skory-skuteczny-skladnik-ktory-nalezy-stosowac-ostroznie\/\",\"name\":\"Mirystynian izopropylu w produktach do piel\u0119gnacji sk\u00f3ry: Skuteczny sk\u0142adnik, kt\u00f3ry nale\u017cy stosowa\u0107 ostro\u017cnie | The Derma Check\",\"isPartOf\":{\"@id\":\"https:\/\/thedermacheck.com\/pl\/#website\"},\"datePublished\":\"2023-12-19T14:20:04+00:00\",\"dateModified\":\"2024-02-13T15:01:50+00:00\",\"breadcrumb\":{\"@id\":\"https:\/\/thedermacheck.com\/pl\/mirystynian-izopropylu-w-produktach-do-pielegnacji-skory-skuteczny-skladnik-ktory-nalezy-stosowac-ostroznie\/#breadcrumb\"},\"inLanguage\":\"pl-PL\",\"potentialAction\":[{\"@type\":\"ReadAction\",\"target\":[\"https:\/\/thedermacheck.com\/pl\/mirystynian-izopropylu-w-produktach-do-pielegnacji-skory-skuteczny-skladnik-ktory-nalezy-stosowac-ostroznie\/\"]}]},{\"@type\":\"BreadcrumbList\",\"@id\":\"https:\/\/thedermacheck.com\/pl\/mirystynian-izopropylu-w-produktach-do-pielegnacji-skory-skuteczny-skladnik-ktory-nalezy-stosowac-ostroznie\/#breadcrumb\",\"itemListElement\":[{\"@type\":\"ListItem\",\"position\":1,\"name\":\"Derma Check\",\"item\":\"https:\/\/thedermacheck.com\/pl\/\"},{\"@type\":\"ListItem\",\"position\":2,\"name\":\"Mirystynian izopropylu w produktach do piel\u0119gnacji sk\u00f3ry: Skuteczny sk\u0142adnik, kt\u00f3ry nale\u017cy stosowa\u0107 ostro\u017cnie\"}]},{\"@type\":\"WebSite\",\"@id\":\"https:\/\/thedermacheck.com\/pl\/#website\",\"url\":\"https:\/\/thedermacheck.com\/pl\/\",\"name\":\"The Derma Check\",\"description\":\"\",\"publisher\":{\"@id\":\"https:\/\/thedermacheck.com\/pl\/#organization\"},\"potentialAction\":[{\"@type\":\"SearchAction\",\"target\":{\"@type\":\"EntryPoint\",\"urlTemplate\":\"https:\/\/thedermacheck.com\/pl\/?s={search_term_string}\"},\"query-input\":{\"@type\":\"PropertyValueSpecification\",\"valueRequired\":true,\"valueName\":\"search_term_string\"}}],\"inLanguage\":\"pl-PL\"},{\"@type\":\"Organization\",\"@id\":\"https:\/\/thedermacheck.com\/pl\/#organization\",\"name\":\"The Derma Check\",\"url\":\"https:\/\/thedermacheck.com\/pl\/\",\"logo\":{\"@type\":\"ImageObject\",\"inLanguage\":\"pl-PL\",\"@id\":\"https:\/\/thedermacheck.com\/pl\/#\/schema\/logo\/image\/\",\"url\":\"https:\/\/thedermacheck.com\/wp-content\/uploads\/2023\/10\/cropped-THE-DERMA-CHECK-FAVICON-NEW-1.png\",\"contentUrl\":\"https:\/\/thedermacheck.com\/wp-content\/uploads\/2023\/10\/cropped-THE-DERMA-CHECK-FAVICON-NEW-1.png\",\"width\":512,\"height\":512,\"caption\":\"The Derma Check\"},\"image\":{\"@id\":\"https:\/\/thedermacheck.com\/pl\/#\/schema\/logo\/image\/\"}}]}<\/script>\n<!-- \/ Yoast SEO Premium plugin. -->","yoast_head_json":{"title":"Mirystynian izopropylu w produktach do piel\u0119gnacji sk\u00f3ry: Skuteczny sk\u0142adnik, kt\u00f3ry nale\u017cy stosowa\u0107 ostro\u017cnie | The Derma Check","robots":{"index":"index","follow":"follow","max-snippet":"max-snippet:-1","max-image-preview":"max-image-preview:large","max-video-preview":"max-video-preview:-1"},"canonical":"https:\/\/thedermacheck.com\/pl\/mirystynian-izopropylu-w-produktach-do-pielegnacji-skory-skuteczny-skladnik-ktory-nalezy-stosowac-ostroznie\/","og_locale":"pl_PL","og_type":"article","og_title":"Mirystynian izopropylu w produktach do piel\u0119gnacji sk\u00f3ry: Skuteczny sk\u0142adnik, kt\u00f3ry nale\u017cy stosowa\u0107 ostro\u017cnie","og_description":"Mirystynian izopropylu w piel\u0119gnacji sk\u00f3ry Co to jest mirystynian izopropylu? Myrystynian izopropylu to syntetyczny ester oleju, kt\u00f3ry jest cz\u0119sto stosowany w przemy\u015ble kosmetycznym jako emolient i do poprawy tekstury produkt\u00f3w. Sprawia, \u017ce produkty do piel\u0119gnacji sk\u00f3ry s\u0105 l\u017cejsze i mniej t\u0142uste oraz pomaga innym sk\u0142adnikom wnika\u0107 g\u0142\u0119biej w sk\u00f3r\u0119. Zalety mirystynianu izopropylu dla sk\u00f3ry Mo\u017cliwe ... Mehr erfahren","og_url":"https:\/\/thedermacheck.com\/pl\/mirystynian-izopropylu-w-produktach-do-pielegnacji-skory-skuteczny-skladnik-ktory-nalezy-stosowac-ostroznie\/","og_site_name":"The Derma Check","article_modified_time":"2024-02-13T15:01:50+00:00","twitter_card":"summary_large_image","twitter_misc":{"Szacowany czas czytania":"2 minuty"},"schema":{"@context":"https:\/\/schema.org","@graph":[{"@type":"WebPage","@id":"https:\/\/thedermacheck.com\/pl\/mirystynian-izopropylu-w-produktach-do-pielegnacji-skory-skuteczny-skladnik-ktory-nalezy-stosowac-ostroznie\/","url":"https:\/\/thedermacheck.com\/pl\/mirystynian-izopropylu-w-produktach-do-pielegnacji-skory-skuteczny-skladnik-ktory-nalezy-stosowac-ostroznie\/","name":"Mirystynian izopropylu w produktach do piel\u0119gnacji sk\u00f3ry: Skuteczny sk\u0142adnik, kt\u00f3ry nale\u017cy stosowa\u0107 ostro\u017cnie | The Derma Check","isPartOf":{"@id":"https:\/\/thedermacheck.com\/pl\/#website"},"datePublished":"2023-12-19T14:20:04+00:00","dateModified":"2024-02-13T15:01:50+00:00","breadcrumb":{"@id":"https:\/\/thedermacheck.com\/pl\/mirystynian-izopropylu-w-produktach-do-pielegnacji-skory-skuteczny-skladnik-ktory-nalezy-stosowac-ostroznie\/#breadcrumb"},"inLanguage":"pl-PL","potentialAction":[{"@type":"ReadAction","target":["https:\/\/thedermacheck.com\/pl\/mirystynian-izopropylu-w-produktach-do-pielegnacji-skory-skuteczny-skladnik-ktory-nalezy-stosowac-ostroznie\/"]}]},{"@type":"BreadcrumbList","@id":"https:\/\/thedermacheck.com\/pl\/mirystynian-izopropylu-w-produktach-do-pielegnacji-skory-skuteczny-skladnik-ktory-nalezy-stosowac-ostroznie\/#breadcrumb","itemListElement":[{"@type":"ListItem","position":1,"name":"Derma Check","item":"https:\/\/thedermacheck.com\/pl\/"},{"@type":"ListItem","position":2,"name":"Mirystynian izopropylu w produktach do piel\u0119gnacji sk\u00f3ry: Skuteczny sk\u0142adnik, kt\u00f3ry nale\u017cy stosowa\u0107 ostro\u017cnie"}]},{"@type":"WebSite","@id":"https:\/\/thedermacheck.com\/pl\/#website","url":"https:\/\/thedermacheck.com\/pl\/","name":"The Derma Check","description":"","publisher":{"@id":"https:\/\/thedermacheck.com\/pl\/#organization"},"potentialAction":[{"@type":"SearchAction","target":{"@type":"EntryPoint","urlTemplate":"https:\/\/thedermacheck.com\/pl\/?s={search_term_string}"},"query-input":{"@type":"PropertyValueSpecification","valueRequired":true,"valueName":"search_term_string"}}],"inLanguage":"pl-PL"},{"@type":"Organization","@id":"https:\/\/thedermacheck.com\/pl\/#organization","name":"The Derma Check","url":"https:\/\/thedermacheck.com\/pl\/","logo":{"@type":"ImageObject","inLanguage":"pl-PL","@id":"https:\/\/thedermacheck.com\/pl\/#\/schema\/logo\/image\/","url":"https:\/\/thedermacheck.com\/wp-content\/uploads\/2023\/10\/cropped-THE-DERMA-CHECK-FAVICON-NEW-1.png","contentUrl":"https:\/\/thedermacheck.com\/wp-content\/uploads\/2023\/10\/cropped-THE-DERMA-CHECK-FAVICON-NEW-1.png","width":512,"height":512,"caption":"The Derma Check"},"image":{"@id":"https:\/\/thedermacheck.com\/pl\/#\/schema\/logo\/image\/"}}]}},"_links":{"self":[{"href":"https:\/\/thedermacheck.com\/pl\/wp-json\/wp\/v2\/pages\/3302","targetHints":{"allow":["GET"]}}],"collection":[{"href":"https:\/\/thedermacheck.com\/pl\/wp-json\/wp\/v2\/pages"}],"about":[{"href":"https:\/\/thedermacheck.com\/pl\/wp-json\/wp\/v2\/types\/page"}],"author":[{"embeddable":true,"href":"https:\/\/thedermacheck.com\/pl\/wp-json\/wp\/v2\/users\/2"}],"replies":[{"embeddable":true,"href":"https:\/\/thedermacheck.com\/pl\/wp-json\/wp\/v2\/comments?post=3302"}],"version-history":[{"count":1,"href":"https:\/\/thedermacheck.com\/pl\/wp-json\/wp\/v2\/pages\/3302\/revisions"}],"predecessor-version":[{"id":3303,"href":"https:\/\/thedermacheck.com\/pl\/wp-json\/wp\/v2\/pages\/3302\/revisions\/3303"}],"wp:attachment":[{"href":"https:\/\/thedermacheck.com\/pl\/wp-json\/wp\/v2\/media?parent=3302"}],"wp:term":[{"taxonomy":"category","embeddable":true,"href":"https:\/\/thedermacheck.com\/pl\/wp-json\/wp\/v2\/categories?post=3302"},{"taxonomy":"post_tag","embeddable":true,"href":"https:\/\/thedermacheck.com\/pl\/wp-json\/wp\/v2\/tags?post=3302"}],"curies":[{"name":"wp","href":"https:\/\/api.w.org\/{rel}","templated":true}]}}