{"id":3312,"date":"2023-12-19T14:22:46","date_gmt":"2023-12-19T14:22:46","guid":{"rendered":"https:\/\/thedermacheck.com\/kwas-mlekowy-w-produktach-do-pielegnacji-skory-delikatna-odnowa-dla-promiennej-skory\/"},"modified":"2024-02-13T15:01:57","modified_gmt":"2024-02-13T15:01:57","slug":"kwas-mlekowy-w-produktach-do-pielegnacji-skory-delikatna-odnowa-dla-promiennej-skory","status":"publish","type":"page","link":"https:\/\/thedermacheck.com\/pl\/kwas-mlekowy-w-produktach-do-pielegnacji-skory-delikatna-odnowa-dla-promiennej-skory\/","title":{"rendered":"Kwas mlekowy w produktach do piel\u0119gnacji sk\u00f3ry: Delikatna odnowa dla promiennej sk\u00f3ry"},"content":{"rendered":"\n<p><strong>Kwas mlekowy w piel\u0119gnacji sk\u00f3ry<\/strong><\/p>\n\n<ul class=\"wp-block-list\">\n<li><strong>Rodzaj sk\u0142adnika:<\/strong> alfa-hydroksykwas (AHA)<\/li>\n\n\n\n<li><strong>G\u0142\u00f3wne korzy\u015bci:<\/strong> Promuje odnow\u0119 kom\u00f3rek, poprawia tekstur\u0119 sk\u00f3ry i nawil\u017cenie<\/li>\n\n\n\n<li><strong>Idealny dla:<\/strong> Sk\u00f3ra dojrza\u0142a, sk\u00f3ra sucha, nier\u00f3wny koloryt sk\u00f3ry<\/li>\n\n\n\n<li><strong>Cz\u0119stotliwo\u015b\u0107 stosowania:<\/strong> w zale\u017cno\u015bci od produktu i tolerancji sk\u00f3ry.<\/li>\n\n\n\n<li><strong>Po\u0142\u0105czenie z:<\/strong> Sk\u0142adnikami nawil\u017caj\u0105cymi, ochron\u0105 przeciws\u0142oneczn\u0105<\/li>\n\n\n\n<li><strong>Nie stosowa\u0107 z:<\/strong> Silnie skoncentrowanymi retinoidami lub innymi silnymi kwasami bez porady lekarza<\/li>\n<\/ul>\n\n<hr class=\"wp-block-separator has-alpha-channel-opacity\"\/>\n\n<h3 class=\"wp-block-heading\"><strong>Czym jest kwas mlekowy?<\/strong><\/h3>\n\n<p>Kwas mlekowy, alfa-hydroksykwas, jest naturalnie wytwarzany w organizmie i znajduje si\u0119 r\u00f3wnie\u017c w niekt\u00f3rych produktach spo\u017cywczych. W piel\u0119gnacji sk\u00f3ry jest ceniony za zdolno\u015b\u0107 do delikatnego z\u0142uszczania i odnawiania sk\u00f3ry.<\/p>\n\n<h3 class=\"wp-block-heading\"><strong>Korzy\u015bci kwasu mlekowego dla sk\u00f3ry<\/strong><\/h3>\n\n<ul class=\"wp-block-list\">\n<li><strong>Odnowa kom\u00f3rkowa:<\/strong> Wspomaga usuwanie martwych kom\u00f3rek nask\u00f3rka, dzi\u0119ki czemu sk\u00f3ra staje si\u0119 \u015bwie\u017csza i bardziej promienna.<\/li>\n\n\n\n<li><strong>Poprawiona tekstura sk\u00f3ry:<\/strong> Mo\u017ce wyg\u0142adzi\u0107 tekstur\u0119 sk\u00f3ry i zmniejszy\u0107 widoczno\u015b\u0107 drobnych linii i zmarszczek.<\/li>\n\n\n\n<li><strong>Nawil\u017canie:<\/strong> W przeciwie\u0144stwie do innych kwas\u00f3w AHA, kwas mlekowy ma r\u00f3wnie\u017c w\u0142a\u015bciwo\u015bci nawil\u017caj\u0105ce.<\/li>\n<\/ul>\n\n<h3 class=\"wp-block-heading\"><strong>Mo\u017cliwe skutki uboczne<\/strong><\/h3>\n\n<ul class=\"wp-block-list\">\n<li><strong>Podra\u017cnienie sk\u00f3ry:<\/strong> Mo\u017ce powodowa\u0107 zaczerwienienie i podra\u017cnienie w przypadku nadmiernego stosowania lub na bardzo wra\u017cliwej sk\u00f3rze.<\/li>\n\n\n\n<li><strong>Wra\u017cliwo\u015b\u0107 na s\u0142o\u0144ce:<\/strong> Zwi\u0119ksza wra\u017cliwo\u015b\u0107 sk\u00f3ry na promienie UV, dlatego wa\u017cne jest stosowanie ochrony przeciws\u0142onecznej.<\/li>\n<\/ul>\n\n<h3 class=\"wp-block-heading\"><strong>Zalecenia dotycz\u0105ce stosowania<\/strong><\/h3>\n\n<ul class=\"wp-block-list\">\n<li>W <strong>zale\u017cno\u015bci od sk\u0142adu produktu:<\/strong> Kwas mlekowy wyst\u0119puje w r\u00f3\u017cnych st\u0119\u017ceniach w peelingach, serum i kremach. Nale\u017cy go u\u017cywa\u0107 zgodnie z instrukcjami dotycz\u0105cymi danego produktu.<\/li>\n\n\n\n<li><strong>Ochrona przeciws\u0142oneczna jest konieczno\u015bci\u0105:<\/strong> Ze wzgl\u0119du na zwi\u0119kszon\u0105 wra\u017cliwo\u015b\u0107 na promieniowanie UV, w ci\u0105gu dnia nale\u017cy zawsze stosowa\u0107 filtry przeciws\u0142oneczne.<\/li>\n<\/ul>\n\n<h3 class=\"wp-block-heading\"><strong>Jak go nie u\u017cywa\u0107<\/strong><\/h3>\n\n<ul class=\"wp-block-list\">\n<li><strong>Nie stosowa\u0107 w po\u0142\u0105czeniu z silnymi kwasami lub retinoidami:<\/strong> Nale\u017cy unika\u0107 jednoczesnego stosowania kwasu mlekowego z silnie st\u0119\u017conymi kwasami lub retinoidami, aby zapobiec podra\u017cnieniom sk\u00f3ry.<\/li>\n\n\n\n<li><strong>Nie stosowa\u0107 na podra\u017cnion\u0105 lub zranion\u0105 sk\u00f3r\u0119:<\/strong> Kwas mlekowy nie powinien by\u0107 stosowany na otwarte rany lub sk\u00f3r\u0119 z powa\u017cnymi stanami zapalnymi.<\/li>\n<\/ul>\n\n<h3 class=\"wp-block-heading\"><strong>FAQ<\/strong><\/h3>\n\n<p><strong>1 Dla kogo przeznaczony jest kwas mlekowy?<\/strong>  Idealny dla os\u00f3b z dojrza\u0142\u0105 sk\u00f3r\u0105, such\u0105 sk\u00f3r\u0105 i tych, kt\u00f3rzy chc\u0105 uzyska\u0107 bardziej r\u00f3wnomierny koloryt sk\u00f3ry.<\/p>\n\n<p><strong>2 Jak cz\u0119sto nale\u017cy stosowa\u0107 kwas mlekowy?<\/strong>  Cz\u0119stotliwo\u015b\u0107 stosowania zale\u017cy od sk\u0142adu produktu i indywidualnej tolerancji sk\u00f3ry.<\/p>\n\n<p><strong>3. czy kwas mlekowy mo\u017ce leczy\u0107 tr\u0105dzik?<\/strong>  Kwas mlekowy mo\u017ce pom\u00f3c w leczeniu tr\u0105dziku poprzez delikatne z\u0142uszczanie sk\u00f3ry i oczyszczanie por\u00f3w.<\/p>\n\n<h3 class=\"wp-block-heading\"><strong>Wnioski<\/strong><\/h3>\n\n<p>Kwas mlekowy to skuteczny i wszechstronny sk\u0142adnik piel\u0119gnacyjny, kt\u00f3ry wspomaga odnow\u0119 sk\u00f3ry i zapewnia promienn\u0105, r\u00f3wnomiern\u0105 cer\u0119. Przy prawid\u0142owym stosowaniu i w po\u0142\u0105czeniu z filtrem przeciws\u0142onecznym, kwas mlekowy mo\u017ce pom\u00f3c zachowa\u0107 m\u0142od\u0105, nawil\u017con\u0105 i zdrow\u0105 sk\u00f3r\u0119.<\/p>\n","protected":false},"excerpt":{"rendered":"<p>Kwas mlekowy w piel\u0119gnacji sk\u00f3ry Czym jest kwas mlekowy? Kwas mlekowy, alfa-hydroksykwas, jest naturalnie wytwarzany w organizmie i znajduje si\u0119 r\u00f3wnie\u017c w niekt\u00f3rych produktach spo\u017cywczych. W piel\u0119gnacji sk\u00f3ry jest ceniony za zdolno\u015b\u0107 do delikatnego z\u0142uszczania i odnawiania sk\u00f3ry. Korzy\u015bci kwasu mlekowego dla sk\u00f3ry Mo\u017cliwe skutki uboczne Zalecenia dotycz\u0105ce stosowania Jak go nie u\u017cywa\u0107 FAQ 1 &#8230; <a title=\"Kwas mlekowy w produktach do piel\u0119gnacji sk\u00f3ry: Delikatna odnowa dla promiennej sk\u00f3ry\" class=\"read-more\" href=\"https:\/\/thedermacheck.com\/pl\/kwas-mlekowy-w-produktach-do-pielegnacji-skory-delikatna-odnowa-dla-promiennej-skory\/\" aria-label=\"Dowiedz si\u0119 wi\u0119cej o Kwas mlekowy w produktach do piel\u0119gnacji sk\u00f3ry: Delikatna odnowa dla promiennej sk\u00f3ry\">Mehr erfahren<\/a><\/p>\n","protected":false},"author":2,"featured_media":0,"parent":0,"menu_order":0,"comment_status":"closed","ping_status":"closed","template":"","meta":{"_acf_changed":false,"_lmt_disableupdate":"","_lmt_disable":"","footnotes":""},"categories":[42],"tags":[],"class_list":{"0":"post-3312","1":"page","2":"type-page","3":"status-publish","5":"category-skladniki"},"acf":[],"yoast_head":"<!-- This site is optimized with the Yoast SEO Premium plugin v25.7.1 (Yoast SEO v25.7) - https:\/\/yoast.com\/wordpress\/plugins\/seo\/ -->\n<title>Kwas mlekowy w produktach do piel\u0119gnacji sk\u00f3ry: Delikatna odnowa dla promiennej sk\u00f3ry | The Derma Check<\/title>\n<meta name=\"robots\" content=\"index, follow, max-snippet:-1, max-image-preview:large, max-video-preview:-1\" \/>\n<link rel=\"canonical\" href=\"https:\/\/thedermacheck.com\/pl\/kwas-mlekowy-w-produktach-do-pielegnacji-skory-delikatna-odnowa-dla-promiennej-skory\/\" \/>\n<meta property=\"og:locale\" content=\"pl_PL\" \/>\n<meta property=\"og:type\" content=\"article\" \/>\n<meta property=\"og:title\" content=\"Kwas mlekowy w produktach do piel\u0119gnacji sk\u00f3ry: Delikatna odnowa dla promiennej sk\u00f3ry\" \/>\n<meta property=\"og:description\" content=\"Kwas mlekowy w piel\u0119gnacji sk\u00f3ry Czym jest kwas mlekowy? Kwas mlekowy, alfa-hydroksykwas, jest naturalnie wytwarzany w organizmie i znajduje si\u0119 r\u00f3wnie\u017c w niekt\u00f3rych produktach spo\u017cywczych. W piel\u0119gnacji sk\u00f3ry jest ceniony za zdolno\u015b\u0107 do delikatnego z\u0142uszczania i odnawiania sk\u00f3ry. Korzy\u015bci kwasu mlekowego dla sk\u00f3ry Mo\u017cliwe skutki uboczne Zalecenia dotycz\u0105ce stosowania Jak go nie u\u017cywa\u0107 FAQ 1 ... Mehr erfahren\" \/>\n<meta property=\"og:url\" content=\"https:\/\/thedermacheck.com\/pl\/kwas-mlekowy-w-produktach-do-pielegnacji-skory-delikatna-odnowa-dla-promiennej-skory\/\" \/>\n<meta property=\"og:site_name\" content=\"The Derma Check\" \/>\n<meta property=\"article:modified_time\" content=\"2024-02-13T15:01:57+00:00\" \/>\n<meta name=\"twitter:card\" content=\"summary_large_image\" \/>\n<meta name=\"twitter:label1\" content=\"Szacowany czas czytania\" \/>\n\t<meta name=\"twitter:data1\" content=\"2 minuty\" \/>\n<script type=\"application\/ld+json\" class=\"yoast-schema-graph\">{\"@context\":\"https:\/\/schema.org\",\"@graph\":[{\"@type\":\"WebPage\",\"@id\":\"https:\/\/thedermacheck.com\/pl\/kwas-mlekowy-w-produktach-do-pielegnacji-skory-delikatna-odnowa-dla-promiennej-skory\/\",\"url\":\"https:\/\/thedermacheck.com\/pl\/kwas-mlekowy-w-produktach-do-pielegnacji-skory-delikatna-odnowa-dla-promiennej-skory\/\",\"name\":\"Kwas mlekowy w produktach do piel\u0119gnacji sk\u00f3ry: Delikatna odnowa dla promiennej sk\u00f3ry | The Derma Check\",\"isPartOf\":{\"@id\":\"https:\/\/thedermacheck.com\/pl\/#website\"},\"datePublished\":\"2023-12-19T14:22:46+00:00\",\"dateModified\":\"2024-02-13T15:01:57+00:00\",\"breadcrumb\":{\"@id\":\"https:\/\/thedermacheck.com\/pl\/kwas-mlekowy-w-produktach-do-pielegnacji-skory-delikatna-odnowa-dla-promiennej-skory\/#breadcrumb\"},\"inLanguage\":\"pl-PL\",\"potentialAction\":[{\"@type\":\"ReadAction\",\"target\":[\"https:\/\/thedermacheck.com\/pl\/kwas-mlekowy-w-produktach-do-pielegnacji-skory-delikatna-odnowa-dla-promiennej-skory\/\"]}]},{\"@type\":\"BreadcrumbList\",\"@id\":\"https:\/\/thedermacheck.com\/pl\/kwas-mlekowy-w-produktach-do-pielegnacji-skory-delikatna-odnowa-dla-promiennej-skory\/#breadcrumb\",\"itemListElement\":[{\"@type\":\"ListItem\",\"position\":1,\"name\":\"Derma Check\",\"item\":\"https:\/\/thedermacheck.com\/pl\/\"},{\"@type\":\"ListItem\",\"position\":2,\"name\":\"Kwas mlekowy w produktach do piel\u0119gnacji sk\u00f3ry: Delikatna odnowa dla promiennej sk\u00f3ry\"}]},{\"@type\":\"WebSite\",\"@id\":\"https:\/\/thedermacheck.com\/pl\/#website\",\"url\":\"https:\/\/thedermacheck.com\/pl\/\",\"name\":\"The Derma Check\",\"description\":\"\",\"publisher\":{\"@id\":\"https:\/\/thedermacheck.com\/pl\/#organization\"},\"potentialAction\":[{\"@type\":\"SearchAction\",\"target\":{\"@type\":\"EntryPoint\",\"urlTemplate\":\"https:\/\/thedermacheck.com\/pl\/?s={search_term_string}\"},\"query-input\":{\"@type\":\"PropertyValueSpecification\",\"valueRequired\":true,\"valueName\":\"search_term_string\"}}],\"inLanguage\":\"pl-PL\"},{\"@type\":\"Organization\",\"@id\":\"https:\/\/thedermacheck.com\/pl\/#organization\",\"name\":\"The Derma Check\",\"url\":\"https:\/\/thedermacheck.com\/pl\/\",\"logo\":{\"@type\":\"ImageObject\",\"inLanguage\":\"pl-PL\",\"@id\":\"https:\/\/thedermacheck.com\/pl\/#\/schema\/logo\/image\/\",\"url\":\"https:\/\/thedermacheck.com\/wp-content\/uploads\/2023\/10\/cropped-THE-DERMA-CHECK-FAVICON-NEW-1.png\",\"contentUrl\":\"https:\/\/thedermacheck.com\/wp-content\/uploads\/2023\/10\/cropped-THE-DERMA-CHECK-FAVICON-NEW-1.png\",\"width\":512,\"height\":512,\"caption\":\"The Derma Check\"},\"image\":{\"@id\":\"https:\/\/thedermacheck.com\/pl\/#\/schema\/logo\/image\/\"}}]}<\/script>\n<!-- \/ Yoast SEO Premium plugin. -->","yoast_head_json":{"title":"Kwas mlekowy w produktach do piel\u0119gnacji sk\u00f3ry: Delikatna odnowa dla promiennej sk\u00f3ry | The Derma Check","robots":{"index":"index","follow":"follow","max-snippet":"max-snippet:-1","max-image-preview":"max-image-preview:large","max-video-preview":"max-video-preview:-1"},"canonical":"https:\/\/thedermacheck.com\/pl\/kwas-mlekowy-w-produktach-do-pielegnacji-skory-delikatna-odnowa-dla-promiennej-skory\/","og_locale":"pl_PL","og_type":"article","og_title":"Kwas mlekowy w produktach do piel\u0119gnacji sk\u00f3ry: Delikatna odnowa dla promiennej sk\u00f3ry","og_description":"Kwas mlekowy w piel\u0119gnacji sk\u00f3ry Czym jest kwas mlekowy? Kwas mlekowy, alfa-hydroksykwas, jest naturalnie wytwarzany w organizmie i znajduje si\u0119 r\u00f3wnie\u017c w niekt\u00f3rych produktach spo\u017cywczych. W piel\u0119gnacji sk\u00f3ry jest ceniony za zdolno\u015b\u0107 do delikatnego z\u0142uszczania i odnawiania sk\u00f3ry. Korzy\u015bci kwasu mlekowego dla sk\u00f3ry Mo\u017cliwe skutki uboczne Zalecenia dotycz\u0105ce stosowania Jak go nie u\u017cywa\u0107 FAQ 1 ... Mehr erfahren","og_url":"https:\/\/thedermacheck.com\/pl\/kwas-mlekowy-w-produktach-do-pielegnacji-skory-delikatna-odnowa-dla-promiennej-skory\/","og_site_name":"The Derma Check","article_modified_time":"2024-02-13T15:01:57+00:00","twitter_card":"summary_large_image","twitter_misc":{"Szacowany czas czytania":"2 minuty"},"schema":{"@context":"https:\/\/schema.org","@graph":[{"@type":"WebPage","@id":"https:\/\/thedermacheck.com\/pl\/kwas-mlekowy-w-produktach-do-pielegnacji-skory-delikatna-odnowa-dla-promiennej-skory\/","url":"https:\/\/thedermacheck.com\/pl\/kwas-mlekowy-w-produktach-do-pielegnacji-skory-delikatna-odnowa-dla-promiennej-skory\/","name":"Kwas mlekowy w produktach do piel\u0119gnacji sk\u00f3ry: Delikatna odnowa dla promiennej sk\u00f3ry | The Derma Check","isPartOf":{"@id":"https:\/\/thedermacheck.com\/pl\/#website"},"datePublished":"2023-12-19T14:22:46+00:00","dateModified":"2024-02-13T15:01:57+00:00","breadcrumb":{"@id":"https:\/\/thedermacheck.com\/pl\/kwas-mlekowy-w-produktach-do-pielegnacji-skory-delikatna-odnowa-dla-promiennej-skory\/#breadcrumb"},"inLanguage":"pl-PL","potentialAction":[{"@type":"ReadAction","target":["https:\/\/thedermacheck.com\/pl\/kwas-mlekowy-w-produktach-do-pielegnacji-skory-delikatna-odnowa-dla-promiennej-skory\/"]}]},{"@type":"BreadcrumbList","@id":"https:\/\/thedermacheck.com\/pl\/kwas-mlekowy-w-produktach-do-pielegnacji-skory-delikatna-odnowa-dla-promiennej-skory\/#breadcrumb","itemListElement":[{"@type":"ListItem","position":1,"name":"Derma Check","item":"https:\/\/thedermacheck.com\/pl\/"},{"@type":"ListItem","position":2,"name":"Kwas mlekowy w produktach do piel\u0119gnacji sk\u00f3ry: Delikatna odnowa dla promiennej sk\u00f3ry"}]},{"@type":"WebSite","@id":"https:\/\/thedermacheck.com\/pl\/#website","url":"https:\/\/thedermacheck.com\/pl\/","name":"The Derma Check","description":"","publisher":{"@id":"https:\/\/thedermacheck.com\/pl\/#organization"},"potentialAction":[{"@type":"SearchAction","target":{"@type":"EntryPoint","urlTemplate":"https:\/\/thedermacheck.com\/pl\/?s={search_term_string}"},"query-input":{"@type":"PropertyValueSpecification","valueRequired":true,"valueName":"search_term_string"}}],"inLanguage":"pl-PL"},{"@type":"Organization","@id":"https:\/\/thedermacheck.com\/pl\/#organization","name":"The Derma Check","url":"https:\/\/thedermacheck.com\/pl\/","logo":{"@type":"ImageObject","inLanguage":"pl-PL","@id":"https:\/\/thedermacheck.com\/pl\/#\/schema\/logo\/image\/","url":"https:\/\/thedermacheck.com\/wp-content\/uploads\/2023\/10\/cropped-THE-DERMA-CHECK-FAVICON-NEW-1.png","contentUrl":"https:\/\/thedermacheck.com\/wp-content\/uploads\/2023\/10\/cropped-THE-DERMA-CHECK-FAVICON-NEW-1.png","width":512,"height":512,"caption":"The Derma Check"},"image":{"@id":"https:\/\/thedermacheck.com\/pl\/#\/schema\/logo\/image\/"}}]}},"_links":{"self":[{"href":"https:\/\/thedermacheck.com\/pl\/wp-json\/wp\/v2\/pages\/3312","targetHints":{"allow":["GET"]}}],"collection":[{"href":"https:\/\/thedermacheck.com\/pl\/wp-json\/wp\/v2\/pages"}],"about":[{"href":"https:\/\/thedermacheck.com\/pl\/wp-json\/wp\/v2\/types\/page"}],"author":[{"embeddable":true,"href":"https:\/\/thedermacheck.com\/pl\/wp-json\/wp\/v2\/users\/2"}],"replies":[{"embeddable":true,"href":"https:\/\/thedermacheck.com\/pl\/wp-json\/wp\/v2\/comments?post=3312"}],"version-history":[{"count":1,"href":"https:\/\/thedermacheck.com\/pl\/wp-json\/wp\/v2\/pages\/3312\/revisions"}],"predecessor-version":[{"id":3313,"href":"https:\/\/thedermacheck.com\/pl\/wp-json\/wp\/v2\/pages\/3312\/revisions\/3313"}],"wp:attachment":[{"href":"https:\/\/thedermacheck.com\/pl\/wp-json\/wp\/v2\/media?parent=3312"}],"wp:term":[{"taxonomy":"category","embeddable":true,"href":"https:\/\/thedermacheck.com\/pl\/wp-json\/wp\/v2\/categories?post=3312"},{"taxonomy":"post_tag","embeddable":true,"href":"https:\/\/thedermacheck.com\/pl\/wp-json\/wp\/v2\/tags?post=3312"}],"curies":[{"name":"wp","href":"https:\/\/api.w.org\/{rel}","templated":true}]}}