{"id":3326,"date":"2023-12-19T14:22:07","date_gmt":"2023-12-19T14:22:07","guid":{"rendered":"https:\/\/thedermacheck.com\/kaolin-w-produktach-do-pielegnacji-skory-delikatna-moc-oczyszczajaca-z-natury\/"},"modified":"2024-02-13T15:02:04","modified_gmt":"2024-02-13T15:02:04","slug":"kaolin-w-produktach-do-pielegnacji-skory-delikatna-moc-oczyszczajaca-z-natury","status":"publish","type":"page","link":"https:\/\/thedermacheck.com\/pl\/kaolin-w-produktach-do-pielegnacji-skory-delikatna-moc-oczyszczajaca-z-natury\/","title":{"rendered":"Kaolin w produktach do piel\u0119gnacji sk\u00f3ry: Delikatna moc oczyszczaj\u0105ca z natury"},"content":{"rendered":"\n<p><strong>Kaolin w piel\u0119gnacji sk\u00f3ry<\/strong><\/p>\n\n<ul class=\"wp-block-list\">\n<li><strong>Rodzaj sk\u0142adnika:<\/strong> Naturalna glinka<\/li>\n\n\n\n<li><strong>G\u0142\u00f3wne korzy\u015bci:<\/strong> Absorbuje nadmiar sebum, delikatnie oczyszcza, koi sk\u00f3r\u0119<\/li>\n\n\n\n<li><strong>Idealny dla:<\/strong> Sk\u00f3ra t\u0142usta i sk\u0142onna do wyprysk\u00f3w<\/li>\n\n\n\n<li><strong>Cz\u0119stotliwo\u015b\u0107 stosowania:<\/strong> W zale\u017cno\u015bci od produktu, cz\u0119sto w maseczkach i \u015brodkach czyszcz\u0105cych.<\/li>\n\n\n\n<li><strong>Po\u0142\u0105czenie z:<\/strong> Sk\u0142adnikami \u0142agodz\u0105cymi i nawil\u017caj\u0105cymi<\/li>\n\n\n\n<li><strong>Nie stosowa\u0107 z:<\/strong> Zbyt cz\u0119ste stosowanie mo\u017ce mie\u0107 wysuszaj\u0105cy wp\u0142yw na such\u0105 sk\u00f3r\u0119<\/li>\n<\/ul>\n\n<hr class=\"wp-block-separator has-alpha-channel-opacity\"\/>\n\n<h3 class=\"wp-block-heading\"><strong>Czym jest kaolin?<\/strong><\/h3>\n\n<p>Kaolin, znany r\u00f3wnie\u017c jako bia\u0142a glinka, to naturalnie wyst\u0119puj\u0105ca, drobno zmielona glinka, kt\u00f3ra jest ceniona w piel\u0119gnacji sk\u00f3ry ze wzgl\u0119du na swoje delikatne w\u0142a\u015bciwo\u015bci oczyszczaj\u0105ce i absorbuj\u0105ce.<\/p>\n\n<h3 class=\"wp-block-heading\"><strong>Korzy\u015bci kaolinu dla sk\u00f3ry<\/strong><\/h3>\n\n<ul class=\"wp-block-list\">\n<li><strong>Poch\u0142ania nadmiar sebum:<\/strong> Idealny dla sk\u00f3ry t\u0142ustej, poniewa\u017c kaolin poch\u0142ania nadmiar sebum i zanieczyszcze\u0144 bez wysuszania sk\u00f3ry.<\/li>\n\n\n\n<li><strong>Delikatne oczyszczanie:<\/strong> Zapewnia \u0142agodne oczyszczanie, kt\u00f3re pomaga oczy\u015bci\u0107 pory i zredukowa\u0107 zanieczyszczenia.<\/li>\n\n\n\n<li><strong>\u0141agodzi sk\u00f3r\u0119:<\/strong> Kaolin mo\u017ce pom\u00f3c w podra\u017cnieniach i zaczerwienieniach sk\u00f3ry oraz \u0142agodzi\u0107 sk\u00f3r\u0119.<\/li>\n<\/ul>\n\n<h3 class=\"wp-block-heading\"><strong>Mo\u017cliwe skutki uboczne<\/strong><\/h3>\n\n<p>Kaolin jest og\u00f3lnie bardzo dobrze tolerowany. Jednak nadmierne stosowanie mo\u017ce prowadzi\u0107 do lekkiego odwodnienia suchej lub wra\u017cliwej sk\u00f3ry.<\/p>\n\n<h3 class=\"wp-block-heading\"><strong>Zalecenia dotycz\u0105ce stosowania<\/strong><\/h3>\n\n<ul class=\"wp-block-list\">\n<li><strong>W maseczkach i produktach oczyszczaj\u0105cych:<\/strong> Kaolin jest cz\u0119sto stosowany w maseczkach i produktach oczyszczaj\u0105cych. Maseczka z kaolinem powinna by\u0107 stosowana raz w tygodniu, aby g\u0142\u0119boko oczy\u015bci\u0107 i ukoi\u0107 sk\u00f3r\u0119.<\/li>\n\n\n\n<li><strong>Nie stosowa\u0107 zbyt cz\u0119sto:<\/strong> W przypadku codziennego stosowania nale\u017cy uwa\u017ca\u0107, aby nie wysuszy\u0107 sk\u00f3ry, zw\u0142aszcza suchej.<\/li>\n<\/ul>\n\n<h3 class=\"wp-block-heading\"><strong>Jak go nie u\u017cywa\u0107<\/strong><\/h3>\n\n<ul class=\"wp-block-list\">\n<li><strong>Nie w czystej postaci:<\/strong> Kaolin nie powinien by\u0107 stosowany bezpo\u015brednio na sk\u00f3r\u0119 w czystej postaci. Najlepiej stosowa\u0107 go w formulacjach z innymi sk\u0142adnikami.<\/li>\n\n\n\n<li><strong>Uwaga dla sk\u00f3ry suchej:<\/strong> Osoby z such\u0105 sk\u00f3r\u0105 powinny stosowa\u0107 produkty o wysokiej zawarto\u015bci kaolinu tylko w ograniczonym zakresie.<\/li>\n<\/ul>\n\n<h3 class=\"wp-block-heading\"><strong>FAQ<\/strong><\/h3>\n\n<p><strong>1. czy kaolin jest odpowiedni dla wszystkich rodzaj\u00f3w sk\u00f3ry?<\/strong>  Tak, szczeg\u00f3lnie w przypadku sk\u00f3ry t\u0142ustej i sk\u0142onnej do wyprysk\u00f3w.<\/p>\n\n<p><strong>2. czy kaolin mo\u017ce pom\u00f3c na tr\u0105dzik?<\/strong>  Tak, ze wzgl\u0119du na swoje w\u0142a\u015bciwo\u015bci poch\u0142aniaj\u0105ce olej i oczyszczaj\u0105ce, mo\u017ce by\u0107 pomocny w leczeniu tr\u0105dziku.<\/p>\n\n<p><strong>3 Jak dzia\u0142a kaolin w produktach do piel\u0119gnacji sk\u00f3ry?<\/strong>  Dzia\u0142a jako delikatny poch\u0142aniacz nadmiaru oleju i zanieczyszcze\u0144 oraz przyczynia si\u0119 do oczyszczenia sk\u00f3ry.<\/p>\n\n<h3 class=\"wp-block-heading\"><strong>Wnioski<\/strong><\/h3>\n\n<p>Kaolin jest wszechstronnym i delikatnym sk\u0142adnikiem, kt\u00f3ry mo\u017ce skutecznie wch\u0142ania\u0107 nadmiar oleju i zanieczyszcze\u0144. Jest idealny do g\u0142\u0119bokiego oczyszczania sk\u00f3ry, ale nale\u017cy go stosowa\u0107 ostro\u017cnie, aby unikn\u0105\u0107 odwodnienia, szczeg\u00f3lnie w przypadku sk\u00f3ry suchej. W odpowiedniej r\u00f3wnowadze kaolin mo\u017ce w istotny spos\u00f3b przyczyni\u0107 si\u0119 do zdrowej i czystej sk\u00f3ry.<\/p>\n","protected":false},"excerpt":{"rendered":"<p>Kaolin w piel\u0119gnacji sk\u00f3ry Czym jest kaolin? Kaolin, znany r\u00f3wnie\u017c jako bia\u0142a glinka, to naturalnie wyst\u0119puj\u0105ca, drobno zmielona glinka, kt\u00f3ra jest ceniona w piel\u0119gnacji sk\u00f3ry ze wzgl\u0119du na swoje delikatne w\u0142a\u015bciwo\u015bci oczyszczaj\u0105ce i absorbuj\u0105ce. Korzy\u015bci kaolinu dla sk\u00f3ry Mo\u017cliwe skutki uboczne Kaolin jest og\u00f3lnie bardzo dobrze tolerowany. Jednak nadmierne stosowanie mo\u017ce prowadzi\u0107 do lekkiego odwodnienia &#8230; <a title=\"Kaolin w produktach do piel\u0119gnacji sk\u00f3ry: Delikatna moc oczyszczaj\u0105ca z natury\" class=\"read-more\" href=\"https:\/\/thedermacheck.com\/pl\/kaolin-w-produktach-do-pielegnacji-skory-delikatna-moc-oczyszczajaca-z-natury\/\" aria-label=\"Dowiedz si\u0119 wi\u0119cej o Kaolin w produktach do piel\u0119gnacji sk\u00f3ry: Delikatna moc oczyszczaj\u0105ca z natury\">Mehr erfahren<\/a><\/p>\n","protected":false},"author":2,"featured_media":0,"parent":0,"menu_order":0,"comment_status":"closed","ping_status":"closed","template":"","meta":{"_acf_changed":false,"_lmt_disableupdate":"","_lmt_disable":"","footnotes":""},"categories":[42],"tags":[],"class_list":{"0":"post-3326","1":"page","2":"type-page","3":"status-publish","5":"category-skladniki"},"acf":[],"yoast_head":"<!-- This site is optimized with the Yoast SEO Premium plugin v25.7.1 (Yoast SEO v25.7) - https:\/\/yoast.com\/wordpress\/plugins\/seo\/ -->\n<title>Kaolin w produktach do piel\u0119gnacji sk\u00f3ry: Delikatna moc oczyszczaj\u0105ca z natury | The Derma Check<\/title>\n<meta name=\"robots\" content=\"index, follow, max-snippet:-1, max-image-preview:large, max-video-preview:-1\" \/>\n<link rel=\"canonical\" href=\"https:\/\/thedermacheck.com\/pl\/kaolin-w-produktach-do-pielegnacji-skory-delikatna-moc-oczyszczajaca-z-natury\/\" \/>\n<meta property=\"og:locale\" content=\"pl_PL\" \/>\n<meta property=\"og:type\" content=\"article\" \/>\n<meta property=\"og:title\" content=\"Kaolin w produktach do piel\u0119gnacji sk\u00f3ry: Delikatna moc oczyszczaj\u0105ca z natury\" \/>\n<meta property=\"og:description\" content=\"Kaolin w piel\u0119gnacji sk\u00f3ry Czym jest kaolin? Kaolin, znany r\u00f3wnie\u017c jako bia\u0142a glinka, to naturalnie wyst\u0119puj\u0105ca, drobno zmielona glinka, kt\u00f3ra jest ceniona w piel\u0119gnacji sk\u00f3ry ze wzgl\u0119du na swoje delikatne w\u0142a\u015bciwo\u015bci oczyszczaj\u0105ce i absorbuj\u0105ce. Korzy\u015bci kaolinu dla sk\u00f3ry Mo\u017cliwe skutki uboczne Kaolin jest og\u00f3lnie bardzo dobrze tolerowany. Jednak nadmierne stosowanie mo\u017ce prowadzi\u0107 do lekkiego odwodnienia ... Mehr erfahren\" \/>\n<meta property=\"og:url\" content=\"https:\/\/thedermacheck.com\/pl\/kaolin-w-produktach-do-pielegnacji-skory-delikatna-moc-oczyszczajaca-z-natury\/\" \/>\n<meta property=\"og:site_name\" content=\"The Derma Check\" \/>\n<meta property=\"article:modified_time\" content=\"2024-02-13T15:02:04+00:00\" \/>\n<meta name=\"twitter:card\" content=\"summary_large_image\" \/>\n<meta name=\"twitter:label1\" content=\"Szacowany czas czytania\" \/>\n\t<meta name=\"twitter:data1\" content=\"2 minuty\" \/>\n<script type=\"application\/ld+json\" class=\"yoast-schema-graph\">{\"@context\":\"https:\/\/schema.org\",\"@graph\":[{\"@type\":\"WebPage\",\"@id\":\"https:\/\/thedermacheck.com\/pl\/kaolin-w-produktach-do-pielegnacji-skory-delikatna-moc-oczyszczajaca-z-natury\/\",\"url\":\"https:\/\/thedermacheck.com\/pl\/kaolin-w-produktach-do-pielegnacji-skory-delikatna-moc-oczyszczajaca-z-natury\/\",\"name\":\"Kaolin w produktach do piel\u0119gnacji sk\u00f3ry: Delikatna moc oczyszczaj\u0105ca z natury | The Derma Check\",\"isPartOf\":{\"@id\":\"https:\/\/thedermacheck.com\/pl\/#website\"},\"datePublished\":\"2023-12-19T14:22:07+00:00\",\"dateModified\":\"2024-02-13T15:02:04+00:00\",\"breadcrumb\":{\"@id\":\"https:\/\/thedermacheck.com\/pl\/kaolin-w-produktach-do-pielegnacji-skory-delikatna-moc-oczyszczajaca-z-natury\/#breadcrumb\"},\"inLanguage\":\"pl-PL\",\"potentialAction\":[{\"@type\":\"ReadAction\",\"target\":[\"https:\/\/thedermacheck.com\/pl\/kaolin-w-produktach-do-pielegnacji-skory-delikatna-moc-oczyszczajaca-z-natury\/\"]}]},{\"@type\":\"BreadcrumbList\",\"@id\":\"https:\/\/thedermacheck.com\/pl\/kaolin-w-produktach-do-pielegnacji-skory-delikatna-moc-oczyszczajaca-z-natury\/#breadcrumb\",\"itemListElement\":[{\"@type\":\"ListItem\",\"position\":1,\"name\":\"Derma Check\",\"item\":\"https:\/\/thedermacheck.com\/pl\/\"},{\"@type\":\"ListItem\",\"position\":2,\"name\":\"Kaolin w produktach do piel\u0119gnacji sk\u00f3ry: Delikatna moc oczyszczaj\u0105ca z natury\"}]},{\"@type\":\"WebSite\",\"@id\":\"https:\/\/thedermacheck.com\/pl\/#website\",\"url\":\"https:\/\/thedermacheck.com\/pl\/\",\"name\":\"The Derma Check\",\"description\":\"\",\"publisher\":{\"@id\":\"https:\/\/thedermacheck.com\/pl\/#organization\"},\"potentialAction\":[{\"@type\":\"SearchAction\",\"target\":{\"@type\":\"EntryPoint\",\"urlTemplate\":\"https:\/\/thedermacheck.com\/pl\/?s={search_term_string}\"},\"query-input\":{\"@type\":\"PropertyValueSpecification\",\"valueRequired\":true,\"valueName\":\"search_term_string\"}}],\"inLanguage\":\"pl-PL\"},{\"@type\":\"Organization\",\"@id\":\"https:\/\/thedermacheck.com\/pl\/#organization\",\"name\":\"The Derma Check\",\"url\":\"https:\/\/thedermacheck.com\/pl\/\",\"logo\":{\"@type\":\"ImageObject\",\"inLanguage\":\"pl-PL\",\"@id\":\"https:\/\/thedermacheck.com\/pl\/#\/schema\/logo\/image\/\",\"url\":\"https:\/\/thedermacheck.com\/wp-content\/uploads\/2023\/10\/cropped-THE-DERMA-CHECK-FAVICON-NEW-1.png\",\"contentUrl\":\"https:\/\/thedermacheck.com\/wp-content\/uploads\/2023\/10\/cropped-THE-DERMA-CHECK-FAVICON-NEW-1.png\",\"width\":512,\"height\":512,\"caption\":\"The Derma Check\"},\"image\":{\"@id\":\"https:\/\/thedermacheck.com\/pl\/#\/schema\/logo\/image\/\"}}]}<\/script>\n<!-- \/ Yoast SEO Premium plugin. -->","yoast_head_json":{"title":"Kaolin w produktach do piel\u0119gnacji sk\u00f3ry: Delikatna moc oczyszczaj\u0105ca z natury | The Derma Check","robots":{"index":"index","follow":"follow","max-snippet":"max-snippet:-1","max-image-preview":"max-image-preview:large","max-video-preview":"max-video-preview:-1"},"canonical":"https:\/\/thedermacheck.com\/pl\/kaolin-w-produktach-do-pielegnacji-skory-delikatna-moc-oczyszczajaca-z-natury\/","og_locale":"pl_PL","og_type":"article","og_title":"Kaolin w produktach do piel\u0119gnacji sk\u00f3ry: Delikatna moc oczyszczaj\u0105ca z natury","og_description":"Kaolin w piel\u0119gnacji sk\u00f3ry Czym jest kaolin? Kaolin, znany r\u00f3wnie\u017c jako bia\u0142a glinka, to naturalnie wyst\u0119puj\u0105ca, drobno zmielona glinka, kt\u00f3ra jest ceniona w piel\u0119gnacji sk\u00f3ry ze wzgl\u0119du na swoje delikatne w\u0142a\u015bciwo\u015bci oczyszczaj\u0105ce i absorbuj\u0105ce. Korzy\u015bci kaolinu dla sk\u00f3ry Mo\u017cliwe skutki uboczne Kaolin jest og\u00f3lnie bardzo dobrze tolerowany. Jednak nadmierne stosowanie mo\u017ce prowadzi\u0107 do lekkiego odwodnienia ... Mehr erfahren","og_url":"https:\/\/thedermacheck.com\/pl\/kaolin-w-produktach-do-pielegnacji-skory-delikatna-moc-oczyszczajaca-z-natury\/","og_site_name":"The Derma Check","article_modified_time":"2024-02-13T15:02:04+00:00","twitter_card":"summary_large_image","twitter_misc":{"Szacowany czas czytania":"2 minuty"},"schema":{"@context":"https:\/\/schema.org","@graph":[{"@type":"WebPage","@id":"https:\/\/thedermacheck.com\/pl\/kaolin-w-produktach-do-pielegnacji-skory-delikatna-moc-oczyszczajaca-z-natury\/","url":"https:\/\/thedermacheck.com\/pl\/kaolin-w-produktach-do-pielegnacji-skory-delikatna-moc-oczyszczajaca-z-natury\/","name":"Kaolin w produktach do piel\u0119gnacji sk\u00f3ry: Delikatna moc oczyszczaj\u0105ca z natury | The Derma Check","isPartOf":{"@id":"https:\/\/thedermacheck.com\/pl\/#website"},"datePublished":"2023-12-19T14:22:07+00:00","dateModified":"2024-02-13T15:02:04+00:00","breadcrumb":{"@id":"https:\/\/thedermacheck.com\/pl\/kaolin-w-produktach-do-pielegnacji-skory-delikatna-moc-oczyszczajaca-z-natury\/#breadcrumb"},"inLanguage":"pl-PL","potentialAction":[{"@type":"ReadAction","target":["https:\/\/thedermacheck.com\/pl\/kaolin-w-produktach-do-pielegnacji-skory-delikatna-moc-oczyszczajaca-z-natury\/"]}]},{"@type":"BreadcrumbList","@id":"https:\/\/thedermacheck.com\/pl\/kaolin-w-produktach-do-pielegnacji-skory-delikatna-moc-oczyszczajaca-z-natury\/#breadcrumb","itemListElement":[{"@type":"ListItem","position":1,"name":"Derma Check","item":"https:\/\/thedermacheck.com\/pl\/"},{"@type":"ListItem","position":2,"name":"Kaolin w produktach do piel\u0119gnacji sk\u00f3ry: Delikatna moc oczyszczaj\u0105ca z natury"}]},{"@type":"WebSite","@id":"https:\/\/thedermacheck.com\/pl\/#website","url":"https:\/\/thedermacheck.com\/pl\/","name":"The Derma Check","description":"","publisher":{"@id":"https:\/\/thedermacheck.com\/pl\/#organization"},"potentialAction":[{"@type":"SearchAction","target":{"@type":"EntryPoint","urlTemplate":"https:\/\/thedermacheck.com\/pl\/?s={search_term_string}"},"query-input":{"@type":"PropertyValueSpecification","valueRequired":true,"valueName":"search_term_string"}}],"inLanguage":"pl-PL"},{"@type":"Organization","@id":"https:\/\/thedermacheck.com\/pl\/#organization","name":"The Derma Check","url":"https:\/\/thedermacheck.com\/pl\/","logo":{"@type":"ImageObject","inLanguage":"pl-PL","@id":"https:\/\/thedermacheck.com\/pl\/#\/schema\/logo\/image\/","url":"https:\/\/thedermacheck.com\/wp-content\/uploads\/2023\/10\/cropped-THE-DERMA-CHECK-FAVICON-NEW-1.png","contentUrl":"https:\/\/thedermacheck.com\/wp-content\/uploads\/2023\/10\/cropped-THE-DERMA-CHECK-FAVICON-NEW-1.png","width":512,"height":512,"caption":"The Derma Check"},"image":{"@id":"https:\/\/thedermacheck.com\/pl\/#\/schema\/logo\/image\/"}}]}},"_links":{"self":[{"href":"https:\/\/thedermacheck.com\/pl\/wp-json\/wp\/v2\/pages\/3326","targetHints":{"allow":["GET"]}}],"collection":[{"href":"https:\/\/thedermacheck.com\/pl\/wp-json\/wp\/v2\/pages"}],"about":[{"href":"https:\/\/thedermacheck.com\/pl\/wp-json\/wp\/v2\/types\/page"}],"author":[{"embeddable":true,"href":"https:\/\/thedermacheck.com\/pl\/wp-json\/wp\/v2\/users\/2"}],"replies":[{"embeddable":true,"href":"https:\/\/thedermacheck.com\/pl\/wp-json\/wp\/v2\/comments?post=3326"}],"version-history":[{"count":1,"href":"https:\/\/thedermacheck.com\/pl\/wp-json\/wp\/v2\/pages\/3326\/revisions"}],"predecessor-version":[{"id":3327,"href":"https:\/\/thedermacheck.com\/pl\/wp-json\/wp\/v2\/pages\/3326\/revisions\/3327"}],"wp:attachment":[{"href":"https:\/\/thedermacheck.com\/pl\/wp-json\/wp\/v2\/media?parent=3326"}],"wp:term":[{"taxonomy":"category","embeddable":true,"href":"https:\/\/thedermacheck.com\/pl\/wp-json\/wp\/v2\/categories?post=3326"},{"taxonomy":"post_tag","embeddable":true,"href":"https:\/\/thedermacheck.com\/pl\/wp-json\/wp\/v2\/tags?post=3326"}],"curies":[{"name":"wp","href":"https:\/\/api.w.org\/{rel}","templated":true}]}}