{"id":3384,"date":"2023-12-19T14:19:41","date_gmt":"2023-12-19T14:19:41","guid":{"rendered":"https:\/\/thedermacheck.com\/nadtlenek-wodoru-w-produktach-do-pielegnacji-skory-skuteczny-ale-nalezy-go-stosowac-ostroznie\/"},"modified":"2024-02-13T15:02:42","modified_gmt":"2024-02-13T15:02:42","slug":"nadtlenek-wodoru-w-produktach-do-pielegnacji-skory-skuteczny-ale-nalezy-go-stosowac-ostroznie","status":"publish","type":"page","link":"https:\/\/thedermacheck.com\/pl\/nadtlenek-wodoru-w-produktach-do-pielegnacji-skory-skuteczny-ale-nalezy-go-stosowac-ostroznie\/","title":{"rendered":"Nadtlenek wodoru w produktach do piel\u0119gnacji sk\u00f3ry: Skuteczny, ale nale\u017cy go stosowa\u0107 ostro\u017cnie"},"content":{"rendered":"\n<p><strong>Nadtlenek wodoru w piel\u0119gnacji sk\u00f3ry<\/strong><\/p>\n\n<ul class=\"wp-block-list\">\n<li><strong>Rodzaj sk\u0142adnika:<\/strong> Antyseptyczny<\/li>\n\n\n\n<li><strong>G\u0142\u00f3wne korzy\u015bci:<\/strong> Dezynfekuje zanieczyszczenia sk\u00f3ry, mo\u017ce pom\u00f3c przy tr\u0105dziku<\/li>\n\n\n\n<li><strong>Idealny dla:<\/strong> Ukierunkowane aplikacje na przebarwienia sk\u00f3ry<\/li>\n\n\n\n<li><strong>Cz\u0119stotliwo\u015b\u0107 u\u017cytkowania:<\/strong> oszcz\u0119dnie i tylko w razie potrzeby<\/li>\n\n\n\n<li><strong>\u0141\u0105czy\u0107 z:<\/strong> Nie \u0142\u0105czy\u0107 z innymi silnymi lekami przeciwtr\u0105dzikowymi lub substancjami podra\u017cniaj\u0105cymi sk\u00f3r\u0119.<\/li>\n\n\n\n<li><strong>Nie stosowa\u0107 w przypadku:<\/strong> Sk\u00f3ry wra\u017cliwej lub jako produkt do codziennej piel\u0119gnacji sk\u00f3ry<\/li>\n<\/ul>\n\n<hr class=\"wp-block-separator has-alpha-channel-opacity\"\/>\n\n<h3 class=\"wp-block-heading\"><strong>Czym jest nadtlenek wodoru?<\/strong><\/h3>\n\n<p>Nadtlenek wodoru, znany jako H2O2, to zwi\u0105zek chemiczny stosowany jako \u0142agodny \u015brodek antyseptyczny w piel\u0119gnacji sk\u00f3ry. Jest znany ze swoich w\u0142a\u015bciwo\u015bci dezynfekuj\u0105cych i cz\u0119sto u\u017cywany do czyszczenia drobnych skalecze\u0144 i otar\u0107.<\/p>\n\n<h3 class=\"wp-block-heading\"><strong>Korzy\u015bci nadtlenku wodoru dla sk\u00f3ry<\/strong><\/h3>\n\n<ul class=\"wp-block-list\">\n<li><strong>Dezynfekcja wyprysk\u00f3w sk\u00f3rnych:<\/strong> Nadtlenek wodoru mo\u017ce skutecznie zabija\u0107 bakterie i dlatego jest cz\u0119sto stosowany w leczeniu tr\u0105dziku i innych skaz sk\u00f3rnych.<\/li>\n\n\n\n<li><strong>Pomaga w walce z tr\u0105dzikiem:<\/strong> Dzi\u0119ki dzia\u0142aniu antybakteryjnemu mo\u017ce pom\u00f3c w redukcji tr\u0105dziku, zw\u0142aszcza powierzchownych wyprysk\u00f3w.<\/li>\n<\/ul>\n\n<h3 class=\"wp-block-heading\"><strong>Mo\u017cliwe skutki uboczne<\/strong><\/h3>\n\n<ul class=\"wp-block-list\">\n<li><strong>Podra\u017cnienie sk\u00f3ry:<\/strong> Mo\u017ce powodowa\u0107 podra\u017cnienie i wysuszenie wra\u017cliwej sk\u00f3ry lub w przypadku zbyt cz\u0119stego stosowania.<\/li>\n\n\n\n<li><strong>Uszkodzenie bariery ochronnej sk\u00f3ry:<\/strong> Nadmierne stosowanie mo\u017ce os\u0142abi\u0107 naturaln\u0105 barier\u0119 ochronn\u0105 sk\u00f3ry.<\/li>\n<\/ul>\n\n<h3 class=\"wp-block-heading\"><strong>Zalecenia dotycz\u0105ce stosowania<\/strong><\/h3>\n\n<ul class=\"wp-block-list\">\n<li><strong>Ukierunkowane zastosowanie:<\/strong> Nadtlenek wodoru powinien by\u0107 stosowany wybi\u00f3rczo na zanieczyszczenia sk\u00f3ry tylko w razie potrzeby.<\/li>\n\n\n\n<li><strong>Rozcie\u0144czanie:<\/strong> Zaleca si\u0119 stosowanie nadtlenku wodoru w postaci rozcie\u0144czonej, aby zminimalizowa\u0107 podra\u017cnienia sk\u00f3ry.<\/li>\n<\/ul>\n\n<h3 class=\"wp-block-heading\"><strong>Jak go nie u\u017cywa\u0107<\/strong><\/h3>\n\n<ul class=\"wp-block-list\">\n<li><strong>Nie jako codzienny \u015brodek oczyszczaj\u0105cy sk\u00f3r\u0119:<\/strong> Nie powinien by\u0107 stosowany jako regularny \u015brodek oczyszczaj\u0105cy lub w du\u017cych ilo\u015bciach.<\/li>\n\n\n\n<li><strong>Unikanie w przypadku sk\u00f3ry wra\u017cliwej:<\/strong> Nie stosowa\u0107 na sk\u00f3r\u0119 wra\u017cliw\u0105, such\u0105 lub podra\u017cnion\u0105.<\/li>\n<\/ul>\n\n<h3 class=\"wp-block-heading\"><strong>FAQ<\/strong><\/h3>\n\n<p><strong>1. Czy nadtlenek wodoru mo\u017ce by\u0107 stosowany jako g\u0142\u00f3wny sk\u0142adnik w piel\u0119gnacji sk\u00f3ry?<\/strong>  Nie, powinna by\u0107 u\u017cywana selektywnie i oszcz\u0119dnie.<\/p>\n\n<p><strong>2 Czy nadtlenek wodoru jest bezpieczny dla wszystkich rodzaj\u00f3w sk\u00f3ry?<\/strong>  Mo\u017ce powodowa\u0107 podra\u017cnienia wra\u017cliwej sk\u00f3ry i powinien by\u0107 stosowany ostro\u017cnie.<\/p>\n\n<p><strong>3 Jak cz\u0119sto mo\u017cna stosowa\u0107 nadtlenek wodoru na sk\u00f3r\u0119?<\/strong>  Tylko w razie potrzeby, a nie jako regularny element rutynowej piel\u0119gnacji sk\u00f3ry.<\/p>\n\n<h3 class=\"wp-block-heading\"><strong>Wnioski<\/strong><\/h3>\n\n<p>Nadtlenek wodoru mo\u017ce by\u0107 przydatnym sk\u0142adnikiem w piel\u0119gnacji sk\u00f3ry, zw\u0142aszcza w leczeniu tr\u0105dziku i wyprysk\u00f3w. Nale\u017cy go jednak stosowa\u0107 ostro\u017cnie i tylko selektywnie, aby unikn\u0105\u0107 podra\u017cnienia sk\u00f3ry i uszkodzenia bariery sk\u00f3rnej. Prawid\u0142owe stosowanie i dawkowanie maj\u0105 kluczowe znaczenie dla bezpiecznego i skutecznego wykorzystania jego zalet.<\/p>\n","protected":false},"excerpt":{"rendered":"<p>Nadtlenek wodoru w piel\u0119gnacji sk\u00f3ry Czym jest nadtlenek wodoru? Nadtlenek wodoru, znany jako H2O2, to zwi\u0105zek chemiczny stosowany jako \u0142agodny \u015brodek antyseptyczny w piel\u0119gnacji sk\u00f3ry. Jest znany ze swoich w\u0142a\u015bciwo\u015bci dezynfekuj\u0105cych i cz\u0119sto u\u017cywany do czyszczenia drobnych skalecze\u0144 i otar\u0107. Korzy\u015bci nadtlenku wodoru dla sk\u00f3ry Mo\u017cliwe skutki uboczne Zalecenia dotycz\u0105ce stosowania Jak go nie u\u017cywa\u0107 &#8230; <a title=\"Nadtlenek wodoru w produktach do piel\u0119gnacji sk\u00f3ry: Skuteczny, ale nale\u017cy go stosowa\u0107 ostro\u017cnie\" class=\"read-more\" href=\"https:\/\/thedermacheck.com\/pl\/nadtlenek-wodoru-w-produktach-do-pielegnacji-skory-skuteczny-ale-nalezy-go-stosowac-ostroznie\/\" aria-label=\"Dowiedz si\u0119 wi\u0119cej o Nadtlenek wodoru w produktach do piel\u0119gnacji sk\u00f3ry: Skuteczny, ale nale\u017cy go stosowa\u0107 ostro\u017cnie\">Mehr erfahren<\/a><\/p>\n","protected":false},"author":2,"featured_media":0,"parent":0,"menu_order":0,"comment_status":"closed","ping_status":"closed","template":"","meta":{"_acf_changed":false,"_lmt_disableupdate":"","_lmt_disable":"","footnotes":""},"categories":[42],"tags":[],"class_list":{"0":"post-3384","1":"page","2":"type-page","3":"status-publish","5":"category-skladniki"},"acf":[],"yoast_head":"<!-- This site is optimized with the Yoast SEO Premium plugin v25.7.1 (Yoast SEO v25.7) - https:\/\/yoast.com\/wordpress\/plugins\/seo\/ -->\n<title>Nadtlenek wodoru w produktach do piel\u0119gnacji sk\u00f3ry: Skuteczny, ale nale\u017cy go stosowa\u0107 ostro\u017cnie | The Derma Check<\/title>\n<meta name=\"robots\" content=\"index, follow, max-snippet:-1, max-image-preview:large, max-video-preview:-1\" \/>\n<link rel=\"canonical\" href=\"https:\/\/thedermacheck.com\/pl\/nadtlenek-wodoru-w-produktach-do-pielegnacji-skory-skuteczny-ale-nalezy-go-stosowac-ostroznie\/\" \/>\n<meta property=\"og:locale\" content=\"pl_PL\" \/>\n<meta property=\"og:type\" content=\"article\" \/>\n<meta property=\"og:title\" content=\"Nadtlenek wodoru w produktach do piel\u0119gnacji sk\u00f3ry: Skuteczny, ale nale\u017cy go stosowa\u0107 ostro\u017cnie\" \/>\n<meta property=\"og:description\" content=\"Nadtlenek wodoru w piel\u0119gnacji sk\u00f3ry Czym jest nadtlenek wodoru? Nadtlenek wodoru, znany jako H2O2, to zwi\u0105zek chemiczny stosowany jako \u0142agodny \u015brodek antyseptyczny w piel\u0119gnacji sk\u00f3ry. Jest znany ze swoich w\u0142a\u015bciwo\u015bci dezynfekuj\u0105cych i cz\u0119sto u\u017cywany do czyszczenia drobnych skalecze\u0144 i otar\u0107. Korzy\u015bci nadtlenku wodoru dla sk\u00f3ry Mo\u017cliwe skutki uboczne Zalecenia dotycz\u0105ce stosowania Jak go nie u\u017cywa\u0107 ... Mehr erfahren\" \/>\n<meta property=\"og:url\" content=\"https:\/\/thedermacheck.com\/pl\/nadtlenek-wodoru-w-produktach-do-pielegnacji-skory-skuteczny-ale-nalezy-go-stosowac-ostroznie\/\" \/>\n<meta property=\"og:site_name\" content=\"The Derma Check\" \/>\n<meta property=\"article:modified_time\" content=\"2024-02-13T15:02:42+00:00\" \/>\n<meta name=\"twitter:card\" content=\"summary_large_image\" \/>\n<meta name=\"twitter:label1\" content=\"Szacowany czas czytania\" \/>\n\t<meta name=\"twitter:data1\" content=\"2 minuty\" \/>\n<script type=\"application\/ld+json\" class=\"yoast-schema-graph\">{\"@context\":\"https:\/\/schema.org\",\"@graph\":[{\"@type\":\"WebPage\",\"@id\":\"https:\/\/thedermacheck.com\/pl\/nadtlenek-wodoru-w-produktach-do-pielegnacji-skory-skuteczny-ale-nalezy-go-stosowac-ostroznie\/\",\"url\":\"https:\/\/thedermacheck.com\/pl\/nadtlenek-wodoru-w-produktach-do-pielegnacji-skory-skuteczny-ale-nalezy-go-stosowac-ostroznie\/\",\"name\":\"Nadtlenek wodoru w produktach do piel\u0119gnacji sk\u00f3ry: Skuteczny, ale nale\u017cy go stosowa\u0107 ostro\u017cnie | The Derma Check\",\"isPartOf\":{\"@id\":\"https:\/\/thedermacheck.com\/pl\/#website\"},\"datePublished\":\"2023-12-19T14:19:41+00:00\",\"dateModified\":\"2024-02-13T15:02:42+00:00\",\"breadcrumb\":{\"@id\":\"https:\/\/thedermacheck.com\/pl\/nadtlenek-wodoru-w-produktach-do-pielegnacji-skory-skuteczny-ale-nalezy-go-stosowac-ostroznie\/#breadcrumb\"},\"inLanguage\":\"pl-PL\",\"potentialAction\":[{\"@type\":\"ReadAction\",\"target\":[\"https:\/\/thedermacheck.com\/pl\/nadtlenek-wodoru-w-produktach-do-pielegnacji-skory-skuteczny-ale-nalezy-go-stosowac-ostroznie\/\"]}]},{\"@type\":\"BreadcrumbList\",\"@id\":\"https:\/\/thedermacheck.com\/pl\/nadtlenek-wodoru-w-produktach-do-pielegnacji-skory-skuteczny-ale-nalezy-go-stosowac-ostroznie\/#breadcrumb\",\"itemListElement\":[{\"@type\":\"ListItem\",\"position\":1,\"name\":\"Derma Check\",\"item\":\"https:\/\/thedermacheck.com\/pl\/\"},{\"@type\":\"ListItem\",\"position\":2,\"name\":\"Nadtlenek wodoru w produktach do piel\u0119gnacji sk\u00f3ry: Skuteczny, ale nale\u017cy go stosowa\u0107 ostro\u017cnie\"}]},{\"@type\":\"WebSite\",\"@id\":\"https:\/\/thedermacheck.com\/pl\/#website\",\"url\":\"https:\/\/thedermacheck.com\/pl\/\",\"name\":\"The Derma Check\",\"description\":\"\",\"publisher\":{\"@id\":\"https:\/\/thedermacheck.com\/pl\/#organization\"},\"potentialAction\":[{\"@type\":\"SearchAction\",\"target\":{\"@type\":\"EntryPoint\",\"urlTemplate\":\"https:\/\/thedermacheck.com\/pl\/?s={search_term_string}\"},\"query-input\":{\"@type\":\"PropertyValueSpecification\",\"valueRequired\":true,\"valueName\":\"search_term_string\"}}],\"inLanguage\":\"pl-PL\"},{\"@type\":\"Organization\",\"@id\":\"https:\/\/thedermacheck.com\/pl\/#organization\",\"name\":\"The Derma Check\",\"url\":\"https:\/\/thedermacheck.com\/pl\/\",\"logo\":{\"@type\":\"ImageObject\",\"inLanguage\":\"pl-PL\",\"@id\":\"https:\/\/thedermacheck.com\/pl\/#\/schema\/logo\/image\/\",\"url\":\"https:\/\/thedermacheck.com\/wp-content\/uploads\/2023\/10\/cropped-THE-DERMA-CHECK-FAVICON-NEW-1.png\",\"contentUrl\":\"https:\/\/thedermacheck.com\/wp-content\/uploads\/2023\/10\/cropped-THE-DERMA-CHECK-FAVICON-NEW-1.png\",\"width\":512,\"height\":512,\"caption\":\"The Derma Check\"},\"image\":{\"@id\":\"https:\/\/thedermacheck.com\/pl\/#\/schema\/logo\/image\/\"}}]}<\/script>\n<!-- \/ Yoast SEO Premium plugin. -->","yoast_head_json":{"title":"Nadtlenek wodoru w produktach do piel\u0119gnacji sk\u00f3ry: Skuteczny, ale nale\u017cy go stosowa\u0107 ostro\u017cnie | The Derma Check","robots":{"index":"index","follow":"follow","max-snippet":"max-snippet:-1","max-image-preview":"max-image-preview:large","max-video-preview":"max-video-preview:-1"},"canonical":"https:\/\/thedermacheck.com\/pl\/nadtlenek-wodoru-w-produktach-do-pielegnacji-skory-skuteczny-ale-nalezy-go-stosowac-ostroznie\/","og_locale":"pl_PL","og_type":"article","og_title":"Nadtlenek wodoru w produktach do piel\u0119gnacji sk\u00f3ry: Skuteczny, ale nale\u017cy go stosowa\u0107 ostro\u017cnie","og_description":"Nadtlenek wodoru w piel\u0119gnacji sk\u00f3ry Czym jest nadtlenek wodoru? Nadtlenek wodoru, znany jako H2O2, to zwi\u0105zek chemiczny stosowany jako \u0142agodny \u015brodek antyseptyczny w piel\u0119gnacji sk\u00f3ry. Jest znany ze swoich w\u0142a\u015bciwo\u015bci dezynfekuj\u0105cych i cz\u0119sto u\u017cywany do czyszczenia drobnych skalecze\u0144 i otar\u0107. Korzy\u015bci nadtlenku wodoru dla sk\u00f3ry Mo\u017cliwe skutki uboczne Zalecenia dotycz\u0105ce stosowania Jak go nie u\u017cywa\u0107 ... Mehr erfahren","og_url":"https:\/\/thedermacheck.com\/pl\/nadtlenek-wodoru-w-produktach-do-pielegnacji-skory-skuteczny-ale-nalezy-go-stosowac-ostroznie\/","og_site_name":"The Derma Check","article_modified_time":"2024-02-13T15:02:42+00:00","twitter_card":"summary_large_image","twitter_misc":{"Szacowany czas czytania":"2 minuty"},"schema":{"@context":"https:\/\/schema.org","@graph":[{"@type":"WebPage","@id":"https:\/\/thedermacheck.com\/pl\/nadtlenek-wodoru-w-produktach-do-pielegnacji-skory-skuteczny-ale-nalezy-go-stosowac-ostroznie\/","url":"https:\/\/thedermacheck.com\/pl\/nadtlenek-wodoru-w-produktach-do-pielegnacji-skory-skuteczny-ale-nalezy-go-stosowac-ostroznie\/","name":"Nadtlenek wodoru w produktach do piel\u0119gnacji sk\u00f3ry: Skuteczny, ale nale\u017cy go stosowa\u0107 ostro\u017cnie | The Derma Check","isPartOf":{"@id":"https:\/\/thedermacheck.com\/pl\/#website"},"datePublished":"2023-12-19T14:19:41+00:00","dateModified":"2024-02-13T15:02:42+00:00","breadcrumb":{"@id":"https:\/\/thedermacheck.com\/pl\/nadtlenek-wodoru-w-produktach-do-pielegnacji-skory-skuteczny-ale-nalezy-go-stosowac-ostroznie\/#breadcrumb"},"inLanguage":"pl-PL","potentialAction":[{"@type":"ReadAction","target":["https:\/\/thedermacheck.com\/pl\/nadtlenek-wodoru-w-produktach-do-pielegnacji-skory-skuteczny-ale-nalezy-go-stosowac-ostroznie\/"]}]},{"@type":"BreadcrumbList","@id":"https:\/\/thedermacheck.com\/pl\/nadtlenek-wodoru-w-produktach-do-pielegnacji-skory-skuteczny-ale-nalezy-go-stosowac-ostroznie\/#breadcrumb","itemListElement":[{"@type":"ListItem","position":1,"name":"Derma Check","item":"https:\/\/thedermacheck.com\/pl\/"},{"@type":"ListItem","position":2,"name":"Nadtlenek wodoru w produktach do piel\u0119gnacji sk\u00f3ry: Skuteczny, ale nale\u017cy go stosowa\u0107 ostro\u017cnie"}]},{"@type":"WebSite","@id":"https:\/\/thedermacheck.com\/pl\/#website","url":"https:\/\/thedermacheck.com\/pl\/","name":"The Derma Check","description":"","publisher":{"@id":"https:\/\/thedermacheck.com\/pl\/#organization"},"potentialAction":[{"@type":"SearchAction","target":{"@type":"EntryPoint","urlTemplate":"https:\/\/thedermacheck.com\/pl\/?s={search_term_string}"},"query-input":{"@type":"PropertyValueSpecification","valueRequired":true,"valueName":"search_term_string"}}],"inLanguage":"pl-PL"},{"@type":"Organization","@id":"https:\/\/thedermacheck.com\/pl\/#organization","name":"The Derma Check","url":"https:\/\/thedermacheck.com\/pl\/","logo":{"@type":"ImageObject","inLanguage":"pl-PL","@id":"https:\/\/thedermacheck.com\/pl\/#\/schema\/logo\/image\/","url":"https:\/\/thedermacheck.com\/wp-content\/uploads\/2023\/10\/cropped-THE-DERMA-CHECK-FAVICON-NEW-1.png","contentUrl":"https:\/\/thedermacheck.com\/wp-content\/uploads\/2023\/10\/cropped-THE-DERMA-CHECK-FAVICON-NEW-1.png","width":512,"height":512,"caption":"The Derma Check"},"image":{"@id":"https:\/\/thedermacheck.com\/pl\/#\/schema\/logo\/image\/"}}]}},"_links":{"self":[{"href":"https:\/\/thedermacheck.com\/pl\/wp-json\/wp\/v2\/pages\/3384","targetHints":{"allow":["GET"]}}],"collection":[{"href":"https:\/\/thedermacheck.com\/pl\/wp-json\/wp\/v2\/pages"}],"about":[{"href":"https:\/\/thedermacheck.com\/pl\/wp-json\/wp\/v2\/types\/page"}],"author":[{"embeddable":true,"href":"https:\/\/thedermacheck.com\/pl\/wp-json\/wp\/v2\/users\/2"}],"replies":[{"embeddable":true,"href":"https:\/\/thedermacheck.com\/pl\/wp-json\/wp\/v2\/comments?post=3384"}],"version-history":[{"count":1,"href":"https:\/\/thedermacheck.com\/pl\/wp-json\/wp\/v2\/pages\/3384\/revisions"}],"predecessor-version":[{"id":3385,"href":"https:\/\/thedermacheck.com\/pl\/wp-json\/wp\/v2\/pages\/3384\/revisions\/3385"}],"wp:attachment":[{"href":"https:\/\/thedermacheck.com\/pl\/wp-json\/wp\/v2\/media?parent=3384"}],"wp:term":[{"taxonomy":"category","embeddable":true,"href":"https:\/\/thedermacheck.com\/pl\/wp-json\/wp\/v2\/categories?post=3384"},{"taxonomy":"post_tag","embeddable":true,"href":"https:\/\/thedermacheck.com\/pl\/wp-json\/wp\/v2\/tags?post=3384"}],"curies":[{"name":"wp","href":"https:\/\/api.w.org\/{rel}","templated":true}]}}