{"id":3390,"date":"2023-12-19T14:23:05","date_gmt":"2023-12-19T14:23:05","guid":{"rendered":"https:\/\/thedermacheck.com\/lanolina-w-produktach-do-pielegnacji-skory-naturalna-ochrona-i-pielegnacja\/"},"modified":"2024-02-13T15:02:51","modified_gmt":"2024-02-13T15:02:51","slug":"lanolina-w-produktach-do-pielegnacji-skory-naturalna-ochrona-i-pielegnacja","status":"publish","type":"page","link":"https:\/\/thedermacheck.com\/pl\/lanolina-w-produktach-do-pielegnacji-skory-naturalna-ochrona-i-pielegnacja\/","title":{"rendered":"Lanolina w produktach do piel\u0119gnacji sk\u00f3ry: Naturalna ochrona i piel\u0119gnacja"},"content":{"rendered":"\n<p><strong>Lanolina w piel\u0119gnacji sk\u00f3ry<\/strong><\/p>\n\n<ul class=\"wp-block-list\">\n<li><strong>Rodzaj sk\u0142adnika:<\/strong> Naturalny emolient<\/li>\n\n\n\n<li><strong>G\u0142\u00f3wne korzy\u015bci:<\/strong> Intensywnie nawil\u017ca, wzmacnia barier\u0119 ochronn\u0105 sk\u00f3ry, chroni przed odwodnieniem<\/li>\n\n\n\n<li><strong>Idealny dla:<\/strong> Suchej, spierzchni\u0119tej sk\u00f3ry i do piel\u0119gnacji ust<\/li>\n\n\n\n<li><strong>Cz\u0119stotliwo\u015b\u0107 u\u017cytkowania:<\/strong> W zale\u017cno\u015bci od potrzeb, szczeg\u00f3lnie w zimnych porach roku.<\/li>\n\n\n\n<li><strong>Po\u0142\u0105czenie z:<\/strong> Sk\u0142adnikami nawil\u017caj\u0105cymi<\/li>\n\n\n\n<li><strong>Nie u\u017cywa\u0107 z:<\/strong> Z alergi\u0105 na lanolin\u0119 lub bardzo t\u0142ust\u0105 sk\u00f3r\u0105<\/li>\n<\/ul>\n\n<hr class=\"wp-block-separator has-alpha-channel-opacity\"\/>\n\n<h3 class=\"wp-block-heading\"><strong>Czym jest lanolina?<\/strong><\/h3>\n\n<p>Lanolina, znana r\u00f3wnie\u017c jako wosk we\u0142niany, to naturalny t\u0142uszcz pozyskiwany z we\u0142ny owczej. Znany jest ze swoich doskona\u0142ych w\u0142a\u015bciwo\u015bci nawil\u017caj\u0105cych i jest cz\u0119sto stosowany w kremach, balsamach i balsamach do ust.<\/p>\n\n<h3 class=\"wp-block-heading\"><strong>Korzy\u015bci lanoliny dla sk\u00f3ry<\/strong><\/h3>\n\n<ul class=\"wp-block-list\">\n<li><strong>Intensywne nawil\u017canie:<\/strong> Lanolina jest doskona\u0142ym emolientem i pomaga utrzyma\u0107 sk\u00f3r\u0119 mi\u0119kk\u0105 i elastyczn\u0105.<\/li>\n\n\n\n<li><strong>Wzmacnia barier\u0119 ochronn\u0105 sk\u00f3ry:<\/strong> Wspomaga naturaln\u0105 barier\u0119 ochronn\u0105 sk\u00f3ry, a tym samym chroni przed wp\u0142ywami \u015brodowiska.<\/li>\n\n\n\n<li><strong>Ochrona przed odwodnieniem:<\/strong> Idealny do piel\u0119gnacji suchej, pop\u0119kanej sk\u00f3ry i spierzchni\u0119tych ust.<\/li>\n<\/ul>\n\n<h3 class=\"wp-block-heading\"><strong>Mo\u017cliwe skutki uboczne<\/strong><\/h3>\n\n<ul class=\"wp-block-list\">\n<li><strong>Reakcje alergiczne:<\/strong> U niekt\u00f3rych os\u00f3b mo\u017ce wyst\u0105pi\u0107 reakcja alergiczna na lanolin\u0119. Przed u\u017cyciem zaleca si\u0119 wykonanie testu p\u0142atkowego.<\/li>\n\n\n\n<li><strong>Potencja\u0142 komedogenny:<\/strong> W przypadku sk\u00f3ry t\u0142ustej lub tr\u0105dzikowej lanolina mo\u017ce zatyka\u0107 pory.<\/li>\n<\/ul>\n\n<h3 class=\"wp-block-heading\"><strong>Zalecenia dotycz\u0105ce stosowania<\/strong><\/h3>\n\n<ul class=\"wp-block-list\">\n<li><strong>Stosowa\u0107 w spos\u00f3b ukierunkowany:<\/strong> Lanolina jest szczeg\u00f3lnie skuteczna w leczeniu suchej sk\u00f3ry i spierzchni\u0119tych ust.<\/li>\n\n\n\n<li><strong>W po\u0142\u0105czeniu z innymi kremami nawil\u017caj\u0105cymi:<\/strong> Mo\u017ce by\u0107 \u0142\u0105czony z innymi sk\u0142adnikami nawil\u017caj\u0105cymi, aby wzmocni\u0107 piel\u0119gnacj\u0119 sk\u00f3ry.<\/li>\n<\/ul>\n\n<h3 class=\"wp-block-heading\"><strong>Jak go nie u\u017cywa\u0107<\/strong><\/h3>\n\n<ul class=\"wp-block-list\">\n<li><strong>Nie dla os\u00f3b uczulonych<\/strong> na lanolin\u0119: Osoby z rozpoznan\u0105 alergi\u0105 powinny unika\u0107 produkt\u00f3w zawieraj\u0105cych lanolin\u0119.<\/li>\n\n\n\n<li><strong>Nie stosowa\u0107 na sk\u00f3r\u0119 t\u0142ust\u0105 lub tr\u0105dzikow\u0105:<\/strong> ze wzgl\u0119du na sw\u00f3j bogaty sk\u0142ad lanolina mo\u017ce powodowa\u0107 przekrwienie sk\u00f3ry tego typu.<\/li>\n<\/ul>\n\n<h3 class=\"wp-block-heading\"><strong>FAQ<\/strong><\/h3>\n\n<p><strong>1 Dla kogo przeznaczona jest lanolina?<\/strong>  Lanolina jest idealna dla os\u00f3b z such\u0105, spierzchni\u0119t\u0105 sk\u00f3r\u0105 i do piel\u0119gnacji ust.<\/p>\n\n<p><strong>2. Czy lanolina mo\u017ce podra\u017cnia\u0107 sk\u00f3r\u0119?<\/strong>  U niekt\u00f3rych os\u00f3b mog\u0105 wyst\u0105pi\u0107 reakcje alergiczne, dlatego zaleca si\u0119 zachowanie ostro\u017cno\u015bci.<\/p>\n\n<p><strong>3. Czy lanolina jest przyjazna dla zwierz\u0105t?<\/strong>  Lanolina jest pozyskiwana z owczej we\u0142ny bez szkody dla zwierz\u0105t. Przyjazno\u015b\u0107 dla zwierz\u0105t zale\u017cy od odpowiednich metod ekstrakcji.<\/p>\n\n<h3 class=\"wp-block-heading\"><strong>Wnioski<\/strong><\/h3>\n\n<p>Lanolina to skuteczny i naturalny sk\u0142adnik, kt\u00f3ry zapewnia intensywne nawil\u017cenie i wzmacnia barier\u0119 ochronn\u0105 sk\u00f3ry. Jest szczeg\u00f3lnie przydatny w przypadku suchej i spierzchni\u0119tej sk\u00f3ry. Nale\u017cy jednak pami\u0119ta\u0107 o mo\u017cliwych alergiach podczas jego stosowania, zw\u0142aszcza je\u015bli masz wra\u017cliw\u0105 lub tr\u0105dzikow\u0105 sk\u00f3r\u0119. Prawid\u0142owo stosowana lanolina mo\u017ce by\u0107 cennym elementem rutynowej piel\u0119gnacji sk\u00f3ry.<\/p>\n","protected":false},"excerpt":{"rendered":"<p>Lanolina w piel\u0119gnacji sk\u00f3ry Czym jest lanolina? Lanolina, znana r\u00f3wnie\u017c jako wosk we\u0142niany, to naturalny t\u0142uszcz pozyskiwany z we\u0142ny owczej. Znany jest ze swoich doskona\u0142ych w\u0142a\u015bciwo\u015bci nawil\u017caj\u0105cych i jest cz\u0119sto stosowany w kremach, balsamach i balsamach do ust. Korzy\u015bci lanoliny dla sk\u00f3ry Mo\u017cliwe skutki uboczne Zalecenia dotycz\u0105ce stosowania Jak go nie u\u017cywa\u0107 FAQ 1 Dla &#8230; <a title=\"Lanolina w produktach do piel\u0119gnacji sk\u00f3ry: Naturalna ochrona i piel\u0119gnacja\" class=\"read-more\" href=\"https:\/\/thedermacheck.com\/pl\/lanolina-w-produktach-do-pielegnacji-skory-naturalna-ochrona-i-pielegnacja\/\" aria-label=\"Dowiedz si\u0119 wi\u0119cej o Lanolina w produktach do piel\u0119gnacji sk\u00f3ry: Naturalna ochrona i piel\u0119gnacja\">Mehr erfahren<\/a><\/p>\n","protected":false},"author":2,"featured_media":0,"parent":0,"menu_order":0,"comment_status":"closed","ping_status":"closed","template":"","meta":{"_acf_changed":false,"_lmt_disableupdate":"","_lmt_disable":"","footnotes":""},"categories":[42],"tags":[],"class_list":{"0":"post-3390","1":"page","2":"type-page","3":"status-publish","5":"category-skladniki"},"acf":[],"yoast_head":"<!-- This site is optimized with the Yoast SEO Premium plugin v25.7.1 (Yoast SEO v25.7) - https:\/\/yoast.com\/wordpress\/plugins\/seo\/ -->\n<title>Lanolina w produktach do piel\u0119gnacji sk\u00f3ry: Naturalna ochrona i piel\u0119gnacja | The Derma Check<\/title>\n<meta name=\"robots\" content=\"index, follow, max-snippet:-1, max-image-preview:large, max-video-preview:-1\" \/>\n<link rel=\"canonical\" href=\"https:\/\/thedermacheck.com\/pl\/lanolina-w-produktach-do-pielegnacji-skory-naturalna-ochrona-i-pielegnacja\/\" \/>\n<meta property=\"og:locale\" content=\"pl_PL\" \/>\n<meta property=\"og:type\" content=\"article\" \/>\n<meta property=\"og:title\" content=\"Lanolina w produktach do piel\u0119gnacji sk\u00f3ry: Naturalna ochrona i piel\u0119gnacja\" \/>\n<meta property=\"og:description\" content=\"Lanolina w piel\u0119gnacji sk\u00f3ry Czym jest lanolina? Lanolina, znana r\u00f3wnie\u017c jako wosk we\u0142niany, to naturalny t\u0142uszcz pozyskiwany z we\u0142ny owczej. Znany jest ze swoich doskona\u0142ych w\u0142a\u015bciwo\u015bci nawil\u017caj\u0105cych i jest cz\u0119sto stosowany w kremach, balsamach i balsamach do ust. Korzy\u015bci lanoliny dla sk\u00f3ry Mo\u017cliwe skutki uboczne Zalecenia dotycz\u0105ce stosowania Jak go nie u\u017cywa\u0107 FAQ 1 Dla ... Mehr erfahren\" \/>\n<meta property=\"og:url\" content=\"https:\/\/thedermacheck.com\/pl\/lanolina-w-produktach-do-pielegnacji-skory-naturalna-ochrona-i-pielegnacja\/\" \/>\n<meta property=\"og:site_name\" content=\"The Derma Check\" \/>\n<meta property=\"article:modified_time\" content=\"2024-02-13T15:02:51+00:00\" \/>\n<meta name=\"twitter:card\" content=\"summary_large_image\" \/>\n<meta name=\"twitter:label1\" content=\"Szacowany czas czytania\" \/>\n\t<meta name=\"twitter:data1\" content=\"2 minuty\" \/>\n<script type=\"application\/ld+json\" class=\"yoast-schema-graph\">{\"@context\":\"https:\/\/schema.org\",\"@graph\":[{\"@type\":\"WebPage\",\"@id\":\"https:\/\/thedermacheck.com\/pl\/lanolina-w-produktach-do-pielegnacji-skory-naturalna-ochrona-i-pielegnacja\/\",\"url\":\"https:\/\/thedermacheck.com\/pl\/lanolina-w-produktach-do-pielegnacji-skory-naturalna-ochrona-i-pielegnacja\/\",\"name\":\"Lanolina w produktach do piel\u0119gnacji sk\u00f3ry: Naturalna ochrona i piel\u0119gnacja | The Derma Check\",\"isPartOf\":{\"@id\":\"https:\/\/thedermacheck.com\/pl\/#website\"},\"datePublished\":\"2023-12-19T14:23:05+00:00\",\"dateModified\":\"2024-02-13T15:02:51+00:00\",\"breadcrumb\":{\"@id\":\"https:\/\/thedermacheck.com\/pl\/lanolina-w-produktach-do-pielegnacji-skory-naturalna-ochrona-i-pielegnacja\/#breadcrumb\"},\"inLanguage\":\"pl-PL\",\"potentialAction\":[{\"@type\":\"ReadAction\",\"target\":[\"https:\/\/thedermacheck.com\/pl\/lanolina-w-produktach-do-pielegnacji-skory-naturalna-ochrona-i-pielegnacja\/\"]}]},{\"@type\":\"BreadcrumbList\",\"@id\":\"https:\/\/thedermacheck.com\/pl\/lanolina-w-produktach-do-pielegnacji-skory-naturalna-ochrona-i-pielegnacja\/#breadcrumb\",\"itemListElement\":[{\"@type\":\"ListItem\",\"position\":1,\"name\":\"Derma Check\",\"item\":\"https:\/\/thedermacheck.com\/pl\/\"},{\"@type\":\"ListItem\",\"position\":2,\"name\":\"Lanolina w produktach do piel\u0119gnacji sk\u00f3ry: Naturalna ochrona i piel\u0119gnacja\"}]},{\"@type\":\"WebSite\",\"@id\":\"https:\/\/thedermacheck.com\/pl\/#website\",\"url\":\"https:\/\/thedermacheck.com\/pl\/\",\"name\":\"The Derma Check\",\"description\":\"\",\"publisher\":{\"@id\":\"https:\/\/thedermacheck.com\/pl\/#organization\"},\"potentialAction\":[{\"@type\":\"SearchAction\",\"target\":{\"@type\":\"EntryPoint\",\"urlTemplate\":\"https:\/\/thedermacheck.com\/pl\/?s={search_term_string}\"},\"query-input\":{\"@type\":\"PropertyValueSpecification\",\"valueRequired\":true,\"valueName\":\"search_term_string\"}}],\"inLanguage\":\"pl-PL\"},{\"@type\":\"Organization\",\"@id\":\"https:\/\/thedermacheck.com\/pl\/#organization\",\"name\":\"The Derma Check\",\"url\":\"https:\/\/thedermacheck.com\/pl\/\",\"logo\":{\"@type\":\"ImageObject\",\"inLanguage\":\"pl-PL\",\"@id\":\"https:\/\/thedermacheck.com\/pl\/#\/schema\/logo\/image\/\",\"url\":\"https:\/\/thedermacheck.com\/wp-content\/uploads\/2023\/10\/cropped-THE-DERMA-CHECK-FAVICON-NEW-1.png\",\"contentUrl\":\"https:\/\/thedermacheck.com\/wp-content\/uploads\/2023\/10\/cropped-THE-DERMA-CHECK-FAVICON-NEW-1.png\",\"width\":512,\"height\":512,\"caption\":\"The Derma Check\"},\"image\":{\"@id\":\"https:\/\/thedermacheck.com\/pl\/#\/schema\/logo\/image\/\"}}]}<\/script>\n<!-- \/ Yoast SEO Premium plugin. -->","yoast_head_json":{"title":"Lanolina w produktach do piel\u0119gnacji sk\u00f3ry: Naturalna ochrona i piel\u0119gnacja | The Derma Check","robots":{"index":"index","follow":"follow","max-snippet":"max-snippet:-1","max-image-preview":"max-image-preview:large","max-video-preview":"max-video-preview:-1"},"canonical":"https:\/\/thedermacheck.com\/pl\/lanolina-w-produktach-do-pielegnacji-skory-naturalna-ochrona-i-pielegnacja\/","og_locale":"pl_PL","og_type":"article","og_title":"Lanolina w produktach do piel\u0119gnacji sk\u00f3ry: Naturalna ochrona i piel\u0119gnacja","og_description":"Lanolina w piel\u0119gnacji sk\u00f3ry Czym jest lanolina? Lanolina, znana r\u00f3wnie\u017c jako wosk we\u0142niany, to naturalny t\u0142uszcz pozyskiwany z we\u0142ny owczej. Znany jest ze swoich doskona\u0142ych w\u0142a\u015bciwo\u015bci nawil\u017caj\u0105cych i jest cz\u0119sto stosowany w kremach, balsamach i balsamach do ust. Korzy\u015bci lanoliny dla sk\u00f3ry Mo\u017cliwe skutki uboczne Zalecenia dotycz\u0105ce stosowania Jak go nie u\u017cywa\u0107 FAQ 1 Dla ... Mehr erfahren","og_url":"https:\/\/thedermacheck.com\/pl\/lanolina-w-produktach-do-pielegnacji-skory-naturalna-ochrona-i-pielegnacja\/","og_site_name":"The Derma Check","article_modified_time":"2024-02-13T15:02:51+00:00","twitter_card":"summary_large_image","twitter_misc":{"Szacowany czas czytania":"2 minuty"},"schema":{"@context":"https:\/\/schema.org","@graph":[{"@type":"WebPage","@id":"https:\/\/thedermacheck.com\/pl\/lanolina-w-produktach-do-pielegnacji-skory-naturalna-ochrona-i-pielegnacja\/","url":"https:\/\/thedermacheck.com\/pl\/lanolina-w-produktach-do-pielegnacji-skory-naturalna-ochrona-i-pielegnacja\/","name":"Lanolina w produktach do piel\u0119gnacji sk\u00f3ry: Naturalna ochrona i piel\u0119gnacja | The Derma Check","isPartOf":{"@id":"https:\/\/thedermacheck.com\/pl\/#website"},"datePublished":"2023-12-19T14:23:05+00:00","dateModified":"2024-02-13T15:02:51+00:00","breadcrumb":{"@id":"https:\/\/thedermacheck.com\/pl\/lanolina-w-produktach-do-pielegnacji-skory-naturalna-ochrona-i-pielegnacja\/#breadcrumb"},"inLanguage":"pl-PL","potentialAction":[{"@type":"ReadAction","target":["https:\/\/thedermacheck.com\/pl\/lanolina-w-produktach-do-pielegnacji-skory-naturalna-ochrona-i-pielegnacja\/"]}]},{"@type":"BreadcrumbList","@id":"https:\/\/thedermacheck.com\/pl\/lanolina-w-produktach-do-pielegnacji-skory-naturalna-ochrona-i-pielegnacja\/#breadcrumb","itemListElement":[{"@type":"ListItem","position":1,"name":"Derma Check","item":"https:\/\/thedermacheck.com\/pl\/"},{"@type":"ListItem","position":2,"name":"Lanolina w produktach do piel\u0119gnacji sk\u00f3ry: Naturalna ochrona i piel\u0119gnacja"}]},{"@type":"WebSite","@id":"https:\/\/thedermacheck.com\/pl\/#website","url":"https:\/\/thedermacheck.com\/pl\/","name":"The Derma Check","description":"","publisher":{"@id":"https:\/\/thedermacheck.com\/pl\/#organization"},"potentialAction":[{"@type":"SearchAction","target":{"@type":"EntryPoint","urlTemplate":"https:\/\/thedermacheck.com\/pl\/?s={search_term_string}"},"query-input":{"@type":"PropertyValueSpecification","valueRequired":true,"valueName":"search_term_string"}}],"inLanguage":"pl-PL"},{"@type":"Organization","@id":"https:\/\/thedermacheck.com\/pl\/#organization","name":"The Derma Check","url":"https:\/\/thedermacheck.com\/pl\/","logo":{"@type":"ImageObject","inLanguage":"pl-PL","@id":"https:\/\/thedermacheck.com\/pl\/#\/schema\/logo\/image\/","url":"https:\/\/thedermacheck.com\/wp-content\/uploads\/2023\/10\/cropped-THE-DERMA-CHECK-FAVICON-NEW-1.png","contentUrl":"https:\/\/thedermacheck.com\/wp-content\/uploads\/2023\/10\/cropped-THE-DERMA-CHECK-FAVICON-NEW-1.png","width":512,"height":512,"caption":"The Derma Check"},"image":{"@id":"https:\/\/thedermacheck.com\/pl\/#\/schema\/logo\/image\/"}}]}},"_links":{"self":[{"href":"https:\/\/thedermacheck.com\/pl\/wp-json\/wp\/v2\/pages\/3390","targetHints":{"allow":["GET"]}}],"collection":[{"href":"https:\/\/thedermacheck.com\/pl\/wp-json\/wp\/v2\/pages"}],"about":[{"href":"https:\/\/thedermacheck.com\/pl\/wp-json\/wp\/v2\/types\/page"}],"author":[{"embeddable":true,"href":"https:\/\/thedermacheck.com\/pl\/wp-json\/wp\/v2\/users\/2"}],"replies":[{"embeddable":true,"href":"https:\/\/thedermacheck.com\/pl\/wp-json\/wp\/v2\/comments?post=3390"}],"version-history":[{"count":1,"href":"https:\/\/thedermacheck.com\/pl\/wp-json\/wp\/v2\/pages\/3390\/revisions"}],"predecessor-version":[{"id":3391,"href":"https:\/\/thedermacheck.com\/pl\/wp-json\/wp\/v2\/pages\/3390\/revisions\/3391"}],"wp:attachment":[{"href":"https:\/\/thedermacheck.com\/pl\/wp-json\/wp\/v2\/media?parent=3390"}],"wp:term":[{"taxonomy":"category","embeddable":true,"href":"https:\/\/thedermacheck.com\/pl\/wp-json\/wp\/v2\/categories?post=3390"},{"taxonomy":"post_tag","embeddable":true,"href":"https:\/\/thedermacheck.com\/pl\/wp-json\/wp\/v2\/tags?post=3390"}],"curies":[{"name":"wp","href":"https:\/\/api.w.org\/{rel}","templated":true}]}}