{"id":3420,"date":"2023-12-19T14:18:36","date_gmt":"2023-12-19T14:18:36","guid":{"rendered":"https:\/\/thedermacheck.com\/zielona-herbata-w-produktach-do-pielegnacji-skory-naturalna-moc-dla-zdrowej-skory\/"},"modified":"2024-02-13T15:03:11","modified_gmt":"2024-02-13T15:03:11","slug":"zielona-herbata-w-produktach-do-pielegnacji-skory-naturalna-moc-dla-zdrowej-skory","status":"publish","type":"page","link":"https:\/\/thedermacheck.com\/pl\/zielona-herbata-w-produktach-do-pielegnacji-skory-naturalna-moc-dla-zdrowej-skory\/","title":{"rendered":"Zielona herbata w produktach do piel\u0119gnacji sk\u00f3ry: Naturalna moc dla zdrowej sk\u00f3ry"},"content":{"rendered":"\n<p><strong>Zielona herbata w piel\u0119gnacji sk\u00f3ry<\/strong><\/p>\n\n<ul class=\"wp-block-list\">\n<li><strong>Rodzaj sk\u0142adnika:<\/strong> Naturalny przeciwutleniacz<\/li>\n\n\n\n<li><strong>G\u0142\u00f3wne korzy\u015bci:<\/strong> Chroni przed szkodliwym dzia\u0142aniem \u015brodowiska, \u0142agodzi sk\u00f3r\u0119, redukuje oznaki starzenia.<\/li>\n\n\n\n<li><strong>Idealny dla:<\/strong> Wszystkich typ\u00f3w sk\u00f3ry, szczeg\u00f3lnie dla sk\u00f3ry wra\u017cliwej lub tr\u0105dzikowej<\/li>\n\n\n\n<li><strong>Cz\u0119stotliwo\u015b\u0107 stosowania:<\/strong> Codziennie, w r\u00f3\u017cnych formach, takich jak kremy, serum, maseczki.<\/li>\n\n\n\n<li><strong>Po\u0142\u0105czenie z:<\/strong> Produkty ochrony przeciws\u0142onecznej, witamina C i E<\/li>\n\n\n\n<li><strong>Nie stosowa\u0107 z:<\/strong> Brak znanych negatywnych interakcji, ale nale\u017cy wzi\u0105\u0107 pod uwag\u0119 indywidualne reakcje sk\u00f3rne.<\/li>\n<\/ul>\n\n<hr class=\"wp-block-separator has-alpha-channel-opacity\"\/>\n\n<h3 class=\"wp-block-heading\"><strong>Czym jest zielona herbata?<\/strong><\/h3>\n\n<p>Zielona herbata, pozyskiwana z li\u015bci krzewu herbacianego Camellia sinensis, jest nie tylko popularnym napojem, ale tak\u017ce cenionym sk\u0142adnikiem w piel\u0119gnacji sk\u00f3ry. Dzi\u0119ki wysokiemu st\u0119\u017ceniu przeciwutleniaczy, zw\u0142aszcza galusanu epigallokatechiny (EGCG), zielona herbata oferuje liczne korzy\u015bci dla sk\u00f3ry.<\/p>\n\n<h3 class=\"wp-block-heading\"><strong>Korzy\u015bci z zielonej herbaty dla sk\u00f3ry<\/strong><\/h3>\n\n<ul class=\"wp-block-list\">\n<li><strong>Ochrona przed szkodliwym dzia\u0142aniem \u015brodowiska:<\/strong> Przeciwutleniacze zawarte w zielonej herbacie mog\u0105 pom\u00f3c chroni\u0107 sk\u00f3r\u0119 przed szkodliwym dzia\u0142aniem wolnych rodnik\u00f3w.<\/li>\n\n\n\n<li><strong>W\u0142a\u015bciwo\u015bci \u0142agodz\u0105ce:<\/strong> Zielona herbata ma dzia\u0142anie przeciwzapalne i mo\u017ce przynie\u015b\u0107 ulg\u0119 przy podra\u017cnieniach sk\u00f3ry, zaczerwienieniach i tr\u0105dziku.<\/li>\n\n\n\n<li><strong>Dzia\u0142anie przeciwstarzeniowe:<\/strong> EGCG i inne przeciwutleniacze zawarte w zielonej herbacie mog\u0105 pom\u00f3c zmniejszy\u0107 oznaki starzenia si\u0119 sk\u00f3ry.<\/li>\n<\/ul>\n\n<h3 class=\"wp-block-heading\"><strong>Mo\u017cliwe skutki uboczne<\/strong><\/h3>\n\n<p>Zielona herbata jest og\u00f3lnie dobrze tolerowana. W rzadkich przypadkach wra\u017cliwa sk\u00f3ra mo\u017ce dozna\u0107 lekkiego podra\u017cnienia. Zaleca si\u0119 najpierw przetestowanie produktu na ma\u0142ej powierzchni.<\/p>\n\n<h3 class=\"wp-block-heading\"><strong>Zalecenia dotycz\u0105ce stosowania<\/strong><\/h3>\n\n<p>Zielon\u0105 herbat\u0119 mo\u017cna znale\u017a\u0107 w r\u00f3\u017cnych formach w produktach do piel\u0119gnacji sk\u00f3ry, w tym w kremach, serum i maseczkach do twarzy. Powinien by\u0107 stosowany codziennie, aby zapewni\u0107 skuteczn\u0105 aplikacj\u0119. Zielona herbata mo\u017ce by\u0107 r\u00f3wnie\u017c stosowana w po\u0142\u0105czeniu z innymi sk\u0142adnikami przeciwutleniaj\u0105cymi, takimi jak witamina C i E, w celu zwi\u0119kszenia efektu ochronnego.<\/p>\n\n<h3 class=\"wp-block-heading\"><strong>Jak go nie u\u017cywa\u0107<\/strong><\/h3>\n\n<p>Nie istniej\u0105 \u017cadne szczeg\u00f3lne ograniczenia dotycz\u0105ce stosowania zielonej herbaty w produktach do piel\u0119gnacji sk\u00f3ry. Wa\u017cne jest jednak, aby wybiera\u0107 produkty, kt\u00f3re zawieraj\u0105 wysokiej jako\u015bci ekstrakt z zielonej herbaty i s\u0105 wolne od dra\u017cni\u0105cych dodatk\u00f3w.<\/p>\n\n<h3 class=\"wp-block-heading\"><strong>FAQ<\/strong><\/h3>\n\n<p><strong>1. czy zielona herbata jest odpowiednia dla wszystkich rodzaj\u00f3w sk\u00f3ry?<\/strong>  Tak, szczeg\u00f3lnie w przypadku sk\u00f3ry wra\u017cliwej lub tr\u0105dzikowej.<\/p>\n\n<p><strong>2. Czy zielona herbata mo\u017ce naprawi\u0107 uszkodzenia s\u0142oneczne?<\/strong>  Podczas gdy zielona herbata chroni przed szkodliwym dzia\u0142aniem \u015brodowiska, nie jest w stanie odwr\u00f3ci\u0107 istniej\u0105cych uszkodze\u0144 pos\u0142onecznych.<\/p>\n\n<p><strong>3. Jak szybko zielona herbata dzia\u0142a w produktach do piel\u0119gnacji sk\u00f3ry?<\/strong>  Efekt jest r\u00f3\u017cny, ale popraw\u0119 cz\u0119sto mo\u017cna zauwa\u017cy\u0107 ju\u017c po kr\u00f3tkim okresie regularnego stosowania.<\/p>\n\n<h3 class=\"wp-block-heading\"><strong>Wnioski<\/strong><\/h3>\n\n<p>Zielona herbata to wszechstronny i skuteczny sk\u0142adnik do piel\u0119gnacji sk\u00f3ry, stosowany w r\u00f3\u017cnych produktach ze wzgl\u0119du na swoje w\u0142a\u015bciwo\u015bci przeciwutleniaj\u0105ce i \u0142agodz\u0105ce. Jest idealny do codziennej piel\u0119gnacji ka\u017cdego rodzaju sk\u00f3ry i pomaga zachowa\u0107 jej zdrowy, ukojony i m\u0142odzie\u0144czy wygl\u0105d.<\/p>\n","protected":false},"excerpt":{"rendered":"<p>Zielona herbata w piel\u0119gnacji sk\u00f3ry Czym jest zielona herbata? Zielona herbata, pozyskiwana z li\u015bci krzewu herbacianego Camellia sinensis, jest nie tylko popularnym napojem, ale tak\u017ce cenionym sk\u0142adnikiem w piel\u0119gnacji sk\u00f3ry. Dzi\u0119ki wysokiemu st\u0119\u017ceniu przeciwutleniaczy, zw\u0142aszcza galusanu epigallokatechiny (EGCG), zielona herbata oferuje liczne korzy\u015bci dla sk\u00f3ry. Korzy\u015bci z zielonej herbaty dla sk\u00f3ry Mo\u017cliwe skutki uboczne Zielona &#8230; <a title=\"Zielona herbata w produktach do piel\u0119gnacji sk\u00f3ry: Naturalna moc dla zdrowej sk\u00f3ry\" class=\"read-more\" href=\"https:\/\/thedermacheck.com\/pl\/zielona-herbata-w-produktach-do-pielegnacji-skory-naturalna-moc-dla-zdrowej-skory\/\" aria-label=\"Dowiedz si\u0119 wi\u0119cej o Zielona herbata w produktach do piel\u0119gnacji sk\u00f3ry: Naturalna moc dla zdrowej sk\u00f3ry\">Mehr erfahren<\/a><\/p>\n","protected":false},"author":2,"featured_media":0,"parent":0,"menu_order":0,"comment_status":"closed","ping_status":"closed","template":"","meta":{"_acf_changed":false,"_lmt_disableupdate":"","_lmt_disable":"","footnotes":""},"categories":[42],"tags":[],"class_list":{"0":"post-3420","1":"page","2":"type-page","3":"status-publish","5":"category-skladniki"},"acf":[],"yoast_head":"<!-- This site is optimized with the Yoast SEO Premium plugin v25.7.1 (Yoast SEO v25.7) - https:\/\/yoast.com\/wordpress\/plugins\/seo\/ -->\n<title>Zielona herbata w produktach do piel\u0119gnacji sk\u00f3ry: Naturalna moc dla zdrowej sk\u00f3ry | The Derma Check<\/title>\n<meta name=\"robots\" content=\"index, follow, max-snippet:-1, max-image-preview:large, max-video-preview:-1\" \/>\n<link rel=\"canonical\" href=\"https:\/\/thedermacheck.com\/pl\/zielona-herbata-w-produktach-do-pielegnacji-skory-naturalna-moc-dla-zdrowej-skory\/\" \/>\n<meta property=\"og:locale\" content=\"pl_PL\" \/>\n<meta property=\"og:type\" content=\"article\" \/>\n<meta property=\"og:title\" content=\"Zielona herbata w produktach do piel\u0119gnacji sk\u00f3ry: Naturalna moc dla zdrowej sk\u00f3ry\" \/>\n<meta property=\"og:description\" content=\"Zielona herbata w piel\u0119gnacji sk\u00f3ry Czym jest zielona herbata? Zielona herbata, pozyskiwana z li\u015bci krzewu herbacianego Camellia sinensis, jest nie tylko popularnym napojem, ale tak\u017ce cenionym sk\u0142adnikiem w piel\u0119gnacji sk\u00f3ry. Dzi\u0119ki wysokiemu st\u0119\u017ceniu przeciwutleniaczy, zw\u0142aszcza galusanu epigallokatechiny (EGCG), zielona herbata oferuje liczne korzy\u015bci dla sk\u00f3ry. Korzy\u015bci z zielonej herbaty dla sk\u00f3ry Mo\u017cliwe skutki uboczne Zielona ... Mehr erfahren\" \/>\n<meta property=\"og:url\" content=\"https:\/\/thedermacheck.com\/pl\/zielona-herbata-w-produktach-do-pielegnacji-skory-naturalna-moc-dla-zdrowej-skory\/\" \/>\n<meta property=\"og:site_name\" content=\"The Derma Check\" \/>\n<meta property=\"article:modified_time\" content=\"2024-02-13T15:03:11+00:00\" \/>\n<meta name=\"twitter:card\" content=\"summary_large_image\" \/>\n<meta name=\"twitter:label1\" content=\"Szacowany czas czytania\" \/>\n\t<meta name=\"twitter:data1\" content=\"3 minuty\" \/>\n<script type=\"application\/ld+json\" class=\"yoast-schema-graph\">{\"@context\":\"https:\/\/schema.org\",\"@graph\":[{\"@type\":\"WebPage\",\"@id\":\"https:\/\/thedermacheck.com\/pl\/zielona-herbata-w-produktach-do-pielegnacji-skory-naturalna-moc-dla-zdrowej-skory\/\",\"url\":\"https:\/\/thedermacheck.com\/pl\/zielona-herbata-w-produktach-do-pielegnacji-skory-naturalna-moc-dla-zdrowej-skory\/\",\"name\":\"Zielona herbata w produktach do piel\u0119gnacji sk\u00f3ry: Naturalna moc dla zdrowej sk\u00f3ry | The Derma Check\",\"isPartOf\":{\"@id\":\"https:\/\/thedermacheck.com\/pl\/#website\"},\"datePublished\":\"2023-12-19T14:18:36+00:00\",\"dateModified\":\"2024-02-13T15:03:11+00:00\",\"breadcrumb\":{\"@id\":\"https:\/\/thedermacheck.com\/pl\/zielona-herbata-w-produktach-do-pielegnacji-skory-naturalna-moc-dla-zdrowej-skory\/#breadcrumb\"},\"inLanguage\":\"pl-PL\",\"potentialAction\":[{\"@type\":\"ReadAction\",\"target\":[\"https:\/\/thedermacheck.com\/pl\/zielona-herbata-w-produktach-do-pielegnacji-skory-naturalna-moc-dla-zdrowej-skory\/\"]}]},{\"@type\":\"BreadcrumbList\",\"@id\":\"https:\/\/thedermacheck.com\/pl\/zielona-herbata-w-produktach-do-pielegnacji-skory-naturalna-moc-dla-zdrowej-skory\/#breadcrumb\",\"itemListElement\":[{\"@type\":\"ListItem\",\"position\":1,\"name\":\"Derma Check\",\"item\":\"https:\/\/thedermacheck.com\/pl\/\"},{\"@type\":\"ListItem\",\"position\":2,\"name\":\"Zielona herbata w produktach do piel\u0119gnacji sk\u00f3ry: Naturalna moc dla zdrowej sk\u00f3ry\"}]},{\"@type\":\"WebSite\",\"@id\":\"https:\/\/thedermacheck.com\/pl\/#website\",\"url\":\"https:\/\/thedermacheck.com\/pl\/\",\"name\":\"The Derma Check\",\"description\":\"\",\"publisher\":{\"@id\":\"https:\/\/thedermacheck.com\/pl\/#organization\"},\"potentialAction\":[{\"@type\":\"SearchAction\",\"target\":{\"@type\":\"EntryPoint\",\"urlTemplate\":\"https:\/\/thedermacheck.com\/pl\/?s={search_term_string}\"},\"query-input\":{\"@type\":\"PropertyValueSpecification\",\"valueRequired\":true,\"valueName\":\"search_term_string\"}}],\"inLanguage\":\"pl-PL\"},{\"@type\":\"Organization\",\"@id\":\"https:\/\/thedermacheck.com\/pl\/#organization\",\"name\":\"The Derma Check\",\"url\":\"https:\/\/thedermacheck.com\/pl\/\",\"logo\":{\"@type\":\"ImageObject\",\"inLanguage\":\"pl-PL\",\"@id\":\"https:\/\/thedermacheck.com\/pl\/#\/schema\/logo\/image\/\",\"url\":\"https:\/\/thedermacheck.com\/wp-content\/uploads\/2023\/10\/cropped-THE-DERMA-CHECK-FAVICON-NEW-1.png\",\"contentUrl\":\"https:\/\/thedermacheck.com\/wp-content\/uploads\/2023\/10\/cropped-THE-DERMA-CHECK-FAVICON-NEW-1.png\",\"width\":512,\"height\":512,\"caption\":\"The Derma Check\"},\"image\":{\"@id\":\"https:\/\/thedermacheck.com\/pl\/#\/schema\/logo\/image\/\"}}]}<\/script>\n<!-- \/ Yoast SEO Premium plugin. -->","yoast_head_json":{"title":"Zielona herbata w produktach do piel\u0119gnacji sk\u00f3ry: Naturalna moc dla zdrowej sk\u00f3ry | The Derma Check","robots":{"index":"index","follow":"follow","max-snippet":"max-snippet:-1","max-image-preview":"max-image-preview:large","max-video-preview":"max-video-preview:-1"},"canonical":"https:\/\/thedermacheck.com\/pl\/zielona-herbata-w-produktach-do-pielegnacji-skory-naturalna-moc-dla-zdrowej-skory\/","og_locale":"pl_PL","og_type":"article","og_title":"Zielona herbata w produktach do piel\u0119gnacji sk\u00f3ry: Naturalna moc dla zdrowej sk\u00f3ry","og_description":"Zielona herbata w piel\u0119gnacji sk\u00f3ry Czym jest zielona herbata? Zielona herbata, pozyskiwana z li\u015bci krzewu herbacianego Camellia sinensis, jest nie tylko popularnym napojem, ale tak\u017ce cenionym sk\u0142adnikiem w piel\u0119gnacji sk\u00f3ry. Dzi\u0119ki wysokiemu st\u0119\u017ceniu przeciwutleniaczy, zw\u0142aszcza galusanu epigallokatechiny (EGCG), zielona herbata oferuje liczne korzy\u015bci dla sk\u00f3ry. Korzy\u015bci z zielonej herbaty dla sk\u00f3ry Mo\u017cliwe skutki uboczne Zielona ... Mehr erfahren","og_url":"https:\/\/thedermacheck.com\/pl\/zielona-herbata-w-produktach-do-pielegnacji-skory-naturalna-moc-dla-zdrowej-skory\/","og_site_name":"The Derma Check","article_modified_time":"2024-02-13T15:03:11+00:00","twitter_card":"summary_large_image","twitter_misc":{"Szacowany czas czytania":"3 minuty"},"schema":{"@context":"https:\/\/schema.org","@graph":[{"@type":"WebPage","@id":"https:\/\/thedermacheck.com\/pl\/zielona-herbata-w-produktach-do-pielegnacji-skory-naturalna-moc-dla-zdrowej-skory\/","url":"https:\/\/thedermacheck.com\/pl\/zielona-herbata-w-produktach-do-pielegnacji-skory-naturalna-moc-dla-zdrowej-skory\/","name":"Zielona herbata w produktach do piel\u0119gnacji sk\u00f3ry: Naturalna moc dla zdrowej sk\u00f3ry | The Derma Check","isPartOf":{"@id":"https:\/\/thedermacheck.com\/pl\/#website"},"datePublished":"2023-12-19T14:18:36+00:00","dateModified":"2024-02-13T15:03:11+00:00","breadcrumb":{"@id":"https:\/\/thedermacheck.com\/pl\/zielona-herbata-w-produktach-do-pielegnacji-skory-naturalna-moc-dla-zdrowej-skory\/#breadcrumb"},"inLanguage":"pl-PL","potentialAction":[{"@type":"ReadAction","target":["https:\/\/thedermacheck.com\/pl\/zielona-herbata-w-produktach-do-pielegnacji-skory-naturalna-moc-dla-zdrowej-skory\/"]}]},{"@type":"BreadcrumbList","@id":"https:\/\/thedermacheck.com\/pl\/zielona-herbata-w-produktach-do-pielegnacji-skory-naturalna-moc-dla-zdrowej-skory\/#breadcrumb","itemListElement":[{"@type":"ListItem","position":1,"name":"Derma Check","item":"https:\/\/thedermacheck.com\/pl\/"},{"@type":"ListItem","position":2,"name":"Zielona herbata w produktach do piel\u0119gnacji sk\u00f3ry: Naturalna moc dla zdrowej sk\u00f3ry"}]},{"@type":"WebSite","@id":"https:\/\/thedermacheck.com\/pl\/#website","url":"https:\/\/thedermacheck.com\/pl\/","name":"The Derma Check","description":"","publisher":{"@id":"https:\/\/thedermacheck.com\/pl\/#organization"},"potentialAction":[{"@type":"SearchAction","target":{"@type":"EntryPoint","urlTemplate":"https:\/\/thedermacheck.com\/pl\/?s={search_term_string}"},"query-input":{"@type":"PropertyValueSpecification","valueRequired":true,"valueName":"search_term_string"}}],"inLanguage":"pl-PL"},{"@type":"Organization","@id":"https:\/\/thedermacheck.com\/pl\/#organization","name":"The Derma Check","url":"https:\/\/thedermacheck.com\/pl\/","logo":{"@type":"ImageObject","inLanguage":"pl-PL","@id":"https:\/\/thedermacheck.com\/pl\/#\/schema\/logo\/image\/","url":"https:\/\/thedermacheck.com\/wp-content\/uploads\/2023\/10\/cropped-THE-DERMA-CHECK-FAVICON-NEW-1.png","contentUrl":"https:\/\/thedermacheck.com\/wp-content\/uploads\/2023\/10\/cropped-THE-DERMA-CHECK-FAVICON-NEW-1.png","width":512,"height":512,"caption":"The Derma Check"},"image":{"@id":"https:\/\/thedermacheck.com\/pl\/#\/schema\/logo\/image\/"}}]}},"_links":{"self":[{"href":"https:\/\/thedermacheck.com\/pl\/wp-json\/wp\/v2\/pages\/3420","targetHints":{"allow":["GET"]}}],"collection":[{"href":"https:\/\/thedermacheck.com\/pl\/wp-json\/wp\/v2\/pages"}],"about":[{"href":"https:\/\/thedermacheck.com\/pl\/wp-json\/wp\/v2\/types\/page"}],"author":[{"embeddable":true,"href":"https:\/\/thedermacheck.com\/pl\/wp-json\/wp\/v2\/users\/2"}],"replies":[{"embeddable":true,"href":"https:\/\/thedermacheck.com\/pl\/wp-json\/wp\/v2\/comments?post=3420"}],"version-history":[{"count":1,"href":"https:\/\/thedermacheck.com\/pl\/wp-json\/wp\/v2\/pages\/3420\/revisions"}],"predecessor-version":[{"id":3421,"href":"https:\/\/thedermacheck.com\/pl\/wp-json\/wp\/v2\/pages\/3420\/revisions\/3421"}],"wp:attachment":[{"href":"https:\/\/thedermacheck.com\/pl\/wp-json\/wp\/v2\/media?parent=3420"}],"wp:term":[{"taxonomy":"category","embeddable":true,"href":"https:\/\/thedermacheck.com\/pl\/wp-json\/wp\/v2\/categories?post=3420"},{"taxonomy":"post_tag","embeddable":true,"href":"https:\/\/thedermacheck.com\/pl\/wp-json\/wp\/v2\/tags?post=3420"}],"curies":[{"name":"wp","href":"https:\/\/api.w.org\/{rel}","templated":true}]}}