{"id":3458,"date":"2023-12-19T14:17:00","date_gmt":"2023-12-19T14:17:00","guid":{"rendered":"https:\/\/thedermacheck.com\/emolienty-w-produktach-do-pielegnacji-skory-niezbedne-dla-elastycznej-skory\/"},"modified":"2024-02-13T15:03:37","modified_gmt":"2024-02-13T15:03:37","slug":"emolienty-w-produktach-do-pielegnacji-skory-niezbedne-dla-elastycznej-skory","status":"publish","type":"page","link":"https:\/\/thedermacheck.com\/pl\/emolienty-w-produktach-do-pielegnacji-skory-niezbedne-dla-elastycznej-skory\/","title":{"rendered":"Emolienty w produktach do piel\u0119gnacji sk\u00f3ry: Niezb\u0119dne dla elastycznej sk\u00f3ry"},"content":{"rendered":"\n<p><strong>Emolienty w piel\u0119gnacji sk\u00f3ry<\/strong><\/p>\n\n<ul class=\"wp-block-list\">\n<li><strong>Rodzaj sk\u0142adnika:<\/strong> plastyfikator<\/li>\n\n\n\n<li><strong>G\u0142\u00f3wne korzy\u015bci:<\/strong> Nawil\u017canie, wyg\u0142adzanie tekstury sk\u00f3ry, \u0142agodzenie sucho\u015bci<\/li>\n\n\n\n<li><strong>Idealny dla:<\/strong> Sk\u00f3ra sucha, wra\u017cliwa lub sk\u0142onna do wyprysk\u00f3w<\/li>\n\n\n\n<li><strong>Cz\u0119stotliwo\u015b\u0107 stosowania:<\/strong> Codziennie, szczeg\u00f3lnie po k\u0105pieli lub prysznicu.<\/li>\n\n\n\n<li><strong>Po\u0142\u0105czenie z:<\/strong> Sk\u0142adnikami nawil\u017caj\u0105cymi, takimi jak kwas hialuronowy<\/li>\n\n\n\n<li><strong>Nie u\u017cywa\u0107 z:<\/strong> Produktami zawieraj\u0105cymi sk\u0142adniki dra\u017cni\u0105ce<\/li>\n<\/ul>\n\n<hr class=\"wp-block-separator has-alpha-channel-opacity\"\/>\n\n<h3 class=\"wp-block-heading\"><strong>Czym s\u0105 emolienty?<\/strong><\/h3>\n\n<p>Emolienty, znane r\u00f3wnie\u017c jako emolienty, to sk\u0142adniki produkt\u00f3w do piel\u0119gnacji sk\u00f3ry, kt\u00f3re pomagaj\u0105 zmi\u0119kczy\u0107 sk\u00f3r\u0119 i wzmocni\u0107 jej barier\u0119 wilgoci. Ich dzia\u0142anie polega na pokryciu sk\u00f3ry warstw\u0105 ochronn\u0105, kt\u00f3ra zatrzymuje wilgo\u0107 i wyg\u0142adza struktur\u0119 sk\u00f3ry.<\/p>\n\n<h3 class=\"wp-block-heading\"><strong>Korzy\u015bci emolient\u00f3w dla sk\u00f3ry<\/strong><\/h3>\n\n<ul class=\"wp-block-list\">\n<li><strong>Nawil\u017canie:<\/strong> Emolienty intensywnie nawil\u017caj\u0105 sk\u00f3r\u0119, zapobiegaj\u0105c jej przesuszeniu i \u0142uszczeniu si\u0119.<\/li>\n\n\n\n<li><strong>Wyg\u0142adzenie sk\u00f3ry:<\/strong> Wype\u0142niaj\u0105c luki mi\u0119dzy kom\u00f3rkami sk\u00f3ry, tekstura sk\u00f3ry jest wyra\u017anie wyg\u0142adzona.<\/li>\n\n\n\n<li><strong>Ulga w przypadku problem\u00f3w sk\u00f3rnych:<\/strong> S\u0105 szczeg\u00f3lnie skuteczne w leczeniu problem\u00f3w sk\u00f3rnych, takich jak egzema, \u0142uszczyca i bardzo sucha sk\u00f3ra.<\/li>\n<\/ul>\n\n<h3 class=\"wp-block-heading\"><strong>Mo\u017cliwe skutki uboczne<\/strong><\/h3>\n\n<p>Emolienty s\u0105 og\u00f3lnie dobrze tolerowane. Mog\u0105 jednak mie\u0107 dzia\u0142anie komedogenne u os\u00f3b z bardzo t\u0142ust\u0105 sk\u00f3r\u0105 lub tr\u0105dzikiem. Wa\u017cne jest, aby wybiera\u0107 produkty dostosowane do rodzaju sk\u00f3ry.<\/p>\n\n<h3 class=\"wp-block-heading\"><strong>Zalecenia dotycz\u0105ce stosowania<\/strong><\/h3>\n\n<p>Emolienty nale\u017cy nak\u0142ada\u0107 na oczyszczon\u0105, jeszcze lekko wilgotn\u0105 sk\u00f3r\u0119, aby optymalnie j\u0105 nawil\u017cy\u0107. Mog\u0105 by\u0107 stosowane jako cz\u0119\u015b\u0107 codziennej piel\u0119gnacji sk\u00f3ry, zw\u0142aszcza w postaci krem\u00f3w, balsam\u00f3w lub mase\u0142 do cia\u0142a.<\/p>\n\n<h3 class=\"wp-block-heading\"><strong>Jak ich nie u\u017cywa\u0107<\/strong><\/h3>\n\n<p>Unikaj \u0142\u0105czenia emolient\u00f3w z produktami zawieraj\u0105cymi potencjalnie dra\u017cni\u0105ce sk\u0142adniki, takie jak substancje zapachowe lub agresywne chemikalia. Nale\u017cy r\u00f3wnie\u017c unika\u0107 nak\u0142adania zbyt grubej warstwy, kt\u00f3ra mo\u017ce zatyka\u0107 pory sk\u00f3ry.<\/p>\n\n<h3 class=\"wp-block-heading\"><strong>FAQ<\/strong><\/h3>\n\n<p><strong>1. Czy emolienty s\u0105 odpowiednie dla wszystkich rodzaj\u00f3w sk\u00f3ry?<\/strong>  Tak, ale s\u0105 one szczeg\u00f3lnie polecane do sk\u00f3ry suchej i wra\u017cliwej.<\/p>\n\n<p><strong>2. Czy emolienty mog\u0105 pogorszy\u0107 tr\u0105dzik?<\/strong>  W przypadku sk\u00f3ry t\u0142ustej lub tr\u0105dzikowej nale\u017cy wybiera\u0107 emolienty niekomedogenne.<\/p>\n\n<p><strong>3. Jak cz\u0119sto nale\u017cy stosowa\u0107 Emolliente?<\/strong>  Zaleca si\u0119 codzienne stosowanie, zw\u0142aszcza po k\u0105pieli lub prysznicu.<\/p>\n\n<h3 class=\"wp-block-heading\"><strong>Wnioski<\/strong><\/h3>\n\n<p>Emolienty s\u0105 istotn\u0105 cz\u0119\u015bci\u0105 skutecznej rutyny piel\u0119gnacyjnej, szczeg\u00f3lnie dla os\u00f3b o suchej lub wra\u017cliwej sk\u00f3rze. Ich zdolno\u015b\u0107 do zatrzymywania wilgoci i zmi\u0119kczania sk\u00f3ry sprawia, \u017ce s\u0105 one wa\u017cnym narz\u0119dziem do utrzymania zdrowej, dobrze nawil\u017conej sk\u00f3ry. Wybieraj produkty dostosowane do konkretnego typu sk\u00f3ry, aby osi\u0105gn\u0105\u0107 optymalne rezultaty.<\/p>\n","protected":false},"excerpt":{"rendered":"<p>Emolienty w piel\u0119gnacji sk\u00f3ry Czym s\u0105 emolienty? Emolienty, znane r\u00f3wnie\u017c jako emolienty, to sk\u0142adniki produkt\u00f3w do piel\u0119gnacji sk\u00f3ry, kt\u00f3re pomagaj\u0105 zmi\u0119kczy\u0107 sk\u00f3r\u0119 i wzmocni\u0107 jej barier\u0119 wilgoci. Ich dzia\u0142anie polega na pokryciu sk\u00f3ry warstw\u0105 ochronn\u0105, kt\u00f3ra zatrzymuje wilgo\u0107 i wyg\u0142adza struktur\u0119 sk\u00f3ry. Korzy\u015bci emolient\u00f3w dla sk\u00f3ry Mo\u017cliwe skutki uboczne Emolienty s\u0105 og\u00f3lnie dobrze tolerowane. Mog\u0105 &#8230; <a title=\"Emolienty w produktach do piel\u0119gnacji sk\u00f3ry: Niezb\u0119dne dla elastycznej sk\u00f3ry\" class=\"read-more\" href=\"https:\/\/thedermacheck.com\/pl\/emolienty-w-produktach-do-pielegnacji-skory-niezbedne-dla-elastycznej-skory\/\" aria-label=\"Dowiedz si\u0119 wi\u0119cej o Emolienty w produktach do piel\u0119gnacji sk\u00f3ry: Niezb\u0119dne dla elastycznej sk\u00f3ry\">Mehr erfahren<\/a><\/p>\n","protected":false},"author":2,"featured_media":0,"parent":0,"menu_order":0,"comment_status":"closed","ping_status":"closed","template":"","meta":{"_acf_changed":false,"_lmt_disableupdate":"","_lmt_disable":"","footnotes":""},"categories":[42],"tags":[],"class_list":{"0":"post-3458","1":"page","2":"type-page","3":"status-publish","5":"category-skladniki"},"acf":[],"yoast_head":"<!-- This site is optimized with the Yoast SEO Premium plugin v25.7.1 (Yoast SEO v25.7) - https:\/\/yoast.com\/wordpress\/plugins\/seo\/ -->\n<title>Emolienty w produktach do piel\u0119gnacji sk\u00f3ry: Niezb\u0119dne dla elastycznej sk\u00f3ry | The Derma Check<\/title>\n<meta name=\"robots\" content=\"index, follow, max-snippet:-1, max-image-preview:large, max-video-preview:-1\" \/>\n<link rel=\"canonical\" href=\"https:\/\/thedermacheck.com\/pl\/emolienty-w-produktach-do-pielegnacji-skory-niezbedne-dla-elastycznej-skory\/\" \/>\n<meta property=\"og:locale\" content=\"pl_PL\" \/>\n<meta property=\"og:type\" content=\"article\" \/>\n<meta property=\"og:title\" content=\"Emolienty w produktach do piel\u0119gnacji sk\u00f3ry: Niezb\u0119dne dla elastycznej sk\u00f3ry\" \/>\n<meta property=\"og:description\" content=\"Emolienty w piel\u0119gnacji sk\u00f3ry Czym s\u0105 emolienty? Emolienty, znane r\u00f3wnie\u017c jako emolienty, to sk\u0142adniki produkt\u00f3w do piel\u0119gnacji sk\u00f3ry, kt\u00f3re pomagaj\u0105 zmi\u0119kczy\u0107 sk\u00f3r\u0119 i wzmocni\u0107 jej barier\u0119 wilgoci. Ich dzia\u0142anie polega na pokryciu sk\u00f3ry warstw\u0105 ochronn\u0105, kt\u00f3ra zatrzymuje wilgo\u0107 i wyg\u0142adza struktur\u0119 sk\u00f3ry. Korzy\u015bci emolient\u00f3w dla sk\u00f3ry Mo\u017cliwe skutki uboczne Emolienty s\u0105 og\u00f3lnie dobrze tolerowane. Mog\u0105 ... Mehr erfahren\" \/>\n<meta property=\"og:url\" content=\"https:\/\/thedermacheck.com\/pl\/emolienty-w-produktach-do-pielegnacji-skory-niezbedne-dla-elastycznej-skory\/\" \/>\n<meta property=\"og:site_name\" content=\"The Derma Check\" \/>\n<meta property=\"article:modified_time\" content=\"2024-02-13T15:03:37+00:00\" \/>\n<meta name=\"twitter:card\" content=\"summary_large_image\" \/>\n<meta name=\"twitter:label1\" content=\"Szacowany czas czytania\" \/>\n\t<meta name=\"twitter:data1\" content=\"2 minuty\" \/>\n<script type=\"application\/ld+json\" class=\"yoast-schema-graph\">{\"@context\":\"https:\/\/schema.org\",\"@graph\":[{\"@type\":\"WebPage\",\"@id\":\"https:\/\/thedermacheck.com\/pl\/emolienty-w-produktach-do-pielegnacji-skory-niezbedne-dla-elastycznej-skory\/\",\"url\":\"https:\/\/thedermacheck.com\/pl\/emolienty-w-produktach-do-pielegnacji-skory-niezbedne-dla-elastycznej-skory\/\",\"name\":\"Emolienty w produktach do piel\u0119gnacji sk\u00f3ry: Niezb\u0119dne dla elastycznej sk\u00f3ry | The Derma Check\",\"isPartOf\":{\"@id\":\"https:\/\/thedermacheck.com\/pl\/#website\"},\"datePublished\":\"2023-12-19T14:17:00+00:00\",\"dateModified\":\"2024-02-13T15:03:37+00:00\",\"breadcrumb\":{\"@id\":\"https:\/\/thedermacheck.com\/pl\/emolienty-w-produktach-do-pielegnacji-skory-niezbedne-dla-elastycznej-skory\/#breadcrumb\"},\"inLanguage\":\"pl-PL\",\"potentialAction\":[{\"@type\":\"ReadAction\",\"target\":[\"https:\/\/thedermacheck.com\/pl\/emolienty-w-produktach-do-pielegnacji-skory-niezbedne-dla-elastycznej-skory\/\"]}]},{\"@type\":\"BreadcrumbList\",\"@id\":\"https:\/\/thedermacheck.com\/pl\/emolienty-w-produktach-do-pielegnacji-skory-niezbedne-dla-elastycznej-skory\/#breadcrumb\",\"itemListElement\":[{\"@type\":\"ListItem\",\"position\":1,\"name\":\"Derma Check\",\"item\":\"https:\/\/thedermacheck.com\/pl\/\"},{\"@type\":\"ListItem\",\"position\":2,\"name\":\"Emolienty w produktach do piel\u0119gnacji sk\u00f3ry: Niezb\u0119dne dla elastycznej sk\u00f3ry\"}]},{\"@type\":\"WebSite\",\"@id\":\"https:\/\/thedermacheck.com\/pl\/#website\",\"url\":\"https:\/\/thedermacheck.com\/pl\/\",\"name\":\"The Derma Check\",\"description\":\"\",\"publisher\":{\"@id\":\"https:\/\/thedermacheck.com\/pl\/#organization\"},\"potentialAction\":[{\"@type\":\"SearchAction\",\"target\":{\"@type\":\"EntryPoint\",\"urlTemplate\":\"https:\/\/thedermacheck.com\/pl\/?s={search_term_string}\"},\"query-input\":{\"@type\":\"PropertyValueSpecification\",\"valueRequired\":true,\"valueName\":\"search_term_string\"}}],\"inLanguage\":\"pl-PL\"},{\"@type\":\"Organization\",\"@id\":\"https:\/\/thedermacheck.com\/pl\/#organization\",\"name\":\"The Derma Check\",\"url\":\"https:\/\/thedermacheck.com\/pl\/\",\"logo\":{\"@type\":\"ImageObject\",\"inLanguage\":\"pl-PL\",\"@id\":\"https:\/\/thedermacheck.com\/pl\/#\/schema\/logo\/image\/\",\"url\":\"https:\/\/thedermacheck.com\/wp-content\/uploads\/2023\/10\/cropped-THE-DERMA-CHECK-FAVICON-NEW-1.png\",\"contentUrl\":\"https:\/\/thedermacheck.com\/wp-content\/uploads\/2023\/10\/cropped-THE-DERMA-CHECK-FAVICON-NEW-1.png\",\"width\":512,\"height\":512,\"caption\":\"The Derma Check\"},\"image\":{\"@id\":\"https:\/\/thedermacheck.com\/pl\/#\/schema\/logo\/image\/\"}}]}<\/script>\n<!-- \/ Yoast SEO Premium plugin. -->","yoast_head_json":{"title":"Emolienty w produktach do piel\u0119gnacji sk\u00f3ry: Niezb\u0119dne dla elastycznej sk\u00f3ry | The Derma Check","robots":{"index":"index","follow":"follow","max-snippet":"max-snippet:-1","max-image-preview":"max-image-preview:large","max-video-preview":"max-video-preview:-1"},"canonical":"https:\/\/thedermacheck.com\/pl\/emolienty-w-produktach-do-pielegnacji-skory-niezbedne-dla-elastycznej-skory\/","og_locale":"pl_PL","og_type":"article","og_title":"Emolienty w produktach do piel\u0119gnacji sk\u00f3ry: Niezb\u0119dne dla elastycznej sk\u00f3ry","og_description":"Emolienty w piel\u0119gnacji sk\u00f3ry Czym s\u0105 emolienty? Emolienty, znane r\u00f3wnie\u017c jako emolienty, to sk\u0142adniki produkt\u00f3w do piel\u0119gnacji sk\u00f3ry, kt\u00f3re pomagaj\u0105 zmi\u0119kczy\u0107 sk\u00f3r\u0119 i wzmocni\u0107 jej barier\u0119 wilgoci. Ich dzia\u0142anie polega na pokryciu sk\u00f3ry warstw\u0105 ochronn\u0105, kt\u00f3ra zatrzymuje wilgo\u0107 i wyg\u0142adza struktur\u0119 sk\u00f3ry. Korzy\u015bci emolient\u00f3w dla sk\u00f3ry Mo\u017cliwe skutki uboczne Emolienty s\u0105 og\u00f3lnie dobrze tolerowane. Mog\u0105 ... Mehr erfahren","og_url":"https:\/\/thedermacheck.com\/pl\/emolienty-w-produktach-do-pielegnacji-skory-niezbedne-dla-elastycznej-skory\/","og_site_name":"The Derma Check","article_modified_time":"2024-02-13T15:03:37+00:00","twitter_card":"summary_large_image","twitter_misc":{"Szacowany czas czytania":"2 minuty"},"schema":{"@context":"https:\/\/schema.org","@graph":[{"@type":"WebPage","@id":"https:\/\/thedermacheck.com\/pl\/emolienty-w-produktach-do-pielegnacji-skory-niezbedne-dla-elastycznej-skory\/","url":"https:\/\/thedermacheck.com\/pl\/emolienty-w-produktach-do-pielegnacji-skory-niezbedne-dla-elastycznej-skory\/","name":"Emolienty w produktach do piel\u0119gnacji sk\u00f3ry: Niezb\u0119dne dla elastycznej sk\u00f3ry | The Derma Check","isPartOf":{"@id":"https:\/\/thedermacheck.com\/pl\/#website"},"datePublished":"2023-12-19T14:17:00+00:00","dateModified":"2024-02-13T15:03:37+00:00","breadcrumb":{"@id":"https:\/\/thedermacheck.com\/pl\/emolienty-w-produktach-do-pielegnacji-skory-niezbedne-dla-elastycznej-skory\/#breadcrumb"},"inLanguage":"pl-PL","potentialAction":[{"@type":"ReadAction","target":["https:\/\/thedermacheck.com\/pl\/emolienty-w-produktach-do-pielegnacji-skory-niezbedne-dla-elastycznej-skory\/"]}]},{"@type":"BreadcrumbList","@id":"https:\/\/thedermacheck.com\/pl\/emolienty-w-produktach-do-pielegnacji-skory-niezbedne-dla-elastycznej-skory\/#breadcrumb","itemListElement":[{"@type":"ListItem","position":1,"name":"Derma Check","item":"https:\/\/thedermacheck.com\/pl\/"},{"@type":"ListItem","position":2,"name":"Emolienty w produktach do piel\u0119gnacji sk\u00f3ry: Niezb\u0119dne dla elastycznej sk\u00f3ry"}]},{"@type":"WebSite","@id":"https:\/\/thedermacheck.com\/pl\/#website","url":"https:\/\/thedermacheck.com\/pl\/","name":"The Derma Check","description":"","publisher":{"@id":"https:\/\/thedermacheck.com\/pl\/#organization"},"potentialAction":[{"@type":"SearchAction","target":{"@type":"EntryPoint","urlTemplate":"https:\/\/thedermacheck.com\/pl\/?s={search_term_string}"},"query-input":{"@type":"PropertyValueSpecification","valueRequired":true,"valueName":"search_term_string"}}],"inLanguage":"pl-PL"},{"@type":"Organization","@id":"https:\/\/thedermacheck.com\/pl\/#organization","name":"The Derma Check","url":"https:\/\/thedermacheck.com\/pl\/","logo":{"@type":"ImageObject","inLanguage":"pl-PL","@id":"https:\/\/thedermacheck.com\/pl\/#\/schema\/logo\/image\/","url":"https:\/\/thedermacheck.com\/wp-content\/uploads\/2023\/10\/cropped-THE-DERMA-CHECK-FAVICON-NEW-1.png","contentUrl":"https:\/\/thedermacheck.com\/wp-content\/uploads\/2023\/10\/cropped-THE-DERMA-CHECK-FAVICON-NEW-1.png","width":512,"height":512,"caption":"The Derma Check"},"image":{"@id":"https:\/\/thedermacheck.com\/pl\/#\/schema\/logo\/image\/"}}]}},"_links":{"self":[{"href":"https:\/\/thedermacheck.com\/pl\/wp-json\/wp\/v2\/pages\/3458","targetHints":{"allow":["GET"]}}],"collection":[{"href":"https:\/\/thedermacheck.com\/pl\/wp-json\/wp\/v2\/pages"}],"about":[{"href":"https:\/\/thedermacheck.com\/pl\/wp-json\/wp\/v2\/types\/page"}],"author":[{"embeddable":true,"href":"https:\/\/thedermacheck.com\/pl\/wp-json\/wp\/v2\/users\/2"}],"replies":[{"embeddable":true,"href":"https:\/\/thedermacheck.com\/pl\/wp-json\/wp\/v2\/comments?post=3458"}],"version-history":[{"count":1,"href":"https:\/\/thedermacheck.com\/pl\/wp-json\/wp\/v2\/pages\/3458\/revisions"}],"predecessor-version":[{"id":3459,"href":"https:\/\/thedermacheck.com\/pl\/wp-json\/wp\/v2\/pages\/3458\/revisions\/3459"}],"wp:attachment":[{"href":"https:\/\/thedermacheck.com\/pl\/wp-json\/wp\/v2\/media?parent=3458"}],"wp:term":[{"taxonomy":"category","embeddable":true,"href":"https:\/\/thedermacheck.com\/pl\/wp-json\/wp\/v2\/categories?post=3458"},{"taxonomy":"post_tag","embeddable":true,"href":"https:\/\/thedermacheck.com\/pl\/wp-json\/wp\/v2\/tags?post=3458"}],"curies":[{"name":"wp","href":"https:\/\/api.w.org\/{rel}","templated":true}]}}