{"id":3540,"date":"2023-12-16T20:46:17","date_gmt":"2023-12-16T20:46:17","guid":{"rendered":"https:\/\/thedermacheck.com\/olej-rycynowy-w-produktach-do-pielegnacji-skory-naturalny-srodek-nawilzajacy-i-nie-tylko\/"},"modified":"2024-02-13T15:04:40","modified_gmt":"2024-02-13T15:04:40","slug":"olej-rycynowy-w-produktach-do-pielegnacji-skory-naturalny-srodek-nawilzajacy-i-nie-tylko","status":"publish","type":"page","link":"https:\/\/thedermacheck.com\/pl\/olej-rycynowy-w-produktach-do-pielegnacji-skory-naturalny-srodek-nawilzajacy-i-nie-tylko\/","title":{"rendered":"Olej rycynowy w produktach do piel\u0119gnacji sk\u00f3ry: Naturalny \u015brodek nawil\u017caj\u0105cy i nie tylko"},"content":{"rendered":"\n<h2 class=\"wp-block-heading\">OLEJ RY\u017bOWY<\/h2>\n\n<ul class=\"wp-block-list\">\n<li><strong>Rodzaj sk\u0142adnika:<\/strong> Naturalny olej<\/li>\n\n\n\n<li><strong>G\u0142\u00f3wne korzy\u015bci:<\/strong> Nawil\u017ca, wspomaga wzrost w\u0142os\u00f3w, \u0142agodzi podra\u017cnienia sk\u00f3ry<\/li>\n\n\n\n<li><strong>Dla kogo przeznaczony:<\/strong> Dla wszystkich rodzaj\u00f3w sk\u00f3ry, szczeg\u00f3lnie dla sk\u00f3ry suchej, podra\u017cnionej oraz do piel\u0119gnacji w\u0142os\u00f3w<\/li>\n\n\n\n<li><strong>Cz\u0119stotliwo\u015b\u0107 stosowania:<\/strong> w zale\u017cno\u015bci od potrzeb, cz\u0119sto codziennie<\/li>\n\n\n\n<li><strong>Mo\u017cna \u0142\u0105czy\u0107 z:<\/strong> Innymi olejkami i \u015brodkami nawil\u017caj\u0105cymi<\/li>\n\n\n\n<li><strong>Nie stosowa\u0107 z:<\/strong> W przypadku znanej nadwra\u017cliwo\u015bci na olej rycynowy<\/li>\n<\/ul>\n\n<hr class=\"wp-block-separator has-alpha-channel-opacity\"\/>\n\n<h2 class=\"wp-block-heading\">Wprowadzenie: Wszechstronno\u015b\u0107 oleju rycynowego<\/h2>\n\n<p>Olej rycynowy, pozyskiwany z nasion r\u0105cznika pospolitego, jest wszechstronnym produktem naturalnym, kt\u00f3ry znajduje szerokie zastosowanie w piel\u0119gnacji sk\u00f3ry i w\u0142os\u00f3w. Jego unikalne w\u0142a\u015bciwo\u015bci sprawiaj\u0105, \u017ce jest cennym sk\u0142adnikiem wielu produkt\u00f3w piel\u0119gnacyjnych.<\/p>\n\n<hr class=\"wp-block-separator has-alpha-channel-opacity\"\/>\n\n<h3 class=\"wp-block-heading\">Zalety oleju rycynowego<\/h3>\n\n<h4 class=\"wp-block-heading\">Nawil\u017canie<\/h4>\n\n<p>Olej rycynowy jest znany ze swoich w\u0142a\u015bciwo\u015bci nawil\u017caj\u0105cych, kt\u00f3re pomagaj\u0105 utrzyma\u0107 sk\u00f3r\u0119 mi\u0119kk\u0105 i nawil\u017con\u0105.<\/p>\n\n<h4 class=\"wp-block-heading\">Wspomaga wzrost w\u0142os\u00f3w<\/h4>\n\n<p>Jest cz\u0119sto stosowany w celu pobudzenia wzrostu w\u0142os\u00f3w, zw\u0142aszcza rz\u0119s i brwi.<\/p>\n\n<h4 class=\"wp-block-heading\">\u0141agodzi podra\u017cnienia sk\u00f3ry<\/h4>\n\n<p>Olej rycynowy mo\u017ce \u0142agodzi\u0107 podra\u017cnienia i stany zapalne sk\u00f3ry, dzi\u0119ki czemu jest dobrym wyborem dla sk\u00f3ry wra\u017cliwej.<\/p>\n\n<hr class=\"wp-block-separator has-alpha-channel-opacity\"\/>\n\n<h3 class=\"wp-block-heading\">Mo\u017cliwe skutki uboczne<\/h3>\n\n<p>Chocia\u017c olej rycynowy jest og\u00f3lnie dobrze tolerowany, mo\u017ce powodowa\u0107 reakcje alergiczne u niekt\u00f3rych os\u00f3b. Nale\u017cy zachowa\u0107 ostro\u017cno\u015b\u0107 w przypadku znanej nadwra\u017cliwo\u015bci na ten olej.<\/p>\n\n<hr class=\"wp-block-separator has-alpha-channel-opacity\"\/>\n\n<h3 class=\"wp-block-heading\">Zastosowanie oleju rycynowego<\/h3>\n\n<h4 class=\"wp-block-heading\">Bezpo\u015brednia aplikacja na sk\u00f3r\u0119 i w\u0142osy<\/h4>\n\n<p>Olej rycynowy mo\u017ce by\u0107 stosowany bezpo\u015brednio na sk\u00f3r\u0119 lub w\u0142osy w celu ich nawil\u017cenia i pobudzenia wzrostu.<\/p>\n\n<h4 class=\"wp-block-heading\">W po\u0142\u0105czeniu z innymi produktami<\/h4>\n\n<p>Dobrze miesza si\u0119 z innymi olejkami i kremami nawil\u017caj\u0105cymi, zapewniaj\u0105c dodatkow\u0105 piel\u0119gnacj\u0119.<\/p>\n\n<hr class=\"wp-block-separator has-alpha-channel-opacity\"\/>\n\n<h3 class=\"wp-block-heading\">Jak nie stosowa\u0107 oleju rycynowego<\/h3>\n\n<ul class=\"wp-block-list\">\n<li><strong>Nie w zbyt wysokim st\u0119\u017ceniu:<\/strong> Nadmierne stosowanie oleju rycynowego, zw\u0142aszcza w czystej postaci, mo\u017ce powodowa\u0107 podra\u017cnienia sk\u00f3ry.<\/li>\n\n\n\n<li><strong>Nale\u017cy zachowa\u0107 ostro\u017cno\u015b\u0107 podczas nak\u0142adania na sk\u00f3r\u0119 g\u0142owy:<\/strong> Podczas nak\u0142adania na sk\u00f3r\u0119 g\u0142owy nale\u017cy zachowa\u0107 ostro\u017cno\u015b\u0107, aby unikn\u0105\u0107 zatykania por\u00f3w.<\/li>\n<\/ul>\n\n<hr class=\"wp-block-separator has-alpha-channel-opacity\"\/>\n\n<h3 class=\"wp-block-heading\">Najcz\u0119\u015bciej zadawane pytania dotycz\u0105ce oleju rycynowego<\/h3>\n\n<h4 class=\"wp-block-heading\">Czy olej rycynowy mo\u017ce powodowa\u0107 tr\u0105dzik?<\/h4>\n\n<p>Poniewa\u017c mo\u017ce by\u0107 komedogenny, powinien by\u0107 stosowany ostro\u017cnie na sk\u00f3rze tr\u0105dzikowej.<\/p>\n\n<h4 class=\"wp-block-heading\">Czy olej rycynowy jest bezpieczny dla wszystkich rodzaj\u00f3w sk\u00f3ry?<\/h4>\n\n<p>Zasadniczo tak, ale osoby o wra\u017cliwej sk\u00f3rze powinny najpierw przetestowa\u0107 go na ma\u0142ym obszarze.<\/p>\n\n<h4 class=\"wp-block-heading\">Jak szybko dzia\u0142a olej rycynowy?<\/h4>\n\n<p>Wyniki mog\u0105 si\u0119 r\u00f3\u017cni\u0107, ale wielu u\u017cytkownik\u00f3w zg\u0142asza popraw\u0119 nawil\u017cenia sk\u00f3ry i wzrostu w\u0142os\u00f3w po regularnym stosowaniu przez kilka tygodni.<\/p>\n\n<hr class=\"wp-block-separator has-alpha-channel-opacity\"\/>\n\n<h2 class=\"wp-block-heading\">Wnioski<\/h2>\n\n<p>Olej rycynowy jest skutecznym i naturalnym sk\u0142adnikiem do piel\u0119gnacji sk\u00f3ry i w\u0142os\u00f3w. Oferuje szeroki zakres korzy\u015bci, od nawil\u017cania po promowanie wzrostu w\u0142os\u00f3w. Prawid\u0142owo stosowany olej rycynowy mo\u017ce by\u0107 cennym elementem codziennej piel\u0119gnacji sk\u00f3ry.<\/p>\n","protected":false},"excerpt":{"rendered":"<p>OLEJ RY\u017bOWY Wprowadzenie: Wszechstronno\u015b\u0107 oleju rycynowego Olej rycynowy, pozyskiwany z nasion r\u0105cznika pospolitego, jest wszechstronnym produktem naturalnym, kt\u00f3ry znajduje szerokie zastosowanie w piel\u0119gnacji sk\u00f3ry i w\u0142os\u00f3w. Jego unikalne w\u0142a\u015bciwo\u015bci sprawiaj\u0105, \u017ce jest cennym sk\u0142adnikiem wielu produkt\u00f3w piel\u0119gnacyjnych. Zalety oleju rycynowego Nawil\u017canie Olej rycynowy jest znany ze swoich w\u0142a\u015bciwo\u015bci nawil\u017caj\u0105cych, kt\u00f3re pomagaj\u0105 utrzyma\u0107 sk\u00f3r\u0119 mi\u0119kk\u0105 i &#8230; <a title=\"Olej rycynowy w produktach do piel\u0119gnacji sk\u00f3ry: Naturalny \u015brodek nawil\u017caj\u0105cy i nie tylko\" class=\"read-more\" href=\"https:\/\/thedermacheck.com\/pl\/olej-rycynowy-w-produktach-do-pielegnacji-skory-naturalny-srodek-nawilzajacy-i-nie-tylko\/\" aria-label=\"Dowiedz si\u0119 wi\u0119cej o Olej rycynowy w produktach do piel\u0119gnacji sk\u00f3ry: Naturalny \u015brodek nawil\u017caj\u0105cy i nie tylko\">Mehr erfahren<\/a><\/p>\n","protected":false},"author":2,"featured_media":0,"parent":0,"menu_order":0,"comment_status":"closed","ping_status":"closed","template":"","meta":{"_acf_changed":false,"_lmt_disableupdate":"","_lmt_disable":"","footnotes":""},"categories":[42],"tags":[],"class_list":{"0":"post-3540","1":"page","2":"type-page","3":"status-publish","5":"category-skladniki"},"acf":[],"yoast_head":"<!-- This site is optimized with the Yoast SEO Premium plugin v25.7.1 (Yoast SEO v25.7) - https:\/\/yoast.com\/wordpress\/plugins\/seo\/ -->\n<title>Olej rycynowy w produktach do piel\u0119gnacji sk\u00f3ry: Naturalny \u015brodek nawil\u017caj\u0105cy i nie tylko | The Derma Check<\/title>\n<meta name=\"robots\" content=\"index, follow, max-snippet:-1, max-image-preview:large, max-video-preview:-1\" \/>\n<link rel=\"canonical\" href=\"https:\/\/thedermacheck.com\/pl\/olej-rycynowy-w-produktach-do-pielegnacji-skory-naturalny-srodek-nawilzajacy-i-nie-tylko\/\" \/>\n<meta property=\"og:locale\" content=\"pl_PL\" \/>\n<meta property=\"og:type\" content=\"article\" \/>\n<meta property=\"og:title\" content=\"Olej rycynowy w produktach do piel\u0119gnacji sk\u00f3ry: Naturalny \u015brodek nawil\u017caj\u0105cy i nie tylko\" \/>\n<meta property=\"og:description\" content=\"OLEJ RY\u017bOWY Wprowadzenie: Wszechstronno\u015b\u0107 oleju rycynowego Olej rycynowy, pozyskiwany z nasion r\u0105cznika pospolitego, jest wszechstronnym produktem naturalnym, kt\u00f3ry znajduje szerokie zastosowanie w piel\u0119gnacji sk\u00f3ry i w\u0142os\u00f3w. Jego unikalne w\u0142a\u015bciwo\u015bci sprawiaj\u0105, \u017ce jest cennym sk\u0142adnikiem wielu produkt\u00f3w piel\u0119gnacyjnych. Zalety oleju rycynowego Nawil\u017canie Olej rycynowy jest znany ze swoich w\u0142a\u015bciwo\u015bci nawil\u017caj\u0105cych, kt\u00f3re pomagaj\u0105 utrzyma\u0107 sk\u00f3r\u0119 mi\u0119kk\u0105 i ... Mehr erfahren\" \/>\n<meta property=\"og:url\" content=\"https:\/\/thedermacheck.com\/pl\/olej-rycynowy-w-produktach-do-pielegnacji-skory-naturalny-srodek-nawilzajacy-i-nie-tylko\/\" \/>\n<meta property=\"og:site_name\" content=\"The Derma Check\" \/>\n<meta property=\"article:modified_time\" content=\"2024-02-13T15:04:40+00:00\" \/>\n<meta name=\"twitter:card\" content=\"summary_large_image\" \/>\n<meta name=\"twitter:label1\" content=\"Szacowany czas czytania\" \/>\n\t<meta name=\"twitter:data1\" content=\"2 minuty\" \/>\n<script type=\"application\/ld+json\" class=\"yoast-schema-graph\">{\"@context\":\"https:\/\/schema.org\",\"@graph\":[{\"@type\":\"WebPage\",\"@id\":\"https:\/\/thedermacheck.com\/pl\/olej-rycynowy-w-produktach-do-pielegnacji-skory-naturalny-srodek-nawilzajacy-i-nie-tylko\/\",\"url\":\"https:\/\/thedermacheck.com\/pl\/olej-rycynowy-w-produktach-do-pielegnacji-skory-naturalny-srodek-nawilzajacy-i-nie-tylko\/\",\"name\":\"Olej rycynowy w produktach do piel\u0119gnacji sk\u00f3ry: Naturalny \u015brodek nawil\u017caj\u0105cy i nie tylko | The Derma Check\",\"isPartOf\":{\"@id\":\"https:\/\/thedermacheck.com\/pl\/#website\"},\"datePublished\":\"2023-12-16T20:46:17+00:00\",\"dateModified\":\"2024-02-13T15:04:40+00:00\",\"breadcrumb\":{\"@id\":\"https:\/\/thedermacheck.com\/pl\/olej-rycynowy-w-produktach-do-pielegnacji-skory-naturalny-srodek-nawilzajacy-i-nie-tylko\/#breadcrumb\"},\"inLanguage\":\"pl-PL\",\"potentialAction\":[{\"@type\":\"ReadAction\",\"target\":[\"https:\/\/thedermacheck.com\/pl\/olej-rycynowy-w-produktach-do-pielegnacji-skory-naturalny-srodek-nawilzajacy-i-nie-tylko\/\"]}]},{\"@type\":\"BreadcrumbList\",\"@id\":\"https:\/\/thedermacheck.com\/pl\/olej-rycynowy-w-produktach-do-pielegnacji-skory-naturalny-srodek-nawilzajacy-i-nie-tylko\/#breadcrumb\",\"itemListElement\":[{\"@type\":\"ListItem\",\"position\":1,\"name\":\"Derma Check\",\"item\":\"https:\/\/thedermacheck.com\/pl\/\"},{\"@type\":\"ListItem\",\"position\":2,\"name\":\"Olej rycynowy w produktach do piel\u0119gnacji sk\u00f3ry: Naturalny \u015brodek nawil\u017caj\u0105cy i nie tylko\"}]},{\"@type\":\"WebSite\",\"@id\":\"https:\/\/thedermacheck.com\/pl\/#website\",\"url\":\"https:\/\/thedermacheck.com\/pl\/\",\"name\":\"The Derma Check\",\"description\":\"\",\"publisher\":{\"@id\":\"https:\/\/thedermacheck.com\/pl\/#organization\"},\"potentialAction\":[{\"@type\":\"SearchAction\",\"target\":{\"@type\":\"EntryPoint\",\"urlTemplate\":\"https:\/\/thedermacheck.com\/pl\/?s={search_term_string}\"},\"query-input\":{\"@type\":\"PropertyValueSpecification\",\"valueRequired\":true,\"valueName\":\"search_term_string\"}}],\"inLanguage\":\"pl-PL\"},{\"@type\":\"Organization\",\"@id\":\"https:\/\/thedermacheck.com\/pl\/#organization\",\"name\":\"The Derma Check\",\"url\":\"https:\/\/thedermacheck.com\/pl\/\",\"logo\":{\"@type\":\"ImageObject\",\"inLanguage\":\"pl-PL\",\"@id\":\"https:\/\/thedermacheck.com\/pl\/#\/schema\/logo\/image\/\",\"url\":\"https:\/\/thedermacheck.com\/wp-content\/uploads\/2023\/10\/cropped-THE-DERMA-CHECK-FAVICON-NEW-1.png\",\"contentUrl\":\"https:\/\/thedermacheck.com\/wp-content\/uploads\/2023\/10\/cropped-THE-DERMA-CHECK-FAVICON-NEW-1.png\",\"width\":512,\"height\":512,\"caption\":\"The Derma Check\"},\"image\":{\"@id\":\"https:\/\/thedermacheck.com\/pl\/#\/schema\/logo\/image\/\"}}]}<\/script>\n<!-- \/ Yoast SEO Premium plugin. -->","yoast_head_json":{"title":"Olej rycynowy w produktach do piel\u0119gnacji sk\u00f3ry: Naturalny \u015brodek nawil\u017caj\u0105cy i nie tylko | The Derma Check","robots":{"index":"index","follow":"follow","max-snippet":"max-snippet:-1","max-image-preview":"max-image-preview:large","max-video-preview":"max-video-preview:-1"},"canonical":"https:\/\/thedermacheck.com\/pl\/olej-rycynowy-w-produktach-do-pielegnacji-skory-naturalny-srodek-nawilzajacy-i-nie-tylko\/","og_locale":"pl_PL","og_type":"article","og_title":"Olej rycynowy w produktach do piel\u0119gnacji sk\u00f3ry: Naturalny \u015brodek nawil\u017caj\u0105cy i nie tylko","og_description":"OLEJ RY\u017bOWY Wprowadzenie: Wszechstronno\u015b\u0107 oleju rycynowego Olej rycynowy, pozyskiwany z nasion r\u0105cznika pospolitego, jest wszechstronnym produktem naturalnym, kt\u00f3ry znajduje szerokie zastosowanie w piel\u0119gnacji sk\u00f3ry i w\u0142os\u00f3w. Jego unikalne w\u0142a\u015bciwo\u015bci sprawiaj\u0105, \u017ce jest cennym sk\u0142adnikiem wielu produkt\u00f3w piel\u0119gnacyjnych. Zalety oleju rycynowego Nawil\u017canie Olej rycynowy jest znany ze swoich w\u0142a\u015bciwo\u015bci nawil\u017caj\u0105cych, kt\u00f3re pomagaj\u0105 utrzyma\u0107 sk\u00f3r\u0119 mi\u0119kk\u0105 i ... Mehr erfahren","og_url":"https:\/\/thedermacheck.com\/pl\/olej-rycynowy-w-produktach-do-pielegnacji-skory-naturalny-srodek-nawilzajacy-i-nie-tylko\/","og_site_name":"The Derma Check","article_modified_time":"2024-02-13T15:04:40+00:00","twitter_card":"summary_large_image","twitter_misc":{"Szacowany czas czytania":"2 minuty"},"schema":{"@context":"https:\/\/schema.org","@graph":[{"@type":"WebPage","@id":"https:\/\/thedermacheck.com\/pl\/olej-rycynowy-w-produktach-do-pielegnacji-skory-naturalny-srodek-nawilzajacy-i-nie-tylko\/","url":"https:\/\/thedermacheck.com\/pl\/olej-rycynowy-w-produktach-do-pielegnacji-skory-naturalny-srodek-nawilzajacy-i-nie-tylko\/","name":"Olej rycynowy w produktach do piel\u0119gnacji sk\u00f3ry: Naturalny \u015brodek nawil\u017caj\u0105cy i nie tylko | The Derma Check","isPartOf":{"@id":"https:\/\/thedermacheck.com\/pl\/#website"},"datePublished":"2023-12-16T20:46:17+00:00","dateModified":"2024-02-13T15:04:40+00:00","breadcrumb":{"@id":"https:\/\/thedermacheck.com\/pl\/olej-rycynowy-w-produktach-do-pielegnacji-skory-naturalny-srodek-nawilzajacy-i-nie-tylko\/#breadcrumb"},"inLanguage":"pl-PL","potentialAction":[{"@type":"ReadAction","target":["https:\/\/thedermacheck.com\/pl\/olej-rycynowy-w-produktach-do-pielegnacji-skory-naturalny-srodek-nawilzajacy-i-nie-tylko\/"]}]},{"@type":"BreadcrumbList","@id":"https:\/\/thedermacheck.com\/pl\/olej-rycynowy-w-produktach-do-pielegnacji-skory-naturalny-srodek-nawilzajacy-i-nie-tylko\/#breadcrumb","itemListElement":[{"@type":"ListItem","position":1,"name":"Derma Check","item":"https:\/\/thedermacheck.com\/pl\/"},{"@type":"ListItem","position":2,"name":"Olej rycynowy w produktach do piel\u0119gnacji sk\u00f3ry: Naturalny \u015brodek nawil\u017caj\u0105cy i nie tylko"}]},{"@type":"WebSite","@id":"https:\/\/thedermacheck.com\/pl\/#website","url":"https:\/\/thedermacheck.com\/pl\/","name":"The Derma Check","description":"","publisher":{"@id":"https:\/\/thedermacheck.com\/pl\/#organization"},"potentialAction":[{"@type":"SearchAction","target":{"@type":"EntryPoint","urlTemplate":"https:\/\/thedermacheck.com\/pl\/?s={search_term_string}"},"query-input":{"@type":"PropertyValueSpecification","valueRequired":true,"valueName":"search_term_string"}}],"inLanguage":"pl-PL"},{"@type":"Organization","@id":"https:\/\/thedermacheck.com\/pl\/#organization","name":"The Derma Check","url":"https:\/\/thedermacheck.com\/pl\/","logo":{"@type":"ImageObject","inLanguage":"pl-PL","@id":"https:\/\/thedermacheck.com\/pl\/#\/schema\/logo\/image\/","url":"https:\/\/thedermacheck.com\/wp-content\/uploads\/2023\/10\/cropped-THE-DERMA-CHECK-FAVICON-NEW-1.png","contentUrl":"https:\/\/thedermacheck.com\/wp-content\/uploads\/2023\/10\/cropped-THE-DERMA-CHECK-FAVICON-NEW-1.png","width":512,"height":512,"caption":"The Derma Check"},"image":{"@id":"https:\/\/thedermacheck.com\/pl\/#\/schema\/logo\/image\/"}}]}},"_links":{"self":[{"href":"https:\/\/thedermacheck.com\/pl\/wp-json\/wp\/v2\/pages\/3540","targetHints":{"allow":["GET"]}}],"collection":[{"href":"https:\/\/thedermacheck.com\/pl\/wp-json\/wp\/v2\/pages"}],"about":[{"href":"https:\/\/thedermacheck.com\/pl\/wp-json\/wp\/v2\/types\/page"}],"author":[{"embeddable":true,"href":"https:\/\/thedermacheck.com\/pl\/wp-json\/wp\/v2\/users\/2"}],"replies":[{"embeddable":true,"href":"https:\/\/thedermacheck.com\/pl\/wp-json\/wp\/v2\/comments?post=3540"}],"version-history":[{"count":1,"href":"https:\/\/thedermacheck.com\/pl\/wp-json\/wp\/v2\/pages\/3540\/revisions"}],"predecessor-version":[{"id":3541,"href":"https:\/\/thedermacheck.com\/pl\/wp-json\/wp\/v2\/pages\/3540\/revisions\/3541"}],"wp:attachment":[{"href":"https:\/\/thedermacheck.com\/pl\/wp-json\/wp\/v2\/media?parent=3540"}],"wp:term":[{"taxonomy":"category","embeddable":true,"href":"https:\/\/thedermacheck.com\/pl\/wp-json\/wp\/v2\/categories?post=3540"},{"taxonomy":"post_tag","embeddable":true,"href":"https:\/\/thedermacheck.com\/pl\/wp-json\/wp\/v2\/tags?post=3540"}],"curies":[{"name":"wp","href":"https:\/\/api.w.org\/{rel}","templated":true}]}}