{"id":3596,"date":"2023-12-16T20:42:02","date_gmt":"2023-12-16T20:42:02","guid":{"rendered":"https:\/\/thedermacheck.com\/ekstrakt-z-kawioru-w-produktach-do-pielegnacji-skory-luksusowa-pielegnacja-skory\/"},"modified":"2024-02-13T15:05:19","modified_gmt":"2024-02-13T15:05:19","slug":"ekstrakt-z-kawioru-w-produktach-do-pielegnacji-skory-luksusowa-pielegnacja-skory","status":"publish","type":"page","link":"https:\/\/thedermacheck.com\/pl\/ekstrakt-z-kawioru-w-produktach-do-pielegnacji-skory-luksusowa-pielegnacja-skory\/","title":{"rendered":"Ekstrakt z kawioru w produktach do piel\u0119gnacji sk\u00f3ry: Luksusowa piel\u0119gnacja sk\u00f3ry"},"content":{"rendered":"\n<h2 class=\"wp-block-heading\">EKSTRAKT Z WAWRU<\/h2>\n\n<ul class=\"wp-block-list\">\n<li><strong>Rodzaj sk\u0142adnika:<\/strong> Luksusowy produkt naturalny<\/li>\n\n\n\n<li><strong>G\u0142\u00f3wne korzy\u015bci:<\/strong> Przeciwstarzeniowe, nawil\u017caj\u0105ce, od\u017cywcze<\/li>\n\n\n\n<li><strong>Dla kogo jest odpowiedni:<\/strong> Dla sk\u00f3ry dojrza\u0142ej i ka\u017cdego, kto szuka wysokiej jako\u015bci piel\u0119gnacji sk\u00f3ry<\/li>\n\n\n\n<li><strong>Cz\u0119stotliwo\u015b\u0107 stosowania:<\/strong> w zale\u017cno\u015bci od produktu, cz\u0119sto codziennie<\/li>\n\n\n\n<li><strong>Mo\u017cna \u0142\u0105czy\u0107 z:<\/strong> Innymi sk\u0142adnikami nawil\u017caj\u0105cymi i przeciwstarzeniowymi<\/li>\n\n\n\n<li><strong>Nie stosowa\u0107 z:<\/strong> W przypadku znanej nadwra\u017cliwo\u015bci lub alergii na owoce morza<\/li>\n<\/ul>\n\n<hr class=\"wp-block-separator has-alpha-channel-opacity\"\/>\n\n<h2 class=\"wp-block-heading\">Wprowadzenie: Ekstrakt z kawioru w piel\u0119gnacji sk\u00f3ry<\/h2>\n\n<p>Ekstrakt z kawioru, pozyskiwany z ikry jesiotra, to luksusowy sk\u0142adnik piel\u0119gnacyjny znany ze swoich bogatych, od\u017cywczych w\u0142a\u015bciwo\u015bci. Ekstrakt ten jest bogaty w witaminy, minera\u0142y i kwasy t\u0142uszczowe omega-3 i jest ceniony za swoje w\u0142a\u015bciwo\u015bci przeciwstarzeniowe i nawil\u017caj\u0105ce.<\/p>\n\n<hr class=\"wp-block-separator has-alpha-channel-opacity\"\/>\n\n<h3 class=\"wp-block-heading\">Zalety ekstraktu z kawioru<\/h3>\n\n<h4 class=\"wp-block-heading\">W\u0142a\u015bciwo\u015bci przeciwstarzeniowe<\/h4>\n\n<p>Ekstrakt z kawioru zawiera przeciwutleniacze, kt\u00f3re pomagaj\u0105 chroni\u0107 sk\u00f3r\u0119 przed wolnymi rodnikami i zapobiegaj\u0105 przedwczesnemu starzeniu si\u0119 sk\u00f3ry.<\/p>\n\n<h4 class=\"wp-block-heading\">Nawil\u017canie i od\u017cywianie<\/h4>\n\n<p>Kwasy t\u0142uszczowe zawarte w kawiorze pomagaj\u0105 od\u017cywi\u0107 i intensywnie nawil\u017cy\u0107 sk\u00f3r\u0119.<\/p>\n\n<h4 class=\"wp-block-heading\">Poprawia elastyczno\u015b\u0107 sk\u00f3ry<\/h4>\n\n<p>Ekstrakt z kawioru mo\u017ce pom\u00f3c poprawi\u0107 elastyczno\u015b\u0107 sk\u00f3ry i nada\u0107 jej j\u0119drniejszy, bardziej m\u0142odzie\u0144czy wygl\u0105d.<\/p>\n\n<hr class=\"wp-block-separator has-alpha-channel-opacity\"\/>\n\n<h3 class=\"wp-block-heading\">Mo\u017cliwe skutki uboczne<\/h3>\n\n<p>Ekstrakt z kawioru jest og\u00f3lnie dobrze tolerowany, ale mo\u017ce powodowa\u0107 reakcje u os\u00f3b z alergi\u0105 na owoce morza lub nadwra\u017cliwo\u015bci\u0105 sk\u00f3ry.<\/p>\n\n<hr class=\"wp-block-separator has-alpha-channel-opacity\"\/>\n\n<h3 class=\"wp-block-heading\">Zastosowanie ekstraktu z kawioru<\/h3>\n\n<h4 class=\"wp-block-heading\">Jako sk\u0142adnik produkt\u00f3w do piel\u0119gnacji sk\u00f3ry<\/h4>\n\n<p>Ekstrakt z kawioru jest cz\u0119sto stosowany w wysokiej jako\u015bci kremach, serum i maseczkach do sk\u00f3ry. Produkty te mo\u017cna stosowa\u0107 codziennie zgodnie z instrukcjami.<\/p>\n\n<h4 class=\"wp-block-heading\">Po\u0142\u0105czenie z innymi sk\u0142adnikami<\/h4>\n\n<p>Ekstrakt z kawioru dobrze \u0142\u0105czy si\u0119 z innymi sk\u0142adnikami przeciwstarzeniowymi i nawil\u017caj\u0105cymi.<\/p>\n\n<hr class=\"wp-block-separator has-alpha-channel-opacity\"\/>\n\n<h3 class=\"wp-block-heading\">Jak nie u\u017cywa\u0107 ekstraktu z kawioru<\/h3>\n\n<ul class=\"wp-block-list\">\n<li><strong>Ostro\u017cnie w przypadku alergii na owoce morza:<\/strong> Osoby ze stwierdzon\u0105 alergi\u0105 na owoce morza powinny unika\u0107 produkt\u00f3w zawieraj\u0105cych ekstrakt z kawioru.<\/li>\n\n\n\n<li><strong>Nie w czystej postaci:<\/strong> Ekstrakt z kawioru zwykle nie jest oferowany w czystej postaci i powinien by\u0107 stosowany wy\u0142\u0105cznie w produktach gotowych.<\/li>\n<\/ul>\n\n<hr class=\"wp-block-separator has-alpha-channel-opacity\"\/>\n\n<h3 class=\"wp-block-heading\">FAQ na temat ekstraktu z kawioru<\/h3>\n\n<h4 class=\"wp-block-heading\">Czy ekstrakt z kawioru mo\u017ce by\u0107 stosowany na wszystkich rodzajach sk\u00f3ry?<\/h4>\n\n<p>Ekstrakt z kawioru jest szczeg\u00f3lnie korzystny dla sk\u00f3ry dojrza\u0142ej, ale mo\u017ce by\u0107 stosowany przez wi\u0119kszo\u015b\u0107 typ\u00f3w sk\u00f3ry.<\/p>\n\n<h4 class=\"wp-block-heading\">Jak szybko dzia\u0142a ekstrakt z kawioru?<\/h4>\n\n<p>Efekt mo\u017ce si\u0119 r\u00f3\u017cni\u0107 w zale\u017cno\u015bci od osoby, ale wielu u\u017cytkownik\u00f3w zg\u0142asza popraw\u0119 wygl\u0105du sk\u00f3ry po regularnym stosowaniu przez kilka tygodni.<\/p>\n\n<h4 class=\"wp-block-heading\">Czy ekstrakt z kawioru jest wart swojej ceny?<\/h4>\n\n<p>Bior\u0105c pod uwag\u0119 jego bogaty sk\u0142ad i luksusowe w\u0142a\u015bciwo\u015bci, ekstrakt z kawioru jest warto\u015bciowym dodatkiem do rutynowej piel\u0119gnacji sk\u00f3ry wielu os\u00f3b.<\/p>\n\n<hr class=\"wp-block-separator has-alpha-channel-opacity\"\/>\n\n<h2 class=\"wp-block-heading\">Wnioski<\/h2>\n\n<p>Ekstrakt z kawioru to luksusowy i skuteczny sk\u0142adnik do piel\u0119gnacji sk\u00f3ry, kt\u00f3ry jest bogaty w sk\u0142adniki od\u017cywcze i w\u0142a\u015bciwo\u015bci nawil\u017caj\u0105ce. Zapewnia skuteczne dzia\u0142anie przeciwstarzeniowe i mo\u017ce pom\u00f3c poprawi\u0107 og\u00f3lny wygl\u0105d sk\u00f3ry. Ekstrakt z kawioru to doskona\u0142y wyb\u00f3r dla tych, kt\u00f3rzy szukaj\u0105 wysokiej jako\u015bci piel\u0119gnacji sk\u00f3ry i nie maj\u0105 alergii na owoce morza.<\/p>\n","protected":false},"excerpt":{"rendered":"<p>EKSTRAKT Z WAWRU Wprowadzenie: Ekstrakt z kawioru w piel\u0119gnacji sk\u00f3ry Ekstrakt z kawioru, pozyskiwany z ikry jesiotra, to luksusowy sk\u0142adnik piel\u0119gnacyjny znany ze swoich bogatych, od\u017cywczych w\u0142a\u015bciwo\u015bci. Ekstrakt ten jest bogaty w witaminy, minera\u0142y i kwasy t\u0142uszczowe omega-3 i jest ceniony za swoje w\u0142a\u015bciwo\u015bci przeciwstarzeniowe i nawil\u017caj\u0105ce. Zalety ekstraktu z kawioru W\u0142a\u015bciwo\u015bci przeciwstarzeniowe Ekstrakt z &#8230; <a title=\"Ekstrakt z kawioru w produktach do piel\u0119gnacji sk\u00f3ry: Luksusowa piel\u0119gnacja sk\u00f3ry\" class=\"read-more\" href=\"https:\/\/thedermacheck.com\/pl\/ekstrakt-z-kawioru-w-produktach-do-pielegnacji-skory-luksusowa-pielegnacja-skory\/\" aria-label=\"Dowiedz si\u0119 wi\u0119cej o Ekstrakt z kawioru w produktach do piel\u0119gnacji sk\u00f3ry: Luksusowa piel\u0119gnacja sk\u00f3ry\">Mehr erfahren<\/a><\/p>\n","protected":false},"author":2,"featured_media":0,"parent":0,"menu_order":0,"comment_status":"closed","ping_status":"closed","template":"","meta":{"_acf_changed":false,"_lmt_disableupdate":"","_lmt_disable":"","footnotes":""},"categories":[42],"tags":[],"class_list":{"0":"post-3596","1":"page","2":"type-page","3":"status-publish","5":"category-skladniki"},"acf":[],"yoast_head":"<!-- This site is optimized with the Yoast SEO Premium plugin v25.7.1 (Yoast SEO v25.7) - https:\/\/yoast.com\/wordpress\/plugins\/seo\/ -->\n<title>Ekstrakt z kawioru w produktach do piel\u0119gnacji sk\u00f3ry: Luksusowa piel\u0119gnacja sk\u00f3ry | The Derma Check<\/title>\n<meta name=\"robots\" content=\"index, follow, max-snippet:-1, max-image-preview:large, max-video-preview:-1\" \/>\n<link rel=\"canonical\" href=\"https:\/\/thedermacheck.com\/pl\/ekstrakt-z-kawioru-w-produktach-do-pielegnacji-skory-luksusowa-pielegnacja-skory\/\" \/>\n<meta property=\"og:locale\" content=\"pl_PL\" \/>\n<meta property=\"og:type\" content=\"article\" \/>\n<meta property=\"og:title\" content=\"Ekstrakt z kawioru w produktach do piel\u0119gnacji sk\u00f3ry: Luksusowa piel\u0119gnacja sk\u00f3ry\" \/>\n<meta property=\"og:description\" content=\"EKSTRAKT Z WAWRU Wprowadzenie: Ekstrakt z kawioru w piel\u0119gnacji sk\u00f3ry Ekstrakt z kawioru, pozyskiwany z ikry jesiotra, to luksusowy sk\u0142adnik piel\u0119gnacyjny znany ze swoich bogatych, od\u017cywczych w\u0142a\u015bciwo\u015bci. Ekstrakt ten jest bogaty w witaminy, minera\u0142y i kwasy t\u0142uszczowe omega-3 i jest ceniony za swoje w\u0142a\u015bciwo\u015bci przeciwstarzeniowe i nawil\u017caj\u0105ce. Zalety ekstraktu z kawioru W\u0142a\u015bciwo\u015bci przeciwstarzeniowe Ekstrakt z ... Mehr erfahren\" \/>\n<meta property=\"og:url\" content=\"https:\/\/thedermacheck.com\/pl\/ekstrakt-z-kawioru-w-produktach-do-pielegnacji-skory-luksusowa-pielegnacja-skory\/\" \/>\n<meta property=\"og:site_name\" content=\"The Derma Check\" \/>\n<meta property=\"article:modified_time\" content=\"2024-02-13T15:05:19+00:00\" \/>\n<meta name=\"twitter:card\" content=\"summary_large_image\" \/>\n<meta name=\"twitter:label1\" content=\"Szacowany czas czytania\" \/>\n\t<meta name=\"twitter:data1\" content=\"3 minuty\" \/>\n<script type=\"application\/ld+json\" class=\"yoast-schema-graph\">{\"@context\":\"https:\/\/schema.org\",\"@graph\":[{\"@type\":\"WebPage\",\"@id\":\"https:\/\/thedermacheck.com\/pl\/ekstrakt-z-kawioru-w-produktach-do-pielegnacji-skory-luksusowa-pielegnacja-skory\/\",\"url\":\"https:\/\/thedermacheck.com\/pl\/ekstrakt-z-kawioru-w-produktach-do-pielegnacji-skory-luksusowa-pielegnacja-skory\/\",\"name\":\"Ekstrakt z kawioru w produktach do piel\u0119gnacji sk\u00f3ry: Luksusowa piel\u0119gnacja sk\u00f3ry | The Derma Check\",\"isPartOf\":{\"@id\":\"https:\/\/thedermacheck.com\/pl\/#website\"},\"datePublished\":\"2023-12-16T20:42:02+00:00\",\"dateModified\":\"2024-02-13T15:05:19+00:00\",\"breadcrumb\":{\"@id\":\"https:\/\/thedermacheck.com\/pl\/ekstrakt-z-kawioru-w-produktach-do-pielegnacji-skory-luksusowa-pielegnacja-skory\/#breadcrumb\"},\"inLanguage\":\"pl-PL\",\"potentialAction\":[{\"@type\":\"ReadAction\",\"target\":[\"https:\/\/thedermacheck.com\/pl\/ekstrakt-z-kawioru-w-produktach-do-pielegnacji-skory-luksusowa-pielegnacja-skory\/\"]}]},{\"@type\":\"BreadcrumbList\",\"@id\":\"https:\/\/thedermacheck.com\/pl\/ekstrakt-z-kawioru-w-produktach-do-pielegnacji-skory-luksusowa-pielegnacja-skory\/#breadcrumb\",\"itemListElement\":[{\"@type\":\"ListItem\",\"position\":1,\"name\":\"Derma Check\",\"item\":\"https:\/\/thedermacheck.com\/pl\/\"},{\"@type\":\"ListItem\",\"position\":2,\"name\":\"Ekstrakt z kawioru w produktach do piel\u0119gnacji sk\u00f3ry: Luksusowa piel\u0119gnacja sk\u00f3ry\"}]},{\"@type\":\"WebSite\",\"@id\":\"https:\/\/thedermacheck.com\/pl\/#website\",\"url\":\"https:\/\/thedermacheck.com\/pl\/\",\"name\":\"The Derma Check\",\"description\":\"\",\"publisher\":{\"@id\":\"https:\/\/thedermacheck.com\/pl\/#organization\"},\"potentialAction\":[{\"@type\":\"SearchAction\",\"target\":{\"@type\":\"EntryPoint\",\"urlTemplate\":\"https:\/\/thedermacheck.com\/pl\/?s={search_term_string}\"},\"query-input\":{\"@type\":\"PropertyValueSpecification\",\"valueRequired\":true,\"valueName\":\"search_term_string\"}}],\"inLanguage\":\"pl-PL\"},{\"@type\":\"Organization\",\"@id\":\"https:\/\/thedermacheck.com\/pl\/#organization\",\"name\":\"The Derma Check\",\"url\":\"https:\/\/thedermacheck.com\/pl\/\",\"logo\":{\"@type\":\"ImageObject\",\"inLanguage\":\"pl-PL\",\"@id\":\"https:\/\/thedermacheck.com\/pl\/#\/schema\/logo\/image\/\",\"url\":\"https:\/\/thedermacheck.com\/wp-content\/uploads\/2023\/10\/cropped-THE-DERMA-CHECK-FAVICON-NEW-1.png\",\"contentUrl\":\"https:\/\/thedermacheck.com\/wp-content\/uploads\/2023\/10\/cropped-THE-DERMA-CHECK-FAVICON-NEW-1.png\",\"width\":512,\"height\":512,\"caption\":\"The Derma Check\"},\"image\":{\"@id\":\"https:\/\/thedermacheck.com\/pl\/#\/schema\/logo\/image\/\"}}]}<\/script>\n<!-- \/ Yoast SEO Premium plugin. -->","yoast_head_json":{"title":"Ekstrakt z kawioru w produktach do piel\u0119gnacji sk\u00f3ry: Luksusowa piel\u0119gnacja sk\u00f3ry | The Derma Check","robots":{"index":"index","follow":"follow","max-snippet":"max-snippet:-1","max-image-preview":"max-image-preview:large","max-video-preview":"max-video-preview:-1"},"canonical":"https:\/\/thedermacheck.com\/pl\/ekstrakt-z-kawioru-w-produktach-do-pielegnacji-skory-luksusowa-pielegnacja-skory\/","og_locale":"pl_PL","og_type":"article","og_title":"Ekstrakt z kawioru w produktach do piel\u0119gnacji sk\u00f3ry: Luksusowa piel\u0119gnacja sk\u00f3ry","og_description":"EKSTRAKT Z WAWRU Wprowadzenie: Ekstrakt z kawioru w piel\u0119gnacji sk\u00f3ry Ekstrakt z kawioru, pozyskiwany z ikry jesiotra, to luksusowy sk\u0142adnik piel\u0119gnacyjny znany ze swoich bogatych, od\u017cywczych w\u0142a\u015bciwo\u015bci. Ekstrakt ten jest bogaty w witaminy, minera\u0142y i kwasy t\u0142uszczowe omega-3 i jest ceniony za swoje w\u0142a\u015bciwo\u015bci przeciwstarzeniowe i nawil\u017caj\u0105ce. Zalety ekstraktu z kawioru W\u0142a\u015bciwo\u015bci przeciwstarzeniowe Ekstrakt z ... Mehr erfahren","og_url":"https:\/\/thedermacheck.com\/pl\/ekstrakt-z-kawioru-w-produktach-do-pielegnacji-skory-luksusowa-pielegnacja-skory\/","og_site_name":"The Derma Check","article_modified_time":"2024-02-13T15:05:19+00:00","twitter_card":"summary_large_image","twitter_misc":{"Szacowany czas czytania":"3 minuty"},"schema":{"@context":"https:\/\/schema.org","@graph":[{"@type":"WebPage","@id":"https:\/\/thedermacheck.com\/pl\/ekstrakt-z-kawioru-w-produktach-do-pielegnacji-skory-luksusowa-pielegnacja-skory\/","url":"https:\/\/thedermacheck.com\/pl\/ekstrakt-z-kawioru-w-produktach-do-pielegnacji-skory-luksusowa-pielegnacja-skory\/","name":"Ekstrakt z kawioru w produktach do piel\u0119gnacji sk\u00f3ry: Luksusowa piel\u0119gnacja sk\u00f3ry | The Derma Check","isPartOf":{"@id":"https:\/\/thedermacheck.com\/pl\/#website"},"datePublished":"2023-12-16T20:42:02+00:00","dateModified":"2024-02-13T15:05:19+00:00","breadcrumb":{"@id":"https:\/\/thedermacheck.com\/pl\/ekstrakt-z-kawioru-w-produktach-do-pielegnacji-skory-luksusowa-pielegnacja-skory\/#breadcrumb"},"inLanguage":"pl-PL","potentialAction":[{"@type":"ReadAction","target":["https:\/\/thedermacheck.com\/pl\/ekstrakt-z-kawioru-w-produktach-do-pielegnacji-skory-luksusowa-pielegnacja-skory\/"]}]},{"@type":"BreadcrumbList","@id":"https:\/\/thedermacheck.com\/pl\/ekstrakt-z-kawioru-w-produktach-do-pielegnacji-skory-luksusowa-pielegnacja-skory\/#breadcrumb","itemListElement":[{"@type":"ListItem","position":1,"name":"Derma Check","item":"https:\/\/thedermacheck.com\/pl\/"},{"@type":"ListItem","position":2,"name":"Ekstrakt z kawioru w produktach do piel\u0119gnacji sk\u00f3ry: Luksusowa piel\u0119gnacja sk\u00f3ry"}]},{"@type":"WebSite","@id":"https:\/\/thedermacheck.com\/pl\/#website","url":"https:\/\/thedermacheck.com\/pl\/","name":"The Derma Check","description":"","publisher":{"@id":"https:\/\/thedermacheck.com\/pl\/#organization"},"potentialAction":[{"@type":"SearchAction","target":{"@type":"EntryPoint","urlTemplate":"https:\/\/thedermacheck.com\/pl\/?s={search_term_string}"},"query-input":{"@type":"PropertyValueSpecification","valueRequired":true,"valueName":"search_term_string"}}],"inLanguage":"pl-PL"},{"@type":"Organization","@id":"https:\/\/thedermacheck.com\/pl\/#organization","name":"The Derma Check","url":"https:\/\/thedermacheck.com\/pl\/","logo":{"@type":"ImageObject","inLanguage":"pl-PL","@id":"https:\/\/thedermacheck.com\/pl\/#\/schema\/logo\/image\/","url":"https:\/\/thedermacheck.com\/wp-content\/uploads\/2023\/10\/cropped-THE-DERMA-CHECK-FAVICON-NEW-1.png","contentUrl":"https:\/\/thedermacheck.com\/wp-content\/uploads\/2023\/10\/cropped-THE-DERMA-CHECK-FAVICON-NEW-1.png","width":512,"height":512,"caption":"The Derma Check"},"image":{"@id":"https:\/\/thedermacheck.com\/pl\/#\/schema\/logo\/image\/"}}]}},"_links":{"self":[{"href":"https:\/\/thedermacheck.com\/pl\/wp-json\/wp\/v2\/pages\/3596","targetHints":{"allow":["GET"]}}],"collection":[{"href":"https:\/\/thedermacheck.com\/pl\/wp-json\/wp\/v2\/pages"}],"about":[{"href":"https:\/\/thedermacheck.com\/pl\/wp-json\/wp\/v2\/types\/page"}],"author":[{"embeddable":true,"href":"https:\/\/thedermacheck.com\/pl\/wp-json\/wp\/v2\/users\/2"}],"replies":[{"embeddable":true,"href":"https:\/\/thedermacheck.com\/pl\/wp-json\/wp\/v2\/comments?post=3596"}],"version-history":[{"count":1,"href":"https:\/\/thedermacheck.com\/pl\/wp-json\/wp\/v2\/pages\/3596\/revisions"}],"predecessor-version":[{"id":3597,"href":"https:\/\/thedermacheck.com\/pl\/wp-json\/wp\/v2\/pages\/3596\/revisions\/3597"}],"wp:attachment":[{"href":"https:\/\/thedermacheck.com\/pl\/wp-json\/wp\/v2\/media?parent=3596"}],"wp:term":[{"taxonomy":"category","embeddable":true,"href":"https:\/\/thedermacheck.com\/pl\/wp-json\/wp\/v2\/categories?post=3596"},{"taxonomy":"post_tag","embeddable":true,"href":"https:\/\/thedermacheck.com\/pl\/wp-json\/wp\/v2\/tags?post=3596"}],"curies":[{"name":"wp","href":"https:\/\/api.w.org\/{rel}","templated":true}]}}