{"id":3620,"date":"2023-12-16T20:38:03","date_gmt":"2023-12-16T20:38:03","guid":{"rendered":"https:\/\/thedermacheck.com\/olejek-amala-w-produktach-do-pielegnacji-skory-naturalne-cudowne-lekarstwo\/"},"modified":"2024-02-13T15:05:40","modified_gmt":"2024-02-13T15:05:40","slug":"olejek-amala-w-produktach-do-pielegnacji-skory-naturalne-cudowne-lekarstwo","status":"publish","type":"page","link":"https:\/\/thedermacheck.com\/pl\/olejek-amala-w-produktach-do-pielegnacji-skory-naturalne-cudowne-lekarstwo\/","title":{"rendered":"Olejek Amala w produktach do piel\u0119gnacji sk\u00f3ry: Naturalne cudowne lekarstwo"},"content":{"rendered":"\n<h2 class=\"wp-block-heading\">OLEJ AMALA<\/h2>\n\n<ul class=\"wp-block-list\">\n<li><strong>Rodzaj sk\u0142adnika:<\/strong> Naturalny olej<\/li>\n\n\n\n<li><strong>G\u0142\u00f3wne korzy\u015bci:<\/strong> Nawil\u017ca, wspomaga elastyczno\u015b\u0107 sk\u00f3ry, bogaty w przeciwutleniacze<\/li>\n\n\n\n<li><strong>Odpowiedni dla:<\/strong> Wszystkie rodzaje sk\u00f3ry, szczeg\u00f3lnie dla sk\u00f3ry suchej i dojrza\u0142ej<\/li>\n\n\n\n<li><strong>Cz\u0119stotliwo\u015b\u0107 stosowania:<\/strong> W zale\u017cno\u015bci od instrukcji produktu, zwykle codziennie.<\/li>\n\n\n\n<li><strong>Mo\u017cna \u0142\u0105czy\u0107 z:<\/strong> Innymi naturalnymi olejkami i sk\u0142adnikami nawil\u017caj\u0105cymi<\/li>\n\n\n\n<li><strong>Nie stosowa\u0107 z:<\/strong> Substancjami silnie wysuszaj\u0105cymi lub dra\u017cni\u0105cymi<\/li>\n<\/ul>\n\n<hr class=\"wp-block-separator has-alpha-channel-opacity\"\/>\n\n<h2 class=\"wp-block-heading\">Czym jest olej Amala?<\/h2>\n\n<p>Olej amala, znany r\u00f3wnie\u017c jako olej z agrestu indyjskiego, pozyskiwany jest z owoc\u00f3w ro\u015bliny amala. Olej ten jest g\u0142\u0119boko zakorzeniony w tradycyjnej indyjskiej medycynie ajurwedyjskiej i jest wysoko ceniony za swoje liczne w\u0142a\u015bciwo\u015bci prozdrowotne.<\/p>\n\n<hr class=\"wp-block-separator has-alpha-channel-opacity\"\/>\n\n<h3 class=\"wp-block-heading\">Korzy\u015bci oleju Amala dla sk\u00f3ry<\/h3>\n\n<h4 class=\"wp-block-heading\">Bogaty w sk\u0142adniki od\u017cywcze i przeciwutleniacze<\/h4>\n\n<p>Olejek Amala jest bogaty w witamin\u0119 C, witamin\u0119 E i przeciwutleniacze, kt\u00f3re chroni\u0105 sk\u00f3r\u0119 przed szkodliwym wp\u0142ywem \u015brodowiska i zapobiegaj\u0105 przedwczesnemu starzeniu si\u0119.<\/p>\n\n<h4 class=\"wp-block-heading\">Nawil\u017ca i promuje elastyczno\u015b\u0107<\/h4>\n\n<p>Dzi\u0119ki swoim w\u0142a\u015bciwo\u015bciom nawil\u017caj\u0105cym pomaga utrzyma\u0107 sk\u00f3r\u0119 mi\u0119kk\u0105 i elastyczn\u0105 oraz poprawia jej elastyczno\u015b\u0107.<\/p>\n\n<hr class=\"wp-block-separator has-alpha-channel-opacity\"\/>\n\n<h3 class=\"wp-block-heading\">Mo\u017cliwe skutki uboczne<\/h3>\n\n<p>Chocia\u017c olej Amala jest uwa\u017cany za bezpieczny dla wi\u0119kszo\u015bci rodzaj\u00f3w sk\u00f3ry, osoby o bardzo wra\u017cliwej sk\u00f3rze lub alergicy powinni zachowa\u0107 ostro\u017cno\u015b\u0107. W rzadkich przypadkach mo\u017ce wyst\u0105pi\u0107 podra\u017cnienie sk\u00f3ry.<\/p>\n\n<hr class=\"wp-block-separator has-alpha-channel-opacity\"\/>\n\n<h3 class=\"wp-block-heading\">Zastosowanie oleju Amala<\/h3>\n\n<h4 class=\"wp-block-heading\">W czystej postaci lub jako sk\u0142adnik<\/h4>\n\n<p>Olejek Amala mo\u017ce by\u0107 stosowany bezpo\u015brednio na sk\u00f3r\u0119 lub jako sk\u0142adnik produkt\u00f3w do piel\u0119gnacji sk\u00f3ry, takich jak kremy i serum.<\/p>\n\n<h4 class=\"wp-block-heading\">Codzienne u\u017cytkowanie<\/h4>\n\n<p>Olejek Amala powinien by\u0107 stosowany regularnie w celu uzyskania optymalnych rezultat\u00f3w. Post\u0119puj zgodnie z instrukcjami dla danego produktu.<\/p>\n\n<hr class=\"wp-block-separator has-alpha-channel-opacity\"\/>\n\n<h3 class=\"wp-block-heading\">Jak nie u\u017cywa\u0107 olejku Amala<\/h3>\n\n<ul class=\"wp-block-list\">\n<li><strong>Nie stosowa\u0107 w po\u0142\u0105czeniu z substancjami silnie wysuszaj\u0105cymi:<\/strong> Po\u0142\u0105czenie olejku Amala ze sk\u0142adnikami wysuszaj\u0105cymi mo\u017ce podra\u017cni\u0107 sk\u00f3r\u0119.<\/li>\n\n\n\n<li><strong>Nie przedawkowa\u0107:<\/strong> Nadmierne stosowanie mo\u017ce prowadzi\u0107 do nadmiernego przet\u0142uszczania si\u0119 sk\u00f3ry.<\/li>\n<\/ul>\n\n<hr class=\"wp-block-separator has-alpha-channel-opacity\"\/>\n\n<h3 class=\"wp-block-heading\">Najcz\u0119\u015bciej zadawane pytania dotycz\u0105ce oleju Amala<\/h3>\n\n<h4 class=\"wp-block-heading\">Czy olejek Amala mo\u017ce pom\u00f3c na tr\u0105dzik?<\/h4>\n\n<p>Olejek Amala ma w\u0142a\u015bciwo\u015bci przeciwzapalne, kt\u00f3re mog\u0105 pom\u00f3c w leczeniu tr\u0105dziku, ale nale\u017cy go stosowa\u0107 ostro\u017cnie w przypadku sk\u00f3ry t\u0142ustej.<\/p>\n\n<h4 class=\"wp-block-heading\">Czy olejek Amala jest odpowiedni dla wszystkich rodzaj\u00f3w sk\u00f3ry?<\/h4>\n\n<p>Tak, jest odpowiedni dla wszystkich rodzaj\u00f3w sk\u00f3ry, ale jest szczeg\u00f3lnie korzystny dla sk\u00f3ry suchej i dojrza\u0142ej.<\/p>\n\n<h4 class=\"wp-block-heading\">Czy olejek Amala mo\u017ce by\u0107 stosowany codziennie?<\/h4>\n\n<p>Tak, dla uzyskania najlepszych rezultat\u00f3w zaleca si\u0119 codzienne stosowanie.<\/p>\n\n<hr class=\"wp-block-separator has-alpha-channel-opacity\"\/>\n\n<h2 class=\"wp-block-heading\">Wnioski<\/h2>\n\n<p>Olejek Amala jest wszechstronnym i bogatym w sk\u0142adniki od\u017cywcze olejem, kt\u00f3ry oferuje liczne korzy\u015bci dla sk\u00f3ry. Jest to doskona\u0142y sk\u0142adnik produkt\u00f3w do piel\u0119gnacji sk\u00f3ry, szczeg\u00f3lnie dla os\u00f3b poszukuj\u0105cych naturalnych, nawil\u017caj\u0105cych i przeciwstarzeniowych sk\u0142adnik\u00f3w. Dzi\u0119ki bogatemu sk\u0142adowi i \u0142agodnemu dzia\u0142aniu jest doskona\u0142ym wyborem dla niemal ka\u017cdego rodzaju sk\u00f3ry.<\/p>\n","protected":false},"excerpt":{"rendered":"<p>OLEJ AMALA Czym jest olej Amala? Olej amala, znany r\u00f3wnie\u017c jako olej z agrestu indyjskiego, pozyskiwany jest z owoc\u00f3w ro\u015bliny amala. Olej ten jest g\u0142\u0119boko zakorzeniony w tradycyjnej indyjskiej medycynie ajurwedyjskiej i jest wysoko ceniony za swoje liczne w\u0142a\u015bciwo\u015bci prozdrowotne. Korzy\u015bci oleju Amala dla sk\u00f3ry Bogaty w sk\u0142adniki od\u017cywcze i przeciwutleniacze Olejek Amala jest bogaty &#8230; <a title=\"Olejek Amala w produktach do piel\u0119gnacji sk\u00f3ry: Naturalne cudowne lekarstwo\" class=\"read-more\" href=\"https:\/\/thedermacheck.com\/pl\/olejek-amala-w-produktach-do-pielegnacji-skory-naturalne-cudowne-lekarstwo\/\" aria-label=\"Dowiedz si\u0119 wi\u0119cej o Olejek Amala w produktach do piel\u0119gnacji sk\u00f3ry: Naturalne cudowne lekarstwo\">Mehr erfahren<\/a><\/p>\n","protected":false},"author":2,"featured_media":0,"parent":0,"menu_order":0,"comment_status":"closed","ping_status":"closed","template":"","meta":{"_acf_changed":false,"_lmt_disableupdate":"","_lmt_disable":"","footnotes":""},"categories":[42],"tags":[],"class_list":{"0":"post-3620","1":"page","2":"type-page","3":"status-publish","5":"category-skladniki"},"acf":[],"yoast_head":"<!-- This site is optimized with the Yoast SEO Premium plugin v25.7.1 (Yoast SEO v25.7) - https:\/\/yoast.com\/wordpress\/plugins\/seo\/ -->\n<title>Olejek Amala w produktach do piel\u0119gnacji sk\u00f3ry: Naturalne cudowne lekarstwo | The Derma Check<\/title>\n<meta name=\"robots\" content=\"index, follow, max-snippet:-1, max-image-preview:large, max-video-preview:-1\" \/>\n<link rel=\"canonical\" href=\"https:\/\/thedermacheck.com\/pl\/olejek-amala-w-produktach-do-pielegnacji-skory-naturalne-cudowne-lekarstwo\/\" \/>\n<meta property=\"og:locale\" content=\"pl_PL\" \/>\n<meta property=\"og:type\" content=\"article\" \/>\n<meta property=\"og:title\" content=\"Olejek Amala w produktach do piel\u0119gnacji sk\u00f3ry: Naturalne cudowne lekarstwo\" \/>\n<meta property=\"og:description\" content=\"OLEJ AMALA Czym jest olej Amala? Olej amala, znany r\u00f3wnie\u017c jako olej z agrestu indyjskiego, pozyskiwany jest z owoc\u00f3w ro\u015bliny amala. Olej ten jest g\u0142\u0119boko zakorzeniony w tradycyjnej indyjskiej medycynie ajurwedyjskiej i jest wysoko ceniony za swoje liczne w\u0142a\u015bciwo\u015bci prozdrowotne. Korzy\u015bci oleju Amala dla sk\u00f3ry Bogaty w sk\u0142adniki od\u017cywcze i przeciwutleniacze Olejek Amala jest bogaty ... Mehr erfahren\" \/>\n<meta property=\"og:url\" content=\"https:\/\/thedermacheck.com\/pl\/olejek-amala-w-produktach-do-pielegnacji-skory-naturalne-cudowne-lekarstwo\/\" \/>\n<meta property=\"og:site_name\" content=\"The Derma Check\" \/>\n<meta property=\"article:modified_time\" content=\"2024-02-13T15:05:40+00:00\" \/>\n<meta name=\"twitter:card\" content=\"summary_large_image\" \/>\n<meta name=\"twitter:label1\" content=\"Szacowany czas czytania\" \/>\n\t<meta name=\"twitter:data1\" content=\"3 minuty\" \/>\n<script type=\"application\/ld+json\" class=\"yoast-schema-graph\">{\"@context\":\"https:\/\/schema.org\",\"@graph\":[{\"@type\":\"WebPage\",\"@id\":\"https:\/\/thedermacheck.com\/pl\/olejek-amala-w-produktach-do-pielegnacji-skory-naturalne-cudowne-lekarstwo\/\",\"url\":\"https:\/\/thedermacheck.com\/pl\/olejek-amala-w-produktach-do-pielegnacji-skory-naturalne-cudowne-lekarstwo\/\",\"name\":\"Olejek Amala w produktach do piel\u0119gnacji sk\u00f3ry: Naturalne cudowne lekarstwo | The Derma Check\",\"isPartOf\":{\"@id\":\"https:\/\/thedermacheck.com\/pl\/#website\"},\"datePublished\":\"2023-12-16T20:38:03+00:00\",\"dateModified\":\"2024-02-13T15:05:40+00:00\",\"breadcrumb\":{\"@id\":\"https:\/\/thedermacheck.com\/pl\/olejek-amala-w-produktach-do-pielegnacji-skory-naturalne-cudowne-lekarstwo\/#breadcrumb\"},\"inLanguage\":\"pl-PL\",\"potentialAction\":[{\"@type\":\"ReadAction\",\"target\":[\"https:\/\/thedermacheck.com\/pl\/olejek-amala-w-produktach-do-pielegnacji-skory-naturalne-cudowne-lekarstwo\/\"]}]},{\"@type\":\"BreadcrumbList\",\"@id\":\"https:\/\/thedermacheck.com\/pl\/olejek-amala-w-produktach-do-pielegnacji-skory-naturalne-cudowne-lekarstwo\/#breadcrumb\",\"itemListElement\":[{\"@type\":\"ListItem\",\"position\":1,\"name\":\"Derma Check\",\"item\":\"https:\/\/thedermacheck.com\/pl\/\"},{\"@type\":\"ListItem\",\"position\":2,\"name\":\"Olejek Amala w produktach do piel\u0119gnacji sk\u00f3ry: Naturalne cudowne lekarstwo\"}]},{\"@type\":\"WebSite\",\"@id\":\"https:\/\/thedermacheck.com\/pl\/#website\",\"url\":\"https:\/\/thedermacheck.com\/pl\/\",\"name\":\"The Derma Check\",\"description\":\"\",\"publisher\":{\"@id\":\"https:\/\/thedermacheck.com\/pl\/#organization\"},\"potentialAction\":[{\"@type\":\"SearchAction\",\"target\":{\"@type\":\"EntryPoint\",\"urlTemplate\":\"https:\/\/thedermacheck.com\/pl\/?s={search_term_string}\"},\"query-input\":{\"@type\":\"PropertyValueSpecification\",\"valueRequired\":true,\"valueName\":\"search_term_string\"}}],\"inLanguage\":\"pl-PL\"},{\"@type\":\"Organization\",\"@id\":\"https:\/\/thedermacheck.com\/pl\/#organization\",\"name\":\"The Derma Check\",\"url\":\"https:\/\/thedermacheck.com\/pl\/\",\"logo\":{\"@type\":\"ImageObject\",\"inLanguage\":\"pl-PL\",\"@id\":\"https:\/\/thedermacheck.com\/pl\/#\/schema\/logo\/image\/\",\"url\":\"https:\/\/thedermacheck.com\/wp-content\/uploads\/2023\/10\/cropped-THE-DERMA-CHECK-FAVICON-NEW-1.png\",\"contentUrl\":\"https:\/\/thedermacheck.com\/wp-content\/uploads\/2023\/10\/cropped-THE-DERMA-CHECK-FAVICON-NEW-1.png\",\"width\":512,\"height\":512,\"caption\":\"The Derma Check\"},\"image\":{\"@id\":\"https:\/\/thedermacheck.com\/pl\/#\/schema\/logo\/image\/\"}}]}<\/script>\n<!-- \/ Yoast SEO Premium plugin. -->","yoast_head_json":{"title":"Olejek Amala w produktach do piel\u0119gnacji sk\u00f3ry: Naturalne cudowne lekarstwo | The Derma Check","robots":{"index":"index","follow":"follow","max-snippet":"max-snippet:-1","max-image-preview":"max-image-preview:large","max-video-preview":"max-video-preview:-1"},"canonical":"https:\/\/thedermacheck.com\/pl\/olejek-amala-w-produktach-do-pielegnacji-skory-naturalne-cudowne-lekarstwo\/","og_locale":"pl_PL","og_type":"article","og_title":"Olejek Amala w produktach do piel\u0119gnacji sk\u00f3ry: Naturalne cudowne lekarstwo","og_description":"OLEJ AMALA Czym jest olej Amala? Olej amala, znany r\u00f3wnie\u017c jako olej z agrestu indyjskiego, pozyskiwany jest z owoc\u00f3w ro\u015bliny amala. Olej ten jest g\u0142\u0119boko zakorzeniony w tradycyjnej indyjskiej medycynie ajurwedyjskiej i jest wysoko ceniony za swoje liczne w\u0142a\u015bciwo\u015bci prozdrowotne. Korzy\u015bci oleju Amala dla sk\u00f3ry Bogaty w sk\u0142adniki od\u017cywcze i przeciwutleniacze Olejek Amala jest bogaty ... Mehr erfahren","og_url":"https:\/\/thedermacheck.com\/pl\/olejek-amala-w-produktach-do-pielegnacji-skory-naturalne-cudowne-lekarstwo\/","og_site_name":"The Derma Check","article_modified_time":"2024-02-13T15:05:40+00:00","twitter_card":"summary_large_image","twitter_misc":{"Szacowany czas czytania":"3 minuty"},"schema":{"@context":"https:\/\/schema.org","@graph":[{"@type":"WebPage","@id":"https:\/\/thedermacheck.com\/pl\/olejek-amala-w-produktach-do-pielegnacji-skory-naturalne-cudowne-lekarstwo\/","url":"https:\/\/thedermacheck.com\/pl\/olejek-amala-w-produktach-do-pielegnacji-skory-naturalne-cudowne-lekarstwo\/","name":"Olejek Amala w produktach do piel\u0119gnacji sk\u00f3ry: Naturalne cudowne lekarstwo | The Derma Check","isPartOf":{"@id":"https:\/\/thedermacheck.com\/pl\/#website"},"datePublished":"2023-12-16T20:38:03+00:00","dateModified":"2024-02-13T15:05:40+00:00","breadcrumb":{"@id":"https:\/\/thedermacheck.com\/pl\/olejek-amala-w-produktach-do-pielegnacji-skory-naturalne-cudowne-lekarstwo\/#breadcrumb"},"inLanguage":"pl-PL","potentialAction":[{"@type":"ReadAction","target":["https:\/\/thedermacheck.com\/pl\/olejek-amala-w-produktach-do-pielegnacji-skory-naturalne-cudowne-lekarstwo\/"]}]},{"@type":"BreadcrumbList","@id":"https:\/\/thedermacheck.com\/pl\/olejek-amala-w-produktach-do-pielegnacji-skory-naturalne-cudowne-lekarstwo\/#breadcrumb","itemListElement":[{"@type":"ListItem","position":1,"name":"Derma Check","item":"https:\/\/thedermacheck.com\/pl\/"},{"@type":"ListItem","position":2,"name":"Olejek Amala w produktach do piel\u0119gnacji sk\u00f3ry: Naturalne cudowne lekarstwo"}]},{"@type":"WebSite","@id":"https:\/\/thedermacheck.com\/pl\/#website","url":"https:\/\/thedermacheck.com\/pl\/","name":"The Derma Check","description":"","publisher":{"@id":"https:\/\/thedermacheck.com\/pl\/#organization"},"potentialAction":[{"@type":"SearchAction","target":{"@type":"EntryPoint","urlTemplate":"https:\/\/thedermacheck.com\/pl\/?s={search_term_string}"},"query-input":{"@type":"PropertyValueSpecification","valueRequired":true,"valueName":"search_term_string"}}],"inLanguage":"pl-PL"},{"@type":"Organization","@id":"https:\/\/thedermacheck.com\/pl\/#organization","name":"The Derma Check","url":"https:\/\/thedermacheck.com\/pl\/","logo":{"@type":"ImageObject","inLanguage":"pl-PL","@id":"https:\/\/thedermacheck.com\/pl\/#\/schema\/logo\/image\/","url":"https:\/\/thedermacheck.com\/wp-content\/uploads\/2023\/10\/cropped-THE-DERMA-CHECK-FAVICON-NEW-1.png","contentUrl":"https:\/\/thedermacheck.com\/wp-content\/uploads\/2023\/10\/cropped-THE-DERMA-CHECK-FAVICON-NEW-1.png","width":512,"height":512,"caption":"The Derma Check"},"image":{"@id":"https:\/\/thedermacheck.com\/pl\/#\/schema\/logo\/image\/"}}]}},"_links":{"self":[{"href":"https:\/\/thedermacheck.com\/pl\/wp-json\/wp\/v2\/pages\/3620","targetHints":{"allow":["GET"]}}],"collection":[{"href":"https:\/\/thedermacheck.com\/pl\/wp-json\/wp\/v2\/pages"}],"about":[{"href":"https:\/\/thedermacheck.com\/pl\/wp-json\/wp\/v2\/types\/page"}],"author":[{"embeddable":true,"href":"https:\/\/thedermacheck.com\/pl\/wp-json\/wp\/v2\/users\/2"}],"replies":[{"embeddable":true,"href":"https:\/\/thedermacheck.com\/pl\/wp-json\/wp\/v2\/comments?post=3620"}],"version-history":[{"count":1,"href":"https:\/\/thedermacheck.com\/pl\/wp-json\/wp\/v2\/pages\/3620\/revisions"}],"predecessor-version":[{"id":3621,"href":"https:\/\/thedermacheck.com\/pl\/wp-json\/wp\/v2\/pages\/3620\/revisions\/3621"}],"wp:attachment":[{"href":"https:\/\/thedermacheck.com\/pl\/wp-json\/wp\/v2\/media?parent=3620"}],"wp:term":[{"taxonomy":"category","embeddable":true,"href":"https:\/\/thedermacheck.com\/pl\/wp-json\/wp\/v2\/categories?post=3620"},{"taxonomy":"post_tag","embeddable":true,"href":"https:\/\/thedermacheck.com\/pl\/wp-json\/wp\/v2\/tags?post=3620"}],"curies":[{"name":"wp","href":"https:\/\/api.w.org\/{rel}","templated":true}]}}