{"id":3628,"date":"2023-12-16T20:39:16","date_gmt":"2023-12-16T20:39:16","guid":{"rendered":"https:\/\/thedermacheck.com\/olej-z-pestek-moreli-w-produktach-do-pielegnacji-skory-ukryty-klejnot\/"},"modified":"2024-02-13T15:05:47","modified_gmt":"2024-02-13T15:05:47","slug":"olej-z-pestek-moreli-w-produktach-do-pielegnacji-skory-ukryty-klejnot","status":"publish","type":"page","link":"https:\/\/thedermacheck.com\/pl\/olej-z-pestek-moreli-w-produktach-do-pielegnacji-skory-ukryty-klejnot\/","title":{"rendered":"Olej z pestek moreli w produktach do piel\u0119gnacji sk\u00f3ry: Ukryty klejnot"},"content":{"rendered":"\n<h2 class=\"wp-block-heading\">OLEJ Z PESTEK MORELI<\/h2>\n\n<ul class=\"wp-block-list\">\n<li><strong>Rodzaj sk\u0142adnika:<\/strong> Naturalny olej<\/li>\n\n\n\n<li><strong>G\u0142\u00f3wne korzy\u015bci:<\/strong> Nawil\u017caj\u0105ce, przeciwstarzeniowe, delikatne dla sk\u00f3ry<\/li>\n\n\n\n<li><strong>Odpowiedni dla:<\/strong> Wszystkie rodzaje sk\u00f3ry, szczeg\u00f3lnie sk\u00f3ra sucha i wra\u017cliwa<\/li>\n\n\n\n<li><strong>Cz\u0119stotliwo\u015b\u0107 u\u017cytkowania:<\/strong> Codziennie lub w razie potrzeby<\/li>\n\n\n\n<li><strong>Mo\u017cna \u0142\u0105czy\u0107 z:<\/strong> Nawil\u017caczami i innymi olejkami<\/li>\n\n\n\n<li><strong>Nie stosowa\u0107 z:<\/strong> Produktami o wysokiej zawarto\u015bci alkoholu lub z alergiami na orzechy<\/li>\n<\/ul>\n\n<hr class=\"wp-block-separator has-alpha-channel-opacity\"\/>\n\n<h2 class=\"wp-block-heading\">Wprowadzenie do oleju z pestek moreli<\/h2>\n\n<p>Olej z pestek moreli, pozyskiwany z pestek moreli, jest ma\u0142o znanym, ale niezwykle skutecznym olejem w piel\u0119gnacji sk\u00f3ry. Bogaty w witaminy i niezb\u0119dne kwasy t\u0142uszczowe, olej ten oferuje wiele korzy\u015bci dla sk\u00f3ry.<\/p>\n\n<hr class=\"wp-block-separator has-alpha-channel-opacity\"\/>\n\n<h3 class=\"wp-block-heading\">Zalety oleju z pestek moreli<\/h3>\n\n<h4 class=\"wp-block-heading\">Bogaty w sk\u0142adniki od\u017cywcze<\/h4>\n\n<p>Olej z pestek moreli zawiera witaminy A i E oraz kwasy t\u0142uszczowe omega-6, kt\u00f3re od\u017cywiaj\u0105 i chroni\u0105 sk\u00f3r\u0119.<\/p>\n\n<h4 class=\"wp-block-heading\">Nawil\u017canie i dzia\u0142anie przeciwstarzeniowe<\/h4>\n\n<p>Dzi\u0119ki wysokiej zawarto\u015bci witamin E i A, olejek wspiera r\u00f3wnowag\u0119 nawil\u017cenia sk\u00f3ry i ma pozytywny wp\u0142yw na elastyczno\u015b\u0107 oraz pojawianie si\u0119 drobnych linii i zmarszczek.<\/p>\n\n<hr class=\"wp-block-separator has-alpha-channel-opacity\"\/>\n\n<h3 class=\"wp-block-heading\">Mo\u017cliwe skutki uboczne<\/h3>\n\n<p>Chocia\u017c olej z pestek moreli jest og\u00f3lnie uwa\u017cany za bezpieczny, osoby z alergi\u0105 na orzechy powinny zachowa\u0107 ostro\u017cno\u015b\u0107. W rzadkich przypadkach mog\u0105 wyst\u0105pi\u0107 reakcje sk\u00f3rne.<\/p>\n\n<hr class=\"wp-block-separator has-alpha-channel-opacity\"\/>\n\n<h3 class=\"wp-block-heading\">Zastosowanie oleju z pestek moreli<\/h3>\n\n<h4 class=\"wp-block-heading\">Bezpo\u015brednio na sk\u00f3r\u0119<\/h4>\n\n<p>Olej z pestek moreli mo\u017ce by\u0107 stosowany bezpo\u015brednio na sk\u00f3r\u0119, najlepiej po prysznicu, aby zatrzyma\u0107 wilgo\u0107.<\/p>\n\n<h4 class=\"wp-block-heading\">W po\u0142\u0105czeniu z innymi produktami<\/h4>\n\n<p>Dobrze \u0142\u0105czy si\u0119 z innymi produktami do piel\u0119gnacji sk\u00f3ry, takimi jak codzienny krem nawil\u017caj\u0105cy.<\/p>\n\n<hr class=\"wp-block-separator has-alpha-channel-opacity\"\/>\n\n<h3 class=\"wp-block-heading\">Jak nie u\u017cywa\u0107 oleju z pestek moreli?<\/h3>\n\n<ul class=\"wp-block-list\">\n<li><strong>Nie stosowa\u0107 w po\u0142\u0105czeniu z produktami zawieraj\u0105cymi du\u017ce ilo\u015bci alkoholu:<\/strong> Mo\u017ce to wysuszy\u0107 sk\u00f3r\u0119 i zmniejszy\u0107 korzy\u015bci p\u0142yn\u0105ce ze stosowania olejku.<\/li>\n\n\n\n<li><strong>Uwaga w przypadku alergii na orzechy:<\/strong> cho\u0107 rzadko, olej z pestek moreli mo\u017ce wywo\u0142ywa\u0107 reakcje alergiczne.<\/li>\n<\/ul>\n\n<hr class=\"wp-block-separator has-alpha-channel-opacity\"\/>\n\n<h3 class=\"wp-block-heading\">Najcz\u0119\u015bciej zadawane pytania dotycz\u0105ce oleju z pestek moreli<\/h3>\n\n<h4 class=\"wp-block-heading\">Czy olej z pestek moreli mo\u017ce pom\u00f3c na tr\u0105dzik?<\/h4>\n\n<p>Mo\u017ce pom\u00f3c ze wzgl\u0119du na swoje w\u0142a\u015bciwo\u015bci przeciwzapalne, ale nale\u017cy go stosowa\u0107 ostro\u017cnie w przypadku sk\u00f3ry t\u0142ustej.<\/p>\n\n<h4 class=\"wp-block-heading\">Czy olej z pestek moreli jest odpowiedni dla sk\u00f3ry wra\u017cliwej?<\/h4>\n\n<p>Tak, jest znany ze swojego delikatnego dzia\u0142ania i jest idealny dla sk\u00f3ry wra\u017cliwej.<\/p>\n\n<h4 class=\"wp-block-heading\">Czy olej z pestek moreli mo\u017ce zmniejszy\u0107 wypryski sk\u00f3rne?<\/h4>\n\n<p>Mo\u017ce pom\u00f3c ukoi\u0107 sk\u00f3r\u0119 i poprawi\u0107 wygl\u0105d wyprysk\u00f3w.<\/p>\n\n<hr class=\"wp-block-separator has-alpha-channel-opacity\"\/>\n\n<h2 class=\"wp-block-heading\">Wnioski<\/h2>\n\n<p>Olej z pestek moreli jest wszechstronnym i bogatym w sk\u0142adniki od\u017cywcze olejem, kt\u00f3ry oferuje szeroki zakres korzy\u015bci piel\u0119gnacyjnych. To doskona\u0142y wyb\u00f3r dla os\u00f3b poszukuj\u0105cych naturalnej, od\u017cywczej i delikatnej piel\u0119gnacji sk\u00f3ry. Dzi\u0119ki swoim w\u0142a\u015bciwo\u015bciom nawil\u017caj\u0105cym i przeciwdzia\u0142aj\u0105cym starzeniu si\u0119 sk\u00f3ry, olej z pestek moreli jest niezb\u0119dny w arsenale produkt\u00f3w do piel\u0119gnacji sk\u00f3ry.<\/p>\n","protected":false},"excerpt":{"rendered":"<p>OLEJ Z PESTEK MORELI Wprowadzenie do oleju z pestek moreli Olej z pestek moreli, pozyskiwany z pestek moreli, jest ma\u0142o znanym, ale niezwykle skutecznym olejem w piel\u0119gnacji sk\u00f3ry. Bogaty w witaminy i niezb\u0119dne kwasy t\u0142uszczowe, olej ten oferuje wiele korzy\u015bci dla sk\u00f3ry. Zalety oleju z pestek moreli Bogaty w sk\u0142adniki od\u017cywcze Olej z pestek moreli &#8230; <a title=\"Olej z pestek moreli w produktach do piel\u0119gnacji sk\u00f3ry: Ukryty klejnot\" class=\"read-more\" href=\"https:\/\/thedermacheck.com\/pl\/olej-z-pestek-moreli-w-produktach-do-pielegnacji-skory-ukryty-klejnot\/\" aria-label=\"Dowiedz si\u0119 wi\u0119cej o Olej z pestek moreli w produktach do piel\u0119gnacji sk\u00f3ry: Ukryty klejnot\">Mehr erfahren<\/a><\/p>\n","protected":false},"author":2,"featured_media":0,"parent":0,"menu_order":0,"comment_status":"closed","ping_status":"closed","template":"","meta":{"_acf_changed":false,"_lmt_disableupdate":"","_lmt_disable":"","footnotes":""},"categories":[42],"tags":[],"class_list":{"0":"post-3628","1":"page","2":"type-page","3":"status-publish","5":"category-skladniki"},"acf":[],"yoast_head":"<!-- This site is optimized with the Yoast SEO Premium plugin v25.7.1 (Yoast SEO v25.7) - https:\/\/yoast.com\/wordpress\/plugins\/seo\/ -->\n<title>Olej z pestek moreli w produktach do piel\u0119gnacji sk\u00f3ry: Ukryty klejnot | The Derma Check<\/title>\n<meta name=\"robots\" content=\"index, follow, max-snippet:-1, max-image-preview:large, max-video-preview:-1\" \/>\n<link rel=\"canonical\" href=\"https:\/\/thedermacheck.com\/pl\/olej-z-pestek-moreli-w-produktach-do-pielegnacji-skory-ukryty-klejnot\/\" \/>\n<meta property=\"og:locale\" content=\"pl_PL\" \/>\n<meta property=\"og:type\" content=\"article\" \/>\n<meta property=\"og:title\" content=\"Olej z pestek moreli w produktach do piel\u0119gnacji sk\u00f3ry: Ukryty klejnot\" \/>\n<meta property=\"og:description\" content=\"OLEJ Z PESTEK MORELI Wprowadzenie do oleju z pestek moreli Olej z pestek moreli, pozyskiwany z pestek moreli, jest ma\u0142o znanym, ale niezwykle skutecznym olejem w piel\u0119gnacji sk\u00f3ry. Bogaty w witaminy i niezb\u0119dne kwasy t\u0142uszczowe, olej ten oferuje wiele korzy\u015bci dla sk\u00f3ry. Zalety oleju z pestek moreli Bogaty w sk\u0142adniki od\u017cywcze Olej z pestek moreli ... Mehr erfahren\" \/>\n<meta property=\"og:url\" content=\"https:\/\/thedermacheck.com\/pl\/olej-z-pestek-moreli-w-produktach-do-pielegnacji-skory-ukryty-klejnot\/\" \/>\n<meta property=\"og:site_name\" content=\"The Derma Check\" \/>\n<meta property=\"article:modified_time\" content=\"2024-02-13T15:05:47+00:00\" \/>\n<meta name=\"twitter:card\" content=\"summary_large_image\" \/>\n<meta name=\"twitter:label1\" content=\"Szacowany czas czytania\" \/>\n\t<meta name=\"twitter:data1\" content=\"3 minuty\" \/>\n<script type=\"application\/ld+json\" class=\"yoast-schema-graph\">{\"@context\":\"https:\/\/schema.org\",\"@graph\":[{\"@type\":\"WebPage\",\"@id\":\"https:\/\/thedermacheck.com\/pl\/olej-z-pestek-moreli-w-produktach-do-pielegnacji-skory-ukryty-klejnot\/\",\"url\":\"https:\/\/thedermacheck.com\/pl\/olej-z-pestek-moreli-w-produktach-do-pielegnacji-skory-ukryty-klejnot\/\",\"name\":\"Olej z pestek moreli w produktach do piel\u0119gnacji sk\u00f3ry: Ukryty klejnot | The Derma Check\",\"isPartOf\":{\"@id\":\"https:\/\/thedermacheck.com\/pl\/#website\"},\"datePublished\":\"2023-12-16T20:39:16+00:00\",\"dateModified\":\"2024-02-13T15:05:47+00:00\",\"breadcrumb\":{\"@id\":\"https:\/\/thedermacheck.com\/pl\/olej-z-pestek-moreli-w-produktach-do-pielegnacji-skory-ukryty-klejnot\/#breadcrumb\"},\"inLanguage\":\"pl-PL\",\"potentialAction\":[{\"@type\":\"ReadAction\",\"target\":[\"https:\/\/thedermacheck.com\/pl\/olej-z-pestek-moreli-w-produktach-do-pielegnacji-skory-ukryty-klejnot\/\"]}]},{\"@type\":\"BreadcrumbList\",\"@id\":\"https:\/\/thedermacheck.com\/pl\/olej-z-pestek-moreli-w-produktach-do-pielegnacji-skory-ukryty-klejnot\/#breadcrumb\",\"itemListElement\":[{\"@type\":\"ListItem\",\"position\":1,\"name\":\"Derma Check\",\"item\":\"https:\/\/thedermacheck.com\/pl\/\"},{\"@type\":\"ListItem\",\"position\":2,\"name\":\"Olej z pestek moreli w produktach do piel\u0119gnacji sk\u00f3ry: Ukryty klejnot\"}]},{\"@type\":\"WebSite\",\"@id\":\"https:\/\/thedermacheck.com\/pl\/#website\",\"url\":\"https:\/\/thedermacheck.com\/pl\/\",\"name\":\"The Derma Check\",\"description\":\"\",\"publisher\":{\"@id\":\"https:\/\/thedermacheck.com\/pl\/#organization\"},\"potentialAction\":[{\"@type\":\"SearchAction\",\"target\":{\"@type\":\"EntryPoint\",\"urlTemplate\":\"https:\/\/thedermacheck.com\/pl\/?s={search_term_string}\"},\"query-input\":{\"@type\":\"PropertyValueSpecification\",\"valueRequired\":true,\"valueName\":\"search_term_string\"}}],\"inLanguage\":\"pl-PL\"},{\"@type\":\"Organization\",\"@id\":\"https:\/\/thedermacheck.com\/pl\/#organization\",\"name\":\"The Derma Check\",\"url\":\"https:\/\/thedermacheck.com\/pl\/\",\"logo\":{\"@type\":\"ImageObject\",\"inLanguage\":\"pl-PL\",\"@id\":\"https:\/\/thedermacheck.com\/pl\/#\/schema\/logo\/image\/\",\"url\":\"https:\/\/thedermacheck.com\/wp-content\/uploads\/2023\/10\/cropped-THE-DERMA-CHECK-FAVICON-NEW-1.png\",\"contentUrl\":\"https:\/\/thedermacheck.com\/wp-content\/uploads\/2023\/10\/cropped-THE-DERMA-CHECK-FAVICON-NEW-1.png\",\"width\":512,\"height\":512,\"caption\":\"The Derma Check\"},\"image\":{\"@id\":\"https:\/\/thedermacheck.com\/pl\/#\/schema\/logo\/image\/\"}}]}<\/script>\n<!-- \/ Yoast SEO Premium plugin. -->","yoast_head_json":{"title":"Olej z pestek moreli w produktach do piel\u0119gnacji sk\u00f3ry: Ukryty klejnot | The Derma Check","robots":{"index":"index","follow":"follow","max-snippet":"max-snippet:-1","max-image-preview":"max-image-preview:large","max-video-preview":"max-video-preview:-1"},"canonical":"https:\/\/thedermacheck.com\/pl\/olej-z-pestek-moreli-w-produktach-do-pielegnacji-skory-ukryty-klejnot\/","og_locale":"pl_PL","og_type":"article","og_title":"Olej z pestek moreli w produktach do piel\u0119gnacji sk\u00f3ry: Ukryty klejnot","og_description":"OLEJ Z PESTEK MORELI Wprowadzenie do oleju z pestek moreli Olej z pestek moreli, pozyskiwany z pestek moreli, jest ma\u0142o znanym, ale niezwykle skutecznym olejem w piel\u0119gnacji sk\u00f3ry. Bogaty w witaminy i niezb\u0119dne kwasy t\u0142uszczowe, olej ten oferuje wiele korzy\u015bci dla sk\u00f3ry. Zalety oleju z pestek moreli Bogaty w sk\u0142adniki od\u017cywcze Olej z pestek moreli ... Mehr erfahren","og_url":"https:\/\/thedermacheck.com\/pl\/olej-z-pestek-moreli-w-produktach-do-pielegnacji-skory-ukryty-klejnot\/","og_site_name":"The Derma Check","article_modified_time":"2024-02-13T15:05:47+00:00","twitter_card":"summary_large_image","twitter_misc":{"Szacowany czas czytania":"3 minuty"},"schema":{"@context":"https:\/\/schema.org","@graph":[{"@type":"WebPage","@id":"https:\/\/thedermacheck.com\/pl\/olej-z-pestek-moreli-w-produktach-do-pielegnacji-skory-ukryty-klejnot\/","url":"https:\/\/thedermacheck.com\/pl\/olej-z-pestek-moreli-w-produktach-do-pielegnacji-skory-ukryty-klejnot\/","name":"Olej z pestek moreli w produktach do piel\u0119gnacji sk\u00f3ry: Ukryty klejnot | The Derma Check","isPartOf":{"@id":"https:\/\/thedermacheck.com\/pl\/#website"},"datePublished":"2023-12-16T20:39:16+00:00","dateModified":"2024-02-13T15:05:47+00:00","breadcrumb":{"@id":"https:\/\/thedermacheck.com\/pl\/olej-z-pestek-moreli-w-produktach-do-pielegnacji-skory-ukryty-klejnot\/#breadcrumb"},"inLanguage":"pl-PL","potentialAction":[{"@type":"ReadAction","target":["https:\/\/thedermacheck.com\/pl\/olej-z-pestek-moreli-w-produktach-do-pielegnacji-skory-ukryty-klejnot\/"]}]},{"@type":"BreadcrumbList","@id":"https:\/\/thedermacheck.com\/pl\/olej-z-pestek-moreli-w-produktach-do-pielegnacji-skory-ukryty-klejnot\/#breadcrumb","itemListElement":[{"@type":"ListItem","position":1,"name":"Derma Check","item":"https:\/\/thedermacheck.com\/pl\/"},{"@type":"ListItem","position":2,"name":"Olej z pestek moreli w produktach do piel\u0119gnacji sk\u00f3ry: Ukryty klejnot"}]},{"@type":"WebSite","@id":"https:\/\/thedermacheck.com\/pl\/#website","url":"https:\/\/thedermacheck.com\/pl\/","name":"The Derma Check","description":"","publisher":{"@id":"https:\/\/thedermacheck.com\/pl\/#organization"},"potentialAction":[{"@type":"SearchAction","target":{"@type":"EntryPoint","urlTemplate":"https:\/\/thedermacheck.com\/pl\/?s={search_term_string}"},"query-input":{"@type":"PropertyValueSpecification","valueRequired":true,"valueName":"search_term_string"}}],"inLanguage":"pl-PL"},{"@type":"Organization","@id":"https:\/\/thedermacheck.com\/pl\/#organization","name":"The Derma Check","url":"https:\/\/thedermacheck.com\/pl\/","logo":{"@type":"ImageObject","inLanguage":"pl-PL","@id":"https:\/\/thedermacheck.com\/pl\/#\/schema\/logo\/image\/","url":"https:\/\/thedermacheck.com\/wp-content\/uploads\/2023\/10\/cropped-THE-DERMA-CHECK-FAVICON-NEW-1.png","contentUrl":"https:\/\/thedermacheck.com\/wp-content\/uploads\/2023\/10\/cropped-THE-DERMA-CHECK-FAVICON-NEW-1.png","width":512,"height":512,"caption":"The Derma Check"},"image":{"@id":"https:\/\/thedermacheck.com\/pl\/#\/schema\/logo\/image\/"}}]}},"_links":{"self":[{"href":"https:\/\/thedermacheck.com\/pl\/wp-json\/wp\/v2\/pages\/3628","targetHints":{"allow":["GET"]}}],"collection":[{"href":"https:\/\/thedermacheck.com\/pl\/wp-json\/wp\/v2\/pages"}],"about":[{"href":"https:\/\/thedermacheck.com\/pl\/wp-json\/wp\/v2\/types\/page"}],"author":[{"embeddable":true,"href":"https:\/\/thedermacheck.com\/pl\/wp-json\/wp\/v2\/users\/2"}],"replies":[{"embeddable":true,"href":"https:\/\/thedermacheck.com\/pl\/wp-json\/wp\/v2\/comments?post=3628"}],"version-history":[{"count":1,"href":"https:\/\/thedermacheck.com\/pl\/wp-json\/wp\/v2\/pages\/3628\/revisions"}],"predecessor-version":[{"id":3629,"href":"https:\/\/thedermacheck.com\/pl\/wp-json\/wp\/v2\/pages\/3628\/revisions\/3629"}],"wp:attachment":[{"href":"https:\/\/thedermacheck.com\/pl\/wp-json\/wp\/v2\/media?parent=3628"}],"wp:term":[{"taxonomy":"category","embeddable":true,"href":"https:\/\/thedermacheck.com\/pl\/wp-json\/wp\/v2\/categories?post=3628"},{"taxonomy":"post_tag","embeddable":true,"href":"https:\/\/thedermacheck.com\/pl\/wp-json\/wp\/v2\/tags?post=3628"}],"curies":[{"name":"wp","href":"https:\/\/api.w.org\/{rel}","templated":true}]}}