{"id":3656,"date":"2023-12-16T20:39:44","date_gmt":"2023-12-16T20:39:44","guid":{"rendered":"https:\/\/thedermacheck.com\/astaksantyna-w-produktach-do-pielegnacji-skory-silny-przeciwutleniacz\/"},"modified":"2024-02-13T15:06:02","modified_gmt":"2024-02-13T15:06:02","slug":"astaksantyna-w-produktach-do-pielegnacji-skory-silny-przeciwutleniacz","status":"publish","type":"page","link":"https:\/\/thedermacheck.com\/pl\/astaksantyna-w-produktach-do-pielegnacji-skory-silny-przeciwutleniacz\/","title":{"rendered":"Astaksantyna w produktach do piel\u0119gnacji sk\u00f3ry: Silny przeciwutleniacz"},"content":{"rendered":"\n<h2 class=\"wp-block-heading\">ASTAXANTHIN<\/h2>\n\n<ul class=\"wp-block-list\">\n<li><strong>Rodzaj sk\u0142adnika:<\/strong> Silny przeciwutleniacz<\/li>\n\n\n\n<li><strong>G\u0142\u00f3wne korzy\u015bci:<\/strong> Ochrona przed uszkodzeniami spowodowanymi promieniowaniem UV, dzia\u0142anie przeciwstarzeniowe, poprawa elastyczno\u015bci sk\u00f3ry<\/li>\n\n\n\n<li><strong>Dla kogo odpowiedni:<\/strong> Odpowiedni dla wszystkich rodzaj\u00f3w sk\u00f3ry, szczeg\u00f3lnie dla sk\u00f3ry dojrza\u0142ej i zniszczonej s\u0142o\u0144cem<\/li>\n\n\n\n<li>Cz\u0119stotliwo\u015b\u0107 stosowania: zgodnie z instrukcjami dotycz\u0105cymi produktu, cz\u0119sto codziennie<\/li>\n\n\n\n<li><strong>Mo\u017cna \u0142\u0105czy\u0107 z:<\/strong> Innymi przeciwutleniaj\u0105cymi produktami do piel\u0119gnacji sk\u00f3ry<\/li>\n\n\n\n<li><strong>Nie u\u017cywa\u0107 z:<\/strong> Produktami zawieraj\u0105cymi sk\u0142adniki dra\u017cni\u0105ce<\/li>\n<\/ul>\n\n<hr class=\"wp-block-separator has-alpha-channel-opacity\"\/>\n\n<h2 class=\"wp-block-heading\">Czym jest astaksantyna?<\/h2>\n\n<p>Astaksantyna jest silnym przeciwutleniaczem pozyskiwanym g\u0142\u00f3wnie z mikroalg. Znany ze swojego intensywnego czerwonego koloru, jest cz\u0119sto stosowany w akwakulturze do barwienia \u0142ososia, krewetek i innych owoc\u00f3w morza. Staje si\u0119 coraz wa\u017cniejszy w piel\u0119gnacji sk\u00f3ry ze wzgl\u0119du na swoje w\u0142a\u015bciwo\u015bci przeciwutleniaj\u0105ce, kt\u00f3re s\u0105 silniejsze ni\u017c witamina E i beta-karoten.<\/p>\n\n<hr class=\"wp-block-separator has-alpha-channel-opacity\"\/>\n\n<h3 class=\"wp-block-heading\">Korzy\u015bci astaksantyny dla sk\u00f3ry<\/h3>\n\n<h4 class=\"wp-block-heading\">Ochrona przed promieniami UV<\/h4>\n\n<p>Astaksantyna pomaga chroni\u0107 sk\u00f3r\u0119 przed szkodliwym dzia\u0142aniem promieni UV, zmniejszaj\u0105c stres oksydacyjny.<\/p>\n\n<h4 class=\"wp-block-heading\">Dzia\u0142anie przeciwstarzeniowe<\/h4>\n\n<p>Dzi\u0119ki dzia\u0142aniu przeciwutleniaj\u0105cemu astaksantyna pomaga zmniejszy\u0107 widoczne oznaki starzenia si\u0119 sk\u00f3ry, takie jak drobne linie i zmarszczki.<\/p>\n\n<h4 class=\"wp-block-heading\">Poprawa elastyczno\u015bci sk\u00f3ry<\/h4>\n\n<p>Wspiera elastyczno\u015b\u0107 sk\u00f3ry i promuje zdrow\u0105, promienn\u0105 cer\u0119.<\/p>\n\n<hr class=\"wp-block-separator has-alpha-channel-opacity\"\/>\n\n<h3 class=\"wp-block-heading\">Mo\u017cliwe skutki uboczne<\/h3>\n\n<p>Astaksantyna jest og\u00f3lnie dobrze tolerowana i jest bezpieczna dla wi\u0119kszo\u015bci rodzaj\u00f3w sk\u00f3ry. Reakcje alergiczne wyst\u0119puj\u0105 rzadko, ale podobnie jak w przypadku ka\u017cdego nowego produktu do piel\u0119gnacji sk\u00f3ry, przed u\u017cyciem nale\u017cy przeprowadzi\u0107 test p\u0142atkowy.<\/p>\n\n<hr class=\"wp-block-separator has-alpha-channel-opacity\"\/>\n\n<h3 class=\"wp-block-heading\">Stosowanie astaksantyny<\/h3>\n\n<h4 class=\"wp-block-heading\">W kremach i serum<\/h4>\n\n<p>Astaksantyna jest cz\u0119sto stosowana w serum, kremach i innych produktach do piel\u0119gnacji sk\u00f3ry. Mo\u017ce by\u0107 stosowany codziennie, aby czerpa\u0107 korzy\u015bci przeciwutleniaj\u0105ce.<\/p>\n\n<h4 class=\"wp-block-heading\">Po\u0142\u0105czenie z innymi produktami<\/h4>\n\n<p>Astaksantyna mo\u017ce by\u0107 \u0142\u0105czona z innymi sk\u0142adnikami przeciwutleniaj\u0105cymi, takimi jak witamina C lub E, w celu wzmocnienia mechanizm\u00f3w ochronnych sk\u00f3ry.<\/p>\n\n<hr class=\"wp-block-separator has-alpha-channel-opacity\"\/>\n\n<h3 class=\"wp-block-heading\">Jak nie stosowa\u0107 astaksantyny<\/h3>\n\n<ul class=\"wp-block-list\">\n<li><strong>Nie \u0142\u0105czy\u0107 ze sk\u0142adnikami dra\u017cni\u0105cymi:<\/strong> Po\u0142\u0105czenie z produktami zawieraj\u0105cymi substancje dra\u017cni\u0105ce mo\u017ce zwi\u0119kszy\u0107 wra\u017cliwo\u015b\u0107 sk\u00f3ry.<\/li>\n\n\n\n<li><strong>Nale\u017cy unika\u0107 przedawkowania:<\/strong> Nadmierne stosowanie mo\u017ce prowadzi\u0107 do nasycenia zdolno\u015bci antyoksydacyjnych sk\u00f3ry i niekoniecznie jest bardziej skuteczne.<\/li>\n<\/ul>\n\n<hr class=\"wp-block-separator has-alpha-channel-opacity\"\/>\n\n<h3 class=\"wp-block-heading\">Cz\u0119sto zadawane pytania na temat astaksantyny<\/h3>\n\n<h4 class=\"wp-block-heading\">Czy astaksantyna mo\u017ce poprawi\u0107 tr\u0105dzik?<\/h4>\n\n<p>Astaksantyna nie jest specjalnie znana w leczeniu tr\u0105dziku, ale mo\u017ce pom\u00f3c poprawi\u0107 wygl\u0105d sk\u00f3ry ze wzgl\u0119du na swoje w\u0142a\u015bciwo\u015bci przeciwzapalne.<\/p>\n\n<h4 class=\"wp-block-heading\">Czy astaksantyna jest bezpieczna dla sk\u00f3ry wra\u017cliwej?<\/h4>\n\n<p>Tak, astaksantyna jest og\u00f3lnie dobrze tolerowana i mo\u017ce by\u0107 stosowana przez osoby o wra\u017cliwej sk\u00f3rze.<\/p>\n\n<h4 class=\"wp-block-heading\">Czy sama astaksantyna mo\u017ce by\u0107 stosowana jako filtr przeciws\u0142oneczny?<\/h4>\n\n<p>Nie, astaksantyna nie jest substytutem ochrony przeciws\u0142onecznej z wysokim wsp\u00f3\u0142czynnikiem ochrony przeciws\u0142onecznej, ale suplementem chroni\u0105cym przed stresem oksydacyjnym.<\/p>\n\n<hr class=\"wp-block-separator has-alpha-channel-opacity\"\/>\n\n<h2 class=\"wp-block-heading\">Wnioski<\/h2>\n\n<p>Astaksantyna jest silnym przeciwutleniaczem, kt\u00f3ry zapewnia kompleksow\u0105 ochron\u0119 przed szkodliwym dzia\u0142aniem \u015brodowiska i zwalcza oznaki starzenia si\u0119 sk\u00f3ry. Jego liczne zalety sprawiaj\u0105, \u017ce jest cennym dodatkiem do rutynowej piel\u0119gnacji niemal ka\u017cdego rodzaju sk\u00f3ry. Jako cz\u0119\u015b\u0107 kompleksowego programu piel\u0119gnacji sk\u00f3ry, astaksantyna mo\u017ce pom\u00f3c w promowaniu bardziej m\u0142odzie\u0144czej, promiennej cery.<\/p>\n","protected":false},"excerpt":{"rendered":"<p>ASTAXANTHIN Czym jest astaksantyna? Astaksantyna jest silnym przeciwutleniaczem pozyskiwanym g\u0142\u00f3wnie z mikroalg. Znany ze swojego intensywnego czerwonego koloru, jest cz\u0119sto stosowany w akwakulturze do barwienia \u0142ososia, krewetek i innych owoc\u00f3w morza. Staje si\u0119 coraz wa\u017cniejszy w piel\u0119gnacji sk\u00f3ry ze wzgl\u0119du na swoje w\u0142a\u015bciwo\u015bci przeciwutleniaj\u0105ce, kt\u00f3re s\u0105 silniejsze ni\u017c witamina E i beta-karoten. Korzy\u015bci astaksantyny dla &#8230; <a title=\"Astaksantyna w produktach do piel\u0119gnacji sk\u00f3ry: Silny przeciwutleniacz\" class=\"read-more\" href=\"https:\/\/thedermacheck.com\/pl\/astaksantyna-w-produktach-do-pielegnacji-skory-silny-przeciwutleniacz\/\" aria-label=\"Dowiedz si\u0119 wi\u0119cej o Astaksantyna w produktach do piel\u0119gnacji sk\u00f3ry: Silny przeciwutleniacz\">Mehr erfahren<\/a><\/p>\n","protected":false},"author":2,"featured_media":0,"parent":0,"menu_order":0,"comment_status":"closed","ping_status":"closed","template":"","meta":{"_acf_changed":false,"_lmt_disableupdate":"","_lmt_disable":"","footnotes":""},"categories":[42],"tags":[],"class_list":{"0":"post-3656","1":"page","2":"type-page","3":"status-publish","5":"category-skladniki"},"acf":[],"yoast_head":"<!-- This site is optimized with the Yoast SEO Premium plugin v25.7.1 (Yoast SEO v25.7) - https:\/\/yoast.com\/wordpress\/plugins\/seo\/ -->\n<title>Astaksantyna w produktach do piel\u0119gnacji sk\u00f3ry: Silny przeciwutleniacz | The Derma Check<\/title>\n<meta name=\"robots\" content=\"index, follow, max-snippet:-1, max-image-preview:large, max-video-preview:-1\" \/>\n<link rel=\"canonical\" href=\"https:\/\/thedermacheck.com\/pl\/astaksantyna-w-produktach-do-pielegnacji-skory-silny-przeciwutleniacz\/\" \/>\n<meta property=\"og:locale\" content=\"pl_PL\" \/>\n<meta property=\"og:type\" content=\"article\" \/>\n<meta property=\"og:title\" content=\"Astaksantyna w produktach do piel\u0119gnacji sk\u00f3ry: Silny przeciwutleniacz\" \/>\n<meta property=\"og:description\" content=\"ASTAXANTHIN Czym jest astaksantyna? Astaksantyna jest silnym przeciwutleniaczem pozyskiwanym g\u0142\u00f3wnie z mikroalg. Znany ze swojego intensywnego czerwonego koloru, jest cz\u0119sto stosowany w akwakulturze do barwienia \u0142ososia, krewetek i innych owoc\u00f3w morza. Staje si\u0119 coraz wa\u017cniejszy w piel\u0119gnacji sk\u00f3ry ze wzgl\u0119du na swoje w\u0142a\u015bciwo\u015bci przeciwutleniaj\u0105ce, kt\u00f3re s\u0105 silniejsze ni\u017c witamina E i beta-karoten. Korzy\u015bci astaksantyny dla ... Mehr erfahren\" \/>\n<meta property=\"og:url\" content=\"https:\/\/thedermacheck.com\/pl\/astaksantyna-w-produktach-do-pielegnacji-skory-silny-przeciwutleniacz\/\" \/>\n<meta property=\"og:site_name\" content=\"The Derma Check\" \/>\n<meta property=\"article:modified_time\" content=\"2024-02-13T15:06:02+00:00\" \/>\n<meta name=\"twitter:card\" content=\"summary_large_image\" \/>\n<meta name=\"twitter:label1\" content=\"Szacowany czas czytania\" \/>\n\t<meta name=\"twitter:data1\" content=\"3 minuty\" \/>\n<script type=\"application\/ld+json\" class=\"yoast-schema-graph\">{\"@context\":\"https:\/\/schema.org\",\"@graph\":[{\"@type\":\"WebPage\",\"@id\":\"https:\/\/thedermacheck.com\/pl\/astaksantyna-w-produktach-do-pielegnacji-skory-silny-przeciwutleniacz\/\",\"url\":\"https:\/\/thedermacheck.com\/pl\/astaksantyna-w-produktach-do-pielegnacji-skory-silny-przeciwutleniacz\/\",\"name\":\"Astaksantyna w produktach do piel\u0119gnacji sk\u00f3ry: Silny przeciwutleniacz | The Derma Check\",\"isPartOf\":{\"@id\":\"https:\/\/thedermacheck.com\/pl\/#website\"},\"datePublished\":\"2023-12-16T20:39:44+00:00\",\"dateModified\":\"2024-02-13T15:06:02+00:00\",\"breadcrumb\":{\"@id\":\"https:\/\/thedermacheck.com\/pl\/astaksantyna-w-produktach-do-pielegnacji-skory-silny-przeciwutleniacz\/#breadcrumb\"},\"inLanguage\":\"pl-PL\",\"potentialAction\":[{\"@type\":\"ReadAction\",\"target\":[\"https:\/\/thedermacheck.com\/pl\/astaksantyna-w-produktach-do-pielegnacji-skory-silny-przeciwutleniacz\/\"]}]},{\"@type\":\"BreadcrumbList\",\"@id\":\"https:\/\/thedermacheck.com\/pl\/astaksantyna-w-produktach-do-pielegnacji-skory-silny-przeciwutleniacz\/#breadcrumb\",\"itemListElement\":[{\"@type\":\"ListItem\",\"position\":1,\"name\":\"Derma Check\",\"item\":\"https:\/\/thedermacheck.com\/pl\/\"},{\"@type\":\"ListItem\",\"position\":2,\"name\":\"Astaksantyna w produktach do piel\u0119gnacji sk\u00f3ry: Silny przeciwutleniacz\"}]},{\"@type\":\"WebSite\",\"@id\":\"https:\/\/thedermacheck.com\/pl\/#website\",\"url\":\"https:\/\/thedermacheck.com\/pl\/\",\"name\":\"The Derma Check\",\"description\":\"\",\"publisher\":{\"@id\":\"https:\/\/thedermacheck.com\/pl\/#organization\"},\"potentialAction\":[{\"@type\":\"SearchAction\",\"target\":{\"@type\":\"EntryPoint\",\"urlTemplate\":\"https:\/\/thedermacheck.com\/pl\/?s={search_term_string}\"},\"query-input\":{\"@type\":\"PropertyValueSpecification\",\"valueRequired\":true,\"valueName\":\"search_term_string\"}}],\"inLanguage\":\"pl-PL\"},{\"@type\":\"Organization\",\"@id\":\"https:\/\/thedermacheck.com\/pl\/#organization\",\"name\":\"The Derma Check\",\"url\":\"https:\/\/thedermacheck.com\/pl\/\",\"logo\":{\"@type\":\"ImageObject\",\"inLanguage\":\"pl-PL\",\"@id\":\"https:\/\/thedermacheck.com\/pl\/#\/schema\/logo\/image\/\",\"url\":\"https:\/\/thedermacheck.com\/wp-content\/uploads\/2023\/10\/cropped-THE-DERMA-CHECK-FAVICON-NEW-1.png\",\"contentUrl\":\"https:\/\/thedermacheck.com\/wp-content\/uploads\/2023\/10\/cropped-THE-DERMA-CHECK-FAVICON-NEW-1.png\",\"width\":512,\"height\":512,\"caption\":\"The Derma Check\"},\"image\":{\"@id\":\"https:\/\/thedermacheck.com\/pl\/#\/schema\/logo\/image\/\"}}]}<\/script>\n<!-- \/ Yoast SEO Premium plugin. -->","yoast_head_json":{"title":"Astaksantyna w produktach do piel\u0119gnacji sk\u00f3ry: Silny przeciwutleniacz | The Derma Check","robots":{"index":"index","follow":"follow","max-snippet":"max-snippet:-1","max-image-preview":"max-image-preview:large","max-video-preview":"max-video-preview:-1"},"canonical":"https:\/\/thedermacheck.com\/pl\/astaksantyna-w-produktach-do-pielegnacji-skory-silny-przeciwutleniacz\/","og_locale":"pl_PL","og_type":"article","og_title":"Astaksantyna w produktach do piel\u0119gnacji sk\u00f3ry: Silny przeciwutleniacz","og_description":"ASTAXANTHIN Czym jest astaksantyna? Astaksantyna jest silnym przeciwutleniaczem pozyskiwanym g\u0142\u00f3wnie z mikroalg. Znany ze swojego intensywnego czerwonego koloru, jest cz\u0119sto stosowany w akwakulturze do barwienia \u0142ososia, krewetek i innych owoc\u00f3w morza. Staje si\u0119 coraz wa\u017cniejszy w piel\u0119gnacji sk\u00f3ry ze wzgl\u0119du na swoje w\u0142a\u015bciwo\u015bci przeciwutleniaj\u0105ce, kt\u00f3re s\u0105 silniejsze ni\u017c witamina E i beta-karoten. Korzy\u015bci astaksantyny dla ... Mehr erfahren","og_url":"https:\/\/thedermacheck.com\/pl\/astaksantyna-w-produktach-do-pielegnacji-skory-silny-przeciwutleniacz\/","og_site_name":"The Derma Check","article_modified_time":"2024-02-13T15:06:02+00:00","twitter_card":"summary_large_image","twitter_misc":{"Szacowany czas czytania":"3 minuty"},"schema":{"@context":"https:\/\/schema.org","@graph":[{"@type":"WebPage","@id":"https:\/\/thedermacheck.com\/pl\/astaksantyna-w-produktach-do-pielegnacji-skory-silny-przeciwutleniacz\/","url":"https:\/\/thedermacheck.com\/pl\/astaksantyna-w-produktach-do-pielegnacji-skory-silny-przeciwutleniacz\/","name":"Astaksantyna w produktach do piel\u0119gnacji sk\u00f3ry: Silny przeciwutleniacz | The Derma Check","isPartOf":{"@id":"https:\/\/thedermacheck.com\/pl\/#website"},"datePublished":"2023-12-16T20:39:44+00:00","dateModified":"2024-02-13T15:06:02+00:00","breadcrumb":{"@id":"https:\/\/thedermacheck.com\/pl\/astaksantyna-w-produktach-do-pielegnacji-skory-silny-przeciwutleniacz\/#breadcrumb"},"inLanguage":"pl-PL","potentialAction":[{"@type":"ReadAction","target":["https:\/\/thedermacheck.com\/pl\/astaksantyna-w-produktach-do-pielegnacji-skory-silny-przeciwutleniacz\/"]}]},{"@type":"BreadcrumbList","@id":"https:\/\/thedermacheck.com\/pl\/astaksantyna-w-produktach-do-pielegnacji-skory-silny-przeciwutleniacz\/#breadcrumb","itemListElement":[{"@type":"ListItem","position":1,"name":"Derma Check","item":"https:\/\/thedermacheck.com\/pl\/"},{"@type":"ListItem","position":2,"name":"Astaksantyna w produktach do piel\u0119gnacji sk\u00f3ry: Silny przeciwutleniacz"}]},{"@type":"WebSite","@id":"https:\/\/thedermacheck.com\/pl\/#website","url":"https:\/\/thedermacheck.com\/pl\/","name":"The Derma Check","description":"","publisher":{"@id":"https:\/\/thedermacheck.com\/pl\/#organization"},"potentialAction":[{"@type":"SearchAction","target":{"@type":"EntryPoint","urlTemplate":"https:\/\/thedermacheck.com\/pl\/?s={search_term_string}"},"query-input":{"@type":"PropertyValueSpecification","valueRequired":true,"valueName":"search_term_string"}}],"inLanguage":"pl-PL"},{"@type":"Organization","@id":"https:\/\/thedermacheck.com\/pl\/#organization","name":"The Derma Check","url":"https:\/\/thedermacheck.com\/pl\/","logo":{"@type":"ImageObject","inLanguage":"pl-PL","@id":"https:\/\/thedermacheck.com\/pl\/#\/schema\/logo\/image\/","url":"https:\/\/thedermacheck.com\/wp-content\/uploads\/2023\/10\/cropped-THE-DERMA-CHECK-FAVICON-NEW-1.png","contentUrl":"https:\/\/thedermacheck.com\/wp-content\/uploads\/2023\/10\/cropped-THE-DERMA-CHECK-FAVICON-NEW-1.png","width":512,"height":512,"caption":"The Derma Check"},"image":{"@id":"https:\/\/thedermacheck.com\/pl\/#\/schema\/logo\/image\/"}}]}},"_links":{"self":[{"href":"https:\/\/thedermacheck.com\/pl\/wp-json\/wp\/v2\/pages\/3656","targetHints":{"allow":["GET"]}}],"collection":[{"href":"https:\/\/thedermacheck.com\/pl\/wp-json\/wp\/v2\/pages"}],"about":[{"href":"https:\/\/thedermacheck.com\/pl\/wp-json\/wp\/v2\/types\/page"}],"author":[{"embeddable":true,"href":"https:\/\/thedermacheck.com\/pl\/wp-json\/wp\/v2\/users\/2"}],"replies":[{"embeddable":true,"href":"https:\/\/thedermacheck.com\/pl\/wp-json\/wp\/v2\/comments?post=3656"}],"version-history":[{"count":1,"href":"https:\/\/thedermacheck.com\/pl\/wp-json\/wp\/v2\/pages\/3656\/revisions"}],"predecessor-version":[{"id":3657,"href":"https:\/\/thedermacheck.com\/pl\/wp-json\/wp\/v2\/pages\/3656\/revisions\/3657"}],"wp:attachment":[{"href":"https:\/\/thedermacheck.com\/pl\/wp-json\/wp\/v2\/media?parent=3656"}],"wp:term":[{"taxonomy":"category","embeddable":true,"href":"https:\/\/thedermacheck.com\/pl\/wp-json\/wp\/v2\/categories?post=3656"},{"taxonomy":"post_tag","embeddable":true,"href":"https:\/\/thedermacheck.com\/pl\/wp-json\/wp\/v2\/tags?post=3656"}],"curies":[{"name":"wp","href":"https:\/\/api.w.org\/{rel}","templated":true}]}}